{"id":2852,"date":"2023-01-16T18:35:17","date_gmt":"2023-01-16T18:35:17","guid":{"rendered":"https:\/\/unrostore.com\/?post_type=product&#038;p=2852"},"modified":"2026-01-19T20:37:52","modified_gmt":"2026-01-19T20:37:52","slug":"assiettes-a-dejeuner-bleu-amazonia-bleu-4-pieces","status":"publish","type":"product","link":"https:\/\/unrostore.com\/fr-fr\/boutique\/terrafina\/bleu-damazonie\/assiettes-a-dejeuner-bleu-amazonia-bleu-4-pieces\/","title":{"rendered":"Assiettes \u00e0 d\u00e9jeuner bleu Amazonia Blue - 4 pi\u00e8ces"},"content":{"rendered":"<h3>D\u00e9couvrez la polyvalence des assiettes \u00e0 d\u00e9jeuner bleu Amazonia Blue - 4 pi\u00e8ces<\/h3>\n<p>Avec la<strong> assiettes \u00e0 d\u00e9jeuner bleu Amazonia Blue<\/strong> ensemble de 4 assiettes de <a href=\"https:\/\/www.terrafinastore.com\/en\/collections\/amazonia\">Terrafina<\/a> chaque petit d\u00e9jeuner ou p\u00e2tisserie aura bon go\u00fbt, car ces assiettes bleues ont une taille id\u00e9ale, petite \u00e0 moyenne. Les assiettes sont fabriqu\u00e9es en c\u00e9ramique de haute qualit\u00e9, ce qui les rend non seulement durables et \u00e9l\u00e9gantes, mais aussi faciles \u00e0 entretenir. Les assiettes \u00e9tant fabriqu\u00e9es \u00e0 la main, chaque pi\u00e8ce est unique. Les assiettes \u00e0 g\u00e2teaux sont \u00e9galement id\u00e9ales pour le th\u00e9, le caf\u00e9 et les g\u00e2teaux, l'heure du caf\u00e9, le brunch et le d\u00e9jeuner. Amusantes, savoureuses et fonctionnelles ! D\u00e9couvrez \u00e9galement les assiettes \u00e0 g\u00e2teaux assorties <a href=\"https:\/\/unrostore.com\/fr-fr\/boutique\/terrafina\/bleu-damazonie\/amazonia-blue-kommen-2-delig\/\">bols Amazonia Blue - 4 pi\u00e8ces<\/a>.<\/p>\n<h3>C'est le nombre d'assiettes de petit-d\u00e9jeuner qui vous sont livr\u00e9es.<\/h3>\n<ul>\n<li><strong>4x <\/strong>Assiettes \u00e0 d\u00e9jeuner Amazonia Blue \u00f8 21 cm<\/li>\n<li><strong>1x<\/strong> Bo\u00eete cadeau Terrafina<\/li>\n<\/ul>\n<p><em><strong><br \/>\nDurable pour les personnes et l'environnement :<\/strong><br \/>\n<\/em><em>Chaque produit est unique car il est fabriqu\u00e9 \u00e0 la main.<br \/>\nL'impression et la texture peuvent donc diff\u00e9rer l\u00e9g\u00e8rement de la photo du produit.<\/em><\/p>","protected":false},"excerpt":{"rendered":"<div class=\"usps\"><i class=\"far fa-check-circle\"><\/i> R\u00e9sistant aux micro-ondes<br \/>\n<i class=\"far fa-check-circle\"><\/i> R\u00e9siste au four (jusqu'\u00e0 200 degr\u00e9s)<br \/>\n<i class=\"far fa-check-circle\"><\/i> Lavable au lave-vaisselle<br \/>\n<i class=\"far fa-thumbs-up\"><\/i> Fait \u00e0 la main<\/div>","protected":false},"featured_media":3353,"template":"","meta":[],"product_brand":[],"product_cat":[174,235,317,119],"product_tag":[175,177,688,286,581,687,689,239,141,690,242,289],"class_list":{"0":"post-2852","1":"product","2":"type-product","3":"status-publish","4":"has-post-thumbnail","6":"product_cat-amazonia-blue","7":"product_cat-borden","8":"product_cat-ontbijtborden","9":"product_cat-terrafina","10":"product_tag-amazonia-blue","11":"product_tag-blauw","12":"product_tag-blauwe-gebaksbordjes","13":"product_tag-bord","14":"product_tag-gebaksbordjes","15":"product_tag-gebaksbordjes-blauw","16":"product_tag-high-tea","17":"product_tag-klein-bord","18":"product_tag-kleine-borden","19":"product_tag-koffietijd","20":"product_tag-ontbijt","21":"product_tag-ontbijtborden","23":"first","24":"instock","25":"sale","26":"taxable","27":"shipping-taxable","28":"purchasable","29":"product-type-simple"},"yoast_head":"<!-- This site is optimized with the Yoast SEO plugin v27.4 - https:\/\/yoast.com\/product\/yoast-seo-wordpress\/ -->\n<title>Ontbijtborden Blauw Amazonia Blue - 4-delig &#8226; UNRO<\/title>\n<meta name=\"description\" content=\"Met de Ontbijtborden Blauw Amazonia Blue smaakt elk ontbijt goed. Ook zijn de borden van ideaal om jouw hapjes of lunch op te serveren, ontdek het nu!\" \/>\n<meta name=\"robots\" content=\"index, follow, max-snippet:-1, max-image-preview:large, max-video-preview:-1\" \/>\n<link rel=\"canonical\" href=\"https:\/\/unrostore.com\/fr-fr\/boutique\/terrafina\/bleu-damazonie\/assiettes-a-dejeuner-bleu-amazonia-bleu-4-pieces\/\" \/>\n<meta property=\"og:locale\" content=\"fr_FR\" \/>\n<meta property=\"og:type\" content=\"article\" \/>\n<meta property=\"og:title\" content=\"Ontbijtborden Blauw Amazonia Blue - 4-delig &#8226; UNRO\" \/>\n<meta property=\"og:description\" content=\"Met de Ontbijtborden Blauw Amazonia Blue smaakt elk ontbijt goed. Ook zijn de borden van ideaal om jouw hapjes of lunch op te serveren, ontdek het nu!\" \/>\n<meta property=\"og:url\" content=\"https:\/\/unrostore.com\/fr-fr\/boutique\/terrafina\/bleu-damazonie\/assiettes-a-dejeuner-bleu-amazonia-bleu-4-pieces\/\" \/>\n<meta property=\"og:site_name\" content=\"UNRO\" \/>\n<meta property=\"article:modified_time\" content=\"2026-01-19T20:37:52+00:00\" \/>\n<meta property=\"og:image\" content=\"https:\/\/unrostore.com\/wp-content\/uploads\/2023\/01\/unro-portugees-servies-amazonia-blue-ontbijtborden-4-delig.jpg\" \/>\n\t<meta property=\"og:image:width\" content=\"1440\" \/>\n\t<meta property=\"og:image:height\" content=\"1440\" \/>\n\t<meta property=\"og:image:type\" content=\"image\/jpeg\" \/>\n<meta name=\"twitter:card\" content=\"summary_large_image\" \/>\n<script type=\"application\/ld+json\" class=\"yoast-schema-graph\">{\"@context\":\"https:\\\/\\\/schema.org\",\"@graph\":[{\"@type\":\"WebPage\",\"@id\":\"https:\\\/\\\/unrostore.com\\\/shop\\\/terrafina\\\/amazonia-blue\\\/ontbijtborden-blauw-amazonia-blue-4-delig\\\/\",\"url\":\"https:\\\/\\\/unrostore.com\\\/shop\\\/terrafina\\\/amazonia-blue\\\/ontbijtborden-blauw-amazonia-blue-4-delig\\\/\",\"name\":\"Ontbijtborden Blauw Amazonia Blue - 4-delig &#8226; UNRO\",\"isPartOf\":{\"@id\":\"https:\\\/\\\/unrostore.com\\\/#website\"},\"primaryImageOfPage\":{\"@id\":\"https:\\\/\\\/unrostore.com\\\/shop\\\/terrafina\\\/amazonia-blue\\\/ontbijtborden-blauw-amazonia-blue-4-delig\\\/#primaryimage\"},\"image\":{\"@id\":\"https:\\\/\\\/unrostore.com\\\/shop\\\/terrafina\\\/amazonia-blue\\\/ontbijtborden-blauw-amazonia-blue-4-delig\\\/#primaryimage\"},\"thumbnailUrl\":\"https:\\\/\\\/unrostore.com\\\/wp-content\\\/uploads\\\/2023\\\/01\\\/unro-portugees-servies-amazonia-blue-ontbijtborden-4-delig.jpg\",\"datePublished\":\"2023-01-16T18:35:17+00:00\",\"dateModified\":\"2026-01-19T20:37:52+00:00\",\"description\":\"Met de Ontbijtborden Blauw Amazonia Blue smaakt elk ontbijt goed. Ook zijn de borden van ideaal om jouw hapjes of lunch op te serveren, ontdek het nu!\",\"breadcrumb\":{\"@id\":\"https:\\\/\\\/unrostore.com\\\/shop\\\/terrafina\\\/amazonia-blue\\\/ontbijtborden-blauw-amazonia-blue-4-delig\\\/#breadcrumb\"},\"inLanguage\":\"fr-FR\",\"potentialAction\":[{\"@type\":\"ReadAction\",\"target\":[\"https:\\\/\\\/unrostore.com\\\/shop\\\/terrafina\\\/amazonia-blue\\\/ontbijtborden-blauw-amazonia-blue-4-delig\\\/\"]}]},{\"@type\":\"ImageObject\",\"inLanguage\":\"fr-FR\",\"@id\":\"https:\\\/\\\/unrostore.com\\\/shop\\\/terrafina\\\/amazonia-blue\\\/ontbijtborden-blauw-amazonia-blue-4-delig\\\/#primaryimage\",\"url\":\"https:\\\/\\\/unrostore.com\\\/wp-content\\\/uploads\\\/2023\\\/01\\\/unro-portugees-servies-amazonia-blue-ontbijtborden-4-delig.jpg\",\"contentUrl\":\"https:\\\/\\\/unrostore.com\\\/wp-content\\\/uploads\\\/2023\\\/01\\\/unro-portugees-servies-amazonia-blue-ontbijtborden-4-delig.jpg\",\"width\":1440,\"height\":1440,\"caption\":\"Amazonia Blue Ontbijtborden - 4-delig Portugees Keramiek Servies exclusief bij UNRO.\"},{\"@type\":\"BreadcrumbList\",\"@id\":\"https:\\\/\\\/unrostore.com\\\/shop\\\/terrafina\\\/amazonia-blue\\\/ontbijtborden-blauw-amazonia-blue-4-delig\\\/#breadcrumb\",\"itemListElement\":[{\"@type\":\"ListItem\",\"position\":1,\"name\":\"Home\",\"item\":\"https:\\\/\\\/unrostore.com\\\/\"},{\"@type\":\"ListItem\",\"position\":2,\"name\":\"Shop\",\"item\":\"https:\\\/\\\/unrostore.com\\\/shop\\\/\"},{\"@type\":\"ListItem\",\"position\":3,\"name\":\"Ontbijtborden Blauw Amazonia Blue &#8211; 4-delig\"}]},{\"@type\":\"WebSite\",\"@id\":\"https:\\\/\\\/unrostore.com\\\/#website\",\"url\":\"https:\\\/\\\/unrostore.com\\\/\",\"name\":\"UNRO\",\"description\":\"Portugees servies waar je blij van wordt!\",\"publisher\":{\"@id\":\"https:\\\/\\\/unrostore.com\\\/#organization\"},\"potentialAction\":[{\"@type\":\"SearchAction\",\"target\":{\"@type\":\"EntryPoint\",\"urlTemplate\":\"https:\\\/\\\/unrostore.com\\\/?s={search_term_string}\"},\"query-input\":{\"@type\":\"PropertyValueSpecification\",\"valueRequired\":true,\"valueName\":\"search_term_string\"}}],\"inLanguage\":\"fr-FR\"},{\"@type\":\"Organization\",\"@id\":\"https:\\\/\\\/unrostore.com\\\/#organization\",\"name\":\"UNRO\",\"url\":\"https:\\\/\\\/unrostore.com\\\/\",\"logo\":{\"@type\":\"ImageObject\",\"inLanguage\":\"fr-FR\",\"@id\":\"https:\\\/\\\/unrostore.com\\\/#\\\/schema\\\/logo\\\/image\\\/\",\"url\":\"https:\\\/\\\/unrostore.com\\\/wp-content\\\/uploads\\\/2022\\\/05\\\/Logo-UNRO.png\",\"contentUrl\":\"https:\\\/\\\/unrostore.com\\\/wp-content\\\/uploads\\\/2022\\\/05\\\/Logo-UNRO.png\",\"width\":605,\"height\":179,\"caption\":\"UNRO\"},\"image\":{\"@id\":\"https:\\\/\\\/unrostore.com\\\/#\\\/schema\\\/logo\\\/image\\\/\"}}]}<\/script>\n<!-- \/ Yoast SEO plugin. -->","yoast_head_json":{"title":"Assiettes \u00e0 d\u00e9jeuner Bleu Amazonie - 4 pi\u00e8ces - UNRO","description":"Avec les assiettes \u00e0 d\u00e9jeuner Bleu Amazonia, chaque petit d\u00e9jeuner a du go\u00fbt. Les assiettes sont \u00e9galement id\u00e9ales pour servir vos en-cas ou vos d\u00e9jeuners, d\u00e9couvrez-les d\u00e8s maintenant !","robots":{"index":"index","follow":"follow","max-snippet":"max-snippet:-1","max-image-preview":"max-image-preview:large","max-video-preview":"max-video-preview:-1"},"canonical":"https:\/\/unrostore.com\/fr-fr\/boutique\/terrafina\/bleu-damazonie\/assiettes-a-dejeuner-bleu-amazonia-bleu-4-pieces\/","og_locale":"fr_FR","og_type":"article","og_title":"Ontbijtborden Blauw Amazonia Blue - 4-delig &#8226; UNRO","og_description":"Met de Ontbijtborden Blauw Amazonia Blue smaakt elk ontbijt goed. Ook zijn de borden van ideaal om jouw hapjes of lunch op te serveren, ontdek het nu!","og_url":"https:\/\/unrostore.com\/fr-fr\/boutique\/terrafina\/bleu-damazonie\/assiettes-a-dejeuner-bleu-amazonia-bleu-4-pieces\/","og_site_name":"UNRO","article_modified_time":"2026-01-19T20:37:52+00:00","og_image":[{"width":1440,"height":1440,"url":"https:\/\/unrostore.com\/wp-content\/uploads\/2023\/01\/unro-portugees-servies-amazonia-blue-ontbijtborden-4-delig.jpg","type":"image\/jpeg"}],"twitter_card":"summary_large_image","schema":{"@context":"https:\/\/schema.org","@graph":[{"@type":"WebPage","@id":"https:\/\/unrostore.com\/shop\/terrafina\/amazonia-blue\/ontbijtborden-blauw-amazonia-blue-4-delig\/","url":"https:\/\/unrostore.com\/shop\/terrafina\/amazonia-blue\/ontbijtborden-blauw-amazonia-blue-4-delig\/","name":"Assiettes \u00e0 d\u00e9jeuner Bleu Amazonie - 4 pi\u00e8ces - UNRO","isPartOf":{"@id":"https:\/\/unrostore.com\/#website"},"primaryImageOfPage":{"@id":"https:\/\/unrostore.com\/shop\/terrafina\/amazonia-blue\/ontbijtborden-blauw-amazonia-blue-4-delig\/#primaryimage"},"image":{"@id":"https:\/\/unrostore.com\/shop\/terrafina\/amazonia-blue\/ontbijtborden-blauw-amazonia-blue-4-delig\/#primaryimage"},"thumbnailUrl":"https:\/\/unrostore.com\/wp-content\/uploads\/2023\/01\/unro-portugees-servies-amazonia-blue-ontbijtborden-4-delig.jpg","datePublished":"2023-01-16T18:35:17+00:00","dateModified":"2026-01-19T20:37:52+00:00","description":"Avec les assiettes \u00e0 d\u00e9jeuner Bleu Amazonia, chaque petit d\u00e9jeuner a du go\u00fbt. Les assiettes sont \u00e9galement id\u00e9ales pour servir vos en-cas ou vos d\u00e9jeuners, d\u00e9couvrez-les d\u00e8s maintenant !","breadcrumb":{"@id":"https:\/\/unrostore.com\/shop\/terrafina\/amazonia-blue\/ontbijtborden-blauw-amazonia-blue-4-delig\/#breadcrumb"},"inLanguage":"fr-FR","potentialAction":[{"@type":"ReadAction","target":["https:\/\/unrostore.com\/shop\/terrafina\/amazonia-blue\/ontbijtborden-blauw-amazonia-blue-4-delig\/"]}]},{"@type":"ImageObject","inLanguage":"fr-FR","@id":"https:\/\/unrostore.com\/shop\/terrafina\/amazonia-blue\/ontbijtborden-blauw-amazonia-blue-4-delig\/#primaryimage","url":"https:\/\/unrostore.com\/wp-content\/uploads\/2023\/01\/unro-portugees-servies-amazonia-blue-ontbijtborden-4-delig.jpg","contentUrl":"https:\/\/unrostore.com\/wp-content\/uploads\/2023\/01\/unro-portugees-servies-amazonia-blue-ontbijtborden-4-delig.jpg","width":1440,"height":1440,"caption":"Amazonia Blue Ontbijtborden - 4-delig Portugees Keramiek Servies exclusief bij UNRO."},{"@type":"BreadcrumbList","@id":"https:\/\/unrostore.com\/shop\/terrafina\/amazonia-blue\/ontbijtborden-blauw-amazonia-blue-4-delig\/#breadcrumb","itemListElement":[{"@type":"ListItem","position":1,"name":"Home","item":"https:\/\/unrostore.com\/"},{"@type":"ListItem","position":2,"name":"Shop","item":"https:\/\/unrostore.com\/shop\/"},{"@type":"ListItem","position":3,"name":"Ontbijtborden Blauw Amazonia Blue &#8211; 4-delig"}]},{"@type":"WebSite","@id":"https:\/\/unrostore.com\/#website","url":"https:\/\/unrostore.com\/","name":"UNRO","description":"De la vaisselle portugaise qui vous rendra heureux !","publisher":{"@id":"https:\/\/unrostore.com\/#organization"},"potentialAction":[{"@type":"SearchAction","target":{"@type":"EntryPoint","urlTemplate":"https:\/\/unrostore.com\/?s={search_term_string}"},"query-input":{"@type":"PropertyValueSpecification","valueRequired":true,"valueName":"search_term_string"}}],"inLanguage":"fr-FR"},{"@type":"Organization","@id":"https:\/\/unrostore.com\/#organization","name":"UNRO","url":"https:\/\/unrostore.com\/","logo":{"@type":"ImageObject","inLanguage":"fr-FR","@id":"https:\/\/unrostore.com\/#\/schema\/logo\/image\/","url":"https:\/\/unrostore.com\/wp-content\/uploads\/2022\/05\/Logo-UNRO.png","contentUrl":"https:\/\/unrostore.com\/wp-content\/uploads\/2022\/05\/Logo-UNRO.png","width":605,"height":179,"caption":"UNRO"},"image":{"@id":"https:\/\/unrostore.com\/#\/schema\/logo\/image\/"}}]}},"_links":{"self":[{"href":"https:\/\/unrostore.com\/fr-fr\/wp-json\/wp\/v2\/product\/2852","targetHints":{"allow":["GET"]}}],"collection":[{"href":"https:\/\/unrostore.com\/fr-fr\/wp-json\/wp\/v2\/product"}],"about":[{"href":"https:\/\/unrostore.com\/fr-fr\/wp-json\/wp\/v2\/types\/product"}],"wp:featuredmedia":[{"embeddable":true,"href":"https:\/\/unrostore.com\/fr-fr\/wp-json\/wp\/v2\/media\/3353"}],"wp:attachment":[{"href":"https:\/\/unrostore.com\/fr-fr\/wp-json\/wp\/v2\/media?parent=2852"}],"wp:term":[{"taxonomy":"product_brand","embeddable":true,"href":"https:\/\/unrostore.com\/fr-fr\/wp-json\/wp\/v2\/product_brand?post=2852"},{"taxonomy":"product_cat","embeddable":true,"href":"https:\/\/unrostore.com\/fr-fr\/wp-json\/wp\/v2\/product_cat?post=2852"},{"taxonomy":"product_tag","embeddable":true,"href":"https:\/\/unrostore.com\/fr-fr\/wp-json\/wp\/v2\/product_tag?post=2852"}],"curies":[{"name":"wp","href":"https:\/\/api.w.org\/{rel}","templated":true}]}}