{"id":2846,"date":"2023-01-16T18:15:35","date_gmt":"2023-01-16T18:15:35","guid":{"rendered":"https:\/\/unrostore.com\/?post_type=product&#038;p=2846"},"modified":"2026-01-19T20:37:52","modified_gmt":"2026-01-19T20:37:52","slug":"assiettes-bleues-amazonia-blue-4-pieces","status":"publish","type":"product","link":"https:\/\/unrostore.com\/fr-fr\/boutique\/terrafina\/bleu-damazonie\/assiettes-bleues-amazonia-blue-4-pieces\/","title":{"rendered":"Assiettes plates bleues Amazonia Blue - 4 pi\u00e8ces"},"content":{"rendered":"<h3>Droom weg met de Blauwe Dinerborden Amazonia Blue\u00a0\u2013 4-delig van Terrafina<\/h3>\n<p>Le <strong>assiettes plates Amazonia Blue<\/strong> ensemble de 4 \u00e0 partir de <a href=\"https:\/\/www.terrafinastore.com\/en\/collections\/amazonia\">Terrafina<\/a> du Portugal sont le compl\u00e9ment parfait de votre table. Fabriqu\u00e9es en c\u00e9ramique de haute qualit\u00e9, ces assiettes sont durables, \u00e9l\u00e9gantes et faciles \u00e0 entretenir. Elles pr\u00e9sentent une magnifique gla\u00e7ure bleue, qui leur conf\u00e8re un aspect unique et \u00e9l\u00e9gant. Ces assiettes, qui conviennent aussi bien aux plats chauds qu'aux plats froids, peuvent \u00eatre lav\u00e9es au lave-vaisselle. Impressionnez vos invit\u00e9s lors de vos d\u00eeners avec nos magnifiques assiettes en c\u00e9ramique bleue du Portugal. D\u00e9couvrez \u00e9galement les assiettes assorties <a href=\"https:\/\/unrostore.com\/fr-fr\/boutique\/terrafina\/bleu-damazonie\/amazonia-blue-ontbijtborden-4-delig\/\">Amazonia Blue Ontbijtborden \u2013 4-delig<\/a>, ou les <a href=\"https:\/\/unrostore.com\/fr-fr\/boutique\/terrafina\/bleu-damazonie\/amazonia-blue-kommen-2-delig\/\">Amazonia Blue Kommen \u2013 2-delig<\/a> Et compl\u00e9tez votre set !<\/p>\n<h3>C'est le nombre d'assiettes \u00e0 d\u00eener qui vous sont livr\u00e9es :<\/h3>\n<ul>\n<li><strong>4x <\/strong>Assiettes plates bleu amazone \u00f8 29 cm<\/li>\n<li><strong>1x<\/strong> Bo\u00eete cadeau Terrafina<\/li>\n<\/ul>\n<p><em><strong><br \/>\nDuurzaam voor mens & milieu:<\/strong><br \/>\n<\/em><em>Chaque produit est unique car il est fabriqu\u00e9 \u00e0 la main.<br \/>\nL'impression et la texture peuvent donc diff\u00e9rer l\u00e9g\u00e8rement de la photo du produit.<\/em><\/p>","protected":false},"excerpt":{"rendered":"<div class=\"usps\"><i class=\"far fa-check-circle\"><\/i> R\u00e9sistant aux micro-ondes<br \/>\n<i class=\"far fa-check-circle\"><\/i> R\u00e9siste au four (jusqu'\u00e0 200 degr\u00e9s)<br \/>\n<i class=\"far fa-check-circle\"><\/i> Lavable au lave-vaisselle<br \/>\n<i class=\"far fa-thumbs-up\"><\/i> Fait \u00e0 la main<\/div>","protected":false},"featured_media":3359,"template":"","meta":[],"product_brand":[],"product_cat":[174,235,318,119],"product_tag":[147,177,685,176,129,686,233,284,237,238],"class_list":{"0":"post-2846","1":"product","2":"type-product","3":"status-publish","4":"has-post-thumbnail","6":"product_cat-amazonia-blue","7":"product_cat-borden","8":"product_cat-dinerborden","9":"product_cat-terrafina","10":"product_tag-amazonia","11":"product_tag-blauw","12":"product_tag-blauwe-dinerborden","13":"product_tag-blue","14":"product_tag-borden","15":"product_tag-borden-set","16":"product_tag-creme","17":"product_tag-dinerborden","18":"product_tag-groot-bord","19":"product_tag-grote-borden","21":"first","22":"outofstock","23":"sale","24":"taxable","25":"shipping-taxable","26":"purchasable","27":"product-type-simple"},"yoast_head":"<!-- This site is optimized with the Yoast SEO plugin v27.6 - https:\/\/yoast.com\/product\/yoast-seo-wordpress\/ -->\n<title>Blauwe Dinerborden Amazonia Blue - 4-delig &#8226; UNRO<\/title>\n<meta name=\"description\" content=\"Terrafina&#039;s Blauwe Dinerborden Amazonia Blue uit Portugal zijn gemaakt van hoogwaardige keramiek en zijn duurzaam, stijlvol en makkelijk te onderhouden!\" \/>\n<meta name=\"robots\" content=\"index, follow, max-snippet:-1, max-image-preview:large, max-video-preview:-1\" \/>\n<link rel=\"canonical\" href=\"https:\/\/unrostore.com\/fr-fr\/boutique\/terrafina\/bleu-damazonie\/assiettes-bleues-amazonia-blue-4-pieces\/\" \/>\n<meta property=\"og:locale\" content=\"fr_FR\" \/>\n<meta property=\"og:type\" content=\"article\" \/>\n<meta property=\"og:title\" content=\"Blauwe Dinerborden Amazonia Blue - 4-delig &#8226; UNRO\" \/>\n<meta property=\"og:description\" content=\"Terrafina&#039;s Blauwe Dinerborden Amazonia Blue uit Portugal zijn gemaakt van hoogwaardige keramiek en zijn duurzaam, stijlvol en makkelijk te onderhouden!\" \/>\n<meta property=\"og:url\" content=\"https:\/\/unrostore.com\/fr-fr\/boutique\/terrafina\/bleu-damazonie\/assiettes-bleues-amazonia-blue-4-pieces\/\" \/>\n<meta property=\"og:site_name\" content=\"UNRO\" \/>\n<meta property=\"article:modified_time\" content=\"2026-01-19T20:37:52+00:00\" \/>\n<meta property=\"og:image\" content=\"https:\/\/unrostore.com\/wp-content\/uploads\/2023\/01\/unro-portugees-servies-amazonia-blue-dinerborden-4-delig.jpg\" \/>\n\t<meta property=\"og:image:width\" content=\"1440\" \/>\n\t<meta property=\"og:image:height\" content=\"1440\" \/>\n\t<meta property=\"og:image:type\" content=\"image\/jpeg\" \/>\n<meta name=\"twitter:card\" content=\"summary_large_image\" \/>\n<script type=\"application\/ld+json\" class=\"yoast-schema-graph\">{\"@context\":\"https:\\\/\\\/schema.org\",\"@graph\":[{\"@type\":\"WebPage\",\"@id\":\"https:\\\/\\\/unrostore.com\\\/shop\\\/terrafina\\\/amazonia-blue\\\/blauwe-dinerborden-amazonia-blue-4-delig\\\/\",\"url\":\"https:\\\/\\\/unrostore.com\\\/shop\\\/terrafina\\\/amazonia-blue\\\/blauwe-dinerborden-amazonia-blue-4-delig\\\/\",\"name\":\"Blauwe Dinerborden Amazonia Blue - 4-delig &#8226; UNRO\",\"isPartOf\":{\"@id\":\"https:\\\/\\\/unrostore.com\\\/#website\"},\"primaryImageOfPage\":{\"@id\":\"https:\\\/\\\/unrostore.com\\\/shop\\\/terrafina\\\/amazonia-blue\\\/blauwe-dinerborden-amazonia-blue-4-delig\\\/#primaryimage\"},\"image\":{\"@id\":\"https:\\\/\\\/unrostore.com\\\/shop\\\/terrafina\\\/amazonia-blue\\\/blauwe-dinerborden-amazonia-blue-4-delig\\\/#primaryimage\"},\"thumbnailUrl\":\"https:\\\/\\\/unrostore.com\\\/wp-content\\\/uploads\\\/2023\\\/01\\\/unro-portugees-servies-amazonia-blue-dinerborden-4-delig.jpg\",\"datePublished\":\"2023-01-16T18:15:35+00:00\",\"dateModified\":\"2026-01-19T20:37:52+00:00\",\"description\":\"Terrafina's Blauwe Dinerborden Amazonia Blue uit Portugal zijn gemaakt van hoogwaardige keramiek en zijn duurzaam, stijlvol en makkelijk te onderhouden!\",\"breadcrumb\":{\"@id\":\"https:\\\/\\\/unrostore.com\\\/shop\\\/terrafina\\\/amazonia-blue\\\/blauwe-dinerborden-amazonia-blue-4-delig\\\/#breadcrumb\"},\"inLanguage\":\"fr-FR\",\"potentialAction\":[{\"@type\":\"ReadAction\",\"target\":[\"https:\\\/\\\/unrostore.com\\\/shop\\\/terrafina\\\/amazonia-blue\\\/blauwe-dinerborden-amazonia-blue-4-delig\\\/\"]}]},{\"@type\":\"ImageObject\",\"inLanguage\":\"fr-FR\",\"@id\":\"https:\\\/\\\/unrostore.com\\\/shop\\\/terrafina\\\/amazonia-blue\\\/blauwe-dinerborden-amazonia-blue-4-delig\\\/#primaryimage\",\"url\":\"https:\\\/\\\/unrostore.com\\\/wp-content\\\/uploads\\\/2023\\\/01\\\/unro-portugees-servies-amazonia-blue-dinerborden-4-delig.jpg\",\"contentUrl\":\"https:\\\/\\\/unrostore.com\\\/wp-content\\\/uploads\\\/2023\\\/01\\\/unro-portugees-servies-amazonia-blue-dinerborden-4-delig.jpg\",\"width\":1440,\"height\":1440,\"caption\":\"Blauwe Dinerborden - Amazonia Blue - handgemaakt Keramiek - Blauw Portugees Servies\"},{\"@type\":\"BreadcrumbList\",\"@id\":\"https:\\\/\\\/unrostore.com\\\/shop\\\/terrafina\\\/amazonia-blue\\\/blauwe-dinerborden-amazonia-blue-4-delig\\\/#breadcrumb\",\"itemListElement\":[{\"@type\":\"ListItem\",\"position\":1,\"name\":\"Home\",\"item\":\"https:\\\/\\\/unrostore.com\\\/\"},{\"@type\":\"ListItem\",\"position\":2,\"name\":\"Shop\",\"item\":\"https:\\\/\\\/unrostore.com\\\/shop\\\/\"},{\"@type\":\"ListItem\",\"position\":3,\"name\":\"Blauwe Dinerborden Amazonia Blue &#8211; 4-delig\"}]},{\"@type\":\"WebSite\",\"@id\":\"https:\\\/\\\/unrostore.com\\\/#website\",\"url\":\"https:\\\/\\\/unrostore.com\\\/\",\"name\":\"UNRO\",\"description\":\"Portugees servies waar je blij van wordt!\",\"publisher\":{\"@id\":\"https:\\\/\\\/unrostore.com\\\/#organization\"},\"potentialAction\":[{\"@type\":\"SearchAction\",\"target\":{\"@type\":\"EntryPoint\",\"urlTemplate\":\"https:\\\/\\\/unrostore.com\\\/?s={search_term_string}\"},\"query-input\":{\"@type\":\"PropertyValueSpecification\",\"valueRequired\":true,\"valueName\":\"search_term_string\"}}],\"inLanguage\":\"fr-FR\"},{\"@type\":\"Organization\",\"@id\":\"https:\\\/\\\/unrostore.com\\\/#organization\",\"name\":\"UNRO\",\"url\":\"https:\\\/\\\/unrostore.com\\\/\",\"logo\":{\"@type\":\"ImageObject\",\"inLanguage\":\"fr-FR\",\"@id\":\"https:\\\/\\\/unrostore.com\\\/#\\\/schema\\\/logo\\\/image\\\/\",\"url\":\"https:\\\/\\\/unrostore.com\\\/wp-content\\\/uploads\\\/2022\\\/05\\\/Logo-UNRO.png\",\"contentUrl\":\"https:\\\/\\\/unrostore.com\\\/wp-content\\\/uploads\\\/2022\\\/05\\\/Logo-UNRO.png\",\"width\":605,\"height\":179,\"caption\":\"UNRO\"},\"image\":{\"@id\":\"https:\\\/\\\/unrostore.com\\\/#\\\/schema\\\/logo\\\/image\\\/\"}}]}<\/script>\n<!-- \/ Yoast SEO plugin. -->","yoast_head_json":{"title":"Assiettes plates bleues Amazonia Blue - 4 pi\u00e8ces - UNRO","description":"Les assiettes \u00e0 d\u00eener Terrafina's Blue Amazonia Blue du Portugal sont fabriqu\u00e9es en c\u00e9ramique de haute qualit\u00e9 et sont durables, \u00e9l\u00e9gantes et faciles \u00e0 entretenir !","robots":{"index":"index","follow":"follow","max-snippet":"max-snippet:-1","max-image-preview":"max-image-preview:large","max-video-preview":"max-video-preview:-1"},"canonical":"https:\/\/unrostore.com\/fr-fr\/boutique\/terrafina\/bleu-damazonie\/assiettes-bleues-amazonia-blue-4-pieces\/","og_locale":"fr_FR","og_type":"article","og_title":"Blauwe Dinerborden Amazonia Blue - 4-delig &#8226; UNRO","og_description":"Terrafina's Blauwe Dinerborden Amazonia Blue uit Portugal zijn gemaakt van hoogwaardige keramiek en zijn duurzaam, stijlvol en makkelijk te onderhouden!","og_url":"https:\/\/unrostore.com\/fr-fr\/boutique\/terrafina\/bleu-damazonie\/assiettes-bleues-amazonia-blue-4-pieces\/","og_site_name":"UNRO","article_modified_time":"2026-01-19T20:37:52+00:00","og_image":[{"width":1440,"height":1440,"url":"https:\/\/unrostore.com\/wp-content\/uploads\/2023\/01\/unro-portugees-servies-amazonia-blue-dinerborden-4-delig.jpg","type":"image\/jpeg"}],"twitter_card":"summary_large_image","schema":{"@context":"https:\/\/schema.org","@graph":[{"@type":"WebPage","@id":"https:\/\/unrostore.com\/shop\/terrafina\/amazonia-blue\/blauwe-dinerborden-amazonia-blue-4-delig\/","url":"https:\/\/unrostore.com\/shop\/terrafina\/amazonia-blue\/blauwe-dinerborden-amazonia-blue-4-delig\/","name":"Assiettes plates bleues Amazonia Blue - 4 pi\u00e8ces - UNRO","isPartOf":{"@id":"https:\/\/unrostore.com\/#website"},"primaryImageOfPage":{"@id":"https:\/\/unrostore.com\/shop\/terrafina\/amazonia-blue\/blauwe-dinerborden-amazonia-blue-4-delig\/#primaryimage"},"image":{"@id":"https:\/\/unrostore.com\/shop\/terrafina\/amazonia-blue\/blauwe-dinerborden-amazonia-blue-4-delig\/#primaryimage"},"thumbnailUrl":"https:\/\/unrostore.com\/wp-content\/uploads\/2023\/01\/unro-portugees-servies-amazonia-blue-dinerborden-4-delig.jpg","datePublished":"2023-01-16T18:15:35+00:00","dateModified":"2026-01-19T20:37:52+00:00","description":"Les assiettes \u00e0 d\u00eener Terrafina's Blue Amazonia Blue du Portugal sont fabriqu\u00e9es en c\u00e9ramique de haute qualit\u00e9 et sont durables, \u00e9l\u00e9gantes et faciles \u00e0 entretenir !","breadcrumb":{"@id":"https:\/\/unrostore.com\/shop\/terrafina\/amazonia-blue\/blauwe-dinerborden-amazonia-blue-4-delig\/#breadcrumb"},"inLanguage":"fr-FR","potentialAction":[{"@type":"ReadAction","target":["https:\/\/unrostore.com\/shop\/terrafina\/amazonia-blue\/blauwe-dinerborden-amazonia-blue-4-delig\/"]}]},{"@type":"ImageObject","inLanguage":"fr-FR","@id":"https:\/\/unrostore.com\/shop\/terrafina\/amazonia-blue\/blauwe-dinerborden-amazonia-blue-4-delig\/#primaryimage","url":"https:\/\/unrostore.com\/wp-content\/uploads\/2023\/01\/unro-portugees-servies-amazonia-blue-dinerborden-4-delig.jpg","contentUrl":"https:\/\/unrostore.com\/wp-content\/uploads\/2023\/01\/unro-portugees-servies-amazonia-blue-dinerborden-4-delig.jpg","width":1440,"height":1440,"caption":"Blauwe Dinerborden - Amazonia Blue - handgemaakt Keramiek - Blauw Portugees Servies"},{"@type":"BreadcrumbList","@id":"https:\/\/unrostore.com\/shop\/terrafina\/amazonia-blue\/blauwe-dinerborden-amazonia-blue-4-delig\/#breadcrumb","itemListElement":[{"@type":"ListItem","position":1,"name":"Home","item":"https:\/\/unrostore.com\/"},{"@type":"ListItem","position":2,"name":"Shop","item":"https:\/\/unrostore.com\/shop\/"},{"@type":"ListItem","position":3,"name":"Blauwe Dinerborden Amazonia Blue &#8211; 4-delig"}]},{"@type":"WebSite","@id":"https:\/\/unrostore.com\/#website","url":"https:\/\/unrostore.com\/","name":"UNRO","description":"De la vaisselle portugaise qui vous rendra heureux !","publisher":{"@id":"https:\/\/unrostore.com\/#organization"},"potentialAction":[{"@type":"SearchAction","target":{"@type":"EntryPoint","urlTemplate":"https:\/\/unrostore.com\/?s={search_term_string}"},"query-input":{"@type":"PropertyValueSpecification","valueRequired":true,"valueName":"search_term_string"}}],"inLanguage":"fr-FR"},{"@type":"Organization","@id":"https:\/\/unrostore.com\/#organization","name":"UNRO","url":"https:\/\/unrostore.com\/","logo":{"@type":"ImageObject","inLanguage":"fr-FR","@id":"https:\/\/unrostore.com\/#\/schema\/logo\/image\/","url":"https:\/\/unrostore.com\/wp-content\/uploads\/2022\/05\/Logo-UNRO.png","contentUrl":"https:\/\/unrostore.com\/wp-content\/uploads\/2022\/05\/Logo-UNRO.png","width":605,"height":179,"caption":"UNRO"},"image":{"@id":"https:\/\/unrostore.com\/#\/schema\/logo\/image\/"}}]}},"_links":{"self":[{"href":"https:\/\/unrostore.com\/fr-fr\/wp-json\/wp\/v2\/product\/2846","targetHints":{"allow":["GET"]}}],"collection":[{"href":"https:\/\/unrostore.com\/fr-fr\/wp-json\/wp\/v2\/product"}],"about":[{"href":"https:\/\/unrostore.com\/fr-fr\/wp-json\/wp\/v2\/types\/product"}],"wp:featuredmedia":[{"embeddable":true,"href":"https:\/\/unrostore.com\/fr-fr\/wp-json\/wp\/v2\/media\/3359"}],"wp:attachment":[{"href":"https:\/\/unrostore.com\/fr-fr\/wp-json\/wp\/v2\/media?parent=2846"}],"wp:term":[{"taxonomy":"product_brand","embeddable":true,"href":"https:\/\/unrostore.com\/fr-fr\/wp-json\/wp\/v2\/product_brand?post=2846"},{"taxonomy":"product_cat","embeddable":true,"href":"https:\/\/unrostore.com\/fr-fr\/wp-json\/wp\/v2\/product_cat?post=2846"},{"taxonomy":"product_tag","embeddable":true,"href":"https:\/\/unrostore.com\/fr-fr\/wp-json\/wp\/v2\/product_tag?post=2846"}],"curies":[{"name":"wp","href":"https:\/\/api.w.org\/{rel}","templated":true}]}}