{"id":2842,"date":"2023-01-16T17:35:15","date_gmt":"2023-01-16T17:35:15","guid":{"rendered":"https:\/\/unrostore.com\/?post_type=product&#038;p=2842"},"modified":"2026-01-19T20:37:52","modified_gmt":"2026-01-19T20:37:52","slug":"bol-a-dejeuner-colore-coraux-2-pieces","status":"publish","type":"product","link":"https:\/\/unrostore.com\/fr-fr\/boutique\/terrafina\/coraux\/bol-a-dejeuner-colore-coraux-2-pieces\/","title":{"rendered":"Bol \u00e0 d\u00e9jeuner color\u00e9 Corals - 2 pi\u00e8ces"},"content":{"rendered":"<h3>De prachtige Gekleurde Ontbijtkom Corals \u2013 2-delig van Terrafina<\/h3>\n<p>Ces <strong>bols \u00e0 d\u00e9jeuner color\u00e9 Corals<\/strong>\u00a0<strong>\u2013 2-delig<\/strong> de <a href=\"https:\/\/www.terrafinastore.com\/en\/collections\/corals\">Terrafina<\/a> sont le compl\u00e9ment parfait de votre routine matinale. Fabriqu\u00e9s en mat\u00e9riaux de tr\u00e8s haute qualit\u00e9 <a href=\"https:\/\/unrostore.com\/fr-fr\/a-quoi-dois-je-faire-attention-lorsque-jachete-de-la-vaisselle-partie-1-qualite\/\">c\u00e9ramique gr\u00e8s<\/a>, ces bols color\u00e9s sont r\u00e9sistants, \u00e9l\u00e9gants et <a href=\"https:\/\/unrostore.com\/fr-fr\/utiliser-le-service-apres-vente\/\">facile \u00e0 entretenir<\/a>. Ces bols portugais color\u00e9s sont donc utiles non seulement au petit-d\u00e9jeuner, mais aussi au d\u00e9jeuner, au brunch, \u00e0 l'ap\u00e9ritif et au d\u00eener. Les bols bleus et jaunes sont orn\u00e9s d'un motif joyeux peint \u00e0 la main qui conf\u00e8re \u00e0 chaque bol et assiette color\u00e9s un aspect unique. Ces bols en c\u00e9ramique faits \u00e0 la main conviennent aussi bien aux plats chauds (utilisez le bol comme bol \u00e0 soupe, par exemple) qu'aux plats froids et passent au lave-vaisselle. Commencez votre journ\u00e9e en beaut\u00e9 avec les bols Corals! Un compl\u00e9ment id\u00e9al sont les bols Corals, les <a href=\"https:\/\/unrostore.com\/fr-fr\/boutique\/terrafina\/coraux\/gekleurde-gebaksbordjes-corals-4-delig\/\">Assiettes \u00e0 g\u00e2teaux Corals<\/a>, <a href=\"https:\/\/unrostore.com\/fr-fr\/boutique\/terrafina\/coraux\/grote-mokken-gekleurd-corals-4-delig\/\">Mugs color\u00e9s Corals<\/a> ou le <a href=\"https:\/\/unrostore.com\/fr-fr\/boutique\/terrafina\/coraux\/tasses-a-expresso-colorees-corail-4-pieces\/\">tasses \u00e0 expresso color\u00e9es Corals<\/a>!<\/p>\n<p>\u00a0<\/p>\n<h3>Il s'agit du nombre de bols qui vous sont livr\u00e9s<\/h3>\n<ul>\n<li><strong>2x<\/strong> Bols Corals \u00f8 15 cm<\/li>\n<li><strong>1x\u00a0<\/strong>Bo\u00eete cadeau de Terrafina<\/li>\n<\/ul>\n<p>\u00a0<\/p>\n<p><em><strong>Duurzaam voor mens & milieu:<\/strong><br \/>\nchaque produit est unique car il est fabriqu\u00e9 \u00e0 la main.<br \/>\nL'impression et la texture peuvent donc diff\u00e9rer l\u00e9g\u00e8rement de la photo du produit.<\/em><\/p>","protected":false},"excerpt":{"rendered":"<div class=\"usps\"><i class=\"far fa-check-circle\"><\/i> R\u00e9sistant aux micro-ondes<br \/>\n<i class=\"far fa-check-circle\"><\/i> R\u00e9siste au four (jusqu'\u00e0 200 degr\u00e9s)<br \/>\n<i class=\"far fa-check-circle\"><\/i> Lavable au lave-vaisselle<br \/>\n<i class=\"far fa-thumbs-up\"><\/i> Fait \u00e0 la main<\/div>","protected":false},"featured_media":7166,"template":"","meta":[],"product_brand":[],"product_cat":[127,135,119],"product_tag":[177,295,128,610,684,137,131,291,241,242,677,604,683,678,123,603],"class_list":{"0":"post-2842","1":"product","2":"type-product","3":"status-publish","4":"has-post-thumbnail","6":"product_cat-corals","7":"product_cat-kommen","8":"product_cat-terrafina","9":"product_tag-blauw","10":"product_tag-bruin","11":"product_tag-corals","12":"product_tag-geel","13":"product_tag-gekleurde-schaaltjes","14":"product_tag-kom","15":"product_tag-kommen","16":"product_tag-kommetjes","17":"product_tag-muesli","18":"product_tag-ontbijt","19":"product_tag-schaaltjes","20":"product_tag-soep","21":"product_tag-soepkom","22":"product_tag-tapas-schaaltjes","23":"product_tag-terrafina","24":"product_tag-yoghurt","25":"product_shipping_class-pakket","27":"first","28":"outofstock","29":"sale","30":"taxable","31":"shipping-taxable","32":"purchasable","33":"product-type-simple"},"yoast_head":"<!-- This site is optimized with the Yoast SEO plugin v27.6 - https:\/\/yoast.com\/product\/yoast-seo-wordpress\/ -->\n<title>Gekleurde Ontbijtkom Corals - 2-delig &#8226; UNRO<\/title>\n<meta name=\"description\" content=\"Kleurrijk modern Portugees Gekleurde Ontbijtkom Corals - 2-delig van Terrafina bij UNRO. Start jouw dag stijlvol met dit prachtige kleurrijke servies!\" \/>\n<meta name=\"robots\" content=\"index, follow, max-snippet:-1, max-image-preview:large, max-video-preview:-1\" \/>\n<link rel=\"canonical\" href=\"https:\/\/unrostore.com\/fr-fr\/boutique\/terrafina\/coraux\/bol-a-dejeuner-colore-coraux-2-pieces\/\" \/>\n<meta property=\"og:locale\" content=\"fr_FR\" \/>\n<meta property=\"og:type\" content=\"article\" \/>\n<meta property=\"og:title\" content=\"Gekleurde Ontbijtkom Corals - 2-delig &#8226; UNRO\" \/>\n<meta property=\"og:description\" content=\"Kleurrijk modern Portugees Gekleurde Ontbijtkom Corals - 2-delig van Terrafina bij UNRO. Start jouw dag stijlvol met dit prachtige kleurrijke servies!\" \/>\n<meta property=\"og:url\" content=\"https:\/\/unrostore.com\/fr-fr\/boutique\/terrafina\/coraux\/bol-a-dejeuner-colore-coraux-2-pieces\/\" \/>\n<meta property=\"og:site_name\" content=\"UNRO\" \/>\n<meta property=\"article:modified_time\" content=\"2026-01-19T20:37:52+00:00\" \/>\n<meta property=\"og:image\" content=\"https:\/\/unrostore.com\/wp-content\/uploads\/2023\/01\/unro-gekleurde-schaaltjes-handgemaakt-keramiek.webp\" \/>\n\t<meta property=\"og:image:width\" content=\"1000\" \/>\n\t<meta property=\"og:image:height\" content=\"1000\" \/>\n\t<meta property=\"og:image:type\" content=\"image\/webp\" \/>\n<meta name=\"twitter:card\" content=\"summary_large_image\" \/>\n<script type=\"application\/ld+json\" class=\"yoast-schema-graph\">{\"@context\":\"https:\\\/\\\/schema.org\",\"@graph\":[{\"@type\":\"WebPage\",\"@id\":\"https:\\\/\\\/unrostore.com\\\/shop\\\/terrafina\\\/corals\\\/gekleurde-ontbijtkom-corals-2-delig\\\/\",\"url\":\"https:\\\/\\\/unrostore.com\\\/shop\\\/terrafina\\\/corals\\\/gekleurde-ontbijtkom-corals-2-delig\\\/\",\"name\":\"Gekleurde Ontbijtkom Corals - 2-delig &#8226; UNRO\",\"isPartOf\":{\"@id\":\"https:\\\/\\\/unrostore.com\\\/#website\"},\"primaryImageOfPage\":{\"@id\":\"https:\\\/\\\/unrostore.com\\\/shop\\\/terrafina\\\/corals\\\/gekleurde-ontbijtkom-corals-2-delig\\\/#primaryimage\"},\"image\":{\"@id\":\"https:\\\/\\\/unrostore.com\\\/shop\\\/terrafina\\\/corals\\\/gekleurde-ontbijtkom-corals-2-delig\\\/#primaryimage\"},\"thumbnailUrl\":\"https:\\\/\\\/unrostore.com\\\/wp-content\\\/uploads\\\/2023\\\/01\\\/unro-gekleurde-schaaltjes-handgemaakt-keramiek.webp\",\"datePublished\":\"2023-01-16T17:35:15+00:00\",\"dateModified\":\"2026-01-19T20:37:52+00:00\",\"description\":\"Kleurrijk modern Portugees Gekleurde Ontbijtkom Corals - 2-delig van Terrafina bij UNRO. Start jouw dag stijlvol met dit prachtige kleurrijke servies!\",\"breadcrumb\":{\"@id\":\"https:\\\/\\\/unrostore.com\\\/shop\\\/terrafina\\\/corals\\\/gekleurde-ontbijtkom-corals-2-delig\\\/#breadcrumb\"},\"inLanguage\":\"fr-FR\",\"potentialAction\":[{\"@type\":\"ReadAction\",\"target\":[\"https:\\\/\\\/unrostore.com\\\/shop\\\/terrafina\\\/corals\\\/gekleurde-ontbijtkom-corals-2-delig\\\/\"]}]},{\"@type\":\"ImageObject\",\"inLanguage\":\"fr-FR\",\"@id\":\"https:\\\/\\\/unrostore.com\\\/shop\\\/terrafina\\\/corals\\\/gekleurde-ontbijtkom-corals-2-delig\\\/#primaryimage\",\"url\":\"https:\\\/\\\/unrostore.com\\\/wp-content\\\/uploads\\\/2023\\\/01\\\/unro-gekleurde-schaaltjes-handgemaakt-keramiek.webp\",\"contentUrl\":\"https:\\\/\\\/unrostore.com\\\/wp-content\\\/uploads\\\/2023\\\/01\\\/unro-gekleurde-schaaltjes-handgemaakt-keramiek.webp\",\"width\":1000,\"height\":1000,\"caption\":\"gekleurde schaaltjes corals\"},{\"@type\":\"BreadcrumbList\",\"@id\":\"https:\\\/\\\/unrostore.com\\\/shop\\\/terrafina\\\/corals\\\/gekleurde-ontbijtkom-corals-2-delig\\\/#breadcrumb\",\"itemListElement\":[{\"@type\":\"ListItem\",\"position\":1,\"name\":\"Home\",\"item\":\"https:\\\/\\\/unrostore.com\\\/\"},{\"@type\":\"ListItem\",\"position\":2,\"name\":\"Shop\",\"item\":\"https:\\\/\\\/unrostore.com\\\/shop\\\/\"},{\"@type\":\"ListItem\",\"position\":3,\"name\":\"Gekleurde Ontbijtkom Corals &#8211; 2-delig\"}]},{\"@type\":\"WebSite\",\"@id\":\"https:\\\/\\\/unrostore.com\\\/#website\",\"url\":\"https:\\\/\\\/unrostore.com\\\/\",\"name\":\"UNRO\",\"description\":\"Portugees servies waar je blij van wordt!\",\"publisher\":{\"@id\":\"https:\\\/\\\/unrostore.com\\\/#organization\"},\"potentialAction\":[{\"@type\":\"SearchAction\",\"target\":{\"@type\":\"EntryPoint\",\"urlTemplate\":\"https:\\\/\\\/unrostore.com\\\/?s={search_term_string}\"},\"query-input\":{\"@type\":\"PropertyValueSpecification\",\"valueRequired\":true,\"valueName\":\"search_term_string\"}}],\"inLanguage\":\"fr-FR\"},{\"@type\":\"Organization\",\"@id\":\"https:\\\/\\\/unrostore.com\\\/#organization\",\"name\":\"UNRO\",\"url\":\"https:\\\/\\\/unrostore.com\\\/\",\"logo\":{\"@type\":\"ImageObject\",\"inLanguage\":\"fr-FR\",\"@id\":\"https:\\\/\\\/unrostore.com\\\/#\\\/schema\\\/logo\\\/image\\\/\",\"url\":\"https:\\\/\\\/unrostore.com\\\/wp-content\\\/uploads\\\/2022\\\/05\\\/Logo-UNRO.png\",\"contentUrl\":\"https:\\\/\\\/unrostore.com\\\/wp-content\\\/uploads\\\/2022\\\/05\\\/Logo-UNRO.png\",\"width\":605,\"height\":179,\"caption\":\"UNRO\"},\"image\":{\"@id\":\"https:\\\/\\\/unrostore.com\\\/#\\\/schema\\\/logo\\\/image\\\/\"}}]}<\/script>\n<!-- \/ Yoast SEO plugin. -->","yoast_head_json":{"title":"Bol \u00e0 d\u00e9jeuner color\u00e9 Coraux - 2 pi\u00e8ces - UNRO","description":"Bol \u00e0 d\u00e9jeuner color\u00e9 moderne portugais Coraux - 2 pi\u00e8ces par Terrafina chez UNRO. Commencez votre journ\u00e9e avec style gr\u00e2ce \u00e0 cette magnifique vaisselle color\u00e9e !","robots":{"index":"index","follow":"follow","max-snippet":"max-snippet:-1","max-image-preview":"max-image-preview:large","max-video-preview":"max-video-preview:-1"},"canonical":"https:\/\/unrostore.com\/fr-fr\/boutique\/terrafina\/coraux\/bol-a-dejeuner-colore-coraux-2-pieces\/","og_locale":"fr_FR","og_type":"article","og_title":"Gekleurde Ontbijtkom Corals - 2-delig &#8226; UNRO","og_description":"Kleurrijk modern Portugees Gekleurde Ontbijtkom Corals - 2-delig van Terrafina bij UNRO. Start jouw dag stijlvol met dit prachtige kleurrijke servies!","og_url":"https:\/\/unrostore.com\/fr-fr\/boutique\/terrafina\/coraux\/bol-a-dejeuner-colore-coraux-2-pieces\/","og_site_name":"UNRO","article_modified_time":"2026-01-19T20:37:52+00:00","og_image":[{"width":1000,"height":1000,"url":"https:\/\/unrostore.com\/wp-content\/uploads\/2023\/01\/unro-gekleurde-schaaltjes-handgemaakt-keramiek.webp","type":"image\/webp"}],"twitter_card":"summary_large_image","schema":{"@context":"https:\/\/schema.org","@graph":[{"@type":"WebPage","@id":"https:\/\/unrostore.com\/shop\/terrafina\/corals\/gekleurde-ontbijtkom-corals-2-delig\/","url":"https:\/\/unrostore.com\/shop\/terrafina\/corals\/gekleurde-ontbijtkom-corals-2-delig\/","name":"Bol \u00e0 d\u00e9jeuner color\u00e9 Coraux - 2 pi\u00e8ces - UNRO","isPartOf":{"@id":"https:\/\/unrostore.com\/#website"},"primaryImageOfPage":{"@id":"https:\/\/unrostore.com\/shop\/terrafina\/corals\/gekleurde-ontbijtkom-corals-2-delig\/#primaryimage"},"image":{"@id":"https:\/\/unrostore.com\/shop\/terrafina\/corals\/gekleurde-ontbijtkom-corals-2-delig\/#primaryimage"},"thumbnailUrl":"https:\/\/unrostore.com\/wp-content\/uploads\/2023\/01\/unro-gekleurde-schaaltjes-handgemaakt-keramiek.webp","datePublished":"2023-01-16T17:35:15+00:00","dateModified":"2026-01-19T20:37:52+00:00","description":"Bol \u00e0 d\u00e9jeuner color\u00e9 moderne portugais Coraux - 2 pi\u00e8ces par Terrafina chez UNRO. Commencez votre journ\u00e9e avec style gr\u00e2ce \u00e0 cette magnifique vaisselle color\u00e9e !","breadcrumb":{"@id":"https:\/\/unrostore.com\/shop\/terrafina\/corals\/gekleurde-ontbijtkom-corals-2-delig\/#breadcrumb"},"inLanguage":"fr-FR","potentialAction":[{"@type":"ReadAction","target":["https:\/\/unrostore.com\/shop\/terrafina\/corals\/gekleurde-ontbijtkom-corals-2-delig\/"]}]},{"@type":"ImageObject","inLanguage":"fr-FR","@id":"https:\/\/unrostore.com\/shop\/terrafina\/corals\/gekleurde-ontbijtkom-corals-2-delig\/#primaryimage","url":"https:\/\/unrostore.com\/wp-content\/uploads\/2023\/01\/unro-gekleurde-schaaltjes-handgemaakt-keramiek.webp","contentUrl":"https:\/\/unrostore.com\/wp-content\/uploads\/2023\/01\/unro-gekleurde-schaaltjes-handgemaakt-keramiek.webp","width":1000,"height":1000,"caption":"gekleurde schaaltjes corals"},{"@type":"BreadcrumbList","@id":"https:\/\/unrostore.com\/shop\/terrafina\/corals\/gekleurde-ontbijtkom-corals-2-delig\/#breadcrumb","itemListElement":[{"@type":"ListItem","position":1,"name":"Home","item":"https:\/\/unrostore.com\/"},{"@type":"ListItem","position":2,"name":"Shop","item":"https:\/\/unrostore.com\/shop\/"},{"@type":"ListItem","position":3,"name":"Gekleurde Ontbijtkom Corals &#8211; 2-delig"}]},{"@type":"WebSite","@id":"https:\/\/unrostore.com\/#website","url":"https:\/\/unrostore.com\/","name":"UNRO","description":"De la vaisselle portugaise qui vous rendra heureux !","publisher":{"@id":"https:\/\/unrostore.com\/#organization"},"potentialAction":[{"@type":"SearchAction","target":{"@type":"EntryPoint","urlTemplate":"https:\/\/unrostore.com\/?s={search_term_string}"},"query-input":{"@type":"PropertyValueSpecification","valueRequired":true,"valueName":"search_term_string"}}],"inLanguage":"fr-FR"},{"@type":"Organization","@id":"https:\/\/unrostore.com\/#organization","name":"UNRO","url":"https:\/\/unrostore.com\/","logo":{"@type":"ImageObject","inLanguage":"fr-FR","@id":"https:\/\/unrostore.com\/#\/schema\/logo\/image\/","url":"https:\/\/unrostore.com\/wp-content\/uploads\/2022\/05\/Logo-UNRO.png","contentUrl":"https:\/\/unrostore.com\/wp-content\/uploads\/2022\/05\/Logo-UNRO.png","width":605,"height":179,"caption":"UNRO"},"image":{"@id":"https:\/\/unrostore.com\/#\/schema\/logo\/image\/"}}]}},"_links":{"self":[{"href":"https:\/\/unrostore.com\/fr-fr\/wp-json\/wp\/v2\/product\/2842","targetHints":{"allow":["GET"]}}],"collection":[{"href":"https:\/\/unrostore.com\/fr-fr\/wp-json\/wp\/v2\/product"}],"about":[{"href":"https:\/\/unrostore.com\/fr-fr\/wp-json\/wp\/v2\/types\/product"}],"wp:featuredmedia":[{"embeddable":true,"href":"https:\/\/unrostore.com\/fr-fr\/wp-json\/wp\/v2\/media\/7166"}],"wp:attachment":[{"href":"https:\/\/unrostore.com\/fr-fr\/wp-json\/wp\/v2\/media?parent=2842"}],"wp:term":[{"taxonomy":"product_brand","embeddable":true,"href":"https:\/\/unrostore.com\/fr-fr\/wp-json\/wp\/v2\/product_brand?post=2842"},{"taxonomy":"product_cat","embeddable":true,"href":"https:\/\/unrostore.com\/fr-fr\/wp-json\/wp\/v2\/product_cat?post=2842"},{"taxonomy":"product_tag","embeddable":true,"href":"https:\/\/unrostore.com\/fr-fr\/wp-json\/wp\/v2\/product_tag?post=2842"}],"curies":[{"name":"wp","href":"https:\/\/api.w.org\/{rel}","templated":true}]}}