{"id":2831,"date":"2023-01-14T12:17:09","date_gmt":"2023-01-14T12:17:09","guid":{"rendered":"https:\/\/unrostore.com\/?post_type=product&#038;p=2831"},"modified":"2026-01-19T20:37:53","modified_gmt":"2026-01-19T20:37:53","slug":"assiettes-a-dejeuner-creme-amazonia-creme-4-pieces","status":"publish","type":"product","link":"https:\/\/unrostore.com\/fr-fr\/boutique\/terrafina\/creme-damazonie-2\/assiettes-a-dejeuner-creme-amazonia-creme-4-pieces\/","title":{"rendered":"Assiettes \u00e0 d\u00e9jeuner en cr\u00e8me Amazonia Cream - 4 pi\u00e8ces"},"content":{"rendered":"<h3>D\u00e9couvrez la polyvalence des assiettes \u00e0 d\u00e9jeuner cr\u00e8me Amazonia Cream - 4 pi\u00e8ces<\/h3>\n<p>Laissez le<strong> cr\u00e8me assiettes \u00e0 d\u00e9jeuner<\/strong>\u00a0<strong>Amazonia Cream <\/strong>- 4 pi\u00e8ces de <a href=\"https:\/\/www.terrafinastore.com\/en\/collections\/amazonia\">Terrafina<\/a> Ces assiettes vous rendront heureux pendant votre th\u00e9, votre caf\u00e9, votre caf\u00e9 et votre g\u00e2teau ou pendant votre petit-d\u00e9jeuner. Les assiettes sont fabriqu\u00e9es en c\u00e9ramique de haute qualit\u00e9, ce qui les rend non seulement durables et \u00e9l\u00e9gantes, mais aussi faciles \u00e0 entretenir. Les assiettes de petit-d\u00e9jeuner pr\u00e9sentent un motif unique qui donne \u00e0 chaque assiette un aspect unique. Commencez votre journ\u00e9e en beaut\u00e9 avec les assiettes \u00e0 g\u00e2teau Portuguese Amazonia Cream en c\u00e9ramique de haute qualit\u00e9 ! D\u00e9couvrez \u00e9galement les assiettes \u00e0 g\u00e2teaux assorties <a href=\"https:\/\/unrostore.com\/fr-fr\/boutique\/terrafina\/creme-damazonie-2\/amazonia-cream-dinerborden-4-delig\/\">Assiettes plates Amazonia Cream<\/a>, <a href=\"https:\/\/unrostore.com\/fr-fr\/boutique\/terrafina\/creme-damazonie-2\/beige-kommetjes-amazonia-cream-4-delig\/?_gl=1*1cl3o5z*_up*MQ..*_ga*MTQ2MzYzMjc2MS4xNzEwNzA1MDI1*_ga_QGLN1EFSS8*MTcxMDcwNTAyNC4xLjEuMTcxMDcwNTAyNy4wLjAuOTc3MDMwMjk3\">bols \u00e0 cr\u00e8me<\/a>, <a href=\"https:\/\/unrostore.com\/fr-fr\/boutique\/terrafina\/creme-damazonie-2\/pasta-borden-beige-amazonia-cream-set-van-4\/?_gl=1*s6ozrv*_up*MQ..*_ga*MTQ2MzYzMjc2MS4xNzEwNzA1MDI1*_ga_QGLN1EFSS8*MTcxMDcwNTAyNC4xLjEuMTcxMDcwNTA4Ny4wLjAuOTc3MDMwMjk3\">assiettes de p\u00e2tes \u00e0 la cr\u00e8me<\/a> et <a href=\"https:\/\/unrostore.com\/fr-fr\/boutique\/terrafina\/creme-damazonie-2\/tasses-a-cappuccino-creme-amazonia-creme-4-pieces\/?_gl=1*1epwgll*_up*MQ..*_ga*MTQ2MzYzMjc2MS4xNzEwNzA1MDI1*_ga_QGLN1EFSS8*MTcxMDcwNTAyNC4xLjEuMTcxMDcwNTEwNy4wLjAuOTc3MDMwMjk3\">tasses \u00e0 cappuccino cr\u00e8me<\/a>.<\/p>\n<p>&nbsp;<\/p>\n<h3>Voici le nombre d'assiettes \u00e0 d\u00e9jeuner que vous recevrez<\/h3>\n<ul>\n<li><strong>4x <\/strong>Assiettes \u00e0 d\u00e9jeuner Amazonia Cream \u00f8 22 cm<\/li>\n<li><strong>1x<\/strong> Bo\u00eete cadeau Terrafina<\/li>\n<\/ul>\n<p><em><strong><br \/>\nDurable pour les personnes et l'environnement :<\/strong><br \/>\n<\/em><em>Chaque produit est unique car il est fabriqu\u00e9 \u00e0 la main.<br \/>\nL'impression et la texture peuvent donc diff\u00e9rer l\u00e9g\u00e8rement de la photo du produit.<\/em><\/p>","protected":false},"excerpt":{"rendered":"<div class=\"usps\"><i class=\"far fa-check-circle\"><\/i> R\u00e9sistant aux micro-ondes<br \/>\n<i class=\"far fa-check-circle\"><\/i> R\u00e9siste au four (jusqu'\u00e0 200 degr\u00e9s)<br \/>\n<i class=\"far fa-check-circle\"><\/i> Lavable au lave-vaisselle<br \/>\n<i class=\"far fa-thumbs-up\"><\/i> Fait \u00e0 la main<\/div>","protected":false},"featured_media":3376,"template":"","meta":[],"product_brand":[],"product_cat":[235,144,317,119],"product_tag":[147,286,233,600,596,581,239,141,207,242,288,669],"class_list":{"0":"post-2831","1":"product","2":"type-product","3":"status-publish","4":"has-post-thumbnail","6":"product_cat-borden","7":"product_cat-amazonia-cream","8":"product_cat-ontbijtborden","9":"product_cat-terrafina","10":"product_tag-amazonia","11":"product_tag-bord","12":"product_tag-creme","13":"product_tag-gebak","14":"product_tag-gebaksbord","15":"product_tag-gebaksbordjes","16":"product_tag-klein-bord","17":"product_tag-kleine-borden","18":"product_tag-lila","19":"product_tag-ontbijt","20":"product_tag-ontbijtbord","21":"product_tag-ontbijtbordjes","23":"first","24":"outofstock","25":"sale","26":"taxable","27":"shipping-taxable","28":"purchasable","29":"product-type-simple"},"yoast_head":"<!-- This site is optimized with the Yoast SEO plugin v27.4 - https:\/\/yoast.com\/product\/yoast-seo-wordpress\/ -->\n<title>Creme Ontbijtborden Amazonia Cream - 4-delig &#8226; UNRO<\/title>\n<meta name=\"description\" content=\"Start je dag in stijl met de Portugese creme ontbijtborden Amazonia Cream. De borden zijn mooi om naar te kijken en praktisch in gebruik!\" \/>\n<meta name=\"robots\" content=\"index, follow, max-snippet:-1, max-image-preview:large, max-video-preview:-1\" \/>\n<link rel=\"canonical\" href=\"https:\/\/unrostore.com\/fr-fr\/boutique\/terrafina\/creme-damazonie-2\/assiettes-a-dejeuner-creme-amazonia-creme-4-pieces\/\" \/>\n<meta property=\"og:locale\" content=\"fr_FR\" \/>\n<meta property=\"og:type\" content=\"article\" \/>\n<meta property=\"og:title\" content=\"Creme Ontbijtborden Amazonia Cream - 4-delig &#8226; UNRO\" \/>\n<meta property=\"og:description\" content=\"Start je dag in stijl met de Portugese creme ontbijtborden Amazonia Cream. De borden zijn mooi om naar te kijken en praktisch in gebruik!\" \/>\n<meta property=\"og:url\" content=\"https:\/\/unrostore.com\/fr-fr\/boutique\/terrafina\/creme-damazonie-2\/assiettes-a-dejeuner-creme-amazonia-creme-4-pieces\/\" \/>\n<meta property=\"og:site_name\" content=\"UNRO\" \/>\n<meta property=\"article:modified_time\" content=\"2026-01-19T20:37:53+00:00\" \/>\n<meta property=\"og:image\" content=\"https:\/\/unrostore.com\/wp-content\/uploads\/2023\/01\/unro-portugees-servies-terrafina-amazonia-cream-ontbijtbord.jpg\" \/>\n\t<meta property=\"og:image:width\" content=\"1400\" \/>\n\t<meta property=\"og:image:height\" content=\"1400\" \/>\n\t<meta property=\"og:image:type\" content=\"image\/jpeg\" \/>\n<meta name=\"twitter:card\" content=\"summary_large_image\" \/>\n<script type=\"application\/ld+json\" class=\"yoast-schema-graph\">{\"@context\":\"https:\\\/\\\/schema.org\",\"@graph\":[{\"@type\":\"WebPage\",\"@id\":\"https:\\\/\\\/unrostore.com\\\/shop\\\/terrafina\\\/amazonia-cream\\\/creme-ontbijtborden-amazonia-cream-4-delig\\\/\",\"url\":\"https:\\\/\\\/unrostore.com\\\/shop\\\/terrafina\\\/amazonia-cream\\\/creme-ontbijtborden-amazonia-cream-4-delig\\\/\",\"name\":\"Creme Ontbijtborden Amazonia Cream - 4-delig &#8226; UNRO\",\"isPartOf\":{\"@id\":\"https:\\\/\\\/unrostore.com\\\/#website\"},\"primaryImageOfPage\":{\"@id\":\"https:\\\/\\\/unrostore.com\\\/shop\\\/terrafina\\\/amazonia-cream\\\/creme-ontbijtborden-amazonia-cream-4-delig\\\/#primaryimage\"},\"image\":{\"@id\":\"https:\\\/\\\/unrostore.com\\\/shop\\\/terrafina\\\/amazonia-cream\\\/creme-ontbijtborden-amazonia-cream-4-delig\\\/#primaryimage\"},\"thumbnailUrl\":\"https:\\\/\\\/unrostore.com\\\/wp-content\\\/uploads\\\/2023\\\/01\\\/unro-portugees-servies-terrafina-amazonia-cream-ontbijtbord.jpg\",\"datePublished\":\"2023-01-14T12:17:09+00:00\",\"dateModified\":\"2026-01-19T20:37:53+00:00\",\"description\":\"Start je dag in stijl met de Portugese creme ontbijtborden Amazonia Cream. De borden zijn mooi om naar te kijken en praktisch in gebruik!\",\"breadcrumb\":{\"@id\":\"https:\\\/\\\/unrostore.com\\\/shop\\\/terrafina\\\/amazonia-cream\\\/creme-ontbijtborden-amazonia-cream-4-delig\\\/#breadcrumb\"},\"inLanguage\":\"fr-FR\",\"potentialAction\":[{\"@type\":\"ReadAction\",\"target\":[\"https:\\\/\\\/unrostore.com\\\/shop\\\/terrafina\\\/amazonia-cream\\\/creme-ontbijtborden-amazonia-cream-4-delig\\\/\"]}]},{\"@type\":\"ImageObject\",\"inLanguage\":\"fr-FR\",\"@id\":\"https:\\\/\\\/unrostore.com\\\/shop\\\/terrafina\\\/amazonia-cream\\\/creme-ontbijtborden-amazonia-cream-4-delig\\\/#primaryimage\",\"url\":\"https:\\\/\\\/unrostore.com\\\/wp-content\\\/uploads\\\/2023\\\/01\\\/unro-portugees-servies-terrafina-amazonia-cream-ontbijtbord.jpg\",\"contentUrl\":\"https:\\\/\\\/unrostore.com\\\/wp-content\\\/uploads\\\/2023\\\/01\\\/unro-portugees-servies-terrafina-amazonia-cream-ontbijtbord.jpg\",\"width\":1400,\"height\":1400,\"caption\":\"Beige Gebaksbordjes Amazonia Cream - 4-delig Portugees Keramiek Servies\"},{\"@type\":\"BreadcrumbList\",\"@id\":\"https:\\\/\\\/unrostore.com\\\/shop\\\/terrafina\\\/amazonia-cream\\\/creme-ontbijtborden-amazonia-cream-4-delig\\\/#breadcrumb\",\"itemListElement\":[{\"@type\":\"ListItem\",\"position\":1,\"name\":\"Home\",\"item\":\"https:\\\/\\\/unrostore.com\\\/\"},{\"@type\":\"ListItem\",\"position\":2,\"name\":\"Shop\",\"item\":\"https:\\\/\\\/unrostore.com\\\/shop\\\/\"},{\"@type\":\"ListItem\",\"position\":3,\"name\":\"Creme Ontbijtborden Amazonia Cream &#8211; 4-delig\"}]},{\"@type\":\"WebSite\",\"@id\":\"https:\\\/\\\/unrostore.com\\\/#website\",\"url\":\"https:\\\/\\\/unrostore.com\\\/\",\"name\":\"UNRO\",\"description\":\"Portugees servies waar je blij van wordt!\",\"publisher\":{\"@id\":\"https:\\\/\\\/unrostore.com\\\/#organization\"},\"potentialAction\":[{\"@type\":\"SearchAction\",\"target\":{\"@type\":\"EntryPoint\",\"urlTemplate\":\"https:\\\/\\\/unrostore.com\\\/?s={search_term_string}\"},\"query-input\":{\"@type\":\"PropertyValueSpecification\",\"valueRequired\":true,\"valueName\":\"search_term_string\"}}],\"inLanguage\":\"fr-FR\"},{\"@type\":\"Organization\",\"@id\":\"https:\\\/\\\/unrostore.com\\\/#organization\",\"name\":\"UNRO\",\"url\":\"https:\\\/\\\/unrostore.com\\\/\",\"logo\":{\"@type\":\"ImageObject\",\"inLanguage\":\"fr-FR\",\"@id\":\"https:\\\/\\\/unrostore.com\\\/#\\\/schema\\\/logo\\\/image\\\/\",\"url\":\"https:\\\/\\\/unrostore.com\\\/wp-content\\\/uploads\\\/2022\\\/05\\\/Logo-UNRO.png\",\"contentUrl\":\"https:\\\/\\\/unrostore.com\\\/wp-content\\\/uploads\\\/2022\\\/05\\\/Logo-UNRO.png\",\"width\":605,\"height\":179,\"caption\":\"UNRO\"},\"image\":{\"@id\":\"https:\\\/\\\/unrostore.com\\\/#\\\/schema\\\/logo\\\/image\\\/\"}}]}<\/script>\n<!-- \/ Yoast SEO plugin. -->","yoast_head_json":{"title":"Assiettes \u00e0 d\u00e9jeuner en cr\u00e8me Amazonia Cream - 4 pi\u00e8ces - UNRO","description":"Commencez votre journ\u00e9e en beaut\u00e9 avec les assiettes \u00e0 d\u00e9jeuner portugaises Amazonia Cream. Ces assiettes sont belles \u00e0 regarder et pratiques \u00e0 utiliser !","robots":{"index":"index","follow":"follow","max-snippet":"max-snippet:-1","max-image-preview":"max-image-preview:large","max-video-preview":"max-video-preview:-1"},"canonical":"https:\/\/unrostore.com\/fr-fr\/boutique\/terrafina\/creme-damazonie-2\/assiettes-a-dejeuner-creme-amazonia-creme-4-pieces\/","og_locale":"fr_FR","og_type":"article","og_title":"Creme Ontbijtborden Amazonia Cream - 4-delig &#8226; UNRO","og_description":"Start je dag in stijl met de Portugese creme ontbijtborden Amazonia Cream. De borden zijn mooi om naar te kijken en praktisch in gebruik!","og_url":"https:\/\/unrostore.com\/fr-fr\/boutique\/terrafina\/creme-damazonie-2\/assiettes-a-dejeuner-creme-amazonia-creme-4-pieces\/","og_site_name":"UNRO","article_modified_time":"2026-01-19T20:37:53+00:00","og_image":[{"width":1400,"height":1400,"url":"https:\/\/unrostore.com\/wp-content\/uploads\/2023\/01\/unro-portugees-servies-terrafina-amazonia-cream-ontbijtbord.jpg","type":"image\/jpeg"}],"twitter_card":"summary_large_image","schema":{"@context":"https:\/\/schema.org","@graph":[{"@type":"WebPage","@id":"https:\/\/unrostore.com\/shop\/terrafina\/amazonia-cream\/creme-ontbijtborden-amazonia-cream-4-delig\/","url":"https:\/\/unrostore.com\/shop\/terrafina\/amazonia-cream\/creme-ontbijtborden-amazonia-cream-4-delig\/","name":"Assiettes \u00e0 d\u00e9jeuner en cr\u00e8me Amazonia Cream - 4 pi\u00e8ces - UNRO","isPartOf":{"@id":"https:\/\/unrostore.com\/#website"},"primaryImageOfPage":{"@id":"https:\/\/unrostore.com\/shop\/terrafina\/amazonia-cream\/creme-ontbijtborden-amazonia-cream-4-delig\/#primaryimage"},"image":{"@id":"https:\/\/unrostore.com\/shop\/terrafina\/amazonia-cream\/creme-ontbijtborden-amazonia-cream-4-delig\/#primaryimage"},"thumbnailUrl":"https:\/\/unrostore.com\/wp-content\/uploads\/2023\/01\/unro-portugees-servies-terrafina-amazonia-cream-ontbijtbord.jpg","datePublished":"2023-01-14T12:17:09+00:00","dateModified":"2026-01-19T20:37:53+00:00","description":"Commencez votre journ\u00e9e en beaut\u00e9 avec les assiettes \u00e0 d\u00e9jeuner portugaises Amazonia Cream. Ces assiettes sont belles \u00e0 regarder et pratiques \u00e0 utiliser !","breadcrumb":{"@id":"https:\/\/unrostore.com\/shop\/terrafina\/amazonia-cream\/creme-ontbijtborden-amazonia-cream-4-delig\/#breadcrumb"},"inLanguage":"fr-FR","potentialAction":[{"@type":"ReadAction","target":["https:\/\/unrostore.com\/shop\/terrafina\/amazonia-cream\/creme-ontbijtborden-amazonia-cream-4-delig\/"]}]},{"@type":"ImageObject","inLanguage":"fr-FR","@id":"https:\/\/unrostore.com\/shop\/terrafina\/amazonia-cream\/creme-ontbijtborden-amazonia-cream-4-delig\/#primaryimage","url":"https:\/\/unrostore.com\/wp-content\/uploads\/2023\/01\/unro-portugees-servies-terrafina-amazonia-cream-ontbijtbord.jpg","contentUrl":"https:\/\/unrostore.com\/wp-content\/uploads\/2023\/01\/unro-portugees-servies-terrafina-amazonia-cream-ontbijtbord.jpg","width":1400,"height":1400,"caption":"Beige Gebaksbordjes Amazonia Cream - 4-delig Portugees Keramiek Servies"},{"@type":"BreadcrumbList","@id":"https:\/\/unrostore.com\/shop\/terrafina\/amazonia-cream\/creme-ontbijtborden-amazonia-cream-4-delig\/#breadcrumb","itemListElement":[{"@type":"ListItem","position":1,"name":"Home","item":"https:\/\/unrostore.com\/"},{"@type":"ListItem","position":2,"name":"Shop","item":"https:\/\/unrostore.com\/shop\/"},{"@type":"ListItem","position":3,"name":"Creme Ontbijtborden Amazonia Cream &#8211; 4-delig"}]},{"@type":"WebSite","@id":"https:\/\/unrostore.com\/#website","url":"https:\/\/unrostore.com\/","name":"UNRO","description":"De la vaisselle portugaise qui vous rendra heureux !","publisher":{"@id":"https:\/\/unrostore.com\/#organization"},"potentialAction":[{"@type":"SearchAction","target":{"@type":"EntryPoint","urlTemplate":"https:\/\/unrostore.com\/?s={search_term_string}"},"query-input":{"@type":"PropertyValueSpecification","valueRequired":true,"valueName":"search_term_string"}}],"inLanguage":"fr-FR"},{"@type":"Organization","@id":"https:\/\/unrostore.com\/#organization","name":"UNRO","url":"https:\/\/unrostore.com\/","logo":{"@type":"ImageObject","inLanguage":"fr-FR","@id":"https:\/\/unrostore.com\/#\/schema\/logo\/image\/","url":"https:\/\/unrostore.com\/wp-content\/uploads\/2022\/05\/Logo-UNRO.png","contentUrl":"https:\/\/unrostore.com\/wp-content\/uploads\/2022\/05\/Logo-UNRO.png","width":605,"height":179,"caption":"UNRO"},"image":{"@id":"https:\/\/unrostore.com\/#\/schema\/logo\/image\/"}}]}},"_links":{"self":[{"href":"https:\/\/unrostore.com\/fr-fr\/wp-json\/wp\/v2\/product\/2831","targetHints":{"allow":["GET"]}}],"collection":[{"href":"https:\/\/unrostore.com\/fr-fr\/wp-json\/wp\/v2\/product"}],"about":[{"href":"https:\/\/unrostore.com\/fr-fr\/wp-json\/wp\/v2\/types\/product"}],"wp:featuredmedia":[{"embeddable":true,"href":"https:\/\/unrostore.com\/fr-fr\/wp-json\/wp\/v2\/media\/3376"}],"wp:attachment":[{"href":"https:\/\/unrostore.com\/fr-fr\/wp-json\/wp\/v2\/media?parent=2831"}],"wp:term":[{"taxonomy":"product_brand","embeddable":true,"href":"https:\/\/unrostore.com\/fr-fr\/wp-json\/wp\/v2\/product_brand?post=2831"},{"taxonomy":"product_cat","embeddable":true,"href":"https:\/\/unrostore.com\/fr-fr\/wp-json\/wp\/v2\/product_cat?post=2831"},{"taxonomy":"product_tag","embeddable":true,"href":"https:\/\/unrostore.com\/fr-fr\/wp-json\/wp\/v2\/product_tag?post=2831"}],"curies":[{"name":"wp","href":"https:\/\/api.w.org\/{rel}","templated":true}]}}