{"id":2825,"date":"2023-01-14T11:25:45","date_gmt":"2023-01-14T11:25:45","guid":{"rendered":"https:\/\/unrostore.com\/?post_type=product&#038;p=2825"},"modified":"2026-01-19T20:37:53","modified_gmt":"2026-01-19T20:37:53","slug":"assiettes-a-diner-colorees-corail-4-pieces","status":"publish","type":"product","link":"https:\/\/unrostore.com\/fr-fr\/boutique\/terrafina\/coraux\/assiettes-a-diner-colorees-corail-4-pieces\/","title":{"rendered":"Assiettes plates color\u00e9es Corals - 4 pi\u00e8ces"},"content":{"rendered":"<h3>De prachtige Gekleurde Dinerborden Corals \u2013 4-delig van Terrafina<\/h3>\n<p>Le <strong>assiettes plates color\u00e9es Corals <\/strong>\u2013 4-delig van <a href=\"https:\/\/www.terrafinastore.com\/en\/collections\/corals\">Terrafina<\/a> sont parfaits pour toutes les occasions. C'est l'une de nos pr\u00e9f\u00e9r\u00e9es et elle \u00e9gayera \u00e0 coup s\u00fbr votre journ\u00e9e ! Vous pouvez utiliser ces assiettes tous les jours au d\u00eener ou pour des occasions sp\u00e9ciales. Vous avez fini de d\u00eener ? Vous pouvez alors les mettre directement au lave-vaisselle et les r\u00e9utiliser le lendemain pour votre d\u00e9jeuner, votre ap\u00e9ritif ou votre d\u00eener. Au moins, vous n'avez pas besoin de les garder dans le placard. ;-). Id\u00e9al pour combiner avec le <a href=\"https:\/\/unrostore.com\/fr-fr\/boutique\/terrafina\/coraux\/corals-ontbijtborden-4-delig\/\">Corals Ontbijtborden \u2013 4-delig<\/a>, <a href=\"https:\/\/unrostore.com\/fr-fr\/boutique\/terrafina\/coraux\/assiettes-a-pates-colorees-set-de-4-coraux\/\">Assiettes \u00e0 p\u00e2tes en corail<\/a> et les <a href=\"https:\/\/unrostore.com\/fr-fr\/boutique\/terrafina\/coraux\/corals-kommen-2-delig\/\">Corals Kommen \u2013 2-delig<\/a>. Achetez ces assiettes color\u00e9es maintenant et recevez un magnifique coffret cadeau de Terrafina. Le coffret cadeau avec un espace pour un message personnel fait de ce set d'assiettes color\u00e9es un cadeau id\u00e9al \u00e0 offrir \u00e0 l'occasion d'un mariage ou d'un anniversaire. Mais elles feront aussi sans aucun doute bonne figure sur votre table \u00e0 manger en bois \ud83d\ude42 .<\/p>\n<p>\u00a0<\/p>\n<h3>C'est le nombre d'assiettes \u00e0 d\u00eener qui vous sont livr\u00e9es<\/h3>\n<ul>\n<li><strong>4x<\/strong> Assiettes plates Corals \u00f8 28.5 cm<\/li>\n<li><strong>1x<\/strong> Terrafina bo\u00eete cadeau<\/li>\n<\/ul>\n<p>\u00a0<\/p>\n<p><em><strong>Duurzaam voor mens & milieu:<\/strong><br \/>\nchaque produit est unique car il est fabriqu\u00e9 \u00e0 la main.<br \/>\nL'impression et la texture peuvent donc diff\u00e9rer l\u00e9g\u00e8rement de la photo du produit.<\/em><\/p>","protected":false},"excerpt":{"rendered":"<div class=\"usps\"><i class=\"far fa-check-circle\"><\/i> R\u00e9sistant aux micro-ondes<br \/>\n<i class=\"far fa-check-circle\"><\/i> R\u00e9siste au four (jusqu'\u00e0 200 degr\u00e9s)<br \/>\n<i class=\"far fa-check-circle\"><\/i> Lavable au lave-vaisselle<br \/>\n<i class=\"far fa-thumbs-up\"><\/i> Fait \u00e0 la main<\/div>","protected":false},"featured_media":7087,"template":"","meta":[],"product_brand":[],"product_cat":[235,318,127,119],"product_tag":[129,128,298,283,284,884,673,237,238,674,308,650,123],"class_list":{"0":"post-2825","1":"product","2":"type-product","3":"status-publish","4":"has-post-thumbnail","6":"product_cat-borden","7":"product_cat-dinerborden","8":"product_cat-corals","9":"product_cat-terrafina","10":"product_tag-borden","11":"product_tag-corals","12":"product_tag-diner","13":"product_tag-dinerbord","14":"product_tag-dinerborden","15":"product_tag-gekleurde","16":"product_tag-gekleurde-dinerborden","17":"product_tag-groot-bord","18":"product_tag-grote-borden","19":"product_tag-kleur","20":"product_tag-kleurrijk","21":"product_tag-kleurrijke","22":"product_tag-terrafina","23":"product_shipping_class-pakket","25":"first","26":"outofstock","27":"sale","28":"taxable","29":"shipping-taxable","30":"purchasable","31":"product-type-simple"},"yoast_head":"<!-- This site is optimized with the Yoast SEO plugin v27.6 - https:\/\/yoast.com\/product\/yoast-seo-wordpress\/ -->\n<title>Gekleurde Dinerborden Corals - 4-delig &#8226; UNRO<\/title>\n<meta name=\"description\" content=\"Gekleurde modern Portugese Kleurrijk Dinerborden Corals bij UNRO. Combineer jouw dinerborden met een mooie schaal, kleine of grotere kopjes en kommetjes.\" \/>\n<meta name=\"robots\" content=\"index, follow, max-snippet:-1, max-image-preview:large, max-video-preview:-1\" \/>\n<link rel=\"canonical\" href=\"https:\/\/unrostore.com\/fr-fr\/boutique\/terrafina\/coraux\/assiettes-a-diner-colorees-corail-4-pieces\/\" \/>\n<meta property=\"og:locale\" content=\"fr_FR\" \/>\n<meta property=\"og:type\" content=\"article\" \/>\n<meta property=\"og:title\" content=\"Gekleurde Dinerborden Corals - 4-delig &#8226; UNRO\" \/>\n<meta property=\"og:description\" content=\"Gekleurde modern Portugese Kleurrijk Dinerborden Corals bij UNRO. Combineer jouw dinerborden met een mooie schaal, kleine of grotere kopjes en kommetjes.\" \/>\n<meta property=\"og:url\" content=\"https:\/\/unrostore.com\/fr-fr\/boutique\/terrafina\/coraux\/assiettes-a-diner-colorees-corail-4-pieces\/\" \/>\n<meta property=\"og:site_name\" content=\"UNRO\" \/>\n<meta property=\"article:modified_time\" content=\"2026-01-19T20:37:53+00:00\" \/>\n<meta property=\"og:image\" content=\"https:\/\/unrostore.com\/wp-content\/uploads\/2023\/01\/unro-gekleurd-bord-blauw-geel.webp\" \/>\n\t<meta property=\"og:image:width\" content=\"1000\" \/>\n\t<meta property=\"og:image:height\" content=\"1000\" \/>\n\t<meta property=\"og:image:type\" content=\"image\/webp\" \/>\n<meta name=\"twitter:card\" content=\"summary_large_image\" \/>\n<script type=\"application\/ld+json\" class=\"yoast-schema-graph\">{\"@context\":\"https:\\\/\\\/schema.org\",\"@graph\":[{\"@type\":\"WebPage\",\"@id\":\"https:\\\/\\\/unrostore.com\\\/shop\\\/terrafina\\\/corals\\\/gekleurde-dinerborden-corals-4-delig\\\/\",\"url\":\"https:\\\/\\\/unrostore.com\\\/shop\\\/terrafina\\\/corals\\\/gekleurde-dinerborden-corals-4-delig\\\/\",\"name\":\"Gekleurde Dinerborden Corals - 4-delig &#8226; UNRO\",\"isPartOf\":{\"@id\":\"https:\\\/\\\/unrostore.com\\\/#website\"},\"primaryImageOfPage\":{\"@id\":\"https:\\\/\\\/unrostore.com\\\/shop\\\/terrafina\\\/corals\\\/gekleurde-dinerborden-corals-4-delig\\\/#primaryimage\"},\"image\":{\"@id\":\"https:\\\/\\\/unrostore.com\\\/shop\\\/terrafina\\\/corals\\\/gekleurde-dinerborden-corals-4-delig\\\/#primaryimage\"},\"thumbnailUrl\":\"https:\\\/\\\/unrostore.com\\\/wp-content\\\/uploads\\\/2023\\\/01\\\/unro-gekleurd-bord-blauw-geel.webp\",\"datePublished\":\"2023-01-14T11:25:45+00:00\",\"dateModified\":\"2026-01-19T20:37:53+00:00\",\"description\":\"Gekleurde modern Portugese Kleurrijk Dinerborden Corals bij UNRO. Combineer jouw dinerborden met een mooie schaal, kleine of grotere kopjes en kommetjes.\",\"breadcrumb\":{\"@id\":\"https:\\\/\\\/unrostore.com\\\/shop\\\/terrafina\\\/corals\\\/gekleurde-dinerborden-corals-4-delig\\\/#breadcrumb\"},\"inLanguage\":\"fr-FR\",\"potentialAction\":[{\"@type\":\"ReadAction\",\"target\":[\"https:\\\/\\\/unrostore.com\\\/shop\\\/terrafina\\\/corals\\\/gekleurde-dinerborden-corals-4-delig\\\/\"]}]},{\"@type\":\"ImageObject\",\"inLanguage\":\"fr-FR\",\"@id\":\"https:\\\/\\\/unrostore.com\\\/shop\\\/terrafina\\\/corals\\\/gekleurde-dinerborden-corals-4-delig\\\/#primaryimage\",\"url\":\"https:\\\/\\\/unrostore.com\\\/wp-content\\\/uploads\\\/2023\\\/01\\\/unro-gekleurd-bord-blauw-geel.webp\",\"contentUrl\":\"https:\\\/\\\/unrostore.com\\\/wp-content\\\/uploads\\\/2023\\\/01\\\/unro-gekleurd-bord-blauw-geel.webp\",\"width\":1000,\"height\":1000,\"caption\":\"gekleurde dinerborden\"},{\"@type\":\"BreadcrumbList\",\"@id\":\"https:\\\/\\\/unrostore.com\\\/shop\\\/terrafina\\\/corals\\\/gekleurde-dinerborden-corals-4-delig\\\/#breadcrumb\",\"itemListElement\":[{\"@type\":\"ListItem\",\"position\":1,\"name\":\"Home\",\"item\":\"https:\\\/\\\/unrostore.com\\\/\"},{\"@type\":\"ListItem\",\"position\":2,\"name\":\"Shop\",\"item\":\"https:\\\/\\\/unrostore.com\\\/shop\\\/\"},{\"@type\":\"ListItem\",\"position\":3,\"name\":\"Gekleurde Dinerborden Corals &#8211; 4-delig\"}]},{\"@type\":\"WebSite\",\"@id\":\"https:\\\/\\\/unrostore.com\\\/#website\",\"url\":\"https:\\\/\\\/unrostore.com\\\/\",\"name\":\"UNRO\",\"description\":\"Portugees servies waar je blij van wordt!\",\"publisher\":{\"@id\":\"https:\\\/\\\/unrostore.com\\\/#organization\"},\"potentialAction\":[{\"@type\":\"SearchAction\",\"target\":{\"@type\":\"EntryPoint\",\"urlTemplate\":\"https:\\\/\\\/unrostore.com\\\/?s={search_term_string}\"},\"query-input\":{\"@type\":\"PropertyValueSpecification\",\"valueRequired\":true,\"valueName\":\"search_term_string\"}}],\"inLanguage\":\"fr-FR\"},{\"@type\":\"Organization\",\"@id\":\"https:\\\/\\\/unrostore.com\\\/#organization\",\"name\":\"UNRO\",\"url\":\"https:\\\/\\\/unrostore.com\\\/\",\"logo\":{\"@type\":\"ImageObject\",\"inLanguage\":\"fr-FR\",\"@id\":\"https:\\\/\\\/unrostore.com\\\/#\\\/schema\\\/logo\\\/image\\\/\",\"url\":\"https:\\\/\\\/unrostore.com\\\/wp-content\\\/uploads\\\/2022\\\/05\\\/Logo-UNRO.png\",\"contentUrl\":\"https:\\\/\\\/unrostore.com\\\/wp-content\\\/uploads\\\/2022\\\/05\\\/Logo-UNRO.png\",\"width\":605,\"height\":179,\"caption\":\"UNRO\"},\"image\":{\"@id\":\"https:\\\/\\\/unrostore.com\\\/#\\\/schema\\\/logo\\\/image\\\/\"}}]}<\/script>\n<!-- \/ Yoast SEO plugin. -->","yoast_head_json":{"title":"Assiettes plates color\u00e9es Corail - 4 pi\u00e8ces - UNRO","description":"Assiettes \u00e0 d\u00eener color\u00e9es modernes portugaises Coraux chez UNRO. Combinez vos assiettes \u00e0 d\u00eener avec un joli bol, des tasses et des bols petits ou grands.","robots":{"index":"index","follow":"follow","max-snippet":"max-snippet:-1","max-image-preview":"max-image-preview:large","max-video-preview":"max-video-preview:-1"},"canonical":"https:\/\/unrostore.com\/fr-fr\/boutique\/terrafina\/coraux\/assiettes-a-diner-colorees-corail-4-pieces\/","og_locale":"fr_FR","og_type":"article","og_title":"Gekleurde Dinerborden Corals - 4-delig &#8226; UNRO","og_description":"Gekleurde modern Portugese Kleurrijk Dinerborden Corals bij UNRO. Combineer jouw dinerborden met een mooie schaal, kleine of grotere kopjes en kommetjes.","og_url":"https:\/\/unrostore.com\/fr-fr\/boutique\/terrafina\/coraux\/assiettes-a-diner-colorees-corail-4-pieces\/","og_site_name":"UNRO","article_modified_time":"2026-01-19T20:37:53+00:00","og_image":[{"width":1000,"height":1000,"url":"https:\/\/unrostore.com\/wp-content\/uploads\/2023\/01\/unro-gekleurd-bord-blauw-geel.webp","type":"image\/webp"}],"twitter_card":"summary_large_image","schema":{"@context":"https:\/\/schema.org","@graph":[{"@type":"WebPage","@id":"https:\/\/unrostore.com\/shop\/terrafina\/corals\/gekleurde-dinerborden-corals-4-delig\/","url":"https:\/\/unrostore.com\/shop\/terrafina\/corals\/gekleurde-dinerborden-corals-4-delig\/","name":"Assiettes plates color\u00e9es Corail - 4 pi\u00e8ces - UNRO","isPartOf":{"@id":"https:\/\/unrostore.com\/#website"},"primaryImageOfPage":{"@id":"https:\/\/unrostore.com\/shop\/terrafina\/corals\/gekleurde-dinerborden-corals-4-delig\/#primaryimage"},"image":{"@id":"https:\/\/unrostore.com\/shop\/terrafina\/corals\/gekleurde-dinerborden-corals-4-delig\/#primaryimage"},"thumbnailUrl":"https:\/\/unrostore.com\/wp-content\/uploads\/2023\/01\/unro-gekleurd-bord-blauw-geel.webp","datePublished":"2023-01-14T11:25:45+00:00","dateModified":"2026-01-19T20:37:53+00:00","description":"Assiettes \u00e0 d\u00eener color\u00e9es modernes portugaises Coraux chez UNRO. Combinez vos assiettes \u00e0 d\u00eener avec un joli bol, des tasses et des bols petits ou grands.","breadcrumb":{"@id":"https:\/\/unrostore.com\/shop\/terrafina\/corals\/gekleurde-dinerborden-corals-4-delig\/#breadcrumb"},"inLanguage":"fr-FR","potentialAction":[{"@type":"ReadAction","target":["https:\/\/unrostore.com\/shop\/terrafina\/corals\/gekleurde-dinerborden-corals-4-delig\/"]}]},{"@type":"ImageObject","inLanguage":"fr-FR","@id":"https:\/\/unrostore.com\/shop\/terrafina\/corals\/gekleurde-dinerborden-corals-4-delig\/#primaryimage","url":"https:\/\/unrostore.com\/wp-content\/uploads\/2023\/01\/unro-gekleurd-bord-blauw-geel.webp","contentUrl":"https:\/\/unrostore.com\/wp-content\/uploads\/2023\/01\/unro-gekleurd-bord-blauw-geel.webp","width":1000,"height":1000,"caption":"gekleurde dinerborden"},{"@type":"BreadcrumbList","@id":"https:\/\/unrostore.com\/shop\/terrafina\/corals\/gekleurde-dinerborden-corals-4-delig\/#breadcrumb","itemListElement":[{"@type":"ListItem","position":1,"name":"Home","item":"https:\/\/unrostore.com\/"},{"@type":"ListItem","position":2,"name":"Shop","item":"https:\/\/unrostore.com\/shop\/"},{"@type":"ListItem","position":3,"name":"Gekleurde Dinerborden Corals &#8211; 4-delig"}]},{"@type":"WebSite","@id":"https:\/\/unrostore.com\/#website","url":"https:\/\/unrostore.com\/","name":"UNRO","description":"De la vaisselle portugaise qui vous rendra heureux !","publisher":{"@id":"https:\/\/unrostore.com\/#organization"},"potentialAction":[{"@type":"SearchAction","target":{"@type":"EntryPoint","urlTemplate":"https:\/\/unrostore.com\/?s={search_term_string}"},"query-input":{"@type":"PropertyValueSpecification","valueRequired":true,"valueName":"search_term_string"}}],"inLanguage":"fr-FR"},{"@type":"Organization","@id":"https:\/\/unrostore.com\/#organization","name":"UNRO","url":"https:\/\/unrostore.com\/","logo":{"@type":"ImageObject","inLanguage":"fr-FR","@id":"https:\/\/unrostore.com\/#\/schema\/logo\/image\/","url":"https:\/\/unrostore.com\/wp-content\/uploads\/2022\/05\/Logo-UNRO.png","contentUrl":"https:\/\/unrostore.com\/wp-content\/uploads\/2022\/05\/Logo-UNRO.png","width":605,"height":179,"caption":"UNRO"},"image":{"@id":"https:\/\/unrostore.com\/#\/schema\/logo\/image\/"}}]}},"_links":{"self":[{"href":"https:\/\/unrostore.com\/fr-fr\/wp-json\/wp\/v2\/product\/2825","targetHints":{"allow":["GET"]}}],"collection":[{"href":"https:\/\/unrostore.com\/fr-fr\/wp-json\/wp\/v2\/product"}],"about":[{"href":"https:\/\/unrostore.com\/fr-fr\/wp-json\/wp\/v2\/types\/product"}],"wp:featuredmedia":[{"embeddable":true,"href":"https:\/\/unrostore.com\/fr-fr\/wp-json\/wp\/v2\/media\/7087"}],"wp:attachment":[{"href":"https:\/\/unrostore.com\/fr-fr\/wp-json\/wp\/v2\/media?parent=2825"}],"wp:term":[{"taxonomy":"product_brand","embeddable":true,"href":"https:\/\/unrostore.com\/fr-fr\/wp-json\/wp\/v2\/product_brand?post=2825"},{"taxonomy":"product_cat","embeddable":true,"href":"https:\/\/unrostore.com\/fr-fr\/wp-json\/wp\/v2\/product_cat?post=2825"},{"taxonomy":"product_tag","embeddable":true,"href":"https:\/\/unrostore.com\/fr-fr\/wp-json\/wp\/v2\/product_tag?post=2825"}],"curies":[{"name":"wp","href":"https:\/\/api.w.org\/{rel}","templated":true}]}}