{"id":2796,"date":"2022-12-09T17:21:33","date_gmt":"2022-12-09T17:21:33","guid":{"rendered":"https:\/\/unrostore.com\/?post_type=product&#038;p=2796"},"modified":"2026-01-19T20:37:54","modified_gmt":"2026-01-19T20:37:54","slug":"tasse-tonneau-cappuccino-bleu-vert-1-piece","status":"publish","type":"product","link":"https:\/\/unrostore.com\/fr-fr\/boutique\/ca-atlantica\/tonneau\/tasse-tonneau-cappuccino-bleu-vert-1-piece\/","title":{"rendered":"Tasse bleu vert vert baril - 1 pi\u00e8ce"},"content":{"rendered":"<h3>D\u00e9couvrez le mug bleu vert unique Barrel Green<\/h3>\n<p><span style=\"font-weight: 400;\">Le mug bleu vert Barrel green de <a href=\"https:\/\/www.companhiaatlantica.pt\/en\/about-us\/\">C\u00aa Atlantica<\/a> est d'une magnifique couleur sarcelle claire et subtilement beige. Cette tasse \u00e0 cappuccino est parfaite pour tout int\u00e9rieur et id\u00e9ale pour un usage quotidien car elle peut aller directement au lave-vaisselle, au four et au micro-ondes. Vous pouvez m\u00eame utiliser cette tasse \u00e0 th\u00e9 comme bol \u00e0 soupe ! D\u00e9couvrez d'autres mugs \u00e0 cappuccino color\u00e9s tels que le <a href=\"https:\/\/unrostore.com\/fr-fr\/boutique\/ca-atlantica\/tonneau\/barrel-cappuccino-lilac-mokken-2-delig\/\">Tasse Barrel Cappuccino Lilas<\/a>\u00a0ou <a href=\"https:\/\/unrostore.com\/fr-fr\/boutique\/ca-atlantica\/tonneau\/barrel-cappuccino-pink-mokken-2-delig\/\">Tonneau Cappuccino Rose Mug19<\/a>.<\/span><\/p>\n<p>&nbsp;<\/p>\n<h3>C'est le nombre de mugs livr\u00e9s.<\/h3>\n<ul>\n<li>1x Barrel Cappuccino Green Mugs (330 ml)<\/li>\n<\/ul>\n<p>&nbsp;<\/p>\n<p><em><strong>Durable pour les personnes et l'environnement :<br \/>\n<\/strong><\/em><em>Chaque produit est unique car il est fabriqu\u00e9 \u00e0 la main.<br \/>\nL'impression et la texture peuvent donc diff\u00e9rer l\u00e9g\u00e8rement de la photo du produit.<\/em><\/p>","protected":false},"excerpt":{"rendered":"<div class=\"usps\"><i class=\"far fa-check-circle\"><\/i> R\u00e9sistant aux micro-ondes<br \/>\n<i class=\"far fa-check-circle\"><\/i> R\u00e9siste au four (jusqu'\u00e0 200 degr\u00e9s)<br \/>\n<i class=\"far fa-check-circle\"><\/i> Lavable au lave-vaisselle<br \/>\n<i class=\"far fa-thumbs-up\"><\/i> Fait \u00e0 la main<\/div>","protected":false},"featured_media":6432,"template":"","meta":[],"product_brand":[],"product_cat":[276,120,316,132],"product_tag":[213,234,177,216,280,171,281,114,130],"class_list":{"0":"post-2796","1":"product","2":"type-product","3":"status-publish","4":"has-post-thumbnail","6":"product_cat-barrel","7":"product_cat-ca-atlantica","8":"product_cat-cappuccino-mokken","9":"product_cat-kopjes-en-mokken","10":"product_tag-barrel","11":"product_tag-beige","12":"product_tag-blauw","13":"product_tag-ca-atlantica","14":"product_tag-cappuccino","15":"product_tag-groen","16":"product_tag-koffie","17":"product_tag-mok","18":"product_tag-mokken","19":"product_shipping_class-pakket","21":"first","22":"outofstock","23":"sale","24":"taxable","25":"shipping-taxable","26":"purchasable","27":"product-type-simple"},"yoast_head":"<!-- This site is optimized with the Yoast SEO plugin v27.4 - https:\/\/yoast.com\/product\/yoast-seo-wordpress\/ -->\n<title>Blauw Groene Mok Barrel Green - 1 stuk &#8226; UNRO<\/title>\n<meta name=\"description\" content=\"De blauw groene mok Barrel Green van C\u00aa Atlantica heeft een prachtige helder licht groenblauwe met subtiel beige kleur, ontdek ze nu!\" \/>\n<meta name=\"robots\" content=\"index, follow, max-snippet:-1, max-image-preview:large, max-video-preview:-1\" \/>\n<link rel=\"canonical\" href=\"https:\/\/unrostore.com\/fr-fr\/boutique\/ca-atlantica\/tonneau\/tasse-tonneau-cappuccino-bleu-vert-1-piece\/\" \/>\n<meta property=\"og:locale\" content=\"fr_FR\" \/>\n<meta property=\"og:type\" content=\"article\" \/>\n<meta property=\"og:title\" content=\"Blauw Groene Mok Barrel Green - 1 stuk &#8226; UNRO\" \/>\n<meta property=\"og:description\" content=\"De blauw groene mok Barrel Green van C\u00aa Atlantica heeft een prachtige helder licht groenblauwe met subtiel beige kleur, ontdek ze nu!\" \/>\n<meta property=\"og:url\" content=\"https:\/\/unrostore.com\/fr-fr\/boutique\/ca-atlantica\/tonneau\/tasse-tonneau-cappuccino-bleu-vert-1-piece\/\" \/>\n<meta property=\"og:site_name\" content=\"UNRO\" \/>\n<meta property=\"article:modified_time\" content=\"2026-01-19T20:37:54+00:00\" \/>\n<meta property=\"og:image\" content=\"https:\/\/unrostore.com\/wp-content\/uploads\/2022\/12\/unro-blauw-groene-mok-portugees-servies.webp\" \/>\n\t<meta property=\"og:image:width\" content=\"1000\" \/>\n\t<meta property=\"og:image:height\" content=\"1000\" \/>\n\t<meta property=\"og:image:type\" content=\"image\/webp\" \/>\n<meta name=\"twitter:card\" content=\"summary_large_image\" \/>\n<script type=\"application\/ld+json\" class=\"yoast-schema-graph\">{\"@context\":\"https:\\\/\\\/schema.org\",\"@graph\":[{\"@type\":\"WebPage\",\"@id\":\"https:\\\/\\\/unrostore.com\\\/shop\\\/ca-atlantica\\\/barrel\\\/barrel-cappuccino-blauw-groene-mok-1-stuk\\\/\",\"url\":\"https:\\\/\\\/unrostore.com\\\/shop\\\/ca-atlantica\\\/barrel\\\/barrel-cappuccino-blauw-groene-mok-1-stuk\\\/\",\"name\":\"Blauw Groene Mok Barrel Green - 1 stuk &#8226; UNRO\",\"isPartOf\":{\"@id\":\"https:\\\/\\\/unrostore.com\\\/#website\"},\"primaryImageOfPage\":{\"@id\":\"https:\\\/\\\/unrostore.com\\\/shop\\\/ca-atlantica\\\/barrel\\\/barrel-cappuccino-blauw-groene-mok-1-stuk\\\/#primaryimage\"},\"image\":{\"@id\":\"https:\\\/\\\/unrostore.com\\\/shop\\\/ca-atlantica\\\/barrel\\\/barrel-cappuccino-blauw-groene-mok-1-stuk\\\/#primaryimage\"},\"thumbnailUrl\":\"https:\\\/\\\/unrostore.com\\\/wp-content\\\/uploads\\\/2022\\\/12\\\/unro-blauw-groene-mok-portugees-servies.webp\",\"datePublished\":\"2022-12-09T17:21:33+00:00\",\"dateModified\":\"2026-01-19T20:37:54+00:00\",\"description\":\"De blauw groene mok Barrel Green van C\u00aa Atlantica heeft een prachtige helder licht groenblauwe met subtiel beige kleur, ontdek ze nu!\",\"breadcrumb\":{\"@id\":\"https:\\\/\\\/unrostore.com\\\/shop\\\/ca-atlantica\\\/barrel\\\/barrel-cappuccino-blauw-groene-mok-1-stuk\\\/#breadcrumb\"},\"inLanguage\":\"fr-FR\",\"potentialAction\":[{\"@type\":\"ReadAction\",\"target\":[\"https:\\\/\\\/unrostore.com\\\/shop\\\/ca-atlantica\\\/barrel\\\/barrel-cappuccino-blauw-groene-mok-1-stuk\\\/\"]}]},{\"@type\":\"ImageObject\",\"inLanguage\":\"fr-FR\",\"@id\":\"https:\\\/\\\/unrostore.com\\\/shop\\\/ca-atlantica\\\/barrel\\\/barrel-cappuccino-blauw-groene-mok-1-stuk\\\/#primaryimage\",\"url\":\"https:\\\/\\\/unrostore.com\\\/wp-content\\\/uploads\\\/2022\\\/12\\\/unro-blauw-groene-mok-portugees-servies.webp\",\"contentUrl\":\"https:\\\/\\\/unrostore.com\\\/wp-content\\\/uploads\\\/2022\\\/12\\\/unro-blauw-groene-mok-portugees-servies.webp\",\"width\":1000,\"height\":1000,\"caption\":\"blauw groene mok met oor\"},{\"@type\":\"BreadcrumbList\",\"@id\":\"https:\\\/\\\/unrostore.com\\\/shop\\\/ca-atlantica\\\/barrel\\\/barrel-cappuccino-blauw-groene-mok-1-stuk\\\/#breadcrumb\",\"itemListElement\":[{\"@type\":\"ListItem\",\"position\":1,\"name\":\"Home\",\"item\":\"https:\\\/\\\/unrostore.com\\\/\"},{\"@type\":\"ListItem\",\"position\":2,\"name\":\"Shop\",\"item\":\"https:\\\/\\\/unrostore.com\\\/shop\\\/\"},{\"@type\":\"ListItem\",\"position\":3,\"name\":\"Blauw Groene Mok Barrel Green &#8211; 1 stuk\"}]},{\"@type\":\"WebSite\",\"@id\":\"https:\\\/\\\/unrostore.com\\\/#website\",\"url\":\"https:\\\/\\\/unrostore.com\\\/\",\"name\":\"UNRO\",\"description\":\"Portugees servies waar je blij van wordt!\",\"publisher\":{\"@id\":\"https:\\\/\\\/unrostore.com\\\/#organization\"},\"potentialAction\":[{\"@type\":\"SearchAction\",\"target\":{\"@type\":\"EntryPoint\",\"urlTemplate\":\"https:\\\/\\\/unrostore.com\\\/?s={search_term_string}\"},\"query-input\":{\"@type\":\"PropertyValueSpecification\",\"valueRequired\":true,\"valueName\":\"search_term_string\"}}],\"inLanguage\":\"fr-FR\"},{\"@type\":\"Organization\",\"@id\":\"https:\\\/\\\/unrostore.com\\\/#organization\",\"name\":\"UNRO\",\"url\":\"https:\\\/\\\/unrostore.com\\\/\",\"logo\":{\"@type\":\"ImageObject\",\"inLanguage\":\"fr-FR\",\"@id\":\"https:\\\/\\\/unrostore.com\\\/#\\\/schema\\\/logo\\\/image\\\/\",\"url\":\"https:\\\/\\\/unrostore.com\\\/wp-content\\\/uploads\\\/2022\\\/05\\\/Logo-UNRO.png\",\"contentUrl\":\"https:\\\/\\\/unrostore.com\\\/wp-content\\\/uploads\\\/2022\\\/05\\\/Logo-UNRO.png\",\"width\":605,\"height\":179,\"caption\":\"UNRO\"},\"image\":{\"@id\":\"https:\\\/\\\/unrostore.com\\\/#\\\/schema\\\/logo\\\/image\\\/\"}}]}<\/script>\n<!-- \/ Yoast SEO plugin. -->","yoast_head_json":{"title":"Tasse bleu vert Tonneau vert - 1 pi\u00e8ce - UNRO","description":"Le mug bleu vert Barrel Green de C\u00aa Atlantica a une magnifique couleur sarcelle claire et lumineuse avec une couleur beige subtile, d\u00e9couvrez-les maintenant !","robots":{"index":"index","follow":"follow","max-snippet":"max-snippet:-1","max-image-preview":"max-image-preview:large","max-video-preview":"max-video-preview:-1"},"canonical":"https:\/\/unrostore.com\/fr-fr\/boutique\/ca-atlantica\/tonneau\/tasse-tonneau-cappuccino-bleu-vert-1-piece\/","og_locale":"fr_FR","og_type":"article","og_title":"Blauw Groene Mok Barrel Green - 1 stuk &#8226; UNRO","og_description":"De blauw groene mok Barrel Green van C\u00aa Atlantica heeft een prachtige helder licht groenblauwe met subtiel beige kleur, ontdek ze nu!","og_url":"https:\/\/unrostore.com\/fr-fr\/boutique\/ca-atlantica\/tonneau\/tasse-tonneau-cappuccino-bleu-vert-1-piece\/","og_site_name":"UNRO","article_modified_time":"2026-01-19T20:37:54+00:00","og_image":[{"width":1000,"height":1000,"url":"https:\/\/unrostore.com\/wp-content\/uploads\/2022\/12\/unro-blauw-groene-mok-portugees-servies.webp","type":"image\/webp"}],"twitter_card":"summary_large_image","schema":{"@context":"https:\/\/schema.org","@graph":[{"@type":"WebPage","@id":"https:\/\/unrostore.com\/shop\/ca-atlantica\/barrel\/barrel-cappuccino-blauw-groene-mok-1-stuk\/","url":"https:\/\/unrostore.com\/shop\/ca-atlantica\/barrel\/barrel-cappuccino-blauw-groene-mok-1-stuk\/","name":"Tasse bleu vert Tonneau vert - 1 pi\u00e8ce - UNRO","isPartOf":{"@id":"https:\/\/unrostore.com\/#website"},"primaryImageOfPage":{"@id":"https:\/\/unrostore.com\/shop\/ca-atlantica\/barrel\/barrel-cappuccino-blauw-groene-mok-1-stuk\/#primaryimage"},"image":{"@id":"https:\/\/unrostore.com\/shop\/ca-atlantica\/barrel\/barrel-cappuccino-blauw-groene-mok-1-stuk\/#primaryimage"},"thumbnailUrl":"https:\/\/unrostore.com\/wp-content\/uploads\/2022\/12\/unro-blauw-groene-mok-portugees-servies.webp","datePublished":"2022-12-09T17:21:33+00:00","dateModified":"2026-01-19T20:37:54+00:00","description":"Le mug bleu vert Barrel Green de C\u00aa Atlantica a une magnifique couleur sarcelle claire et lumineuse avec une couleur beige subtile, d\u00e9couvrez-les maintenant !","breadcrumb":{"@id":"https:\/\/unrostore.com\/shop\/ca-atlantica\/barrel\/barrel-cappuccino-blauw-groene-mok-1-stuk\/#breadcrumb"},"inLanguage":"fr-FR","potentialAction":[{"@type":"ReadAction","target":["https:\/\/unrostore.com\/shop\/ca-atlantica\/barrel\/barrel-cappuccino-blauw-groene-mok-1-stuk\/"]}]},{"@type":"ImageObject","inLanguage":"fr-FR","@id":"https:\/\/unrostore.com\/shop\/ca-atlantica\/barrel\/barrel-cappuccino-blauw-groene-mok-1-stuk\/#primaryimage","url":"https:\/\/unrostore.com\/wp-content\/uploads\/2022\/12\/unro-blauw-groene-mok-portugees-servies.webp","contentUrl":"https:\/\/unrostore.com\/wp-content\/uploads\/2022\/12\/unro-blauw-groene-mok-portugees-servies.webp","width":1000,"height":1000,"caption":"blauw groene mok met oor"},{"@type":"BreadcrumbList","@id":"https:\/\/unrostore.com\/shop\/ca-atlantica\/barrel\/barrel-cappuccino-blauw-groene-mok-1-stuk\/#breadcrumb","itemListElement":[{"@type":"ListItem","position":1,"name":"Home","item":"https:\/\/unrostore.com\/"},{"@type":"ListItem","position":2,"name":"Shop","item":"https:\/\/unrostore.com\/shop\/"},{"@type":"ListItem","position":3,"name":"Blauw Groene Mok Barrel Green &#8211; 1 stuk"}]},{"@type":"WebSite","@id":"https:\/\/unrostore.com\/#website","url":"https:\/\/unrostore.com\/","name":"UNRO","description":"De la vaisselle portugaise qui vous rendra heureux !","publisher":{"@id":"https:\/\/unrostore.com\/#organization"},"potentialAction":[{"@type":"SearchAction","target":{"@type":"EntryPoint","urlTemplate":"https:\/\/unrostore.com\/?s={search_term_string}"},"query-input":{"@type":"PropertyValueSpecification","valueRequired":true,"valueName":"search_term_string"}}],"inLanguage":"fr-FR"},{"@type":"Organization","@id":"https:\/\/unrostore.com\/#organization","name":"UNRO","url":"https:\/\/unrostore.com\/","logo":{"@type":"ImageObject","inLanguage":"fr-FR","@id":"https:\/\/unrostore.com\/#\/schema\/logo\/image\/","url":"https:\/\/unrostore.com\/wp-content\/uploads\/2022\/05\/Logo-UNRO.png","contentUrl":"https:\/\/unrostore.com\/wp-content\/uploads\/2022\/05\/Logo-UNRO.png","width":605,"height":179,"caption":"UNRO"},"image":{"@id":"https:\/\/unrostore.com\/#\/schema\/logo\/image\/"}}]}},"_links":{"self":[{"href":"https:\/\/unrostore.com\/fr-fr\/wp-json\/wp\/v2\/product\/2796","targetHints":{"allow":["GET"]}}],"collection":[{"href":"https:\/\/unrostore.com\/fr-fr\/wp-json\/wp\/v2\/product"}],"about":[{"href":"https:\/\/unrostore.com\/fr-fr\/wp-json\/wp\/v2\/types\/product"}],"wp:featuredmedia":[{"embeddable":true,"href":"https:\/\/unrostore.com\/fr-fr\/wp-json\/wp\/v2\/media\/6432"}],"wp:attachment":[{"href":"https:\/\/unrostore.com\/fr-fr\/wp-json\/wp\/v2\/media?parent=2796"}],"wp:term":[{"taxonomy":"product_brand","embeddable":true,"href":"https:\/\/unrostore.com\/fr-fr\/wp-json\/wp\/v2\/product_brand?post=2796"},{"taxonomy":"product_cat","embeddable":true,"href":"https:\/\/unrostore.com\/fr-fr\/wp-json\/wp\/v2\/product_cat?post=2796"},{"taxonomy":"product_tag","embeddable":true,"href":"https:\/\/unrostore.com\/fr-fr\/wp-json\/wp\/v2\/product_tag?post=2796"}],"curies":[{"name":"wp","href":"https:\/\/api.w.org\/{rel}","templated":true}]}}