{"id":2777,"date":"2022-12-04T14:54:04","date_gmt":"2022-12-04T14:54:04","guid":{"rendered":"https:\/\/unrostore.com\/?post_type=product&#038;p=2777"},"modified":"2026-01-19T20:37:54","modified_gmt":"2026-01-19T20:37:54","slug":"bols-a-cereales-mar-bleu-2-pieces","status":"publish","type":"product","link":"https:\/\/unrostore.com\/fr-fr\/boutique\/ca-atlantica\/bleu-marine\/bols-a-cereales-mar-bleu-2-pieces\/","title":{"rendered":"Bols Mar Blue - 2 pi\u00e8ces"},"content":{"rendered":"<h3>R\u00eaver au bord de la mer avec les bols Mar Blue<\/h3>\n<p><span style=\"font-weight: 400;\">Le <strong>Bols Mar Blue<\/strong>\u00a0de <a href=\"https:\/\/www.companhiaatlantica.pt\/en\/about-us\/\">C\u00aa Atlantica<\/a> sont tr\u00e8s polyvalents. <\/span><span style=\"font-weight: 400;\">Id\u00e9al pour la table avec les assiettes \u00e0 salade MAR Blue ou comme bol pour le go\u00fbter, la soupe ou le petit d\u00e9jeuner. D\u00e9couvrez les possibilit\u00e9s infinies des bols \u00e0 c\u00e9r\u00e9ales MAR Blue ! La magnifique couleur bleu fonc\u00e9 et l'ext\u00e9rieur blanc mat rappellent et s'inspirent des vagues de la mer. Compl\u00e9tez les bols avec les <a href=\"https:\/\/unrostore.com\/fr-fr\/boutique\/ca-atlantica\/bleu-marine\/mar-blue-salad-plates-2-delig\/\">Assiettes \u00e0 d\u00e9jeuner Mar Blue - 2 pi\u00e8ces<\/a> Ou d\u00e9couvrez la belle couleur rose de la <a href=\"https:\/\/unrostore.com\/fr-fr\/boutique\/ca-atlantica\/mar-rose-2\/mar-pink-salad-plates-2-delig-kopie\/\">Mar Pink Ontbijtborden \u2013 2-delig<\/a>.<\/span><\/p>\n<h3><\/h3>\n<h3>C'est le nombre de bols qui vous sont livr\u00e9s<\/h3>\n<ul>\n<li>2x Mar Blue Kommen \u2013 2-delig<\/li>\n<\/ul>\n<p>\u00a0<\/p>\n<p><em><strong>Duurzaam voor mens & milieu:<\/strong><br \/>\nChaque produit est unique car il est fabriqu\u00e9 \u00e0 la main.<br \/>\nL'impression et la texture peuvent donc diff\u00e9rer l\u00e9g\u00e8rement de la photo du produit.<\/em><\/p>","protected":false},"excerpt":{"rendered":"<div class=\"usps\"><i class=\"far fa-check-circle\"><\/i> R\u00e9sistant aux micro-ondes<br \/>\n<i class=\"far fa-check-circle\"><\/i> R\u00e9siste au four (jusqu'\u00e0 200 degr\u00e9s)<br \/>\n<i class=\"far fa-check-circle\"><\/i> Lavable au lave-vaisselle<br \/>\n<i class=\"far fa-thumbs-up\"><\/i> Fait \u00e0 la main<\/div>","protected":false},"featured_media":3405,"template":"","meta":[],"product_brand":[],"product_cat":[120,135,195],"product_tag":[177,216,601,133,240,137,131,245,241,242,603],"class_list":{"0":"post-2777","1":"product","2":"type-product","3":"status-publish","4":"has-post-thumbnail","6":"product_cat-ca-atlantica","7":"product_cat-kommen","8":"product_cat-mar-blue","9":"product_tag-blauw","10":"product_tag-ca-atlantica","11":"product_tag-hapjesschaal","12":"product_tag-klein","13":"product_tag-kleine-kom","14":"product_tag-kom","15":"product_tag-kommen","16":"product_tag-mar","17":"product_tag-muesli","18":"product_tag-ontbijt","19":"product_tag-yoghurt","20":"product_shipping_class-pakket","22":"first","23":"outofstock","24":"sale","25":"taxable","26":"shipping-taxable","27":"purchasable","28":"product-type-simple"},"yoast_head":"<!-- This site is optimized with the Yoast SEO plugin v27.5 - https:\/\/yoast.com\/product\/yoast-seo-wordpress\/ -->\n<title>Mar Blue Kommen - 2-delig Kleine Kom &#8226; UNRO<\/title>\n<meta name=\"description\" content=\"De MAR Blue Kommen - 2-delig zijn ideaal als snack-, soep- of ontbijstchaaltje. Ontdek de eindeloze mogelijkheden van de MAR Blue Cereal Bowls nu zelf!\" \/>\n<meta name=\"robots\" content=\"index, follow, max-snippet:-1, max-image-preview:large, max-video-preview:-1\" \/>\n<link rel=\"canonical\" href=\"https:\/\/unrostore.com\/fr-fr\/boutique\/ca-atlantica\/bleu-marine\/bols-a-cereales-mar-bleu-2-pieces\/\" \/>\n<meta property=\"og:locale\" content=\"fr_FR\" \/>\n<meta property=\"og:type\" content=\"article\" \/>\n<meta property=\"og:title\" content=\"Mar Blue Kommen - 2-delig Kleine Kom &#8226; UNRO\" \/>\n<meta property=\"og:description\" content=\"De MAR Blue Kommen - 2-delig zijn ideaal als snack-, soep- of ontbijstchaaltje. Ontdek de eindeloze mogelijkheden van de MAR Blue Cereal Bowls nu zelf!\" \/>\n<meta property=\"og:url\" content=\"https:\/\/unrostore.com\/fr-fr\/boutique\/ca-atlantica\/bleu-marine\/bols-a-cereales-mar-bleu-2-pieces\/\" \/>\n<meta property=\"og:site_name\" content=\"UNRO\" \/>\n<meta property=\"article:modified_time\" content=\"2026-01-19T20:37:54+00:00\" \/>\n<meta property=\"og:image\" content=\"https:\/\/unrostore.com\/wp-content\/uploads\/2022\/12\/unro-portugees-servies-mar-blue-kommen-2-delig.jpeg\" \/>\n\t<meta property=\"og:image:width\" content=\"2560\" \/>\n\t<meta property=\"og:image:height\" content=\"2436\" \/>\n\t<meta property=\"og:image:type\" content=\"image\/jpeg\" \/>\n<meta name=\"twitter:card\" content=\"summary_large_image\" \/>\n<script type=\"application\/ld+json\" class=\"yoast-schema-graph\">{\"@context\":\"https:\\\/\\\/schema.org\",\"@graph\":[{\"@type\":\"WebPage\",\"@id\":\"https:\\\/\\\/unrostore.com\\\/shop\\\/ca-atlantica\\\/mar-blue\\\/mar-blue-cereal-bowls-2-delig\\\/\",\"url\":\"https:\\\/\\\/unrostore.com\\\/shop\\\/ca-atlantica\\\/mar-blue\\\/mar-blue-cereal-bowls-2-delig\\\/\",\"name\":\"Mar Blue Kommen - 2-delig Kleine Kom &#8226; UNRO\",\"isPartOf\":{\"@id\":\"https:\\\/\\\/unrostore.com\\\/#website\"},\"primaryImageOfPage\":{\"@id\":\"https:\\\/\\\/unrostore.com\\\/shop\\\/ca-atlantica\\\/mar-blue\\\/mar-blue-cereal-bowls-2-delig\\\/#primaryimage\"},\"image\":{\"@id\":\"https:\\\/\\\/unrostore.com\\\/shop\\\/ca-atlantica\\\/mar-blue\\\/mar-blue-cereal-bowls-2-delig\\\/#primaryimage\"},\"thumbnailUrl\":\"https:\\\/\\\/unrostore.com\\\/wp-content\\\/uploads\\\/2022\\\/12\\\/unro-portugees-servies-mar-blue-kommen-2-delig.jpeg\",\"datePublished\":\"2022-12-04T14:54:04+00:00\",\"dateModified\":\"2026-01-19T20:37:54+00:00\",\"description\":\"De MAR Blue Kommen - 2-delig zijn ideaal als snack-, soep- of ontbijstchaaltje. Ontdek de eindeloze mogelijkheden van de MAR Blue Cereal Bowls nu zelf!\",\"breadcrumb\":{\"@id\":\"https:\\\/\\\/unrostore.com\\\/shop\\\/ca-atlantica\\\/mar-blue\\\/mar-blue-cereal-bowls-2-delig\\\/#breadcrumb\"},\"inLanguage\":\"fr-FR\",\"potentialAction\":[{\"@type\":\"ReadAction\",\"target\":[\"https:\\\/\\\/unrostore.com\\\/shop\\\/ca-atlantica\\\/mar-blue\\\/mar-blue-cereal-bowls-2-delig\\\/\"]}]},{\"@type\":\"ImageObject\",\"inLanguage\":\"fr-FR\",\"@id\":\"https:\\\/\\\/unrostore.com\\\/shop\\\/ca-atlantica\\\/mar-blue\\\/mar-blue-cereal-bowls-2-delig\\\/#primaryimage\",\"url\":\"https:\\\/\\\/unrostore.com\\\/wp-content\\\/uploads\\\/2022\\\/12\\\/unro-portugees-servies-mar-blue-kommen-2-delig.jpeg\",\"contentUrl\":\"https:\\\/\\\/unrostore.com\\\/wp-content\\\/uploads\\\/2022\\\/12\\\/unro-portugees-servies-mar-blue-kommen-2-delig.jpeg\",\"width\":2560,\"height\":2436,\"caption\":\"Mar Blue Kommen - 2-delig Portugees Keramiek Servies exclusief bij UNRO.\"},{\"@type\":\"BreadcrumbList\",\"@id\":\"https:\\\/\\\/unrostore.com\\\/shop\\\/ca-atlantica\\\/mar-blue\\\/mar-blue-cereal-bowls-2-delig\\\/#breadcrumb\",\"itemListElement\":[{\"@type\":\"ListItem\",\"position\":1,\"name\":\"Home\",\"item\":\"https:\\\/\\\/unrostore.com\\\/\"},{\"@type\":\"ListItem\",\"position\":2,\"name\":\"Shop\",\"item\":\"https:\\\/\\\/unrostore.com\\\/shop\\\/\"},{\"@type\":\"ListItem\",\"position\":3,\"name\":\"Mar Blue Kommen &#8211; 2-delig\"}]},{\"@type\":\"WebSite\",\"@id\":\"https:\\\/\\\/unrostore.com\\\/#website\",\"url\":\"https:\\\/\\\/unrostore.com\\\/\",\"name\":\"UNRO\",\"description\":\"Portugees servies waar je blij van wordt!\",\"publisher\":{\"@id\":\"https:\\\/\\\/unrostore.com\\\/#organization\"},\"potentialAction\":[{\"@type\":\"SearchAction\",\"target\":{\"@type\":\"EntryPoint\",\"urlTemplate\":\"https:\\\/\\\/unrostore.com\\\/?s={search_term_string}\"},\"query-input\":{\"@type\":\"PropertyValueSpecification\",\"valueRequired\":true,\"valueName\":\"search_term_string\"}}],\"inLanguage\":\"fr-FR\"},{\"@type\":\"Organization\",\"@id\":\"https:\\\/\\\/unrostore.com\\\/#organization\",\"name\":\"UNRO\",\"url\":\"https:\\\/\\\/unrostore.com\\\/\",\"logo\":{\"@type\":\"ImageObject\",\"inLanguage\":\"fr-FR\",\"@id\":\"https:\\\/\\\/unrostore.com\\\/#\\\/schema\\\/logo\\\/image\\\/\",\"url\":\"https:\\\/\\\/unrostore.com\\\/wp-content\\\/uploads\\\/2022\\\/05\\\/Logo-UNRO.png\",\"contentUrl\":\"https:\\\/\\\/unrostore.com\\\/wp-content\\\/uploads\\\/2022\\\/05\\\/Logo-UNRO.png\",\"width\":605,\"height\":179,\"caption\":\"UNRO\"},\"image\":{\"@id\":\"https:\\\/\\\/unrostore.com\\\/#\\\/schema\\\/logo\\\/image\\\/\"}}]}<\/script>\n<!-- \/ Yoast SEO plugin. -->","yoast_head_json":{"title":"Mar Blue Bowls - Petit bol 2 pi\u00e8ces - UNRO","description":"Les bols MAR Blue - 2 pi\u00e8ces sont id\u00e9aux pour le go\u00fbter, la soupe ou le petit-d\u00e9jeuner. D\u00e9couvrez les possibilit\u00e9s infinies des bols \u00e0 c\u00e9r\u00e9ales MAR Blue !","robots":{"index":"index","follow":"follow","max-snippet":"max-snippet:-1","max-image-preview":"max-image-preview:large","max-video-preview":"max-video-preview:-1"},"canonical":"https:\/\/unrostore.com\/fr-fr\/boutique\/ca-atlantica\/bleu-marine\/bols-a-cereales-mar-bleu-2-pieces\/","og_locale":"fr_FR","og_type":"article","og_title":"Mar Blue Kommen - 2-delig Kleine Kom &#8226; UNRO","og_description":"De MAR Blue Kommen - 2-delig zijn ideaal als snack-, soep- of ontbijstchaaltje. Ontdek de eindeloze mogelijkheden van de MAR Blue Cereal Bowls nu zelf!","og_url":"https:\/\/unrostore.com\/fr-fr\/boutique\/ca-atlantica\/bleu-marine\/bols-a-cereales-mar-bleu-2-pieces\/","og_site_name":"UNRO","article_modified_time":"2026-01-19T20:37:54+00:00","og_image":[{"width":2560,"height":2436,"url":"https:\/\/unrostore.com\/wp-content\/uploads\/2022\/12\/unro-portugees-servies-mar-blue-kommen-2-delig.jpeg","type":"image\/jpeg"}],"twitter_card":"summary_large_image","schema":{"@context":"https:\/\/schema.org","@graph":[{"@type":"WebPage","@id":"https:\/\/unrostore.com\/shop\/ca-atlantica\/mar-blue\/mar-blue-cereal-bowls-2-delig\/","url":"https:\/\/unrostore.com\/shop\/ca-atlantica\/mar-blue\/mar-blue-cereal-bowls-2-delig\/","name":"Mar Blue Bowls - Petit bol 2 pi\u00e8ces - UNRO","isPartOf":{"@id":"https:\/\/unrostore.com\/#website"},"primaryImageOfPage":{"@id":"https:\/\/unrostore.com\/shop\/ca-atlantica\/mar-blue\/mar-blue-cereal-bowls-2-delig\/#primaryimage"},"image":{"@id":"https:\/\/unrostore.com\/shop\/ca-atlantica\/mar-blue\/mar-blue-cereal-bowls-2-delig\/#primaryimage"},"thumbnailUrl":"https:\/\/unrostore.com\/wp-content\/uploads\/2022\/12\/unro-portugees-servies-mar-blue-kommen-2-delig.jpeg","datePublished":"2022-12-04T14:54:04+00:00","dateModified":"2026-01-19T20:37:54+00:00","description":"Les bols MAR Blue - 2 pi\u00e8ces sont id\u00e9aux pour le go\u00fbter, la soupe ou le petit-d\u00e9jeuner. D\u00e9couvrez les possibilit\u00e9s infinies des bols \u00e0 c\u00e9r\u00e9ales MAR Blue !","breadcrumb":{"@id":"https:\/\/unrostore.com\/shop\/ca-atlantica\/mar-blue\/mar-blue-cereal-bowls-2-delig\/#breadcrumb"},"inLanguage":"fr-FR","potentialAction":[{"@type":"ReadAction","target":["https:\/\/unrostore.com\/shop\/ca-atlantica\/mar-blue\/mar-blue-cereal-bowls-2-delig\/"]}]},{"@type":"ImageObject","inLanguage":"fr-FR","@id":"https:\/\/unrostore.com\/shop\/ca-atlantica\/mar-blue\/mar-blue-cereal-bowls-2-delig\/#primaryimage","url":"https:\/\/unrostore.com\/wp-content\/uploads\/2022\/12\/unro-portugees-servies-mar-blue-kommen-2-delig.jpeg","contentUrl":"https:\/\/unrostore.com\/wp-content\/uploads\/2022\/12\/unro-portugees-servies-mar-blue-kommen-2-delig.jpeg","width":2560,"height":2436,"caption":"Mar Blue Kommen - 2-delig Portugees Keramiek Servies exclusief bij UNRO."},{"@type":"BreadcrumbList","@id":"https:\/\/unrostore.com\/shop\/ca-atlantica\/mar-blue\/mar-blue-cereal-bowls-2-delig\/#breadcrumb","itemListElement":[{"@type":"ListItem","position":1,"name":"Home","item":"https:\/\/unrostore.com\/"},{"@type":"ListItem","position":2,"name":"Shop","item":"https:\/\/unrostore.com\/shop\/"},{"@type":"ListItem","position":3,"name":"Mar Blue Kommen &#8211; 2-delig"}]},{"@type":"WebSite","@id":"https:\/\/unrostore.com\/#website","url":"https:\/\/unrostore.com\/","name":"UNRO","description":"De la vaisselle portugaise qui vous rendra heureux !","publisher":{"@id":"https:\/\/unrostore.com\/#organization"},"potentialAction":[{"@type":"SearchAction","target":{"@type":"EntryPoint","urlTemplate":"https:\/\/unrostore.com\/?s={search_term_string}"},"query-input":{"@type":"PropertyValueSpecification","valueRequired":true,"valueName":"search_term_string"}}],"inLanguage":"fr-FR"},{"@type":"Organization","@id":"https:\/\/unrostore.com\/#organization","name":"UNRO","url":"https:\/\/unrostore.com\/","logo":{"@type":"ImageObject","inLanguage":"fr-FR","@id":"https:\/\/unrostore.com\/#\/schema\/logo\/image\/","url":"https:\/\/unrostore.com\/wp-content\/uploads\/2022\/05\/Logo-UNRO.png","contentUrl":"https:\/\/unrostore.com\/wp-content\/uploads\/2022\/05\/Logo-UNRO.png","width":605,"height":179,"caption":"UNRO"},"image":{"@id":"https:\/\/unrostore.com\/#\/schema\/logo\/image\/"}}]}},"_links":{"self":[{"href":"https:\/\/unrostore.com\/fr-fr\/wp-json\/wp\/v2\/product\/2777","targetHints":{"allow":["GET"]}}],"collection":[{"href":"https:\/\/unrostore.com\/fr-fr\/wp-json\/wp\/v2\/product"}],"about":[{"href":"https:\/\/unrostore.com\/fr-fr\/wp-json\/wp\/v2\/types\/product"}],"wp:featuredmedia":[{"embeddable":true,"href":"https:\/\/unrostore.com\/fr-fr\/wp-json\/wp\/v2\/media\/3405"}],"wp:attachment":[{"href":"https:\/\/unrostore.com\/fr-fr\/wp-json\/wp\/v2\/media?parent=2777"}],"wp:term":[{"taxonomy":"product_brand","embeddable":true,"href":"https:\/\/unrostore.com\/fr-fr\/wp-json\/wp\/v2\/product_brand?post=2777"},{"taxonomy":"product_cat","embeddable":true,"href":"https:\/\/unrostore.com\/fr-fr\/wp-json\/wp\/v2\/product_cat?post=2777"},{"taxonomy":"product_tag","embeddable":true,"href":"https:\/\/unrostore.com\/fr-fr\/wp-json\/wp\/v2\/product_tag?post=2777"}],"curies":[{"name":"wp","href":"https:\/\/api.w.org\/{rel}","templated":true}]}}