{"id":2764,"date":"2022-12-04T14:28:25","date_gmt":"2022-12-04T14:28:25","guid":{"rendered":"https:\/\/unrostore.com\/?post_type=product&#038;p=2764"},"modified":"2026-01-19T20:37:54","modified_gmt":"2026-01-19T20:37:54","slug":"mar-rose-plat-de-service-moyen","status":"publish","type":"product","link":"https:\/\/unrostore.com\/fr-fr\/boutique\/ca-atlantica\/mar-rose-2\/mar-rose-plat-de-service-moyen\/","title":{"rendered":"Mar Pink Plat de service moyen"},"content":{"rendered":"<h3>Le r\u00eave rose de tous : le bol de service Mar Pink<\/h3>\n<p><span style=\"font-weight: 400;\">D\u00e9couvrez maintenant la polyvalence de ce plateau de service Mar Pink Serving Tray Medium de la marque portugaise <a href=\"https:\/\/www.companhiaatlantica.pt\/en\/about-us\/\">C\u00aa Atlantica<\/a> et \u00e9gayez votre int\u00e9rieur avec cette jolie couleur rose. Un plat id\u00e9al pour pr\u00e9senter vos sushis ou un autre plat d\u00e9licieux : la salade caprese par exemple. Avec ce plat ovale, vous ne pourrez plus quitter votre nuage rose ! A combiner avec le <a href=\"https:\/\/unrostore.com\/fr-fr\/boutique\/ca-atlantica\/mar-rose-2\/mar-pink-salad-plates-2-delig-kopie\/\">Assiettes \u00e0 d\u00e9jeuner Mar Pink<\/a> pour compl\u00e9ter votre r\u00e9union. Vous pouvez \u00e9galement combiner le bol de service avec le <a href=\"https:\/\/unrostore.com\/fr-fr\/boutique\/ca-atlantica\/mar-rose-2\/mar-pink-dinner-plates-2-delig\/\">Assiettes plates Mar Pink<\/a> pour un d\u00e9jeuner ou un d\u00eener d\u00e9licieux !<\/span><\/p>\n<p>&nbsp;<\/p>\n<h3>C'est le num\u00e9ro que vous recevez<\/h3>\n<ul>\n<li>1x Mar Pink Serving Tray Medium<\/li>\n<\/ul>\n<p><em><strong>Durable pour les personnes et l'environnement :<\/strong><br \/>\nChaque produit est unique car il est fabriqu\u00e9 \u00e0 la main.<br \/>\nL'impression et la texture peuvent donc diff\u00e9rer l\u00e9g\u00e8rement de la photo du produit.<\/em><\/p>","protected":false},"excerpt":{"rendered":"<div class=\"usps\"><i class=\"far fa-check-circle\"><\/i> R\u00e9sistant aux micro-ondes<br \/>\n<i class=\"far fa-check-circle\"><\/i> R\u00e9siste au four (jusqu'\u00e0 200 degr\u00e9s)<br \/>\n<i class=\"far fa-check-circle\"><\/i> Lavable au lave-vaisselle<br \/>\n<i class=\"far fa-thumbs-up\"><\/i> Fait \u00e0 la main<\/div>","protected":false},"featured_media":3412,"template":"","meta":[],"product_brand":[],"product_cat":[120,196,138],"product_tag":[216,601,245,261,278,260,215,252,148],"class_list":{"0":"post-2764","1":"product","2":"type-product","3":"status-publish","4":"has-post-thumbnail","6":"product_cat-ca-atlantica","7":"product_cat-mar-pink","8":"product_cat-serveerschalen","9":"product_tag-ca-atlantica","10":"product_tag-hapjesschaal","11":"product_tag-mar","12":"product_tag-middel","13":"product_tag-middelgroot","14":"product_tag-ovaal","15":"product_tag-roze","16":"product_tag-schaal","17":"product_tag-serveerschaal","18":"product_shipping_class-pakket","20":"first","21":"instock","22":"sale","23":"taxable","24":"shipping-taxable","25":"purchasable","26":"product-type-simple"},"yoast_head":"<!-- This site is optimized with the Yoast SEO plugin v27.4 - https:\/\/yoast.com\/product\/yoast-seo-wordpress\/ -->\n<title>Mar Pink Serveerschaal Middelgroot &#8226; UNRO<\/title>\n<meta name=\"description\" content=\"Met de Mar Pink Serveerschaal Middelgroot ben jij niet meer van je roze wolk te krijgen. Fleur nu jouw interieur op met deze mooie roze kleur!\" \/>\n<meta name=\"robots\" content=\"index, follow, max-snippet:-1, max-image-preview:large, max-video-preview:-1\" \/>\n<link rel=\"canonical\" href=\"https:\/\/unrostore.com\/fr-fr\/boutique\/ca-atlantica\/mar-rose-2\/mar-rose-plat-de-service-moyen\/\" \/>\n<meta property=\"og:locale\" content=\"fr_FR\" \/>\n<meta property=\"og:type\" content=\"article\" \/>\n<meta property=\"og:title\" content=\"Mar Pink Serveerschaal Middelgroot &#8226; UNRO\" \/>\n<meta property=\"og:description\" content=\"Met de Mar Pink Serveerschaal Middelgroot ben jij niet meer van je roze wolk te krijgen. Fleur nu jouw interieur op met deze mooie roze kleur!\" \/>\n<meta property=\"og:url\" content=\"https:\/\/unrostore.com\/fr-fr\/boutique\/ca-atlantica\/mar-rose-2\/mar-rose-plat-de-service-moyen\/\" \/>\n<meta property=\"og:site_name\" content=\"UNRO\" \/>\n<meta property=\"article:modified_time\" content=\"2026-01-19T20:37:54+00:00\" \/>\n<meta property=\"og:image\" content=\"https:\/\/unrostore.com\/wp-content\/uploads\/2022\/12\/unro-portugees-servies-mar-pink-serveerschaal-middelgroot.jpeg\" \/>\n\t<meta property=\"og:image:width\" content=\"2560\" \/>\n\t<meta property=\"og:image:height\" content=\"2442\" \/>\n\t<meta property=\"og:image:type\" content=\"image\/jpeg\" \/>\n<meta name=\"twitter:card\" content=\"summary_large_image\" \/>\n<script type=\"application\/ld+json\" class=\"yoast-schema-graph\">{\"@context\":\"https:\\\/\\\/schema.org\",\"@graph\":[{\"@type\":\"WebPage\",\"@id\":\"https:\\\/\\\/unrostore.com\\\/shop\\\/ca-atlantica\\\/mar-pink\\\/mar-pink-serveerschaal-middelgroot\\\/\",\"url\":\"https:\\\/\\\/unrostore.com\\\/shop\\\/ca-atlantica\\\/mar-pink\\\/mar-pink-serveerschaal-middelgroot\\\/\",\"name\":\"Mar Pink Serveerschaal Middelgroot &#8226; UNRO\",\"isPartOf\":{\"@id\":\"https:\\\/\\\/unrostore.com\\\/#website\"},\"primaryImageOfPage\":{\"@id\":\"https:\\\/\\\/unrostore.com\\\/shop\\\/ca-atlantica\\\/mar-pink\\\/mar-pink-serveerschaal-middelgroot\\\/#primaryimage\"},\"image\":{\"@id\":\"https:\\\/\\\/unrostore.com\\\/shop\\\/ca-atlantica\\\/mar-pink\\\/mar-pink-serveerschaal-middelgroot\\\/#primaryimage\"},\"thumbnailUrl\":\"https:\\\/\\\/unrostore.com\\\/wp-content\\\/uploads\\\/2022\\\/12\\\/unro-portugees-servies-mar-pink-serveerschaal-middelgroot.jpeg\",\"datePublished\":\"2022-12-04T14:28:25+00:00\",\"dateModified\":\"2026-01-19T20:37:54+00:00\",\"description\":\"Met de Mar Pink Serveerschaal Middelgroot ben jij niet meer van je roze wolk te krijgen. Fleur nu jouw interieur op met deze mooie roze kleur!\",\"breadcrumb\":{\"@id\":\"https:\\\/\\\/unrostore.com\\\/shop\\\/ca-atlantica\\\/mar-pink\\\/mar-pink-serveerschaal-middelgroot\\\/#breadcrumb\"},\"inLanguage\":\"fr-FR\",\"potentialAction\":[{\"@type\":\"ReadAction\",\"target\":[\"https:\\\/\\\/unrostore.com\\\/shop\\\/ca-atlantica\\\/mar-pink\\\/mar-pink-serveerschaal-middelgroot\\\/\"]}]},{\"@type\":\"ImageObject\",\"inLanguage\":\"fr-FR\",\"@id\":\"https:\\\/\\\/unrostore.com\\\/shop\\\/ca-atlantica\\\/mar-pink\\\/mar-pink-serveerschaal-middelgroot\\\/#primaryimage\",\"url\":\"https:\\\/\\\/unrostore.com\\\/wp-content\\\/uploads\\\/2022\\\/12\\\/unro-portugees-servies-mar-pink-serveerschaal-middelgroot.jpeg\",\"contentUrl\":\"https:\\\/\\\/unrostore.com\\\/wp-content\\\/uploads\\\/2022\\\/12\\\/unro-portugees-servies-mar-pink-serveerschaal-middelgroot.jpeg\",\"width\":2560,\"height\":2442,\"caption\":\"Mar Pink Serveerschaal Middelgroot Portugees Keramiek Servies exclusief bij UNRO.\"},{\"@type\":\"BreadcrumbList\",\"@id\":\"https:\\\/\\\/unrostore.com\\\/shop\\\/ca-atlantica\\\/mar-pink\\\/mar-pink-serveerschaal-middelgroot\\\/#breadcrumb\",\"itemListElement\":[{\"@type\":\"ListItem\",\"position\":1,\"name\":\"Home\",\"item\":\"https:\\\/\\\/unrostore.com\\\/\"},{\"@type\":\"ListItem\",\"position\":2,\"name\":\"Shop\",\"item\":\"https:\\\/\\\/unrostore.com\\\/shop\\\/\"},{\"@type\":\"ListItem\",\"position\":3,\"name\":\"Mar Pink Serveerschaal Middelgroot\"}]},{\"@type\":\"WebSite\",\"@id\":\"https:\\\/\\\/unrostore.com\\\/#website\",\"url\":\"https:\\\/\\\/unrostore.com\\\/\",\"name\":\"UNRO\",\"description\":\"Portugees servies waar je blij van wordt!\",\"publisher\":{\"@id\":\"https:\\\/\\\/unrostore.com\\\/#organization\"},\"potentialAction\":[{\"@type\":\"SearchAction\",\"target\":{\"@type\":\"EntryPoint\",\"urlTemplate\":\"https:\\\/\\\/unrostore.com\\\/?s={search_term_string}\"},\"query-input\":{\"@type\":\"PropertyValueSpecification\",\"valueRequired\":true,\"valueName\":\"search_term_string\"}}],\"inLanguage\":\"fr-FR\"},{\"@type\":\"Organization\",\"@id\":\"https:\\\/\\\/unrostore.com\\\/#organization\",\"name\":\"UNRO\",\"url\":\"https:\\\/\\\/unrostore.com\\\/\",\"logo\":{\"@type\":\"ImageObject\",\"inLanguage\":\"fr-FR\",\"@id\":\"https:\\\/\\\/unrostore.com\\\/#\\\/schema\\\/logo\\\/image\\\/\",\"url\":\"https:\\\/\\\/unrostore.com\\\/wp-content\\\/uploads\\\/2022\\\/05\\\/Logo-UNRO.png\",\"contentUrl\":\"https:\\\/\\\/unrostore.com\\\/wp-content\\\/uploads\\\/2022\\\/05\\\/Logo-UNRO.png\",\"width\":605,\"height\":179,\"caption\":\"UNRO\"},\"image\":{\"@id\":\"https:\\\/\\\/unrostore.com\\\/#\\\/schema\\\/logo\\\/image\\\/\"}}]}<\/script>\n<!-- \/ Yoast SEO plugin. -->","yoast_head_json":{"title":"Mar Pink Plat de service moyen - UNRO","description":"Avec le plateau de service Mar Pink Serving Tray Medium, vous ne pourrez plus quitter votre nuage rose. Egayez votre int\u00e9rieur avec cette belle couleur rose !","robots":{"index":"index","follow":"follow","max-snippet":"max-snippet:-1","max-image-preview":"max-image-preview:large","max-video-preview":"max-video-preview:-1"},"canonical":"https:\/\/unrostore.com\/fr-fr\/boutique\/ca-atlantica\/mar-rose-2\/mar-rose-plat-de-service-moyen\/","og_locale":"fr_FR","og_type":"article","og_title":"Mar Pink Serveerschaal Middelgroot &#8226; UNRO","og_description":"Met de Mar Pink Serveerschaal Middelgroot ben jij niet meer van je roze wolk te krijgen. Fleur nu jouw interieur op met deze mooie roze kleur!","og_url":"https:\/\/unrostore.com\/fr-fr\/boutique\/ca-atlantica\/mar-rose-2\/mar-rose-plat-de-service-moyen\/","og_site_name":"UNRO","article_modified_time":"2026-01-19T20:37:54+00:00","og_image":[{"width":2560,"height":2442,"url":"https:\/\/unrostore.com\/wp-content\/uploads\/2022\/12\/unro-portugees-servies-mar-pink-serveerschaal-middelgroot.jpeg","type":"image\/jpeg"}],"twitter_card":"summary_large_image","schema":{"@context":"https:\/\/schema.org","@graph":[{"@type":"WebPage","@id":"https:\/\/unrostore.com\/shop\/ca-atlantica\/mar-pink\/mar-pink-serveerschaal-middelgroot\/","url":"https:\/\/unrostore.com\/shop\/ca-atlantica\/mar-pink\/mar-pink-serveerschaal-middelgroot\/","name":"Mar Pink Plat de service moyen - UNRO","isPartOf":{"@id":"https:\/\/unrostore.com\/#website"},"primaryImageOfPage":{"@id":"https:\/\/unrostore.com\/shop\/ca-atlantica\/mar-pink\/mar-pink-serveerschaal-middelgroot\/#primaryimage"},"image":{"@id":"https:\/\/unrostore.com\/shop\/ca-atlantica\/mar-pink\/mar-pink-serveerschaal-middelgroot\/#primaryimage"},"thumbnailUrl":"https:\/\/unrostore.com\/wp-content\/uploads\/2022\/12\/unro-portugees-servies-mar-pink-serveerschaal-middelgroot.jpeg","datePublished":"2022-12-04T14:28:25+00:00","dateModified":"2026-01-19T20:37:54+00:00","description":"Avec le plateau de service Mar Pink Serving Tray Medium, vous ne pourrez plus quitter votre nuage rose. Egayez votre int\u00e9rieur avec cette belle couleur rose !","breadcrumb":{"@id":"https:\/\/unrostore.com\/shop\/ca-atlantica\/mar-pink\/mar-pink-serveerschaal-middelgroot\/#breadcrumb"},"inLanguage":"fr-FR","potentialAction":[{"@type":"ReadAction","target":["https:\/\/unrostore.com\/shop\/ca-atlantica\/mar-pink\/mar-pink-serveerschaal-middelgroot\/"]}]},{"@type":"ImageObject","inLanguage":"fr-FR","@id":"https:\/\/unrostore.com\/shop\/ca-atlantica\/mar-pink\/mar-pink-serveerschaal-middelgroot\/#primaryimage","url":"https:\/\/unrostore.com\/wp-content\/uploads\/2022\/12\/unro-portugees-servies-mar-pink-serveerschaal-middelgroot.jpeg","contentUrl":"https:\/\/unrostore.com\/wp-content\/uploads\/2022\/12\/unro-portugees-servies-mar-pink-serveerschaal-middelgroot.jpeg","width":2560,"height":2442,"caption":"Mar Pink Serveerschaal Middelgroot Portugees Keramiek Servies exclusief bij UNRO."},{"@type":"BreadcrumbList","@id":"https:\/\/unrostore.com\/shop\/ca-atlantica\/mar-pink\/mar-pink-serveerschaal-middelgroot\/#breadcrumb","itemListElement":[{"@type":"ListItem","position":1,"name":"Home","item":"https:\/\/unrostore.com\/"},{"@type":"ListItem","position":2,"name":"Shop","item":"https:\/\/unrostore.com\/shop\/"},{"@type":"ListItem","position":3,"name":"Mar Pink Serveerschaal Middelgroot"}]},{"@type":"WebSite","@id":"https:\/\/unrostore.com\/#website","url":"https:\/\/unrostore.com\/","name":"UNRO","description":"De la vaisselle portugaise qui vous rendra heureux !","publisher":{"@id":"https:\/\/unrostore.com\/#organization"},"potentialAction":[{"@type":"SearchAction","target":{"@type":"EntryPoint","urlTemplate":"https:\/\/unrostore.com\/?s={search_term_string}"},"query-input":{"@type":"PropertyValueSpecification","valueRequired":true,"valueName":"search_term_string"}}],"inLanguage":"fr-FR"},{"@type":"Organization","@id":"https:\/\/unrostore.com\/#organization","name":"UNRO","url":"https:\/\/unrostore.com\/","logo":{"@type":"ImageObject","inLanguage":"fr-FR","@id":"https:\/\/unrostore.com\/#\/schema\/logo\/image\/","url":"https:\/\/unrostore.com\/wp-content\/uploads\/2022\/05\/Logo-UNRO.png","contentUrl":"https:\/\/unrostore.com\/wp-content\/uploads\/2022\/05\/Logo-UNRO.png","width":605,"height":179,"caption":"UNRO"},"image":{"@id":"https:\/\/unrostore.com\/#\/schema\/logo\/image\/"}}]}},"_links":{"self":[{"href":"https:\/\/unrostore.com\/fr-fr\/wp-json\/wp\/v2\/product\/2764","targetHints":{"allow":["GET"]}}],"collection":[{"href":"https:\/\/unrostore.com\/fr-fr\/wp-json\/wp\/v2\/product"}],"about":[{"href":"https:\/\/unrostore.com\/fr-fr\/wp-json\/wp\/v2\/types\/product"}],"wp:featuredmedia":[{"embeddable":true,"href":"https:\/\/unrostore.com\/fr-fr\/wp-json\/wp\/v2\/media\/3412"}],"wp:attachment":[{"href":"https:\/\/unrostore.com\/fr-fr\/wp-json\/wp\/v2\/media?parent=2764"}],"wp:term":[{"taxonomy":"product_brand","embeddable":true,"href":"https:\/\/unrostore.com\/fr-fr\/wp-json\/wp\/v2\/product_brand?post=2764"},{"taxonomy":"product_cat","embeddable":true,"href":"https:\/\/unrostore.com\/fr-fr\/wp-json\/wp\/v2\/product_cat?post=2764"},{"taxonomy":"product_tag","embeddable":true,"href":"https:\/\/unrostore.com\/fr-fr\/wp-json\/wp\/v2\/product_tag?post=2764"}],"curies":[{"name":"wp","href":"https:\/\/api.w.org\/{rel}","templated":true}]}}