{"id":2499,"date":"2022-11-06T11:47:51","date_gmt":"2022-11-06T11:47:51","guid":{"rendered":"https:\/\/unrostore.com\/?post_type=product&#038;p=2499"},"modified":"2026-01-19T20:37:55","modified_gmt":"2026-01-19T20:37:55","slug":"chandelier-primo-h10-latte","status":"publish","type":"product","link":"https:\/\/unrostore.com\/fr-fr\/boutique\/decoration\/bougeoirs-et-chandeliers-2\/chandelier-primo-h10-latte\/","title":{"rendered":"Chandelier Primo H10 Latte"},"content":{"rendered":"<h3>Cosy, intemporel et calme : le chandelier Primo Latte<\/h3>\n<p>Rendez votre maison accueillante avec le chandelier Primo Latte ou d\u00e9corez votre table pour le d\u00e9jeuner ou le d\u00eener. Le chandelier Primo H10 Latte de la marque\u00a0 <a href=\"https:\/\/www.companhiaatlantica.pt\/en\/about-us\/\">C\u00aa Atlantica<\/a> sont fabriqu\u00e9s \u00e0 la main au Portugal, ce qui rend chaque article unique. Exclusivement disponible aux Pays-Bas chez UNRO. Le chandelier se combine parfaitement avec le <a href=\"https:\/\/unrostore.com\/fr-fr\/boutique\/decoration\/bougeoirs-et-chandeliers-2\/chandelier-primo-h5-latte\/\">Chandelier Primo H5 Latte<\/a> et avec l'ensemble de la collection de vaisselle Breezy comme le <a href=\"https:\/\/unrostore.com\/fr-fr\/boutique\/ca-atlantica\/cafe-au-lait\/breezy-latte-plat-de-service-grand\/\">Bol de service Breezy Latte Large<\/a>.<\/p>\n<p>\u00a0<\/p>\n<h3>C'est le num\u00e9ro que vous recevez<\/h3>\n<ul>\n<li>1x Chandelier Primo H10 Latte<\/li>\n<li>1x bo\u00eete cadeau C\u00aa Atlantica<\/li>\n<\/ul>\n<p><em><br \/>\n<strong><br \/>\nDuurzaam voor mens & milieu:<\/strong><br \/>\nChaque produit est unique car il est fabriqu\u00e9 \u00e0 la main.<br \/>\nL'impression et la texture peuvent donc diff\u00e9rer l\u00e9g\u00e8rement de la photo du produit.<\/em><\/p>","protected":false},"excerpt":{"rendered":"<div class=\"usps\"><i class=\"far fa-check-circle\"><\/i> Design \u00e9pur\u00e9<br \/>\n<i class=\"far fa-check-circle\"><\/i> Pour tout int\u00e9rieur<br \/>\n<i class=\"far fa-check-circle\"><\/i> Combinez avec la vaisselle Breezy<br \/>\n<i class=\"far fa-thumbs-up\"><\/i> Fait \u00e0 la main<\/div>","protected":false},"featured_media":3416,"template":"","meta":[],"product_brand":[],"product_cat":[197,120,869,265],"product_tag":[216,233,268,300,272,267,266,229,269,299],"class_list":{"0":"post-2499","1":"product","2":"type-product","3":"status-publish","4":"has-post-thumbnail","6":"product_cat-breezy-latte","7":"product_cat-ca-atlantica","8":"product_cat-unro-cadeautips","9":"product_cat-kaarshouders-en-kandelaars","10":"product_tag-ca-atlantica","11":"product_tag-creme","12":"product_tag-decoratie","13":"product_tag-gebroken-wit","14":"product_tag-h10","15":"product_tag-kaarshouder","16":"product_tag-kandelaar","17":"product_tag-latte","18":"product_tag-primo","19":"product_tag-zand","20":"product_shipping_class-pakket","22":"first","23":"instock","24":"sale","25":"taxable","26":"shipping-taxable","27":"purchasable","28":"product-type-simple"},"yoast_head":"<!-- This site is optimized with the Yoast SEO plugin v27.5 - https:\/\/yoast.com\/product\/yoast-seo-wordpress\/ -->\n<title>Primo Kandelaar H10 Latte &#8226; UNRO<\/title>\n<meta name=\"description\" content=\"Maak het gezellig in huis met de Primo Kandelaar H10 Latte of decoreer jouw tafel voor een lunch of diner. Bekijk &amp; bestel direct bij UNRO!\" \/>\n<meta name=\"robots\" content=\"index, follow, max-snippet:-1, max-image-preview:large, max-video-preview:-1\" \/>\n<link rel=\"canonical\" href=\"https:\/\/unrostore.com\/fr-fr\/boutique\/decoration\/bougeoirs-et-chandeliers-2\/chandelier-primo-h10-latte\/\" \/>\n<meta property=\"og:locale\" content=\"fr_FR\" \/>\n<meta property=\"og:type\" content=\"article\" \/>\n<meta property=\"og:title\" content=\"Primo Kandelaar H10 Latte &#8226; UNRO\" \/>\n<meta property=\"og:description\" content=\"Maak het gezellig in huis met de Primo Kandelaar H10 Latte of decoreer jouw tafel voor een lunch of diner. Bekijk &amp; bestel direct bij UNRO!\" \/>\n<meta property=\"og:url\" content=\"https:\/\/unrostore.com\/fr-fr\/boutique\/decoration\/bougeoirs-et-chandeliers-2\/chandelier-primo-h10-latte\/\" \/>\n<meta property=\"og:site_name\" content=\"UNRO\" \/>\n<meta property=\"article:modified_time\" content=\"2026-01-19T20:37:55+00:00\" \/>\n<meta property=\"og:image\" content=\"https:\/\/unrostore.com\/wp-content\/uploads\/2022\/11\/unro-portugees-servies-primo-kandelaar-h10-keramiek.jpeg\" \/>\n\t<meta property=\"og:image:width\" content=\"1000\" \/>\n\t<meta property=\"og:image:height\" content=\"1000\" \/>\n\t<meta property=\"og:image:type\" content=\"image\/jpeg\" \/>\n<meta name=\"twitter:card\" content=\"summary_large_image\" \/>\n<script type=\"application\/ld+json\" class=\"yoast-schema-graph\">{\"@context\":\"https:\\\/\\\/schema.org\",\"@graph\":[{\"@type\":\"WebPage\",\"@id\":\"https:\\\/\\\/unrostore.com\\\/shop\\\/decoratie\\\/kaarshouders-en-kandelaars\\\/primo-kandelaar-h10-latte\\\/\",\"url\":\"https:\\\/\\\/unrostore.com\\\/shop\\\/decoratie\\\/kaarshouders-en-kandelaars\\\/primo-kandelaar-h10-latte\\\/\",\"name\":\"Primo Kandelaar H10 Latte &#8226; UNRO\",\"isPartOf\":{\"@id\":\"https:\\\/\\\/unrostore.com\\\/#website\"},\"primaryImageOfPage\":{\"@id\":\"https:\\\/\\\/unrostore.com\\\/shop\\\/decoratie\\\/kaarshouders-en-kandelaars\\\/primo-kandelaar-h10-latte\\\/#primaryimage\"},\"image\":{\"@id\":\"https:\\\/\\\/unrostore.com\\\/shop\\\/decoratie\\\/kaarshouders-en-kandelaars\\\/primo-kandelaar-h10-latte\\\/#primaryimage\"},\"thumbnailUrl\":\"https:\\\/\\\/unrostore.com\\\/wp-content\\\/uploads\\\/2022\\\/11\\\/unro-portugees-servies-primo-kandelaar-h10-keramiek.jpeg\",\"datePublished\":\"2022-11-06T11:47:51+00:00\",\"dateModified\":\"2026-01-19T20:37:55+00:00\",\"description\":\"Maak het gezellig in huis met de Primo Kandelaar H10 Latte of decoreer jouw tafel voor een lunch of diner. Bekijk & bestel direct bij UNRO!\",\"breadcrumb\":{\"@id\":\"https:\\\/\\\/unrostore.com\\\/shop\\\/decoratie\\\/kaarshouders-en-kandelaars\\\/primo-kandelaar-h10-latte\\\/#breadcrumb\"},\"inLanguage\":\"fr-FR\",\"potentialAction\":[{\"@type\":\"ReadAction\",\"target\":[\"https:\\\/\\\/unrostore.com\\\/shop\\\/decoratie\\\/kaarshouders-en-kandelaars\\\/primo-kandelaar-h10-latte\\\/\"]}]},{\"@type\":\"ImageObject\",\"inLanguage\":\"fr-FR\",\"@id\":\"https:\\\/\\\/unrostore.com\\\/shop\\\/decoratie\\\/kaarshouders-en-kandelaars\\\/primo-kandelaar-h10-latte\\\/#primaryimage\",\"url\":\"https:\\\/\\\/unrostore.com\\\/wp-content\\\/uploads\\\/2022\\\/11\\\/unro-portugees-servies-primo-kandelaar-h10-keramiek.jpeg\",\"contentUrl\":\"https:\\\/\\\/unrostore.com\\\/wp-content\\\/uploads\\\/2022\\\/11\\\/unro-portugees-servies-primo-kandelaar-h10-keramiek.jpeg\",\"width\":1000,\"height\":1000,\"caption\":\"Primo Latte Kandelaar H10 Portugees Keramiek exclusief bij UNRO.\"},{\"@type\":\"BreadcrumbList\",\"@id\":\"https:\\\/\\\/unrostore.com\\\/shop\\\/decoratie\\\/kaarshouders-en-kandelaars\\\/primo-kandelaar-h10-latte\\\/#breadcrumb\",\"itemListElement\":[{\"@type\":\"ListItem\",\"position\":1,\"name\":\"Home\",\"item\":\"https:\\\/\\\/unrostore.com\\\/\"},{\"@type\":\"ListItem\",\"position\":2,\"name\":\"Shop\",\"item\":\"https:\\\/\\\/unrostore.com\\\/shop\\\/\"},{\"@type\":\"ListItem\",\"position\":3,\"name\":\"Primo Kandelaar H10 Latte\"}]},{\"@type\":\"WebSite\",\"@id\":\"https:\\\/\\\/unrostore.com\\\/#website\",\"url\":\"https:\\\/\\\/unrostore.com\\\/\",\"name\":\"UNRO\",\"description\":\"Portugees servies waar je blij van wordt!\",\"publisher\":{\"@id\":\"https:\\\/\\\/unrostore.com\\\/#organization\"},\"potentialAction\":[{\"@type\":\"SearchAction\",\"target\":{\"@type\":\"EntryPoint\",\"urlTemplate\":\"https:\\\/\\\/unrostore.com\\\/?s={search_term_string}\"},\"query-input\":{\"@type\":\"PropertyValueSpecification\",\"valueRequired\":true,\"valueName\":\"search_term_string\"}}],\"inLanguage\":\"fr-FR\"},{\"@type\":\"Organization\",\"@id\":\"https:\\\/\\\/unrostore.com\\\/#organization\",\"name\":\"UNRO\",\"url\":\"https:\\\/\\\/unrostore.com\\\/\",\"logo\":{\"@type\":\"ImageObject\",\"inLanguage\":\"fr-FR\",\"@id\":\"https:\\\/\\\/unrostore.com\\\/#\\\/schema\\\/logo\\\/image\\\/\",\"url\":\"https:\\\/\\\/unrostore.com\\\/wp-content\\\/uploads\\\/2022\\\/05\\\/Logo-UNRO.png\",\"contentUrl\":\"https:\\\/\\\/unrostore.com\\\/wp-content\\\/uploads\\\/2022\\\/05\\\/Logo-UNRO.png\",\"width\":605,\"height\":179,\"caption\":\"UNRO\"},\"image\":{\"@id\":\"https:\\\/\\\/unrostore.com\\\/#\\\/schema\\\/logo\\\/image\\\/\"}}]}<\/script>\n<!-- \/ Yoast SEO plugin. -->","yoast_head_json":{"title":"Chandelier Primo H10 Latte - UNRO","description":"Rendez votre maison confortable avec le chandelier Primo H10 Latte ou d\u00e9corez votre table pour le d\u00e9jeuner ou le d\u00eener. Voir et commander directement chez UNRO !","robots":{"index":"index","follow":"follow","max-snippet":"max-snippet:-1","max-image-preview":"max-image-preview:large","max-video-preview":"max-video-preview:-1"},"canonical":"https:\/\/unrostore.com\/fr-fr\/boutique\/decoration\/bougeoirs-et-chandeliers-2\/chandelier-primo-h10-latte\/","og_locale":"fr_FR","og_type":"article","og_title":"Primo Kandelaar H10 Latte &#8226; UNRO","og_description":"Maak het gezellig in huis met de Primo Kandelaar H10 Latte of decoreer jouw tafel voor een lunch of diner. Bekijk & bestel direct bij UNRO!","og_url":"https:\/\/unrostore.com\/fr-fr\/boutique\/decoration\/bougeoirs-et-chandeliers-2\/chandelier-primo-h10-latte\/","og_site_name":"UNRO","article_modified_time":"2026-01-19T20:37:55+00:00","og_image":[{"width":1000,"height":1000,"url":"https:\/\/unrostore.com\/wp-content\/uploads\/2022\/11\/unro-portugees-servies-primo-kandelaar-h10-keramiek.jpeg","type":"image\/jpeg"}],"twitter_card":"summary_large_image","schema":{"@context":"https:\/\/schema.org","@graph":[{"@type":"WebPage","@id":"https:\/\/unrostore.com\/shop\/decoratie\/kaarshouders-en-kandelaars\/primo-kandelaar-h10-latte\/","url":"https:\/\/unrostore.com\/shop\/decoratie\/kaarshouders-en-kandelaars\/primo-kandelaar-h10-latte\/","name":"Chandelier Primo H10 Latte - UNRO","isPartOf":{"@id":"https:\/\/unrostore.com\/#website"},"primaryImageOfPage":{"@id":"https:\/\/unrostore.com\/shop\/decoratie\/kaarshouders-en-kandelaars\/primo-kandelaar-h10-latte\/#primaryimage"},"image":{"@id":"https:\/\/unrostore.com\/shop\/decoratie\/kaarshouders-en-kandelaars\/primo-kandelaar-h10-latte\/#primaryimage"},"thumbnailUrl":"https:\/\/unrostore.com\/wp-content\/uploads\/2022\/11\/unro-portugees-servies-primo-kandelaar-h10-keramiek.jpeg","datePublished":"2022-11-06T11:47:51+00:00","dateModified":"2026-01-19T20:37:55+00:00","description":"Rendez votre maison confortable avec le chandelier Primo H10 Latte ou d\u00e9corez votre table pour le d\u00e9jeuner ou le d\u00eener. Voir et commander directement chez UNRO !","breadcrumb":{"@id":"https:\/\/unrostore.com\/shop\/decoratie\/kaarshouders-en-kandelaars\/primo-kandelaar-h10-latte\/#breadcrumb"},"inLanguage":"fr-FR","potentialAction":[{"@type":"ReadAction","target":["https:\/\/unrostore.com\/shop\/decoratie\/kaarshouders-en-kandelaars\/primo-kandelaar-h10-latte\/"]}]},{"@type":"ImageObject","inLanguage":"fr-FR","@id":"https:\/\/unrostore.com\/shop\/decoratie\/kaarshouders-en-kandelaars\/primo-kandelaar-h10-latte\/#primaryimage","url":"https:\/\/unrostore.com\/wp-content\/uploads\/2022\/11\/unro-portugees-servies-primo-kandelaar-h10-keramiek.jpeg","contentUrl":"https:\/\/unrostore.com\/wp-content\/uploads\/2022\/11\/unro-portugees-servies-primo-kandelaar-h10-keramiek.jpeg","width":1000,"height":1000,"caption":"Primo Latte Kandelaar H10 Portugees Keramiek exclusief bij UNRO."},{"@type":"BreadcrumbList","@id":"https:\/\/unrostore.com\/shop\/decoratie\/kaarshouders-en-kandelaars\/primo-kandelaar-h10-latte\/#breadcrumb","itemListElement":[{"@type":"ListItem","position":1,"name":"Home","item":"https:\/\/unrostore.com\/"},{"@type":"ListItem","position":2,"name":"Shop","item":"https:\/\/unrostore.com\/shop\/"},{"@type":"ListItem","position":3,"name":"Primo Kandelaar H10 Latte"}]},{"@type":"WebSite","@id":"https:\/\/unrostore.com\/#website","url":"https:\/\/unrostore.com\/","name":"UNRO","description":"De la vaisselle portugaise qui vous rendra heureux !","publisher":{"@id":"https:\/\/unrostore.com\/#organization"},"potentialAction":[{"@type":"SearchAction","target":{"@type":"EntryPoint","urlTemplate":"https:\/\/unrostore.com\/?s={search_term_string}"},"query-input":{"@type":"PropertyValueSpecification","valueRequired":true,"valueName":"search_term_string"}}],"inLanguage":"fr-FR"},{"@type":"Organization","@id":"https:\/\/unrostore.com\/#organization","name":"UNRO","url":"https:\/\/unrostore.com\/","logo":{"@type":"ImageObject","inLanguage":"fr-FR","@id":"https:\/\/unrostore.com\/#\/schema\/logo\/image\/","url":"https:\/\/unrostore.com\/wp-content\/uploads\/2022\/05\/Logo-UNRO.png","contentUrl":"https:\/\/unrostore.com\/wp-content\/uploads\/2022\/05\/Logo-UNRO.png","width":605,"height":179,"caption":"UNRO"},"image":{"@id":"https:\/\/unrostore.com\/#\/schema\/logo\/image\/"}}]}},"_links":{"self":[{"href":"https:\/\/unrostore.com\/fr-fr\/wp-json\/wp\/v2\/product\/2499","targetHints":{"allow":["GET"]}}],"collection":[{"href":"https:\/\/unrostore.com\/fr-fr\/wp-json\/wp\/v2\/product"}],"about":[{"href":"https:\/\/unrostore.com\/fr-fr\/wp-json\/wp\/v2\/types\/product"}],"wp:featuredmedia":[{"embeddable":true,"href":"https:\/\/unrostore.com\/fr-fr\/wp-json\/wp\/v2\/media\/3416"}],"wp:attachment":[{"href":"https:\/\/unrostore.com\/fr-fr\/wp-json\/wp\/v2\/media?parent=2499"}],"wp:term":[{"taxonomy":"product_brand","embeddable":true,"href":"https:\/\/unrostore.com\/fr-fr\/wp-json\/wp\/v2\/product_brand?post=2499"},{"taxonomy":"product_cat","embeddable":true,"href":"https:\/\/unrostore.com\/fr-fr\/wp-json\/wp\/v2\/product_cat?post=2499"},{"taxonomy":"product_tag","embeddable":true,"href":"https:\/\/unrostore.com\/fr-fr\/wp-json\/wp\/v2\/product_tag?post=2499"}],"curies":[{"name":"wp","href":"https:\/\/api.w.org\/{rel}","templated":true}]}}