{"id":2454,"date":"2022-11-04T20:56:43","date_gmt":"2022-11-04T20:56:43","guid":{"rendered":"https:\/\/unrostore.com\/?post_type=product&#038;p=2454"},"modified":"2026-01-19T20:37:56","modified_gmt":"2026-01-19T20:37:56","slug":"bols-breezy-latte-2-pieces","status":"publish","type":"product","link":"https:\/\/unrostore.com\/fr-fr\/boutique\/ca-atlantica\/cafe-au-lait\/bols-breezy-latte-2-pieces\/","title":{"rendered":"Bols \u00e0 Latte Breezy - 2 pi\u00e8ces"},"content":{"rendered":"<h3>Moderne et intemporel : Breezy Latte Bowls - 2 pi\u00e8ces<\/h3>\n<p><span style=\"font-weight: 400;\">Le <strong>Bols de caf\u00e9 au lait<\/strong> - 2 pi\u00e8ces de la marque portugaise <a href=\"https:\/\/www.companhiaatlantica.pt\/en\/about-us\/\">C\u00aa Atlantica<\/a> sont tr\u00e8s polyvalents. Utilisez ces petits bols le matin pour votre yaourt ou votre muesli et au d\u00e9jeuner comme bols \u00e0 soupe. Ils sont \u00e9galement tr\u00e8s pratiques pour les collations ou les trempettes. Ils ne sont pas seulement fonctionnels, ils sont aussi jolis \u00e0 regarder. La couleur beige de ce petit bol est intemporelle et parfaite pour toutes les occasions, d\u00e9couvrez-la d\u00e8s maintenant ! Combinez les bols avec le <a href=\"https:\/\/unrostore.com\/fr-fr\/boutique\/ca-atlantica\/cafe-au-lait\/breezy-latte-dinner-plates-4-delig\/\">Assiettes plates Breezy Latte<\/a> et <a href=\"https:\/\/unrostore.com\/fr-fr\/boutique\/ca-atlantica\/cafe-au-lait\/breezy-latte-salad-plates\/\">Assiettes \u00e0 d\u00e9jeuner Breezy Latte<\/a>.<\/span><\/p>\n<p>&nbsp;<\/p>\n<h3>C'est le nombre de bols qui vous sont livr\u00e9s<\/h3>\n<ul>\n<li>2x Breezy Latte Bowls<\/li>\n<\/ul>\n<p><em><strong><br \/>\nDurable pour les personnes et l'environnement :<\/strong><br \/>\nChaque produit est unique car il est fabriqu\u00e9 \u00e0 la main.<br \/>\nL'impression et la texture peuvent donc diff\u00e9rer l\u00e9g\u00e8rement de la photo du produit.<\/em><\/p>","protected":false},"excerpt":{"rendered":"<div class=\"usps\"><i class=\"far fa-check-circle\"><\/i> R\u00e9sistant aux micro-ondes<br \/>\n<i class=\"far fa-check-circle\"><\/i> R\u00e9siste au four (jusqu'\u00e0 200 degr\u00e9s)<br \/>\n<i class=\"far fa-check-circle\"><\/i> Lavable au lave-vaisselle<br \/>\n<i class=\"far fa-thumbs-up\"><\/i> Fait \u00e0 la main<\/div>","protected":false},"featured_media":3422,"template":"","meta":[],"product_brand":[],"product_cat":[197,120,135],"product_tag":[234,228,216,233,133,240,137,131,241,242],"class_list":{"0":"post-2454","1":"product","2":"type-product","3":"status-publish","4":"has-post-thumbnail","6":"product_cat-breezy-latte","7":"product_cat-ca-atlantica","8":"product_cat-kommen","9":"product_tag-beige","10":"product_tag-breezy","11":"product_tag-ca-atlantica","12":"product_tag-creme","13":"product_tag-klein","14":"product_tag-kleine-kom","15":"product_tag-kom","16":"product_tag-kommen","17":"product_tag-muesli","18":"product_tag-ontbijt","19":"product_shipping_class-pakket","21":"first","22":"outofstock","23":"sale","24":"taxable","25":"shipping-taxable","26":"purchasable","27":"product-type-simple"},"yoast_head":"<!-- This site is optimized with the Yoast SEO plugin v27.4 - https:\/\/yoast.com\/product\/yoast-seo-wordpress\/ -->\n<title>Breezy Latte Kommen - 2-delig Kleine Kom &#8226; UNRO<\/title>\n<meta name=\"description\" content=\"De Breezy Latte Kommen - 2-delig van C\u00aa Atlantica zijn erg veelzijdig. Niet alleen functioneel maar ook mooi om naar te kijken, ontdekt het nu zelf!\" \/>\n<meta name=\"robots\" content=\"index, follow, max-snippet:-1, max-image-preview:large, max-video-preview:-1\" \/>\n<link rel=\"canonical\" href=\"https:\/\/unrostore.com\/fr-fr\/boutique\/ca-atlantica\/cafe-au-lait\/bols-breezy-latte-2-pieces\/\" \/>\n<meta property=\"og:locale\" content=\"fr_FR\" \/>\n<meta property=\"og:type\" content=\"article\" \/>\n<meta property=\"og:title\" content=\"Breezy Latte Kommen - 2-delig Kleine Kom &#8226; UNRO\" \/>\n<meta property=\"og:description\" content=\"De Breezy Latte Kommen - 2-delig van C\u00aa Atlantica zijn erg veelzijdig. Niet alleen functioneel maar ook mooi om naar te kijken, ontdekt het nu zelf!\" \/>\n<meta property=\"og:url\" content=\"https:\/\/unrostore.com\/fr-fr\/boutique\/ca-atlantica\/cafe-au-lait\/bols-breezy-latte-2-pieces\/\" \/>\n<meta property=\"og:site_name\" content=\"UNRO\" \/>\n<meta property=\"article:modified_time\" content=\"2026-01-19T20:37:56+00:00\" \/>\n<meta property=\"og:image\" content=\"https:\/\/unrostore.com\/wp-content\/uploads\/2022\/11\/unro-portugees-servies-ca-atlantica-breezy-latte-kommen-2-delig.jpeg\" \/>\n\t<meta property=\"og:image:width\" content=\"1000\" \/>\n\t<meta property=\"og:image:height\" content=\"1000\" \/>\n\t<meta property=\"og:image:type\" content=\"image\/jpeg\" \/>\n<meta name=\"twitter:card\" content=\"summary_large_image\" \/>\n<script type=\"application\/ld+json\" class=\"yoast-schema-graph\">{\"@context\":\"https:\\\/\\\/schema.org\",\"@graph\":[{\"@type\":\"WebPage\",\"@id\":\"https:\\\/\\\/unrostore.com\\\/shop\\\/ca-atlantica\\\/breezy-latte\\\/breezy-latte-kommen-2-delig\\\/\",\"url\":\"https:\\\/\\\/unrostore.com\\\/shop\\\/ca-atlantica\\\/breezy-latte\\\/breezy-latte-kommen-2-delig\\\/\",\"name\":\"Breezy Latte Kommen - 2-delig Kleine Kom &#8226; UNRO\",\"isPartOf\":{\"@id\":\"https:\\\/\\\/unrostore.com\\\/#website\"},\"primaryImageOfPage\":{\"@id\":\"https:\\\/\\\/unrostore.com\\\/shop\\\/ca-atlantica\\\/breezy-latte\\\/breezy-latte-kommen-2-delig\\\/#primaryimage\"},\"image\":{\"@id\":\"https:\\\/\\\/unrostore.com\\\/shop\\\/ca-atlantica\\\/breezy-latte\\\/breezy-latte-kommen-2-delig\\\/#primaryimage\"},\"thumbnailUrl\":\"https:\\\/\\\/unrostore.com\\\/wp-content\\\/uploads\\\/2022\\\/11\\\/unro-portugees-servies-ca-atlantica-breezy-latte-kommen-2-delig.jpeg\",\"datePublished\":\"2022-11-04T20:56:43+00:00\",\"dateModified\":\"2026-01-19T20:37:56+00:00\",\"description\":\"De Breezy Latte Kommen - 2-delig van C\u00aa Atlantica zijn erg veelzijdig. Niet alleen functioneel maar ook mooi om naar te kijken, ontdekt het nu zelf!\",\"breadcrumb\":{\"@id\":\"https:\\\/\\\/unrostore.com\\\/shop\\\/ca-atlantica\\\/breezy-latte\\\/breezy-latte-kommen-2-delig\\\/#breadcrumb\"},\"inLanguage\":\"fr-FR\",\"potentialAction\":[{\"@type\":\"ReadAction\",\"target\":[\"https:\\\/\\\/unrostore.com\\\/shop\\\/ca-atlantica\\\/breezy-latte\\\/breezy-latte-kommen-2-delig\\\/\"]}]},{\"@type\":\"ImageObject\",\"inLanguage\":\"fr-FR\",\"@id\":\"https:\\\/\\\/unrostore.com\\\/shop\\\/ca-atlantica\\\/breezy-latte\\\/breezy-latte-kommen-2-delig\\\/#primaryimage\",\"url\":\"https:\\\/\\\/unrostore.com\\\/wp-content\\\/uploads\\\/2022\\\/11\\\/unro-portugees-servies-ca-atlantica-breezy-latte-kommen-2-delig.jpeg\",\"contentUrl\":\"https:\\\/\\\/unrostore.com\\\/wp-content\\\/uploads\\\/2022\\\/11\\\/unro-portugees-servies-ca-atlantica-breezy-latte-kommen-2-delig.jpeg\",\"width\":1000,\"height\":1000,\"caption\":\"Breezy Latte Kommen - 2-delig Portugees Keramiek Servies exclusief bij UNRO.\"},{\"@type\":\"BreadcrumbList\",\"@id\":\"https:\\\/\\\/unrostore.com\\\/shop\\\/ca-atlantica\\\/breezy-latte\\\/breezy-latte-kommen-2-delig\\\/#breadcrumb\",\"itemListElement\":[{\"@type\":\"ListItem\",\"position\":1,\"name\":\"Home\",\"item\":\"https:\\\/\\\/unrostore.com\\\/\"},{\"@type\":\"ListItem\",\"position\":2,\"name\":\"Shop\",\"item\":\"https:\\\/\\\/unrostore.com\\\/shop\\\/\"},{\"@type\":\"ListItem\",\"position\":3,\"name\":\"Breezy Latte Kommen &#8211; 2-delig\"}]},{\"@type\":\"WebSite\",\"@id\":\"https:\\\/\\\/unrostore.com\\\/#website\",\"url\":\"https:\\\/\\\/unrostore.com\\\/\",\"name\":\"UNRO\",\"description\":\"Portugees servies waar je blij van wordt!\",\"publisher\":{\"@id\":\"https:\\\/\\\/unrostore.com\\\/#organization\"},\"potentialAction\":[{\"@type\":\"SearchAction\",\"target\":{\"@type\":\"EntryPoint\",\"urlTemplate\":\"https:\\\/\\\/unrostore.com\\\/?s={search_term_string}\"},\"query-input\":{\"@type\":\"PropertyValueSpecification\",\"valueRequired\":true,\"valueName\":\"search_term_string\"}}],\"inLanguage\":\"fr-FR\"},{\"@type\":\"Organization\",\"@id\":\"https:\\\/\\\/unrostore.com\\\/#organization\",\"name\":\"UNRO\",\"url\":\"https:\\\/\\\/unrostore.com\\\/\",\"logo\":{\"@type\":\"ImageObject\",\"inLanguage\":\"fr-FR\",\"@id\":\"https:\\\/\\\/unrostore.com\\\/#\\\/schema\\\/logo\\\/image\\\/\",\"url\":\"https:\\\/\\\/unrostore.com\\\/wp-content\\\/uploads\\\/2022\\\/05\\\/Logo-UNRO.png\",\"contentUrl\":\"https:\\\/\\\/unrostore.com\\\/wp-content\\\/uploads\\\/2022\\\/05\\\/Logo-UNRO.png\",\"width\":605,\"height\":179,\"caption\":\"UNRO\"},\"image\":{\"@id\":\"https:\\\/\\\/unrostore.com\\\/#\\\/schema\\\/logo\\\/image\\\/\"}}]}<\/script>\n<!-- \/ Yoast SEO plugin. -->","yoast_head_json":{"title":"Bols Breezy Latte - Petit bol 2 pi\u00e8ces - UNRO","description":"Les bols Breezy Latte - 2 pi\u00e8ces de C\u00aa Atlantica sont tr\u00e8s polyvalents. Ils sont non seulement fonctionnels, mais aussi beaux \u00e0 regarder. D\u00e9couvrez-les par vous-m\u00eame d\u00e8s maintenant !","robots":{"index":"index","follow":"follow","max-snippet":"max-snippet:-1","max-image-preview":"max-image-preview:large","max-video-preview":"max-video-preview:-1"},"canonical":"https:\/\/unrostore.com\/fr-fr\/boutique\/ca-atlantica\/cafe-au-lait\/bols-breezy-latte-2-pieces\/","og_locale":"fr_FR","og_type":"article","og_title":"Breezy Latte Kommen - 2-delig Kleine Kom &#8226; UNRO","og_description":"De Breezy Latte Kommen - 2-delig van C\u00aa Atlantica zijn erg veelzijdig. Niet alleen functioneel maar ook mooi om naar te kijken, ontdekt het nu zelf!","og_url":"https:\/\/unrostore.com\/fr-fr\/boutique\/ca-atlantica\/cafe-au-lait\/bols-breezy-latte-2-pieces\/","og_site_name":"UNRO","article_modified_time":"2026-01-19T20:37:56+00:00","og_image":[{"width":1000,"height":1000,"url":"https:\/\/unrostore.com\/wp-content\/uploads\/2022\/11\/unro-portugees-servies-ca-atlantica-breezy-latte-kommen-2-delig.jpeg","type":"image\/jpeg"}],"twitter_card":"summary_large_image","schema":{"@context":"https:\/\/schema.org","@graph":[{"@type":"WebPage","@id":"https:\/\/unrostore.com\/shop\/ca-atlantica\/breezy-latte\/breezy-latte-kommen-2-delig\/","url":"https:\/\/unrostore.com\/shop\/ca-atlantica\/breezy-latte\/breezy-latte-kommen-2-delig\/","name":"Bols Breezy Latte - Petit bol 2 pi\u00e8ces - UNRO","isPartOf":{"@id":"https:\/\/unrostore.com\/#website"},"primaryImageOfPage":{"@id":"https:\/\/unrostore.com\/shop\/ca-atlantica\/breezy-latte\/breezy-latte-kommen-2-delig\/#primaryimage"},"image":{"@id":"https:\/\/unrostore.com\/shop\/ca-atlantica\/breezy-latte\/breezy-latte-kommen-2-delig\/#primaryimage"},"thumbnailUrl":"https:\/\/unrostore.com\/wp-content\/uploads\/2022\/11\/unro-portugees-servies-ca-atlantica-breezy-latte-kommen-2-delig.jpeg","datePublished":"2022-11-04T20:56:43+00:00","dateModified":"2026-01-19T20:37:56+00:00","description":"Les bols Breezy Latte - 2 pi\u00e8ces de C\u00aa Atlantica sont tr\u00e8s polyvalents. Ils sont non seulement fonctionnels, mais aussi beaux \u00e0 regarder. D\u00e9couvrez-les par vous-m\u00eame d\u00e8s maintenant !","breadcrumb":{"@id":"https:\/\/unrostore.com\/shop\/ca-atlantica\/breezy-latte\/breezy-latte-kommen-2-delig\/#breadcrumb"},"inLanguage":"fr-FR","potentialAction":[{"@type":"ReadAction","target":["https:\/\/unrostore.com\/shop\/ca-atlantica\/breezy-latte\/breezy-latte-kommen-2-delig\/"]}]},{"@type":"ImageObject","inLanguage":"fr-FR","@id":"https:\/\/unrostore.com\/shop\/ca-atlantica\/breezy-latte\/breezy-latte-kommen-2-delig\/#primaryimage","url":"https:\/\/unrostore.com\/wp-content\/uploads\/2022\/11\/unro-portugees-servies-ca-atlantica-breezy-latte-kommen-2-delig.jpeg","contentUrl":"https:\/\/unrostore.com\/wp-content\/uploads\/2022\/11\/unro-portugees-servies-ca-atlantica-breezy-latte-kommen-2-delig.jpeg","width":1000,"height":1000,"caption":"Breezy Latte Kommen - 2-delig Portugees Keramiek Servies exclusief bij UNRO."},{"@type":"BreadcrumbList","@id":"https:\/\/unrostore.com\/shop\/ca-atlantica\/breezy-latte\/breezy-latte-kommen-2-delig\/#breadcrumb","itemListElement":[{"@type":"ListItem","position":1,"name":"Home","item":"https:\/\/unrostore.com\/"},{"@type":"ListItem","position":2,"name":"Shop","item":"https:\/\/unrostore.com\/shop\/"},{"@type":"ListItem","position":3,"name":"Breezy Latte Kommen &#8211; 2-delig"}]},{"@type":"WebSite","@id":"https:\/\/unrostore.com\/#website","url":"https:\/\/unrostore.com\/","name":"UNRO","description":"De la vaisselle portugaise qui vous rendra heureux !","publisher":{"@id":"https:\/\/unrostore.com\/#organization"},"potentialAction":[{"@type":"SearchAction","target":{"@type":"EntryPoint","urlTemplate":"https:\/\/unrostore.com\/?s={search_term_string}"},"query-input":{"@type":"PropertyValueSpecification","valueRequired":true,"valueName":"search_term_string"}}],"inLanguage":"fr-FR"},{"@type":"Organization","@id":"https:\/\/unrostore.com\/#organization","name":"UNRO","url":"https:\/\/unrostore.com\/","logo":{"@type":"ImageObject","inLanguage":"fr-FR","@id":"https:\/\/unrostore.com\/#\/schema\/logo\/image\/","url":"https:\/\/unrostore.com\/wp-content\/uploads\/2022\/05\/Logo-UNRO.png","contentUrl":"https:\/\/unrostore.com\/wp-content\/uploads\/2022\/05\/Logo-UNRO.png","width":605,"height":179,"caption":"UNRO"},"image":{"@id":"https:\/\/unrostore.com\/#\/schema\/logo\/image\/"}}]}},"_links":{"self":[{"href":"https:\/\/unrostore.com\/fr-fr\/wp-json\/wp\/v2\/product\/2454","targetHints":{"allow":["GET"]}}],"collection":[{"href":"https:\/\/unrostore.com\/fr-fr\/wp-json\/wp\/v2\/product"}],"about":[{"href":"https:\/\/unrostore.com\/fr-fr\/wp-json\/wp\/v2\/types\/product"}],"wp:featuredmedia":[{"embeddable":true,"href":"https:\/\/unrostore.com\/fr-fr\/wp-json\/wp\/v2\/media\/3422"}],"wp:attachment":[{"href":"https:\/\/unrostore.com\/fr-fr\/wp-json\/wp\/v2\/media?parent=2454"}],"wp:term":[{"taxonomy":"product_brand","embeddable":true,"href":"https:\/\/unrostore.com\/fr-fr\/wp-json\/wp\/v2\/product_brand?post=2454"},{"taxonomy":"product_cat","embeddable":true,"href":"https:\/\/unrostore.com\/fr-fr\/wp-json\/wp\/v2\/product_cat?post=2454"},{"taxonomy":"product_tag","embeddable":true,"href":"https:\/\/unrostore.com\/fr-fr\/wp-json\/wp\/v2\/product_tag?post=2454"}],"curies":[{"name":"wp","href":"https:\/\/api.w.org\/{rel}","templated":true}]}}