{"id":2451,"date":"2022-11-04T20:44:31","date_gmt":"2022-11-04T20:44:31","guid":{"rendered":"https:\/\/unrostore.com\/?post_type=product&#038;p=2451"},"modified":"2026-01-19T20:37:56","modified_gmt":"2026-01-19T20:37:56","slug":"assiettes-a-gateaux-beige-breezy-latte-2-pieces","status":"publish","type":"product","link":"https:\/\/unrostore.com\/fr-fr\/boutique\/ca-atlantica\/cafe-au-lait\/assiettes-a-gateaux-beige-breezy-latte-2-pieces\/","title":{"rendered":"Assiettes \u00e0 g\u00e2teaux Beige Breezy Latte - 2 pi\u00e8ces"},"content":{"rendered":"<h3>Moderne et intemporel : assiettes \u00e0 g\u00e2teaux Beige Breezy Latte - 2 pi\u00e8ces<\/h3>\n<p>Le<strong> Assiettes \u00e0 g\u00e2teaux Beige Breezy Latte - 2 pi\u00e8ces<\/strong> de la marque portugaise <a href=\"https:\/\/www.companhiaatlantica.pt\/en\/about-us\/\">C\u00aa Atlantica<\/a> sont id\u00e9ales pour un usage quotidien : assiettes \u00e0 salade, assiettes \u00e0 d\u00e9jeuner, assiettes \u00e0 tapas et assiettes \u00e0 g\u00e2teaux. Pratique, ces assiettes vont au four, au micro-ondes et au lave-vaisselle. D\u00e9couvrez par vous-m\u00eame la commodit\u00e9 des magnifiques assiettes \u00e0 d\u00e9jeuner boho chic Breezy Latte. Combinez-les \u00e9galement avec les <a href=\"https:\/\/unrostore.com\/fr-fr\/boutique\/ca-atlantica\/cafe-au-lait\/breezy-latte-assiettes-a-diner-2-pieces\/\">Assiettes plates Breezy Latte<\/a> et les <a href=\"https:\/\/unrostore.com\/fr-fr\/boutique\/ca-atlantica\/cafe-au-lait\/bols-breezy-latte-2-pieces\/\">Bols de caf\u00e9 au lait<\/a>.<\/p>\n<p>&nbsp;<\/p>\n<h3>C'est le nombre de plaques qui vous sont livr\u00e9es<\/h3>\n<ul>\n<li>2x Assiettes \u00e0 d\u00e9jeuner Breezy Latte \u00f8 21 cm<\/li>\n<\/ul>\n<p>&nbsp;<\/p>\n<p><em><strong>Durable pour les personnes et l'environnement :<\/strong><br \/>\nChaque produit est unique car il est fabriqu\u00e9 \u00e0 la main.<br \/>\nL'impression et la texture peuvent donc diff\u00e9rer l\u00e9g\u00e8rement de la photo du produit.<\/em><\/p>","protected":false},"excerpt":{"rendered":"<div class=\"usps\"><i class=\"far fa-check-circle\"><\/i> R\u00e9sistant aux micro-ondes<br \/>\n<i class=\"far fa-check-circle\"><\/i> R\u00e9siste au four (jusqu'\u00e0 200 degr\u00e9s)<br \/>\n<i class=\"far fa-check-circle\"><\/i> Lavable au lave-vaisselle<br \/>\n<i class=\"far fa-thumbs-up\"><\/i> Fait \u00e0 la main<\/div>","protected":false},"featured_media":3430,"template":"","meta":[],"product_brand":[],"product_cat":[235,197,120,317,96],"product_tag":[234,129,228,216,233,141,229,244,243,112,299],"class_list":{"0":"post-2451","1":"product","2":"type-product","3":"status-publish","4":"has-post-thumbnail","6":"product_cat-borden","7":"product_cat-breezy-latte","8":"product_cat-ca-atlantica","9":"product_cat-ontbijtborden","10":"product_cat-portugees-servies","11":"product_tag-beige","12":"product_tag-borden","13":"product_tag-breezy","14":"product_tag-ca-atlantica","15":"product_tag-creme","16":"product_tag-kleine-borden","17":"product_tag-latte","18":"product_tag-ontbijt-borden","19":"product_tag-salade-borden","20":"product_tag-unro","21":"product_tag-zand","22":"product_shipping_class-pakket","24":"first","25":"instock","26":"sale","27":"taxable","28":"shipping-taxable","29":"purchasable","30":"product-type-simple"},"yoast_head":"<!-- This site is optimized with the Yoast SEO plugin v27.4 - https:\/\/yoast.com\/product\/yoast-seo-wordpress\/ -->\n<title>Gebaksbordjes Beige Breezy Latte - 2-delig &#8226; UNRO<\/title>\n<meta name=\"description\" content=\"De\u00a0Gebaksbordjes Beige Breezy Latte - 2-delig van het merk C\u00aa Atlantica zijn ideaal voor dagelijks gebruik. Exclusief in Nederland verkrijgbaar bij UNRO.\" \/>\n<meta name=\"robots\" content=\"index, follow, max-snippet:-1, max-image-preview:large, max-video-preview:-1\" \/>\n<link rel=\"canonical\" href=\"https:\/\/unrostore.com\/fr-fr\/boutique\/ca-atlantica\/cafe-au-lait\/assiettes-a-gateaux-beige-breezy-latte-2-pieces\/\" \/>\n<meta property=\"og:locale\" content=\"fr_FR\" \/>\n<meta property=\"og:type\" content=\"article\" \/>\n<meta property=\"og:title\" content=\"Gebaksbordjes Beige Breezy Latte - 2-delig &#8226; UNRO\" \/>\n<meta property=\"og:description\" content=\"De\u00a0Gebaksbordjes Beige Breezy Latte - 2-delig van het merk C\u00aa Atlantica zijn ideaal voor dagelijks gebruik. Exclusief in Nederland verkrijgbaar bij UNRO.\" \/>\n<meta property=\"og:url\" content=\"https:\/\/unrostore.com\/fr-fr\/boutique\/ca-atlantica\/cafe-au-lait\/assiettes-a-gateaux-beige-breezy-latte-2-pieces\/\" \/>\n<meta property=\"og:site_name\" content=\"UNRO\" \/>\n<meta property=\"article:modified_time\" content=\"2026-01-19T20:37:56+00:00\" \/>\n<meta property=\"og:image\" content=\"https:\/\/unrostore.com\/wp-content\/uploads\/2022\/11\/unro-portugees-servies-breezy-latte-ontbijtborden-2-delig-ca-atlantica.jpeg\" \/>\n\t<meta property=\"og:image:width\" content=\"1000\" \/>\n\t<meta property=\"og:image:height\" content=\"1000\" \/>\n\t<meta property=\"og:image:type\" content=\"image\/jpeg\" \/>\n<meta name=\"twitter:card\" content=\"summary_large_image\" \/>\n<script type=\"application\/ld+json\" class=\"yoast-schema-graph\">{\"@context\":\"https:\\\/\\\/schema.org\",\"@graph\":[{\"@type\":\"WebPage\",\"@id\":\"https:\\\/\\\/unrostore.com\\\/shop\\\/ca-atlantica\\\/breezy-latte\\\/gebaksbordjes-beige-breezy-latte-2-delig\\\/\",\"url\":\"https:\\\/\\\/unrostore.com\\\/shop\\\/ca-atlantica\\\/breezy-latte\\\/gebaksbordjes-beige-breezy-latte-2-delig\\\/\",\"name\":\"Gebaksbordjes Beige Breezy Latte - 2-delig &#8226; UNRO\",\"isPartOf\":{\"@id\":\"https:\\\/\\\/unrostore.com\\\/#website\"},\"primaryImageOfPage\":{\"@id\":\"https:\\\/\\\/unrostore.com\\\/shop\\\/ca-atlantica\\\/breezy-latte\\\/gebaksbordjes-beige-breezy-latte-2-delig\\\/#primaryimage\"},\"image\":{\"@id\":\"https:\\\/\\\/unrostore.com\\\/shop\\\/ca-atlantica\\\/breezy-latte\\\/gebaksbordjes-beige-breezy-latte-2-delig\\\/#primaryimage\"},\"thumbnailUrl\":\"https:\\\/\\\/unrostore.com\\\/wp-content\\\/uploads\\\/2022\\\/11\\\/unro-portugees-servies-breezy-latte-ontbijtborden-2-delig-ca-atlantica.jpeg\",\"datePublished\":\"2022-11-04T20:44:31+00:00\",\"dateModified\":\"2026-01-19T20:37:56+00:00\",\"description\":\"De\u00a0Gebaksbordjes Beige Breezy Latte - 2-delig van het merk C\u00aa Atlantica zijn ideaal voor dagelijks gebruik. Exclusief in Nederland verkrijgbaar bij UNRO.\",\"breadcrumb\":{\"@id\":\"https:\\\/\\\/unrostore.com\\\/shop\\\/ca-atlantica\\\/breezy-latte\\\/gebaksbordjes-beige-breezy-latte-2-delig\\\/#breadcrumb\"},\"inLanguage\":\"fr-FR\",\"potentialAction\":[{\"@type\":\"ReadAction\",\"target\":[\"https:\\\/\\\/unrostore.com\\\/shop\\\/ca-atlantica\\\/breezy-latte\\\/gebaksbordjes-beige-breezy-latte-2-delig\\\/\"]}]},{\"@type\":\"ImageObject\",\"inLanguage\":\"fr-FR\",\"@id\":\"https:\\\/\\\/unrostore.com\\\/shop\\\/ca-atlantica\\\/breezy-latte\\\/gebaksbordjes-beige-breezy-latte-2-delig\\\/#primaryimage\",\"url\":\"https:\\\/\\\/unrostore.com\\\/wp-content\\\/uploads\\\/2022\\\/11\\\/unro-portugees-servies-breezy-latte-ontbijtborden-2-delig-ca-atlantica.jpeg\",\"contentUrl\":\"https:\\\/\\\/unrostore.com\\\/wp-content\\\/uploads\\\/2022\\\/11\\\/unro-portugees-servies-breezy-latte-ontbijtborden-2-delig-ca-atlantica.jpeg\",\"width\":1000,\"height\":1000,\"caption\":\"Gebaksbordjes beige Breezy Latte - 2-delig Portugees Keramiek Servies\"},{\"@type\":\"BreadcrumbList\",\"@id\":\"https:\\\/\\\/unrostore.com\\\/shop\\\/ca-atlantica\\\/breezy-latte\\\/gebaksbordjes-beige-breezy-latte-2-delig\\\/#breadcrumb\",\"itemListElement\":[{\"@type\":\"ListItem\",\"position\":1,\"name\":\"Home\",\"item\":\"https:\\\/\\\/unrostore.com\\\/\"},{\"@type\":\"ListItem\",\"position\":2,\"name\":\"Shop\",\"item\":\"https:\\\/\\\/unrostore.com\\\/shop\\\/\"},{\"@type\":\"ListItem\",\"position\":3,\"name\":\"Gebaksbordjes Beige Breezy Latte &#8211; 2-delig\"}]},{\"@type\":\"WebSite\",\"@id\":\"https:\\\/\\\/unrostore.com\\\/#website\",\"url\":\"https:\\\/\\\/unrostore.com\\\/\",\"name\":\"UNRO\",\"description\":\"Portugees servies waar je blij van wordt!\",\"publisher\":{\"@id\":\"https:\\\/\\\/unrostore.com\\\/#organization\"},\"potentialAction\":[{\"@type\":\"SearchAction\",\"target\":{\"@type\":\"EntryPoint\",\"urlTemplate\":\"https:\\\/\\\/unrostore.com\\\/?s={search_term_string}\"},\"query-input\":{\"@type\":\"PropertyValueSpecification\",\"valueRequired\":true,\"valueName\":\"search_term_string\"}}],\"inLanguage\":\"fr-FR\"},{\"@type\":\"Organization\",\"@id\":\"https:\\\/\\\/unrostore.com\\\/#organization\",\"name\":\"UNRO\",\"url\":\"https:\\\/\\\/unrostore.com\\\/\",\"logo\":{\"@type\":\"ImageObject\",\"inLanguage\":\"fr-FR\",\"@id\":\"https:\\\/\\\/unrostore.com\\\/#\\\/schema\\\/logo\\\/image\\\/\",\"url\":\"https:\\\/\\\/unrostore.com\\\/wp-content\\\/uploads\\\/2022\\\/05\\\/Logo-UNRO.png\",\"contentUrl\":\"https:\\\/\\\/unrostore.com\\\/wp-content\\\/uploads\\\/2022\\\/05\\\/Logo-UNRO.png\",\"width\":605,\"height\":179,\"caption\":\"UNRO\"},\"image\":{\"@id\":\"https:\\\/\\\/unrostore.com\\\/#\\\/schema\\\/logo\\\/image\\\/\"}}]}<\/script>\n<!-- \/ Yoast SEO plugin. -->","yoast_head_json":{"title":"Assiettes \u00e0 g\u00e2teaux Beige Breezy Latte - 2 pi\u00e8ces - UNRO","description":"Les assiettes \u00e0 p\u00e2tisserie Beige Breezy Latte - 2 pi\u00e8ces de la marque C\u00aa Atlantica sont id\u00e9ales pour un usage quotidien. Exclusivement disponible aux Pays-Bas chez UNRO.","robots":{"index":"index","follow":"follow","max-snippet":"max-snippet:-1","max-image-preview":"max-image-preview:large","max-video-preview":"max-video-preview:-1"},"canonical":"https:\/\/unrostore.com\/fr-fr\/boutique\/ca-atlantica\/cafe-au-lait\/assiettes-a-gateaux-beige-breezy-latte-2-pieces\/","og_locale":"fr_FR","og_type":"article","og_title":"Gebaksbordjes Beige Breezy Latte - 2-delig &#8226; UNRO","og_description":"De\u00a0Gebaksbordjes Beige Breezy Latte - 2-delig van het merk C\u00aa Atlantica zijn ideaal voor dagelijks gebruik. Exclusief in Nederland verkrijgbaar bij UNRO.","og_url":"https:\/\/unrostore.com\/fr-fr\/boutique\/ca-atlantica\/cafe-au-lait\/assiettes-a-gateaux-beige-breezy-latte-2-pieces\/","og_site_name":"UNRO","article_modified_time":"2026-01-19T20:37:56+00:00","og_image":[{"width":1000,"height":1000,"url":"https:\/\/unrostore.com\/wp-content\/uploads\/2022\/11\/unro-portugees-servies-breezy-latte-ontbijtborden-2-delig-ca-atlantica.jpeg","type":"image\/jpeg"}],"twitter_card":"summary_large_image","schema":{"@context":"https:\/\/schema.org","@graph":[{"@type":"WebPage","@id":"https:\/\/unrostore.com\/shop\/ca-atlantica\/breezy-latte\/gebaksbordjes-beige-breezy-latte-2-delig\/","url":"https:\/\/unrostore.com\/shop\/ca-atlantica\/breezy-latte\/gebaksbordjes-beige-breezy-latte-2-delig\/","name":"Assiettes \u00e0 g\u00e2teaux Beige Breezy Latte - 2 pi\u00e8ces - UNRO","isPartOf":{"@id":"https:\/\/unrostore.com\/#website"},"primaryImageOfPage":{"@id":"https:\/\/unrostore.com\/shop\/ca-atlantica\/breezy-latte\/gebaksbordjes-beige-breezy-latte-2-delig\/#primaryimage"},"image":{"@id":"https:\/\/unrostore.com\/shop\/ca-atlantica\/breezy-latte\/gebaksbordjes-beige-breezy-latte-2-delig\/#primaryimage"},"thumbnailUrl":"https:\/\/unrostore.com\/wp-content\/uploads\/2022\/11\/unro-portugees-servies-breezy-latte-ontbijtborden-2-delig-ca-atlantica.jpeg","datePublished":"2022-11-04T20:44:31+00:00","dateModified":"2026-01-19T20:37:56+00:00","description":"Les assiettes \u00e0 p\u00e2tisserie Beige Breezy Latte - 2 pi\u00e8ces de la marque C\u00aa Atlantica sont id\u00e9ales pour un usage quotidien. Exclusivement disponible aux Pays-Bas chez UNRO.","breadcrumb":{"@id":"https:\/\/unrostore.com\/shop\/ca-atlantica\/breezy-latte\/gebaksbordjes-beige-breezy-latte-2-delig\/#breadcrumb"},"inLanguage":"fr-FR","potentialAction":[{"@type":"ReadAction","target":["https:\/\/unrostore.com\/shop\/ca-atlantica\/breezy-latte\/gebaksbordjes-beige-breezy-latte-2-delig\/"]}]},{"@type":"ImageObject","inLanguage":"fr-FR","@id":"https:\/\/unrostore.com\/shop\/ca-atlantica\/breezy-latte\/gebaksbordjes-beige-breezy-latte-2-delig\/#primaryimage","url":"https:\/\/unrostore.com\/wp-content\/uploads\/2022\/11\/unro-portugees-servies-breezy-latte-ontbijtborden-2-delig-ca-atlantica.jpeg","contentUrl":"https:\/\/unrostore.com\/wp-content\/uploads\/2022\/11\/unro-portugees-servies-breezy-latte-ontbijtborden-2-delig-ca-atlantica.jpeg","width":1000,"height":1000,"caption":"Gebaksbordjes beige Breezy Latte - 2-delig Portugees Keramiek Servies"},{"@type":"BreadcrumbList","@id":"https:\/\/unrostore.com\/shop\/ca-atlantica\/breezy-latte\/gebaksbordjes-beige-breezy-latte-2-delig\/#breadcrumb","itemListElement":[{"@type":"ListItem","position":1,"name":"Home","item":"https:\/\/unrostore.com\/"},{"@type":"ListItem","position":2,"name":"Shop","item":"https:\/\/unrostore.com\/shop\/"},{"@type":"ListItem","position":3,"name":"Gebaksbordjes Beige Breezy Latte &#8211; 2-delig"}]},{"@type":"WebSite","@id":"https:\/\/unrostore.com\/#website","url":"https:\/\/unrostore.com\/","name":"UNRO","description":"De la vaisselle portugaise qui vous rendra heureux !","publisher":{"@id":"https:\/\/unrostore.com\/#organization"},"potentialAction":[{"@type":"SearchAction","target":{"@type":"EntryPoint","urlTemplate":"https:\/\/unrostore.com\/?s={search_term_string}"},"query-input":{"@type":"PropertyValueSpecification","valueRequired":true,"valueName":"search_term_string"}}],"inLanguage":"fr-FR"},{"@type":"Organization","@id":"https:\/\/unrostore.com\/#organization","name":"UNRO","url":"https:\/\/unrostore.com\/","logo":{"@type":"ImageObject","inLanguage":"fr-FR","@id":"https:\/\/unrostore.com\/#\/schema\/logo\/image\/","url":"https:\/\/unrostore.com\/wp-content\/uploads\/2022\/05\/Logo-UNRO.png","contentUrl":"https:\/\/unrostore.com\/wp-content\/uploads\/2022\/05\/Logo-UNRO.png","width":605,"height":179,"caption":"UNRO"},"image":{"@id":"https:\/\/unrostore.com\/#\/schema\/logo\/image\/"}}]}},"_links":{"self":[{"href":"https:\/\/unrostore.com\/fr-fr\/wp-json\/wp\/v2\/product\/2451","targetHints":{"allow":["GET"]}}],"collection":[{"href":"https:\/\/unrostore.com\/fr-fr\/wp-json\/wp\/v2\/product"}],"about":[{"href":"https:\/\/unrostore.com\/fr-fr\/wp-json\/wp\/v2\/types\/product"}],"wp:featuredmedia":[{"embeddable":true,"href":"https:\/\/unrostore.com\/fr-fr\/wp-json\/wp\/v2\/media\/3430"}],"wp:attachment":[{"href":"https:\/\/unrostore.com\/fr-fr\/wp-json\/wp\/v2\/media?parent=2451"}],"wp:term":[{"taxonomy":"product_brand","embeddable":true,"href":"https:\/\/unrostore.com\/fr-fr\/wp-json\/wp\/v2\/product_brand?post=2451"},{"taxonomy":"product_cat","embeddable":true,"href":"https:\/\/unrostore.com\/fr-fr\/wp-json\/wp\/v2\/product_cat?post=2451"},{"taxonomy":"product_tag","embeddable":true,"href":"https:\/\/unrostore.com\/fr-fr\/wp-json\/wp\/v2\/product_tag?post=2451"}],"curies":[{"name":"wp","href":"https:\/\/api.w.org\/{rel}","templated":true}]}}