{"id":2436,"date":"2022-11-03T20:04:19","date_gmt":"2022-11-03T20:04:19","guid":{"rendered":"https:\/\/unrostore.com\/?post_type=product&#038;p=2436"},"modified":"2026-01-19T20:37:56","modified_gmt":"2026-01-19T20:37:56","slug":"vase-blanc-bio-h14","status":"publish","type":"product","link":"https:\/\/unrostore.com\/fr-fr\/boutique\/decoration\/vases\/vase-blanc-bio-h14\/","title":{"rendered":"Vase blanc Bio H14"},"content":{"rendered":"<h3>Vase moderne blanc Bio H14<\/h3>\n<p><span style=\"font-weight: 400;\">Le Vase Blanc Bio H14 de la marque portugaise <a href=\"https:\/\/www.companhiaatlantica.pt\/en\/about-us\/\">C\u00aa Atlantica<\/a> est la petite s\u0153ur de la <a href=\"https:\/\/unrostore.com\/fr-fr\/boutique\/decoration\/vases\/bio-vase-h19\/\">Vase Bio Blanc H19<\/a>. Ces deux objets sont fabriqu\u00e9s \u00e0 la main au Portugal \u00e0 partir de c\u00e9ramiques de haute qualit\u00e9. L'int\u00e9rieur du vase est en verre, ce qui est parfait pour conserver la fra\u00eecheur de vos fleurs. Ajoutez quelques jolies fleurs (artificielles) ou des branches d\u00e9coratives et votre maison sera instantan\u00e9ment d\u00e9cor\u00e9e. Conseil : cadeau id\u00e9al \u00e0 offrir !\u00a0<\/span><\/p>\n<p>\u00a0<\/p>\n<h3>C'est le num\u00e9ro que vous recevez<\/h3>\n<ul>\n<li>1x Vase Bio H14 \u00f8 8 cm<\/li>\n<\/ul>\n<p>\u00a0<\/p>\n<p><em><strong>Durable pour les personnes et l'environnement :<br \/>\n<\/strong>Chaque produit est unique car il est fabriqu\u00e9 \u00e0 la main.<br \/>\nL'impression et la texture peuvent donc diff\u00e9rer l\u00e9g\u00e8rement de la photo du produit.<\/em><\/p>","protected":false},"excerpt":{"rendered":"<div class=\"usps\"><i class=\"far fa-check-circle\"><\/i> Design \u00e9pur\u00e9<br \/>\n<i class=\"far fa-check-circle\"><\/i> Pour tout int\u00e9rieur<br \/>\n<i class=\"far fa-check-circle\"><\/i> Combiner avec un grand vase<br \/>\n<i class=\"far fa-thumbs-up\"><\/i> Fait \u00e0 la main<\/div>","protected":false},"featured_media":3431,"template":"","meta":[],"product_brand":[],"product_cat":[120,869,273,212],"product_tag":[221,216,311,220,219,225,224],"class_list":{"0":"post-2436","1":"product","2":"type-product","3":"status-publish","4":"has-post-thumbnail","6":"product_cat-ca-atlantica","7":"product_cat-unro-cadeautips","8":"product_cat-decoratie","9":"product_cat-vazen","10":"product_tag-bio","11":"product_tag-ca-atlantica","12":"product_tag-h14","13":"product_tag-vaas","14":"product_tag-vazen","15":"product_tag-white","16":"product_tag-wit","17":"product_shipping_class-pakket","19":"first","20":"instock","21":"sale","22":"taxable","23":"shipping-taxable","24":"purchasable","25":"product-type-simple"},"yoast_head":"<!-- This site is optimized with the Yoast SEO plugin v27.6 - https:\/\/yoast.com\/product\/yoast-seo-wordpress\/ -->\n<title>Witte Vaas Bio H14 &#8226; UNRO<\/title>\n<meta name=\"description\" content=\"Met de witte vaas Bio H14 is je interieur direct gezellig en ideaal ter decoratie met witte vaas Bio H19. Ook perfect cadeau te geven bij een verjaardag!\" \/>\n<meta name=\"robots\" content=\"index, follow, max-snippet:-1, max-image-preview:large, max-video-preview:-1\" \/>\n<link rel=\"canonical\" href=\"https:\/\/unrostore.com\/fr-fr\/boutique\/decoration\/vases\/vase-blanc-bio-h14\/\" \/>\n<meta property=\"og:locale\" content=\"fr_FR\" \/>\n<meta property=\"og:type\" content=\"article\" \/>\n<meta property=\"og:title\" content=\"Witte Vaas Bio H14 &#8226; UNRO\" \/>\n<meta property=\"og:description\" content=\"Met de witte vaas Bio H14 is je interieur direct gezellig en ideaal ter decoratie met witte vaas Bio H19. Ook perfect cadeau te geven bij een verjaardag!\" \/>\n<meta property=\"og:url\" content=\"https:\/\/unrostore.com\/fr-fr\/boutique\/decoration\/vases\/vase-blanc-bio-h14\/\" \/>\n<meta property=\"og:site_name\" content=\"UNRO\" \/>\n<meta property=\"article:modified_time\" content=\"2026-01-19T20:37:56+00:00\" \/>\n<meta property=\"og:image\" content=\"https:\/\/unrostore.com\/wp-content\/uploads\/2022\/11\/unro-portugees-keramiek-bio-vaas-wit-h14-ca-atlantica.jpeg\" \/>\n\t<meta property=\"og:image:width\" content=\"2560\" \/>\n\t<meta property=\"og:image:height\" content=\"2560\" \/>\n\t<meta property=\"og:image:type\" content=\"image\/jpeg\" \/>\n<meta name=\"twitter:card\" content=\"summary_large_image\" \/>\n<script type=\"application\/ld+json\" class=\"yoast-schema-graph\">{\"@context\":\"https:\\\/\\\/schema.org\",\"@graph\":[{\"@type\":\"WebPage\",\"@id\":\"https:\\\/\\\/unrostore.com\\\/shop\\\/decoratie\\\/vazen\\\/witte-vaas-bio-h14\\\/\",\"url\":\"https:\\\/\\\/unrostore.com\\\/shop\\\/decoratie\\\/vazen\\\/witte-vaas-bio-h14\\\/\",\"name\":\"Witte Vaas Bio H14 &#8226; UNRO\",\"isPartOf\":{\"@id\":\"https:\\\/\\\/unrostore.com\\\/#website\"},\"primaryImageOfPage\":{\"@id\":\"https:\\\/\\\/unrostore.com\\\/shop\\\/decoratie\\\/vazen\\\/witte-vaas-bio-h14\\\/#primaryimage\"},\"image\":{\"@id\":\"https:\\\/\\\/unrostore.com\\\/shop\\\/decoratie\\\/vazen\\\/witte-vaas-bio-h14\\\/#primaryimage\"},\"thumbnailUrl\":\"https:\\\/\\\/unrostore.com\\\/wp-content\\\/uploads\\\/2022\\\/11\\\/unro-portugees-keramiek-bio-vaas-wit-h14-ca-atlantica.jpeg\",\"datePublished\":\"2022-11-03T20:04:19+00:00\",\"dateModified\":\"2026-01-19T20:37:56+00:00\",\"description\":\"Met de witte vaas Bio H14 is je interieur direct gezellig en ideaal ter decoratie met witte vaas Bio H19. Ook perfect cadeau te geven bij een verjaardag!\",\"breadcrumb\":{\"@id\":\"https:\\\/\\\/unrostore.com\\\/shop\\\/decoratie\\\/vazen\\\/witte-vaas-bio-h14\\\/#breadcrumb\"},\"inLanguage\":\"fr-FR\",\"potentialAction\":[{\"@type\":\"ReadAction\",\"target\":[\"https:\\\/\\\/unrostore.com\\\/shop\\\/decoratie\\\/vazen\\\/witte-vaas-bio-h14\\\/\"]}]},{\"@type\":\"ImageObject\",\"inLanguage\":\"fr-FR\",\"@id\":\"https:\\\/\\\/unrostore.com\\\/shop\\\/decoratie\\\/vazen\\\/witte-vaas-bio-h14\\\/#primaryimage\",\"url\":\"https:\\\/\\\/unrostore.com\\\/wp-content\\\/uploads\\\/2022\\\/11\\\/unro-portugees-keramiek-bio-vaas-wit-h14-ca-atlantica.jpeg\",\"contentUrl\":\"https:\\\/\\\/unrostore.com\\\/wp-content\\\/uploads\\\/2022\\\/11\\\/unro-portugees-keramiek-bio-vaas-wit-h14-ca-atlantica.jpeg\",\"width\":2560,\"height\":2560,\"caption\":\"Ca Atlantica Bio Vaas Wit H14 Portugees Keramiek exclusief bij UNRO.\"},{\"@type\":\"BreadcrumbList\",\"@id\":\"https:\\\/\\\/unrostore.com\\\/shop\\\/decoratie\\\/vazen\\\/witte-vaas-bio-h14\\\/#breadcrumb\",\"itemListElement\":[{\"@type\":\"ListItem\",\"position\":1,\"name\":\"Home\",\"item\":\"https:\\\/\\\/unrostore.com\\\/\"},{\"@type\":\"ListItem\",\"position\":2,\"name\":\"Shop\",\"item\":\"https:\\\/\\\/unrostore.com\\\/shop\\\/\"},{\"@type\":\"ListItem\",\"position\":3,\"name\":\"Witte Vaas Bio H14\"}]},{\"@type\":\"WebSite\",\"@id\":\"https:\\\/\\\/unrostore.com\\\/#website\",\"url\":\"https:\\\/\\\/unrostore.com\\\/\",\"name\":\"UNRO\",\"description\":\"Portugees servies waar je blij van wordt!\",\"publisher\":{\"@id\":\"https:\\\/\\\/unrostore.com\\\/#organization\"},\"potentialAction\":[{\"@type\":\"SearchAction\",\"target\":{\"@type\":\"EntryPoint\",\"urlTemplate\":\"https:\\\/\\\/unrostore.com\\\/?s={search_term_string}\"},\"query-input\":{\"@type\":\"PropertyValueSpecification\",\"valueRequired\":true,\"valueName\":\"search_term_string\"}}],\"inLanguage\":\"fr-FR\"},{\"@type\":\"Organization\",\"@id\":\"https:\\\/\\\/unrostore.com\\\/#organization\",\"name\":\"UNRO\",\"url\":\"https:\\\/\\\/unrostore.com\\\/\",\"logo\":{\"@type\":\"ImageObject\",\"inLanguage\":\"fr-FR\",\"@id\":\"https:\\\/\\\/unrostore.com\\\/#\\\/schema\\\/logo\\\/image\\\/\",\"url\":\"https:\\\/\\\/unrostore.com\\\/wp-content\\\/uploads\\\/2022\\\/05\\\/Logo-UNRO.png\",\"contentUrl\":\"https:\\\/\\\/unrostore.com\\\/wp-content\\\/uploads\\\/2022\\\/05\\\/Logo-UNRO.png\",\"width\":605,\"height\":179,\"caption\":\"UNRO\"},\"image\":{\"@id\":\"https:\\\/\\\/unrostore.com\\\/#\\\/schema\\\/logo\\\/image\\\/\"}}]}<\/script>\n<!-- \/ Yoast SEO plugin. -->","yoast_head_json":{"title":"Vase blanc Bio H14 - UNRO","description":"Avec le vase blanc Bio H14, votre int\u00e9rieur est imm\u00e9diatement confortable et id\u00e9al pour la d\u00e9coration avec le vase blanc Bio H19. Id\u00e9al \u00e9galement comme cadeau d'anniversaire !","robots":{"index":"index","follow":"follow","max-snippet":"max-snippet:-1","max-image-preview":"max-image-preview:large","max-video-preview":"max-video-preview:-1"},"canonical":"https:\/\/unrostore.com\/fr-fr\/boutique\/decoration\/vases\/vase-blanc-bio-h14\/","og_locale":"fr_FR","og_type":"article","og_title":"Witte Vaas Bio H14 &#8226; UNRO","og_description":"Met de witte vaas Bio H14 is je interieur direct gezellig en ideaal ter decoratie met witte vaas Bio H19. Ook perfect cadeau te geven bij een verjaardag!","og_url":"https:\/\/unrostore.com\/fr-fr\/boutique\/decoration\/vases\/vase-blanc-bio-h14\/","og_site_name":"UNRO","article_modified_time":"2026-01-19T20:37:56+00:00","og_image":[{"width":2560,"height":2560,"url":"https:\/\/unrostore.com\/wp-content\/uploads\/2022\/11\/unro-portugees-keramiek-bio-vaas-wit-h14-ca-atlantica.jpeg","type":"image\/jpeg"}],"twitter_card":"summary_large_image","schema":{"@context":"https:\/\/schema.org","@graph":[{"@type":"WebPage","@id":"https:\/\/unrostore.com\/shop\/decoratie\/vazen\/witte-vaas-bio-h14\/","url":"https:\/\/unrostore.com\/shop\/decoratie\/vazen\/witte-vaas-bio-h14\/","name":"Vase blanc Bio H14 - UNRO","isPartOf":{"@id":"https:\/\/unrostore.com\/#website"},"primaryImageOfPage":{"@id":"https:\/\/unrostore.com\/shop\/decoratie\/vazen\/witte-vaas-bio-h14\/#primaryimage"},"image":{"@id":"https:\/\/unrostore.com\/shop\/decoratie\/vazen\/witte-vaas-bio-h14\/#primaryimage"},"thumbnailUrl":"https:\/\/unrostore.com\/wp-content\/uploads\/2022\/11\/unro-portugees-keramiek-bio-vaas-wit-h14-ca-atlantica.jpeg","datePublished":"2022-11-03T20:04:19+00:00","dateModified":"2026-01-19T20:37:56+00:00","description":"Avec le vase blanc Bio H14, votre int\u00e9rieur est imm\u00e9diatement confortable et id\u00e9al pour la d\u00e9coration avec le vase blanc Bio H19. Id\u00e9al \u00e9galement comme cadeau d'anniversaire !","breadcrumb":{"@id":"https:\/\/unrostore.com\/shop\/decoratie\/vazen\/witte-vaas-bio-h14\/#breadcrumb"},"inLanguage":"fr-FR","potentialAction":[{"@type":"ReadAction","target":["https:\/\/unrostore.com\/shop\/decoratie\/vazen\/witte-vaas-bio-h14\/"]}]},{"@type":"ImageObject","inLanguage":"fr-FR","@id":"https:\/\/unrostore.com\/shop\/decoratie\/vazen\/witte-vaas-bio-h14\/#primaryimage","url":"https:\/\/unrostore.com\/wp-content\/uploads\/2022\/11\/unro-portugees-keramiek-bio-vaas-wit-h14-ca-atlantica.jpeg","contentUrl":"https:\/\/unrostore.com\/wp-content\/uploads\/2022\/11\/unro-portugees-keramiek-bio-vaas-wit-h14-ca-atlantica.jpeg","width":2560,"height":2560,"caption":"Ca Atlantica Bio Vaas Wit H14 Portugees Keramiek exclusief bij UNRO."},{"@type":"BreadcrumbList","@id":"https:\/\/unrostore.com\/shop\/decoratie\/vazen\/witte-vaas-bio-h14\/#breadcrumb","itemListElement":[{"@type":"ListItem","position":1,"name":"Home","item":"https:\/\/unrostore.com\/"},{"@type":"ListItem","position":2,"name":"Shop","item":"https:\/\/unrostore.com\/shop\/"},{"@type":"ListItem","position":3,"name":"Witte Vaas Bio H14"}]},{"@type":"WebSite","@id":"https:\/\/unrostore.com\/#website","url":"https:\/\/unrostore.com\/","name":"UNRO","description":"De la vaisselle portugaise qui vous rendra heureux !","publisher":{"@id":"https:\/\/unrostore.com\/#organization"},"potentialAction":[{"@type":"SearchAction","target":{"@type":"EntryPoint","urlTemplate":"https:\/\/unrostore.com\/?s={search_term_string}"},"query-input":{"@type":"PropertyValueSpecification","valueRequired":true,"valueName":"search_term_string"}}],"inLanguage":"fr-FR"},{"@type":"Organization","@id":"https:\/\/unrostore.com\/#organization","name":"UNRO","url":"https:\/\/unrostore.com\/","logo":{"@type":"ImageObject","inLanguage":"fr-FR","@id":"https:\/\/unrostore.com\/#\/schema\/logo\/image\/","url":"https:\/\/unrostore.com\/wp-content\/uploads\/2022\/05\/Logo-UNRO.png","contentUrl":"https:\/\/unrostore.com\/wp-content\/uploads\/2022\/05\/Logo-UNRO.png","width":605,"height":179,"caption":"UNRO"},"image":{"@id":"https:\/\/unrostore.com\/#\/schema\/logo\/image\/"}}]}},"_links":{"self":[{"href":"https:\/\/unrostore.com\/fr-fr\/wp-json\/wp\/v2\/product\/2436","targetHints":{"allow":["GET"]}}],"collection":[{"href":"https:\/\/unrostore.com\/fr-fr\/wp-json\/wp\/v2\/product"}],"about":[{"href":"https:\/\/unrostore.com\/fr-fr\/wp-json\/wp\/v2\/types\/product"}],"wp:featuredmedia":[{"embeddable":true,"href":"https:\/\/unrostore.com\/fr-fr\/wp-json\/wp\/v2\/media\/3431"}],"wp:attachment":[{"href":"https:\/\/unrostore.com\/fr-fr\/wp-json\/wp\/v2\/media?parent=2436"}],"wp:term":[{"taxonomy":"product_brand","embeddable":true,"href":"https:\/\/unrostore.com\/fr-fr\/wp-json\/wp\/v2\/product_brand?post=2436"},{"taxonomy":"product_cat","embeddable":true,"href":"https:\/\/unrostore.com\/fr-fr\/wp-json\/wp\/v2\/product_cat?post=2436"},{"taxonomy":"product_tag","embeddable":true,"href":"https:\/\/unrostore.com\/fr-fr\/wp-json\/wp\/v2\/product_tag?post=2436"}],"curies":[{"name":"wp","href":"https:\/\/api.w.org\/{rel}","templated":true}]}}