{"id":2430,"date":"2022-11-03T20:01:10","date_gmt":"2022-11-03T20:01:10","guid":{"rendered":"https:\/\/unrostore.com\/?post_type=product&#038;p=2430"},"modified":"2026-01-19T20:37:56","modified_gmt":"2026-01-19T20:37:56","slug":"vase-blanc-bio-h19","status":"publish","type":"product","link":"https:\/\/unrostore.com\/fr-fr\/boutique\/decoration\/vases\/vase-blanc-bio-h19\/","title":{"rendered":"Vase blanc Bio H19"},"content":{"rendered":"<h3>Simplicit\u00e9 avec le vase blanc Bio H19<\/h3>\n<p><span style=\"font-weight: 400;\">Le <strong>Vase blanc Bio H19<\/strong> s'int\u00e8gre parfaitement \u00e0 tous les int\u00e9rieurs gr\u00e2ce \u00e0 son aspect blanc mat. Le vase provient de la marque portugaise <a href=\"https:\/\/www.companhiaatlantica.pt\/en\/about-us\/\">C\u00aa Atlantica<\/a> et est donc fabriqu\u00e9 \u00e0 la main au Portugal en c\u00e9ramique de haute qualit\u00e9. L'int\u00e9rieur du vase est en verre, ce qui permet de conserver la fra\u00eecheur des fleurs. L'avantage est qu'il existe \u00e9galement une variante plus petite, le <a href=\"https:\/\/unrostore.com\/fr-fr\/boutique\/decoration\/vases\/bio-vaas-wit-h14\/\">Vase Bio Blanc H14<\/a>. Combinez ces deux vases ensemble ou s\u00e9par\u00e9ment et donnez une belle allure \u00e0 votre int\u00e9rieur !<\/span><\/p>\n<p>&nbsp;<\/p>\n<h3>C'est le num\u00e9ro que vous recevez<\/h3>\n<ul>\n<li>1x Vase Bio H19 \u00f8 9 cm<\/li>\n<\/ul>\n<p>&nbsp;<\/p>\n<p><em><strong>Durable pour les personnes et l'environnement :<br \/>\n<\/strong>Chaque produit est unique car il est fabriqu\u00e9 \u00e0 la main.<br \/>\nL'impression et la texture peuvent donc diff\u00e9rer l\u00e9g\u00e8rement de la photo du produit.<\/em><\/p>","protected":false},"excerpt":{"rendered":"<div class=\"usps\"><i class=\"far fa-check-circle\"><\/i> Design \u00e9pur\u00e9<br \/>\n<i class=\"far fa-check-circle\"><\/i> Pour tout int\u00e9rieur<br \/>\n<i class=\"far fa-check-circle\"><\/i> Combiner avec un petit vase<br \/>\n<i class=\"far fa-thumbs-up\"><\/i> Fait \u00e0 la main<\/div>","protected":false},"featured_media":3436,"template":"","meta":[],"product_brand":[],"product_cat":[120,273,212],"product_tag":[221,216,223,220,219,224,312],"class_list":{"0":"post-2430","1":"product","2":"type-product","3":"status-publish","4":"has-post-thumbnail","6":"product_cat-ca-atlantica","7":"product_cat-decoratie","8":"product_cat-vazen","9":"product_tag-bio","10":"product_tag-ca-atlantica","11":"product_tag-h19","12":"product_tag-vaas","13":"product_tag-vazen","14":"product_tag-wit","15":"product_tag-witte-vaas","16":"product_shipping_class-pakket","18":"first","19":"outofstock","20":"sale","21":"taxable","22":"shipping-taxable","23":"purchasable","24":"product-type-simple"},"yoast_head":"<!-- This site is optimized with the Yoast SEO plugin v27.4 - https:\/\/yoast.com\/product\/yoast-seo-wordpress\/ -->\n<title>Witte Vaas Bio H19 &#8226; UNRO<\/title>\n<meta name=\"description\" content=\"De Witte Vaas Bio H19 staat mooi in werkelijk elk interieur met zijn mat witte uitstraling. Fleur je huis nu op met deze prachtige handgemaakte vaas!\" \/>\n<meta name=\"robots\" content=\"index, follow, max-snippet:-1, max-image-preview:large, max-video-preview:-1\" \/>\n<link rel=\"canonical\" href=\"https:\/\/unrostore.com\/fr-fr\/boutique\/decoration\/vases\/vase-blanc-bio-h19\/\" \/>\n<meta property=\"og:locale\" content=\"fr_FR\" \/>\n<meta property=\"og:type\" content=\"article\" \/>\n<meta property=\"og:title\" content=\"Witte Vaas Bio H19 &#8226; UNRO\" \/>\n<meta property=\"og:description\" content=\"De Witte Vaas Bio H19 staat mooi in werkelijk elk interieur met zijn mat witte uitstraling. Fleur je huis nu op met deze prachtige handgemaakte vaas!\" \/>\n<meta property=\"og:url\" content=\"https:\/\/unrostore.com\/fr-fr\/boutique\/decoration\/vases\/vase-blanc-bio-h19\/\" \/>\n<meta property=\"og:site_name\" content=\"UNRO\" \/>\n<meta property=\"article:modified_time\" content=\"2026-01-19T20:37:56+00:00\" \/>\n<meta property=\"og:image\" content=\"https:\/\/unrostore.com\/wp-content\/uploads\/2022\/11\/unro-portugees-keramiek-bio-vaas-wit-h19-ca-atlantica.jpeg\" \/>\n\t<meta property=\"og:image:width\" content=\"2560\" \/>\n\t<meta property=\"og:image:height\" content=\"2560\" \/>\n\t<meta property=\"og:image:type\" content=\"image\/jpeg\" \/>\n<meta name=\"twitter:card\" content=\"summary_large_image\" \/>\n<script type=\"application\/ld+json\" class=\"yoast-schema-graph\">{\"@context\":\"https:\\\/\\\/schema.org\",\"@graph\":[{\"@type\":\"WebPage\",\"@id\":\"https:\\\/\\\/unrostore.com\\\/shop\\\/decoratie\\\/vazen\\\/witte-vaas-bio-h19\\\/\",\"url\":\"https:\\\/\\\/unrostore.com\\\/shop\\\/decoratie\\\/vazen\\\/witte-vaas-bio-h19\\\/\",\"name\":\"Witte Vaas Bio H19 &#8226; UNRO\",\"isPartOf\":{\"@id\":\"https:\\\/\\\/unrostore.com\\\/#website\"},\"primaryImageOfPage\":{\"@id\":\"https:\\\/\\\/unrostore.com\\\/shop\\\/decoratie\\\/vazen\\\/witte-vaas-bio-h19\\\/#primaryimage\"},\"image\":{\"@id\":\"https:\\\/\\\/unrostore.com\\\/shop\\\/decoratie\\\/vazen\\\/witte-vaas-bio-h19\\\/#primaryimage\"},\"thumbnailUrl\":\"https:\\\/\\\/unrostore.com\\\/wp-content\\\/uploads\\\/2022\\\/11\\\/unro-portugees-keramiek-bio-vaas-wit-h19-ca-atlantica.jpeg\",\"datePublished\":\"2022-11-03T20:01:10+00:00\",\"dateModified\":\"2026-01-19T20:37:56+00:00\",\"description\":\"De Witte Vaas Bio H19 staat mooi in werkelijk elk interieur met zijn mat witte uitstraling. Fleur je huis nu op met deze prachtige handgemaakte vaas!\",\"breadcrumb\":{\"@id\":\"https:\\\/\\\/unrostore.com\\\/shop\\\/decoratie\\\/vazen\\\/witte-vaas-bio-h19\\\/#breadcrumb\"},\"inLanguage\":\"fr-FR\",\"potentialAction\":[{\"@type\":\"ReadAction\",\"target\":[\"https:\\\/\\\/unrostore.com\\\/shop\\\/decoratie\\\/vazen\\\/witte-vaas-bio-h19\\\/\"]}]},{\"@type\":\"ImageObject\",\"inLanguage\":\"fr-FR\",\"@id\":\"https:\\\/\\\/unrostore.com\\\/shop\\\/decoratie\\\/vazen\\\/witte-vaas-bio-h19\\\/#primaryimage\",\"url\":\"https:\\\/\\\/unrostore.com\\\/wp-content\\\/uploads\\\/2022\\\/11\\\/unro-portugees-keramiek-bio-vaas-wit-h19-ca-atlantica.jpeg\",\"contentUrl\":\"https:\\\/\\\/unrostore.com\\\/wp-content\\\/uploads\\\/2022\\\/11\\\/unro-portugees-keramiek-bio-vaas-wit-h19-ca-atlantica.jpeg\",\"width\":2560,\"height\":2560,\"caption\":\"Ca Atlantica Bio Vaas Wit H19 Portugees Keramiek exclusief bij UNRO.\"},{\"@type\":\"BreadcrumbList\",\"@id\":\"https:\\\/\\\/unrostore.com\\\/shop\\\/decoratie\\\/vazen\\\/witte-vaas-bio-h19\\\/#breadcrumb\",\"itemListElement\":[{\"@type\":\"ListItem\",\"position\":1,\"name\":\"Home\",\"item\":\"https:\\\/\\\/unrostore.com\\\/\"},{\"@type\":\"ListItem\",\"position\":2,\"name\":\"Shop\",\"item\":\"https:\\\/\\\/unrostore.com\\\/shop\\\/\"},{\"@type\":\"ListItem\",\"position\":3,\"name\":\"Witte Vaas Bio H19\"}]},{\"@type\":\"WebSite\",\"@id\":\"https:\\\/\\\/unrostore.com\\\/#website\",\"url\":\"https:\\\/\\\/unrostore.com\\\/\",\"name\":\"UNRO\",\"description\":\"Portugees servies waar je blij van wordt!\",\"publisher\":{\"@id\":\"https:\\\/\\\/unrostore.com\\\/#organization\"},\"potentialAction\":[{\"@type\":\"SearchAction\",\"target\":{\"@type\":\"EntryPoint\",\"urlTemplate\":\"https:\\\/\\\/unrostore.com\\\/?s={search_term_string}\"},\"query-input\":{\"@type\":\"PropertyValueSpecification\",\"valueRequired\":true,\"valueName\":\"search_term_string\"}}],\"inLanguage\":\"fr-FR\"},{\"@type\":\"Organization\",\"@id\":\"https:\\\/\\\/unrostore.com\\\/#organization\",\"name\":\"UNRO\",\"url\":\"https:\\\/\\\/unrostore.com\\\/\",\"logo\":{\"@type\":\"ImageObject\",\"inLanguage\":\"fr-FR\",\"@id\":\"https:\\\/\\\/unrostore.com\\\/#\\\/schema\\\/logo\\\/image\\\/\",\"url\":\"https:\\\/\\\/unrostore.com\\\/wp-content\\\/uploads\\\/2022\\\/05\\\/Logo-UNRO.png\",\"contentUrl\":\"https:\\\/\\\/unrostore.com\\\/wp-content\\\/uploads\\\/2022\\\/05\\\/Logo-UNRO.png\",\"width\":605,\"height\":179,\"caption\":\"UNRO\"},\"image\":{\"@id\":\"https:\\\/\\\/unrostore.com\\\/#\\\/schema\\\/logo\\\/image\\\/\"}}]}<\/script>\n<!-- \/ Yoast SEO plugin. -->","yoast_head_json":{"title":"Vase blanc Bio H19 - UNRO","description":"Le vase blanc Bio H19 s'int\u00e8gre parfaitement dans tous les int\u00e9rieurs gr\u00e2ce \u00e0 son aspect blanc mat. Illuminez votre int\u00e9rieur avec ce magnifique vase fait \u00e0 la main !","robots":{"index":"index","follow":"follow","max-snippet":"max-snippet:-1","max-image-preview":"max-image-preview:large","max-video-preview":"max-video-preview:-1"},"canonical":"https:\/\/unrostore.com\/fr-fr\/boutique\/decoration\/vases\/vase-blanc-bio-h19\/","og_locale":"fr_FR","og_type":"article","og_title":"Witte Vaas Bio H19 &#8226; UNRO","og_description":"De Witte Vaas Bio H19 staat mooi in werkelijk elk interieur met zijn mat witte uitstraling. Fleur je huis nu op met deze prachtige handgemaakte vaas!","og_url":"https:\/\/unrostore.com\/fr-fr\/boutique\/decoration\/vases\/vase-blanc-bio-h19\/","og_site_name":"UNRO","article_modified_time":"2026-01-19T20:37:56+00:00","og_image":[{"width":2560,"height":2560,"url":"https:\/\/unrostore.com\/wp-content\/uploads\/2022\/11\/unro-portugees-keramiek-bio-vaas-wit-h19-ca-atlantica.jpeg","type":"image\/jpeg"}],"twitter_card":"summary_large_image","schema":{"@context":"https:\/\/schema.org","@graph":[{"@type":"WebPage","@id":"https:\/\/unrostore.com\/shop\/decoratie\/vazen\/witte-vaas-bio-h19\/","url":"https:\/\/unrostore.com\/shop\/decoratie\/vazen\/witte-vaas-bio-h19\/","name":"Vase blanc Bio H19 - UNRO","isPartOf":{"@id":"https:\/\/unrostore.com\/#website"},"primaryImageOfPage":{"@id":"https:\/\/unrostore.com\/shop\/decoratie\/vazen\/witte-vaas-bio-h19\/#primaryimage"},"image":{"@id":"https:\/\/unrostore.com\/shop\/decoratie\/vazen\/witte-vaas-bio-h19\/#primaryimage"},"thumbnailUrl":"https:\/\/unrostore.com\/wp-content\/uploads\/2022\/11\/unro-portugees-keramiek-bio-vaas-wit-h19-ca-atlantica.jpeg","datePublished":"2022-11-03T20:01:10+00:00","dateModified":"2026-01-19T20:37:56+00:00","description":"Le vase blanc Bio H19 s'int\u00e8gre parfaitement dans tous les int\u00e9rieurs gr\u00e2ce \u00e0 son aspect blanc mat. Illuminez votre int\u00e9rieur avec ce magnifique vase fait \u00e0 la main !","breadcrumb":{"@id":"https:\/\/unrostore.com\/shop\/decoratie\/vazen\/witte-vaas-bio-h19\/#breadcrumb"},"inLanguage":"fr-FR","potentialAction":[{"@type":"ReadAction","target":["https:\/\/unrostore.com\/shop\/decoratie\/vazen\/witte-vaas-bio-h19\/"]}]},{"@type":"ImageObject","inLanguage":"fr-FR","@id":"https:\/\/unrostore.com\/shop\/decoratie\/vazen\/witte-vaas-bio-h19\/#primaryimage","url":"https:\/\/unrostore.com\/wp-content\/uploads\/2022\/11\/unro-portugees-keramiek-bio-vaas-wit-h19-ca-atlantica.jpeg","contentUrl":"https:\/\/unrostore.com\/wp-content\/uploads\/2022\/11\/unro-portugees-keramiek-bio-vaas-wit-h19-ca-atlantica.jpeg","width":2560,"height":2560,"caption":"Ca Atlantica Bio Vaas Wit H19 Portugees Keramiek exclusief bij UNRO."},{"@type":"BreadcrumbList","@id":"https:\/\/unrostore.com\/shop\/decoratie\/vazen\/witte-vaas-bio-h19\/#breadcrumb","itemListElement":[{"@type":"ListItem","position":1,"name":"Home","item":"https:\/\/unrostore.com\/"},{"@type":"ListItem","position":2,"name":"Shop","item":"https:\/\/unrostore.com\/shop\/"},{"@type":"ListItem","position":3,"name":"Witte Vaas Bio H19"}]},{"@type":"WebSite","@id":"https:\/\/unrostore.com\/#website","url":"https:\/\/unrostore.com\/","name":"UNRO","description":"De la vaisselle portugaise qui vous rendra heureux !","publisher":{"@id":"https:\/\/unrostore.com\/#organization"},"potentialAction":[{"@type":"SearchAction","target":{"@type":"EntryPoint","urlTemplate":"https:\/\/unrostore.com\/?s={search_term_string}"},"query-input":{"@type":"PropertyValueSpecification","valueRequired":true,"valueName":"search_term_string"}}],"inLanguage":"fr-FR"},{"@type":"Organization","@id":"https:\/\/unrostore.com\/#organization","name":"UNRO","url":"https:\/\/unrostore.com\/","logo":{"@type":"ImageObject","inLanguage":"fr-FR","@id":"https:\/\/unrostore.com\/#\/schema\/logo\/image\/","url":"https:\/\/unrostore.com\/wp-content\/uploads\/2022\/05\/Logo-UNRO.png","contentUrl":"https:\/\/unrostore.com\/wp-content\/uploads\/2022\/05\/Logo-UNRO.png","width":605,"height":179,"caption":"UNRO"},"image":{"@id":"https:\/\/unrostore.com\/#\/schema\/logo\/image\/"}}]}},"_links":{"self":[{"href":"https:\/\/unrostore.com\/fr-fr\/wp-json\/wp\/v2\/product\/2430","targetHints":{"allow":["GET"]}}],"collection":[{"href":"https:\/\/unrostore.com\/fr-fr\/wp-json\/wp\/v2\/product"}],"about":[{"href":"https:\/\/unrostore.com\/fr-fr\/wp-json\/wp\/v2\/types\/product"}],"wp:featuredmedia":[{"embeddable":true,"href":"https:\/\/unrostore.com\/fr-fr\/wp-json\/wp\/v2\/media\/3436"}],"wp:attachment":[{"href":"https:\/\/unrostore.com\/fr-fr\/wp-json\/wp\/v2\/media?parent=2430"}],"wp:term":[{"taxonomy":"product_brand","embeddable":true,"href":"https:\/\/unrostore.com\/fr-fr\/wp-json\/wp\/v2\/product_brand?post=2430"},{"taxonomy":"product_cat","embeddable":true,"href":"https:\/\/unrostore.com\/fr-fr\/wp-json\/wp\/v2\/product_cat?post=2430"},{"taxonomy":"product_tag","embeddable":true,"href":"https:\/\/unrostore.com\/fr-fr\/wp-json\/wp\/v2\/product_tag?post=2430"}],"curies":[{"name":"wp","href":"https:\/\/api.w.org\/{rel}","templated":true}]}}