{"id":2421,"date":"2022-11-03T07:20:58","date_gmt":"2022-11-03T07:20:58","guid":{"rendered":"https:\/\/unrostore.com\/?post_type=product&#038;p=2421"},"modified":"2026-01-19T20:37:56","modified_gmt":"2026-01-19T20:37:56","slug":"tasse-rose-tonneau-rose","status":"publish","type":"product","link":"https:\/\/unrostore.com\/fr-fr\/boutique\/ca-atlantica\/tonneau\/tasse-rose-tonneau-rose\/","title":{"rendered":"Tasse rose Tonneau rose - 1 pi\u00e8ce"},"content":{"rendered":"<h3>Un r\u00eave rose : le mug rose Barrel Pink<\/h3>\n<p><span style=\"font-weight: 400;\">Comme c'est amusant <strong>Tasse rose Tonneau rose <\/strong>par la marque portugaise <a href=\"https:\/\/www.companhiaatlantica.pt\/en\/about-us\/\">C\u00aa Atlantica<\/a>. Elle convient non seulement pour votre cappuccino, mais aussi pour une d\u00e9licieuse tasse de th\u00e9, afin de vous rendre heureux chaque jour. Gr\u00e2ce \u00e0 sa belle couleur rose et \u00e0 son c\u00f4t\u00e9 pratique : mettez la tasse \u00e0 cappuccino au lave-vaisselle apr\u00e8s usage ou r\u00e9chauffez votre boisson ou votre soupe au micro-ondes. En effet, cette tasse \u00e0 th\u00e9 est fabriqu\u00e9e en c\u00e9ramique de haute qualit\u00e9, ce qui lui permet de passer au lave-vaisselle et au micro-ondes. D\u00e9couvrez \u00e9galement les autres couleurs amusantes de ce mod\u00e8le : <a href=\"https:\/\/unrostore.com\/fr-fr\/boutique\/ca-atlantica\/tonneau\/barrel-cappuccino-green-mokken-2-delig\/\">Tasse verte Barrel Cappuccino<\/a>\u00a0et <a href=\"https:\/\/unrostore.com\/fr-fr\/boutique\/ca-atlantica\/tonneau\/barrel-cappuccino-lilac-mokken-2-delig\/\">Tasse Barrel Cappuccino Lilas<\/a>.\u00a0<\/span><\/p>\n<p>\u00a0<\/p>\n<h3>C'est le nombre de mugs livr\u00e9s.<\/h3>\n<ul>\n<li>1x Tasse \u00e0 cappuccino rose Barrel (330 ml)<\/li>\n<\/ul>\n<p>\u00a0<\/p>\n<p><em><strong>Duurzaam voor mens & milieu:<\/strong><br \/>\nChaque produit est unique car il est fabriqu\u00e9 \u00e0 la main.<br \/>\nL'impression et la texture peuvent donc diff\u00e9rer l\u00e9g\u00e8rement de la photo du produit.<\/em><\/p>","protected":false},"excerpt":{"rendered":"<div class=\"usps\"><i class=\"far fa-check-circle\"><\/i> R\u00e9sistant aux micro-ondes<br \/>\n<i class=\"far fa-check-circle\"><\/i> R\u00e9siste au four (jusqu'\u00e0 200 degr\u00e9s)<br \/>\n<i class=\"far fa-check-circle\"><\/i> Lavable au lave-vaisselle<br \/>\n<i class=\"far fa-thumbs-up\"><\/i> Fait \u00e0 la main<\/div>","protected":false},"featured_media":6431,"template":"","meta":[],"product_brand":[],"product_cat":[276,120,316,132],"product_tag":[213,216,280,114,130,214,215],"class_list":{"0":"post-2421","1":"product","2":"type-product","3":"status-publish","4":"has-post-thumbnail","6":"product_cat-barrel","7":"product_cat-ca-atlantica","8":"product_cat-cappuccino-mokken","9":"product_cat-kopjes-en-mokken","10":"product_tag-barrel","11":"product_tag-ca-atlantica","12":"product_tag-cappuccino","13":"product_tag-mok","14":"product_tag-mokken","15":"product_tag-pink","16":"product_tag-roze","17":"product_shipping_class-pakket","19":"first","20":"outofstock","21":"sale","22":"taxable","23":"shipping-taxable","24":"purchasable","25":"product-type-simple"},"yoast_head":"<!-- This site is optimized with the Yoast SEO plugin v27.5 - https:\/\/yoast.com\/product\/yoast-seo-wordpress\/ -->\n<title>Roze Mok Barrel Pink - 1 stuk &#8226; UNRO<\/title>\n<meta name=\"description\" content=\"Wordt nu nog vrolijker van een koffie of thee momentje voor jezelf met de Barrel Roze Mok Barrel Pink van Portugees merk C\u00aa Atlantica!\" \/>\n<meta name=\"robots\" content=\"index, follow, max-snippet:-1, max-image-preview:large, max-video-preview:-1\" \/>\n<link rel=\"canonical\" href=\"https:\/\/unrostore.com\/fr-fr\/boutique\/ca-atlantica\/tonneau\/tasse-rose-tonneau-rose\/\" \/>\n<meta property=\"og:locale\" content=\"fr_FR\" \/>\n<meta property=\"og:type\" content=\"article\" \/>\n<meta property=\"og:title\" content=\"Roze Mok Barrel Pink - 1 stuk &#8226; UNRO\" \/>\n<meta property=\"og:description\" content=\"Wordt nu nog vrolijker van een koffie of thee momentje voor jezelf met de Barrel Roze Mok Barrel Pink van Portugees merk C\u00aa Atlantica!\" \/>\n<meta property=\"og:url\" content=\"https:\/\/unrostore.com\/fr-fr\/boutique\/ca-atlantica\/tonneau\/tasse-rose-tonneau-rose\/\" \/>\n<meta property=\"og:site_name\" content=\"UNRO\" \/>\n<meta property=\"article:modified_time\" content=\"2026-01-19T20:37:56+00:00\" \/>\n<meta property=\"og:image\" content=\"https:\/\/unrostore.com\/wp-content\/uploads\/2022\/11\/unro-roze-mok-portugees-servies.webp\" \/>\n\t<meta property=\"og:image:width\" content=\"1000\" \/>\n\t<meta property=\"og:image:height\" content=\"1000\" \/>\n\t<meta property=\"og:image:type\" content=\"image\/webp\" \/>\n<meta name=\"twitter:card\" content=\"summary_large_image\" \/>\n<script type=\"application\/ld+json\" class=\"yoast-schema-graph\">{\"@context\":\"https:\\\/\\\/schema.org\",\"@graph\":[{\"@type\":\"WebPage\",\"@id\":\"https:\\\/\\\/unrostore.com\\\/shop\\\/ca-atlantica\\\/barrel\\\/roze-mok-barrel-pink\\\/\",\"url\":\"https:\\\/\\\/unrostore.com\\\/shop\\\/ca-atlantica\\\/barrel\\\/roze-mok-barrel-pink\\\/\",\"name\":\"Roze Mok Barrel Pink - 1 stuk &#8226; UNRO\",\"isPartOf\":{\"@id\":\"https:\\\/\\\/unrostore.com\\\/#website\"},\"primaryImageOfPage\":{\"@id\":\"https:\\\/\\\/unrostore.com\\\/shop\\\/ca-atlantica\\\/barrel\\\/roze-mok-barrel-pink\\\/#primaryimage\"},\"image\":{\"@id\":\"https:\\\/\\\/unrostore.com\\\/shop\\\/ca-atlantica\\\/barrel\\\/roze-mok-barrel-pink\\\/#primaryimage\"},\"thumbnailUrl\":\"https:\\\/\\\/unrostore.com\\\/wp-content\\\/uploads\\\/2022\\\/11\\\/unro-roze-mok-portugees-servies.webp\",\"datePublished\":\"2022-11-03T07:20:58+00:00\",\"dateModified\":\"2026-01-19T20:37:56+00:00\",\"description\":\"Wordt nu nog vrolijker van een koffie of thee momentje voor jezelf met de Barrel Roze Mok Barrel Pink van Portugees merk C\u00aa Atlantica!\",\"breadcrumb\":{\"@id\":\"https:\\\/\\\/unrostore.com\\\/shop\\\/ca-atlantica\\\/barrel\\\/roze-mok-barrel-pink\\\/#breadcrumb\"},\"inLanguage\":\"fr-FR\",\"potentialAction\":[{\"@type\":\"ReadAction\",\"target\":[\"https:\\\/\\\/unrostore.com\\\/shop\\\/ca-atlantica\\\/barrel\\\/roze-mok-barrel-pink\\\/\"]}]},{\"@type\":\"ImageObject\",\"inLanguage\":\"fr-FR\",\"@id\":\"https:\\\/\\\/unrostore.com\\\/shop\\\/ca-atlantica\\\/barrel\\\/roze-mok-barrel-pink\\\/#primaryimage\",\"url\":\"https:\\\/\\\/unrostore.com\\\/wp-content\\\/uploads\\\/2022\\\/11\\\/unro-roze-mok-portugees-servies.webp\",\"contentUrl\":\"https:\\\/\\\/unrostore.com\\\/wp-content\\\/uploads\\\/2022\\\/11\\\/unro-roze-mok-portugees-servies.webp\",\"width\":1000,\"height\":1000,\"caption\":\"roze mok met oor\"},{\"@type\":\"BreadcrumbList\",\"@id\":\"https:\\\/\\\/unrostore.com\\\/shop\\\/ca-atlantica\\\/barrel\\\/roze-mok-barrel-pink\\\/#breadcrumb\",\"itemListElement\":[{\"@type\":\"ListItem\",\"position\":1,\"name\":\"Home\",\"item\":\"https:\\\/\\\/unrostore.com\\\/\"},{\"@type\":\"ListItem\",\"position\":2,\"name\":\"Shop\",\"item\":\"https:\\\/\\\/unrostore.com\\\/shop\\\/\"},{\"@type\":\"ListItem\",\"position\":3,\"name\":\"Roze Mok Barrel Pink &#8211; 1 stuk\"}]},{\"@type\":\"WebSite\",\"@id\":\"https:\\\/\\\/unrostore.com\\\/#website\",\"url\":\"https:\\\/\\\/unrostore.com\\\/\",\"name\":\"UNRO\",\"description\":\"Portugees servies waar je blij van wordt!\",\"publisher\":{\"@id\":\"https:\\\/\\\/unrostore.com\\\/#organization\"},\"potentialAction\":[{\"@type\":\"SearchAction\",\"target\":{\"@type\":\"EntryPoint\",\"urlTemplate\":\"https:\\\/\\\/unrostore.com\\\/?s={search_term_string}\"},\"query-input\":{\"@type\":\"PropertyValueSpecification\",\"valueRequired\":true,\"valueName\":\"search_term_string\"}}],\"inLanguage\":\"fr-FR\"},{\"@type\":\"Organization\",\"@id\":\"https:\\\/\\\/unrostore.com\\\/#organization\",\"name\":\"UNRO\",\"url\":\"https:\\\/\\\/unrostore.com\\\/\",\"logo\":{\"@type\":\"ImageObject\",\"inLanguage\":\"fr-FR\",\"@id\":\"https:\\\/\\\/unrostore.com\\\/#\\\/schema\\\/logo\\\/image\\\/\",\"url\":\"https:\\\/\\\/unrostore.com\\\/wp-content\\\/uploads\\\/2022\\\/05\\\/Logo-UNRO.png\",\"contentUrl\":\"https:\\\/\\\/unrostore.com\\\/wp-content\\\/uploads\\\/2022\\\/05\\\/Logo-UNRO.png\",\"width\":605,\"height\":179,\"caption\":\"UNRO\"},\"image\":{\"@id\":\"https:\\\/\\\/unrostore.com\\\/#\\\/schema\\\/logo\\\/image\\\/\"}}]}<\/script>\n<!-- \/ Yoast SEO plugin. -->","yoast_head_json":{"title":"Tasse rose Barrel Pink - 1 pi\u00e8ce - UNRO","description":"Maintenant, soyez encore plus heureux avec un moment de caf\u00e9 ou de th\u00e9 pour vous-m\u00eame avec la tasse Barrel Pink Mug Barrel Pink de la marque portugaise C\u00aa Atlantica !","robots":{"index":"index","follow":"follow","max-snippet":"max-snippet:-1","max-image-preview":"max-image-preview:large","max-video-preview":"max-video-preview:-1"},"canonical":"https:\/\/unrostore.com\/fr-fr\/boutique\/ca-atlantica\/tonneau\/tasse-rose-tonneau-rose\/","og_locale":"fr_FR","og_type":"article","og_title":"Roze Mok Barrel Pink - 1 stuk &#8226; UNRO","og_description":"Wordt nu nog vrolijker van een koffie of thee momentje voor jezelf met de Barrel Roze Mok Barrel Pink van Portugees merk C\u00aa Atlantica!","og_url":"https:\/\/unrostore.com\/fr-fr\/boutique\/ca-atlantica\/tonneau\/tasse-rose-tonneau-rose\/","og_site_name":"UNRO","article_modified_time":"2026-01-19T20:37:56+00:00","og_image":[{"width":1000,"height":1000,"url":"https:\/\/unrostore.com\/wp-content\/uploads\/2022\/11\/unro-roze-mok-portugees-servies.webp","type":"image\/webp"}],"twitter_card":"summary_large_image","schema":{"@context":"https:\/\/schema.org","@graph":[{"@type":"WebPage","@id":"https:\/\/unrostore.com\/shop\/ca-atlantica\/barrel\/roze-mok-barrel-pink\/","url":"https:\/\/unrostore.com\/shop\/ca-atlantica\/barrel\/roze-mok-barrel-pink\/","name":"Tasse rose Barrel Pink - 1 pi\u00e8ce - UNRO","isPartOf":{"@id":"https:\/\/unrostore.com\/#website"},"primaryImageOfPage":{"@id":"https:\/\/unrostore.com\/shop\/ca-atlantica\/barrel\/roze-mok-barrel-pink\/#primaryimage"},"image":{"@id":"https:\/\/unrostore.com\/shop\/ca-atlantica\/barrel\/roze-mok-barrel-pink\/#primaryimage"},"thumbnailUrl":"https:\/\/unrostore.com\/wp-content\/uploads\/2022\/11\/unro-roze-mok-portugees-servies.webp","datePublished":"2022-11-03T07:20:58+00:00","dateModified":"2026-01-19T20:37:56+00:00","description":"Maintenant, soyez encore plus heureux avec un moment de caf\u00e9 ou de th\u00e9 pour vous-m\u00eame avec la tasse Barrel Pink Mug Barrel Pink de la marque portugaise C\u00aa Atlantica !","breadcrumb":{"@id":"https:\/\/unrostore.com\/shop\/ca-atlantica\/barrel\/roze-mok-barrel-pink\/#breadcrumb"},"inLanguage":"fr-FR","potentialAction":[{"@type":"ReadAction","target":["https:\/\/unrostore.com\/shop\/ca-atlantica\/barrel\/roze-mok-barrel-pink\/"]}]},{"@type":"ImageObject","inLanguage":"fr-FR","@id":"https:\/\/unrostore.com\/shop\/ca-atlantica\/barrel\/roze-mok-barrel-pink\/#primaryimage","url":"https:\/\/unrostore.com\/wp-content\/uploads\/2022\/11\/unro-roze-mok-portugees-servies.webp","contentUrl":"https:\/\/unrostore.com\/wp-content\/uploads\/2022\/11\/unro-roze-mok-portugees-servies.webp","width":1000,"height":1000,"caption":"roze mok met oor"},{"@type":"BreadcrumbList","@id":"https:\/\/unrostore.com\/shop\/ca-atlantica\/barrel\/roze-mok-barrel-pink\/#breadcrumb","itemListElement":[{"@type":"ListItem","position":1,"name":"Home","item":"https:\/\/unrostore.com\/"},{"@type":"ListItem","position":2,"name":"Shop","item":"https:\/\/unrostore.com\/shop\/"},{"@type":"ListItem","position":3,"name":"Roze Mok Barrel Pink &#8211; 1 stuk"}]},{"@type":"WebSite","@id":"https:\/\/unrostore.com\/#website","url":"https:\/\/unrostore.com\/","name":"UNRO","description":"De la vaisselle portugaise qui vous rendra heureux !","publisher":{"@id":"https:\/\/unrostore.com\/#organization"},"potentialAction":[{"@type":"SearchAction","target":{"@type":"EntryPoint","urlTemplate":"https:\/\/unrostore.com\/?s={search_term_string}"},"query-input":{"@type":"PropertyValueSpecification","valueRequired":true,"valueName":"search_term_string"}}],"inLanguage":"fr-FR"},{"@type":"Organization","@id":"https:\/\/unrostore.com\/#organization","name":"UNRO","url":"https:\/\/unrostore.com\/","logo":{"@type":"ImageObject","inLanguage":"fr-FR","@id":"https:\/\/unrostore.com\/#\/schema\/logo\/image\/","url":"https:\/\/unrostore.com\/wp-content\/uploads\/2022\/05\/Logo-UNRO.png","contentUrl":"https:\/\/unrostore.com\/wp-content\/uploads\/2022\/05\/Logo-UNRO.png","width":605,"height":179,"caption":"UNRO"},"image":{"@id":"https:\/\/unrostore.com\/#\/schema\/logo\/image\/"}}]}},"_links":{"self":[{"href":"https:\/\/unrostore.com\/fr-fr\/wp-json\/wp\/v2\/product\/2421","targetHints":{"allow":["GET"]}}],"collection":[{"href":"https:\/\/unrostore.com\/fr-fr\/wp-json\/wp\/v2\/product"}],"about":[{"href":"https:\/\/unrostore.com\/fr-fr\/wp-json\/wp\/v2\/types\/product"}],"wp:featuredmedia":[{"embeddable":true,"href":"https:\/\/unrostore.com\/fr-fr\/wp-json\/wp\/v2\/media\/6431"}],"wp:attachment":[{"href":"https:\/\/unrostore.com\/fr-fr\/wp-json\/wp\/v2\/media?parent=2421"}],"wp:term":[{"taxonomy":"product_brand","embeddable":true,"href":"https:\/\/unrostore.com\/fr-fr\/wp-json\/wp\/v2\/product_brand?post=2421"},{"taxonomy":"product_cat","embeddable":true,"href":"https:\/\/unrostore.com\/fr-fr\/wp-json\/wp\/v2\/product_cat?post=2421"},{"taxonomy":"product_tag","embeddable":true,"href":"https:\/\/unrostore.com\/fr-fr\/wp-json\/wp\/v2\/product_tag?post=2421"}],"curies":[{"name":"wp","href":"https:\/\/api.w.org\/{rel}","templated":true}]}}