{"id":2318,"date":"2022-10-18T16:11:42","date_gmt":"2022-10-18T16:11:42","guid":{"rendered":"https:\/\/unrostore.com\/?post_type=product&#038;p=2318"},"modified":"2026-01-19T20:37:57","modified_gmt":"2026-01-19T20:37:57","slug":"coquetiers-marrons-tasses-a-espresso-cafe-6-pieces","status":"publish","type":"product","link":"https:\/\/unrostore.com\/fr-fr\/boutique\/terrafina\/cafe-4\/coquetiers-marrons-tasses-a-espresso-cafe-6-pieces\/","title":{"rendered":"Tasses \u00e0 oeuf Tasses \u00e0 espresso marron 50 ml Caf\u00e9 - 6 pi\u00e8ces"},"content":{"rendered":"<h3>De perfecte espresso uit de Coffee Eierdopjes Bruine Espressobekers \u2013 6-delig<\/h3>\n<p>Les Coffee <strong>coquetiers tasses \u00e0 espresso brunes<\/strong> sans oreille de marque portugaise <a href=\"https:\/\/www.terrafinastore.com\/en\/collections\/coffee\">Terrafina<\/a> s'inspire du caf\u00e9. Comme il est agr\u00e9able de pouvoir boire son espresso dans une tasse inspir\u00e9e par le caf\u00e9. Il n'y a presque pas de meilleure association,<span style=\"font-weight: 400;\">l'espresso ne fait plus qu'un avec la tasse. Un petit concentr\u00e9 d'\u00e9nergie pour dynamiser votre journ\u00e9e, faites-en l'exp\u00e9rience d\u00e8s maintenant !<\/span> Compl\u00e9tez votre service de table pour le caf\u00e9 en ajoutant ces magnifiques tasses \u00e0 expresso brunes \u00e0 votre collection. Combinez les tasses \u00e0 expresso, qui peuvent \u00e9galement servir de coquetiers, avec les <a href=\"https:\/\/unrostore.com\/fr-fr\/boutique\/terrafina\/cafe-4\/assiettes-brunes-petit-dejeuner-cafe-4-pieces\/\">assiettes de petit d\u00e9jeuner Coffee<\/a> et <a href=\"https:\/\/unrostore.com\/fr-fr\/boutique\/terrafina\/cafe-4\/coffee-kommen-2-delig\/\">bols Coffee<\/a> font d\u00e9j\u00e0 de votre petit-d\u00e9jeuner ou de votre d\u00e9jeuner un \u00e9v\u00e9nement complet!<\/p>\n<p>\u00a0<\/p>\n<h3>C'est le nombre de tasses \u00e0 espresso que vous recevrez<\/h3>\n<ul>\n<li>6x tasses \u00e0 expresso Coffee (50 ml)<\/li>\n<li>1x Terrafina bo\u00eete cadeau<\/li>\n<\/ul>\n<p>\u00a0<\/p>\n<p><em><strong>Duurzaam voor mens & milieu:<\/strong><br \/>\nChaque produit est unique car il est fabriqu\u00e9 \u00e0 la main.<br \/>\nL'impression et la texture peuvent donc diff\u00e9rer l\u00e9g\u00e8rement de la photo du produit.<\/em><\/p>","protected":false},"excerpt":{"rendered":"<div class=\"usps\"><i class=\"far fa-check-circle\"><\/i> R\u00e9sistant aux micro-ondes<br \/>\n<i class=\"far fa-check-circle\"><\/i> R\u00e9siste au four (jusqu'\u00e0 200 degr\u00e9s)<br \/>\n<i class=\"far fa-check-circle\"><\/i> Lavable au lave-vaisselle<br \/>\n<i class=\"far fa-thumbs-up\"><\/i> Fait \u00e0 la main<\/div>","protected":false},"featured_media":6158,"template":"","meta":[],"product_brand":[],"product_cat":[178,307,630,132,119],"product_tag":[795,179,192,619,301,193,742,302,797,123,796],"class_list":{"0":"post-2318","1":"product","2":"type-product","3":"status-publish","4":"has-post-thumbnail","6":"product_cat-coffee","7":"product_cat-espresso-kopjes","8":"product_cat-espresso-kopjes-zonder-oor","9":"product_cat-kopjes-en-mokken","10":"product_cat-terrafina","11":"product_tag-bruine-espresso-kopjes","12":"product_tag-coffee","13":"product_tag-coffee-kopjes","14":"product_tag-eierdopjes","15":"product_tag-espresso","16":"product_tag-espresso-kopjes","17":"product_tag-espresso-mokken","18":"product_tag-kopjes","19":"product_tag-set-van-6","20":"product_tag-terrafina","21":"product_tag-zonder-oor","22":"product_shipping_class-pakket","24":"first","25":"instock","26":"sale","27":"taxable","28":"shipping-taxable","29":"purchasable","30":"product-type-simple"},"yoast_head":"<!-- This site is optimized with the Yoast SEO plugin v27.6 - https:\/\/yoast.com\/product\/yoast-seo-wordpress\/ -->\n<title>Eierdopjes Bruine Espressobekers 50 ml Coffee - 6-delig &#8226; UNRO<\/title>\n<meta name=\"description\" content=\"Deze eierdopjes bruine espressobekers zijn kleine krachtpatsers om jouw dag een boost te geven, ervaar nu zelf de kracht van de kleine Coffee kopjes!\" \/>\n<meta name=\"robots\" content=\"index, follow, max-snippet:-1, max-image-preview:large, max-video-preview:-1\" \/>\n<link rel=\"canonical\" href=\"https:\/\/unrostore.com\/fr-fr\/boutique\/terrafina\/cafe-4\/coquetiers-marrons-tasses-a-espresso-cafe-6-pieces\/\" \/>\n<meta property=\"og:locale\" content=\"fr_FR\" \/>\n<meta property=\"og:type\" content=\"article\" \/>\n<meta property=\"og:title\" content=\"Eierdopjes Bruine Espressobekers 50 ml Coffee - 6-delig &#8226; UNRO\" \/>\n<meta property=\"og:description\" content=\"Deze eierdopjes bruine espressobekers zijn kleine krachtpatsers om jouw dag een boost te geven, ervaar nu zelf de kracht van de kleine Coffee kopjes!\" \/>\n<meta property=\"og:url\" content=\"https:\/\/unrostore.com\/fr-fr\/boutique\/terrafina\/cafe-4\/coquetiers-marrons-tasses-a-espresso-cafe-6-pieces\/\" \/>\n<meta property=\"og:site_name\" content=\"UNRO\" \/>\n<meta property=\"article:modified_time\" content=\"2026-01-19T20:37:57+00:00\" \/>\n<meta property=\"og:image\" content=\"https:\/\/unrostore.com\/wp-content\/uploads\/2022\/10\/unro-bruine-kopjes.webp\" \/>\n\t<meta property=\"og:image:width\" content=\"1000\" \/>\n\t<meta property=\"og:image:height\" content=\"1000\" \/>\n\t<meta property=\"og:image:type\" content=\"image\/webp\" \/>\n<meta name=\"twitter:card\" content=\"summary_large_image\" \/>\n<script type=\"application\/ld+json\" class=\"yoast-schema-graph\">{\"@context\":\"https:\\\/\\\/schema.org\",\"@graph\":[{\"@type\":\"WebPage\",\"@id\":\"https:\\\/\\\/unrostore.com\\\/shop\\\/terrafina\\\/coffee\\\/eierdopjes-bruine-espressobekers-coffee-6-delig\\\/\",\"url\":\"https:\\\/\\\/unrostore.com\\\/shop\\\/terrafina\\\/coffee\\\/eierdopjes-bruine-espressobekers-coffee-6-delig\\\/\",\"name\":\"Eierdopjes Bruine Espressobekers 50 ml Coffee - 6-delig &#8226; UNRO\",\"isPartOf\":{\"@id\":\"https:\\\/\\\/unrostore.com\\\/#website\"},\"primaryImageOfPage\":{\"@id\":\"https:\\\/\\\/unrostore.com\\\/shop\\\/terrafina\\\/coffee\\\/eierdopjes-bruine-espressobekers-coffee-6-delig\\\/#primaryimage\"},\"image\":{\"@id\":\"https:\\\/\\\/unrostore.com\\\/shop\\\/terrafina\\\/coffee\\\/eierdopjes-bruine-espressobekers-coffee-6-delig\\\/#primaryimage\"},\"thumbnailUrl\":\"https:\\\/\\\/unrostore.com\\\/wp-content\\\/uploads\\\/2022\\\/10\\\/unro-bruine-kopjes.webp\",\"datePublished\":\"2022-10-18T16:11:42+00:00\",\"dateModified\":\"2026-01-19T20:37:57+00:00\",\"description\":\"Deze eierdopjes bruine espressobekers zijn kleine krachtpatsers om jouw dag een boost te geven, ervaar nu zelf de kracht van de kleine Coffee kopjes!\",\"breadcrumb\":{\"@id\":\"https:\\\/\\\/unrostore.com\\\/shop\\\/terrafina\\\/coffee\\\/eierdopjes-bruine-espressobekers-coffee-6-delig\\\/#breadcrumb\"},\"inLanguage\":\"fr-FR\",\"potentialAction\":[{\"@type\":\"ReadAction\",\"target\":[\"https:\\\/\\\/unrostore.com\\\/shop\\\/terrafina\\\/coffee\\\/eierdopjes-bruine-espressobekers-coffee-6-delig\\\/\"]}]},{\"@type\":\"ImageObject\",\"inLanguage\":\"fr-FR\",\"@id\":\"https:\\\/\\\/unrostore.com\\\/shop\\\/terrafina\\\/coffee\\\/eierdopjes-bruine-espressobekers-coffee-6-delig\\\/#primaryimage\",\"url\":\"https:\\\/\\\/unrostore.com\\\/wp-content\\\/uploads\\\/2022\\\/10\\\/unro-bruine-kopjes.webp\",\"contentUrl\":\"https:\\\/\\\/unrostore.com\\\/wp-content\\\/uploads\\\/2022\\\/10\\\/unro-bruine-kopjes.webp\",\"width\":1000,\"height\":1000,\"caption\":\"eierdopjes bruine espressobekers\"},{\"@type\":\"BreadcrumbList\",\"@id\":\"https:\\\/\\\/unrostore.com\\\/shop\\\/terrafina\\\/coffee\\\/eierdopjes-bruine-espressobekers-coffee-6-delig\\\/#breadcrumb\",\"itemListElement\":[{\"@type\":\"ListItem\",\"position\":1,\"name\":\"Home\",\"item\":\"https:\\\/\\\/unrostore.com\\\/\"},{\"@type\":\"ListItem\",\"position\":2,\"name\":\"Shop\",\"item\":\"https:\\\/\\\/unrostore.com\\\/shop\\\/\"},{\"@type\":\"ListItem\",\"position\":3,\"name\":\"Eierdopjes Bruine Espressobekers 50 ml Coffee &#8211; 6-delig\"}]},{\"@type\":\"WebSite\",\"@id\":\"https:\\\/\\\/unrostore.com\\\/#website\",\"url\":\"https:\\\/\\\/unrostore.com\\\/\",\"name\":\"UNRO\",\"description\":\"Portugees servies waar je blij van wordt!\",\"publisher\":{\"@id\":\"https:\\\/\\\/unrostore.com\\\/#organization\"},\"potentialAction\":[{\"@type\":\"SearchAction\",\"target\":{\"@type\":\"EntryPoint\",\"urlTemplate\":\"https:\\\/\\\/unrostore.com\\\/?s={search_term_string}\"},\"query-input\":{\"@type\":\"PropertyValueSpecification\",\"valueRequired\":true,\"valueName\":\"search_term_string\"}}],\"inLanguage\":\"fr-FR\"},{\"@type\":\"Organization\",\"@id\":\"https:\\\/\\\/unrostore.com\\\/#organization\",\"name\":\"UNRO\",\"url\":\"https:\\\/\\\/unrostore.com\\\/\",\"logo\":{\"@type\":\"ImageObject\",\"inLanguage\":\"fr-FR\",\"@id\":\"https:\\\/\\\/unrostore.com\\\/#\\\/schema\\\/logo\\\/image\\\/\",\"url\":\"https:\\\/\\\/unrostore.com\\\/wp-content\\\/uploads\\\/2022\\\/05\\\/Logo-UNRO.png\",\"contentUrl\":\"https:\\\/\\\/unrostore.com\\\/wp-content\\\/uploads\\\/2022\\\/05\\\/Logo-UNRO.png\",\"width\":605,\"height\":179,\"caption\":\"UNRO\"},\"image\":{\"@id\":\"https:\\\/\\\/unrostore.com\\\/#\\\/schema\\\/logo\\\/image\\\/\"}}]}<\/script>\n<!-- \/ Yoast SEO plugin. -->","yoast_head_json":{"title":"Tasses \u00e0 oeufs Tasses \u00e0 espresso marron Caf\u00e9 - 6 pi\u00e8ces - UNRO","description":"Ces tasses \u00e0 espresso brunes en forme de coquetier sont de petites centrales \u00e9lectriques pour stimuler votre journ\u00e9e. D\u00e9couvrez le pouvoir des petites tasses \u00e0 caf\u00e9 par vous-m\u00eame d\u00e8s maintenant !","robots":{"index":"index","follow":"follow","max-snippet":"max-snippet:-1","max-image-preview":"max-image-preview:large","max-video-preview":"max-video-preview:-1"},"canonical":"https:\/\/unrostore.com\/fr-fr\/boutique\/terrafina\/cafe-4\/coquetiers-marrons-tasses-a-espresso-cafe-6-pieces\/","og_locale":"fr_FR","og_type":"article","og_title":"Eierdopjes Bruine Espressobekers 50 ml Coffee - 6-delig &#8226; UNRO","og_description":"Deze eierdopjes bruine espressobekers zijn kleine krachtpatsers om jouw dag een boost te geven, ervaar nu zelf de kracht van de kleine Coffee kopjes!","og_url":"https:\/\/unrostore.com\/fr-fr\/boutique\/terrafina\/cafe-4\/coquetiers-marrons-tasses-a-espresso-cafe-6-pieces\/","og_site_name":"UNRO","article_modified_time":"2026-01-19T20:37:57+00:00","og_image":[{"width":1000,"height":1000,"url":"https:\/\/unrostore.com\/wp-content\/uploads\/2022\/10\/unro-bruine-kopjes.webp","type":"image\/webp"}],"twitter_card":"summary_large_image","schema":{"@context":"https:\/\/schema.org","@graph":[{"@type":"WebPage","@id":"https:\/\/unrostore.com\/shop\/terrafina\/coffee\/eierdopjes-bruine-espressobekers-coffee-6-delig\/","url":"https:\/\/unrostore.com\/shop\/terrafina\/coffee\/eierdopjes-bruine-espressobekers-coffee-6-delig\/","name":"Tasses \u00e0 oeufs Tasses \u00e0 espresso marron Caf\u00e9 - 6 pi\u00e8ces - UNRO","isPartOf":{"@id":"https:\/\/unrostore.com\/#website"},"primaryImageOfPage":{"@id":"https:\/\/unrostore.com\/shop\/terrafina\/coffee\/eierdopjes-bruine-espressobekers-coffee-6-delig\/#primaryimage"},"image":{"@id":"https:\/\/unrostore.com\/shop\/terrafina\/coffee\/eierdopjes-bruine-espressobekers-coffee-6-delig\/#primaryimage"},"thumbnailUrl":"https:\/\/unrostore.com\/wp-content\/uploads\/2022\/10\/unro-bruine-kopjes.webp","datePublished":"2022-10-18T16:11:42+00:00","dateModified":"2026-01-19T20:37:57+00:00","description":"Ces tasses \u00e0 espresso brunes en forme de coquetier sont de petites centrales \u00e9lectriques pour stimuler votre journ\u00e9e. D\u00e9couvrez le pouvoir des petites tasses \u00e0 caf\u00e9 par vous-m\u00eame d\u00e8s maintenant !","breadcrumb":{"@id":"https:\/\/unrostore.com\/shop\/terrafina\/coffee\/eierdopjes-bruine-espressobekers-coffee-6-delig\/#breadcrumb"},"inLanguage":"fr-FR","potentialAction":[{"@type":"ReadAction","target":["https:\/\/unrostore.com\/shop\/terrafina\/coffee\/eierdopjes-bruine-espressobekers-coffee-6-delig\/"]}]},{"@type":"ImageObject","inLanguage":"fr-FR","@id":"https:\/\/unrostore.com\/shop\/terrafina\/coffee\/eierdopjes-bruine-espressobekers-coffee-6-delig\/#primaryimage","url":"https:\/\/unrostore.com\/wp-content\/uploads\/2022\/10\/unro-bruine-kopjes.webp","contentUrl":"https:\/\/unrostore.com\/wp-content\/uploads\/2022\/10\/unro-bruine-kopjes.webp","width":1000,"height":1000,"caption":"eierdopjes bruine espressobekers"},{"@type":"BreadcrumbList","@id":"https:\/\/unrostore.com\/shop\/terrafina\/coffee\/eierdopjes-bruine-espressobekers-coffee-6-delig\/#breadcrumb","itemListElement":[{"@type":"ListItem","position":1,"name":"Home","item":"https:\/\/unrostore.com\/"},{"@type":"ListItem","position":2,"name":"Shop","item":"https:\/\/unrostore.com\/shop\/"},{"@type":"ListItem","position":3,"name":"Eierdopjes Bruine Espressobekers 50 ml Coffee &#8211; 6-delig"}]},{"@type":"WebSite","@id":"https:\/\/unrostore.com\/#website","url":"https:\/\/unrostore.com\/","name":"UNRO","description":"De la vaisselle portugaise qui vous rendra heureux !","publisher":{"@id":"https:\/\/unrostore.com\/#organization"},"potentialAction":[{"@type":"SearchAction","target":{"@type":"EntryPoint","urlTemplate":"https:\/\/unrostore.com\/?s={search_term_string}"},"query-input":{"@type":"PropertyValueSpecification","valueRequired":true,"valueName":"search_term_string"}}],"inLanguage":"fr-FR"},{"@type":"Organization","@id":"https:\/\/unrostore.com\/#organization","name":"UNRO","url":"https:\/\/unrostore.com\/","logo":{"@type":"ImageObject","inLanguage":"fr-FR","@id":"https:\/\/unrostore.com\/#\/schema\/logo\/image\/","url":"https:\/\/unrostore.com\/wp-content\/uploads\/2022\/05\/Logo-UNRO.png","contentUrl":"https:\/\/unrostore.com\/wp-content\/uploads\/2022\/05\/Logo-UNRO.png","width":605,"height":179,"caption":"UNRO"},"image":{"@id":"https:\/\/unrostore.com\/#\/schema\/logo\/image\/"}}]}},"_links":{"self":[{"href":"https:\/\/unrostore.com\/fr-fr\/wp-json\/wp\/v2\/product\/2318","targetHints":{"allow":["GET"]}}],"collection":[{"href":"https:\/\/unrostore.com\/fr-fr\/wp-json\/wp\/v2\/product"}],"about":[{"href":"https:\/\/unrostore.com\/fr-fr\/wp-json\/wp\/v2\/types\/product"}],"wp:featuredmedia":[{"embeddable":true,"href":"https:\/\/unrostore.com\/fr-fr\/wp-json\/wp\/v2\/media\/6158"}],"wp:attachment":[{"href":"https:\/\/unrostore.com\/fr-fr\/wp-json\/wp\/v2\/media?parent=2318"}],"wp:term":[{"taxonomy":"product_brand","embeddable":true,"href":"https:\/\/unrostore.com\/fr-fr\/wp-json\/wp\/v2\/product_brand?post=2318"},{"taxonomy":"product_cat","embeddable":true,"href":"https:\/\/unrostore.com\/fr-fr\/wp-json\/wp\/v2\/product_cat?post=2318"},{"taxonomy":"product_tag","embeddable":true,"href":"https:\/\/unrostore.com\/fr-fr\/wp-json\/wp\/v2\/product_tag?post=2318"}],"curies":[{"name":"wp","href":"https:\/\/api.w.org\/{rel}","templated":true}]}}