{"id":2240,"date":"2022-10-16T15:33:05","date_gmt":"2022-10-16T15:33:05","guid":{"rendered":"https:\/\/unrostore.com\/?post_type=product&#038;p=2240"},"modified":"2026-03-04T07:36:46","modified_gmt":"2026-03-04T07:36:46","slug":"plats-de-service-bruns-cafe-2-tailles","status":"publish","type":"product","link":"https:\/\/unrostore.com\/fr-fr\/boutique\/terrafina\/cafe-4\/plats-de-service-bruns-cafe-2-tailles\/","title":{"rendered":"plats de service marron Coffee - 2 tailles"},"content":{"rendered":"<h3>Unieke Bruine Serveerschalen Coffee \u2013 2-groottes<\/h3>\n<p>Le<strong> Plats de service marron Coffee - 2 tailles<\/strong> proviennent de la marque portugaise <a href=\"https:\/\/www.terrafinastore.com\/en\/collections\/coffee\">Terrafina<\/a> et sont fabriqu\u00e9s \u00e0 la main en c\u00e9ramique de haute qualit\u00e9. Par cons\u00e9quent, les bols r\u00e9sistent au lave-vaisselle, au micro-ondes et au four (jusqu'\u00e0 200 degr\u00e9s) et chaque bol est unique. <span style=\"font-weight: 400;\">Donnez \u00e0 votre int\u00e9rieur une touche de chaleur et de luxe avec les bols Coffee, qui sont \u00e9galement parfaits pour compl\u00e9ter votre service de table Coffee. Cr\u00e9ez de la profondeur et de la vari\u00e9t\u00e9 en combinant diff\u00e9rents articles de la collection Coffee sur la table. D\u00e9couvrez \u00e9galement le <a href=\"https:\/\/unrostore.com\/fr-fr\/boutique\/terrafina\/cafe-4\/bol-de-service-pour-le-cafe\/\">bol de service Coffee<\/a> et les <a href=\"https:\/\/unrostore.com\/fr-fr\/boutique\/terrafina\/cafe-4\/coffee-kommen-2-delig\/\">bols Coffee<\/a>.\u00a0<\/span><\/p>\n<p>\u00a0<\/p>\n<h3>C'est le nombre de plats de service qui vous seront fournis<\/h3>\n<ul>\n<li>1x Grand plat de service (42cm de long)<\/li>\n<li>1x Plat de service moyen (34cm de long)<\/li>\n<li>1x Terrafina bo\u00eete cadeau<\/li>\n<\/ul>\n<p>\u00a0<\/p>\n<p><em><strong>Duurzaam voor mens & milieu:<\/strong><br \/>\nChaque produit est unique car il est fabriqu\u00e9 \u00e0 la main.<br \/>\nL'impression et la texture peuvent donc diff\u00e9rer l\u00e9g\u00e8rement de la photo du produit.<\/em><\/p>","protected":false},"excerpt":{"rendered":"<div class=\"usps\"><i class=\"far fa-check-circle\"><\/i> R\u00e9sistant aux micro-ondes<br \/>\n<i class=\"far fa-check-circle\"><\/i> R\u00e9siste au four (jusqu'\u00e0 200 degr\u00e9s)<br \/>\n<i class=\"far fa-check-circle\"><\/i> Lavable au lave-vaisselle<br \/>\n<i class=\"far fa-thumbs-up\"><\/i> Fait \u00e0 la main<\/div>","protected":false},"featured_media":6164,"template":"","meta":[],"product_brand":[],"product_cat":[178,138,119],"product_tag":[295,179,190,253,601,260,252,148,149,123],"class_list":{"0":"post-2240","1":"product","2":"type-product","3":"status-publish","4":"has-post-thumbnail","6":"product_cat-coffee","7":"product_cat-serveerschalen","8":"product_cat-terrafina","9":"product_tag-bruin","10":"product_tag-coffee","11":"product_tag-coffee-serveerschaal","12":"product_tag-fruitschaal","13":"product_tag-hapjesschaal","14":"product_tag-ovaal","15":"product_tag-schaal","16":"product_tag-serveerschaal","17":"product_tag-serveerschalen","18":"product_tag-terrafina","19":"product_shipping_class-pakket","21":"first","22":"outofstock","23":"sale","24":"taxable","25":"shipping-taxable","26":"purchasable","27":"product-type-simple"},"yoast_head":"<!-- This site is optimized with the Yoast SEO plugin v27.5 - https:\/\/yoast.com\/product\/yoast-seo-wordpress\/ -->\n<title>Bruine Serveerschalen Coffee - 2-groottes &#8226; Terrafina &#8226; UNRO<\/title>\n<meta name=\"description\" content=\"Cre\u00eber diepte en variatie en combineer de Bruine Serveerschalen Coffee - 2-groottes met de verschillende items van de Coffee collectie samen op tafel.\" \/>\n<meta name=\"robots\" content=\"index, follow, max-snippet:-1, max-image-preview:large, max-video-preview:-1\" \/>\n<link rel=\"canonical\" href=\"https:\/\/unrostore.com\/fr-fr\/boutique\/terrafina\/cafe-4\/plats-de-service-bruns-cafe-2-tailles\/\" \/>\n<meta property=\"og:locale\" content=\"fr_FR\" \/>\n<meta property=\"og:type\" content=\"article\" \/>\n<meta property=\"og:title\" content=\"Bruine Serveerschalen Coffee - 2-groottes &#8226; Terrafina &#8226; UNRO\" \/>\n<meta property=\"og:description\" content=\"Cre\u00eber diepte en variatie en combineer de Bruine Serveerschalen Coffee - 2-groottes met de verschillende items van de Coffee collectie samen op tafel.\" \/>\n<meta property=\"og:url\" content=\"https:\/\/unrostore.com\/fr-fr\/boutique\/terrafina\/cafe-4\/plats-de-service-bruns-cafe-2-tailles\/\" \/>\n<meta property=\"og:site_name\" content=\"UNRO\" \/>\n<meta property=\"article:modified_time\" content=\"2026-03-04T07:36:46+00:00\" \/>\n<meta property=\"og:image\" content=\"https:\/\/unrostore.com\/wp-content\/uploads\/2022\/10\/unro-portugese-bruine-serveerschalen.webp\" \/>\n\t<meta property=\"og:image:width\" content=\"1000\" \/>\n\t<meta property=\"og:image:height\" content=\"1000\" \/>\n\t<meta property=\"og:image:type\" content=\"image\/webp\" \/>\n<meta name=\"twitter:card\" content=\"summary_large_image\" \/>\n<script type=\"application\/ld+json\" class=\"yoast-schema-graph\">{\"@context\":\"https:\\\/\\\/schema.org\",\"@graph\":[{\"@type\":\"WebPage\",\"@id\":\"https:\\\/\\\/unrostore.com\\\/shop\\\/terrafina\\\/coffee\\\/bruine-serveerschalen-coffee-2-groottes\\\/\",\"url\":\"https:\\\/\\\/unrostore.com\\\/shop\\\/terrafina\\\/coffee\\\/bruine-serveerschalen-coffee-2-groottes\\\/\",\"name\":\"Bruine Serveerschalen Coffee - 2-groottes &#8226; Terrafina &#8226; UNRO\",\"isPartOf\":{\"@id\":\"https:\\\/\\\/unrostore.com\\\/#website\"},\"primaryImageOfPage\":{\"@id\":\"https:\\\/\\\/unrostore.com\\\/shop\\\/terrafina\\\/coffee\\\/bruine-serveerschalen-coffee-2-groottes\\\/#primaryimage\"},\"image\":{\"@id\":\"https:\\\/\\\/unrostore.com\\\/shop\\\/terrafina\\\/coffee\\\/bruine-serveerschalen-coffee-2-groottes\\\/#primaryimage\"},\"thumbnailUrl\":\"https:\\\/\\\/unrostore.com\\\/wp-content\\\/uploads\\\/2022\\\/10\\\/unro-portugese-bruine-serveerschalen.webp\",\"datePublished\":\"2022-10-16T15:33:05+00:00\",\"dateModified\":\"2026-03-04T07:36:46+00:00\",\"description\":\"Cre\u00eber diepte en variatie en combineer de Bruine Serveerschalen Coffee - 2-groottes met de verschillende items van de Coffee collectie samen op tafel.\",\"breadcrumb\":{\"@id\":\"https:\\\/\\\/unrostore.com\\\/shop\\\/terrafina\\\/coffee\\\/bruine-serveerschalen-coffee-2-groottes\\\/#breadcrumb\"},\"inLanguage\":\"fr-FR\",\"potentialAction\":[{\"@type\":\"ReadAction\",\"target\":[\"https:\\\/\\\/unrostore.com\\\/shop\\\/terrafina\\\/coffee\\\/bruine-serveerschalen-coffee-2-groottes\\\/\"]}]},{\"@type\":\"ImageObject\",\"inLanguage\":\"fr-FR\",\"@id\":\"https:\\\/\\\/unrostore.com\\\/shop\\\/terrafina\\\/coffee\\\/bruine-serveerschalen-coffee-2-groottes\\\/#primaryimage\",\"url\":\"https:\\\/\\\/unrostore.com\\\/wp-content\\\/uploads\\\/2022\\\/10\\\/unro-portugese-bruine-serveerschalen.webp\",\"contentUrl\":\"https:\\\/\\\/unrostore.com\\\/wp-content\\\/uploads\\\/2022\\\/10\\\/unro-portugese-bruine-serveerschalen.webp\",\"width\":1000,\"height\":1000,\"caption\":\"bruine serveerschalen ovaal\"},{\"@type\":\"BreadcrumbList\",\"@id\":\"https:\\\/\\\/unrostore.com\\\/shop\\\/terrafina\\\/coffee\\\/bruine-serveerschalen-coffee-2-groottes\\\/#breadcrumb\",\"itemListElement\":[{\"@type\":\"ListItem\",\"position\":1,\"name\":\"Home\",\"item\":\"https:\\\/\\\/unrostore.com\\\/\"},{\"@type\":\"ListItem\",\"position\":2,\"name\":\"Shop\",\"item\":\"https:\\\/\\\/unrostore.com\\\/shop\\\/\"},{\"@type\":\"ListItem\",\"position\":3,\"name\":\"Bruine Serveerschalen Coffee &#8211; 2-groottes\"}]},{\"@type\":\"WebSite\",\"@id\":\"https:\\\/\\\/unrostore.com\\\/#website\",\"url\":\"https:\\\/\\\/unrostore.com\\\/\",\"name\":\"UNRO\",\"description\":\"Portugees servies waar je blij van wordt!\",\"publisher\":{\"@id\":\"https:\\\/\\\/unrostore.com\\\/#organization\"},\"potentialAction\":[{\"@type\":\"SearchAction\",\"target\":{\"@type\":\"EntryPoint\",\"urlTemplate\":\"https:\\\/\\\/unrostore.com\\\/?s={search_term_string}\"},\"query-input\":{\"@type\":\"PropertyValueSpecification\",\"valueRequired\":true,\"valueName\":\"search_term_string\"}}],\"inLanguage\":\"fr-FR\"},{\"@type\":\"Organization\",\"@id\":\"https:\\\/\\\/unrostore.com\\\/#organization\",\"name\":\"UNRO\",\"url\":\"https:\\\/\\\/unrostore.com\\\/\",\"logo\":{\"@type\":\"ImageObject\",\"inLanguage\":\"fr-FR\",\"@id\":\"https:\\\/\\\/unrostore.com\\\/#\\\/schema\\\/logo\\\/image\\\/\",\"url\":\"https:\\\/\\\/unrostore.com\\\/wp-content\\\/uploads\\\/2022\\\/05\\\/Logo-UNRO.png\",\"contentUrl\":\"https:\\\/\\\/unrostore.com\\\/wp-content\\\/uploads\\\/2022\\\/05\\\/Logo-UNRO.png\",\"width\":605,\"height\":179,\"caption\":\"UNRO\"},\"image\":{\"@id\":\"https:\\\/\\\/unrostore.com\\\/#\\\/schema\\\/logo\\\/image\\\/\"}}]}<\/script>\n<!-- \/ Yoast SEO plugin. -->","yoast_head_json":{"title":"Plats de service marron Caf\u00e9 - 2 tailles - Terrafina - UNRO","description":"Cr\u00e9ez de la profondeur et de la vari\u00e9t\u00e9 en combinant le Brown Serving Bowls Coffee - 2-size avec les diff\u00e9rents articles de la collection Coffee sur la table.","robots":{"index":"index","follow":"follow","max-snippet":"max-snippet:-1","max-image-preview":"max-image-preview:large","max-video-preview":"max-video-preview:-1"},"canonical":"https:\/\/unrostore.com\/fr-fr\/boutique\/terrafina\/cafe-4\/plats-de-service-bruns-cafe-2-tailles\/","og_locale":"fr_FR","og_type":"article","og_title":"Bruine Serveerschalen Coffee - 2-groottes &#8226; Terrafina &#8226; UNRO","og_description":"Cre\u00eber diepte en variatie en combineer de Bruine Serveerschalen Coffee - 2-groottes met de verschillende items van de Coffee collectie samen op tafel.","og_url":"https:\/\/unrostore.com\/fr-fr\/boutique\/terrafina\/cafe-4\/plats-de-service-bruns-cafe-2-tailles\/","og_site_name":"UNRO","article_modified_time":"2026-03-04T07:36:46+00:00","og_image":[{"width":1000,"height":1000,"url":"https:\/\/unrostore.com\/wp-content\/uploads\/2022\/10\/unro-portugese-bruine-serveerschalen.webp","type":"image\/webp"}],"twitter_card":"summary_large_image","schema":{"@context":"https:\/\/schema.org","@graph":[{"@type":"WebPage","@id":"https:\/\/unrostore.com\/shop\/terrafina\/coffee\/bruine-serveerschalen-coffee-2-groottes\/","url":"https:\/\/unrostore.com\/shop\/terrafina\/coffee\/bruine-serveerschalen-coffee-2-groottes\/","name":"Plats de service marron Caf\u00e9 - 2 tailles - Terrafina - UNRO","isPartOf":{"@id":"https:\/\/unrostore.com\/#website"},"primaryImageOfPage":{"@id":"https:\/\/unrostore.com\/shop\/terrafina\/coffee\/bruine-serveerschalen-coffee-2-groottes\/#primaryimage"},"image":{"@id":"https:\/\/unrostore.com\/shop\/terrafina\/coffee\/bruine-serveerschalen-coffee-2-groottes\/#primaryimage"},"thumbnailUrl":"https:\/\/unrostore.com\/wp-content\/uploads\/2022\/10\/unro-portugese-bruine-serveerschalen.webp","datePublished":"2022-10-16T15:33:05+00:00","dateModified":"2026-03-04T07:36:46+00:00","description":"Cr\u00e9ez de la profondeur et de la vari\u00e9t\u00e9 en combinant le Brown Serving Bowls Coffee - 2-size avec les diff\u00e9rents articles de la collection Coffee sur la table.","breadcrumb":{"@id":"https:\/\/unrostore.com\/shop\/terrafina\/coffee\/bruine-serveerschalen-coffee-2-groottes\/#breadcrumb"},"inLanguage":"fr-FR","potentialAction":[{"@type":"ReadAction","target":["https:\/\/unrostore.com\/shop\/terrafina\/coffee\/bruine-serveerschalen-coffee-2-groottes\/"]}]},{"@type":"ImageObject","inLanguage":"fr-FR","@id":"https:\/\/unrostore.com\/shop\/terrafina\/coffee\/bruine-serveerschalen-coffee-2-groottes\/#primaryimage","url":"https:\/\/unrostore.com\/wp-content\/uploads\/2022\/10\/unro-portugese-bruine-serveerschalen.webp","contentUrl":"https:\/\/unrostore.com\/wp-content\/uploads\/2022\/10\/unro-portugese-bruine-serveerschalen.webp","width":1000,"height":1000,"caption":"bruine serveerschalen ovaal"},{"@type":"BreadcrumbList","@id":"https:\/\/unrostore.com\/shop\/terrafina\/coffee\/bruine-serveerschalen-coffee-2-groottes\/#breadcrumb","itemListElement":[{"@type":"ListItem","position":1,"name":"Home","item":"https:\/\/unrostore.com\/"},{"@type":"ListItem","position":2,"name":"Shop","item":"https:\/\/unrostore.com\/shop\/"},{"@type":"ListItem","position":3,"name":"Bruine Serveerschalen Coffee &#8211; 2-groottes"}]},{"@type":"WebSite","@id":"https:\/\/unrostore.com\/#website","url":"https:\/\/unrostore.com\/","name":"UNRO","description":"De la vaisselle portugaise qui vous rendra heureux !","publisher":{"@id":"https:\/\/unrostore.com\/#organization"},"potentialAction":[{"@type":"SearchAction","target":{"@type":"EntryPoint","urlTemplate":"https:\/\/unrostore.com\/?s={search_term_string}"},"query-input":{"@type":"PropertyValueSpecification","valueRequired":true,"valueName":"search_term_string"}}],"inLanguage":"fr-FR"},{"@type":"Organization","@id":"https:\/\/unrostore.com\/#organization","name":"UNRO","url":"https:\/\/unrostore.com\/","logo":{"@type":"ImageObject","inLanguage":"fr-FR","@id":"https:\/\/unrostore.com\/#\/schema\/logo\/image\/","url":"https:\/\/unrostore.com\/wp-content\/uploads\/2022\/05\/Logo-UNRO.png","contentUrl":"https:\/\/unrostore.com\/wp-content\/uploads\/2022\/05\/Logo-UNRO.png","width":605,"height":179,"caption":"UNRO"},"image":{"@id":"https:\/\/unrostore.com\/#\/schema\/logo\/image\/"}}]}},"_links":{"self":[{"href":"https:\/\/unrostore.com\/fr-fr\/wp-json\/wp\/v2\/product\/2240","targetHints":{"allow":["GET"]}}],"collection":[{"href":"https:\/\/unrostore.com\/fr-fr\/wp-json\/wp\/v2\/product"}],"about":[{"href":"https:\/\/unrostore.com\/fr-fr\/wp-json\/wp\/v2\/types\/product"}],"wp:featuredmedia":[{"embeddable":true,"href":"https:\/\/unrostore.com\/fr-fr\/wp-json\/wp\/v2\/media\/6164"}],"wp:attachment":[{"href":"https:\/\/unrostore.com\/fr-fr\/wp-json\/wp\/v2\/media?parent=2240"}],"wp:term":[{"taxonomy":"product_brand","embeddable":true,"href":"https:\/\/unrostore.com\/fr-fr\/wp-json\/wp\/v2\/product_brand?post=2240"},{"taxonomy":"product_cat","embeddable":true,"href":"https:\/\/unrostore.com\/fr-fr\/wp-json\/wp\/v2\/product_cat?post=2240"},{"taxonomy":"product_tag","embeddable":true,"href":"https:\/\/unrostore.com\/fr-fr\/wp-json\/wp\/v2\/product_tag?post=2240"}],"curies":[{"name":"wp","href":"https:\/\/api.w.org\/{rel}","templated":true}]}}