{"id":2228,"date":"2022-10-16T15:14:27","date_gmt":"2022-10-16T15:14:27","guid":{"rendered":"https:\/\/unrostore.com\/?post_type=product&#038;p=2228"},"modified":"2026-01-19T20:38:14","modified_gmt":"2026-01-19T20:38:14","slug":"tasses-a-the-brunes-cafe-2-pieces","status":"publish","type":"product","link":"https:\/\/unrostore.com\/fr-fr\/boutique\/terrafina\/cafe-4\/tasses-a-the-brunes-cafe-2-pieces\/","title":{"rendered":"Tasses \u00e0 th\u00e9 marron 450 ml Caf\u00e9 - 2 pi\u00e8ces"},"content":{"rendered":"<h3>Assortissez votre caf\u00e9 avec les grandes tasses \u00e0 th\u00e9 Coffee - 2-piece<\/h3>\n<p>Le<strong> tasses \u00e0 th\u00e9 marron Coffee - 2 pi\u00e8ces<\/strong> de <a href=\"https:\/\/www.terrafinastore.com\/en\/collections\/coffee\">Terrafina<\/a> sont fabriqu\u00e9es \u00e0 la main au Portugal en c\u00e9ramique de haute qualit\u00e9. Elles sont donc id\u00e9ales pour un usage quotidien, car elles r\u00e9sistent au lave-vaisselle, au micro-ondes et au four (jusqu'\u00e0 200 degr\u00e9s), et chaque grande tasse \u00e0 th\u00e9 est \u00e9galement unique. <span style=\"font-weight: 400;\">Buvez maintenant votre caf\u00e9, cappuccino, chocolat chaud, latte macchiato, chai latte ou th\u00e9 dans des tasses dont le design s'inspire de celui-ci! Vous n'avez jamais pens\u00e9 que votre heure de caf\u00e9 pouvait \u00eatre aussi inspirante? Exp\u00e9rimentez le pouvoir du caf\u00e9 par vous-m\u00eame et d\u00e9couvrez \u00e9galement les <a href=\"https:\/\/unrostore.com\/fr-fr\/boutique\/terrafina\/cafe-4\/coffee-espresso-kopjes-2-delig\/\">tasses \u00e0 espresso Coffee - 2 pi\u00e8ces<\/a>, <a href=\"https:\/\/unrostore.com\/fr-fr\/boutique\/terrafina\/cafe-4\/coffee-espresso-kopjes-6-delig\/\">tasses \u00e0 espresso Coffee - 6 pi\u00e8ces<\/a> et les <a href=\"https:\/\/unrostore.com\/fr-fr\/boutique\/terrafina\/cafe-4\/coffee-kommen-2-delig\/\">bols Coffee<\/a>.<\/span><\/p>\n<p>&nbsp;<\/p>\n<h3>Voici le nombre de mugs que vous recevrez<\/h3>\n<ul>\n<li>2 tasses \u00e0 caf\u00e9 et \u00e0 th\u00e9 (capacit\u00e9 de 450 ml)<\/li>\n<li>1x Terrafina bo\u00eete cadeau<\/li>\n<\/ul>\n<p>&nbsp;<\/p>\n<p><em><strong>Durable pour les personnes et l'environnement :<\/strong><br \/>\nChaque produit est unique car il est fabriqu\u00e9 \u00e0 la main.<br \/>\nL'impression et la texture peuvent donc diff\u00e9rer l\u00e9g\u00e8rement de la photo du produit.<\/em><\/p>","protected":false},"excerpt":{"rendered":"<div class=\"usps\"><i class=\"far fa-check-circle\"><\/i> R\u00e9sistant aux micro-ondes<br \/>\n<i class=\"far fa-check-circle\"><\/i> R\u00e9siste au four (jusqu'\u00e0 200 degr\u00e9s)<br \/>\n<i class=\"far fa-check-circle\"><\/i> Lavable au lave-vaisselle<br \/>\n<i class=\"far fa-thumbs-up\"><\/i> Fait \u00e0 la main<\/div>","protected":false},"featured_media":6182,"template":"","meta":[],"product_brand":[],"product_cat":[178,316,132,871,119],"product_tag":[280,309,634,179,180,638,626,633,114,130,123,632],"class_list":{"0":"post-2228","1":"product","2":"type-product","3":"status-publish","4":"has-post-thumbnail","6":"product_cat-coffee","7":"product_cat-cappuccino-mokken","8":"product_cat-kopjes-en-mokken","9":"product_cat-unro-populair-portugees-keramiek","10":"product_cat-terrafina","11":"product_tag-cappuccino","12":"product_tag-cappuccino-mokken","13":"product_tag-chai-latte","14":"product_tag-coffee","15":"product_tag-coffee-mokken","16":"product_tag-koffiekopjes","17":"product_tag-koffiemokken","18":"product_tag-latte-macchiato","19":"product_tag-mok","20":"product_tag-mokken","21":"product_tag-terrafina","22":"product_tag-theemokken","23":"product_shipping_class-pakket","25":"first","26":"instock","27":"sale","28":"taxable","29":"shipping-taxable","30":"purchasable","31":"product-type-simple"},"yoast_head":"<!-- This site is optimized with the Yoast SEO plugin v27.4 - https:\/\/yoast.com\/product\/yoast-seo-wordpress\/ -->\n<title>Bruine Theemokken 450 ml Coffee - 2-delig &#8226; UNRO<\/title>\n<meta name=\"description\" content=\"Drink nu uit de Bruine Theemokken Coffee - 2-delig. Hoe leuk is het om je koffie uit een kopje te drinken waarvan het design hierop ge\u00efnspireerd is!\" \/>\n<meta name=\"robots\" content=\"index, follow, max-snippet:-1, max-image-preview:large, max-video-preview:-1\" \/>\n<link rel=\"canonical\" href=\"https:\/\/unrostore.com\/fr-fr\/boutique\/terrafina\/cafe-4\/tasses-a-the-brunes-cafe-2-pieces\/\" \/>\n<meta property=\"og:locale\" content=\"fr_FR\" \/>\n<meta property=\"og:type\" content=\"article\" \/>\n<meta property=\"og:title\" content=\"Bruine Theemokken 450 ml Coffee - 2-delig &#8226; UNRO\" \/>\n<meta property=\"og:description\" content=\"Drink nu uit de Bruine Theemokken Coffee - 2-delig. Hoe leuk is het om je koffie uit een kopje te drinken waarvan het design hierop ge\u00efnspireerd is!\" \/>\n<meta property=\"og:url\" content=\"https:\/\/unrostore.com\/fr-fr\/boutique\/terrafina\/cafe-4\/tasses-a-the-brunes-cafe-2-pieces\/\" \/>\n<meta property=\"og:site_name\" content=\"UNRO\" \/>\n<meta property=\"article:modified_time\" content=\"2026-01-19T20:38:14+00:00\" \/>\n<meta property=\"og:image\" content=\"https:\/\/unrostore.com\/wp-content\/uploads\/2022\/10\/unro-bruine-cappuccino-mokken.webp\" \/>\n\t<meta property=\"og:image:width\" content=\"1000\" \/>\n\t<meta property=\"og:image:height\" content=\"1000\" \/>\n\t<meta property=\"og:image:type\" content=\"image\/webp\" \/>\n<meta name=\"twitter:card\" content=\"summary_large_image\" \/>\n<script type=\"application\/ld+json\" class=\"yoast-schema-graph\">{\"@context\":\"https:\\\/\\\/schema.org\",\"@graph\":[{\"@type\":\"WebPage\",\"@id\":\"https:\\\/\\\/unrostore.com\\\/shop\\\/terrafina\\\/coffee\\\/bruine-theemokken-coffee-2-delig\\\/\",\"url\":\"https:\\\/\\\/unrostore.com\\\/shop\\\/terrafina\\\/coffee\\\/bruine-theemokken-coffee-2-delig\\\/\",\"name\":\"Bruine Theemokken 450 ml Coffee - 2-delig &#8226; UNRO\",\"isPartOf\":{\"@id\":\"https:\\\/\\\/unrostore.com\\\/#website\"},\"primaryImageOfPage\":{\"@id\":\"https:\\\/\\\/unrostore.com\\\/shop\\\/terrafina\\\/coffee\\\/bruine-theemokken-coffee-2-delig\\\/#primaryimage\"},\"image\":{\"@id\":\"https:\\\/\\\/unrostore.com\\\/shop\\\/terrafina\\\/coffee\\\/bruine-theemokken-coffee-2-delig\\\/#primaryimage\"},\"thumbnailUrl\":\"https:\\\/\\\/unrostore.com\\\/wp-content\\\/uploads\\\/2022\\\/10\\\/unro-bruine-cappuccino-mokken.webp\",\"datePublished\":\"2022-10-16T15:14:27+00:00\",\"dateModified\":\"2026-01-19T20:38:14+00:00\",\"description\":\"Drink nu uit de Bruine Theemokken Coffee - 2-delig. Hoe leuk is het om je koffie uit een kopje te drinken waarvan het design hierop ge\u00efnspireerd is!\",\"breadcrumb\":{\"@id\":\"https:\\\/\\\/unrostore.com\\\/shop\\\/terrafina\\\/coffee\\\/bruine-theemokken-coffee-2-delig\\\/#breadcrumb\"},\"inLanguage\":\"fr-FR\",\"potentialAction\":[{\"@type\":\"ReadAction\",\"target\":[\"https:\\\/\\\/unrostore.com\\\/shop\\\/terrafina\\\/coffee\\\/bruine-theemokken-coffee-2-delig\\\/\"]}]},{\"@type\":\"ImageObject\",\"inLanguage\":\"fr-FR\",\"@id\":\"https:\\\/\\\/unrostore.com\\\/shop\\\/terrafina\\\/coffee\\\/bruine-theemokken-coffee-2-delig\\\/#primaryimage\",\"url\":\"https:\\\/\\\/unrostore.com\\\/wp-content\\\/uploads\\\/2022\\\/10\\\/unro-bruine-cappuccino-mokken.webp\",\"contentUrl\":\"https:\\\/\\\/unrostore.com\\\/wp-content\\\/uploads\\\/2022\\\/10\\\/unro-bruine-cappuccino-mokken.webp\",\"width\":1000,\"height\":1000,\"caption\":\"bruine cappuccino mokken\"},{\"@type\":\"BreadcrumbList\",\"@id\":\"https:\\\/\\\/unrostore.com\\\/shop\\\/terrafina\\\/coffee\\\/bruine-theemokken-coffee-2-delig\\\/#breadcrumb\",\"itemListElement\":[{\"@type\":\"ListItem\",\"position\":1,\"name\":\"Home\",\"item\":\"https:\\\/\\\/unrostore.com\\\/\"},{\"@type\":\"ListItem\",\"position\":2,\"name\":\"Shop\",\"item\":\"https:\\\/\\\/unrostore.com\\\/shop\\\/\"},{\"@type\":\"ListItem\",\"position\":3,\"name\":\"Bruine Theemokken 450 ml Coffee &#8211; 2-delig\"}]},{\"@type\":\"WebSite\",\"@id\":\"https:\\\/\\\/unrostore.com\\\/#website\",\"url\":\"https:\\\/\\\/unrostore.com\\\/\",\"name\":\"UNRO\",\"description\":\"Portugees servies waar je blij van wordt!\",\"publisher\":{\"@id\":\"https:\\\/\\\/unrostore.com\\\/#organization\"},\"potentialAction\":[{\"@type\":\"SearchAction\",\"target\":{\"@type\":\"EntryPoint\",\"urlTemplate\":\"https:\\\/\\\/unrostore.com\\\/?s={search_term_string}\"},\"query-input\":{\"@type\":\"PropertyValueSpecification\",\"valueRequired\":true,\"valueName\":\"search_term_string\"}}],\"inLanguage\":\"fr-FR\"},{\"@type\":\"Organization\",\"@id\":\"https:\\\/\\\/unrostore.com\\\/#organization\",\"name\":\"UNRO\",\"url\":\"https:\\\/\\\/unrostore.com\\\/\",\"logo\":{\"@type\":\"ImageObject\",\"inLanguage\":\"fr-FR\",\"@id\":\"https:\\\/\\\/unrostore.com\\\/#\\\/schema\\\/logo\\\/image\\\/\",\"url\":\"https:\\\/\\\/unrostore.com\\\/wp-content\\\/uploads\\\/2022\\\/05\\\/Logo-UNRO.png\",\"contentUrl\":\"https:\\\/\\\/unrostore.com\\\/wp-content\\\/uploads\\\/2022\\\/05\\\/Logo-UNRO.png\",\"width\":605,\"height\":179,\"caption\":\"UNRO\"},\"image\":{\"@id\":\"https:\\\/\\\/unrostore.com\\\/#\\\/schema\\\/logo\\\/image\\\/\"}}]}<\/script>\n<!-- \/ Yoast SEO plugin. -->","yoast_head_json":{"title":"Tasses \u00e0 th\u00e9 marron 450 ml Caf\u00e9 - 2 pi\u00e8ces - UNRO","description":"Buvez maintenant dans les Brown Tea Mugs Coffee - 2-piece. Comme il est agr\u00e9able de boire son caf\u00e9 dans une tasse dont le design s'inspire de celui-ci !","robots":{"index":"index","follow":"follow","max-snippet":"max-snippet:-1","max-image-preview":"max-image-preview:large","max-video-preview":"max-video-preview:-1"},"canonical":"https:\/\/unrostore.com\/fr-fr\/boutique\/terrafina\/cafe-4\/tasses-a-the-brunes-cafe-2-pieces\/","og_locale":"fr_FR","og_type":"article","og_title":"Bruine Theemokken 450 ml Coffee - 2-delig &#8226; UNRO","og_description":"Drink nu uit de Bruine Theemokken Coffee - 2-delig. Hoe leuk is het om je koffie uit een kopje te drinken waarvan het design hierop ge\u00efnspireerd is!","og_url":"https:\/\/unrostore.com\/fr-fr\/boutique\/terrafina\/cafe-4\/tasses-a-the-brunes-cafe-2-pieces\/","og_site_name":"UNRO","article_modified_time":"2026-01-19T20:38:14+00:00","og_image":[{"width":1000,"height":1000,"url":"https:\/\/unrostore.com\/wp-content\/uploads\/2022\/10\/unro-bruine-cappuccino-mokken.webp","type":"image\/webp"}],"twitter_card":"summary_large_image","schema":{"@context":"https:\/\/schema.org","@graph":[{"@type":"WebPage","@id":"https:\/\/unrostore.com\/shop\/terrafina\/coffee\/bruine-theemokken-coffee-2-delig\/","url":"https:\/\/unrostore.com\/shop\/terrafina\/coffee\/bruine-theemokken-coffee-2-delig\/","name":"Tasses \u00e0 th\u00e9 marron 450 ml Caf\u00e9 - 2 pi\u00e8ces - UNRO","isPartOf":{"@id":"https:\/\/unrostore.com\/#website"},"primaryImageOfPage":{"@id":"https:\/\/unrostore.com\/shop\/terrafina\/coffee\/bruine-theemokken-coffee-2-delig\/#primaryimage"},"image":{"@id":"https:\/\/unrostore.com\/shop\/terrafina\/coffee\/bruine-theemokken-coffee-2-delig\/#primaryimage"},"thumbnailUrl":"https:\/\/unrostore.com\/wp-content\/uploads\/2022\/10\/unro-bruine-cappuccino-mokken.webp","datePublished":"2022-10-16T15:14:27+00:00","dateModified":"2026-01-19T20:38:14+00:00","description":"Buvez maintenant dans les Brown Tea Mugs Coffee - 2-piece. Comme il est agr\u00e9able de boire son caf\u00e9 dans une tasse dont le design s'inspire de celui-ci !","breadcrumb":{"@id":"https:\/\/unrostore.com\/shop\/terrafina\/coffee\/bruine-theemokken-coffee-2-delig\/#breadcrumb"},"inLanguage":"fr-FR","potentialAction":[{"@type":"ReadAction","target":["https:\/\/unrostore.com\/shop\/terrafina\/coffee\/bruine-theemokken-coffee-2-delig\/"]}]},{"@type":"ImageObject","inLanguage":"fr-FR","@id":"https:\/\/unrostore.com\/shop\/terrafina\/coffee\/bruine-theemokken-coffee-2-delig\/#primaryimage","url":"https:\/\/unrostore.com\/wp-content\/uploads\/2022\/10\/unro-bruine-cappuccino-mokken.webp","contentUrl":"https:\/\/unrostore.com\/wp-content\/uploads\/2022\/10\/unro-bruine-cappuccino-mokken.webp","width":1000,"height":1000,"caption":"bruine cappuccino mokken"},{"@type":"BreadcrumbList","@id":"https:\/\/unrostore.com\/shop\/terrafina\/coffee\/bruine-theemokken-coffee-2-delig\/#breadcrumb","itemListElement":[{"@type":"ListItem","position":1,"name":"Home","item":"https:\/\/unrostore.com\/"},{"@type":"ListItem","position":2,"name":"Shop","item":"https:\/\/unrostore.com\/shop\/"},{"@type":"ListItem","position":3,"name":"Bruine Theemokken 450 ml Coffee &#8211; 2-delig"}]},{"@type":"WebSite","@id":"https:\/\/unrostore.com\/#website","url":"https:\/\/unrostore.com\/","name":"UNRO","description":"De la vaisselle portugaise qui vous rendra heureux !","publisher":{"@id":"https:\/\/unrostore.com\/#organization"},"potentialAction":[{"@type":"SearchAction","target":{"@type":"EntryPoint","urlTemplate":"https:\/\/unrostore.com\/?s={search_term_string}"},"query-input":{"@type":"PropertyValueSpecification","valueRequired":true,"valueName":"search_term_string"}}],"inLanguage":"fr-FR"},{"@type":"Organization","@id":"https:\/\/unrostore.com\/#organization","name":"UNRO","url":"https:\/\/unrostore.com\/","logo":{"@type":"ImageObject","inLanguage":"fr-FR","@id":"https:\/\/unrostore.com\/#\/schema\/logo\/image\/","url":"https:\/\/unrostore.com\/wp-content\/uploads\/2022\/05\/Logo-UNRO.png","contentUrl":"https:\/\/unrostore.com\/wp-content\/uploads\/2022\/05\/Logo-UNRO.png","width":605,"height":179,"caption":"UNRO"},"image":{"@id":"https:\/\/unrostore.com\/#\/schema\/logo\/image\/"}}]}},"_links":{"self":[{"href":"https:\/\/unrostore.com\/fr-fr\/wp-json\/wp\/v2\/product\/2228","targetHints":{"allow":["GET"]}}],"collection":[{"href":"https:\/\/unrostore.com\/fr-fr\/wp-json\/wp\/v2\/product"}],"about":[{"href":"https:\/\/unrostore.com\/fr-fr\/wp-json\/wp\/v2\/types\/product"}],"wp:featuredmedia":[{"embeddable":true,"href":"https:\/\/unrostore.com\/fr-fr\/wp-json\/wp\/v2\/media\/6182"}],"wp:attachment":[{"href":"https:\/\/unrostore.com\/fr-fr\/wp-json\/wp\/v2\/media?parent=2228"}],"wp:term":[{"taxonomy":"product_brand","embeddable":true,"href":"https:\/\/unrostore.com\/fr-fr\/wp-json\/wp\/v2\/product_brand?post=2228"},{"taxonomy":"product_cat","embeddable":true,"href":"https:\/\/unrostore.com\/fr-fr\/wp-json\/wp\/v2\/product_cat?post=2228"},{"taxonomy":"product_tag","embeddable":true,"href":"https:\/\/unrostore.com\/fr-fr\/wp-json\/wp\/v2\/product_tag?post=2228"}],"curies":[{"name":"wp","href":"https:\/\/api.w.org\/{rel}","templated":true}]}}