{"id":2214,"date":"2022-10-16T14:45:51","date_gmt":"2022-10-16T14:45:51","guid":{"rendered":"https:\/\/unrostore.com\/?post_type=product&#038;p=2214"},"modified":"2026-01-19T20:38:14","modified_gmt":"2026-01-19T20:38:14","slug":"coupe-a-fruits-bleu-amazonia","status":"publish","type":"product","link":"https:\/\/unrostore.com\/fr-fr\/boutique\/terrafina\/bleu-damazonie\/coupe-a-fruits-bleu-amazonia\/","title":{"rendered":"Coupe \u00e0 fruits bleu Amazonia Blue"},"content":{"rendered":"<h3>D\u00e9couvrez le magnifique bol \u00e0 fruits bleu Amazonia Blue<\/h3>\n<p>Le<strong> coupe \u00e0 fruits bleu<\/strong>\u00a0<strong>Amazonia Blue <\/strong>par la marque portugaise <a href=\"https:\/\/www.terrafinastore.com\/en\/collections\/amazonia\">Terrafina<\/a> est fabriqu\u00e9 en c\u00e9ramique artisanale de haute qualit\u00e9. Ce magnifique bleu royal est encore plus intense que le bleu de la mer et fait briller tous les plats. Qu'il s'agisse d'un saladier, d'un bol \u00e0 salade, d'un bol \u00e0 pain ou d'un bol \u00e0 fruits, ce grand bol de service est multifonctionnel et peut aller directement au lave-vaisselle apr\u00e8s utilisation. Servez votre plat sur ce saladier et compl\u00e9tez votre exp\u00e9rience de d\u00e9jeuner ou de d\u00eener ! D\u00e9couvrez \u00e9galement le <a href=\"https:\/\/unrostore.com\/fr-fr\/boutique\/terrafina\/bleu-damazonie\/amazonia-blue-kommen-2-delig\/\">bols Amazonia Blue<\/a>, <a href=\"https:\/\/unrostore.com\/fr-fr\/boutique\/terrafina\/bleu-damazonie\/amazonia-blue-ontbijtborden-4-delig\/\">assiettes \u00e0 d\u00e9jeuner Amazonia Blue<\/a> et les <a href=\"https:\/\/unrostore.com\/fr-fr\/boutique\/terrafina\/bleu-damazonie\/amazonia-blue-dinerborden-4-delig\/\">assiettes plates Amazonia Blue<\/a>.<\/p>\n<p>&nbsp;<\/p>\n<h3>C'est le num\u00e9ro que vous recevez<\/h3>\n<ul>\n<li>1x Coupe \u00e0 fruits Amazonia Blue <span style=\"font-weight: 400;\">\u00f8 26,5 cm<\/span><\/li>\n<li>1x Terrafina bo\u00eete cadeau<\/li>\n<\/ul>\n<p>&nbsp;<\/p>\n<p><em><strong>Durable pour les personnes et l'environnement :<\/strong><br \/>\nChaque produit est unique car il est fabriqu\u00e9 \u00e0 la main.<br \/>\nL'impression et la texture peuvent donc diff\u00e9rer l\u00e9g\u00e8rement de la photo du produit.<\/em><\/p>","protected":false},"excerpt":{"rendered":"<div class=\"usps\"><i class=\"far fa-check-circle\"><\/i> R\u00e9sistant aux micro-ondes<br \/>\n<i class=\"far fa-check-circle\"><\/i> R\u00e9siste au four (jusqu'\u00e0 200 degr\u00e9s)<br \/>\n<i class=\"far fa-check-circle\"><\/i> Lavable au lave-vaisselle<br \/>\n<i class=\"far fa-thumbs-up\"><\/i> Fait \u00e0 la main<\/div>","protected":false},"featured_media":3529,"template":"","meta":[],"product_brand":[],"product_cat":[174,869,273,657,135,871,138,119],"product_tag":[175,177,253,607,251,254,601,605,631,143,148],"class_list":{"0":"post-2214","1":"product","2":"type-product","3":"status-publish","4":"has-post-thumbnail","6":"product_cat-amazonia-blue","7":"product_cat-unro-cadeautips","8":"product_cat-decoratie","9":"product_cat-fruitschalen-en-saladeschalen","10":"product_cat-kommen","11":"product_cat-unro-populair-portugees-keramiek","12":"product_cat-serveerschalen","13":"product_cat-terrafina","14":"product_tag-amazonia-blue","15":"product_tag-blauw","16":"product_tag-fruitschaal","17":"product_tag-groente-kom","18":"product_tag-grote-kom","19":"product_tag-grote-schaal","20":"product_tag-hapjesschaal","21":"product_tag-saladekom","22":"product_tag-saladeschaal","23":"product_tag-serveerkom","24":"product_tag-serveerschaal","25":"product_shipping_class-pakket","27":"first","28":"outofstock","29":"sale","30":"taxable","31":"shipping-taxable","32":"purchasable","33":"product-type-simple"},"yoast_head":"<!-- This site is optimized with the Yoast SEO plugin v27.4 - https:\/\/yoast.com\/product\/yoast-seo-wordpress\/ -->\n<title>Fruitschaal Blauw Amazonia Blue &#8226; UNRO<\/title>\n<meta name=\"description\" content=\"Nog intenser dan de zee is de Fruitschaal Blauw Amazonia Blue. Deze prachtige Koningsblauwe kleur laat elk gerecht stralen, ontdek het nu zelf!\" \/>\n<meta name=\"robots\" content=\"index, follow, max-snippet:-1, max-image-preview:large, max-video-preview:-1\" \/>\n<link rel=\"canonical\" href=\"https:\/\/unrostore.com\/fr-fr\/boutique\/terrafina\/bleu-damazonie\/coupe-a-fruits-bleu-amazonia\/\" \/>\n<meta property=\"og:locale\" content=\"fr_FR\" \/>\n<meta property=\"og:type\" content=\"article\" \/>\n<meta property=\"og:title\" content=\"Fruitschaal Blauw Amazonia Blue &#8226; UNRO\" \/>\n<meta property=\"og:description\" content=\"Nog intenser dan de zee is de Fruitschaal Blauw Amazonia Blue. Deze prachtige Koningsblauwe kleur laat elk gerecht stralen, ontdek het nu zelf!\" \/>\n<meta property=\"og:url\" content=\"https:\/\/unrostore.com\/fr-fr\/boutique\/terrafina\/bleu-damazonie\/coupe-a-fruits-bleu-amazonia\/\" \/>\n<meta property=\"og:site_name\" content=\"UNRO\" \/>\n<meta property=\"article:modified_time\" content=\"2026-01-19T20:38:14+00:00\" \/>\n<meta property=\"og:image\" content=\"https:\/\/unrostore.com\/wp-content\/uploads\/2022\/10\/unro-portugees-servies-terrafina-amazonia-blue-serveerkom.jpg\" \/>\n\t<meta property=\"og:image:width\" content=\"1440\" \/>\n\t<meta property=\"og:image:height\" content=\"1440\" \/>\n\t<meta property=\"og:image:type\" content=\"image\/jpeg\" \/>\n<meta name=\"twitter:card\" content=\"summary_large_image\" \/>\n<script type=\"application\/ld+json\" class=\"yoast-schema-graph\">{\"@context\":\"https:\\\/\\\/schema.org\",\"@graph\":[{\"@type\":\"WebPage\",\"@id\":\"https:\\\/\\\/unrostore.com\\\/shop\\\/terrafina\\\/amazonia-blue\\\/fruitschaal-blauw-amazonia-blue\\\/\",\"url\":\"https:\\\/\\\/unrostore.com\\\/shop\\\/terrafina\\\/amazonia-blue\\\/fruitschaal-blauw-amazonia-blue\\\/\",\"name\":\"Fruitschaal Blauw Amazonia Blue &#8226; UNRO\",\"isPartOf\":{\"@id\":\"https:\\\/\\\/unrostore.com\\\/#website\"},\"primaryImageOfPage\":{\"@id\":\"https:\\\/\\\/unrostore.com\\\/shop\\\/terrafina\\\/amazonia-blue\\\/fruitschaal-blauw-amazonia-blue\\\/#primaryimage\"},\"image\":{\"@id\":\"https:\\\/\\\/unrostore.com\\\/shop\\\/terrafina\\\/amazonia-blue\\\/fruitschaal-blauw-amazonia-blue\\\/#primaryimage\"},\"thumbnailUrl\":\"https:\\\/\\\/unrostore.com\\\/wp-content\\\/uploads\\\/2022\\\/10\\\/unro-portugees-servies-terrafina-amazonia-blue-serveerkom.jpg\",\"datePublished\":\"2022-10-16T14:45:51+00:00\",\"dateModified\":\"2026-01-19T20:38:14+00:00\",\"description\":\"Nog intenser dan de zee is de Fruitschaal Blauw Amazonia Blue. Deze prachtige Koningsblauwe kleur laat elk gerecht stralen, ontdek het nu zelf!\",\"breadcrumb\":{\"@id\":\"https:\\\/\\\/unrostore.com\\\/shop\\\/terrafina\\\/amazonia-blue\\\/fruitschaal-blauw-amazonia-blue\\\/#breadcrumb\"},\"inLanguage\":\"fr-FR\",\"potentialAction\":[{\"@type\":\"ReadAction\",\"target\":[\"https:\\\/\\\/unrostore.com\\\/shop\\\/terrafina\\\/amazonia-blue\\\/fruitschaal-blauw-amazonia-blue\\\/\"]}]},{\"@type\":\"ImageObject\",\"inLanguage\":\"fr-FR\",\"@id\":\"https:\\\/\\\/unrostore.com\\\/shop\\\/terrafina\\\/amazonia-blue\\\/fruitschaal-blauw-amazonia-blue\\\/#primaryimage\",\"url\":\"https:\\\/\\\/unrostore.com\\\/wp-content\\\/uploads\\\/2022\\\/10\\\/unro-portugees-servies-terrafina-amazonia-blue-serveerkom.jpg\",\"contentUrl\":\"https:\\\/\\\/unrostore.com\\\/wp-content\\\/uploads\\\/2022\\\/10\\\/unro-portugees-servies-terrafina-amazonia-blue-serveerkom.jpg\",\"width\":1440,\"height\":1440,\"caption\":\"Fruitschaal Blauw Amazonia Blue Portugees Keramiek Servies\"},{\"@type\":\"BreadcrumbList\",\"@id\":\"https:\\\/\\\/unrostore.com\\\/shop\\\/terrafina\\\/amazonia-blue\\\/fruitschaal-blauw-amazonia-blue\\\/#breadcrumb\",\"itemListElement\":[{\"@type\":\"ListItem\",\"position\":1,\"name\":\"Home\",\"item\":\"https:\\\/\\\/unrostore.com\\\/\"},{\"@type\":\"ListItem\",\"position\":2,\"name\":\"Shop\",\"item\":\"https:\\\/\\\/unrostore.com\\\/shop\\\/\"},{\"@type\":\"ListItem\",\"position\":3,\"name\":\"Fruitschaal Blauw Amazonia Blue\"}]},{\"@type\":\"WebSite\",\"@id\":\"https:\\\/\\\/unrostore.com\\\/#website\",\"url\":\"https:\\\/\\\/unrostore.com\\\/\",\"name\":\"UNRO\",\"description\":\"Portugees servies waar je blij van wordt!\",\"publisher\":{\"@id\":\"https:\\\/\\\/unrostore.com\\\/#organization\"},\"potentialAction\":[{\"@type\":\"SearchAction\",\"target\":{\"@type\":\"EntryPoint\",\"urlTemplate\":\"https:\\\/\\\/unrostore.com\\\/?s={search_term_string}\"},\"query-input\":{\"@type\":\"PropertyValueSpecification\",\"valueRequired\":true,\"valueName\":\"search_term_string\"}}],\"inLanguage\":\"fr-FR\"},{\"@type\":\"Organization\",\"@id\":\"https:\\\/\\\/unrostore.com\\\/#organization\",\"name\":\"UNRO\",\"url\":\"https:\\\/\\\/unrostore.com\\\/\",\"logo\":{\"@type\":\"ImageObject\",\"inLanguage\":\"fr-FR\",\"@id\":\"https:\\\/\\\/unrostore.com\\\/#\\\/schema\\\/logo\\\/image\\\/\",\"url\":\"https:\\\/\\\/unrostore.com\\\/wp-content\\\/uploads\\\/2022\\\/05\\\/Logo-UNRO.png\",\"contentUrl\":\"https:\\\/\\\/unrostore.com\\\/wp-content\\\/uploads\\\/2022\\\/05\\\/Logo-UNRO.png\",\"width\":605,\"height\":179,\"caption\":\"UNRO\"},\"image\":{\"@id\":\"https:\\\/\\\/unrostore.com\\\/#\\\/schema\\\/logo\\\/image\\\/\"}}]}<\/script>\n<!-- \/ Yoast SEO plugin. -->","yoast_head_json":{"title":"Coupe \u00e0 fruits Bleu Amazonie - UNRO","description":"Le Fruit Bowl Blue Amazonia Blue est encore plus intense que la mer. Cette magnifique couleur bleu royal fera briller n'importe quel plat, d\u00e9couvrez-la d\u00e8s maintenant !","robots":{"index":"index","follow":"follow","max-snippet":"max-snippet:-1","max-image-preview":"max-image-preview:large","max-video-preview":"max-video-preview:-1"},"canonical":"https:\/\/unrostore.com\/fr-fr\/boutique\/terrafina\/bleu-damazonie\/coupe-a-fruits-bleu-amazonia\/","og_locale":"fr_FR","og_type":"article","og_title":"Fruitschaal Blauw Amazonia Blue &#8226; UNRO","og_description":"Nog intenser dan de zee is de Fruitschaal Blauw Amazonia Blue. Deze prachtige Koningsblauwe kleur laat elk gerecht stralen, ontdek het nu zelf!","og_url":"https:\/\/unrostore.com\/fr-fr\/boutique\/terrafina\/bleu-damazonie\/coupe-a-fruits-bleu-amazonia\/","og_site_name":"UNRO","article_modified_time":"2026-01-19T20:38:14+00:00","og_image":[{"width":1440,"height":1440,"url":"https:\/\/unrostore.com\/wp-content\/uploads\/2022\/10\/unro-portugees-servies-terrafina-amazonia-blue-serveerkom.jpg","type":"image\/jpeg"}],"twitter_card":"summary_large_image","schema":{"@context":"https:\/\/schema.org","@graph":[{"@type":"WebPage","@id":"https:\/\/unrostore.com\/shop\/terrafina\/amazonia-blue\/fruitschaal-blauw-amazonia-blue\/","url":"https:\/\/unrostore.com\/shop\/terrafina\/amazonia-blue\/fruitschaal-blauw-amazonia-blue\/","name":"Coupe \u00e0 fruits Bleu Amazonie - UNRO","isPartOf":{"@id":"https:\/\/unrostore.com\/#website"},"primaryImageOfPage":{"@id":"https:\/\/unrostore.com\/shop\/terrafina\/amazonia-blue\/fruitschaal-blauw-amazonia-blue\/#primaryimage"},"image":{"@id":"https:\/\/unrostore.com\/shop\/terrafina\/amazonia-blue\/fruitschaal-blauw-amazonia-blue\/#primaryimage"},"thumbnailUrl":"https:\/\/unrostore.com\/wp-content\/uploads\/2022\/10\/unro-portugees-servies-terrafina-amazonia-blue-serveerkom.jpg","datePublished":"2022-10-16T14:45:51+00:00","dateModified":"2026-01-19T20:38:14+00:00","description":"Le Fruit Bowl Blue Amazonia Blue est encore plus intense que la mer. Cette magnifique couleur bleu royal fera briller n'importe quel plat, d\u00e9couvrez-la d\u00e8s maintenant !","breadcrumb":{"@id":"https:\/\/unrostore.com\/shop\/terrafina\/amazonia-blue\/fruitschaal-blauw-amazonia-blue\/#breadcrumb"},"inLanguage":"fr-FR","potentialAction":[{"@type":"ReadAction","target":["https:\/\/unrostore.com\/shop\/terrafina\/amazonia-blue\/fruitschaal-blauw-amazonia-blue\/"]}]},{"@type":"ImageObject","inLanguage":"fr-FR","@id":"https:\/\/unrostore.com\/shop\/terrafina\/amazonia-blue\/fruitschaal-blauw-amazonia-blue\/#primaryimage","url":"https:\/\/unrostore.com\/wp-content\/uploads\/2022\/10\/unro-portugees-servies-terrafina-amazonia-blue-serveerkom.jpg","contentUrl":"https:\/\/unrostore.com\/wp-content\/uploads\/2022\/10\/unro-portugees-servies-terrafina-amazonia-blue-serveerkom.jpg","width":1440,"height":1440,"caption":"Fruitschaal Blauw Amazonia Blue Portugees Keramiek Servies"},{"@type":"BreadcrumbList","@id":"https:\/\/unrostore.com\/shop\/terrafina\/amazonia-blue\/fruitschaal-blauw-amazonia-blue\/#breadcrumb","itemListElement":[{"@type":"ListItem","position":1,"name":"Home","item":"https:\/\/unrostore.com\/"},{"@type":"ListItem","position":2,"name":"Shop","item":"https:\/\/unrostore.com\/shop\/"},{"@type":"ListItem","position":3,"name":"Fruitschaal Blauw Amazonia Blue"}]},{"@type":"WebSite","@id":"https:\/\/unrostore.com\/#website","url":"https:\/\/unrostore.com\/","name":"UNRO","description":"De la vaisselle portugaise qui vous rendra heureux !","publisher":{"@id":"https:\/\/unrostore.com\/#organization"},"potentialAction":[{"@type":"SearchAction","target":{"@type":"EntryPoint","urlTemplate":"https:\/\/unrostore.com\/?s={search_term_string}"},"query-input":{"@type":"PropertyValueSpecification","valueRequired":true,"valueName":"search_term_string"}}],"inLanguage":"fr-FR"},{"@type":"Organization","@id":"https:\/\/unrostore.com\/#organization","name":"UNRO","url":"https:\/\/unrostore.com\/","logo":{"@type":"ImageObject","inLanguage":"fr-FR","@id":"https:\/\/unrostore.com\/#\/schema\/logo\/image\/","url":"https:\/\/unrostore.com\/wp-content\/uploads\/2022\/05\/Logo-UNRO.png","contentUrl":"https:\/\/unrostore.com\/wp-content\/uploads\/2022\/05\/Logo-UNRO.png","width":605,"height":179,"caption":"UNRO"},"image":{"@id":"https:\/\/unrostore.com\/#\/schema\/logo\/image\/"}}]}},"_links":{"self":[{"href":"https:\/\/unrostore.com\/fr-fr\/wp-json\/wp\/v2\/product\/2214","targetHints":{"allow":["GET"]}}],"collection":[{"href":"https:\/\/unrostore.com\/fr-fr\/wp-json\/wp\/v2\/product"}],"about":[{"href":"https:\/\/unrostore.com\/fr-fr\/wp-json\/wp\/v2\/types\/product"}],"wp:featuredmedia":[{"embeddable":true,"href":"https:\/\/unrostore.com\/fr-fr\/wp-json\/wp\/v2\/media\/3529"}],"wp:attachment":[{"href":"https:\/\/unrostore.com\/fr-fr\/wp-json\/wp\/v2\/media?parent=2214"}],"wp:term":[{"taxonomy":"product_brand","embeddable":true,"href":"https:\/\/unrostore.com\/fr-fr\/wp-json\/wp\/v2\/product_brand?post=2214"},{"taxonomy":"product_cat","embeddable":true,"href":"https:\/\/unrostore.com\/fr-fr\/wp-json\/wp\/v2\/product_cat?post=2214"},{"taxonomy":"product_tag","embeddable":true,"href":"https:\/\/unrostore.com\/fr-fr\/wp-json\/wp\/v2\/product_tag?post=2214"}],"curies":[{"name":"wp","href":"https:\/\/api.w.org\/{rel}","templated":true}]}}