{"id":2210,"date":"2022-10-16T14:32:08","date_gmt":"2022-10-16T14:32:08","guid":{"rendered":"https:\/\/unrostore.com\/?post_type=product&#038;p=2210"},"modified":"2026-01-19T20:38:15","modified_gmt":"2026-01-19T20:38:15","slug":"tasse-a-expresso-bleu-amazonia-2-pieces","status":"publish","type":"product","link":"https:\/\/unrostore.com\/fr-fr\/boutique\/terrafina\/bleu-damazonie\/tasse-a-expresso-bleu-amazonia-2-pieces\/","title":{"rendered":"Tasses \u00e0 espresso Bleu 100 ml Amazonia Blue - 2 pi\u00e8ces"},"content":{"rendered":"<h3>Les tasses \u00e0 espresso sont d'un bleu magnifique, Amazonia Blue<\/h3>\n<p>Le <strong>tasses \u00e0 espresso bleues<\/strong> <strong>Amazonia Blue<\/strong>\u00a0par la marque portugaise <a href=\"https:\/\/www.terrafinastore.com\/en\/collections\/amazonia\">Terrafina<\/a> sont fabriqu\u00e9es \u00e0 la main en c\u00e9ramique de haute qualit\u00e9. Faites entrer le Portugal joyeux dans votre maison et buvez votre expresso dans les tasses bleu roi. Id\u00e9ales pour donner de l'\u00e9nergie \u00e0 votre corps et \u00e0 votre humeur le matin ou comme touche finale apr\u00e8s un d\u00eener. Ces tasses sont toujours bonnes, pas seulement un lundi bleu ;). Appr\u00e9ciez ces tasses \u00e0 espresso bleues \u00e0 l'heure du caf\u00e9 ou du th\u00e9, et d\u00e9couvrez \u00e9galement la gamme de tasses \u00e0 espresso bleues. <a href=\"https:\/\/unrostore.com\/fr-fr\/boutique\/terrafina\/bleu-damazonie\/amazonia-blue-mokken-2-delig\/\">tasses \u00e0 cappuccino Amazonia Blue<\/a> et les <a href=\"https:\/\/unrostore.com\/fr-fr\/boutique\/terrafina\/bleu-damazonie\/amazonia-blue-kommen-2-delig\/\">bols Amazonia Blue<\/a>.<\/p>\n<p>&nbsp;<\/p>\n<h3>C'est le nombre de tasses qui vous sont livr\u00e9es<\/h3>\n<ul>\n<li>2 tasses \u00e0 espresso Amazonia Blue (100 ml de volume buvable)<\/li>\n<li>1x Terrafina bo\u00eete cadeau<\/li>\n<\/ul>\n<p>&nbsp;<\/p>\n<p><em><strong>Durable pour les personnes et l'environnement :<\/strong><br \/>\nChaque produit est unique car il est fabriqu\u00e9 \u00e0 la main.<br \/>\nL'impression et la texture peuvent donc diff\u00e9rer l\u00e9g\u00e8rement de la photo du produit.<\/em><\/p>","protected":false},"excerpt":{"rendered":"<div class=\"usps\"><i class=\"far fa-check-circle\"><\/i> R\u00e9sistant aux micro-ondes<br \/>\n<i class=\"far fa-check-circle\"><\/i> R\u00e9siste au four (jusqu'\u00e0 200 degr\u00e9s)<br \/>\n<i class=\"far fa-check-circle\"><\/i> Lavable au lave-vaisselle<br \/>\n<i class=\"far fa-thumbs-up\"><\/i> Fait \u00e0 la main<\/div>","protected":false},"featured_media":3533,"template":"","meta":[],"product_brand":[],"product_cat":[174,869,307,132,119],"product_tag":[147,175,177,661,193,660,659,130,123],"class_list":{"0":"post-2210","1":"product","2":"type-product","3":"status-publish","4":"has-post-thumbnail","6":"product_cat-amazonia-blue","7":"product_cat-unro-cadeautips","8":"product_cat-espresso-kopjes","9":"product_cat-kopjes-en-mokken","10":"product_cat-terrafina","11":"product_tag-amazonia","12":"product_tag-amazonia-blue","13":"product_tag-blauw","14":"product_tag-blauwe-espresso-kopjes","15":"product_tag-espresso-kopjes","16":"product_tag-espresso-kopjes-met-oor","17":"product_tag-espressokopjes","18":"product_tag-mokken","19":"product_tag-terrafina","20":"product_shipping_class-pakket","22":"first","23":"instock","24":"sale","25":"taxable","26":"shipping-taxable","27":"purchasable","28":"product-type-simple"},"yoast_head":"<!-- This site is optimized with the Yoast SEO plugin v27.4 - https:\/\/yoast.com\/product\/yoast-seo-wordpress\/ -->\n<title>Espresso Kopjes Blauw 100 ml Amazonia Blue - 2-delig &#8226; UNRO<\/title>\n<meta name=\"description\" content=\"Haal nu het vrolijke Portugal in huis met de helder blauwe kleur van de Espresso Kopjes Blauw Amazonia Blue. Ideaal voor jouw energie boost!\" \/>\n<meta name=\"robots\" content=\"index, follow, max-snippet:-1, max-image-preview:large, max-video-preview:-1\" \/>\n<link rel=\"canonical\" href=\"https:\/\/unrostore.com\/fr-fr\/boutique\/terrafina\/bleu-damazonie\/tasse-a-expresso-bleu-amazonia-2-pieces\/\" \/>\n<meta property=\"og:locale\" content=\"fr_FR\" \/>\n<meta property=\"og:type\" content=\"article\" \/>\n<meta property=\"og:title\" content=\"Espresso Kopjes Blauw 100 ml Amazonia Blue - 2-delig &#8226; UNRO\" \/>\n<meta property=\"og:description\" content=\"Haal nu het vrolijke Portugal in huis met de helder blauwe kleur van de Espresso Kopjes Blauw Amazonia Blue. Ideaal voor jouw energie boost!\" \/>\n<meta property=\"og:url\" content=\"https:\/\/unrostore.com\/fr-fr\/boutique\/terrafina\/bleu-damazonie\/tasse-a-expresso-bleu-amazonia-2-pieces\/\" \/>\n<meta property=\"og:site_name\" content=\"UNRO\" \/>\n<meta property=\"article:modified_time\" content=\"2026-01-19T20:38:15+00:00\" \/>\n<meta property=\"og:image\" content=\"https:\/\/unrostore.com\/wp-content\/uploads\/2022\/10\/unro-portugees-servies-amazonia-blue-espresso-kopjes-2-delig-terrafina.jpg\" \/>\n\t<meta property=\"og:image:width\" content=\"1440\" \/>\n\t<meta property=\"og:image:height\" content=\"1440\" \/>\n\t<meta property=\"og:image:type\" content=\"image\/jpeg\" \/>\n<meta name=\"twitter:card\" content=\"summary_large_image\" \/>\n<script type=\"application\/ld+json\" class=\"yoast-schema-graph\">{\"@context\":\"https:\\\/\\\/schema.org\",\"@graph\":[{\"@type\":\"WebPage\",\"@id\":\"https:\\\/\\\/unrostore.com\\\/shop\\\/terrafina\\\/amazonia-blue\\\/espresso-kopjes-blauw-amazonia-blue-2-delig\\\/\",\"url\":\"https:\\\/\\\/unrostore.com\\\/shop\\\/terrafina\\\/amazonia-blue\\\/espresso-kopjes-blauw-amazonia-blue-2-delig\\\/\",\"name\":\"Espresso Kopjes Blauw 100 ml Amazonia Blue - 2-delig &#8226; UNRO\",\"isPartOf\":{\"@id\":\"https:\\\/\\\/unrostore.com\\\/#website\"},\"primaryImageOfPage\":{\"@id\":\"https:\\\/\\\/unrostore.com\\\/shop\\\/terrafina\\\/amazonia-blue\\\/espresso-kopjes-blauw-amazonia-blue-2-delig\\\/#primaryimage\"},\"image\":{\"@id\":\"https:\\\/\\\/unrostore.com\\\/shop\\\/terrafina\\\/amazonia-blue\\\/espresso-kopjes-blauw-amazonia-blue-2-delig\\\/#primaryimage\"},\"thumbnailUrl\":\"https:\\\/\\\/unrostore.com\\\/wp-content\\\/uploads\\\/2022\\\/10\\\/unro-portugees-servies-amazonia-blue-espresso-kopjes-2-delig-terrafina.jpg\",\"datePublished\":\"2022-10-16T14:32:08+00:00\",\"dateModified\":\"2026-01-19T20:38:15+00:00\",\"description\":\"Haal nu het vrolijke Portugal in huis met de helder blauwe kleur van de Espresso Kopjes Blauw Amazonia Blue. Ideaal voor jouw energie boost!\",\"breadcrumb\":{\"@id\":\"https:\\\/\\\/unrostore.com\\\/shop\\\/terrafina\\\/amazonia-blue\\\/espresso-kopjes-blauw-amazonia-blue-2-delig\\\/#breadcrumb\"},\"inLanguage\":\"fr-FR\",\"potentialAction\":[{\"@type\":\"ReadAction\",\"target\":[\"https:\\\/\\\/unrostore.com\\\/shop\\\/terrafina\\\/amazonia-blue\\\/espresso-kopjes-blauw-amazonia-blue-2-delig\\\/\"]}]},{\"@type\":\"ImageObject\",\"inLanguage\":\"fr-FR\",\"@id\":\"https:\\\/\\\/unrostore.com\\\/shop\\\/terrafina\\\/amazonia-blue\\\/espresso-kopjes-blauw-amazonia-blue-2-delig\\\/#primaryimage\",\"url\":\"https:\\\/\\\/unrostore.com\\\/wp-content\\\/uploads\\\/2022\\\/10\\\/unro-portugees-servies-amazonia-blue-espresso-kopjes-2-delig-terrafina.jpg\",\"contentUrl\":\"https:\\\/\\\/unrostore.com\\\/wp-content\\\/uploads\\\/2022\\\/10\\\/unro-portugees-servies-amazonia-blue-espresso-kopjes-2-delig-terrafina.jpg\",\"width\":1440,\"height\":1440,\"caption\":\"Amazonia Blue espresso kopjes - 2-delig van Terrafina Portugees Keramiek Servies exclusief bij UNRO\"},{\"@type\":\"BreadcrumbList\",\"@id\":\"https:\\\/\\\/unrostore.com\\\/shop\\\/terrafina\\\/amazonia-blue\\\/espresso-kopjes-blauw-amazonia-blue-2-delig\\\/#breadcrumb\",\"itemListElement\":[{\"@type\":\"ListItem\",\"position\":1,\"name\":\"Home\",\"item\":\"https:\\\/\\\/unrostore.com\\\/\"},{\"@type\":\"ListItem\",\"position\":2,\"name\":\"Shop\",\"item\":\"https:\\\/\\\/unrostore.com\\\/shop\\\/\"},{\"@type\":\"ListItem\",\"position\":3,\"name\":\"Espresso Kopjes Blauw 100 ml Amazonia Blue &#8211; 2-delig\"}]},{\"@type\":\"WebSite\",\"@id\":\"https:\\\/\\\/unrostore.com\\\/#website\",\"url\":\"https:\\\/\\\/unrostore.com\\\/\",\"name\":\"UNRO\",\"description\":\"Portugees servies waar je blij van wordt!\",\"publisher\":{\"@id\":\"https:\\\/\\\/unrostore.com\\\/#organization\"},\"potentialAction\":[{\"@type\":\"SearchAction\",\"target\":{\"@type\":\"EntryPoint\",\"urlTemplate\":\"https:\\\/\\\/unrostore.com\\\/?s={search_term_string}\"},\"query-input\":{\"@type\":\"PropertyValueSpecification\",\"valueRequired\":true,\"valueName\":\"search_term_string\"}}],\"inLanguage\":\"fr-FR\"},{\"@type\":\"Organization\",\"@id\":\"https:\\\/\\\/unrostore.com\\\/#organization\",\"name\":\"UNRO\",\"url\":\"https:\\\/\\\/unrostore.com\\\/\",\"logo\":{\"@type\":\"ImageObject\",\"inLanguage\":\"fr-FR\",\"@id\":\"https:\\\/\\\/unrostore.com\\\/#\\\/schema\\\/logo\\\/image\\\/\",\"url\":\"https:\\\/\\\/unrostore.com\\\/wp-content\\\/uploads\\\/2022\\\/05\\\/Logo-UNRO.png\",\"contentUrl\":\"https:\\\/\\\/unrostore.com\\\/wp-content\\\/uploads\\\/2022\\\/05\\\/Logo-UNRO.png\",\"width\":605,\"height\":179,\"caption\":\"UNRO\"},\"image\":{\"@id\":\"https:\\\/\\\/unrostore.com\\\/#\\\/schema\\\/logo\\\/image\\\/\"}}]}<\/script>\n<!-- \/ Yoast SEO plugin. -->","yoast_head_json":{"title":"Tasses \u00e0 espresso Bleu 100 ml Amazonia Blue - 2 pi\u00e8ces - UNRO","description":"Faites entrer le Portugal joyeux dans votre maison gr\u00e2ce \u00e0 la couleur bleue vive des tasses Espresso Blue Amazonia Blue. Id\u00e9al pour faire le plein d'\u00e9nergie !","robots":{"index":"index","follow":"follow","max-snippet":"max-snippet:-1","max-image-preview":"max-image-preview:large","max-video-preview":"max-video-preview:-1"},"canonical":"https:\/\/unrostore.com\/fr-fr\/boutique\/terrafina\/bleu-damazonie\/tasse-a-expresso-bleu-amazonia-2-pieces\/","og_locale":"fr_FR","og_type":"article","og_title":"Espresso Kopjes Blauw 100 ml Amazonia Blue - 2-delig &#8226; UNRO","og_description":"Haal nu het vrolijke Portugal in huis met de helder blauwe kleur van de Espresso Kopjes Blauw Amazonia Blue. Ideaal voor jouw energie boost!","og_url":"https:\/\/unrostore.com\/fr-fr\/boutique\/terrafina\/bleu-damazonie\/tasse-a-expresso-bleu-amazonia-2-pieces\/","og_site_name":"UNRO","article_modified_time":"2026-01-19T20:38:15+00:00","og_image":[{"width":1440,"height":1440,"url":"https:\/\/unrostore.com\/wp-content\/uploads\/2022\/10\/unro-portugees-servies-amazonia-blue-espresso-kopjes-2-delig-terrafina.jpg","type":"image\/jpeg"}],"twitter_card":"summary_large_image","schema":{"@context":"https:\/\/schema.org","@graph":[{"@type":"WebPage","@id":"https:\/\/unrostore.com\/shop\/terrafina\/amazonia-blue\/espresso-kopjes-blauw-amazonia-blue-2-delig\/","url":"https:\/\/unrostore.com\/shop\/terrafina\/amazonia-blue\/espresso-kopjes-blauw-amazonia-blue-2-delig\/","name":"Tasses \u00e0 espresso Bleu 100 ml Amazonia Blue - 2 pi\u00e8ces - UNRO","isPartOf":{"@id":"https:\/\/unrostore.com\/#website"},"primaryImageOfPage":{"@id":"https:\/\/unrostore.com\/shop\/terrafina\/amazonia-blue\/espresso-kopjes-blauw-amazonia-blue-2-delig\/#primaryimage"},"image":{"@id":"https:\/\/unrostore.com\/shop\/terrafina\/amazonia-blue\/espresso-kopjes-blauw-amazonia-blue-2-delig\/#primaryimage"},"thumbnailUrl":"https:\/\/unrostore.com\/wp-content\/uploads\/2022\/10\/unro-portugees-servies-amazonia-blue-espresso-kopjes-2-delig-terrafina.jpg","datePublished":"2022-10-16T14:32:08+00:00","dateModified":"2026-01-19T20:38:15+00:00","description":"Faites entrer le Portugal joyeux dans votre maison gr\u00e2ce \u00e0 la couleur bleue vive des tasses Espresso Blue Amazonia Blue. Id\u00e9al pour faire le plein d'\u00e9nergie !","breadcrumb":{"@id":"https:\/\/unrostore.com\/shop\/terrafina\/amazonia-blue\/espresso-kopjes-blauw-amazonia-blue-2-delig\/#breadcrumb"},"inLanguage":"fr-FR","potentialAction":[{"@type":"ReadAction","target":["https:\/\/unrostore.com\/shop\/terrafina\/amazonia-blue\/espresso-kopjes-blauw-amazonia-blue-2-delig\/"]}]},{"@type":"ImageObject","inLanguage":"fr-FR","@id":"https:\/\/unrostore.com\/shop\/terrafina\/amazonia-blue\/espresso-kopjes-blauw-amazonia-blue-2-delig\/#primaryimage","url":"https:\/\/unrostore.com\/wp-content\/uploads\/2022\/10\/unro-portugees-servies-amazonia-blue-espresso-kopjes-2-delig-terrafina.jpg","contentUrl":"https:\/\/unrostore.com\/wp-content\/uploads\/2022\/10\/unro-portugees-servies-amazonia-blue-espresso-kopjes-2-delig-terrafina.jpg","width":1440,"height":1440,"caption":"Amazonia Blue espresso kopjes - 2-delig van Terrafina Portugees Keramiek Servies exclusief bij UNRO"},{"@type":"BreadcrumbList","@id":"https:\/\/unrostore.com\/shop\/terrafina\/amazonia-blue\/espresso-kopjes-blauw-amazonia-blue-2-delig\/#breadcrumb","itemListElement":[{"@type":"ListItem","position":1,"name":"Home","item":"https:\/\/unrostore.com\/"},{"@type":"ListItem","position":2,"name":"Shop","item":"https:\/\/unrostore.com\/shop\/"},{"@type":"ListItem","position":3,"name":"Espresso Kopjes Blauw 100 ml Amazonia Blue &#8211; 2-delig"}]},{"@type":"WebSite","@id":"https:\/\/unrostore.com\/#website","url":"https:\/\/unrostore.com\/","name":"UNRO","description":"De la vaisselle portugaise qui vous rendra heureux !","publisher":{"@id":"https:\/\/unrostore.com\/#organization"},"potentialAction":[{"@type":"SearchAction","target":{"@type":"EntryPoint","urlTemplate":"https:\/\/unrostore.com\/?s={search_term_string}"},"query-input":{"@type":"PropertyValueSpecification","valueRequired":true,"valueName":"search_term_string"}}],"inLanguage":"fr-FR"},{"@type":"Organization","@id":"https:\/\/unrostore.com\/#organization","name":"UNRO","url":"https:\/\/unrostore.com\/","logo":{"@type":"ImageObject","inLanguage":"fr-FR","@id":"https:\/\/unrostore.com\/#\/schema\/logo\/image\/","url":"https:\/\/unrostore.com\/wp-content\/uploads\/2022\/05\/Logo-UNRO.png","contentUrl":"https:\/\/unrostore.com\/wp-content\/uploads\/2022\/05\/Logo-UNRO.png","width":605,"height":179,"caption":"UNRO"},"image":{"@id":"https:\/\/unrostore.com\/#\/schema\/logo\/image\/"}}]}},"_links":{"self":[{"href":"https:\/\/unrostore.com\/fr-fr\/wp-json\/wp\/v2\/product\/2210","targetHints":{"allow":["GET"]}}],"collection":[{"href":"https:\/\/unrostore.com\/fr-fr\/wp-json\/wp\/v2\/product"}],"about":[{"href":"https:\/\/unrostore.com\/fr-fr\/wp-json\/wp\/v2\/types\/product"}],"wp:featuredmedia":[{"embeddable":true,"href":"https:\/\/unrostore.com\/fr-fr\/wp-json\/wp\/v2\/media\/3533"}],"wp:attachment":[{"href":"https:\/\/unrostore.com\/fr-fr\/wp-json\/wp\/v2\/media?parent=2210"}],"wp:term":[{"taxonomy":"product_brand","embeddable":true,"href":"https:\/\/unrostore.com\/fr-fr\/wp-json\/wp\/v2\/product_brand?post=2210"},{"taxonomy":"product_cat","embeddable":true,"href":"https:\/\/unrostore.com\/fr-fr\/wp-json\/wp\/v2\/product_cat?post=2210"},{"taxonomy":"product_tag","embeddable":true,"href":"https:\/\/unrostore.com\/fr-fr\/wp-json\/wp\/v2\/product_tag?post=2210"}],"curies":[{"name":"wp","href":"https:\/\/api.w.org\/{rel}","templated":true}]}}