{"id":2145,"date":"2022-10-15T19:24:34","date_gmt":"2022-10-15T19:24:34","guid":{"rendered":"https:\/\/unrostore.com\/?post_type=product&#038;p=2145"},"modified":"2026-01-19T20:38:16","modified_gmt":"2026-01-19T20:38:16","slug":"tasses-a-espresso-amazonia-cream-2-pieces","status":"publish","type":"product","link":"https:\/\/unrostore.com\/fr-fr\/boutique\/terrafina\/creme-damazonie-2\/tasses-a-espresso-amazonia-cream-2-pieces\/","title":{"rendered":"Tasses \u00e0 caf\u00e9 Espresso Cr\u00e8me 100 ml Amazonia Cr\u00e8me - 2 pi\u00e8ces"},"content":{"rendered":"<h3>Les tasses \u00e0 espresso parfaites creme Amazonia Cream<\/h3>\n<p>Le<strong> tasses \u00e0 espresso cr\u00e8me Amazonia Cream<\/strong> par la marque portugaise <a href=\"https:\/\/www.terrafinastore.com\/en\/collections\/amazonia\">Terrafina<\/a> sont fabriqu\u00e9s \u00e0 la main en c\u00e9ramique de haute qualit\u00e9. <span style=\"font-weight: 400;\">Ce petit format est sp\u00e9cialement con\u00e7u pour les amateurs d'espresso. Et si vous n'\u00e9tiez pas d\u00e9j\u00e0 un amateur d'espresso, vous le deviendrez en voyant ces tasses \u00e0 espresso avec oreille. La couleur cr\u00e8me claire forme un joli contraste avec la couleur fonc\u00e9e du caf\u00e9. Votre expresso sera bien meilleur \u00e0 l'heure du caf\u00e9 ou du th\u00e9 si vous le buvez dans ces jolies tasses \u00e0 expresso cr\u00e8me ! Voir aussi <a href=\"https:\/\/unrostore.com\/fr-fr\/boutique\/terrafina\/creme-damazonie-2\/amazonia-cream-mokken-2-delig\/\">Tasses Amazonia Cream<\/a> et <a href=\"https:\/\/unrostore.com\/fr-fr\/boutique\/terrafina\/creme-damazonie-2\/amazonia-cream-kommen-2-delig-kopie\/\">Bols Amazonia Cream<\/a>.<\/span><\/p>\n<p>\u00a0<\/p>\n<h3>Voici le nombre de tasses que vous obtiendrez<\/h3>\n<ul>\n<li>2 tasses \u00e0 espresso Amazonia Cream (100 ml de volume buvable)<\/li>\n<li>1x Terrafina bo\u00eete cadeau<\/li>\n<\/ul>\n<p>\u00a0<\/p>\n<p><em><strong>Duurzaam voor mens & milieu:<\/strong><br \/>\nChaque produit est unique car il est fabriqu\u00e9 \u00e0 la main.<br \/>\nL'impression et la texture peuvent donc diff\u00e9rer l\u00e9g\u00e8rement de la photo du produit.<\/em><\/p>","protected":false},"excerpt":{"rendered":"<div class=\"usps\"><i class=\"far fa-check-circle\"><\/i> R\u00e9sistant aux micro-ondes<br \/>\n<i class=\"far fa-check-circle\"><\/i> R\u00e9siste au four (jusqu'\u00e0 200 degr\u00e9s)<br \/>\n<i class=\"far fa-check-circle\"><\/i> Lavable au lave-vaisselle<br \/>\n<i class=\"far fa-thumbs-up\"><\/i> Fait \u00e0 la main<\/div>","protected":false},"featured_media":3592,"template":"","meta":[],"product_brand":[],"product_cat":[869,144,307,132,119],"product_tag":[147,145,719,794,146,301,193,660,793,335,134,152,302,123],"class_list":{"0":"post-2145","1":"product","2":"type-product","3":"status-publish","4":"has-post-thumbnail","6":"product_cat-unro-cadeautips","7":"product_cat-amazonia-cream","8":"product_cat-espresso-kopjes","9":"product_cat-kopjes-en-mokken","10":"product_cat-terrafina","11":"product_tag-amazonia","12":"product_tag-amazonia-cream","13":"product_tag-beige-espresso-kopjes","14":"product_tag-beige-kopejs","15":"product_tag-cream","16":"product_tag-espresso","17":"product_tag-espresso-kopjes","18":"product_tag-espresso-kopjes-met-oor","19":"product_tag-espressokopjes-beige","20":"product_tag-expresso","21":"product_tag-kleine-mok","22":"product_tag-kleine-mokkenset","23":"product_tag-kopjes","24":"product_tag-terrafina","25":"product_shipping_class-pakket","27":"first","28":"instock","29":"sale","30":"taxable","31":"shipping-taxable","32":"purchasable","33":"product-type-simple"},"yoast_head":"<!-- This site is optimized with the Yoast SEO plugin v27.6 - https:\/\/yoast.com\/product\/yoast-seo-wordpress\/ -->\n<title>Espressokopjes Creme 100 ml Amazonia Cream - 2-delig &#8226; UNRO<\/title>\n<meta name=\"description\" content=\"Je espresso smaakt gelijk goed wanneer je deze drinkt uit de espressokopjes creme tijdens jouw koffietijd of high tea, voor de echte espresso liefhebber!\" \/>\n<meta name=\"robots\" content=\"index, follow, max-snippet:-1, max-image-preview:large, max-video-preview:-1\" \/>\n<link rel=\"canonical\" href=\"https:\/\/unrostore.com\/fr-fr\/boutique\/terrafina\/creme-damazonie-2\/tasses-a-espresso-amazonia-cream-2-pieces\/\" \/>\n<meta property=\"og:locale\" content=\"fr_FR\" \/>\n<meta property=\"og:type\" content=\"article\" \/>\n<meta property=\"og:title\" content=\"Espressokopjes Creme 100 ml Amazonia Cream - 2-delig &#8226; UNRO\" \/>\n<meta property=\"og:description\" content=\"Je espresso smaakt gelijk goed wanneer je deze drinkt uit de espressokopjes creme tijdens jouw koffietijd of high tea, voor de echte espresso liefhebber!\" \/>\n<meta property=\"og:url\" content=\"https:\/\/unrostore.com\/fr-fr\/boutique\/terrafina\/creme-damazonie-2\/tasses-a-espresso-amazonia-cream-2-pieces\/\" \/>\n<meta property=\"og:site_name\" content=\"UNRO\" \/>\n<meta property=\"article:modified_time\" content=\"2026-01-19T20:38:16+00:00\" \/>\n<meta property=\"og:image\" content=\"https:\/\/unrostore.com\/wp-content\/uploads\/2022\/10\/unro-portugees-servies-terrafina-amazonia-cream-espresso-kopjes-2-delig.jpg\" \/>\n\t<meta property=\"og:image:width\" content=\"1440\" \/>\n\t<meta property=\"og:image:height\" content=\"1440\" \/>\n\t<meta property=\"og:image:type\" content=\"image\/jpeg\" \/>\n<meta name=\"twitter:card\" content=\"summary_large_image\" \/>\n<script type=\"application\/ld+json\" class=\"yoast-schema-graph\">{\"@context\":\"https:\\\/\\\/schema.org\",\"@graph\":[{\"@type\":\"WebPage\",\"@id\":\"https:\\\/\\\/unrostore.com\\\/shop\\\/terrafina\\\/amazonia-cream\\\/espressokopjes-creme-amazonia-cream-2-delig\\\/\",\"url\":\"https:\\\/\\\/unrostore.com\\\/shop\\\/terrafina\\\/amazonia-cream\\\/espressokopjes-creme-amazonia-cream-2-delig\\\/\",\"name\":\"Espressokopjes Creme 100 ml Amazonia Cream - 2-delig &#8226; UNRO\",\"isPartOf\":{\"@id\":\"https:\\\/\\\/unrostore.com\\\/#website\"},\"primaryImageOfPage\":{\"@id\":\"https:\\\/\\\/unrostore.com\\\/shop\\\/terrafina\\\/amazonia-cream\\\/espressokopjes-creme-amazonia-cream-2-delig\\\/#primaryimage\"},\"image\":{\"@id\":\"https:\\\/\\\/unrostore.com\\\/shop\\\/terrafina\\\/amazonia-cream\\\/espressokopjes-creme-amazonia-cream-2-delig\\\/#primaryimage\"},\"thumbnailUrl\":\"https:\\\/\\\/unrostore.com\\\/wp-content\\\/uploads\\\/2022\\\/10\\\/unro-portugees-servies-terrafina-amazonia-cream-espresso-kopjes-2-delig.jpg\",\"datePublished\":\"2022-10-15T19:24:34+00:00\",\"dateModified\":\"2026-01-19T20:38:16+00:00\",\"description\":\"Je espresso smaakt gelijk goed wanneer je deze drinkt uit de espressokopjes creme tijdens jouw koffietijd of high tea, voor de echte espresso liefhebber!\",\"breadcrumb\":{\"@id\":\"https:\\\/\\\/unrostore.com\\\/shop\\\/terrafina\\\/amazonia-cream\\\/espressokopjes-creme-amazonia-cream-2-delig\\\/#breadcrumb\"},\"inLanguage\":\"fr-FR\",\"potentialAction\":[{\"@type\":\"ReadAction\",\"target\":[\"https:\\\/\\\/unrostore.com\\\/shop\\\/terrafina\\\/amazonia-cream\\\/espressokopjes-creme-amazonia-cream-2-delig\\\/\"]}]},{\"@type\":\"ImageObject\",\"inLanguage\":\"fr-FR\",\"@id\":\"https:\\\/\\\/unrostore.com\\\/shop\\\/terrafina\\\/amazonia-cream\\\/espressokopjes-creme-amazonia-cream-2-delig\\\/#primaryimage\",\"url\":\"https:\\\/\\\/unrostore.com\\\/wp-content\\\/uploads\\\/2022\\\/10\\\/unro-portugees-servies-terrafina-amazonia-cream-espresso-kopjes-2-delig.jpg\",\"contentUrl\":\"https:\\\/\\\/unrostore.com\\\/wp-content\\\/uploads\\\/2022\\\/10\\\/unro-portugees-servies-terrafina-amazonia-cream-espresso-kopjes-2-delig.jpg\",\"width\":1440,\"height\":1440,\"caption\":\"Beige Espressokopjes Amazonia Cream - 2-delig Portugees Keramiek Servies\"},{\"@type\":\"BreadcrumbList\",\"@id\":\"https:\\\/\\\/unrostore.com\\\/shop\\\/terrafina\\\/amazonia-cream\\\/espressokopjes-creme-amazonia-cream-2-delig\\\/#breadcrumb\",\"itemListElement\":[{\"@type\":\"ListItem\",\"position\":1,\"name\":\"Home\",\"item\":\"https:\\\/\\\/unrostore.com\\\/\"},{\"@type\":\"ListItem\",\"position\":2,\"name\":\"Shop\",\"item\":\"https:\\\/\\\/unrostore.com\\\/shop\\\/\"},{\"@type\":\"ListItem\",\"position\":3,\"name\":\"Espressokopjes Creme 100 ml Amazonia Cream &#8211; 2-delig\"}]},{\"@type\":\"WebSite\",\"@id\":\"https:\\\/\\\/unrostore.com\\\/#website\",\"url\":\"https:\\\/\\\/unrostore.com\\\/\",\"name\":\"UNRO\",\"description\":\"Portugees servies waar je blij van wordt!\",\"publisher\":{\"@id\":\"https:\\\/\\\/unrostore.com\\\/#organization\"},\"potentialAction\":[{\"@type\":\"SearchAction\",\"target\":{\"@type\":\"EntryPoint\",\"urlTemplate\":\"https:\\\/\\\/unrostore.com\\\/?s={search_term_string}\"},\"query-input\":{\"@type\":\"PropertyValueSpecification\",\"valueRequired\":true,\"valueName\":\"search_term_string\"}}],\"inLanguage\":\"fr-FR\"},{\"@type\":\"Organization\",\"@id\":\"https:\\\/\\\/unrostore.com\\\/#organization\",\"name\":\"UNRO\",\"url\":\"https:\\\/\\\/unrostore.com\\\/\",\"logo\":{\"@type\":\"ImageObject\",\"inLanguage\":\"fr-FR\",\"@id\":\"https:\\\/\\\/unrostore.com\\\/#\\\/schema\\\/logo\\\/image\\\/\",\"url\":\"https:\\\/\\\/unrostore.com\\\/wp-content\\\/uploads\\\/2022\\\/05\\\/Logo-UNRO.png\",\"contentUrl\":\"https:\\\/\\\/unrostore.com\\\/wp-content\\\/uploads\\\/2022\\\/05\\\/Logo-UNRO.png\",\"width\":605,\"height\":179,\"caption\":\"UNRO\"},\"image\":{\"@id\":\"https:\\\/\\\/unrostore.com\\\/#\\\/schema\\\/logo\\\/image\\\/\"}}]}<\/script>\n<!-- \/ Yoast SEO plugin. -->","yoast_head_json":{"title":"Tasses Espresso Cr\u00e8me 100 ml Amazonia Cr\u00e8me - 2 pi\u00e8ces - UNRO","description":"Votre espresso est d\u00e9licieux lorsque vous le buvez dans les tasses \u00e0 cr\u00e8me espresso \u00e0 l'heure du caf\u00e9 ou du th\u00e9, pour les vrais amateurs d'espresso !","robots":{"index":"index","follow":"follow","max-snippet":"max-snippet:-1","max-image-preview":"max-image-preview:large","max-video-preview":"max-video-preview:-1"},"canonical":"https:\/\/unrostore.com\/fr-fr\/boutique\/terrafina\/creme-damazonie-2\/tasses-a-espresso-amazonia-cream-2-pieces\/","og_locale":"fr_FR","og_type":"article","og_title":"Espressokopjes Creme 100 ml Amazonia Cream - 2-delig &#8226; UNRO","og_description":"Je espresso smaakt gelijk goed wanneer je deze drinkt uit de espressokopjes creme tijdens jouw koffietijd of high tea, voor de echte espresso liefhebber!","og_url":"https:\/\/unrostore.com\/fr-fr\/boutique\/terrafina\/creme-damazonie-2\/tasses-a-espresso-amazonia-cream-2-pieces\/","og_site_name":"UNRO","article_modified_time":"2026-01-19T20:38:16+00:00","og_image":[{"width":1440,"height":1440,"url":"https:\/\/unrostore.com\/wp-content\/uploads\/2022\/10\/unro-portugees-servies-terrafina-amazonia-cream-espresso-kopjes-2-delig.jpg","type":"image\/jpeg"}],"twitter_card":"summary_large_image","schema":{"@context":"https:\/\/schema.org","@graph":[{"@type":"WebPage","@id":"https:\/\/unrostore.com\/shop\/terrafina\/amazonia-cream\/espressokopjes-creme-amazonia-cream-2-delig\/","url":"https:\/\/unrostore.com\/shop\/terrafina\/amazonia-cream\/espressokopjes-creme-amazonia-cream-2-delig\/","name":"Tasses Espresso Cr\u00e8me 100 ml Amazonia Cr\u00e8me - 2 pi\u00e8ces - UNRO","isPartOf":{"@id":"https:\/\/unrostore.com\/#website"},"primaryImageOfPage":{"@id":"https:\/\/unrostore.com\/shop\/terrafina\/amazonia-cream\/espressokopjes-creme-amazonia-cream-2-delig\/#primaryimage"},"image":{"@id":"https:\/\/unrostore.com\/shop\/terrafina\/amazonia-cream\/espressokopjes-creme-amazonia-cream-2-delig\/#primaryimage"},"thumbnailUrl":"https:\/\/unrostore.com\/wp-content\/uploads\/2022\/10\/unro-portugees-servies-terrafina-amazonia-cream-espresso-kopjes-2-delig.jpg","datePublished":"2022-10-15T19:24:34+00:00","dateModified":"2026-01-19T20:38:16+00:00","description":"Votre espresso est d\u00e9licieux lorsque vous le buvez dans les tasses \u00e0 cr\u00e8me espresso \u00e0 l'heure du caf\u00e9 ou du th\u00e9, pour les vrais amateurs d'espresso !","breadcrumb":{"@id":"https:\/\/unrostore.com\/shop\/terrafina\/amazonia-cream\/espressokopjes-creme-amazonia-cream-2-delig\/#breadcrumb"},"inLanguage":"fr-FR","potentialAction":[{"@type":"ReadAction","target":["https:\/\/unrostore.com\/shop\/terrafina\/amazonia-cream\/espressokopjes-creme-amazonia-cream-2-delig\/"]}]},{"@type":"ImageObject","inLanguage":"fr-FR","@id":"https:\/\/unrostore.com\/shop\/terrafina\/amazonia-cream\/espressokopjes-creme-amazonia-cream-2-delig\/#primaryimage","url":"https:\/\/unrostore.com\/wp-content\/uploads\/2022\/10\/unro-portugees-servies-terrafina-amazonia-cream-espresso-kopjes-2-delig.jpg","contentUrl":"https:\/\/unrostore.com\/wp-content\/uploads\/2022\/10\/unro-portugees-servies-terrafina-amazonia-cream-espresso-kopjes-2-delig.jpg","width":1440,"height":1440,"caption":"Beige Espressokopjes Amazonia Cream - 2-delig Portugees Keramiek Servies"},{"@type":"BreadcrumbList","@id":"https:\/\/unrostore.com\/shop\/terrafina\/amazonia-cream\/espressokopjes-creme-amazonia-cream-2-delig\/#breadcrumb","itemListElement":[{"@type":"ListItem","position":1,"name":"Home","item":"https:\/\/unrostore.com\/"},{"@type":"ListItem","position":2,"name":"Shop","item":"https:\/\/unrostore.com\/shop\/"},{"@type":"ListItem","position":3,"name":"Espressokopjes Creme 100 ml Amazonia Cream &#8211; 2-delig"}]},{"@type":"WebSite","@id":"https:\/\/unrostore.com\/#website","url":"https:\/\/unrostore.com\/","name":"UNRO","description":"De la vaisselle portugaise qui vous rendra heureux !","publisher":{"@id":"https:\/\/unrostore.com\/#organization"},"potentialAction":[{"@type":"SearchAction","target":{"@type":"EntryPoint","urlTemplate":"https:\/\/unrostore.com\/?s={search_term_string}"},"query-input":{"@type":"PropertyValueSpecification","valueRequired":true,"valueName":"search_term_string"}}],"inLanguage":"fr-FR"},{"@type":"Organization","@id":"https:\/\/unrostore.com\/#organization","name":"UNRO","url":"https:\/\/unrostore.com\/","logo":{"@type":"ImageObject","inLanguage":"fr-FR","@id":"https:\/\/unrostore.com\/#\/schema\/logo\/image\/","url":"https:\/\/unrostore.com\/wp-content\/uploads\/2022\/05\/Logo-UNRO.png","contentUrl":"https:\/\/unrostore.com\/wp-content\/uploads\/2022\/05\/Logo-UNRO.png","width":605,"height":179,"caption":"UNRO"},"image":{"@id":"https:\/\/unrostore.com\/#\/schema\/logo\/image\/"}}]}},"_links":{"self":[{"href":"https:\/\/unrostore.com\/fr-fr\/wp-json\/wp\/v2\/product\/2145","targetHints":{"allow":["GET"]}}],"collection":[{"href":"https:\/\/unrostore.com\/fr-fr\/wp-json\/wp\/v2\/product"}],"about":[{"href":"https:\/\/unrostore.com\/fr-fr\/wp-json\/wp\/v2\/types\/product"}],"wp:featuredmedia":[{"embeddable":true,"href":"https:\/\/unrostore.com\/fr-fr\/wp-json\/wp\/v2\/media\/3592"}],"wp:attachment":[{"href":"https:\/\/unrostore.com\/fr-fr\/wp-json\/wp\/v2\/media?parent=2145"}],"wp:term":[{"taxonomy":"product_brand","embeddable":true,"href":"https:\/\/unrostore.com\/fr-fr\/wp-json\/wp\/v2\/product_brand?post=2145"},{"taxonomy":"product_cat","embeddable":true,"href":"https:\/\/unrostore.com\/fr-fr\/wp-json\/wp\/v2\/product_cat?post=2145"},{"taxonomy":"product_tag","embeddable":true,"href":"https:\/\/unrostore.com\/fr-fr\/wp-json\/wp\/v2\/product_tag?post=2145"}],"curies":[{"name":"wp","href":"https:\/\/api.w.org\/{rel}","templated":true}]}}