{"id":2140,"date":"2022-10-15T19:20:57","date_gmt":"2022-10-15T19:20:57","guid":{"rendered":"https:\/\/unrostore.com\/?post_type=product&#038;p=2140"},"modified":"2026-02-16T16:30:49","modified_gmt":"2026-02-16T16:30:49","slug":"tasses-a-cappuccino-amazonia-cream-2-pieces","status":"publish","type":"product","link":"https:\/\/unrostore.com\/fr-fr\/boutique\/terrafina\/creme-damazonie-2\/tasses-a-cappuccino-amazonia-cream-2-pieces\/","title":{"rendered":"Tasses \u00e0 cappuccino cr\u00e8me 350 ml Amazonia cr\u00e8me - 2 pi\u00e8ces"},"content":{"rendered":"<h3>D\u00e9couvrez ce magnifique mod\u00e8le subtilement color\u00e9 <strong>Tasses \u00e0 cappuccino Cr\u00e8me Amazonia Cream - 2 pi\u00e8ces<\/strong>\u00a0bien ! \ud83d\ude0d<\/h3>\n<p><span style=\"font-weight: 400;\">Le <strong>tasses \u00e0 cappuccino cr\u00e8me Amazonia Cream<\/strong> de <a href=\"https:\/\/www.terrafinastore.com\/en\/collections\/amazonia\">Terrafina<\/a> sont id\u00e9ales pour votre caf\u00e9, cappuccino, latte macchiato, chai latte ou th\u00e9 \u00e0 tout moment de la journ\u00e9e. La couleur claire de la tasse, orn\u00e9e d'une bordure d\u00e9corative marron clair, s'accorde parfaitement avec votre caf\u00e9, votre th\u00e9 ou votre chocolat chaud. En fait, les tasses \u00e0 th\u00e9 passent au micro-ondes et au lave-vaisselle. Ils sont donc parfaits pour r\u00e9chauffer votre chocolat au lait pendant les journ\u00e9es froides et pluvieuses. Les grandes tasses \u00e0 caf\u00e9 avec la partie de l'oreille de la <a href=\"https:\/\/unrostore.com\/fr-fr\/boutique\/terrafina\/creme-damazonie-2\/amazonia-cream-serviesset-4-personen\/\">service de table Amazonia Cream<\/a> et <a href=\"https:\/\/unrostore.com\/fr-fr\/boutique\/terrafina\/creme-damazonie-2\/amazonia-cream-serveerkom\/\">Bol de service Amazonia Cream<\/a> vous permettant de les combiner \u00e0 la perfection. Commencez votre journ\u00e9e avec le sourire en prenant un bon caf\u00e9 matinal dans la tasse Amazonia Cream.\u00a0<\/span><\/p>\n<p>\u00a0<\/p>\n<h3>Voici le nombre de mugs que vous recevrez<\/h3>\n<ul>\n<li>4x Tasses \u00e0 Cappuccino Amazonia Cream (capacit\u00e9 de 350ml)<\/li>\n<li>1x Terrafina bo\u00eete cadeau<\/li>\n<\/ul>\n<p>\u00a0<\/p>\n<p><em><strong>Duurzaam voor mens & milieu:<\/strong><br \/>\nChaque produit est unique car il est fabriqu\u00e9 \u00e0 la main.<br \/>\nL'impression et la texture peuvent donc diff\u00e9rer l\u00e9g\u00e8rement de la photo du produit.<\/em><\/p>","protected":false},"excerpt":{"rendered":"<div class=\"usps\"><i class=\"far fa-check-circle\"><\/i> R\u00e9sistant aux micro-ondes<br \/>\n<i class=\"far fa-check-circle\"><\/i> R\u00e9siste au four (jusqu'\u00e0 200 degr\u00e9s)<br \/>\n<i class=\"far fa-check-circle\"><\/i> Lavable au lave-vaisselle<br \/>\n<i class=\"far fa-thumbs-up\"><\/i> Fait \u00e0 la main<\/div>","protected":false},"featured_media":3590,"template":"","meta":[],"product_brand":[],"product_cat":[869,316,144,132,871,119],"product_tag":[145,788,309,634,233,639,689,703,638,626,690,633,789,790,123,637,632],"class_list":{"0":"post-2140","1":"product","2":"type-product","3":"status-publish","4":"has-post-thumbnail","6":"product_cat-unro-cadeautips","7":"product_cat-cappuccino-mokken","8":"product_cat-amazonia-cream","9":"product_cat-kopjes-en-mokken","10":"product_cat-unro-populair-portugees-keramiek","11":"product_cat-terrafina","12":"product_tag-amazonia-cream","13":"product_tag-beige-mokken","14":"product_tag-cappuccino-mokken","15":"product_tag-chai-latte","16":"product_tag-creme","17":"product_tag-grote-mokken","18":"product_tag-high-tea","19":"product_tag-koffie-met-gebak","20":"product_tag-koffiekopjes","21":"product_tag-koffiemokken","22":"product_tag-koffietijd","23":"product_tag-latte-macchiato","24":"product_tag-mokken-beige","25":"product_tag-mokken-met-oor","26":"product_tag-terrafina","27":"product_tag-theekopjes","28":"product_tag-theemokken","29":"product_shipping_class-pakket","31":"first","32":"instock","33":"sale","34":"taxable","35":"shipping-taxable","36":"purchasable","37":"product-type-simple"},"yoast_head":"<!-- This site is optimized with the Yoast SEO plugin v27.5 - https:\/\/yoast.com\/product\/yoast-seo-wordpress\/ -->\n<title>Cappuccino Mokken Creme 350 ml Amazonia Cream - 2-delig &#8226; UNRO<\/title>\n<meta name=\"description\" content=\"De Cappuccino Mokken Creme zijn ideaal voor jouw koffie of thee op elk moment van de dag of tijdens een high tea en bezorgen jou keer op keer een glimlach!\" \/>\n<meta name=\"robots\" content=\"index, follow, max-snippet:-1, max-image-preview:large, max-video-preview:-1\" \/>\n<link rel=\"canonical\" href=\"https:\/\/unrostore.com\/fr-fr\/boutique\/terrafina\/creme-damazonie-2\/tasses-a-cappuccino-amazonia-cream-2-pieces\/\" \/>\n<meta property=\"og:locale\" content=\"fr_FR\" \/>\n<meta property=\"og:type\" content=\"article\" \/>\n<meta property=\"og:title\" content=\"Cappuccino Mokken Creme 350 ml Amazonia Cream - 2-delig &#8226; UNRO\" \/>\n<meta property=\"og:description\" content=\"De Cappuccino Mokken Creme zijn ideaal voor jouw koffie of thee op elk moment van de dag of tijdens een high tea en bezorgen jou keer op keer een glimlach!\" \/>\n<meta property=\"og:url\" content=\"https:\/\/unrostore.com\/fr-fr\/boutique\/terrafina\/creme-damazonie-2\/tasses-a-cappuccino-amazonia-cream-2-pieces\/\" \/>\n<meta property=\"og:site_name\" content=\"UNRO\" \/>\n<meta property=\"article:modified_time\" content=\"2026-02-16T16:30:49+00:00\" \/>\n<meta property=\"og:image\" content=\"https:\/\/unrostore.com\/wp-content\/uploads\/2022\/10\/unro-portugees-servies-terrafina-amazonia-cream-cappuccino-mokken-2-delig.jpg\" \/>\n\t<meta property=\"og:image:width\" content=\"1440\" \/>\n\t<meta property=\"og:image:height\" content=\"1440\" \/>\n\t<meta property=\"og:image:type\" content=\"image\/jpeg\" \/>\n<meta name=\"twitter:card\" content=\"summary_large_image\" \/>\n<script type=\"application\/ld+json\" class=\"yoast-schema-graph\">{\"@context\":\"https:\\\/\\\/schema.org\",\"@graph\":[{\"@type\":\"WebPage\",\"@id\":\"https:\\\/\\\/unrostore.com\\\/shop\\\/terrafina\\\/amazonia-cream\\\/cappuccino-mokken-creme-amazonia-cream-2-delig\\\/\",\"url\":\"https:\\\/\\\/unrostore.com\\\/shop\\\/terrafina\\\/amazonia-cream\\\/cappuccino-mokken-creme-amazonia-cream-2-delig\\\/\",\"name\":\"Cappuccino Mokken Creme 350 ml Amazonia Cream - 2-delig &#8226; UNRO\",\"isPartOf\":{\"@id\":\"https:\\\/\\\/unrostore.com\\\/#website\"},\"primaryImageOfPage\":{\"@id\":\"https:\\\/\\\/unrostore.com\\\/shop\\\/terrafina\\\/amazonia-cream\\\/cappuccino-mokken-creme-amazonia-cream-2-delig\\\/#primaryimage\"},\"image\":{\"@id\":\"https:\\\/\\\/unrostore.com\\\/shop\\\/terrafina\\\/amazonia-cream\\\/cappuccino-mokken-creme-amazonia-cream-2-delig\\\/#primaryimage\"},\"thumbnailUrl\":\"https:\\\/\\\/unrostore.com\\\/wp-content\\\/uploads\\\/2022\\\/10\\\/unro-portugees-servies-terrafina-amazonia-cream-cappuccino-mokken-2-delig.jpg\",\"datePublished\":\"2022-10-15T19:20:57+00:00\",\"dateModified\":\"2026-02-16T16:30:49+00:00\",\"description\":\"De Cappuccino Mokken Creme zijn ideaal voor jouw koffie of thee op elk moment van de dag of tijdens een high tea en bezorgen jou keer op keer een glimlach!\",\"breadcrumb\":{\"@id\":\"https:\\\/\\\/unrostore.com\\\/shop\\\/terrafina\\\/amazonia-cream\\\/cappuccino-mokken-creme-amazonia-cream-2-delig\\\/#breadcrumb\"},\"inLanguage\":\"fr-FR\",\"potentialAction\":[{\"@type\":\"ReadAction\",\"target\":[\"https:\\\/\\\/unrostore.com\\\/shop\\\/terrafina\\\/amazonia-cream\\\/cappuccino-mokken-creme-amazonia-cream-2-delig\\\/\"]}]},{\"@type\":\"ImageObject\",\"inLanguage\":\"fr-FR\",\"@id\":\"https:\\\/\\\/unrostore.com\\\/shop\\\/terrafina\\\/amazonia-cream\\\/cappuccino-mokken-creme-amazonia-cream-2-delig\\\/#primaryimage\",\"url\":\"https:\\\/\\\/unrostore.com\\\/wp-content\\\/uploads\\\/2022\\\/10\\\/unro-portugees-servies-terrafina-amazonia-cream-cappuccino-mokken-2-delig.jpg\",\"contentUrl\":\"https:\\\/\\\/unrostore.com\\\/wp-content\\\/uploads\\\/2022\\\/10\\\/unro-portugees-servies-terrafina-amazonia-cream-cappuccino-mokken-2-delig.jpg\",\"width\":1440,\"height\":1440,\"caption\":\"Beige Mokken Amazonia Cream - 2-delig Portugees Keramiek Servies\"},{\"@type\":\"BreadcrumbList\",\"@id\":\"https:\\\/\\\/unrostore.com\\\/shop\\\/terrafina\\\/amazonia-cream\\\/cappuccino-mokken-creme-amazonia-cream-2-delig\\\/#breadcrumb\",\"itemListElement\":[{\"@type\":\"ListItem\",\"position\":1,\"name\":\"Home\",\"item\":\"https:\\\/\\\/unrostore.com\\\/\"},{\"@type\":\"ListItem\",\"position\":2,\"name\":\"Shop\",\"item\":\"https:\\\/\\\/unrostore.com\\\/shop\\\/\"},{\"@type\":\"ListItem\",\"position\":3,\"name\":\"Cappuccino Mokken Creme 350 ml Amazonia Cream &#8211; 2-delig\"}]},{\"@type\":\"WebSite\",\"@id\":\"https:\\\/\\\/unrostore.com\\\/#website\",\"url\":\"https:\\\/\\\/unrostore.com\\\/\",\"name\":\"UNRO\",\"description\":\"Portugees servies waar je blij van wordt!\",\"publisher\":{\"@id\":\"https:\\\/\\\/unrostore.com\\\/#organization\"},\"potentialAction\":[{\"@type\":\"SearchAction\",\"target\":{\"@type\":\"EntryPoint\",\"urlTemplate\":\"https:\\\/\\\/unrostore.com\\\/?s={search_term_string}\"},\"query-input\":{\"@type\":\"PropertyValueSpecification\",\"valueRequired\":true,\"valueName\":\"search_term_string\"}}],\"inLanguage\":\"fr-FR\"},{\"@type\":\"Organization\",\"@id\":\"https:\\\/\\\/unrostore.com\\\/#organization\",\"name\":\"UNRO\",\"url\":\"https:\\\/\\\/unrostore.com\\\/\",\"logo\":{\"@type\":\"ImageObject\",\"inLanguage\":\"fr-FR\",\"@id\":\"https:\\\/\\\/unrostore.com\\\/#\\\/schema\\\/logo\\\/image\\\/\",\"url\":\"https:\\\/\\\/unrostore.com\\\/wp-content\\\/uploads\\\/2022\\\/05\\\/Logo-UNRO.png\",\"contentUrl\":\"https:\\\/\\\/unrostore.com\\\/wp-content\\\/uploads\\\/2022\\\/05\\\/Logo-UNRO.png\",\"width\":605,\"height\":179,\"caption\":\"UNRO\"},\"image\":{\"@id\":\"https:\\\/\\\/unrostore.com\\\/#\\\/schema\\\/logo\\\/image\\\/\"}}]}<\/script>\n<!-- \/ Yoast SEO plugin. -->","yoast_head_json":{"title":"Tasses \u00e0 cappuccino cr\u00e8me 350 ml Amazonia cr\u00e8me - 2 pi\u00e8ces - UNRO","description":"Id\u00e9ales pour votre caf\u00e9 ou votre th\u00e9 \u00e0 tout moment de la journ\u00e9e ou lors d'un high tea, les tasses Cappuccino Creme vous donneront le sourire \u00e0 chaque fois !","robots":{"index":"index","follow":"follow","max-snippet":"max-snippet:-1","max-image-preview":"max-image-preview:large","max-video-preview":"max-video-preview:-1"},"canonical":"https:\/\/unrostore.com\/fr-fr\/boutique\/terrafina\/creme-damazonie-2\/tasses-a-cappuccino-amazonia-cream-2-pieces\/","og_locale":"fr_FR","og_type":"article","og_title":"Cappuccino Mokken Creme 350 ml Amazonia Cream - 2-delig &#8226; UNRO","og_description":"De Cappuccino Mokken Creme zijn ideaal voor jouw koffie of thee op elk moment van de dag of tijdens een high tea en bezorgen jou keer op keer een glimlach!","og_url":"https:\/\/unrostore.com\/fr-fr\/boutique\/terrafina\/creme-damazonie-2\/tasses-a-cappuccino-amazonia-cream-2-pieces\/","og_site_name":"UNRO","article_modified_time":"2026-02-16T16:30:49+00:00","og_image":[{"width":1440,"height":1440,"url":"https:\/\/unrostore.com\/wp-content\/uploads\/2022\/10\/unro-portugees-servies-terrafina-amazonia-cream-cappuccino-mokken-2-delig.jpg","type":"image\/jpeg"}],"twitter_card":"summary_large_image","schema":{"@context":"https:\/\/schema.org","@graph":[{"@type":"WebPage","@id":"https:\/\/unrostore.com\/shop\/terrafina\/amazonia-cream\/cappuccino-mokken-creme-amazonia-cream-2-delig\/","url":"https:\/\/unrostore.com\/shop\/terrafina\/amazonia-cream\/cappuccino-mokken-creme-amazonia-cream-2-delig\/","name":"Tasses \u00e0 cappuccino cr\u00e8me 350 ml Amazonia cr\u00e8me - 2 pi\u00e8ces - UNRO","isPartOf":{"@id":"https:\/\/unrostore.com\/#website"},"primaryImageOfPage":{"@id":"https:\/\/unrostore.com\/shop\/terrafina\/amazonia-cream\/cappuccino-mokken-creme-amazonia-cream-2-delig\/#primaryimage"},"image":{"@id":"https:\/\/unrostore.com\/shop\/terrafina\/amazonia-cream\/cappuccino-mokken-creme-amazonia-cream-2-delig\/#primaryimage"},"thumbnailUrl":"https:\/\/unrostore.com\/wp-content\/uploads\/2022\/10\/unro-portugees-servies-terrafina-amazonia-cream-cappuccino-mokken-2-delig.jpg","datePublished":"2022-10-15T19:20:57+00:00","dateModified":"2026-02-16T16:30:49+00:00","description":"Id\u00e9ales pour votre caf\u00e9 ou votre th\u00e9 \u00e0 tout moment de la journ\u00e9e ou lors d'un high tea, les tasses Cappuccino Creme vous donneront le sourire \u00e0 chaque fois !","breadcrumb":{"@id":"https:\/\/unrostore.com\/shop\/terrafina\/amazonia-cream\/cappuccino-mokken-creme-amazonia-cream-2-delig\/#breadcrumb"},"inLanguage":"fr-FR","potentialAction":[{"@type":"ReadAction","target":["https:\/\/unrostore.com\/shop\/terrafina\/amazonia-cream\/cappuccino-mokken-creme-amazonia-cream-2-delig\/"]}]},{"@type":"ImageObject","inLanguage":"fr-FR","@id":"https:\/\/unrostore.com\/shop\/terrafina\/amazonia-cream\/cappuccino-mokken-creme-amazonia-cream-2-delig\/#primaryimage","url":"https:\/\/unrostore.com\/wp-content\/uploads\/2022\/10\/unro-portugees-servies-terrafina-amazonia-cream-cappuccino-mokken-2-delig.jpg","contentUrl":"https:\/\/unrostore.com\/wp-content\/uploads\/2022\/10\/unro-portugees-servies-terrafina-amazonia-cream-cappuccino-mokken-2-delig.jpg","width":1440,"height":1440,"caption":"Beige Mokken Amazonia Cream - 2-delig Portugees Keramiek Servies"},{"@type":"BreadcrumbList","@id":"https:\/\/unrostore.com\/shop\/terrafina\/amazonia-cream\/cappuccino-mokken-creme-amazonia-cream-2-delig\/#breadcrumb","itemListElement":[{"@type":"ListItem","position":1,"name":"Home","item":"https:\/\/unrostore.com\/"},{"@type":"ListItem","position":2,"name":"Shop","item":"https:\/\/unrostore.com\/shop\/"},{"@type":"ListItem","position":3,"name":"Cappuccino Mokken Creme 350 ml Amazonia Cream &#8211; 2-delig"}]},{"@type":"WebSite","@id":"https:\/\/unrostore.com\/#website","url":"https:\/\/unrostore.com\/","name":"UNRO","description":"De la vaisselle portugaise qui vous rendra heureux !","publisher":{"@id":"https:\/\/unrostore.com\/#organization"},"potentialAction":[{"@type":"SearchAction","target":{"@type":"EntryPoint","urlTemplate":"https:\/\/unrostore.com\/?s={search_term_string}"},"query-input":{"@type":"PropertyValueSpecification","valueRequired":true,"valueName":"search_term_string"}}],"inLanguage":"fr-FR"},{"@type":"Organization","@id":"https:\/\/unrostore.com\/#organization","name":"UNRO","url":"https:\/\/unrostore.com\/","logo":{"@type":"ImageObject","inLanguage":"fr-FR","@id":"https:\/\/unrostore.com\/#\/schema\/logo\/image\/","url":"https:\/\/unrostore.com\/wp-content\/uploads\/2022\/05\/Logo-UNRO.png","contentUrl":"https:\/\/unrostore.com\/wp-content\/uploads\/2022\/05\/Logo-UNRO.png","width":605,"height":179,"caption":"UNRO"},"image":{"@id":"https:\/\/unrostore.com\/#\/schema\/logo\/image\/"}}]}},"_links":{"self":[{"href":"https:\/\/unrostore.com\/fr-fr\/wp-json\/wp\/v2\/product\/2140","targetHints":{"allow":["GET"]}}],"collection":[{"href":"https:\/\/unrostore.com\/fr-fr\/wp-json\/wp\/v2\/product"}],"about":[{"href":"https:\/\/unrostore.com\/fr-fr\/wp-json\/wp\/v2\/types\/product"}],"wp:featuredmedia":[{"embeddable":true,"href":"https:\/\/unrostore.com\/fr-fr\/wp-json\/wp\/v2\/media\/3590"}],"wp:attachment":[{"href":"https:\/\/unrostore.com\/fr-fr\/wp-json\/wp\/v2\/media?parent=2140"}],"wp:term":[{"taxonomy":"product_brand","embeddable":true,"href":"https:\/\/unrostore.com\/fr-fr\/wp-json\/wp\/v2\/product_brand?post=2140"},{"taxonomy":"product_cat","embeddable":true,"href":"https:\/\/unrostore.com\/fr-fr\/wp-json\/wp\/v2\/product_cat?post=2140"},{"taxonomy":"product_tag","embeddable":true,"href":"https:\/\/unrostore.com\/fr-fr\/wp-json\/wp\/v2\/product_tag?post=2140"}],"curies":[{"name":"wp","href":"https:\/\/api.w.org\/{rel}","templated":true}]}}