{"id":2124,"date":"2022-10-15T18:55:26","date_gmt":"2022-10-15T18:55:26","guid":{"rendered":"https:\/\/unrostore.com\/?post_type=product&#038;p=2124"},"modified":"2026-01-19T20:38:17","modified_gmt":"2026-01-19T20:38:17","slug":"set-de-vaisselle-amazonia-cream-4-personnes","status":"publish","type":"product","link":"https:\/\/unrostore.com\/fr-fr\/boutique\/terrafina\/creme-damazonie-2\/set-de-vaisselle-amazonia-cream-4-personnes\/","title":{"rendered":"Service de vaisselle cr\u00e8me Amazonia Cream - 4 personnes"},"content":{"rendered":"<h3>De prachtige Serviesset Creme Amazonia Cream \u2013 4 personen<\/h3>\n<p>La couleur cr\u00e8me<strong> Service de vaisselle cr\u00e8me Amazonia Cream - 4 personnes<\/strong> de <a href=\"https:\/\/www.terrafinastore.com\/en\/collections\/amazonia\">Terrafina<\/a> est fabriqu\u00e9 \u00e0 la main au Portugal en c\u00e9ramique de haute qualit\u00e9. <span style=\"font-weight: 400;\">Utilisez facilement l'ensemble de vaisselle s\u00e9par\u00e9ment lors de votre d\u00e9jeuner pour un usage quotidien ou, au contraire, combinez l'ensemble lorsque vous souhaitez donner un d\u00eener et impressionner. L'ensemble de vaisselle cr\u00e9e une harmonie sur votre table au d\u00e9jeuner ou au d\u00eener gr\u00e2ce \u00e0 sa belle couleur beige clair cr\u00e8me et s'agrandit facilement avec l'ensemble de vaisselle assorti. <a href=\"https:\/\/unrostore.com\/fr-fr\/boutique\/terrafina\/creme-damazonie-2\/amazonia-cream-espresso-kopjes-2-delig\/\">Tasses \u00e0 espresso Amazonia Cream<\/a>, <a href=\"https:\/\/unrostore.com\/fr-fr\/boutique\/terrafina\/creme-damazonie-2\/amazonia-cream-mokken-2-delig\/\">Mugs Amazonia Cream Cappuccino<\/a> ou le <a href=\"https:\/\/unrostore.com\/fr-fr\/boutique\/terrafina\/creme-damazonie-2\/amazonia-cream-serveerkom\/\">Bol de service Amazonia Cream<\/a>.<\/span><\/p>\n<p>\u00a0<\/p>\n<h3>C'est le num\u00e9ro que vous recevez<\/h3>\n<ul>\n<li>4x Bol  Amazonia Cream \u00f8 15 cm<\/li>\n<li>4x Assiette \u00e0 d\u00e9jeuner Amazonia Cream \u00f8 22.5 cm<\/li>\n<li>4x Assiette plate Amazonia Cream \u00f8 28.5 cm<\/li>\n<li>4x Terrafina bo\u00eete cadeau<\/li>\n<\/ul>\n<p>\u00a0<\/p>\n<p><em><strong>Duurzaam voor mens & milieu:<\/strong><br \/>\nChaque produit est unique car il est fabriqu\u00e9 \u00e0 la main.<br \/>\nL'impression et la texture peuvent donc diff\u00e9rer l\u00e9g\u00e8rement de la photo du produit.<\/em><\/p>","protected":false},"excerpt":{"rendered":"<div class=\"usps\"><i class=\"far fa-check-circle\"><\/i> R\u00e9sistant aux micro-ondes<br \/>\n<i class=\"far fa-check-circle\"><\/i> R\u00e9siste au four (jusqu'\u00e0 200 degr\u00e9s)<br \/>\n<i class=\"far fa-check-circle\"><\/i> Lavable au lave-vaisselle<br \/>\n<i class=\"far fa-thumbs-up\"><\/i> Fait \u00e0 la main<\/div>","protected":false},"featured_media":3603,"template":"","meta":[],"product_brand":[],"product_cat":[729,144,122,119],"product_tag":[647,145,768,618,653,125,337,767,646],"class_list":{"0":"post-2124","1":"product","2":"type-product","3":"status-publish","4":"has-post-thumbnail","6":"product_cat-12-delig-servies-schaaltjes","7":"product_cat-amazonia-cream","8":"product_cat-serviesset","9":"product_cat-terrafina","10":"product_tag-12-delige-serviesset","11":"product_tag-amazonia-cream","12":"product_tag-beige-serviesset","13":"product_tag-creme-serviesset","14":"product_tag-servies-creme","15":"product_tag-serviesset","16":"product_tag-serviesset-4-personen","17":"product_tag-serviesset-beige","18":"product_tag-serviesset-met-kommen","19":"product_shipping_class-pakket","21":"first","22":"outofstock","23":"sale","24":"taxable","25":"shipping-taxable","26":"purchasable","27":"product-type-simple"},"yoast_head":"<!-- This site is optimized with the Yoast SEO plugin v27.6 - https:\/\/yoast.com\/product\/yoast-seo-wordpress\/ -->\n<title>Serviesset Creme Amazonia Cream - 4 personen &#8226; UNRO<\/title>\n<meta name=\"description\" content=\"De Serviesset Creme Amazonia Cream zorgt voor harmonie op jouw tafel met zijn mooie creme kleur. Bekijk nu de gehele collectie exclusief bij UNRO.\" \/>\n<meta name=\"robots\" content=\"index, follow, max-snippet:-1, max-image-preview:large, max-video-preview:-1\" \/>\n<link rel=\"canonical\" href=\"https:\/\/unrostore.com\/fr-fr\/boutique\/terrafina\/creme-damazonie-2\/set-de-vaisselle-amazonia-cream-4-personnes\/\" \/>\n<meta property=\"og:locale\" content=\"fr_FR\" \/>\n<meta property=\"og:type\" content=\"article\" \/>\n<meta property=\"og:title\" content=\"Serviesset Creme Amazonia Cream - 4 personen &#8226; UNRO\" \/>\n<meta property=\"og:description\" content=\"De Serviesset Creme Amazonia Cream zorgt voor harmonie op jouw tafel met zijn mooie creme kleur. Bekijk nu de gehele collectie exclusief bij UNRO.\" \/>\n<meta property=\"og:url\" content=\"https:\/\/unrostore.com\/fr-fr\/boutique\/terrafina\/creme-damazonie-2\/set-de-vaisselle-amazonia-cream-4-personnes\/\" \/>\n<meta property=\"og:site_name\" content=\"UNRO\" \/>\n<meta property=\"article:modified_time\" content=\"2026-01-19T20:38:17+00:00\" \/>\n<meta property=\"og:image\" content=\"https:\/\/unrostore.com\/wp-content\/uploads\/2022\/10\/unro-portugees-servies-amazonia-cream-serviesset-4-personen-terrafina.jpg\" \/>\n\t<meta property=\"og:image:width\" content=\"1440\" \/>\n\t<meta property=\"og:image:height\" content=\"1440\" \/>\n\t<meta property=\"og:image:type\" content=\"image\/jpeg\" \/>\n<meta name=\"twitter:card\" content=\"summary_large_image\" \/>\n<script type=\"application\/ld+json\" class=\"yoast-schema-graph\">{\"@context\":\"https:\\\/\\\/schema.org\",\"@graph\":[{\"@type\":\"WebPage\",\"@id\":\"https:\\\/\\\/unrostore.com\\\/shop\\\/terrafina\\\/amazonia-cream\\\/serviesset-creme-amazonia-cream-4-personen\\\/\",\"url\":\"https:\\\/\\\/unrostore.com\\\/shop\\\/terrafina\\\/amazonia-cream\\\/serviesset-creme-amazonia-cream-4-personen\\\/\",\"name\":\"Serviesset Creme Amazonia Cream - 4 personen &#8226; UNRO\",\"isPartOf\":{\"@id\":\"https:\\\/\\\/unrostore.com\\\/#website\"},\"primaryImageOfPage\":{\"@id\":\"https:\\\/\\\/unrostore.com\\\/shop\\\/terrafina\\\/amazonia-cream\\\/serviesset-creme-amazonia-cream-4-personen\\\/#primaryimage\"},\"image\":{\"@id\":\"https:\\\/\\\/unrostore.com\\\/shop\\\/terrafina\\\/amazonia-cream\\\/serviesset-creme-amazonia-cream-4-personen\\\/#primaryimage\"},\"thumbnailUrl\":\"https:\\\/\\\/unrostore.com\\\/wp-content\\\/uploads\\\/2022\\\/10\\\/unro-portugees-servies-amazonia-cream-serviesset-4-personen-terrafina.jpg\",\"datePublished\":\"2022-10-15T18:55:26+00:00\",\"dateModified\":\"2026-01-19T20:38:17+00:00\",\"description\":\"De Serviesset Creme Amazonia Cream zorgt voor harmonie op jouw tafel met zijn mooie creme kleur. Bekijk nu de gehele collectie exclusief bij UNRO.\",\"breadcrumb\":{\"@id\":\"https:\\\/\\\/unrostore.com\\\/shop\\\/terrafina\\\/amazonia-cream\\\/serviesset-creme-amazonia-cream-4-personen\\\/#breadcrumb\"},\"inLanguage\":\"fr-FR\",\"potentialAction\":[{\"@type\":\"ReadAction\",\"target\":[\"https:\\\/\\\/unrostore.com\\\/shop\\\/terrafina\\\/amazonia-cream\\\/serviesset-creme-amazonia-cream-4-personen\\\/\"]}]},{\"@type\":\"ImageObject\",\"inLanguage\":\"fr-FR\",\"@id\":\"https:\\\/\\\/unrostore.com\\\/shop\\\/terrafina\\\/amazonia-cream\\\/serviesset-creme-amazonia-cream-4-personen\\\/#primaryimage\",\"url\":\"https:\\\/\\\/unrostore.com\\\/wp-content\\\/uploads\\\/2022\\\/10\\\/unro-portugees-servies-amazonia-cream-serviesset-4-personen-terrafina.jpg\",\"contentUrl\":\"https:\\\/\\\/unrostore.com\\\/wp-content\\\/uploads\\\/2022\\\/10\\\/unro-portugees-servies-amazonia-cream-serviesset-4-personen-terrafina.jpg\",\"width\":1440,\"height\":1440,\"caption\":\"Amazonia Cream Serviesset - 4-personen van Terrafina Portugees Keramiek Servies exclusief bij UNRO.\"},{\"@type\":\"BreadcrumbList\",\"@id\":\"https:\\\/\\\/unrostore.com\\\/shop\\\/terrafina\\\/amazonia-cream\\\/serviesset-creme-amazonia-cream-4-personen\\\/#breadcrumb\",\"itemListElement\":[{\"@type\":\"ListItem\",\"position\":1,\"name\":\"Home\",\"item\":\"https:\\\/\\\/unrostore.com\\\/\"},{\"@type\":\"ListItem\",\"position\":2,\"name\":\"Shop\",\"item\":\"https:\\\/\\\/unrostore.com\\\/shop\\\/\"},{\"@type\":\"ListItem\",\"position\":3,\"name\":\"Serviesset Creme Amazonia Cream &#8211; 4 personen\"}]},{\"@type\":\"WebSite\",\"@id\":\"https:\\\/\\\/unrostore.com\\\/#website\",\"url\":\"https:\\\/\\\/unrostore.com\\\/\",\"name\":\"UNRO\",\"description\":\"Portugees servies waar je blij van wordt!\",\"publisher\":{\"@id\":\"https:\\\/\\\/unrostore.com\\\/#organization\"},\"potentialAction\":[{\"@type\":\"SearchAction\",\"target\":{\"@type\":\"EntryPoint\",\"urlTemplate\":\"https:\\\/\\\/unrostore.com\\\/?s={search_term_string}\"},\"query-input\":{\"@type\":\"PropertyValueSpecification\",\"valueRequired\":true,\"valueName\":\"search_term_string\"}}],\"inLanguage\":\"fr-FR\"},{\"@type\":\"Organization\",\"@id\":\"https:\\\/\\\/unrostore.com\\\/#organization\",\"name\":\"UNRO\",\"url\":\"https:\\\/\\\/unrostore.com\\\/\",\"logo\":{\"@type\":\"ImageObject\",\"inLanguage\":\"fr-FR\",\"@id\":\"https:\\\/\\\/unrostore.com\\\/#\\\/schema\\\/logo\\\/image\\\/\",\"url\":\"https:\\\/\\\/unrostore.com\\\/wp-content\\\/uploads\\\/2022\\\/05\\\/Logo-UNRO.png\",\"contentUrl\":\"https:\\\/\\\/unrostore.com\\\/wp-content\\\/uploads\\\/2022\\\/05\\\/Logo-UNRO.png\",\"width\":605,\"height\":179,\"caption\":\"UNRO\"},\"image\":{\"@id\":\"https:\\\/\\\/unrostore.com\\\/#\\\/schema\\\/logo\\\/image\\\/\"}}]}<\/script>\n<!-- \/ Yoast SEO plugin. -->","yoast_head_json":{"title":"Service de vaisselle Cr\u00e8me Amazonia Cream - 4 personnes - UNRO","description":"Le service de table Creme Amazonia Cream cr\u00e9e une harmonie sur votre table avec sa belle couleur cr\u00e8me. D\u00e9couvrez la collection compl\u00e8te en exclusivit\u00e9 chez UNRO.","robots":{"index":"index","follow":"follow","max-snippet":"max-snippet:-1","max-image-preview":"max-image-preview:large","max-video-preview":"max-video-preview:-1"},"canonical":"https:\/\/unrostore.com\/fr-fr\/boutique\/terrafina\/creme-damazonie-2\/set-de-vaisselle-amazonia-cream-4-personnes\/","og_locale":"fr_FR","og_type":"article","og_title":"Serviesset Creme Amazonia Cream - 4 personen &#8226; UNRO","og_description":"De Serviesset Creme Amazonia Cream zorgt voor harmonie op jouw tafel met zijn mooie creme kleur. Bekijk nu de gehele collectie exclusief bij UNRO.","og_url":"https:\/\/unrostore.com\/fr-fr\/boutique\/terrafina\/creme-damazonie-2\/set-de-vaisselle-amazonia-cream-4-personnes\/","og_site_name":"UNRO","article_modified_time":"2026-01-19T20:38:17+00:00","og_image":[{"width":1440,"height":1440,"url":"https:\/\/unrostore.com\/wp-content\/uploads\/2022\/10\/unro-portugees-servies-amazonia-cream-serviesset-4-personen-terrafina.jpg","type":"image\/jpeg"}],"twitter_card":"summary_large_image","schema":{"@context":"https:\/\/schema.org","@graph":[{"@type":"WebPage","@id":"https:\/\/unrostore.com\/shop\/terrafina\/amazonia-cream\/serviesset-creme-amazonia-cream-4-personen\/","url":"https:\/\/unrostore.com\/shop\/terrafina\/amazonia-cream\/serviesset-creme-amazonia-cream-4-personen\/","name":"Service de vaisselle Cr\u00e8me Amazonia Cream - 4 personnes - UNRO","isPartOf":{"@id":"https:\/\/unrostore.com\/#website"},"primaryImageOfPage":{"@id":"https:\/\/unrostore.com\/shop\/terrafina\/amazonia-cream\/serviesset-creme-amazonia-cream-4-personen\/#primaryimage"},"image":{"@id":"https:\/\/unrostore.com\/shop\/terrafina\/amazonia-cream\/serviesset-creme-amazonia-cream-4-personen\/#primaryimage"},"thumbnailUrl":"https:\/\/unrostore.com\/wp-content\/uploads\/2022\/10\/unro-portugees-servies-amazonia-cream-serviesset-4-personen-terrafina.jpg","datePublished":"2022-10-15T18:55:26+00:00","dateModified":"2026-01-19T20:38:17+00:00","description":"Le service de table Creme Amazonia Cream cr\u00e9e une harmonie sur votre table avec sa belle couleur cr\u00e8me. D\u00e9couvrez la collection compl\u00e8te en exclusivit\u00e9 chez UNRO.","breadcrumb":{"@id":"https:\/\/unrostore.com\/shop\/terrafina\/amazonia-cream\/serviesset-creme-amazonia-cream-4-personen\/#breadcrumb"},"inLanguage":"fr-FR","potentialAction":[{"@type":"ReadAction","target":["https:\/\/unrostore.com\/shop\/terrafina\/amazonia-cream\/serviesset-creme-amazonia-cream-4-personen\/"]}]},{"@type":"ImageObject","inLanguage":"fr-FR","@id":"https:\/\/unrostore.com\/shop\/terrafina\/amazonia-cream\/serviesset-creme-amazonia-cream-4-personen\/#primaryimage","url":"https:\/\/unrostore.com\/wp-content\/uploads\/2022\/10\/unro-portugees-servies-amazonia-cream-serviesset-4-personen-terrafina.jpg","contentUrl":"https:\/\/unrostore.com\/wp-content\/uploads\/2022\/10\/unro-portugees-servies-amazonia-cream-serviesset-4-personen-terrafina.jpg","width":1440,"height":1440,"caption":"Amazonia Cream Serviesset - 4-personen van Terrafina Portugees Keramiek Servies exclusief bij UNRO."},{"@type":"BreadcrumbList","@id":"https:\/\/unrostore.com\/shop\/terrafina\/amazonia-cream\/serviesset-creme-amazonia-cream-4-personen\/#breadcrumb","itemListElement":[{"@type":"ListItem","position":1,"name":"Home","item":"https:\/\/unrostore.com\/"},{"@type":"ListItem","position":2,"name":"Shop","item":"https:\/\/unrostore.com\/shop\/"},{"@type":"ListItem","position":3,"name":"Serviesset Creme Amazonia Cream &#8211; 4 personen"}]},{"@type":"WebSite","@id":"https:\/\/unrostore.com\/#website","url":"https:\/\/unrostore.com\/","name":"UNRO","description":"De la vaisselle portugaise qui vous rendra heureux !","publisher":{"@id":"https:\/\/unrostore.com\/#organization"},"potentialAction":[{"@type":"SearchAction","target":{"@type":"EntryPoint","urlTemplate":"https:\/\/unrostore.com\/?s={search_term_string}"},"query-input":{"@type":"PropertyValueSpecification","valueRequired":true,"valueName":"search_term_string"}}],"inLanguage":"fr-FR"},{"@type":"Organization","@id":"https:\/\/unrostore.com\/#organization","name":"UNRO","url":"https:\/\/unrostore.com\/","logo":{"@type":"ImageObject","inLanguage":"fr-FR","@id":"https:\/\/unrostore.com\/#\/schema\/logo\/image\/","url":"https:\/\/unrostore.com\/wp-content\/uploads\/2022\/05\/Logo-UNRO.png","contentUrl":"https:\/\/unrostore.com\/wp-content\/uploads\/2022\/05\/Logo-UNRO.png","width":605,"height":179,"caption":"UNRO"},"image":{"@id":"https:\/\/unrostore.com\/#\/schema\/logo\/image\/"}}]}},"_links":{"self":[{"href":"https:\/\/unrostore.com\/fr-fr\/wp-json\/wp\/v2\/product\/2124","targetHints":{"allow":["GET"]}}],"collection":[{"href":"https:\/\/unrostore.com\/fr-fr\/wp-json\/wp\/v2\/product"}],"about":[{"href":"https:\/\/unrostore.com\/fr-fr\/wp-json\/wp\/v2\/types\/product"}],"wp:featuredmedia":[{"embeddable":true,"href":"https:\/\/unrostore.com\/fr-fr\/wp-json\/wp\/v2\/media\/3603"}],"wp:attachment":[{"href":"https:\/\/unrostore.com\/fr-fr\/wp-json\/wp\/v2\/media?parent=2124"}],"wp:term":[{"taxonomy":"product_brand","embeddable":true,"href":"https:\/\/unrostore.com\/fr-fr\/wp-json\/wp\/v2\/product_brand?post=2124"},{"taxonomy":"product_cat","embeddable":true,"href":"https:\/\/unrostore.com\/fr-fr\/wp-json\/wp\/v2\/product_cat?post=2124"},{"taxonomy":"product_tag","embeddable":true,"href":"https:\/\/unrostore.com\/fr-fr\/wp-json\/wp\/v2\/product_tag?post=2124"}],"curies":[{"name":"wp","href":"https:\/\/api.w.org\/{rel}","templated":true}]}}