{"id":2121,"date":"2022-10-15T18:25:09","date_gmt":"2022-10-15T18:25:09","guid":{"rendered":"https:\/\/unrostore.com\/?post_type=product&#038;p=2121"},"modified":"2026-01-19T20:38:17","modified_gmt":"2026-01-19T20:38:17","slug":"coupe-a-fruits-voile-blanc","status":"publish","type":"product","link":"https:\/\/unrostore.com\/fr-fr\/boutique\/terrafina\/voile\/coupe-a-fruits-voile-blanc\/","title":{"rendered":"Coupe \u00e0 fruits blancs Sail"},"content":{"rendered":"<h3>Le bol de fruits<strong> Voile blanche<\/strong> brille dans votre int\u00e9rieur !<\/h3>\n<p><span style=\"font-weight: 400;\">Bien entendu, votre service de table n'est pas complet sans les jolis objets de d\u00e9coration.<strong> Coupe \u00e0 fruits blancs Sail<\/strong>\u00a0de <a href=\"https:\/\/www.terrafinastore.com\/en\/collections\/sail\">Terrafina<\/a> dans lequel vous pouvez \u00e9galement servir vos salades. Ce grand saladier blanc sera du plus bel effet dans votre cuisine, sur l'\u00eelot de cuisine ou sur votre table \u00e0 manger et est suffisamment grand pour accueillir tous vos d\u00e9licieux plats. Ce magnifique saladier blanc et bleu fait main attirera tous les regards dans votre maison. <\/span><span style=\"font-weight: 400;\">Commandez le bol de service blanc et d\u00e9couvrez sa polyvalence ! Voir aussi le <a href=\"https:\/\/unrostore.com\/fr-fr\/boutique\/terrafina\/voile\/plats-de-service-blancs-voile\/\">Set de plats de service Sail<\/a> et de combiner les bols faits \u00e0 la main avec les <a href=\"https:\/\/unrostore.com\/fr-fr\/boutique\/terrafina\/voile\/sail-serviesset\/\">Service de table Sail bols - 4 personnes<\/a>, <a href=\"https:\/\/unrostore.com\/fr-fr\/boutique\/terrafina\/voile\/service-de-vaisselle-assiettes-a-pates-blanches-voile\/\">Service Sail avec assiettes \u00e0 p\u00e2tes<\/a> ou le <a href=\"https:\/\/unrostore.com\/fr-fr\/boutique\/terrafina\/voile\/vaisselle-blanche-16-pieces-avec-assiettes-a-pates-et-bols-voile\/\">Service de table Sail 16 pi\u00e8ces avec bols et assiettes \u00e0 p\u00e2tes<\/a>. Vous disposez ainsi d'un magnifique ensemble complet pour une table \u00e9l\u00e9gante. Saviez-vous que ce saladier blanc et bleu constitue \u00e9galement un tr\u00e8s beau cadeau d'anniversaire unique pour lui ou pour elle ?<\/span><\/p>\n<p>&nbsp;<\/p>\n<h3>C'est le num\u00e9ro que vous recevez<\/h3>\n<ul>\n<li>1x Corbeille \u00e0 fruits Sail \u00f8 26 cm<\/li>\n<li>1x Terrafina bo\u00eete cadeau<\/li>\n<\/ul>\n<p>&nbsp;<\/p>\n<p><em><strong>Durable pour les personnes et l'environnement :<\/strong><br \/>\nChaque produit est unique car il est fabriqu\u00e9 \u00e0 la main.<br \/>\nL'impression et la texture peuvent donc diff\u00e9rer l\u00e9g\u00e8rement de la photo du produit.<\/em><\/p>","protected":false},"excerpt":{"rendered":"<div class=\"usps\"><i class=\"far fa-check-circle\"><\/i> R\u00e9sistant aux micro-ondes<br \/>\n<i class=\"far fa-check-circle\"><\/i> R\u00e9siste au four (jusqu'\u00e0 200 degr\u00e9s)<br \/>\n<i class=\"far fa-check-circle\"><\/i> Lavable au lave-vaisselle<br \/>\n<i class=\"far fa-thumbs-up\"><\/i> Fait \u00e0 la main<\/div>","protected":false},"featured_media":7172,"template":"","meta":[],"product_brand":[],"product_cat":[869,273,657,135,138,119,139],"product_tag":[253,601,137,786,124,605,631,252,136,143,148,123,787,608],"class_list":{"0":"post-2121","1":"product","2":"type-product","3":"status-publish","4":"has-post-thumbnail","6":"product_cat-unro-cadeautips","7":"product_cat-decoratie","8":"product_cat-fruitschalen-en-saladeschalen","9":"product_cat-kommen","10":"product_cat-serveerschalen","11":"product_cat-terrafina","12":"product_cat-sail","13":"product_tag-fruitschaal","14":"product_tag-hapjesschaal","15":"product_tag-kom","16":"product_tag-ovenschaal","17":"product_tag-sail","18":"product_tag-saladekom","19":"product_tag-saladeschaal","20":"product_tag-schaal","21":"product_tag-serveer-kom","22":"product_tag-serveerkom","23":"product_tag-serveerschaal","24":"product_tag-terrafina","25":"product_tag-vuurvaste-schaal","26":"product_tag-witte","27":"product_shipping_class-pakket","29":"first","30":"outofstock","31":"sale","32":"taxable","33":"shipping-taxable","34":"purchasable","35":"product-type-simple"},"yoast_head":"<!-- This site is optimized with the Yoast SEO plugin v27.4 - https:\/\/yoast.com\/product\/yoast-seo-wordpress\/ -->\n<title>Fruitschaal Wit Sail &#8226; UNRO<\/title>\n<meta name=\"description\" content=\"Maak jouw serviesset compleet met de Fruitschaal Wit Sail om ook je salade in op te dienen. Bestel de Sail Serveerschaal voor jouw stijlvolle interieur!\" \/>\n<meta name=\"robots\" content=\"index, follow, max-snippet:-1, max-image-preview:large, max-video-preview:-1\" \/>\n<link rel=\"canonical\" href=\"https:\/\/unrostore.com\/fr-fr\/boutique\/terrafina\/voile\/coupe-a-fruits-voile-blanc\/\" \/>\n<meta property=\"og:locale\" content=\"fr_FR\" \/>\n<meta property=\"og:type\" content=\"article\" \/>\n<meta property=\"og:title\" content=\"Fruitschaal Wit Sail &#8226; UNRO\" \/>\n<meta property=\"og:description\" content=\"Maak jouw serviesset compleet met de Fruitschaal Wit Sail om ook je salade in op te dienen. Bestel de Sail Serveerschaal voor jouw stijlvolle interieur!\" \/>\n<meta property=\"og:url\" content=\"https:\/\/unrostore.com\/fr-fr\/boutique\/terrafina\/voile\/coupe-a-fruits-voile-blanc\/\" \/>\n<meta property=\"og:site_name\" content=\"UNRO\" \/>\n<meta property=\"article:modified_time\" content=\"2026-01-19T20:38:17+00:00\" \/>\n<meta property=\"og:image\" content=\"https:\/\/unrostore.com\/wp-content\/uploads\/2022\/10\/unro-fruitschaal-wit-blauwe-serveerschaal.webp\" \/>\n\t<meta property=\"og:image:width\" content=\"1000\" \/>\n\t<meta property=\"og:image:height\" content=\"1000\" \/>\n\t<meta property=\"og:image:type\" content=\"image\/webp\" \/>\n<meta name=\"twitter:card\" content=\"summary_large_image\" \/>\n<script type=\"application\/ld+json\" class=\"yoast-schema-graph\">{\"@context\":\"https:\\\/\\\/schema.org\",\"@graph\":[{\"@type\":\"WebPage\",\"@id\":\"https:\\\/\\\/unrostore.com\\\/shop\\\/terrafina\\\/sail\\\/fruitschaal-wit-sail\\\/\",\"url\":\"https:\\\/\\\/unrostore.com\\\/shop\\\/terrafina\\\/sail\\\/fruitschaal-wit-sail\\\/\",\"name\":\"Fruitschaal Wit Sail &#8226; UNRO\",\"isPartOf\":{\"@id\":\"https:\\\/\\\/unrostore.com\\\/#website\"},\"primaryImageOfPage\":{\"@id\":\"https:\\\/\\\/unrostore.com\\\/shop\\\/terrafina\\\/sail\\\/fruitschaal-wit-sail\\\/#primaryimage\"},\"image\":{\"@id\":\"https:\\\/\\\/unrostore.com\\\/shop\\\/terrafina\\\/sail\\\/fruitschaal-wit-sail\\\/#primaryimage\"},\"thumbnailUrl\":\"https:\\\/\\\/unrostore.com\\\/wp-content\\\/uploads\\\/2022\\\/10\\\/unro-fruitschaal-wit-blauwe-serveerschaal.webp\",\"datePublished\":\"2022-10-15T18:25:09+00:00\",\"dateModified\":\"2026-01-19T20:38:17+00:00\",\"description\":\"Maak jouw serviesset compleet met de Fruitschaal Wit Sail om ook je salade in op te dienen. Bestel de Sail Serveerschaal voor jouw stijlvolle interieur!\",\"breadcrumb\":{\"@id\":\"https:\\\/\\\/unrostore.com\\\/shop\\\/terrafina\\\/sail\\\/fruitschaal-wit-sail\\\/#breadcrumb\"},\"inLanguage\":\"fr-FR\",\"potentialAction\":[{\"@type\":\"ReadAction\",\"target\":[\"https:\\\/\\\/unrostore.com\\\/shop\\\/terrafina\\\/sail\\\/fruitschaal-wit-sail\\\/\"]}]},{\"@type\":\"ImageObject\",\"inLanguage\":\"fr-FR\",\"@id\":\"https:\\\/\\\/unrostore.com\\\/shop\\\/terrafina\\\/sail\\\/fruitschaal-wit-sail\\\/#primaryimage\",\"url\":\"https:\\\/\\\/unrostore.com\\\/wp-content\\\/uploads\\\/2022\\\/10\\\/unro-fruitschaal-wit-blauwe-serveerschaal.webp\",\"contentUrl\":\"https:\\\/\\\/unrostore.com\\\/wp-content\\\/uploads\\\/2022\\\/10\\\/unro-fruitschaal-wit-blauwe-serveerschaal.webp\",\"width\":1000,\"height\":1000,\"caption\":\"witte fruitschaal handgemaakt keramiek portugees servies\"},{\"@type\":\"BreadcrumbList\",\"@id\":\"https:\\\/\\\/unrostore.com\\\/shop\\\/terrafina\\\/sail\\\/fruitschaal-wit-sail\\\/#breadcrumb\",\"itemListElement\":[{\"@type\":\"ListItem\",\"position\":1,\"name\":\"Home\",\"item\":\"https:\\\/\\\/unrostore.com\\\/\"},{\"@type\":\"ListItem\",\"position\":2,\"name\":\"Shop\",\"item\":\"https:\\\/\\\/unrostore.com\\\/shop\\\/\"},{\"@type\":\"ListItem\",\"position\":3,\"name\":\"Fruitschaal Wit Sail\"}]},{\"@type\":\"WebSite\",\"@id\":\"https:\\\/\\\/unrostore.com\\\/#website\",\"url\":\"https:\\\/\\\/unrostore.com\\\/\",\"name\":\"UNRO\",\"description\":\"Portugees servies waar je blij van wordt!\",\"publisher\":{\"@id\":\"https:\\\/\\\/unrostore.com\\\/#organization\"},\"potentialAction\":[{\"@type\":\"SearchAction\",\"target\":{\"@type\":\"EntryPoint\",\"urlTemplate\":\"https:\\\/\\\/unrostore.com\\\/?s={search_term_string}\"},\"query-input\":{\"@type\":\"PropertyValueSpecification\",\"valueRequired\":true,\"valueName\":\"search_term_string\"}}],\"inLanguage\":\"fr-FR\"},{\"@type\":\"Organization\",\"@id\":\"https:\\\/\\\/unrostore.com\\\/#organization\",\"name\":\"UNRO\",\"url\":\"https:\\\/\\\/unrostore.com\\\/\",\"logo\":{\"@type\":\"ImageObject\",\"inLanguage\":\"fr-FR\",\"@id\":\"https:\\\/\\\/unrostore.com\\\/#\\\/schema\\\/logo\\\/image\\\/\",\"url\":\"https:\\\/\\\/unrostore.com\\\/wp-content\\\/uploads\\\/2022\\\/05\\\/Logo-UNRO.png\",\"contentUrl\":\"https:\\\/\\\/unrostore.com\\\/wp-content\\\/uploads\\\/2022\\\/05\\\/Logo-UNRO.png\",\"width\":605,\"height\":179,\"caption\":\"UNRO\"},\"image\":{\"@id\":\"https:\\\/\\\/unrostore.com\\\/#\\\/schema\\\/logo\\\/image\\\/\"}}]}<\/script>\n<!-- \/ Yoast SEO plugin. -->","yoast_head_json":{"title":"Coupe \u00e0 fruits Voile blanche - UNRO","description":"Compl\u00e9tez votre service de table avec le bol \u00e0 fruits blanc Sail pour servir votre salade. Commandez le bol de service Sail pour un int\u00e9rieur \u00e9l\u00e9gant !","robots":{"index":"index","follow":"follow","max-snippet":"max-snippet:-1","max-image-preview":"max-image-preview:large","max-video-preview":"max-video-preview:-1"},"canonical":"https:\/\/unrostore.com\/fr-fr\/boutique\/terrafina\/voile\/coupe-a-fruits-voile-blanc\/","og_locale":"fr_FR","og_type":"article","og_title":"Fruitschaal Wit Sail &#8226; UNRO","og_description":"Maak jouw serviesset compleet met de Fruitschaal Wit Sail om ook je salade in op te dienen. Bestel de Sail Serveerschaal voor jouw stijlvolle interieur!","og_url":"https:\/\/unrostore.com\/fr-fr\/boutique\/terrafina\/voile\/coupe-a-fruits-voile-blanc\/","og_site_name":"UNRO","article_modified_time":"2026-01-19T20:38:17+00:00","og_image":[{"width":1000,"height":1000,"url":"https:\/\/unrostore.com\/wp-content\/uploads\/2022\/10\/unro-fruitschaal-wit-blauwe-serveerschaal.webp","type":"image\/webp"}],"twitter_card":"summary_large_image","schema":{"@context":"https:\/\/schema.org","@graph":[{"@type":"WebPage","@id":"https:\/\/unrostore.com\/shop\/terrafina\/sail\/fruitschaal-wit-sail\/","url":"https:\/\/unrostore.com\/shop\/terrafina\/sail\/fruitschaal-wit-sail\/","name":"Coupe \u00e0 fruits Voile blanche - UNRO","isPartOf":{"@id":"https:\/\/unrostore.com\/#website"},"primaryImageOfPage":{"@id":"https:\/\/unrostore.com\/shop\/terrafina\/sail\/fruitschaal-wit-sail\/#primaryimage"},"image":{"@id":"https:\/\/unrostore.com\/shop\/terrafina\/sail\/fruitschaal-wit-sail\/#primaryimage"},"thumbnailUrl":"https:\/\/unrostore.com\/wp-content\/uploads\/2022\/10\/unro-fruitschaal-wit-blauwe-serveerschaal.webp","datePublished":"2022-10-15T18:25:09+00:00","dateModified":"2026-01-19T20:38:17+00:00","description":"Compl\u00e9tez votre service de table avec le bol \u00e0 fruits blanc Sail pour servir votre salade. Commandez le bol de service Sail pour un int\u00e9rieur \u00e9l\u00e9gant !","breadcrumb":{"@id":"https:\/\/unrostore.com\/shop\/terrafina\/sail\/fruitschaal-wit-sail\/#breadcrumb"},"inLanguage":"fr-FR","potentialAction":[{"@type":"ReadAction","target":["https:\/\/unrostore.com\/shop\/terrafina\/sail\/fruitschaal-wit-sail\/"]}]},{"@type":"ImageObject","inLanguage":"fr-FR","@id":"https:\/\/unrostore.com\/shop\/terrafina\/sail\/fruitschaal-wit-sail\/#primaryimage","url":"https:\/\/unrostore.com\/wp-content\/uploads\/2022\/10\/unro-fruitschaal-wit-blauwe-serveerschaal.webp","contentUrl":"https:\/\/unrostore.com\/wp-content\/uploads\/2022\/10\/unro-fruitschaal-wit-blauwe-serveerschaal.webp","width":1000,"height":1000,"caption":"witte fruitschaal handgemaakt keramiek portugees servies"},{"@type":"BreadcrumbList","@id":"https:\/\/unrostore.com\/shop\/terrafina\/sail\/fruitschaal-wit-sail\/#breadcrumb","itemListElement":[{"@type":"ListItem","position":1,"name":"Home","item":"https:\/\/unrostore.com\/"},{"@type":"ListItem","position":2,"name":"Shop","item":"https:\/\/unrostore.com\/shop\/"},{"@type":"ListItem","position":3,"name":"Fruitschaal Wit Sail"}]},{"@type":"WebSite","@id":"https:\/\/unrostore.com\/#website","url":"https:\/\/unrostore.com\/","name":"UNRO","description":"De la vaisselle portugaise qui vous rendra heureux !","publisher":{"@id":"https:\/\/unrostore.com\/#organization"},"potentialAction":[{"@type":"SearchAction","target":{"@type":"EntryPoint","urlTemplate":"https:\/\/unrostore.com\/?s={search_term_string}"},"query-input":{"@type":"PropertyValueSpecification","valueRequired":true,"valueName":"search_term_string"}}],"inLanguage":"fr-FR"},{"@type":"Organization","@id":"https:\/\/unrostore.com\/#organization","name":"UNRO","url":"https:\/\/unrostore.com\/","logo":{"@type":"ImageObject","inLanguage":"fr-FR","@id":"https:\/\/unrostore.com\/#\/schema\/logo\/image\/","url":"https:\/\/unrostore.com\/wp-content\/uploads\/2022\/05\/Logo-UNRO.png","contentUrl":"https:\/\/unrostore.com\/wp-content\/uploads\/2022\/05\/Logo-UNRO.png","width":605,"height":179,"caption":"UNRO"},"image":{"@id":"https:\/\/unrostore.com\/#\/schema\/logo\/image\/"}}]}},"_links":{"self":[{"href":"https:\/\/unrostore.com\/fr-fr\/wp-json\/wp\/v2\/product\/2121","targetHints":{"allow":["GET"]}}],"collection":[{"href":"https:\/\/unrostore.com\/fr-fr\/wp-json\/wp\/v2\/product"}],"about":[{"href":"https:\/\/unrostore.com\/fr-fr\/wp-json\/wp\/v2\/types\/product"}],"wp:featuredmedia":[{"embeddable":true,"href":"https:\/\/unrostore.com\/fr-fr\/wp-json\/wp\/v2\/media\/7172"}],"wp:attachment":[{"href":"https:\/\/unrostore.com\/fr-fr\/wp-json\/wp\/v2\/media?parent=2121"}],"wp:term":[{"taxonomy":"product_brand","embeddable":true,"href":"https:\/\/unrostore.com\/fr-fr\/wp-json\/wp\/v2\/product_brand?post=2121"},{"taxonomy":"product_cat","embeddable":true,"href":"https:\/\/unrostore.com\/fr-fr\/wp-json\/wp\/v2\/product_cat?post=2121"},{"taxonomy":"product_tag","embeddable":true,"href":"https:\/\/unrostore.com\/fr-fr\/wp-json\/wp\/v2\/product_tag?post=2121"}],"curies":[{"name":"wp","href":"https:\/\/api.w.org\/{rel}","templated":true}]}}