{"id":2118,"date":"2022-10-15T18:14:37","date_gmt":"2022-10-15T18:14:37","guid":{"rendered":"https:\/\/unrostore.com\/?post_type=product&#038;p=2118"},"modified":"2026-01-21T10:52:59","modified_gmt":"2026-01-21T10:52:59","slug":"tasses-a-expresso-blanches-voile-2-pieces","status":"publish","type":"product","link":"https:\/\/unrostore.com\/fr-fr\/boutique\/terrafina\/voile\/tasses-a-expresso-blanches-voile-2-pieces\/","title":{"rendered":"Tasses \u00e0 espresso blanches 100 ml Sail - 2 pi\u00e8ces"},"content":{"rendered":"<h3>Un d\u00e9licieux espresso dans les tasses \u00e0 espresso blanches Sail set of 2<\/h3>\n<p>Compl\u00e9tez votre service de table Sail en ajoutant cette magnifique <strong>Tasses \u00e0 espresso blanches Sail set of 2<\/strong>\u00a0de <a href=\"https:\/\/www.terrafinastore.com\/en\/collections\/sail\">Terrafina<\/a> \u00e0 ajouter \u00e0 votre collection. <span style=\"font-weight: 400;\">Le bonheur est dans les petites choses et les gestes de la vie, comme une tasse d'espresso. Le matin, pendant la journ\u00e9e ou juste apr\u00e8s le d\u00eener. Il est donc agr\u00e9able que votre tasse d'espresso soit assortie \u00e0 votre service de table. D\u00e9couvrez-le maintenant et commandez les Sail Small Mugs ou optez pour la variante plus grande, les Sail Small Mugs. <a href=\"https:\/\/unrostore.com\/fr-fr\/boutique\/terrafina\/voile\/sail-mokken-2-delig\/\">Tasses Sail - 2 pi\u00e8ces<\/a>!<\/span><\/p>\n<p>&nbsp;<\/p>\n<h3>C'est le nombre de mugs livr\u00e9s.<\/h3>\n<ul>\n<li>2 tasses \u00e0 espresso Sail (100 ml de volume buvable)<\/li>\n<li>1x Terrafina bo\u00eete cadeau<\/li>\n<\/ul>\n<p>&nbsp;<\/p>\n<p><em><strong>Durable pour les personnes et l'environnement<\/strong><br \/>\nChaque produit est unique car il est fabriqu\u00e9 \u00e0 la main.<br \/>\nL'impression et la texture peuvent donc diff\u00e9rer l\u00e9g\u00e8rement de la photo du produit.<\/em><\/p>","protected":false},"excerpt":{"rendered":"<div class=\"usps\"><i class=\"far fa-check-circle\"><\/i> R\u00e9sistant aux micro-ondes<br \/>\n<i class=\"far fa-check-circle\"><\/i> R\u00e9siste au four (jusqu'\u00e0 200 degr\u00e9s)<br \/>\n<i class=\"far fa-check-circle\"><\/i> Lavable au lave-vaisselle<br \/>\n<i class=\"far fa-thumbs-up\"><\/i> Fait \u00e0 la main<\/div>","protected":false},"featured_media":3612,"template":"","meta":[],"product_brand":[],"product_cat":[869,307,132,119,139],"product_tag":[301,193,660,742,689,134,142,703,690,302,338,652,114,130,124,785,224,651],"class_list":{"0":"post-2118","1":"product","2":"type-product","3":"status-publish","4":"has-post-thumbnail","6":"product_cat-unro-cadeautips","7":"product_cat-espresso-kopjes","8":"product_cat-kopjes-en-mokken","9":"product_cat-terrafina","10":"product_cat-sail","11":"product_tag-espresso","12":"product_tag-espresso-kopjes","13":"product_tag-espresso-kopjes-met-oor","14":"product_tag-espresso-mokken","15":"product_tag-high-tea","16":"product_tag-kleine-mok","17":"product_tag-kleine-mokken","18":"product_tag-koffie-met-gebak","19":"product_tag-koffietijd","20":"product_tag-kopjes","21":"product_tag-koppen","22":"product_tag-met-oor","23":"product_tag-mok","24":"product_tag-mokken","25":"product_tag-sail","26":"product_tag-set-van-2","27":"product_tag-wit","28":"product_tag-witte-espressokopjes","29":"product_shipping_class-pakket","31":"first","32":"instock","33":"sale","34":"taxable","35":"shipping-taxable","36":"purchasable","37":"product-type-simple"},"yoast_head":"<!-- This site is optimized with the Yoast SEO plugin v27.4 - https:\/\/yoast.com\/product\/yoast-seo-wordpress\/ -->\n<title>Witte Espressokopjes 100 ml Sail - 2-delig &#8226; UNRO<\/title>\n<meta name=\"description\" content=\"Geluk zit hem in de kleine dingen en gebaren in het leven. Zoals een heerlijke espresso uit de Witte Espressokopjes Sail op elk moment van de dag.\" \/>\n<meta name=\"robots\" content=\"index, follow, max-snippet:-1, max-image-preview:large, max-video-preview:-1\" \/>\n<link rel=\"canonical\" href=\"https:\/\/unrostore.com\/fr-fr\/boutique\/terrafina\/voile\/tasses-a-expresso-blanches-voile-2-pieces\/\" \/>\n<meta property=\"og:locale\" content=\"fr_FR\" \/>\n<meta property=\"og:type\" content=\"article\" \/>\n<meta property=\"og:title\" content=\"Witte Espressokopjes 100 ml Sail - 2-delig &#8226; UNRO\" \/>\n<meta property=\"og:description\" content=\"Geluk zit hem in de kleine dingen en gebaren in het leven. Zoals een heerlijke espresso uit de Witte Espressokopjes Sail op elk moment van de dag.\" \/>\n<meta property=\"og:url\" content=\"https:\/\/unrostore.com\/fr-fr\/boutique\/terrafina\/voile\/tasses-a-expresso-blanches-voile-2-pieces\/\" \/>\n<meta property=\"og:site_name\" content=\"UNRO\" \/>\n<meta property=\"article:modified_time\" content=\"2026-01-21T10:52:59+00:00\" \/>\n<meta property=\"og:image\" content=\"https:\/\/unrostore.com\/wp-content\/uploads\/2022\/10\/unro-portugees-servies-terrafina-sail-espresso-kopjes-2-delig.jpg\" \/>\n\t<meta property=\"og:image:width\" content=\"1440\" \/>\n\t<meta property=\"og:image:height\" content=\"1440\" \/>\n\t<meta property=\"og:image:type\" content=\"image\/jpeg\" \/>\n<meta name=\"twitter:card\" content=\"summary_large_image\" \/>\n<script type=\"application\/ld+json\" class=\"yoast-schema-graph\">{\"@context\":\"https:\\\/\\\/schema.org\",\"@graph\":[{\"@type\":\"WebPage\",\"@id\":\"https:\\\/\\\/unrostore.com\\\/shop\\\/terrafina\\\/sail\\\/witte-espressokopjes-sail-2-delig\\\/\",\"url\":\"https:\\\/\\\/unrostore.com\\\/shop\\\/terrafina\\\/sail\\\/witte-espressokopjes-sail-2-delig\\\/\",\"name\":\"Witte Espressokopjes 100 ml Sail - 2-delig &#8226; UNRO\",\"isPartOf\":{\"@id\":\"https:\\\/\\\/unrostore.com\\\/#website\"},\"primaryImageOfPage\":{\"@id\":\"https:\\\/\\\/unrostore.com\\\/shop\\\/terrafina\\\/sail\\\/witte-espressokopjes-sail-2-delig\\\/#primaryimage\"},\"image\":{\"@id\":\"https:\\\/\\\/unrostore.com\\\/shop\\\/terrafina\\\/sail\\\/witte-espressokopjes-sail-2-delig\\\/#primaryimage\"},\"thumbnailUrl\":\"https:\\\/\\\/unrostore.com\\\/wp-content\\\/uploads\\\/2022\\\/10\\\/unro-portugees-servies-terrafina-sail-espresso-kopjes-2-delig.jpg\",\"datePublished\":\"2022-10-15T18:14:37+00:00\",\"dateModified\":\"2026-01-21T10:52:59+00:00\",\"description\":\"Geluk zit hem in de kleine dingen en gebaren in het leven. Zoals een heerlijke espresso uit de Witte Espressokopjes Sail op elk moment van de dag.\",\"breadcrumb\":{\"@id\":\"https:\\\/\\\/unrostore.com\\\/shop\\\/terrafina\\\/sail\\\/witte-espressokopjes-sail-2-delig\\\/#breadcrumb\"},\"inLanguage\":\"fr-FR\",\"potentialAction\":[{\"@type\":\"ReadAction\",\"target\":[\"https:\\\/\\\/unrostore.com\\\/shop\\\/terrafina\\\/sail\\\/witte-espressokopjes-sail-2-delig\\\/\"]}]},{\"@type\":\"ImageObject\",\"inLanguage\":\"fr-FR\",\"@id\":\"https:\\\/\\\/unrostore.com\\\/shop\\\/terrafina\\\/sail\\\/witte-espressokopjes-sail-2-delig\\\/#primaryimage\",\"url\":\"https:\\\/\\\/unrostore.com\\\/wp-content\\\/uploads\\\/2022\\\/10\\\/unro-portugees-servies-terrafina-sail-espresso-kopjes-2-delig.jpg\",\"contentUrl\":\"https:\\\/\\\/unrostore.com\\\/wp-content\\\/uploads\\\/2022\\\/10\\\/unro-portugees-servies-terrafina-sail-espresso-kopjes-2-delig.jpg\",\"width\":1440,\"height\":1440,\"caption\":\"Sail Espresso Kopjes - 2-delig van Terrafina portugees keramiek Servies exclusief bij UNRO.\"},{\"@type\":\"BreadcrumbList\",\"@id\":\"https:\\\/\\\/unrostore.com\\\/shop\\\/terrafina\\\/sail\\\/witte-espressokopjes-sail-2-delig\\\/#breadcrumb\",\"itemListElement\":[{\"@type\":\"ListItem\",\"position\":1,\"name\":\"Home\",\"item\":\"https:\\\/\\\/unrostore.com\\\/\"},{\"@type\":\"ListItem\",\"position\":2,\"name\":\"Shop\",\"item\":\"https:\\\/\\\/unrostore.com\\\/shop\\\/\"},{\"@type\":\"ListItem\",\"position\":3,\"name\":\"Witte Espressokopjes 100 ml Sail &#8211; 2-delig\"}]},{\"@type\":\"WebSite\",\"@id\":\"https:\\\/\\\/unrostore.com\\\/#website\",\"url\":\"https:\\\/\\\/unrostore.com\\\/\",\"name\":\"UNRO\",\"description\":\"Portugees servies waar je blij van wordt!\",\"publisher\":{\"@id\":\"https:\\\/\\\/unrostore.com\\\/#organization\"},\"potentialAction\":[{\"@type\":\"SearchAction\",\"target\":{\"@type\":\"EntryPoint\",\"urlTemplate\":\"https:\\\/\\\/unrostore.com\\\/?s={search_term_string}\"},\"query-input\":{\"@type\":\"PropertyValueSpecification\",\"valueRequired\":true,\"valueName\":\"search_term_string\"}}],\"inLanguage\":\"fr-FR\"},{\"@type\":\"Organization\",\"@id\":\"https:\\\/\\\/unrostore.com\\\/#organization\",\"name\":\"UNRO\",\"url\":\"https:\\\/\\\/unrostore.com\\\/\",\"logo\":{\"@type\":\"ImageObject\",\"inLanguage\":\"fr-FR\",\"@id\":\"https:\\\/\\\/unrostore.com\\\/#\\\/schema\\\/logo\\\/image\\\/\",\"url\":\"https:\\\/\\\/unrostore.com\\\/wp-content\\\/uploads\\\/2022\\\/05\\\/Logo-UNRO.png\",\"contentUrl\":\"https:\\\/\\\/unrostore.com\\\/wp-content\\\/uploads\\\/2022\\\/05\\\/Logo-UNRO.png\",\"width\":605,\"height\":179,\"caption\":\"UNRO\"},\"image\":{\"@id\":\"https:\\\/\\\/unrostore.com\\\/#\\\/schema\\\/logo\\\/image\\\/\"}}]}<\/script>\n<!-- \/ Yoast SEO plugin. -->","yoast_head_json":{"title":"Tasses \u00e0 espresso blanches 100 ml Sail - 2 pi\u00e8ces - UNRO","description":"Le bonheur est dans les petites choses et les gestes de la vie. Comme un d\u00e9licieux espresso tir\u00e9 de la tasse Espresso blanche Sail \u00e0 tout moment de la journ\u00e9e.","robots":{"index":"index","follow":"follow","max-snippet":"max-snippet:-1","max-image-preview":"max-image-preview:large","max-video-preview":"max-video-preview:-1"},"canonical":"https:\/\/unrostore.com\/fr-fr\/boutique\/terrafina\/voile\/tasses-a-expresso-blanches-voile-2-pieces\/","og_locale":"fr_FR","og_type":"article","og_title":"Witte Espressokopjes 100 ml Sail - 2-delig &#8226; UNRO","og_description":"Geluk zit hem in de kleine dingen en gebaren in het leven. Zoals een heerlijke espresso uit de Witte Espressokopjes Sail op elk moment van de dag.","og_url":"https:\/\/unrostore.com\/fr-fr\/boutique\/terrafina\/voile\/tasses-a-expresso-blanches-voile-2-pieces\/","og_site_name":"UNRO","article_modified_time":"2026-01-21T10:52:59+00:00","og_image":[{"width":1440,"height":1440,"url":"https:\/\/unrostore.com\/wp-content\/uploads\/2022\/10\/unro-portugees-servies-terrafina-sail-espresso-kopjes-2-delig.jpg","type":"image\/jpeg"}],"twitter_card":"summary_large_image","schema":{"@context":"https:\/\/schema.org","@graph":[{"@type":"WebPage","@id":"https:\/\/unrostore.com\/shop\/terrafina\/sail\/witte-espressokopjes-sail-2-delig\/","url":"https:\/\/unrostore.com\/shop\/terrafina\/sail\/witte-espressokopjes-sail-2-delig\/","name":"Tasses \u00e0 espresso blanches 100 ml Sail - 2 pi\u00e8ces - UNRO","isPartOf":{"@id":"https:\/\/unrostore.com\/#website"},"primaryImageOfPage":{"@id":"https:\/\/unrostore.com\/shop\/terrafina\/sail\/witte-espressokopjes-sail-2-delig\/#primaryimage"},"image":{"@id":"https:\/\/unrostore.com\/shop\/terrafina\/sail\/witte-espressokopjes-sail-2-delig\/#primaryimage"},"thumbnailUrl":"https:\/\/unrostore.com\/wp-content\/uploads\/2022\/10\/unro-portugees-servies-terrafina-sail-espresso-kopjes-2-delig.jpg","datePublished":"2022-10-15T18:14:37+00:00","dateModified":"2026-01-21T10:52:59+00:00","description":"Le bonheur est dans les petites choses et les gestes de la vie. Comme un d\u00e9licieux espresso tir\u00e9 de la tasse Espresso blanche Sail \u00e0 tout moment de la journ\u00e9e.","breadcrumb":{"@id":"https:\/\/unrostore.com\/shop\/terrafina\/sail\/witte-espressokopjes-sail-2-delig\/#breadcrumb"},"inLanguage":"fr-FR","potentialAction":[{"@type":"ReadAction","target":["https:\/\/unrostore.com\/shop\/terrafina\/sail\/witte-espressokopjes-sail-2-delig\/"]}]},{"@type":"ImageObject","inLanguage":"fr-FR","@id":"https:\/\/unrostore.com\/shop\/terrafina\/sail\/witte-espressokopjes-sail-2-delig\/#primaryimage","url":"https:\/\/unrostore.com\/wp-content\/uploads\/2022\/10\/unro-portugees-servies-terrafina-sail-espresso-kopjes-2-delig.jpg","contentUrl":"https:\/\/unrostore.com\/wp-content\/uploads\/2022\/10\/unro-portugees-servies-terrafina-sail-espresso-kopjes-2-delig.jpg","width":1440,"height":1440,"caption":"Sail Espresso Kopjes - 2-delig van Terrafina portugees keramiek Servies exclusief bij UNRO."},{"@type":"BreadcrumbList","@id":"https:\/\/unrostore.com\/shop\/terrafina\/sail\/witte-espressokopjes-sail-2-delig\/#breadcrumb","itemListElement":[{"@type":"ListItem","position":1,"name":"Home","item":"https:\/\/unrostore.com\/"},{"@type":"ListItem","position":2,"name":"Shop","item":"https:\/\/unrostore.com\/shop\/"},{"@type":"ListItem","position":3,"name":"Witte Espressokopjes 100 ml Sail &#8211; 2-delig"}]},{"@type":"WebSite","@id":"https:\/\/unrostore.com\/#website","url":"https:\/\/unrostore.com\/","name":"UNRO","description":"De la vaisselle portugaise qui vous rendra heureux !","publisher":{"@id":"https:\/\/unrostore.com\/#organization"},"potentialAction":[{"@type":"SearchAction","target":{"@type":"EntryPoint","urlTemplate":"https:\/\/unrostore.com\/?s={search_term_string}"},"query-input":{"@type":"PropertyValueSpecification","valueRequired":true,"valueName":"search_term_string"}}],"inLanguage":"fr-FR"},{"@type":"Organization","@id":"https:\/\/unrostore.com\/#organization","name":"UNRO","url":"https:\/\/unrostore.com\/","logo":{"@type":"ImageObject","inLanguage":"fr-FR","@id":"https:\/\/unrostore.com\/#\/schema\/logo\/image\/","url":"https:\/\/unrostore.com\/wp-content\/uploads\/2022\/05\/Logo-UNRO.png","contentUrl":"https:\/\/unrostore.com\/wp-content\/uploads\/2022\/05\/Logo-UNRO.png","width":605,"height":179,"caption":"UNRO"},"image":{"@id":"https:\/\/unrostore.com\/#\/schema\/logo\/image\/"}}]}},"_links":{"self":[{"href":"https:\/\/unrostore.com\/fr-fr\/wp-json\/wp\/v2\/product\/2118","targetHints":{"allow":["GET"]}}],"collection":[{"href":"https:\/\/unrostore.com\/fr-fr\/wp-json\/wp\/v2\/product"}],"about":[{"href":"https:\/\/unrostore.com\/fr-fr\/wp-json\/wp\/v2\/types\/product"}],"wp:featuredmedia":[{"embeddable":true,"href":"https:\/\/unrostore.com\/fr-fr\/wp-json\/wp\/v2\/media\/3612"}],"wp:attachment":[{"href":"https:\/\/unrostore.com\/fr-fr\/wp-json\/wp\/v2\/media?parent=2118"}],"wp:term":[{"taxonomy":"product_brand","embeddable":true,"href":"https:\/\/unrostore.com\/fr-fr\/wp-json\/wp\/v2\/product_brand?post=2118"},{"taxonomy":"product_cat","embeddable":true,"href":"https:\/\/unrostore.com\/fr-fr\/wp-json\/wp\/v2\/product_cat?post=2118"},{"taxonomy":"product_tag","embeddable":true,"href":"https:\/\/unrostore.com\/fr-fr\/wp-json\/wp\/v2\/product_tag?post=2118"}],"curies":[{"name":"wp","href":"https:\/\/api.w.org\/{rel}","templated":true}]}}