{"id":2114,"date":"2022-10-15T18:02:36","date_gmt":"2022-10-15T18:02:36","guid":{"rendered":"https:\/\/unrostore.com\/?post_type=product&#038;p=2114"},"modified":"2026-03-28T19:17:55","modified_gmt":"2026-03-28T19:17:55","slug":"tasses-a-the-blanc-voile-2-pieces","status":"publish","type":"product","link":"https:\/\/unrostore.com\/fr-fr\/boutique\/terrafina\/voile\/tasses-a-the-blanc-voile-2-pieces\/","title":{"rendered":"Tasses \u00e0 th\u00e9 blanches 450 ml Sail - 2 pi\u00e8ces"},"content":{"rendered":"<h3>De d\u00e9licieux moments de caf\u00e9 et de th\u00e9 avec les tasses \u00e0 th\u00e9 White Sail Set of 2<\/h3>\n<p>Compl\u00e9tez votre service de table Sail en ajoutant cette magnifique<strong> Tasses \u00e0 th\u00e9 White Sail <\/strong>Set de 2 en portugais <a href=\"https:\/\/www.terrafinastore.com\/en\/collections\/sail\">Terrafina<\/a> \u00e0 ajouter \u00e0 votre collection. <span style=\"font-weight: 400;\">Ces tasses en c\u00e9ramique fabriqu\u00e9es \u00e0 la main en blanc et bleu sont id\u00e9ales pour votre chai latte, latte macchiato, cappuccino ou caf\u00e9 quotidien \u00e0 l'heure du caf\u00e9 ou du th\u00e9, qui devient alors encore plus d\u00e9licat et sp\u00e9cial. Appr\u00e9ciez les petites choses qui rendent la vie un peu plus sp\u00e9ciale, comme un th\u00e9 en t\u00eate-\u00e0-t\u00eate avec des amis ou la famille. Permettez-vous de vous d\u00e9tendre et de vous \u00e9vader de l'instant pr\u00e9sent gr\u00e2ce \u00e0 ces grandes tasses en c\u00e9ramique blanche ! <\/span>Achetez ce set de 2 tasses \u00e0 cappuccino blanches et recevez une bo\u00eete cadeau gratuite. Nous proposons \u00e9galement ces tasses dans une variante plus petite pour les amateurs d'espresso : <a href=\"https:\/\/unrostore.com\/fr-fr\/boutique\/terrafina\/voile\/sail-kleine-mokken-2-delig\/\">Tasses \u00e0 espresso Sail - 2 pi\u00e8ces<\/a>.<\/p>\n<p>&nbsp;<\/p>\n<h3>C'est le nombre de mugs que vous recevrez :<\/h3>\n<ul>\n<li>2 tasses \u00e0 th\u00e9 Sail (capacit\u00e9 de 450 ml)<\/li>\n<li>1x Terrafina bo\u00eete cadeau<\/li>\n<\/ul>\n<p>&nbsp;<\/p>\n<p><em><strong>Durable pour les personnes et l'environnement<\/strong><br \/>\nChaque produit est unique car il est fabriqu\u00e9 \u00e0 la main.<br \/>\nL'impression et la texture peuvent donc diff\u00e9rer l\u00e9g\u00e8rement de la photo du produit.<\/em><\/p>","protected":false},"excerpt":{"rendered":"<div class=\"usps\"><i class=\"far fa-check-circle\"><\/i> R\u00e9sistant aux micro-ondes<br \/>\n<i class=\"far fa-check-circle\"><\/i> R\u00e9siste au four (jusqu'\u00e0 200 degr\u00e9s)<br \/>\n<i class=\"far fa-check-circle\"><\/i> Lavable au lave-vaisselle<br \/>\n<i class=\"far fa-thumbs-up\"><\/i> Fait \u00e0 la main<\/div>","protected":false},"featured_media":3615,"template":"","meta":[],"product_brand":[],"product_cat":[869,316,132,871,119,139],"product_tag":[784,280,309,634,639,638,626,633,114,130,124,123,637,632,224,783],"class_list":{"0":"post-2114","1":"product","2":"type-product","3":"status-publish","4":"has-post-thumbnail","6":"product_cat-unro-cadeautips","7":"product_cat-cappuccino-mokken","8":"product_cat-kopjes-en-mokken","9":"product_cat-unro-populair-portugees-keramiek","10":"product_cat-terrafina","11":"product_cat-sail","12":"product_tag-blauw-wit","13":"product_tag-cappuccino","14":"product_tag-cappuccino-mokken","15":"product_tag-chai-latte","16":"product_tag-grote-mokken","17":"product_tag-koffiekopjes","18":"product_tag-koffiemokken","19":"product_tag-latte-macchiato","20":"product_tag-mok","21":"product_tag-mokken","22":"product_tag-sail","23":"product_tag-terrafina","24":"product_tag-theekopjes","25":"product_tag-theemokken","26":"product_tag-wit","27":"product_tag-wit-met-blauw","28":"product_shipping_class-pakket","30":"first","31":"outofstock","32":"sale","33":"taxable","34":"shipping-taxable","35":"purchasable","36":"product-type-simple"},"yoast_head":"<!-- This site is optimized with the Yoast SEO plugin v27.4 - https:\/\/yoast.com\/product\/yoast-seo-wordpress\/ -->\n<title>Theemokken Wit 450 ml Sail - 2-delig &#8226; UNRO<\/title>\n<meta name=\"description\" content=\"De theemokken wit Sail zijn ideaal voor jouw dagelijkse koffietijd of thee moment. Kom even tot rust met de Sail Thee Mokken tijdens een high tea!\" \/>\n<meta name=\"robots\" content=\"index, follow, max-snippet:-1, max-image-preview:large, max-video-preview:-1\" \/>\n<link rel=\"canonical\" href=\"https:\/\/unrostore.com\/fr-fr\/boutique\/terrafina\/voile\/tasses-a-the-blanc-voile-2-pieces\/\" \/>\n<meta property=\"og:locale\" content=\"fr_FR\" \/>\n<meta property=\"og:type\" content=\"article\" \/>\n<meta property=\"og:title\" content=\"Theemokken Wit 450 ml Sail - 2-delig &#8226; UNRO\" \/>\n<meta property=\"og:description\" content=\"De theemokken wit Sail zijn ideaal voor jouw dagelijkse koffietijd of thee moment. Kom even tot rust met de Sail Thee Mokken tijdens een high tea!\" \/>\n<meta property=\"og:url\" content=\"https:\/\/unrostore.com\/fr-fr\/boutique\/terrafina\/voile\/tasses-a-the-blanc-voile-2-pieces\/\" \/>\n<meta property=\"og:site_name\" content=\"UNRO\" \/>\n<meta property=\"article:modified_time\" content=\"2026-03-28T19:17:55+00:00\" \/>\n<meta property=\"og:image\" content=\"https:\/\/unrostore.com\/wp-content\/uploads\/2022\/10\/unro-portugees-servies-terrafina-sail-cappuccino-mokken-2-delig.jpg\" \/>\n\t<meta property=\"og:image:width\" content=\"1440\" \/>\n\t<meta property=\"og:image:height\" content=\"1440\" \/>\n\t<meta property=\"og:image:type\" content=\"image\/jpeg\" \/>\n<meta name=\"twitter:card\" content=\"summary_large_image\" \/>\n<script type=\"application\/ld+json\" class=\"yoast-schema-graph\">{\"@context\":\"https:\\\/\\\/schema.org\",\"@graph\":[{\"@type\":\"WebPage\",\"@id\":\"https:\\\/\\\/unrostore.com\\\/shop\\\/terrafina\\\/sail\\\/theemokken-wit-sail-2-delig\\\/\",\"url\":\"https:\\\/\\\/unrostore.com\\\/shop\\\/terrafina\\\/sail\\\/theemokken-wit-sail-2-delig\\\/\",\"name\":\"Theemokken Wit 450 ml Sail - 2-delig &#8226; UNRO\",\"isPartOf\":{\"@id\":\"https:\\\/\\\/unrostore.com\\\/#website\"},\"primaryImageOfPage\":{\"@id\":\"https:\\\/\\\/unrostore.com\\\/shop\\\/terrafina\\\/sail\\\/theemokken-wit-sail-2-delig\\\/#primaryimage\"},\"image\":{\"@id\":\"https:\\\/\\\/unrostore.com\\\/shop\\\/terrafina\\\/sail\\\/theemokken-wit-sail-2-delig\\\/#primaryimage\"},\"thumbnailUrl\":\"https:\\\/\\\/unrostore.com\\\/wp-content\\\/uploads\\\/2022\\\/10\\\/unro-portugees-servies-terrafina-sail-cappuccino-mokken-2-delig.jpg\",\"datePublished\":\"2022-10-15T18:02:36+00:00\",\"dateModified\":\"2026-03-28T19:17:55+00:00\",\"description\":\"De theemokken wit Sail zijn ideaal voor jouw dagelijkse koffietijd of thee moment. Kom even tot rust met de Sail Thee Mokken tijdens een high tea!\",\"breadcrumb\":{\"@id\":\"https:\\\/\\\/unrostore.com\\\/shop\\\/terrafina\\\/sail\\\/theemokken-wit-sail-2-delig\\\/#breadcrumb\"},\"inLanguage\":\"fr-FR\",\"potentialAction\":[{\"@type\":\"ReadAction\",\"target\":[\"https:\\\/\\\/unrostore.com\\\/shop\\\/terrafina\\\/sail\\\/theemokken-wit-sail-2-delig\\\/\"]}]},{\"@type\":\"ImageObject\",\"inLanguage\":\"fr-FR\",\"@id\":\"https:\\\/\\\/unrostore.com\\\/shop\\\/terrafina\\\/sail\\\/theemokken-wit-sail-2-delig\\\/#primaryimage\",\"url\":\"https:\\\/\\\/unrostore.com\\\/wp-content\\\/uploads\\\/2022\\\/10\\\/unro-portugees-servies-terrafina-sail-cappuccino-mokken-2-delig.jpg\",\"contentUrl\":\"https:\\\/\\\/unrostore.com\\\/wp-content\\\/uploads\\\/2022\\\/10\\\/unro-portugees-servies-terrafina-sail-cappuccino-mokken-2-delig.jpg\",\"width\":1440,\"height\":1440,\"caption\":\"Witte Theemokken Sail set van 2 Portugees Keramiek Servies\"},{\"@type\":\"BreadcrumbList\",\"@id\":\"https:\\\/\\\/unrostore.com\\\/shop\\\/terrafina\\\/sail\\\/theemokken-wit-sail-2-delig\\\/#breadcrumb\",\"itemListElement\":[{\"@type\":\"ListItem\",\"position\":1,\"name\":\"Home\",\"item\":\"https:\\\/\\\/unrostore.com\\\/\"},{\"@type\":\"ListItem\",\"position\":2,\"name\":\"Shop\",\"item\":\"https:\\\/\\\/unrostore.com\\\/shop\\\/\"},{\"@type\":\"ListItem\",\"position\":3,\"name\":\"Theemokken Wit 450 ml Sail &#8211; 2-delig\"}]},{\"@type\":\"WebSite\",\"@id\":\"https:\\\/\\\/unrostore.com\\\/#website\",\"url\":\"https:\\\/\\\/unrostore.com\\\/\",\"name\":\"UNRO\",\"description\":\"Portugees servies waar je blij van wordt!\",\"publisher\":{\"@id\":\"https:\\\/\\\/unrostore.com\\\/#organization\"},\"potentialAction\":[{\"@type\":\"SearchAction\",\"target\":{\"@type\":\"EntryPoint\",\"urlTemplate\":\"https:\\\/\\\/unrostore.com\\\/?s={search_term_string}\"},\"query-input\":{\"@type\":\"PropertyValueSpecification\",\"valueRequired\":true,\"valueName\":\"search_term_string\"}}],\"inLanguage\":\"fr-FR\"},{\"@type\":\"Organization\",\"@id\":\"https:\\\/\\\/unrostore.com\\\/#organization\",\"name\":\"UNRO\",\"url\":\"https:\\\/\\\/unrostore.com\\\/\",\"logo\":{\"@type\":\"ImageObject\",\"inLanguage\":\"fr-FR\",\"@id\":\"https:\\\/\\\/unrostore.com\\\/#\\\/schema\\\/logo\\\/image\\\/\",\"url\":\"https:\\\/\\\/unrostore.com\\\/wp-content\\\/uploads\\\/2022\\\/05\\\/Logo-UNRO.png\",\"contentUrl\":\"https:\\\/\\\/unrostore.com\\\/wp-content\\\/uploads\\\/2022\\\/05\\\/Logo-UNRO.png\",\"width\":605,\"height\":179,\"caption\":\"UNRO\"},\"image\":{\"@id\":\"https:\\\/\\\/unrostore.com\\\/#\\\/schema\\\/logo\\\/image\\\/\"}}]}<\/script>\n<!-- \/ Yoast SEO plugin. -->","yoast_head_json":{"title":"Tasses \u00e0 th\u00e9 blanches 450 ml Sail - 2 pi\u00e8ces - UNRO","description":"Les tasses \u00e0 th\u00e9 blanches Sail sont id\u00e9ales pour votre caf\u00e9 quotidien ou votre moment de th\u00e9. D\u00e9tendez-vous avec les tasses \u00e0 th\u00e9 Sail lors d'un high tea !","robots":{"index":"index","follow":"follow","max-snippet":"max-snippet:-1","max-image-preview":"max-image-preview:large","max-video-preview":"max-video-preview:-1"},"canonical":"https:\/\/unrostore.com\/fr-fr\/boutique\/terrafina\/voile\/tasses-a-the-blanc-voile-2-pieces\/","og_locale":"fr_FR","og_type":"article","og_title":"Theemokken Wit 450 ml Sail - 2-delig &#8226; UNRO","og_description":"De theemokken wit Sail zijn ideaal voor jouw dagelijkse koffietijd of thee moment. Kom even tot rust met de Sail Thee Mokken tijdens een high tea!","og_url":"https:\/\/unrostore.com\/fr-fr\/boutique\/terrafina\/voile\/tasses-a-the-blanc-voile-2-pieces\/","og_site_name":"UNRO","article_modified_time":"2026-03-28T19:17:55+00:00","og_image":[{"width":1440,"height":1440,"url":"https:\/\/unrostore.com\/wp-content\/uploads\/2022\/10\/unro-portugees-servies-terrafina-sail-cappuccino-mokken-2-delig.jpg","type":"image\/jpeg"}],"twitter_card":"summary_large_image","schema":{"@context":"https:\/\/schema.org","@graph":[{"@type":"WebPage","@id":"https:\/\/unrostore.com\/shop\/terrafina\/sail\/theemokken-wit-sail-2-delig\/","url":"https:\/\/unrostore.com\/shop\/terrafina\/sail\/theemokken-wit-sail-2-delig\/","name":"Tasses \u00e0 th\u00e9 blanches 450 ml Sail - 2 pi\u00e8ces - UNRO","isPartOf":{"@id":"https:\/\/unrostore.com\/#website"},"primaryImageOfPage":{"@id":"https:\/\/unrostore.com\/shop\/terrafina\/sail\/theemokken-wit-sail-2-delig\/#primaryimage"},"image":{"@id":"https:\/\/unrostore.com\/shop\/terrafina\/sail\/theemokken-wit-sail-2-delig\/#primaryimage"},"thumbnailUrl":"https:\/\/unrostore.com\/wp-content\/uploads\/2022\/10\/unro-portugees-servies-terrafina-sail-cappuccino-mokken-2-delig.jpg","datePublished":"2022-10-15T18:02:36+00:00","dateModified":"2026-03-28T19:17:55+00:00","description":"Les tasses \u00e0 th\u00e9 blanches Sail sont id\u00e9ales pour votre caf\u00e9 quotidien ou votre moment de th\u00e9. D\u00e9tendez-vous avec les tasses \u00e0 th\u00e9 Sail lors d'un high tea !","breadcrumb":{"@id":"https:\/\/unrostore.com\/shop\/terrafina\/sail\/theemokken-wit-sail-2-delig\/#breadcrumb"},"inLanguage":"fr-FR","potentialAction":[{"@type":"ReadAction","target":["https:\/\/unrostore.com\/shop\/terrafina\/sail\/theemokken-wit-sail-2-delig\/"]}]},{"@type":"ImageObject","inLanguage":"fr-FR","@id":"https:\/\/unrostore.com\/shop\/terrafina\/sail\/theemokken-wit-sail-2-delig\/#primaryimage","url":"https:\/\/unrostore.com\/wp-content\/uploads\/2022\/10\/unro-portugees-servies-terrafina-sail-cappuccino-mokken-2-delig.jpg","contentUrl":"https:\/\/unrostore.com\/wp-content\/uploads\/2022\/10\/unro-portugees-servies-terrafina-sail-cappuccino-mokken-2-delig.jpg","width":1440,"height":1440,"caption":"Witte Theemokken Sail set van 2 Portugees Keramiek Servies"},{"@type":"BreadcrumbList","@id":"https:\/\/unrostore.com\/shop\/terrafina\/sail\/theemokken-wit-sail-2-delig\/#breadcrumb","itemListElement":[{"@type":"ListItem","position":1,"name":"Home","item":"https:\/\/unrostore.com\/"},{"@type":"ListItem","position":2,"name":"Shop","item":"https:\/\/unrostore.com\/shop\/"},{"@type":"ListItem","position":3,"name":"Theemokken Wit 450 ml Sail &#8211; 2-delig"}]},{"@type":"WebSite","@id":"https:\/\/unrostore.com\/#website","url":"https:\/\/unrostore.com\/","name":"UNRO","description":"De la vaisselle portugaise qui vous rendra heureux !","publisher":{"@id":"https:\/\/unrostore.com\/#organization"},"potentialAction":[{"@type":"SearchAction","target":{"@type":"EntryPoint","urlTemplate":"https:\/\/unrostore.com\/?s={search_term_string}"},"query-input":{"@type":"PropertyValueSpecification","valueRequired":true,"valueName":"search_term_string"}}],"inLanguage":"fr-FR"},{"@type":"Organization","@id":"https:\/\/unrostore.com\/#organization","name":"UNRO","url":"https:\/\/unrostore.com\/","logo":{"@type":"ImageObject","inLanguage":"fr-FR","@id":"https:\/\/unrostore.com\/#\/schema\/logo\/image\/","url":"https:\/\/unrostore.com\/wp-content\/uploads\/2022\/05\/Logo-UNRO.png","contentUrl":"https:\/\/unrostore.com\/wp-content\/uploads\/2022\/05\/Logo-UNRO.png","width":605,"height":179,"caption":"UNRO"},"image":{"@id":"https:\/\/unrostore.com\/#\/schema\/logo\/image\/"}}]}},"_links":{"self":[{"href":"https:\/\/unrostore.com\/fr-fr\/wp-json\/wp\/v2\/product\/2114","targetHints":{"allow":["GET"]}}],"collection":[{"href":"https:\/\/unrostore.com\/fr-fr\/wp-json\/wp\/v2\/product"}],"about":[{"href":"https:\/\/unrostore.com\/fr-fr\/wp-json\/wp\/v2\/types\/product"}],"wp:featuredmedia":[{"embeddable":true,"href":"https:\/\/unrostore.com\/fr-fr\/wp-json\/wp\/v2\/media\/3615"}],"wp:attachment":[{"href":"https:\/\/unrostore.com\/fr-fr\/wp-json\/wp\/v2\/media?parent=2114"}],"wp:term":[{"taxonomy":"product_brand","embeddable":true,"href":"https:\/\/unrostore.com\/fr-fr\/wp-json\/wp\/v2\/product_brand?post=2114"},{"taxonomy":"product_cat","embeddable":true,"href":"https:\/\/unrostore.com\/fr-fr\/wp-json\/wp\/v2\/product_cat?post=2114"},{"taxonomy":"product_tag","embeddable":true,"href":"https:\/\/unrostore.com\/fr-fr\/wp-json\/wp\/v2\/product_tag?post=2114"}],"curies":[{"name":"wp","href":"https:\/\/api.w.org\/{rel}","templated":true}]}}