{"id":2068,"date":"2022-10-14T10:43:41","date_gmt":"2022-10-14T10:43:41","guid":{"rendered":"https:\/\/unrostore.com\/?post_type=product&#038;p=2068"},"modified":"2026-01-19T20:38:18","modified_gmt":"2026-01-19T20:38:18","slug":"coraux-colores-en-forme-de-coupe-de-fruits","status":"publish","type":"product","link":"https:\/\/unrostore.com\/fr-fr\/boutique\/terrafina\/coraux\/coraux-colores-en-forme-de-coupe-de-fruits\/","title":{"rendered":"Coupes de fruits color\u00e9s Corals"},"content":{"rendered":"<h3>Coupes de fruits color\u00e9s Corals<\/h3>\n<p>Le\u00a0<strong>color\u00e9<\/strong>\u00a0<strong>coupe de fruits Corals<\/strong> est fabriqu\u00e9 \u00e0 la main au Portugal en c\u00e9ramique de haute qualit\u00e9 et appartient \u00e0 la marque <a href=\"https:\/\/www.terrafinastore.com\/en\/collections\/corals\">Terrafina<\/a>. <span style=\"font-weight: 400;\">Avec les c\u00e9ramiques color\u00e9es de la collection de vaisselle Corals, votre table est non seulement joliment dress\u00e9e, mais tout le monde peut \u00e9galement appr\u00e9cier votre plat. Vous pouvez \u00e9galement utiliser le grand bol \u00e0 fruits color\u00e9 ou le saladier dans la cuisine. Pratique comme bol \u00e0 p\u00e2te, ou comme grand saladier pour diff\u00e9rents plats et sandwichs. En effet, lors du brunch de P\u00e2ques, il est tr\u00e8s amusant de pr\u00e9senter des sandwichs de brunch dans ce bol de P\u00e2ques amusant! Comment utiliseriez-vous le bol de service color\u00e9 Corals? D\u00e9couvrez-le maintenant et commandez-le d\u00e8s aujourd'hui. Combinez le bol avec les <a href=\"https:\/\/unrostore.com\/fr-fr\/boutique\/terrafina\/coraux\/corals-serveerschalen-2-groottes\/\">plats de service Corals<\/a>, <a href=\"https:\/\/unrostore.com\/fr-fr\/boutique\/terrafina\/coraux\/corals-dinerborden-4-delig\/\">assiettes plates Corals<\/a> ou opter pour un service complet avec la <a href=\"https:\/\/unrostore.com\/fr-fr\/boutique\/terrafina\/coraux\/set-de-vaisselle-colore-16-pcs-avec-assiettes-a-pates-et-bols\/\">Service de vaisselle Corals 16 pi\u00e8ces<\/a>!<\/span><\/p>\n<p>\u00a0<\/p>\n<h3>C'est le num\u00e9ro que vous recevez<\/h3>\n<ul>\n<li>1x Coupe \u00e0 fruits Corals \u00f8 26cm<\/li>\n<li>1x Terrafina bo\u00eete cadeau<\/li>\n<\/ul>\n<p>\u00a0<\/p>\n<p><em><strong>Duurzaam voor mens & milieu:<\/strong><br \/>\nChaque produit est unique car il est fabriqu\u00e9 \u00e0 la main.<br \/>\nL'impression et la texture peuvent donc diff\u00e9rer l\u00e9g\u00e8rement de la photo du produit.<\/em><\/p>","protected":false},"excerpt":{"rendered":"<div class=\"usps\"><i class=\"far fa-check-circle\"><\/i> R\u00e9sistant aux micro-ondes<br \/>\n<i class=\"far fa-check-circle\"><\/i> R\u00e9siste au four (jusqu'\u00e0 200 degr\u00e9s)<br \/>\n<i class=\"far fa-check-circle\"><\/i> Lavable au lave-vaisselle<br \/>\n<i class=\"far fa-thumbs-up\"><\/i> Fait \u00e0 la main<\/div>","protected":false},"featured_media":7165,"template":"","meta":[],"product_brand":[],"product_cat":[869,657,127,135,138,119],"product_tag":[177,128,253,610,909,779,601,780,137,131,907,908,605,631,252,143,126,629,123],"class_list":{"0":"post-2068","1":"product","2":"type-product","3":"status-publish","4":"has-post-thumbnail","6":"product_cat-unro-cadeautips","7":"product_cat-fruitschalen-en-saladeschalen","8":"product_cat-corals","9":"product_cat-kommen","10":"product_cat-serveerschalen","11":"product_cat-terrafina","12":"product_tag-blauw","13":"product_tag-corals","14":"product_tag-fruitschaal","15":"product_tag-geel","16":"product_tag-geglazuurd","17":"product_tag-gekleurde-frutischaal","18":"product_tag-hapjesschaal","19":"product_tag-kleurrijke-fruitschaal","20":"product_tag-kom","21":"product_tag-kommen","22":"product_tag-paasschaal","23":"product_tag-pasen","24":"product_tag-saladekom","25":"product_tag-saladeschaal","26":"product_tag-schaal","27":"product_tag-serveerkom","28":"product_tag-servies","29":"product_tag-slakom","30":"product_tag-terrafina","31":"product_shipping_class-pakket","33":"first","34":"outofstock","35":"sale","36":"taxable","37":"shipping-taxable","38":"purchasable","39":"product-type-simple"},"yoast_head":"<!-- This site is optimized with the Yoast SEO plugin v27.5 - https:\/\/yoast.com\/product\/yoast-seo-wordpress\/ -->\n<title>Gekleurde Fruitschaal Corals &#8226; UNRO<\/title>\n<meta name=\"description\" content=\"Maak je serviesset van Corals compleet en voeg de Gekleurde Fruitschaal Corals toe. Hoe zou jij deze gebruiken? Ontdek het nu en bestel hem vandaag nog!\" \/>\n<meta name=\"robots\" content=\"index, follow, max-snippet:-1, max-image-preview:large, max-video-preview:-1\" \/>\n<link rel=\"canonical\" href=\"https:\/\/unrostore.com\/fr-fr\/boutique\/terrafina\/coraux\/coraux-colores-en-forme-de-coupe-de-fruits\/\" \/>\n<meta property=\"og:locale\" content=\"fr_FR\" \/>\n<meta property=\"og:type\" content=\"article\" \/>\n<meta property=\"og:title\" content=\"Gekleurde Fruitschaal Corals &#8226; UNRO\" \/>\n<meta property=\"og:description\" content=\"Maak je serviesset van Corals compleet en voeg de Gekleurde Fruitschaal Corals toe. Hoe zou jij deze gebruiken? Ontdek het nu en bestel hem vandaag nog!\" \/>\n<meta property=\"og:url\" content=\"https:\/\/unrostore.com\/fr-fr\/boutique\/terrafina\/coraux\/coraux-colores-en-forme-de-coupe-de-fruits\/\" \/>\n<meta property=\"og:site_name\" content=\"UNRO\" \/>\n<meta property=\"article:modified_time\" content=\"2026-01-19T20:38:18+00:00\" \/>\n<meta property=\"og:image\" content=\"https:\/\/unrostore.com\/wp-content\/uploads\/2022\/10\/unro-gekleurde-fruitschaal-grote-kom.webp\" \/>\n\t<meta property=\"og:image:width\" content=\"1000\" \/>\n\t<meta property=\"og:image:height\" content=\"1000\" \/>\n\t<meta property=\"og:image:type\" content=\"image\/webp\" \/>\n<meta name=\"twitter:card\" content=\"summary_large_image\" \/>\n<script type=\"application\/ld+json\" class=\"yoast-schema-graph\">{\"@context\":\"https:\\\/\\\/schema.org\",\"@graph\":[{\"@type\":\"WebPage\",\"@id\":\"https:\\\/\\\/unrostore.com\\\/shop\\\/terrafina\\\/corals\\\/gekleurde-fruitschaal-corals\\\/\",\"url\":\"https:\\\/\\\/unrostore.com\\\/shop\\\/terrafina\\\/corals\\\/gekleurde-fruitschaal-corals\\\/\",\"name\":\"Gekleurde Fruitschaal Corals &#8226; UNRO\",\"isPartOf\":{\"@id\":\"https:\\\/\\\/unrostore.com\\\/#website\"},\"primaryImageOfPage\":{\"@id\":\"https:\\\/\\\/unrostore.com\\\/shop\\\/terrafina\\\/corals\\\/gekleurde-fruitschaal-corals\\\/#primaryimage\"},\"image\":{\"@id\":\"https:\\\/\\\/unrostore.com\\\/shop\\\/terrafina\\\/corals\\\/gekleurde-fruitschaal-corals\\\/#primaryimage\"},\"thumbnailUrl\":\"https:\\\/\\\/unrostore.com\\\/wp-content\\\/uploads\\\/2022\\\/10\\\/unro-gekleurde-fruitschaal-grote-kom.webp\",\"datePublished\":\"2022-10-14T10:43:41+00:00\",\"dateModified\":\"2026-01-19T20:38:18+00:00\",\"description\":\"Maak je serviesset van Corals compleet en voeg de Gekleurde Fruitschaal Corals toe. Hoe zou jij deze gebruiken? Ontdek het nu en bestel hem vandaag nog!\",\"breadcrumb\":{\"@id\":\"https:\\\/\\\/unrostore.com\\\/shop\\\/terrafina\\\/corals\\\/gekleurde-fruitschaal-corals\\\/#breadcrumb\"},\"inLanguage\":\"fr-FR\",\"potentialAction\":[{\"@type\":\"ReadAction\",\"target\":[\"https:\\\/\\\/unrostore.com\\\/shop\\\/terrafina\\\/corals\\\/gekleurde-fruitschaal-corals\\\/\"]}]},{\"@type\":\"ImageObject\",\"inLanguage\":\"fr-FR\",\"@id\":\"https:\\\/\\\/unrostore.com\\\/shop\\\/terrafina\\\/corals\\\/gekleurde-fruitschaal-corals\\\/#primaryimage\",\"url\":\"https:\\\/\\\/unrostore.com\\\/wp-content\\\/uploads\\\/2022\\\/10\\\/unro-gekleurde-fruitschaal-grote-kom.webp\",\"contentUrl\":\"https:\\\/\\\/unrostore.com\\\/wp-content\\\/uploads\\\/2022\\\/10\\\/unro-gekleurde-fruitschaal-grote-kom.webp\",\"width\":1000,\"height\":1000,\"caption\":\"gekleurde fruitschaal grote slakom\"},{\"@type\":\"BreadcrumbList\",\"@id\":\"https:\\\/\\\/unrostore.com\\\/shop\\\/terrafina\\\/corals\\\/gekleurde-fruitschaal-corals\\\/#breadcrumb\",\"itemListElement\":[{\"@type\":\"ListItem\",\"position\":1,\"name\":\"Home\",\"item\":\"https:\\\/\\\/unrostore.com\\\/\"},{\"@type\":\"ListItem\",\"position\":2,\"name\":\"Shop\",\"item\":\"https:\\\/\\\/unrostore.com\\\/shop\\\/\"},{\"@type\":\"ListItem\",\"position\":3,\"name\":\"Gekleurde Fruitschaal Corals\"}]},{\"@type\":\"WebSite\",\"@id\":\"https:\\\/\\\/unrostore.com\\\/#website\",\"url\":\"https:\\\/\\\/unrostore.com\\\/\",\"name\":\"UNRO\",\"description\":\"Portugees servies waar je blij van wordt!\",\"publisher\":{\"@id\":\"https:\\\/\\\/unrostore.com\\\/#organization\"},\"potentialAction\":[{\"@type\":\"SearchAction\",\"target\":{\"@type\":\"EntryPoint\",\"urlTemplate\":\"https:\\\/\\\/unrostore.com\\\/?s={search_term_string}\"},\"query-input\":{\"@type\":\"PropertyValueSpecification\",\"valueRequired\":true,\"valueName\":\"search_term_string\"}}],\"inLanguage\":\"fr-FR\"},{\"@type\":\"Organization\",\"@id\":\"https:\\\/\\\/unrostore.com\\\/#organization\",\"name\":\"UNRO\",\"url\":\"https:\\\/\\\/unrostore.com\\\/\",\"logo\":{\"@type\":\"ImageObject\",\"inLanguage\":\"fr-FR\",\"@id\":\"https:\\\/\\\/unrostore.com\\\/#\\\/schema\\\/logo\\\/image\\\/\",\"url\":\"https:\\\/\\\/unrostore.com\\\/wp-content\\\/uploads\\\/2022\\\/05\\\/Logo-UNRO.png\",\"contentUrl\":\"https:\\\/\\\/unrostore.com\\\/wp-content\\\/uploads\\\/2022\\\/05\\\/Logo-UNRO.png\",\"width\":605,\"height\":179,\"caption\":\"UNRO\"},\"image\":{\"@id\":\"https:\\\/\\\/unrostore.com\\\/#\\\/schema\\\/logo\\\/image\\\/\"}}]}<\/script>\n<!-- \/ Yoast SEO plugin. -->","yoast_head_json":{"title":"Coraux color\u00e9s pour bols de fruits - UNRO","description":"Compl\u00e9tez votre service de table Corals en ajoutant le bol \u00e0 fruits color\u00e9 Corals. Comment l'utiliserez-vous ? D\u00e9couvrez-le maintenant et commandez-le d\u00e8s aujourd'hui !","robots":{"index":"index","follow":"follow","max-snippet":"max-snippet:-1","max-image-preview":"max-image-preview:large","max-video-preview":"max-video-preview:-1"},"canonical":"https:\/\/unrostore.com\/fr-fr\/boutique\/terrafina\/coraux\/coraux-colores-en-forme-de-coupe-de-fruits\/","og_locale":"fr_FR","og_type":"article","og_title":"Gekleurde Fruitschaal Corals &#8226; UNRO","og_description":"Maak je serviesset van Corals compleet en voeg de Gekleurde Fruitschaal Corals toe. Hoe zou jij deze gebruiken? Ontdek het nu en bestel hem vandaag nog!","og_url":"https:\/\/unrostore.com\/fr-fr\/boutique\/terrafina\/coraux\/coraux-colores-en-forme-de-coupe-de-fruits\/","og_site_name":"UNRO","article_modified_time":"2026-01-19T20:38:18+00:00","og_image":[{"width":1000,"height":1000,"url":"https:\/\/unrostore.com\/wp-content\/uploads\/2022\/10\/unro-gekleurde-fruitschaal-grote-kom.webp","type":"image\/webp"}],"twitter_card":"summary_large_image","schema":{"@context":"https:\/\/schema.org","@graph":[{"@type":"WebPage","@id":"https:\/\/unrostore.com\/shop\/terrafina\/corals\/gekleurde-fruitschaal-corals\/","url":"https:\/\/unrostore.com\/shop\/terrafina\/corals\/gekleurde-fruitschaal-corals\/","name":"Coraux color\u00e9s pour bols de fruits - UNRO","isPartOf":{"@id":"https:\/\/unrostore.com\/#website"},"primaryImageOfPage":{"@id":"https:\/\/unrostore.com\/shop\/terrafina\/corals\/gekleurde-fruitschaal-corals\/#primaryimage"},"image":{"@id":"https:\/\/unrostore.com\/shop\/terrafina\/corals\/gekleurde-fruitschaal-corals\/#primaryimage"},"thumbnailUrl":"https:\/\/unrostore.com\/wp-content\/uploads\/2022\/10\/unro-gekleurde-fruitschaal-grote-kom.webp","datePublished":"2022-10-14T10:43:41+00:00","dateModified":"2026-01-19T20:38:18+00:00","description":"Compl\u00e9tez votre service de table Corals en ajoutant le bol \u00e0 fruits color\u00e9 Corals. Comment l'utiliserez-vous ? D\u00e9couvrez-le maintenant et commandez-le d\u00e8s aujourd'hui !","breadcrumb":{"@id":"https:\/\/unrostore.com\/shop\/terrafina\/corals\/gekleurde-fruitschaal-corals\/#breadcrumb"},"inLanguage":"fr-FR","potentialAction":[{"@type":"ReadAction","target":["https:\/\/unrostore.com\/shop\/terrafina\/corals\/gekleurde-fruitschaal-corals\/"]}]},{"@type":"ImageObject","inLanguage":"fr-FR","@id":"https:\/\/unrostore.com\/shop\/terrafina\/corals\/gekleurde-fruitschaal-corals\/#primaryimage","url":"https:\/\/unrostore.com\/wp-content\/uploads\/2022\/10\/unro-gekleurde-fruitschaal-grote-kom.webp","contentUrl":"https:\/\/unrostore.com\/wp-content\/uploads\/2022\/10\/unro-gekleurde-fruitschaal-grote-kom.webp","width":1000,"height":1000,"caption":"gekleurde fruitschaal grote slakom"},{"@type":"BreadcrumbList","@id":"https:\/\/unrostore.com\/shop\/terrafina\/corals\/gekleurde-fruitschaal-corals\/#breadcrumb","itemListElement":[{"@type":"ListItem","position":1,"name":"Home","item":"https:\/\/unrostore.com\/"},{"@type":"ListItem","position":2,"name":"Shop","item":"https:\/\/unrostore.com\/shop\/"},{"@type":"ListItem","position":3,"name":"Gekleurde Fruitschaal Corals"}]},{"@type":"WebSite","@id":"https:\/\/unrostore.com\/#website","url":"https:\/\/unrostore.com\/","name":"UNRO","description":"De la vaisselle portugaise qui vous rendra heureux !","publisher":{"@id":"https:\/\/unrostore.com\/#organization"},"potentialAction":[{"@type":"SearchAction","target":{"@type":"EntryPoint","urlTemplate":"https:\/\/unrostore.com\/?s={search_term_string}"},"query-input":{"@type":"PropertyValueSpecification","valueRequired":true,"valueName":"search_term_string"}}],"inLanguage":"fr-FR"},{"@type":"Organization","@id":"https:\/\/unrostore.com\/#organization","name":"UNRO","url":"https:\/\/unrostore.com\/","logo":{"@type":"ImageObject","inLanguage":"fr-FR","@id":"https:\/\/unrostore.com\/#\/schema\/logo\/image\/","url":"https:\/\/unrostore.com\/wp-content\/uploads\/2022\/05\/Logo-UNRO.png","contentUrl":"https:\/\/unrostore.com\/wp-content\/uploads\/2022\/05\/Logo-UNRO.png","width":605,"height":179,"caption":"UNRO"},"image":{"@id":"https:\/\/unrostore.com\/#\/schema\/logo\/image\/"}}]}},"_links":{"self":[{"href":"https:\/\/unrostore.com\/fr-fr\/wp-json\/wp\/v2\/product\/2068","targetHints":{"allow":["GET"]}}],"collection":[{"href":"https:\/\/unrostore.com\/fr-fr\/wp-json\/wp\/v2\/product"}],"about":[{"href":"https:\/\/unrostore.com\/fr-fr\/wp-json\/wp\/v2\/types\/product"}],"wp:featuredmedia":[{"embeddable":true,"href":"https:\/\/unrostore.com\/fr-fr\/wp-json\/wp\/v2\/media\/7165"}],"wp:attachment":[{"href":"https:\/\/unrostore.com\/fr-fr\/wp-json\/wp\/v2\/media?parent=2068"}],"wp:term":[{"taxonomy":"product_brand","embeddable":true,"href":"https:\/\/unrostore.com\/fr-fr\/wp-json\/wp\/v2\/product_brand?post=2068"},{"taxonomy":"product_cat","embeddable":true,"href":"https:\/\/unrostore.com\/fr-fr\/wp-json\/wp\/v2\/product_cat?post=2068"},{"taxonomy":"product_tag","embeddable":true,"href":"https:\/\/unrostore.com\/fr-fr\/wp-json\/wp\/v2\/product_tag?post=2068"}],"curies":[{"name":"wp","href":"https:\/\/api.w.org\/{rel}","templated":true}]}}