{"id":2025,"date":"2022-10-13T10:28:11","date_gmt":"2022-10-13T10:28:11","guid":{"rendered":"https:\/\/unrostore.com\/?post_type=product&#038;p=2025"},"modified":"2026-01-19T20:38:19","modified_gmt":"2026-01-19T20:38:19","slug":"service-de-table-blanc-voile-4-personnes","status":"publish","type":"product","link":"https:\/\/unrostore.com\/fr-fr\/boutique\/terrafina\/voile\/service-de-table-blanc-voile-4-personnes\/","title":{"rendered":"Service de vaisselle blanc Sail - 4 personnes"},"content":{"rendered":"<h3>L'ensemble de vaisselle le plus unique de notre gamme : la<strong> Service de table blanc <\/strong><strong>Sail\u00a0<\/strong><strong>pour 4 personnes !<\/strong><\/h3>\n<p>Le<strong> Service de vaisselle blanche Sail pour 4 personnes<\/strong> (12 pi\u00e8ces) de la marque portugaise <a href=\"https:\/\/www.terrafinastore.com\/en\/collections\/sail\">Terrafina<\/a> et est fabriqu\u00e9e \u00e0 la main en c\u00e9ramique de tr\u00e8s haute qualit\u00e9 : du gr\u00e8s pur cuit \u00e0 tr\u00e8s haute temp\u00e9rature. La vaisselle est ainsi facile \u00e0 utiliser et passe au lave-vaisselle, au micro-ondes et au four (jusqu'\u00e0 200 degr\u00e9s). <span style=\"font-weight: 400;\">La vaisselle blanche de la collection de vaisselle Sail apporte l'ambiance de la plage \u00e0 votre maison et cr\u00e9e un int\u00e9rieur boho chic moderne. Une vaisselle unique comme celle-ci fait sensation et ne manquera pas d'impressionner. Utilisez le bol blanc comme bol de petit-d\u00e9jeuner ou pour votre yaourt ou votre muesli le matin et comme bol \u00e0 soupe pendant le d\u00e9jeuner ou le d\u00eener. Surprenez vos invit\u00e9s ou vous-m\u00eame avec le <a href=\"https:\/\/unrostore.com\/fr-fr\/boutique\/terrafina\/voile\/sail-dinerborden-4-delig\/\">Assiettes plates Sail<\/a>, <a href=\"https:\/\/unrostore.com\/fr-fr\/boutique\/terrafina\/voile\/sail-ontbijtborden-4-delig\/\">Assiettes du petit-d\u00e9jeuner de la voile<\/a> et les <a href=\"https:\/\/unrostore.com\/fr-fr\/boutique\/terrafina\/voile\/sail-kommen-2-delig\/\">Bols Sail<\/a> et rendre chaque plat encore plus savoureux !<\/span><\/p>\n<h3><\/h3>\n<h3>C'est le num\u00e9ro qui vous est d\u00e9livr\u00e9 :<\/h3>\n<ul>\n<li>4x Bol Sail \u00f8 15 cm<\/li>\n<li>4x Assiette \u00e0 d\u00e9jeuner Sail \u00f8 22 cm<\/li>\n<li>4x Assiette plate Sail \u00f8 28.5 cm<\/li>\n<li>4x Terrafina bo\u00eete cadeau<\/li>\n<\/ul>\n<p>\u00a0<\/p>\n<p><em><strong>Duurzaam voor mens & milieu:<\/strong><br \/>\nChaque produit est unique car il est fabriqu\u00e9 \u00e0 la main.<br \/>\nL'impression et la texture peuvent donc diff\u00e9rer l\u00e9g\u00e8rement de la photo du produit.<\/em><\/p>","protected":false},"excerpt":{"rendered":"<div class=\"usps\"><i class=\"far fa-check-circle\"><\/i> R\u00e9sistant aux micro-ondes<br \/>\n<i class=\"far fa-check-circle\"><\/i> R\u00e9siste au four (jusqu'\u00e0 200 degr\u00e9s)<br \/>\n<i class=\"far fa-check-circle\"><\/i> Lavable au lave-vaisselle<br \/>\n<i class=\"far fa-thumbs-up\"><\/i> Fait \u00e0 la main<\/div>","protected":false},"featured_media":7133,"template":"","meta":[],"product_brand":[],"product_cat":[729,122,119,139],"product_tag":[647,310,284,131,291,289,124,125,337,646,123,644,645],"class_list":{"0":"post-2025","1":"product","2":"type-product","3":"status-publish","4":"has-post-thumbnail","6":"product_cat-12-delig-servies-schaaltjes","7":"product_cat-serviesset","8":"product_cat-terrafina","9":"product_cat-sail","10":"product_tag-12-delige-serviesset","11":"product_tag-4-personen","12":"product_tag-dinerborden","13":"product_tag-kommen","14":"product_tag-kommetjes","15":"product_tag-ontbijtborden","16":"product_tag-sail","17":"product_tag-serviesset","18":"product_tag-serviesset-4-personen","19":"product_tag-serviesset-met-kommen","20":"product_tag-terrafina","21":"product_tag-wit-servies","22":"product_tag-witte-serviesset","23":"product_shipping_class-pakket","25":"first","26":"outofstock","27":"sale","28":"taxable","29":"shipping-taxable","30":"purchasable","31":"product-type-simple"},"yoast_head":"<!-- This site is optimized with the Yoast SEO plugin v27.6 - https:\/\/yoast.com\/product\/yoast-seo-wordpress\/ -->\n<title>Witte Serviesset Sail - 4 personen &#8226; UNRO<\/title>\n<meta name=\"description\" content=\"De Witte Serviesset Sail voor 4 personen zorgt voor een beach vibe bij jou thuis. Een uniek wit servies zoals deze maakt gegarandeerd indruk op jouw gasten!\" \/>\n<meta name=\"robots\" content=\"index, follow, max-snippet:-1, max-image-preview:large, max-video-preview:-1\" \/>\n<link rel=\"canonical\" href=\"https:\/\/unrostore.com\/fr-fr\/boutique\/terrafina\/voile\/service-de-table-blanc-voile-4-personnes\/\" \/>\n<meta property=\"og:locale\" content=\"fr_FR\" \/>\n<meta property=\"og:type\" content=\"article\" \/>\n<meta property=\"og:title\" content=\"Witte Serviesset Sail - 4 personen &#8226; UNRO\" \/>\n<meta property=\"og:description\" content=\"De Witte Serviesset Sail voor 4 personen zorgt voor een beach vibe bij jou thuis. Een uniek wit servies zoals deze maakt gegarandeerd indruk op jouw gasten!\" \/>\n<meta property=\"og:url\" content=\"https:\/\/unrostore.com\/fr-fr\/boutique\/terrafina\/voile\/service-de-table-blanc-voile-4-personnes\/\" \/>\n<meta property=\"og:site_name\" content=\"UNRO\" \/>\n<meta property=\"article:modified_time\" content=\"2026-01-19T20:38:19+00:00\" \/>\n<meta property=\"og:image\" content=\"https:\/\/unrostore.com\/wp-content\/uploads\/2022\/10\/unro-white-blue-crockery-cereal-bowls.webp\" \/>\n\t<meta property=\"og:image:width\" content=\"1000\" \/>\n\t<meta property=\"og:image:height\" content=\"1000\" \/>\n\t<meta property=\"og:image:type\" content=\"image\/webp\" \/>\n<meta name=\"twitter:card\" content=\"summary_large_image\" \/>\n<script type=\"application\/ld+json\" class=\"yoast-schema-graph\">{\"@context\":\"https:\\\/\\\/schema.org\",\"@graph\":[{\"@type\":\"WebPage\",\"@id\":\"https:\\\/\\\/unrostore.com\\\/shop\\\/terrafina\\\/sail\\\/witte-serviesset-sail-4-personen\\\/\",\"url\":\"https:\\\/\\\/unrostore.com\\\/shop\\\/terrafina\\\/sail\\\/witte-serviesset-sail-4-personen\\\/\",\"name\":\"Witte Serviesset Sail - 4 personen &#8226; UNRO\",\"isPartOf\":{\"@id\":\"https:\\\/\\\/unrostore.com\\\/#website\"},\"primaryImageOfPage\":{\"@id\":\"https:\\\/\\\/unrostore.com\\\/shop\\\/terrafina\\\/sail\\\/witte-serviesset-sail-4-personen\\\/#primaryimage\"},\"image\":{\"@id\":\"https:\\\/\\\/unrostore.com\\\/shop\\\/terrafina\\\/sail\\\/witte-serviesset-sail-4-personen\\\/#primaryimage\"},\"thumbnailUrl\":\"https:\\\/\\\/unrostore.com\\\/wp-content\\\/uploads\\\/2022\\\/10\\\/unro-white-blue-crockery-cereal-bowls.webp\",\"datePublished\":\"2022-10-13T10:28:11+00:00\",\"dateModified\":\"2026-01-19T20:38:19+00:00\",\"description\":\"De Witte Serviesset Sail voor 4 personen zorgt voor een beach vibe bij jou thuis. Een uniek wit servies zoals deze maakt gegarandeerd indruk op jouw gasten!\",\"breadcrumb\":{\"@id\":\"https:\\\/\\\/unrostore.com\\\/shop\\\/terrafina\\\/sail\\\/witte-serviesset-sail-4-personen\\\/#breadcrumb\"},\"inLanguage\":\"fr-FR\",\"potentialAction\":[{\"@type\":\"ReadAction\",\"target\":[\"https:\\\/\\\/unrostore.com\\\/shop\\\/terrafina\\\/sail\\\/witte-serviesset-sail-4-personen\\\/\"]}]},{\"@type\":\"ImageObject\",\"inLanguage\":\"fr-FR\",\"@id\":\"https:\\\/\\\/unrostore.com\\\/shop\\\/terrafina\\\/sail\\\/witte-serviesset-sail-4-personen\\\/#primaryimage\",\"url\":\"https:\\\/\\\/unrostore.com\\\/wp-content\\\/uploads\\\/2022\\\/10\\\/unro-white-blue-crockery-cereal-bowls.webp\",\"contentUrl\":\"https:\\\/\\\/unrostore.com\\\/wp-content\\\/uploads\\\/2022\\\/10\\\/unro-white-blue-crockery-cereal-bowls.webp\",\"width\":1000,\"height\":1000,\"caption\":\"witte serviesset ontbijtkommen\"},{\"@type\":\"BreadcrumbList\",\"@id\":\"https:\\\/\\\/unrostore.com\\\/shop\\\/terrafina\\\/sail\\\/witte-serviesset-sail-4-personen\\\/#breadcrumb\",\"itemListElement\":[{\"@type\":\"ListItem\",\"position\":1,\"name\":\"Home\",\"item\":\"https:\\\/\\\/unrostore.com\\\/\"},{\"@type\":\"ListItem\",\"position\":2,\"name\":\"Shop\",\"item\":\"https:\\\/\\\/unrostore.com\\\/shop\\\/\"},{\"@type\":\"ListItem\",\"position\":3,\"name\":\"Witte Serviesset Sail &#8211; 4 personen\"}]},{\"@type\":\"WebSite\",\"@id\":\"https:\\\/\\\/unrostore.com\\\/#website\",\"url\":\"https:\\\/\\\/unrostore.com\\\/\",\"name\":\"UNRO\",\"description\":\"Portugees servies waar je blij van wordt!\",\"publisher\":{\"@id\":\"https:\\\/\\\/unrostore.com\\\/#organization\"},\"potentialAction\":[{\"@type\":\"SearchAction\",\"target\":{\"@type\":\"EntryPoint\",\"urlTemplate\":\"https:\\\/\\\/unrostore.com\\\/?s={search_term_string}\"},\"query-input\":{\"@type\":\"PropertyValueSpecification\",\"valueRequired\":true,\"valueName\":\"search_term_string\"}}],\"inLanguage\":\"fr-FR\"},{\"@type\":\"Organization\",\"@id\":\"https:\\\/\\\/unrostore.com\\\/#organization\",\"name\":\"UNRO\",\"url\":\"https:\\\/\\\/unrostore.com\\\/\",\"logo\":{\"@type\":\"ImageObject\",\"inLanguage\":\"fr-FR\",\"@id\":\"https:\\\/\\\/unrostore.com\\\/#\\\/schema\\\/logo\\\/image\\\/\",\"url\":\"https:\\\/\\\/unrostore.com\\\/wp-content\\\/uploads\\\/2022\\\/05\\\/Logo-UNRO.png\",\"contentUrl\":\"https:\\\/\\\/unrostore.com\\\/wp-content\\\/uploads\\\/2022\\\/05\\\/Logo-UNRO.png\",\"width\":605,\"height\":179,\"caption\":\"UNRO\"},\"image\":{\"@id\":\"https:\\\/\\\/unrostore.com\\\/#\\\/schema\\\/logo\\\/image\\\/\"}}]}<\/script>\n<!-- \/ Yoast SEO plugin. -->","yoast_head_json":{"title":"Set de vaisselle blanche Sail - 4 personnes - UNRO","description":"L'ensemble de vaisselle blanche Sail pour 4 apportera une ambiance de plage \u00e0 votre maison. Une vaisselle blanche unique comme celle-ci ne manquera pas d'impressionner vos invit\u00e9s !","robots":{"index":"index","follow":"follow","max-snippet":"max-snippet:-1","max-image-preview":"max-image-preview:large","max-video-preview":"max-video-preview:-1"},"canonical":"https:\/\/unrostore.com\/fr-fr\/boutique\/terrafina\/voile\/service-de-table-blanc-voile-4-personnes\/","og_locale":"fr_FR","og_type":"article","og_title":"Witte Serviesset Sail - 4 personen &#8226; UNRO","og_description":"De Witte Serviesset Sail voor 4 personen zorgt voor een beach vibe bij jou thuis. Een uniek wit servies zoals deze maakt gegarandeerd indruk op jouw gasten!","og_url":"https:\/\/unrostore.com\/fr-fr\/boutique\/terrafina\/voile\/service-de-table-blanc-voile-4-personnes\/","og_site_name":"UNRO","article_modified_time":"2026-01-19T20:38:19+00:00","og_image":[{"width":1000,"height":1000,"url":"https:\/\/unrostore.com\/wp-content\/uploads\/2022\/10\/unro-white-blue-crockery-cereal-bowls.webp","type":"image\/webp"}],"twitter_card":"summary_large_image","schema":{"@context":"https:\/\/schema.org","@graph":[{"@type":"WebPage","@id":"https:\/\/unrostore.com\/shop\/terrafina\/sail\/witte-serviesset-sail-4-personen\/","url":"https:\/\/unrostore.com\/shop\/terrafina\/sail\/witte-serviesset-sail-4-personen\/","name":"Set de vaisselle blanche Sail - 4 personnes - UNRO","isPartOf":{"@id":"https:\/\/unrostore.com\/#website"},"primaryImageOfPage":{"@id":"https:\/\/unrostore.com\/shop\/terrafina\/sail\/witte-serviesset-sail-4-personen\/#primaryimage"},"image":{"@id":"https:\/\/unrostore.com\/shop\/terrafina\/sail\/witte-serviesset-sail-4-personen\/#primaryimage"},"thumbnailUrl":"https:\/\/unrostore.com\/wp-content\/uploads\/2022\/10\/unro-white-blue-crockery-cereal-bowls.webp","datePublished":"2022-10-13T10:28:11+00:00","dateModified":"2026-01-19T20:38:19+00:00","description":"L'ensemble de vaisselle blanche Sail pour 4 apportera une ambiance de plage \u00e0 votre maison. Une vaisselle blanche unique comme celle-ci ne manquera pas d'impressionner vos invit\u00e9s !","breadcrumb":{"@id":"https:\/\/unrostore.com\/shop\/terrafina\/sail\/witte-serviesset-sail-4-personen\/#breadcrumb"},"inLanguage":"fr-FR","potentialAction":[{"@type":"ReadAction","target":["https:\/\/unrostore.com\/shop\/terrafina\/sail\/witte-serviesset-sail-4-personen\/"]}]},{"@type":"ImageObject","inLanguage":"fr-FR","@id":"https:\/\/unrostore.com\/shop\/terrafina\/sail\/witte-serviesset-sail-4-personen\/#primaryimage","url":"https:\/\/unrostore.com\/wp-content\/uploads\/2022\/10\/unro-white-blue-crockery-cereal-bowls.webp","contentUrl":"https:\/\/unrostore.com\/wp-content\/uploads\/2022\/10\/unro-white-blue-crockery-cereal-bowls.webp","width":1000,"height":1000,"caption":"witte serviesset ontbijtkommen"},{"@type":"BreadcrumbList","@id":"https:\/\/unrostore.com\/shop\/terrafina\/sail\/witte-serviesset-sail-4-personen\/#breadcrumb","itemListElement":[{"@type":"ListItem","position":1,"name":"Home","item":"https:\/\/unrostore.com\/"},{"@type":"ListItem","position":2,"name":"Shop","item":"https:\/\/unrostore.com\/shop\/"},{"@type":"ListItem","position":3,"name":"Witte Serviesset Sail &#8211; 4 personen"}]},{"@type":"WebSite","@id":"https:\/\/unrostore.com\/#website","url":"https:\/\/unrostore.com\/","name":"UNRO","description":"De la vaisselle portugaise qui vous rendra heureux !","publisher":{"@id":"https:\/\/unrostore.com\/#organization"},"potentialAction":[{"@type":"SearchAction","target":{"@type":"EntryPoint","urlTemplate":"https:\/\/unrostore.com\/?s={search_term_string}"},"query-input":{"@type":"PropertyValueSpecification","valueRequired":true,"valueName":"search_term_string"}}],"inLanguage":"fr-FR"},{"@type":"Organization","@id":"https:\/\/unrostore.com\/#organization","name":"UNRO","url":"https:\/\/unrostore.com\/","logo":{"@type":"ImageObject","inLanguage":"fr-FR","@id":"https:\/\/unrostore.com\/#\/schema\/logo\/image\/","url":"https:\/\/unrostore.com\/wp-content\/uploads\/2022\/05\/Logo-UNRO.png","contentUrl":"https:\/\/unrostore.com\/wp-content\/uploads\/2022\/05\/Logo-UNRO.png","width":605,"height":179,"caption":"UNRO"},"image":{"@id":"https:\/\/unrostore.com\/#\/schema\/logo\/image\/"}}]}},"_links":{"self":[{"href":"https:\/\/unrostore.com\/fr-fr\/wp-json\/wp\/v2\/product\/2025","targetHints":{"allow":["GET"]}}],"collection":[{"href":"https:\/\/unrostore.com\/fr-fr\/wp-json\/wp\/v2\/product"}],"about":[{"href":"https:\/\/unrostore.com\/fr-fr\/wp-json\/wp\/v2\/types\/product"}],"wp:featuredmedia":[{"embeddable":true,"href":"https:\/\/unrostore.com\/fr-fr\/wp-json\/wp\/v2\/media\/7133"}],"wp:attachment":[{"href":"https:\/\/unrostore.com\/fr-fr\/wp-json\/wp\/v2\/media?parent=2025"}],"wp:term":[{"taxonomy":"product_brand","embeddable":true,"href":"https:\/\/unrostore.com\/fr-fr\/wp-json\/wp\/v2\/product_brand?post=2025"},{"taxonomy":"product_cat","embeddable":true,"href":"https:\/\/unrostore.com\/fr-fr\/wp-json\/wp\/v2\/product_cat?post=2025"},{"taxonomy":"product_tag","embeddable":true,"href":"https:\/\/unrostore.com\/fr-fr\/wp-json\/wp\/v2\/product_tag?post=2025"}],"curies":[{"name":"wp","href":"https:\/\/api.w.org\/{rel}","templated":true}]}}