{"id":6330,"date":"2023-11-12T10:58:15","date_gmt":"2023-11-12T10:58:15","guid":{"rendered":"https:\/\/unrostore.com\/?page_id=6330"},"modified":"2023-11-12T11:26:25","modified_gmt":"2023-11-12T11:26:25","slug":"wabi-sabi-tableware-catering","status":"publish","type":"page","link":"https:\/\/unrostore.com\/fr-fr\/wabi-sabi-tableware-catering\/","title":{"rendered":"Wabi Sabi Tableware Catering"},"content":{"rendered":"<div style=\"height:30px\" aria-hidden=\"true\" class=\"wp-block-spacer\"><\/div>\n\n\n\n<div class=\"wp-block-media-text has-media-on-the-right is-stacked-on-mobile has-background\" style=\"background-color:#fbf2e647\"><div class=\"wp-block-media-text__content\">\n<h2 class=\"wp-block-heading\">Vaisselle japonaise<\/h2>\n\n\n\n<p>La vaisselle Wabi Sabi de la ligne Japanese Cuisine de la marque portugaise Terrafina est con\u00e7ue pour servir des sushis. Ce service de restauration est \u00e9galement parfait pour les plats de fusion asiatique et les repas raffin\u00e9s. <\/p>\n\n\n\n<p><\/p>\n\n\n\n<p>Les formes organiques et le design moderne cr\u00e9ent un d\u00e9cor de table luxueux. La vaisselle japonaise pour la restauration est disponible en blanc et en noir. Ces couleurs respirent la tranquillit\u00e9 et sont comme une toile pour vos plats de haute qualit\u00e9. <\/p>\n\n\n\n<p>Faites passer l'exp\u00e9rience de vos invit\u00e9s au restaurant \u00e0 un niveau sup\u00e9rieur avec cette vaisselle d'accueil de haute qualit\u00e9 !<\/p>\n<\/div><figure class=\"wp-block-media-text__media\"><img loading=\"lazy\" decoding=\"async\" width=\"1000\" height=\"1000\" src=\"https:\/\/unrostore.com\/wp-content\/uploads\/2023\/11\/unro-asian-fusion-servies-portugees.webp\" alt=\"vaisselle wabi sabi\" class=\"wp-image-6331 size-full\" srcset=\"https:\/\/unrostore.com\/wp-content\/uploads\/2023\/11\/unro-asian-fusion-servies-portugees.webp 1000w, https:\/\/unrostore.com\/wp-content\/uploads\/2023\/11\/unro-asian-fusion-servies-portugees-640x640.webp 640w, https:\/\/unrostore.com\/wp-content\/uploads\/2023\/11\/unro-asian-fusion-servies-portugees-300x300.webp 300w, https:\/\/unrostore.com\/wp-content\/uploads\/2023\/11\/unro-asian-fusion-servies-portugees-150x150.webp 150w, https:\/\/unrostore.com\/wp-content\/uploads\/2023\/11\/unro-asian-fusion-servies-portugees-768x768.webp 768w\" sizes=\"auto, (max-width: 1000px) 100vw, 1000px\" \/><\/figure><\/div>\n\n\n\n<div style=\"height:200px\" aria-hidden=\"true\" class=\"wp-block-spacer\"><\/div>\n\n\n\n<figure class=\"wp-block-gallery aligncenter has-nested-images columns-default is-cropped wp-block-gallery-1 is-layout-flex wp-block-gallery-is-layout-flex\"><div class=\"wp-block-image is-style-default\">\n<figure class=\"aligncenter size-full is-resized\"><img loading=\"lazy\" decoding=\"async\" width=\"1000\" height=\"1000\" data-id=\"6355\" src=\"https:\/\/unrostore.com\/wp-content\/uploads\/2023\/11\/unro-zwart-horeca-servies-suhsi-1.webp\" alt=\"vaisselle noire pour sushi\" class=\"wp-image-6355\" style=\"object-fit:cover;width:250px;height:250px\" srcset=\"https:\/\/unrostore.com\/wp-content\/uploads\/2023\/11\/unro-zwart-horeca-servies-suhsi-1.webp 1000w, https:\/\/unrostore.com\/wp-content\/uploads\/2023\/11\/unro-zwart-horeca-servies-suhsi-1-640x640.webp 640w, https:\/\/unrostore.com\/wp-content\/uploads\/2023\/11\/unro-zwart-horeca-servies-suhsi-1-300x300.webp 300w, https:\/\/unrostore.com\/wp-content\/uploads\/2023\/11\/unro-zwart-horeca-servies-suhsi-1-150x150.webp 150w, https:\/\/unrostore.com\/wp-content\/uploads\/2023\/11\/unro-zwart-horeca-servies-suhsi-1-768x768.webp 768w\" sizes=\"auto, (max-width: 1000px) 100vw, 1000px\" \/><\/figure><\/div>\n\n<div class=\"wp-block-image is-style-default\">\n<figure class=\"aligncenter size-full is-resized\"><img loading=\"lazy\" decoding=\"async\" width=\"1000\" height=\"1000\" data-id=\"6356\" src=\"https:\/\/unrostore.com\/wp-content\/uploads\/2023\/11\/unro-zwart-sushi-bord.webp\" alt=\"assiette \u00e0 sushi noire\" class=\"wp-image-6356\" style=\"object-fit:cover;width:250px;height:250px\" srcset=\"https:\/\/unrostore.com\/wp-content\/uploads\/2023\/11\/unro-zwart-sushi-bord.webp 1000w, https:\/\/unrostore.com\/wp-content\/uploads\/2023\/11\/unro-zwart-sushi-bord-640x640.webp 640w, https:\/\/unrostore.com\/wp-content\/uploads\/2023\/11\/unro-zwart-sushi-bord-300x300.webp 300w, https:\/\/unrostore.com\/wp-content\/uploads\/2023\/11\/unro-zwart-sushi-bord-150x150.webp 150w, https:\/\/unrostore.com\/wp-content\/uploads\/2023\/11\/unro-zwart-sushi-bord-768x768.webp 768w\" sizes=\"auto, (max-width: 1000px) 100vw, 1000px\" \/><\/figure><\/div>\n\n<div class=\"wp-block-image is-style-default\">\n<figure class=\"aligncenter size-full is-resized\"><img loading=\"lazy\" decoding=\"async\" width=\"1000\" height=\"1000\" data-id=\"6357\" src=\"https:\/\/unrostore.com\/wp-content\/uploads\/2023\/11\/unro-zwart-sushi-servies-portugees.webp\" alt=\"\" class=\"wp-image-6357\" style=\"object-fit:cover;width:250px;height:250px\" srcset=\"https:\/\/unrostore.com\/wp-content\/uploads\/2023\/11\/unro-zwart-sushi-servies-portugees.webp 1000w, https:\/\/unrostore.com\/wp-content\/uploads\/2023\/11\/unro-zwart-sushi-servies-portugees-640x640.webp 640w, https:\/\/unrostore.com\/wp-content\/uploads\/2023\/11\/unro-zwart-sushi-servies-portugees-300x300.webp 300w, https:\/\/unrostore.com\/wp-content\/uploads\/2023\/11\/unro-zwart-sushi-servies-portugees-150x150.webp 150w, https:\/\/unrostore.com\/wp-content\/uploads\/2023\/11\/unro-zwart-sushi-servies-portugees-768x768.webp 768w\" sizes=\"auto, (max-width: 1000px) 100vw, 1000px\" \/><\/figure><\/div><\/figure>\n\n\n\n<div style=\"height:200px\" aria-hidden=\"true\" class=\"wp-block-spacer\"><\/div>\n\n\n\n<div class=\"wp-block-media-text is-stacked-on-mobile has-background\" style=\"background-color:#fbf2e647\"><figure class=\"wp-block-media-text__media\"><img loading=\"lazy\" decoding=\"async\" width=\"1000\" height=\"1000\" src=\"https:\/\/unrostore.com\/wp-content\/uploads\/2023\/11\/unro-portugees-servies-japanse-keuken.webp\" alt=\"vaisselle japonaise unro\" class=\"wp-image-6332 size-full\" srcset=\"https:\/\/unrostore.com\/wp-content\/uploads\/2023\/11\/unro-portugees-servies-japanse-keuken.webp 1000w, https:\/\/unrostore.com\/wp-content\/uploads\/2023\/11\/unro-portugees-servies-japanse-keuken-640x640.webp 640w, https:\/\/unrostore.com\/wp-content\/uploads\/2023\/11\/unro-portugees-servies-japanse-keuken-300x300.webp 300w, https:\/\/unrostore.com\/wp-content\/uploads\/2023\/11\/unro-portugees-servies-japanse-keuken-150x150.webp 150w, https:\/\/unrostore.com\/wp-content\/uploads\/2023\/11\/unro-portugees-servies-japanse-keuken-768x768.webp 768w\" sizes=\"auto, (max-width: 1000px) 100vw, 1000px\" \/><\/figure><div class=\"wp-block-media-text__content\">\n<h2 class=\"wp-block-heading\">Avantages de la vaisselle Wabi Sabi<\/h2>\n\n\n\n<p>  \u2661 Vaatwasser-, magnetron- & oven bestendig (tot 200\u00b0C)<br>  R\u00e9sistant au r\u00e9frig\u00e9rateur et au cong\u00e9lateur (jusqu'\u00e0 -20\u00b0C)<br>  \u2661 Fabriqu\u00e9 \u00e0 la main de mani\u00e8re \u00e9quitable et durable au Portugal <br>  \u2661 Finition de luxe tr\u00e8s <a href=\"https:\/\/unrostore.com\/fr-fr\/2023\/07\/31\/a-quoi-dois-je-faire-attention-lorsque-jachete-de-la-vaisselle-partie-1-qualite\/\"><strong>haute qualit\u00e9 <\/strong><\/a>c\u00e9ramique <br>  Sp\u00e9cialement con\u00e7u pour la cuisine japonaise et disponible exclusivement aupr\u00e8s d'UNRO aux Pays-Bas !<\/p>\n\n\n\n<div class=\"wp-block-buttons is-content-justification-center is-layout-flex wp-container-core-buttons-is-layout-16018d1d wp-block-buttons-is-layout-flex\">\n<div class=\"wp-block-button\"><a class=\"wp-block-button__link has-pale-cyan-blue-background-color has-background wp-element-button\" href=\"https:\/\/us8.list-manage.com\/contact-form?u=06cfcb8bb2cb88da8e73fa1ec&form_id=514a03457c615d5eb8df05dea8c959ea\" style=\"border-radius:5px\">Prenez contact avec nous !<\/a><\/div>\n<\/div>\n<\/div><\/div>\n\n\n\n<div style=\"height:200px\" aria-hidden=\"true\" class=\"wp-block-spacer\"><\/div>\n\n\n\n<figure class=\"wp-block-gallery aligncenter has-nested-images columns-default is-cropped wp-block-gallery-2 is-layout-flex wp-block-gallery-is-layout-flex\"><div class=\"wp-block-image is-style-default\">\n<figure class=\"aligncenter size-full is-resized\"><img loading=\"lazy\" decoding=\"async\" width=\"1000\" height=\"1000\" data-id=\"6359\" src=\"https:\/\/unrostore.com\/wp-content\/uploads\/2023\/11\/unro-zwart-sushi-servies-portugees-terrafina.webp\" alt=\"vaisselle japonaise noire\" class=\"wp-image-6359\" style=\"object-fit:cover;width:250px;height:250px\" srcset=\"https:\/\/unrostore.com\/wp-content\/uploads\/2023\/11\/unro-zwart-sushi-servies-portugees-terrafina.webp 1000w, https:\/\/unrostore.com\/wp-content\/uploads\/2023\/11\/unro-zwart-sushi-servies-portugees-terrafina-640x640.webp 640w, https:\/\/unrostore.com\/wp-content\/uploads\/2023\/11\/unro-zwart-sushi-servies-portugees-terrafina-300x300.webp 300w, https:\/\/unrostore.com\/wp-content\/uploads\/2023\/11\/unro-zwart-sushi-servies-portugees-terrafina-150x150.webp 150w, https:\/\/unrostore.com\/wp-content\/uploads\/2023\/11\/unro-zwart-sushi-servies-portugees-terrafina-768x768.webp 768w\" sizes=\"auto, (max-width: 1000px) 100vw, 1000px\" \/><\/figure><\/div>\n\n<div class=\"wp-block-image is-style-default\">\n<figure class=\"aligncenter size-full is-resized\"><img loading=\"lazy\" decoding=\"async\" width=\"1000\" height=\"1000\" data-id=\"6360\" src=\"https:\/\/unrostore.com\/wp-content\/uploads\/2023\/11\/unro-wit-sushi-bord.webp\" alt=\"assiette \u00e0 sushi blanche\" class=\"wp-image-6360\" style=\"object-fit:cover;width:250px;height:250px\" srcset=\"https:\/\/unrostore.com\/wp-content\/uploads\/2023\/11\/unro-wit-sushi-bord.webp 1000w, https:\/\/unrostore.com\/wp-content\/uploads\/2023\/11\/unro-wit-sushi-bord-640x640.webp 640w, https:\/\/unrostore.com\/wp-content\/uploads\/2023\/11\/unro-wit-sushi-bord-300x300.webp 300w, https:\/\/unrostore.com\/wp-content\/uploads\/2023\/11\/unro-wit-sushi-bord-150x150.webp 150w, https:\/\/unrostore.com\/wp-content\/uploads\/2023\/11\/unro-wit-sushi-bord-768x768.webp 768w\" sizes=\"auto, (max-width: 1000px) 100vw, 1000px\" \/><\/figure><\/div>\n\n<div class=\"wp-block-image is-style-default\">\n<figure class=\"aligncenter size-full is-resized\"><img loading=\"lazy\" decoding=\"async\" width=\"1000\" height=\"1000\" data-id=\"6361\" src=\"https:\/\/unrostore.com\/wp-content\/uploads\/2023\/11\/unro-wit-sushi-servies-sake.webp\" alt=\"vaisselle blanche pour sushi\" class=\"wp-image-6361\" style=\"object-fit:cover;width:250px;height:250px\" srcset=\"https:\/\/unrostore.com\/wp-content\/uploads\/2023\/11\/unro-wit-sushi-servies-sake.webp 1000w, https:\/\/unrostore.com\/wp-content\/uploads\/2023\/11\/unro-wit-sushi-servies-sake-640x640.webp 640w, https:\/\/unrostore.com\/wp-content\/uploads\/2023\/11\/unro-wit-sushi-servies-sake-300x300.webp 300w, https:\/\/unrostore.com\/wp-content\/uploads\/2023\/11\/unro-wit-sushi-servies-sake-150x150.webp 150w, https:\/\/unrostore.com\/wp-content\/uploads\/2023\/11\/unro-wit-sushi-servies-sake-768x768.webp 768w\" sizes=\"auto, (max-width: 1000px) 100vw, 1000px\" \/><\/figure><\/div><\/figure>\n\n\n\n<div style=\"height:200px\" aria-hidden=\"true\" class=\"wp-block-spacer\"><\/div>\n\n\n\n<div class=\"wp-block-media-text has-media-on-the-right is-stacked-on-mobile has-background\" style=\"background-color:#fbf2e647\"><div class=\"wp-block-media-text__content\">\n<p>Curieux de d\u00e9couvrir la collection compl\u00e8te de vaisselle japonaise pour votre restaurant de sushis, d'asion fusion ou japonais ? \u2193<\/p>\n\n\n\n<div class=\"wp-block-buttons is-content-justification-center is-layout-flex wp-container-core-buttons-is-layout-16018d1d wp-block-buttons-is-layout-flex\">\n<div class=\"wp-block-button\"><a class=\"wp-block-button__link has-pale-cyan-blue-background-color has-background wp-element-button\" href=\"https:\/\/us8.list-manage.com\/contact-form?u=06cfcb8bb2cb88da8e73fa1ec&form_id=514a03457c615d5eb8df05dea8c959ea\" style=\"border-radius:5px\">Prenez contact avec nous !<\/a><\/div>\n<\/div>\n<\/div><figure class=\"wp-block-media-text__media\"><img loading=\"lazy\" decoding=\"async\" width=\"1000\" height=\"1000\" src=\"https:\/\/unrostore.com\/wp-content\/uploads\/2023\/11\/unro-sushi-servies.webp\" alt=\"vaisselle wabi sabi\" class=\"wp-image-6333 size-full\" srcset=\"https:\/\/unrostore.com\/wp-content\/uploads\/2023\/11\/unro-sushi-servies.webp 1000w, https:\/\/unrostore.com\/wp-content\/uploads\/2023\/11\/unro-sushi-servies-640x640.webp 640w, https:\/\/unrostore.com\/wp-content\/uploads\/2023\/11\/unro-sushi-servies-300x300.webp 300w, https:\/\/unrostore.com\/wp-content\/uploads\/2023\/11\/unro-sushi-servies-150x150.webp 150w, https:\/\/unrostore.com\/wp-content\/uploads\/2023\/11\/unro-sushi-servies-768x768.webp 768w\" sizes=\"auto, (max-width: 1000px) 100vw, 1000px\" \/><\/figure><\/div>","protected":false},"excerpt":{"rendered":"<p>Vaisselle de traiteur japonaise La vaisselle Wabi Sabi de la ligne Cuisine japonaise de la marque portugaise Terrafina est con\u00e7ue pour servir des sushis. Ce service de restauration est \u00e9galement parfait pour les plats de fusion asiatique et les repas raffin\u00e9s. Les formes organiques et le design moderne cr\u00e9ent un d\u00e9cor de table luxueux. Le service de restauration japonais est disponible en...<\/p>","protected":false},"author":7,"featured_media":0,"parent":0,"menu_order":0,"comment_status":"closed","ping_status":"closed","template":"template-pagetitle.php","meta":{"footnotes":""},"class_list":["post-6330","page","type-page","status-publish","hentry"],"yoast_head":"<!-- This site is optimized with the Yoast SEO plugin v27.5 - https:\/\/yoast.com\/product\/yoast-seo-wordpress\/ -->\n<title>Wabi Sabi Servies Horeca &#8226; UNRO<\/title>\n<meta name=\"description\" content=\"Verrijk jouw horeca-ervaring met ons exclusieve Portugees Wabi Sabi servies: natuurlijke charme en tijdloze elegantie in elk handgemaakt stuk.\" \/>\n<meta name=\"robots\" content=\"index, follow, max-snippet:-1, max-image-preview:large, max-video-preview:-1\" \/>\n<link rel=\"canonical\" href=\"https:\/\/unrostore.com\/fr-fr\/wabi-sabi-tableware-catering\/\" \/>\n<meta property=\"og:locale\" content=\"fr_FR\" \/>\n<meta property=\"og:type\" content=\"article\" \/>\n<meta property=\"og:title\" content=\"Wabi Sabi Servies Horeca &#8226; UNRO\" \/>\n<meta property=\"og:description\" content=\"Verrijk jouw horeca-ervaring met ons exclusieve Portugees Wabi Sabi servies: natuurlijke charme en tijdloze elegantie in elk handgemaakt stuk.\" \/>\n<meta property=\"og:url\" content=\"https:\/\/unrostore.com\/fr-fr\/wabi-sabi-tableware-catering\/\" \/>\n<meta property=\"og:site_name\" content=\"UNRO\" \/>\n<meta property=\"article:modified_time\" content=\"2023-11-12T11:26:25+00:00\" \/>\n<meta property=\"og:image\" content=\"https:\/\/unrostore.com\/wp-content\/uploads\/2023\/11\/unro-asian-fusion-servies-portugees.webp\" \/>\n<meta name=\"twitter:card\" content=\"summary_large_image\" \/>\n<script type=\"application\/ld+json\" class=\"yoast-schema-graph\">{\"@context\":\"https:\\\/\\\/schema.org\",\"@graph\":[{\"@type\":\"WebPage\",\"@id\":\"https:\\\/\\\/unrostore.com\\\/wabi-sabi-servies-horeca\\\/\",\"url\":\"https:\\\/\\\/unrostore.com\\\/wabi-sabi-servies-horeca\\\/\",\"name\":\"Wabi Sabi Servies Horeca &#8226; UNRO\",\"isPartOf\":{\"@id\":\"https:\\\/\\\/unrostore.com\\\/#website\"},\"primaryImageOfPage\":{\"@id\":\"https:\\\/\\\/unrostore.com\\\/wabi-sabi-servies-horeca\\\/#primaryimage\"},\"image\":{\"@id\":\"https:\\\/\\\/unrostore.com\\\/wabi-sabi-servies-horeca\\\/#primaryimage\"},\"thumbnailUrl\":\"https:\\\/\\\/unrostore.com\\\/wp-content\\\/uploads\\\/2023\\\/11\\\/unro-asian-fusion-servies-portugees.webp\",\"datePublished\":\"2023-11-12T10:58:15+00:00\",\"dateModified\":\"2023-11-12T11:26:25+00:00\",\"description\":\"Verrijk jouw horeca-ervaring met ons exclusieve Portugees Wabi Sabi servies: natuurlijke charme en tijdloze elegantie in elk handgemaakt stuk.\",\"breadcrumb\":{\"@id\":\"https:\\\/\\\/unrostore.com\\\/wabi-sabi-servies-horeca\\\/#breadcrumb\"},\"inLanguage\":\"fr-FR\",\"potentialAction\":[{\"@type\":\"ReadAction\",\"target\":[\"https:\\\/\\\/unrostore.com\\\/wabi-sabi-servies-horeca\\\/\"]}]},{\"@type\":\"ImageObject\",\"inLanguage\":\"fr-FR\",\"@id\":\"https:\\\/\\\/unrostore.com\\\/wabi-sabi-servies-horeca\\\/#primaryimage\",\"url\":\"https:\\\/\\\/unrostore.com\\\/wp-content\\\/uploads\\\/2023\\\/11\\\/unro-asian-fusion-servies-portugees.webp\",\"contentUrl\":\"https:\\\/\\\/unrostore.com\\\/wp-content\\\/uploads\\\/2023\\\/11\\\/unro-asian-fusion-servies-portugees.webp\"},{\"@type\":\"BreadcrumbList\",\"@id\":\"https:\\\/\\\/unrostore.com\\\/wabi-sabi-servies-horeca\\\/#breadcrumb\",\"itemListElement\":[{\"@type\":\"ListItem\",\"position\":1,\"name\":\"Home\",\"item\":\"https:\\\/\\\/unrostore.com\\\/\"},{\"@type\":\"ListItem\",\"position\":2,\"name\":\"Wabi Sabi Servies Horeca\"}]},{\"@type\":\"WebSite\",\"@id\":\"https:\\\/\\\/unrostore.com\\\/#website\",\"url\":\"https:\\\/\\\/unrostore.com\\\/\",\"name\":\"UNRO\",\"description\":\"Portugees servies waar je blij van wordt!\",\"publisher\":{\"@id\":\"https:\\\/\\\/unrostore.com\\\/#organization\"},\"potentialAction\":[{\"@type\":\"SearchAction\",\"target\":{\"@type\":\"EntryPoint\",\"urlTemplate\":\"https:\\\/\\\/unrostore.com\\\/?s={search_term_string}\"},\"query-input\":{\"@type\":\"PropertyValueSpecification\",\"valueRequired\":true,\"valueName\":\"search_term_string\"}}],\"inLanguage\":\"fr-FR\"},{\"@type\":\"Organization\",\"@id\":\"https:\\\/\\\/unrostore.com\\\/#organization\",\"name\":\"UNRO\",\"url\":\"https:\\\/\\\/unrostore.com\\\/\",\"logo\":{\"@type\":\"ImageObject\",\"inLanguage\":\"fr-FR\",\"@id\":\"https:\\\/\\\/unrostore.com\\\/#\\\/schema\\\/logo\\\/image\\\/\",\"url\":\"https:\\\/\\\/unrostore.com\\\/wp-content\\\/uploads\\\/2022\\\/05\\\/Logo-UNRO.png\",\"contentUrl\":\"https:\\\/\\\/unrostore.com\\\/wp-content\\\/uploads\\\/2022\\\/05\\\/Logo-UNRO.png\",\"width\":605,\"height\":179,\"caption\":\"UNRO\"},\"image\":{\"@id\":\"https:\\\/\\\/unrostore.com\\\/#\\\/schema\\\/logo\\\/image\\\/\"}}]}<\/script>\n<!-- \/ Yoast SEO plugin. -->","yoast_head_json":{"title":"Wabi Sabi Tableware Catering - UNRO","description":"Enrichissez votre exp\u00e9rience de restauration avec notre vaisselle portugaise exclusive Wabi Sabi : charme naturel et \u00e9l\u00e9gance intemporelle dans chaque pi\u00e8ce fabriqu\u00e9e \u00e0 la main.","robots":{"index":"index","follow":"follow","max-snippet":"max-snippet:-1","max-image-preview":"max-image-preview:large","max-video-preview":"max-video-preview:-1"},"canonical":"https:\/\/unrostore.com\/fr-fr\/wabi-sabi-tableware-catering\/","og_locale":"fr_FR","og_type":"article","og_title":"Wabi Sabi Servies Horeca &#8226; UNRO","og_description":"Verrijk jouw horeca-ervaring met ons exclusieve Portugees Wabi Sabi servies: natuurlijke charme en tijdloze elegantie in elk handgemaakt stuk.","og_url":"https:\/\/unrostore.com\/fr-fr\/wabi-sabi-tableware-catering\/","og_site_name":"UNRO","article_modified_time":"2023-11-12T11:26:25+00:00","og_image":[{"url":"https:\/\/unrostore.com\/wp-content\/uploads\/2023\/11\/unro-asian-fusion-servies-portugees.webp","type":"","width":"","height":""}],"twitter_card":"summary_large_image","schema":{"@context":"https:\/\/schema.org","@graph":[{"@type":"WebPage","@id":"https:\/\/unrostore.com\/wabi-sabi-servies-horeca\/","url":"https:\/\/unrostore.com\/wabi-sabi-servies-horeca\/","name":"Wabi Sabi Tableware Catering - UNRO","isPartOf":{"@id":"https:\/\/unrostore.com\/#website"},"primaryImageOfPage":{"@id":"https:\/\/unrostore.com\/wabi-sabi-servies-horeca\/#primaryimage"},"image":{"@id":"https:\/\/unrostore.com\/wabi-sabi-servies-horeca\/#primaryimage"},"thumbnailUrl":"https:\/\/unrostore.com\/wp-content\/uploads\/2023\/11\/unro-asian-fusion-servies-portugees.webp","datePublished":"2023-11-12T10:58:15+00:00","dateModified":"2023-11-12T11:26:25+00:00","description":"Enrichissez votre exp\u00e9rience de restauration avec notre vaisselle portugaise exclusive Wabi Sabi : charme naturel et \u00e9l\u00e9gance intemporelle dans chaque pi\u00e8ce fabriqu\u00e9e \u00e0 la main.","breadcrumb":{"@id":"https:\/\/unrostore.com\/wabi-sabi-servies-horeca\/#breadcrumb"},"inLanguage":"fr-FR","potentialAction":[{"@type":"ReadAction","target":["https:\/\/unrostore.com\/wabi-sabi-servies-horeca\/"]}]},{"@type":"ImageObject","inLanguage":"fr-FR","@id":"https:\/\/unrostore.com\/wabi-sabi-servies-horeca\/#primaryimage","url":"https:\/\/unrostore.com\/wp-content\/uploads\/2023\/11\/unro-asian-fusion-servies-portugees.webp","contentUrl":"https:\/\/unrostore.com\/wp-content\/uploads\/2023\/11\/unro-asian-fusion-servies-portugees.webp"},{"@type":"BreadcrumbList","@id":"https:\/\/unrostore.com\/wabi-sabi-servies-horeca\/#breadcrumb","itemListElement":[{"@type":"ListItem","position":1,"name":"Home","item":"https:\/\/unrostore.com\/"},{"@type":"ListItem","position":2,"name":"Wabi Sabi Servies Horeca"}]},{"@type":"WebSite","@id":"https:\/\/unrostore.com\/#website","url":"https:\/\/unrostore.com\/","name":"UNRO","description":"De la vaisselle portugaise qui vous rendra heureux !","publisher":{"@id":"https:\/\/unrostore.com\/#organization"},"potentialAction":[{"@type":"SearchAction","target":{"@type":"EntryPoint","urlTemplate":"https:\/\/unrostore.com\/?s={search_term_string}"},"query-input":{"@type":"PropertyValueSpecification","valueRequired":true,"valueName":"search_term_string"}}],"inLanguage":"fr-FR"},{"@type":"Organization","@id":"https:\/\/unrostore.com\/#organization","name":"UNRO","url":"https:\/\/unrostore.com\/","logo":{"@type":"ImageObject","inLanguage":"fr-FR","@id":"https:\/\/unrostore.com\/#\/schema\/logo\/image\/","url":"https:\/\/unrostore.com\/wp-content\/uploads\/2022\/05\/Logo-UNRO.png","contentUrl":"https:\/\/unrostore.com\/wp-content\/uploads\/2022\/05\/Logo-UNRO.png","width":605,"height":179,"caption":"UNRO"},"image":{"@id":"https:\/\/unrostore.com\/#\/schema\/logo\/image\/"}}]}},"_links":{"self":[{"href":"https:\/\/unrostore.com\/fr-fr\/wp-json\/wp\/v2\/pages\/6330","targetHints":{"allow":["GET"]}}],"collection":[{"href":"https:\/\/unrostore.com\/fr-fr\/wp-json\/wp\/v2\/pages"}],"about":[{"href":"https:\/\/unrostore.com\/fr-fr\/wp-json\/wp\/v2\/types\/page"}],"author":[{"embeddable":true,"href":"https:\/\/unrostore.com\/fr-fr\/wp-json\/wp\/v2\/users\/7"}],"replies":[{"embeddable":true,"href":"https:\/\/unrostore.com\/fr-fr\/wp-json\/wp\/v2\/comments?post=6330"}],"version-history":[{"count":0,"href":"https:\/\/unrostore.com\/fr-fr\/wp-json\/wp\/v2\/pages\/6330\/revisions"}],"wp:attachment":[{"href":"https:\/\/unrostore.com\/fr-fr\/wp-json\/wp\/v2\/media?parent=6330"}],"curies":[{"name":"wp","href":"https:\/\/api.w.org\/{rel}","templated":true}]}}