{"id":5033,"date":"2023-07-31T18:18:32","date_gmt":"2023-07-31T18:18:32","guid":{"rendered":"https:\/\/unrostore.com\/?page_id=5033"},"modified":"2024-08-11T08:26:33","modified_gmt":"2024-08-11T08:26:33","slug":"services-de-table","status":"publish","type":"page","link":"https:\/\/unrostore.com\/fr-fr\/services-de-table\/","title":{"rendered":"Services de table"},"content":{"rendered":"<div style=\"height:40px\" aria-hidden=\"true\" class=\"wp-block-spacer\"><\/div>\n\n\n\n<div class=\"wp-block-cover is-light\"><span aria-hidden=\"true\" class=\"wp-block-cover__background has-background-dim-20 has-background-dim\"><\/span><img loading=\"lazy\" decoding=\"async\" width=\"1000\" height=\"1000\" class=\"wp-block-cover__image-background wp-image-5791\" alt=\"service de table blanc\" src=\"https:\/\/unrostore.com\/wp-content\/uploads\/2022\/10\/unro-portugees-servies-wit-jpg.webp\" style=\"object-position:53% 41%\" data-object-fit=\"cover\" data-object-position=\"53% 41%\" srcset=\"https:\/\/unrostore.com\/wp-content\/uploads\/2022\/10\/unro-portugees-servies-wit-jpg.webp 1000w, https:\/\/unrostore.com\/wp-content\/uploads\/2022\/10\/unro-portugees-servies-wit-jpg-640x640.webp 640w, https:\/\/unrostore.com\/wp-content\/uploads\/2022\/10\/unro-portugees-servies-wit-300x300.webp 300w, https:\/\/unrostore.com\/wp-content\/uploads\/2022\/10\/unro-portugees-servies-wit-150x150.webp 150w, https:\/\/unrostore.com\/wp-content\/uploads\/2022\/10\/unro-portugees-servies-wit-768x768.webp 768w\" sizes=\"auto, (max-width: 1000px) 100vw, 1000px\" \/><div class=\"wp-block-cover__inner-container is-layout-flow wp-block-cover-is-layout-flow\">\n<h2 class=\"wp-block-heading has-text-align-center has-white-color has-text-color has-large-font-size\">Services de table<\/h2>\n\n\n\n<div class=\"wp-block-buttons is-content-justification-center is-layout-flex wp-container-core-buttons-is-layout-16018d1d wp-block-buttons-is-layout-flex\">\n<div class=\"wp-block-button\"><a class=\"wp-block-button__link has-pale-cyan-blue-background-color has-background wp-element-button\" href=\"https:\/\/unrostore.com\/fr-fr\/categorie-de-produits\/set-de-vaisselle\/\" style=\"border-radius:16px\">Voir tous les services de table<\/a><\/div>\n<\/div>\n<\/div><\/div>\n\n\n\n<div style=\"height:40px\" aria-hidden=\"true\" class=\"wp-block-spacer\"><\/div>\n\n\n\n<div class=\"wp-block-columns is-layout-flex wp-container-core-columns-is-layout-9d6595d7 wp-block-columns-is-layout-flex\">\n<div class=\"wp-block-column is-layout-flow wp-block-column-is-layout-flow\">\n<div class=\"wp-block-cover is-light\"><span aria-hidden=\"true\" class=\"wp-block-cover__background has-background-dim-20 has-background-dim\"><\/span><img loading=\"lazy\" decoding=\"async\" width=\"1000\" height=\"1000\" class=\"wp-block-cover__image-background wp-image-5940\" alt=\"service de table bleu avec assiettes \u00e0 p\u00e2tes\" src=\"https:\/\/unrostore.com\/wp-content\/uploads\/2023\/05\/unro-blauw-serives-set-portugees-servies.jpg\" data-object-fit=\"cover\" srcset=\"https:\/\/unrostore.com\/wp-content\/uploads\/2023\/05\/unro-blauw-serives-set-portugees-servies.jpg 1000w, https:\/\/unrostore.com\/wp-content\/uploads\/2023\/05\/unro-blauw-serives-set-portugees-servies-640x640.jpg 640w, https:\/\/unrostore.com\/wp-content\/uploads\/2023\/05\/unro-blauw-serives-set-portugees-servies-300x300.jpg 300w, https:\/\/unrostore.com\/wp-content\/uploads\/2023\/05\/unro-blauw-serives-set-portugees-servies-150x150.jpg 150w, https:\/\/unrostore.com\/wp-content\/uploads\/2023\/05\/unro-blauw-serives-set-portugees-servies-768x768.jpg 768w\" sizes=\"auto, (max-width: 1000px) 100vw, 1000px\" \/><div class=\"wp-block-cover__inner-container is-layout-flow wp-block-cover-is-layout-flow\">\n<h2 class=\"wp-block-heading has-text-align-center has-white-color has-text-color has-large-font-size\">Set de vaisselle P\u00e2tes<\/h2>\n\n\n\n<div class=\"wp-block-buttons is-content-justification-center is-layout-flex wp-container-core-buttons-is-layout-16018d1d wp-block-buttons-is-layout-flex\">\n<div class=\"wp-block-button\"><a class=\"wp-block-button__link has-pale-cyan-blue-background-color has-background wp-element-button\" href=\"https:\/\/unrostore.com\/fr-fr\/categorie-de-produits\/set-de-pates-12-pieces\/\" style=\"border-radius:16px\">Voir les services de table pour p\u00e2tes<\/a><\/div>\n<\/div>\n<\/div><\/div>\n<\/div>\n\n\n\n<div class=\"wp-block-column is-layout-flow wp-block-column-is-layout-flow\">\n<div class=\"wp-block-cover is-light\"><span aria-hidden=\"true\" class=\"wp-block-cover__background has-background-dim-20 has-background-dim\"><\/span><img decoding=\"async\" class=\"wp-block-cover__image-background wp-image-3373\" alt=\"Service de vaisselle Amazonia Cream - Vaisselle en c\u00e9ramique portugaise pour 4 personnes\" src=\"https:\/\/unrostore.com\/wp-content\/uploads\/2023\/01\/unro-portugees-servies-amazonia-cream-serviesset-4-personen-terrafina-768x1024.jpg\" style=\"object-position:36% 48%\" data-object-fit=\"cover\" data-object-position=\"36% 48%\"\/><div class=\"wp-block-cover__inner-container is-layout-flow wp-block-cover-is-layout-flow\">\n<h2 class=\"wp-block-heading has-text-align-center has-white-color has-text-color has-large-font-size\">Services de table plats<\/h2>\n\n\n\n<div class=\"wp-block-buttons is-content-justification-center is-layout-flex wp-container-core-buttons-is-layout-16018d1d wp-block-buttons-is-layout-flex\">\n<div class=\"wp-block-button\"><a class=\"wp-block-button__link has-pale-cyan-blue-background-color has-background wp-element-button\" href=\"https:\/\/unrostore.com\/fr-fr\/categorie-de-produits\/service-de-table-12-pieces\/\" style=\"border-radius:16px\">Voir les ensembles de vaisselle Bols<\/a><\/div>\n<\/div>\n<\/div><\/div>\n<\/div>\n\n\n\n<div class=\"wp-block-column is-layout-flow wp-block-column-is-layout-flow\">\n<div class=\"wp-block-cover is-light\"><span aria-hidden=\"true\" class=\"wp-block-cover__background has-background-dim-20 has-background-dim\"><\/span><img loading=\"lazy\" decoding=\"async\" width=\"1000\" height=\"1000\" class=\"wp-block-cover__image-background wp-image-5762\" alt=\"vaisselle blanche 16 pi\u00e8ces\" src=\"https:\/\/unrostore.com\/wp-content\/uploads\/2023\/09\/unro-portugees-servies-wit-pastaborden-kommen.jpg\" data-object-fit=\"cover\" srcset=\"https:\/\/unrostore.com\/wp-content\/uploads\/2023\/09\/unro-portugees-servies-wit-pastaborden-kommen.jpg 1000w, https:\/\/unrostore.com\/wp-content\/uploads\/2023\/09\/unro-portugees-servies-wit-pastaborden-kommen-640x640.jpg 640w, https:\/\/unrostore.com\/wp-content\/uploads\/2023\/09\/unro-portugees-servies-wit-pastaborden-kommen-300x300.webp 300w, https:\/\/unrostore.com\/wp-content\/uploads\/2023\/09\/unro-portugees-servies-wit-pastaborden-kommen-150x150.webp 150w, https:\/\/unrostore.com\/wp-content\/uploads\/2023\/09\/unro-portugees-servies-wit-pastaborden-kommen-768x768.webp 768w\" sizes=\"auto, (max-width: 1000px) 100vw, 1000px\" \/><div class=\"wp-block-cover__inner-container is-layout-flow wp-block-cover-is-layout-flow\">\n<h2 class=\"wp-block-heading has-text-align-center has-white-color has-text-color has-large-font-size\">Vaisselle 16 pi\u00e8ces<\/h2>\n\n\n\n<div class=\"wp-block-buttons is-content-justification-center is-layout-flex wp-container-core-buttons-is-layout-16018d1d wp-block-buttons-is-layout-flex\">\n<div class=\"wp-block-button\"><a class=\"wp-block-button__link has-pale-cyan-blue-background-color has-background wp-element-button\" href=\"https:\/\/unrostore.com\/fr-fr\/categorie-de-produits\/vaisselle-16-pieces\/\" style=\"border-radius:16px\">Voir Vaisselle 16 pi\u00e8ces<\/a><\/div>\n<\/div>\n<\/div><\/div>\n<\/div>\n<\/div>\n\n\n\n<div style=\"height:50px\" aria-hidden=\"true\" class=\"wp-block-spacer\"><\/div>\n\n\n\n<div class=\"wp-block-columns is-layout-flex wp-container-core-columns-is-layout-9d6595d7 wp-block-columns-is-layout-flex\">\n<div class=\"wp-block-column is-layout-flow wp-block-column-is-layout-flow\" style=\"flex-basis:5%\"><\/div>\n\n\n\n<div class=\"wp-block-column is-layout-flow wp-block-column-is-layout-flow\" style=\"flex-basis:90%\">\n<h3 class=\"wp-block-heading\">Services de table de diff\u00e9rentes compositions<\/h3>\n\n\n\n<p>Vous souhaitez acheter de la belle vaisselle ? Trouvez votre service de table pr\u00e9f\u00e9r\u00e9 en c\u00e9ramique faite \u00e0 la main au Portugal par <a href=\"https:\/\/www.terrafinastore.com\/en\/representatives\/unro\" target=\"_blank\" rel=\"noreferrer noopener\"><strong><mark style=\"background-color:rgba(0, 0, 0, 0);color:#f18874\" class=\"has-inline-color\">Terrafina<\/mark><\/strong><\/a>. A partir d'un <a href=\"https:\/\/unrostore.com\/fr-fr\/categorie-de-produits\/terrafina\/vaisselle-noire-pierre-noire-2\/\"><strong><mark style=\"background-color:rgba(0, 0, 0, 0);color:#f18874\" class=\"has-inline-color\">service de table noir <\/mark><\/strong><\/a>\ud83d\udda4 \u00e0 <strong><a href=\"https:\/\/unrostore.com\/fr-fr\/categorie-de-produits\/terrafina\/voile\/\"><mark style=\"background-color:rgba(0, 0, 0, 0);color:#f18874\" class=\"has-inline-color\">vaisselle bleue et blanche<\/mark><\/a><\/strong> et <strong><a href=\"https:\/\/unrostore.com\/fr-fr\/categorie-de-produits\/terrafina\/coraux\/\"><mark style=\"background-color:rgba(0, 0, 0, 0);color:#f18874\" class=\"has-inline-color\">vaisselle color\u00e9e<\/mark><\/a><\/strong> \ud83d\udc99\ud83d\udc9b, vous trouverez tout ici. Nous proposons des services de vaisselle pour 4 personnes sous forme de service de table avec assiettes \u00e0 p\u00e2tes (vaisselle 12 pi\u00e8ces), de services de vaisselle avec petits bols (vaisselle 12 pi\u00e8ces) et de services de vaisselle avec \u00e0 la fois des bols et des ensembles d'assiettes \u00e0 p\u00e2tes (vaisselle 16 pi\u00e8ces).\u00a0<\/p>\n\n\n\n<p>Les sets de table sont pr\u00e9vus pour 4 personnes \ud83d\udc68\u200d\ud83d\udc69\u200d\ud83d\udc67\u200d\ud83d\udc66 mais peuvent facilement \u00eatre \u00e9tendus pour plusieurs. Vous pouvez donc utiliser les <a href=\"https:\/\/unrostore.com\/fr-fr\/signes\/\"><strong><mark style=\"background-color:rgba(0, 0, 0, 0);color:#f18874\" class=\"has-inline-color\">jeux d'assiettes<\/mark><\/strong><\/a> <a href=\"https:\/\/unrostore.com\/fr-fr\/categorie-de-produits\/assiettes-a-dejeuner\/\"><strong><mark style=\"background-color:rgba(0, 0, 0, 0);color:#f18874\" class=\"has-inline-color\">assiettes \u00e0 d\u00e9jeuner\/assiettes \u00e0 p\u00e2tisserie<\/mark><\/strong><\/a>, <a href=\"https:\/\/unrostore.com\/fr-fr\/categorie-de-produits\/assiettes-plates\/\"><strong><mark style=\"background-color:rgba(0, 0, 0, 0);color:#f18874\" class=\"has-inline-color\">assiettes plates<\/mark><\/strong><\/a> & <a href=\"https:\/\/unrostore.com\/fr-fr\/categorie-de-produits\/assiettes-a-pates-2\/\"><strong><mark style=\"background-color:rgba(0, 0, 0, 0);color:#f18874\" class=\"has-inline-color\">assiettes \u00e0 p\u00e2tes\/assiettes \u00e0 soupe<\/mark><\/strong><\/a> acheter par 4 assiettes et le <a href=\"https:\/\/unrostore.com\/fr-fr\/categorie-de-produits\/bols\/\"><strong><mark style=\"background-color:rgba(0, 0, 0, 0);color:#f18874\" class=\"has-inline-color\">bols<\/mark><\/strong><\/a> Acheter des sets par 2 plateaux.\u00a0<\/p>\n\n\n\n<p>Mais ces sets de table peuvent \u00e9galement \u00eatre m\u00e9lang\u00e9s et assortis avec la vaisselle de couleur diff\u00e9rente et combin\u00e9s avec les sets de table assortis. <a href=\"https:\/\/unrostore.com\/fr-fr\/categorie-de-produits\/plats-de-service\/\"><strong><mark style=\"background-color:rgba(0, 0, 0, 0);color:#f18874\" class=\"has-inline-color\">plats de service<\/mark><\/strong><\/a>Les bols \u00e0 fruits, les bols \u00e0 salade et les <a href=\"https:\/\/unrostore.com\/fr-fr\/tasses-a-cafe\/\"><strong><mark style=\"background-color:rgba(0, 0, 0, 0);color:#f18874\" class=\"has-inline-color\">tasses et mugs<\/mark><\/strong><\/a> de la m\u00eame collection de vaisselle. Parcourez notre gamme de services de vaisselle et d\u00e9couvrez votre pr\u00e9f\u00e9r\u00e9 !<\/p>\n\n\n\n<div style=\"height:40px\" aria-hidden=\"true\" class=\"wp-block-spacer\"><\/div>\n\n\n\n<h3 class=\"wp-block-heading\">Set de vaisselle P\u00e2tes<\/h3>\n\n\n\n<p>Nos sets de table avec assiettes \u00e0 p\u00e2tes \ud83c\udf5d sont des sets de table de 12 pi\u00e8ces compos\u00e9s de : 1 set d'assiettes de 4 assiettes \u00e0 d\u00e9jeuner, 1 set d'assiettes de 4 assiettes \u00e0 d\u00eener et 1 set d'assiettes de 4 assiettes \u00e0 p\u00e2tes. Les assiettes \u00e0 p\u00e2tes de ce service sont des assiettes profondes qui peuvent \u00e9galement servir d'assiettes \u00e0 soupe et d'assiettes \u00e0 salade. En outre, ces assiettes profondes conviennent parfaitement \u00e0 votre bol acaia.\u00a0<\/p>\n\n\n\n<div style=\"height:40px\" aria-hidden=\"true\" class=\"wp-block-spacer\"><\/div>\n\n\n\n<h3 class=\"wp-block-heading\">Services de table Bols<\/h3>\n\n\n\n<p>La vaisselle 12 pi\u00e8ces avec bols est un v\u00e9ritable classique. Ce service de table pour 4 personnes convient \u00e0 tout moment de la journ\u00e9e et aux occasions sp\u00e9ciales comme \u00e0 l'usage quotidien. Pendant votre petit-d\u00e9jeuner, utilisez les bols comme plats \u00e0 yaourt \ud83e\udd63. Tandis que pendant le d\u00e9jeuner ou le d\u00eener, les bols sont id\u00e9aux comme bols \u00e0 tapas et bols \u00e0 soupe ! <br><br>Les assiettes \u00e0 d\u00e9jeuner sont \u00e9galement polyvalentes : elles peuvent servir d'assiettes \u00e0 d\u00e9jeuner, d'assiettes \u00e0 d\u00eener, d'assiettes \u00e0 g\u00e2teaux et d'assiettes pour les ap\u00e9ritifs ou les repas partag\u00e9s. Les assiettes \u00e0 d\u00eener, quant \u00e0 elles, peuvent \u00eatre utilis\u00e9es comme assiettes de service\/bols ainsi que comme assiettes \u00e0 d\u00eener. La grande taille des assiettes \u00e0 d\u00eener donne un aspect chic \u00e0 vos plats ou offre suffisamment d'espace pour servir de la nourriture lors de vos soir\u00e9es snack (saines).\u00a0<\/p>\n\n\n\n<div style=\"height:40px\" aria-hidden=\"true\" class=\"wp-block-spacer\"><\/div>\n\n\n\n<h3 class=\"wp-block-heading\">Vaisselle 16 pi\u00e8ces<\/h3>\n\n\n\n<p>Vous souhaitez un service de table complet, mais vous n'arrivez pas \u00e0 vous d\u00e9cider entre les assiettes \u00e0 p\u00e2tes et les bols ? Dans ce cas, le service de table de 16 pi\u00e8ces comprenant \u00e0 la fois des bols et des assiettes \u00e0 p\u00e2tes est une v\u00e9ritable aubaine. Les assiettes \u00e0 p\u00e2tes sont \u00e9galement tr\u00e8s pratiques en tant que bols \u00e0 a\u00e7a\u00ef, assiettes \u00e0 soupe, assiettes \u00e0 salade et assiettes creuses. Les bols, quant \u00e0 eux, sont parfaits pour les yaourts, les petits plats et les tapas. D\u00e9couvrez par vous-m\u00eame la polyvalence d'un service de table complet ! \u2728<\/p>\n<\/div>\n\n\n\n<div class=\"wp-block-column is-layout-flow wp-block-column-is-layout-flow\" style=\"flex-basis:5%\"><\/div>\n<\/div>","protected":false},"excerpt":{"rendered":"<p>Services de table dans diff\u00e9rentes compositions Vous souhaitez acheter de la belle vaisselle ? Alors trouvez votre service de vaisselle pr\u00e9f\u00e9r\u00e9 en c\u00e9ramique artisanale du Portugal par Terrafina. D'un service de vaisselle noir \ud83d\udda4 \u00e0 de la vaisselle bleu blanc en passant par de la vaisselle color\u00e9e \ud83d\udc99\ud83d\udc9b, vous trouverez tout ici. Nous proposons des services de vaisselle pour 4 personnes comme un service de vaisselle avec...<\/p>","protected":false},"author":1,"featured_media":0,"parent":0,"menu_order":0,"comment_status":"closed","ping_status":"closed","template":"","meta":{"footnotes":""},"class_list":["post-5033","page","type-page","status-publish","hentry"],"yoast_head":"<!-- This site is optimized with the Yoast SEO plugin v27.6 - https:\/\/yoast.com\/product\/yoast-seo-wordpress\/ -->\n<title>Serviessets &#8226; UNRO<\/title>\n<meta name=\"description\" content=\"Ontdek hier ons aanbod aan kleurrijke moderne serviessets met een uniek design die op een eerlijke manier handgemaakt worden in Portugal!\" \/>\n<meta name=\"robots\" content=\"index, follow, max-snippet:-1, max-image-preview:large, max-video-preview:-1\" \/>\n<link rel=\"canonical\" href=\"https:\/\/unrostore.com\/fr-fr\/services-de-table\/\" \/>\n<meta property=\"og:locale\" content=\"fr_FR\" \/>\n<meta property=\"og:type\" content=\"article\" \/>\n<meta property=\"og:title\" content=\"Serviessets &#8226; UNRO\" \/>\n<meta property=\"og:description\" content=\"Ontdek hier ons aanbod aan kleurrijke moderne serviessets met een uniek design die op een eerlijke manier handgemaakt worden in Portugal!\" \/>\n<meta property=\"og:url\" content=\"https:\/\/unrostore.com\/fr-fr\/services-de-table\/\" \/>\n<meta property=\"og:site_name\" content=\"UNRO\" \/>\n<meta property=\"article:modified_time\" content=\"2024-08-11T08:26:33+00:00\" \/>\n<meta property=\"og:image\" content=\"https:\/\/unrostore.com\/wp-content\/uploads\/2022\/10\/unro-portugees-servies-wit-jpg.webp\" \/>\n<meta name=\"twitter:card\" content=\"summary_large_image\" \/>\n<script type=\"application\/ld+json\" class=\"yoast-schema-graph\">{\"@context\":\"https:\\\/\\\/schema.org\",\"@graph\":[{\"@type\":\"WebPage\",\"@id\":\"https:\\\/\\\/unrostore.com\\\/serviessets\\\/\",\"url\":\"https:\\\/\\\/unrostore.com\\\/serviessets\\\/\",\"name\":\"Serviessets &#8226; UNRO\",\"isPartOf\":{\"@id\":\"https:\\\/\\\/unrostore.com\\\/#website\"},\"primaryImageOfPage\":{\"@id\":\"https:\\\/\\\/unrostore.com\\\/serviessets\\\/#primaryimage\"},\"image\":{\"@id\":\"https:\\\/\\\/unrostore.com\\\/serviessets\\\/#primaryimage\"},\"thumbnailUrl\":\"https:\\\/\\\/unrostore.com\\\/wp-content\\\/uploads\\\/2022\\\/10\\\/unro-portugees-servies-wit-jpg.webp\",\"datePublished\":\"2023-07-31T18:18:32+00:00\",\"dateModified\":\"2024-08-11T08:26:33+00:00\",\"description\":\"Ontdek hier ons aanbod aan kleurrijke moderne serviessets met een uniek design die op een eerlijke manier handgemaakt worden in Portugal!\",\"breadcrumb\":{\"@id\":\"https:\\\/\\\/unrostore.com\\\/serviessets\\\/#breadcrumb\"},\"inLanguage\":\"fr-FR\",\"potentialAction\":[{\"@type\":\"ReadAction\",\"target\":[\"https:\\\/\\\/unrostore.com\\\/serviessets\\\/\"]}]},{\"@type\":\"ImageObject\",\"inLanguage\":\"fr-FR\",\"@id\":\"https:\\\/\\\/unrostore.com\\\/serviessets\\\/#primaryimage\",\"url\":\"https:\\\/\\\/unrostore.com\\\/wp-content\\\/uploads\\\/2022\\\/10\\\/unro-portugees-servies-wit-jpg.webp\",\"contentUrl\":\"https:\\\/\\\/unrostore.com\\\/wp-content\\\/uploads\\\/2022\\\/10\\\/unro-portugees-servies-wit-jpg.webp\"},{\"@type\":\"BreadcrumbList\",\"@id\":\"https:\\\/\\\/unrostore.com\\\/serviessets\\\/#breadcrumb\",\"itemListElement\":[{\"@type\":\"ListItem\",\"position\":1,\"name\":\"Home\",\"item\":\"https:\\\/\\\/unrostore.com\\\/\"},{\"@type\":\"ListItem\",\"position\":2,\"name\":\"Serviessets\"}]},{\"@type\":\"WebSite\",\"@id\":\"https:\\\/\\\/unrostore.com\\\/#website\",\"url\":\"https:\\\/\\\/unrostore.com\\\/\",\"name\":\"UNRO\",\"description\":\"Portugees servies waar je blij van wordt!\",\"publisher\":{\"@id\":\"https:\\\/\\\/unrostore.com\\\/#organization\"},\"potentialAction\":[{\"@type\":\"SearchAction\",\"target\":{\"@type\":\"EntryPoint\",\"urlTemplate\":\"https:\\\/\\\/unrostore.com\\\/?s={search_term_string}\"},\"query-input\":{\"@type\":\"PropertyValueSpecification\",\"valueRequired\":true,\"valueName\":\"search_term_string\"}}],\"inLanguage\":\"fr-FR\"},{\"@type\":\"Organization\",\"@id\":\"https:\\\/\\\/unrostore.com\\\/#organization\",\"name\":\"UNRO\",\"url\":\"https:\\\/\\\/unrostore.com\\\/\",\"logo\":{\"@type\":\"ImageObject\",\"inLanguage\":\"fr-FR\",\"@id\":\"https:\\\/\\\/unrostore.com\\\/#\\\/schema\\\/logo\\\/image\\\/\",\"url\":\"https:\\\/\\\/unrostore.com\\\/wp-content\\\/uploads\\\/2022\\\/05\\\/Logo-UNRO.png\",\"contentUrl\":\"https:\\\/\\\/unrostore.com\\\/wp-content\\\/uploads\\\/2022\\\/05\\\/Logo-UNRO.png\",\"width\":605,\"height\":179,\"caption\":\"UNRO\"},\"image\":{\"@id\":\"https:\\\/\\\/unrostore.com\\\/#\\\/schema\\\/logo\\\/image\\\/\"}}]}<\/script>\n<!-- \/ Yoast SEO plugin. -->","yoast_head_json":{"title":"Services de table - UNRO","description":"D\u00e9couvrez notre gamme d'articles de table modernes et color\u00e9s au design unique, fabriqu\u00e9s \u00e0 la main au Portugal.","robots":{"index":"index","follow":"follow","max-snippet":"max-snippet:-1","max-image-preview":"max-image-preview:large","max-video-preview":"max-video-preview:-1"},"canonical":"https:\/\/unrostore.com\/fr-fr\/services-de-table\/","og_locale":"fr_FR","og_type":"article","og_title":"Serviessets &#8226; UNRO","og_description":"Ontdek hier ons aanbod aan kleurrijke moderne serviessets met een uniek design die op een eerlijke manier handgemaakt worden in Portugal!","og_url":"https:\/\/unrostore.com\/fr-fr\/services-de-table\/","og_site_name":"UNRO","article_modified_time":"2024-08-11T08:26:33+00:00","og_image":[{"url":"https:\/\/unrostore.com\/wp-content\/uploads\/2022\/10\/unro-portugees-servies-wit-jpg.webp","type":"","width":"","height":""}],"twitter_card":"summary_large_image","schema":{"@context":"https:\/\/schema.org","@graph":[{"@type":"WebPage","@id":"https:\/\/unrostore.com\/serviessets\/","url":"https:\/\/unrostore.com\/serviessets\/","name":"Services de table - UNRO","isPartOf":{"@id":"https:\/\/unrostore.com\/#website"},"primaryImageOfPage":{"@id":"https:\/\/unrostore.com\/serviessets\/#primaryimage"},"image":{"@id":"https:\/\/unrostore.com\/serviessets\/#primaryimage"},"thumbnailUrl":"https:\/\/unrostore.com\/wp-content\/uploads\/2022\/10\/unro-portugees-servies-wit-jpg.webp","datePublished":"2023-07-31T18:18:32+00:00","dateModified":"2024-08-11T08:26:33+00:00","description":"D\u00e9couvrez notre gamme d'articles de table modernes et color\u00e9s au design unique, fabriqu\u00e9s \u00e0 la main au Portugal.","breadcrumb":{"@id":"https:\/\/unrostore.com\/serviessets\/#breadcrumb"},"inLanguage":"fr-FR","potentialAction":[{"@type":"ReadAction","target":["https:\/\/unrostore.com\/serviessets\/"]}]},{"@type":"ImageObject","inLanguage":"fr-FR","@id":"https:\/\/unrostore.com\/serviessets\/#primaryimage","url":"https:\/\/unrostore.com\/wp-content\/uploads\/2022\/10\/unro-portugees-servies-wit-jpg.webp","contentUrl":"https:\/\/unrostore.com\/wp-content\/uploads\/2022\/10\/unro-portugees-servies-wit-jpg.webp"},{"@type":"BreadcrumbList","@id":"https:\/\/unrostore.com\/serviessets\/#breadcrumb","itemListElement":[{"@type":"ListItem","position":1,"name":"Home","item":"https:\/\/unrostore.com\/"},{"@type":"ListItem","position":2,"name":"Serviessets"}]},{"@type":"WebSite","@id":"https:\/\/unrostore.com\/#website","url":"https:\/\/unrostore.com\/","name":"UNRO","description":"De la vaisselle portugaise qui vous rendra heureux !","publisher":{"@id":"https:\/\/unrostore.com\/#organization"},"potentialAction":[{"@type":"SearchAction","target":{"@type":"EntryPoint","urlTemplate":"https:\/\/unrostore.com\/?s={search_term_string}"},"query-input":{"@type":"PropertyValueSpecification","valueRequired":true,"valueName":"search_term_string"}}],"inLanguage":"fr-FR"},{"@type":"Organization","@id":"https:\/\/unrostore.com\/#organization","name":"UNRO","url":"https:\/\/unrostore.com\/","logo":{"@type":"ImageObject","inLanguage":"fr-FR","@id":"https:\/\/unrostore.com\/#\/schema\/logo\/image\/","url":"https:\/\/unrostore.com\/wp-content\/uploads\/2022\/05\/Logo-UNRO.png","contentUrl":"https:\/\/unrostore.com\/wp-content\/uploads\/2022\/05\/Logo-UNRO.png","width":605,"height":179,"caption":"UNRO"},"image":{"@id":"https:\/\/unrostore.com\/#\/schema\/logo\/image\/"}}]}},"_links":{"self":[{"href":"https:\/\/unrostore.com\/fr-fr\/wp-json\/wp\/v2\/pages\/5033","targetHints":{"allow":["GET"]}}],"collection":[{"href":"https:\/\/unrostore.com\/fr-fr\/wp-json\/wp\/v2\/pages"}],"about":[{"href":"https:\/\/unrostore.com\/fr-fr\/wp-json\/wp\/v2\/types\/page"}],"author":[{"embeddable":true,"href":"https:\/\/unrostore.com\/fr-fr\/wp-json\/wp\/v2\/users\/1"}],"replies":[{"embeddable":true,"href":"https:\/\/unrostore.com\/fr-fr\/wp-json\/wp\/v2\/comments?post=5033"}],"version-history":[{"count":0,"href":"https:\/\/unrostore.com\/fr-fr\/wp-json\/wp\/v2\/pages\/5033\/revisions"}],"wp:attachment":[{"href":"https:\/\/unrostore.com\/fr-fr\/wp-json\/wp\/v2\/media?parent=5033"}],"curies":[{"name":"wp","href":"https:\/\/api.w.org\/{rel}","templated":true}]}}