{"id":4995,"date":"2023-07-29T14:05:37","date_gmt":"2023-07-29T14:05:37","guid":{"rendered":"https:\/\/unrostore.com\/?page_id=4995"},"modified":"2024-08-11T09:56:19","modified_gmt":"2024-08-11T09:56:19","slug":"bols-et-plateaux","status":"publish","type":"page","link":"https:\/\/unrostore.com\/fr-fr\/bols-et-plateaux\/","title":{"rendered":"Bols et plateaux"},"content":{"rendered":"<div style=\"height:40px\" aria-hidden=\"true\" class=\"wp-block-spacer\"><\/div>\n\n\n\n<div class=\"wp-block-cover is-light\"><span aria-hidden=\"true\" class=\"wp-block-cover__background has-background-dim-20 has-background-dim\"><\/span><img loading=\"lazy\" decoding=\"async\" width=\"2560\" height=\"1600\" class=\"wp-block-cover__image-background wp-image-4996\" alt=\"sail white oval serving bowls - 2-size - handmade ceramics - modern Portuguese tableware at UNRO\" src=\"https:\/\/unrostore.com\/wp-content\/uploads\/2023\/07\/unro-wit-servies-handgemaakt-keramiek-serveerschalen-serveerkom-fruitschaal-edited-scaled.jpg\" style=\"object-position:47% 43%\" data-object-fit=\"cover\" data-object-position=\"47% 43%\" srcset=\"https:\/\/unrostore.com\/wp-content\/uploads\/2023\/07\/unro-wit-servies-handgemaakt-keramiek-serveerschalen-serveerkom-fruitschaal-edited-scaled.jpg 2560w, https:\/\/unrostore.com\/wp-content\/uploads\/2023\/07\/unro-wit-servies-handgemaakt-keramiek-serveerschalen-serveerkom-fruitschaal-edited-scaled-1000x625.jpg 1000w, https:\/\/unrostore.com\/wp-content\/uploads\/2023\/07\/unro-wit-servies-handgemaakt-keramiek-serveerschalen-serveerkom-fruitschaal-edited-300x188.jpg 300w, https:\/\/unrostore.com\/wp-content\/uploads\/2023\/07\/unro-wit-servies-handgemaakt-keramiek-serveerschalen-serveerkom-fruitschaal-edited-1024x640.jpg 1024w, https:\/\/unrostore.com\/wp-content\/uploads\/2023\/07\/unro-wit-servies-handgemaakt-keramiek-serveerschalen-serveerkom-fruitschaal-edited-768x480.jpg 768w, https:\/\/unrostore.com\/wp-content\/uploads\/2023\/07\/unro-wit-servies-handgemaakt-keramiek-serveerschalen-serveerkom-fruitschaal-edited-1536x960.jpg 1536w, https:\/\/unrostore.com\/wp-content\/uploads\/2023\/07\/unro-wit-servies-handgemaakt-keramiek-serveerschalen-serveerkom-fruitschaal-edited-2048x1280.jpg 2048w, https:\/\/unrostore.com\/wp-content\/uploads\/2023\/07\/unro-wit-servies-handgemaakt-keramiek-serveerschalen-serveerkom-fruitschaal-edited-20x12.jpg 20w\" sizes=\"auto, (max-width: 2560px) 100vw, 2560px\" \/><div class=\"wp-block-cover__inner-container is-layout-flow wp-block-cover-is-layout-flow\">\n<h1 class=\"wp-block-heading has-text-align-center has-white-color has-text-color has-large-font-size\">Bols et bols \u2193<\/h1>\n<\/div><\/div>\n\n\n\n<div style=\"height:40px\" aria-hidden=\"true\" class=\"wp-block-spacer\"><\/div>\n\n\n\n<div class=\"wp-block-columns is-layout-flex wp-container-core-columns-is-layout-9d6595d7 wp-block-columns-is-layout-flex\">\n<div class=\"wp-block-column is-layout-flow wp-block-column-is-layout-flow\">\n<div class=\"wp-block-cover is-light\"><span aria-hidden=\"true\" class=\"wp-block-cover__background has-background-dim-20 has-background-dim\"><\/span><img loading=\"lazy\" decoding=\"async\" width=\"1024\" height=\"1024\" class=\"wp-block-cover__image-background wp-image-4997\" alt=\"\" src=\"https:\/\/unrostore.com\/wp-content\/uploads\/2023\/07\/unro-witte-kommen-sail-handgemaakt-keramiek-1024x1024.jpg\" style=\"object-position:30% 64%\" data-object-fit=\"cover\" data-object-position=\"30% 64%\" srcset=\"https:\/\/unrostore.com\/wp-content\/uploads\/2023\/07\/unro-witte-kommen-sail-handgemaakt-keramiek-1024x1024.jpg 1024w, https:\/\/unrostore.com\/wp-content\/uploads\/2023\/07\/unro-witte-kommen-sail-handgemaakt-keramiek-640x640.jpg 640w, https:\/\/unrostore.com\/wp-content\/uploads\/2023\/07\/unro-witte-kommen-sail-handgemaakt-keramiek-1000x1000.jpg 1000w, https:\/\/unrostore.com\/wp-content\/uploads\/2023\/07\/unro-witte-kommen-sail-handgemaakt-keramiek-300x300.jpg 300w, https:\/\/unrostore.com\/wp-content\/uploads\/2023\/07\/unro-witte-kommen-sail-handgemaakt-keramiek-150x150.jpg 150w, https:\/\/unrostore.com\/wp-content\/uploads\/2023\/07\/unro-witte-kommen-sail-handgemaakt-keramiek-768x768.jpg 768w\" sizes=\"auto, (max-width: 1024px) 100vw, 1024px\" \/><div class=\"wp-block-cover__inner-container is-layout-flow wp-block-cover-is-layout-flow\">\n<h2 class=\"wp-block-heading has-text-align-center has-white-color has-text-color has-large-font-size\">Bols<\/h2>\n\n\n\n<div class=\"wp-block-buttons is-content-justification-center is-layout-flex wp-container-core-buttons-is-layout-16018d1d wp-block-buttons-is-layout-flex\">\n<div class=\"wp-block-button\"><a class=\"wp-block-button__link has-pale-cyan-blue-background-color has-background wp-element-button\" href=\"https:\/\/unrostore.com\/fr-fr\/categorie-de-produits\/bols\/\" style=\"border-radius:16px\">Voir tout venir<\/a><\/div>\n<\/div>\n<\/div><\/div>\n<\/div>\n\n\n\n<div class=\"wp-block-column is-layout-flow wp-block-column-is-layout-flow\">\n<div class=\"wp-block-cover is-light\"><span aria-hidden=\"true\" class=\"wp-block-cover__background has-background-dim-20 has-background-dim\"><\/span><img loading=\"lazy\" decoding=\"async\" width=\"1024\" height=\"1024\" class=\"wp-block-cover__image-background wp-image-4998\" alt=\"\" src=\"https:\/\/unrostore.com\/wp-content\/uploads\/2023\/07\/unro-kleurrijke-serveerschalen-corals-1024x1024.jpg\" style=\"object-position:63% 47%\" data-object-fit=\"cover\" data-object-position=\"63% 47%\" srcset=\"https:\/\/unrostore.com\/wp-content\/uploads\/2023\/07\/unro-kleurrijke-serveerschalen-corals-1024x1024.jpg 1024w, https:\/\/unrostore.com\/wp-content\/uploads\/2023\/07\/unro-kleurrijke-serveerschalen-corals-640x640.jpg 640w, https:\/\/unrostore.com\/wp-content\/uploads\/2023\/07\/unro-kleurrijke-serveerschalen-corals-1000x1000.jpg 1000w, https:\/\/unrostore.com\/wp-content\/uploads\/2023\/07\/unro-kleurrijke-serveerschalen-corals-300x300.jpg 300w, https:\/\/unrostore.com\/wp-content\/uploads\/2023\/07\/unro-kleurrijke-serveerschalen-corals-150x150.jpg 150w, https:\/\/unrostore.com\/wp-content\/uploads\/2023\/07\/unro-kleurrijke-serveerschalen-corals-768x768.jpg 768w\" sizes=\"auto, (max-width: 1024px) 100vw, 1024px\" \/><div class=\"wp-block-cover__inner-container is-layout-flow wp-block-cover-is-layout-flow\">\n<h2 class=\"wp-block-heading has-text-align-center has-white-color has-text-color has-large-font-size\">Set de plats de service<\/h2>\n\n\n\n<div class=\"wp-block-buttons is-content-justification-center is-layout-flex wp-container-core-buttons-is-layout-16018d1d wp-block-buttons-is-layout-flex\">\n<div class=\"wp-block-button\"><a class=\"wp-block-button__link has-pale-cyan-blue-background-color has-background wp-element-button\" href=\"https:\/\/unrostore.com\/fr-fr\/categorie-de-produits\/plats-de-service\/\" style=\"border-radius:16px\">Voir tous les plats de service<\/a><\/div>\n<\/div>\n<\/div><\/div>\n<\/div>\n\n\n\n<div class=\"wp-block-column is-layout-flow wp-block-column-is-layout-flow\">\n<div class=\"wp-block-cover is-light\"><span aria-hidden=\"true\" class=\"wp-block-cover__background has-background-dim-20 has-background-dim\"><\/span><img loading=\"lazy\" decoding=\"async\" width=\"1000\" height=\"1000\" class=\"wp-block-cover__image-background wp-image-6028\" alt=\"bol \u00e0 fruits\" src=\"https:\/\/unrostore.com\/wp-content\/uploads\/2022\/10\/unro-creme-salade-schaal.jpg\" style=\"object-position:52% 56%\" data-object-fit=\"cover\" data-object-position=\"52% 56%\" srcset=\"https:\/\/unrostore.com\/wp-content\/uploads\/2022\/10\/unro-creme-salade-schaal.jpg 1000w, https:\/\/unrostore.com\/wp-content\/uploads\/2022\/10\/unro-creme-salade-schaal-640x640.jpg 640w, https:\/\/unrostore.com\/wp-content\/uploads\/2022\/10\/unro-creme-salade-schaal-300x300.jpg 300w, https:\/\/unrostore.com\/wp-content\/uploads\/2022\/10\/unro-creme-salade-schaal-150x150.jpg 150w, https:\/\/unrostore.com\/wp-content\/uploads\/2022\/10\/unro-creme-salade-schaal-768x768.jpg 768w\" sizes=\"auto, (max-width: 1000px) 100vw, 1000px\" \/><div class=\"wp-block-cover__inner-container is-layout-flow wp-block-cover-is-layout-flow\">\n<h2 class=\"wp-block-heading has-text-align-center has-white-color has-text-color has-large-font-size\">Bols \u00e0 fruits et bols \u00e0 salade<\/h2>\n\n\n\n<div class=\"wp-block-buttons is-content-justification-center is-layout-flex wp-container-core-buttons-is-layout-16018d1d wp-block-buttons-is-layout-flex\">\n<div class=\"wp-block-button\"><a class=\"wp-block-button__link has-pale-cyan-blue-background-color has-background wp-element-button\" href=\"https:\/\/unrostore.com\/fr-fr\/categorie-de-produits\/bols-a-fruits-et-a-salade\/\" style=\"border-radius:16px\">Voir tous les plateaux<\/a><\/div>\n<\/div>\n<\/div><\/div>\n<\/div>\n<\/div>\n\n\n\n<div style=\"height:50px\" aria-hidden=\"true\" class=\"wp-block-spacer\"><\/div>\n\n\n\n<div class=\"wp-block-columns is-layout-flex wp-container-core-columns-is-layout-9d6595d7 wp-block-columns-is-layout-flex\">\n<div class=\"wp-block-column is-layout-flow wp-block-column-is-layout-flow\" style=\"flex-basis:5%\"><\/div>\n\n\n\n<div class=\"wp-block-column is-layout-flow wp-block-column-is-layout-flow\" style=\"flex-basis:90%\">\n<h3 class=\"wp-block-heading\">Divers bols et plats<\/h3>\n\n\n\n<p>Venez voir les bols, petits bols, bols \u00e0 soupe, bols de service, bols \u00e0 fruits et bols \u00e0 salade de <a href=\"https:\/\/www.terrafinastore.com\/en\/representatives\/unro\" target=\"_blank\" rel=\"noreferrer noopener\"><strong><mark style=\"background-color:rgba(0, 0, 0, 0);color:#f18874\" class=\"has-inline-color\">Terrafina<\/mark><\/strong><\/a>. Vous \u00eates assur\u00e9 de trouver le bon bol pour chaque plat, pour le servir ou le desservir magnifiquement. Des bols \u00e0 yaourt id\u00e9aux pour votre petit-d\u00e9jeuner sain ou comme bols \u00e0 dessert \ud83c\udf68 \ud83c\udf67 ou bols \u00e0 bonbons \ud83c\udf6c pour votre coffee time ou high tea \ud83c\udf70 \ud83e\uded6 , mais aussi parfaits comme bols \u00e0 bijoux, par exemple pour offrir en cadeau.&nbsp;<\/p>\n\n\n\n<p>Les grands plats de service, quant \u00e0 eux, sont tr\u00e8s pratiques comme coupes \u00e0 fruits, saladiers ou plats \u00e0 four. La vaisselle portugaise est fabriqu\u00e9e \u00e0 la main en c\u00e9ramique et r\u00e9siste au lave-vaisselle, au micro-ondes et au four (jusqu'\u00e0 200 degr\u00e9s). Combinez votre grand bol de service rond avec les petits bols et plats pour une soir\u00e9e snacks (sains) agr\u00e9able o\u00f9 votre table est joliment d\u00e9cor\u00e9e avec les c\u00e9ramiques portugaises modernes uniques. \ud83c\udf47 \ud83e\uddc0 \ud83c\udf77<\/p>\n\n\n\n<div style=\"height:40px\" aria-hidden=\"true\" class=\"wp-block-spacer\"><\/div>\n\n\n\n<h3 class=\"wp-block-heading\">Bols<\/h3>\n\n\n\n<p>Notre gamme de bols est tr\u00e8s polyvalente. Vous pouvez utiliser les petits bols comme bols \u00e0 soupe, bols \u00e0 d\u00e9jeuner ou bols \u00e0 tapas. Les bols bleus, cr\u00e8me et verts de la collection Amazonia sont des petits bols qui conviennent parfaitement comme bols \u00e0 bijoux, bols \u00e0 tapas, bols \u00e0 bonbons ou bols \u00e0 dessert. \ud83c\udf6a Tandis que les <a href=\"https:\/\/unrostore.com\/fr-fr\/categorie-de-produits\/terrafina\/voile\/\"><strong><mark style=\"background-color:rgba(0, 0, 0, 0);color:#f18874\" class=\"has-inline-color\">Sail<\/mark><\/strong><\/a>, <a href=\"https:\/\/unrostore.com\/fr-fr\/categorie-de-produits\/terrafina\/cafe-4\/\"><strong><mark style=\"background-color:rgba(0, 0, 0, 0);color:#f18874\" class=\"has-inline-color\">Coffee<\/mark><\/strong><\/a> et <a href=\"https:\/\/unrostore.com\/fr-fr\/categorie-de-produits\/terrafina\/coraux\/\"><strong><mark style=\"background-color:rgba(0, 0, 0, 0);color:#f18874\" class=\"has-inline-color\">Corals<\/mark><\/strong><\/a> sont de taille plus importante et conviennent parfaitement comme bol \u00e0 yaourt, bol \u00e0 soupe ou bol \u00e0 petit-d\u00e9jeuner. \ud83e\udd63<\/p>\n\n\n\n<div style=\"height:40px\" aria-hidden=\"true\" class=\"wp-block-spacer\"><\/div>\n\n\n\n<h3 class=\"wp-block-heading\">Set de plats de service<\/h3>\n\n\n\n<p>Les grands bols de table portugais faits \u00e0 la main peuvent \u00eatre achet\u00e9s par lot de 2 ou 4 bols de service. L'ensemble de 2 bols de service, comme le <a href=\"https:\/\/unrostore.com\/fr-fr\/boutique\/terrafina\/voile\/witte-ovale-serveerschalen\/\"><strong><mark style=\"background-color:rgba(0, 0, 0, 0);color:#f18874\" class=\"has-inline-color\">plats de service blancs<\/mark><\/strong><\/a>Le plat de service est compos\u00e9 d'un grand et d'un moyen plat. Ces plats plats en c\u00e9ramique de forme ovale conviennent \u00e9galement comme plats \u00e0 four et peuvent \u00eatre chauff\u00e9s jusqu'\u00e0 200 degr\u00e9s. Les bols plats peuvent \u00e9galement \u00eatre utilis\u00e9s comme coupes \u00e0 fruits ou (grands) saladiers. De plus, les bols faits \u00e0 la main sont magnifiques sur la table, surtout avec la vaisselle de la collection de vaisselle assortie. Mais le set de 2 bols de service constitue \u00e9galement un tr\u00e8s beau cadeau lors d'une pendaison de cr\u00e9maill\u00e8re, d'un anniversaire ou d'une autre f\u00eate. \ud83c\udf89<\/p>\n\n\n\n<div style=\"height:40px\" aria-hidden=\"true\" class=\"wp-block-spacer\"><\/div>\n\n\n\n<h3 class=\"wp-block-heading\">Coupe de fruits et salade<\/h3>\n\n\n\n<p>Notre gamme de bols de service ronds et profonds portugais faits \u00e0 la main sont parfaits comme bols \u00e0 fruits \ud83e\udd5d \ud83c\udf4a\ud83c\udf53 et bols \u00e0 salade. Que pensez-vous de la <a href=\"https:\/\/unrostore.com\/fr-fr\/boutique\/terrafina\/vert-damazonie\/coupe-a-fruits-vert-amazonia\/\"><strong><mark style=\"background-color:rgba(0, 0, 0, 0);color:#f18874\" class=\"has-inline-color\">coupe de fruits verts<\/mark><\/strong><\/a> en c\u00e9ramique ? La couleur noire offre un beau contraste avec vos fruits, salades ou autres plats color\u00e9s ! Mais les grands bols en c\u00e9ramique sont \u00e9galement parfaits comme saladiers. \ud83e\udd57 Que vous utilisiez les bols de service comme bol \u00e0 fruits ou bol \u00e0 salade, ils font bonne figure sur votre table \u00e0 manger, dans votre cuisine ou sur votre \u00eelot de cuisine, mais ils constituent \u00e9galement un beau cadeau pour un anniversaire, une pendaison de cr\u00e9maill\u00e8re ou pour les f\u00eates ! \ud83c\udf84<\/p>\n<\/div>\n\n\n\n<div class=\"wp-block-column is-layout-flow wp-block-column-is-layout-flow\" style=\"flex-basis:5%\"><\/div>\n<\/div>","protected":false},"excerpt":{"rendered":"<p>Divers bols et plats Venez d\u00e9couvrir les bols, petits bols, bols \u00e0 soupe, bols de service, bols \u00e0 fruits et saladiers de Terrafina. Vous \u00eates assur\u00e9 de trouver le bon bol pour chaque plat, pour le servir ou le mettre en valeur. Des bols \u00e0 yaourt id\u00e9aux pour votre petit d\u00e9jeuner sain ou comme bols \u00e0 dessert \ud83c\udf68 \ud83c\udf67 ou bols \u00e0 bonbons \ud83c\udf6c....<\/p>","protected":false},"author":1,"featured_media":0,"parent":0,"menu_order":0,"comment_status":"closed","ping_status":"closed","template":"","meta":{"footnotes":""},"class_list":["post-4995","page","type-page","status-publish","hentry"],"yoast_head":"<!-- This site is optimized with the Yoast SEO plugin v27.4 - https:\/\/yoast.com\/product\/yoast-seo-wordpress\/ -->\n<title>Kommen en Schalen &#8226; UNRO<\/title>\n<meta name=\"description\" content=\"Kom kijken naar het aanbod kommen, soepkom, schalen, fruitschalen en saladeschalen. Voor jouw ontbijt, high tea of hapjes avond!\" \/>\n<meta name=\"robots\" content=\"index, follow, max-snippet:-1, max-image-preview:large, max-video-preview:-1\" \/>\n<link rel=\"canonical\" href=\"https:\/\/unrostore.com\/fr-fr\/bols-et-plateaux\/\" \/>\n<meta property=\"og:locale\" content=\"fr_FR\" \/>\n<meta property=\"og:type\" content=\"article\" \/>\n<meta property=\"og:title\" content=\"Kommen en Schalen &#8226; UNRO\" \/>\n<meta property=\"og:description\" content=\"Kom kijken naar het aanbod kommen, soepkom, schalen, fruitschalen en saladeschalen. Voor jouw ontbijt, high tea of hapjes avond!\" \/>\n<meta property=\"og:url\" content=\"https:\/\/unrostore.com\/fr-fr\/bols-et-plateaux\/\" \/>\n<meta property=\"og:site_name\" content=\"UNRO\" \/>\n<meta property=\"article:modified_time\" content=\"2024-08-11T09:56:19+00:00\" \/>\n<meta property=\"og:image\" content=\"https:\/\/unrostore.com\/wp-content\/uploads\/2023\/07\/unro-wit-servies-handgemaakt-keramiek-serveerschalen-serveerkom-fruitschaal-edited-scaled.jpg\" \/>\n<meta name=\"twitter:card\" content=\"summary_large_image\" \/>\n<script type=\"application\/ld+json\" class=\"yoast-schema-graph\">{\"@context\":\"https:\\\/\\\/schema.org\",\"@graph\":[{\"@type\":\"WebPage\",\"@id\":\"https:\\\/\\\/unrostore.com\\\/kommen-en-schalen\\\/\",\"url\":\"https:\\\/\\\/unrostore.com\\\/kommen-en-schalen\\\/\",\"name\":\"Kommen en Schalen &#8226; UNRO\",\"isPartOf\":{\"@id\":\"https:\\\/\\\/unrostore.com\\\/#website\"},\"primaryImageOfPage\":{\"@id\":\"https:\\\/\\\/unrostore.com\\\/kommen-en-schalen\\\/#primaryimage\"},\"image\":{\"@id\":\"https:\\\/\\\/unrostore.com\\\/kommen-en-schalen\\\/#primaryimage\"},\"thumbnailUrl\":\"https:\\\/\\\/unrostore.com\\\/wp-content\\\/uploads\\\/2023\\\/07\\\/unro-wit-servies-handgemaakt-keramiek-serveerschalen-serveerkom-fruitschaal-edited-scaled.jpg\",\"datePublished\":\"2023-07-29T14:05:37+00:00\",\"dateModified\":\"2024-08-11T09:56:19+00:00\",\"description\":\"Kom kijken naar het aanbod kommen, soepkom, schalen, fruitschalen en saladeschalen. Voor jouw ontbijt, high tea of hapjes avond!\",\"breadcrumb\":{\"@id\":\"https:\\\/\\\/unrostore.com\\\/kommen-en-schalen\\\/#breadcrumb\"},\"inLanguage\":\"fr-FR\",\"potentialAction\":[{\"@type\":\"ReadAction\",\"target\":[\"https:\\\/\\\/unrostore.com\\\/kommen-en-schalen\\\/\"]}]},{\"@type\":\"ImageObject\",\"inLanguage\":\"fr-FR\",\"@id\":\"https:\\\/\\\/unrostore.com\\\/kommen-en-schalen\\\/#primaryimage\",\"url\":\"https:\\\/\\\/unrostore.com\\\/wp-content\\\/uploads\\\/2023\\\/07\\\/unro-wit-servies-handgemaakt-keramiek-serveerschalen-serveerkom-fruitschaal-edited-scaled.jpg\",\"contentUrl\":\"https:\\\/\\\/unrostore.com\\\/wp-content\\\/uploads\\\/2023\\\/07\\\/unro-wit-servies-handgemaakt-keramiek-serveerschalen-serveerkom-fruitschaal-edited-scaled.jpg\"},{\"@type\":\"BreadcrumbList\",\"@id\":\"https:\\\/\\\/unrostore.com\\\/kommen-en-schalen\\\/#breadcrumb\",\"itemListElement\":[{\"@type\":\"ListItem\",\"position\":1,\"name\":\"Home\",\"item\":\"https:\\\/\\\/unrostore.com\\\/\"},{\"@type\":\"ListItem\",\"position\":2,\"name\":\"Kommen en Schalen\"}]},{\"@type\":\"WebSite\",\"@id\":\"https:\\\/\\\/unrostore.com\\\/#website\",\"url\":\"https:\\\/\\\/unrostore.com\\\/\",\"name\":\"UNRO\",\"description\":\"Portugees servies waar je blij van wordt!\",\"publisher\":{\"@id\":\"https:\\\/\\\/unrostore.com\\\/#organization\"},\"potentialAction\":[{\"@type\":\"SearchAction\",\"target\":{\"@type\":\"EntryPoint\",\"urlTemplate\":\"https:\\\/\\\/unrostore.com\\\/?s={search_term_string}\"},\"query-input\":{\"@type\":\"PropertyValueSpecification\",\"valueRequired\":true,\"valueName\":\"search_term_string\"}}],\"inLanguage\":\"fr-FR\"},{\"@type\":\"Organization\",\"@id\":\"https:\\\/\\\/unrostore.com\\\/#organization\",\"name\":\"UNRO\",\"url\":\"https:\\\/\\\/unrostore.com\\\/\",\"logo\":{\"@type\":\"ImageObject\",\"inLanguage\":\"fr-FR\",\"@id\":\"https:\\\/\\\/unrostore.com\\\/#\\\/schema\\\/logo\\\/image\\\/\",\"url\":\"https:\\\/\\\/unrostore.com\\\/wp-content\\\/uploads\\\/2022\\\/05\\\/Logo-UNRO.png\",\"contentUrl\":\"https:\\\/\\\/unrostore.com\\\/wp-content\\\/uploads\\\/2022\\\/05\\\/Logo-UNRO.png\",\"width\":605,\"height\":179,\"caption\":\"UNRO\"},\"image\":{\"@id\":\"https:\\\/\\\/unrostore.com\\\/#\\\/schema\\\/logo\\\/image\\\/\"}}]}<\/script>\n<!-- \/ Yoast SEO plugin. -->","yoast_head_json":{"title":"Bols et plateaux - UNRO","description":"Venez d\u00e9couvrir la gamme de bols, bols \u00e0 soupe, plateaux, coupes \u00e0 fruits et saladiers. Pour votre petit-d\u00e9jeuner, votre go\u00fbter ou vos collations en soir\u00e9e !","robots":{"index":"index","follow":"follow","max-snippet":"max-snippet:-1","max-image-preview":"max-image-preview:large","max-video-preview":"max-video-preview:-1"},"canonical":"https:\/\/unrostore.com\/fr-fr\/bols-et-plateaux\/","og_locale":"fr_FR","og_type":"article","og_title":"Kommen en Schalen &#8226; UNRO","og_description":"Kom kijken naar het aanbod kommen, soepkom, schalen, fruitschalen en saladeschalen. Voor jouw ontbijt, high tea of hapjes avond!","og_url":"https:\/\/unrostore.com\/fr-fr\/bols-et-plateaux\/","og_site_name":"UNRO","article_modified_time":"2024-08-11T09:56:19+00:00","og_image":[{"url":"https:\/\/unrostore.com\/wp-content\/uploads\/2023\/07\/unro-wit-servies-handgemaakt-keramiek-serveerschalen-serveerkom-fruitschaal-edited-scaled.jpg","type":"","width":"","height":""}],"twitter_card":"summary_large_image","schema":{"@context":"https:\/\/schema.org","@graph":[{"@type":"WebPage","@id":"https:\/\/unrostore.com\/kommen-en-schalen\/","url":"https:\/\/unrostore.com\/kommen-en-schalen\/","name":"Bols et plateaux - UNRO","isPartOf":{"@id":"https:\/\/unrostore.com\/#website"},"primaryImageOfPage":{"@id":"https:\/\/unrostore.com\/kommen-en-schalen\/#primaryimage"},"image":{"@id":"https:\/\/unrostore.com\/kommen-en-schalen\/#primaryimage"},"thumbnailUrl":"https:\/\/unrostore.com\/wp-content\/uploads\/2023\/07\/unro-wit-servies-handgemaakt-keramiek-serveerschalen-serveerkom-fruitschaal-edited-scaled.jpg","datePublished":"2023-07-29T14:05:37+00:00","dateModified":"2024-08-11T09:56:19+00:00","description":"Venez d\u00e9couvrir la gamme de bols, bols \u00e0 soupe, plateaux, coupes \u00e0 fruits et saladiers. Pour votre petit-d\u00e9jeuner, votre go\u00fbter ou vos collations en soir\u00e9e !","breadcrumb":{"@id":"https:\/\/unrostore.com\/kommen-en-schalen\/#breadcrumb"},"inLanguage":"fr-FR","potentialAction":[{"@type":"ReadAction","target":["https:\/\/unrostore.com\/kommen-en-schalen\/"]}]},{"@type":"ImageObject","inLanguage":"fr-FR","@id":"https:\/\/unrostore.com\/kommen-en-schalen\/#primaryimage","url":"https:\/\/unrostore.com\/wp-content\/uploads\/2023\/07\/unro-wit-servies-handgemaakt-keramiek-serveerschalen-serveerkom-fruitschaal-edited-scaled.jpg","contentUrl":"https:\/\/unrostore.com\/wp-content\/uploads\/2023\/07\/unro-wit-servies-handgemaakt-keramiek-serveerschalen-serveerkom-fruitschaal-edited-scaled.jpg"},{"@type":"BreadcrumbList","@id":"https:\/\/unrostore.com\/kommen-en-schalen\/#breadcrumb","itemListElement":[{"@type":"ListItem","position":1,"name":"Home","item":"https:\/\/unrostore.com\/"},{"@type":"ListItem","position":2,"name":"Kommen en Schalen"}]},{"@type":"WebSite","@id":"https:\/\/unrostore.com\/#website","url":"https:\/\/unrostore.com\/","name":"UNRO","description":"De la vaisselle portugaise qui vous rendra heureux !","publisher":{"@id":"https:\/\/unrostore.com\/#organization"},"potentialAction":[{"@type":"SearchAction","target":{"@type":"EntryPoint","urlTemplate":"https:\/\/unrostore.com\/?s={search_term_string}"},"query-input":{"@type":"PropertyValueSpecification","valueRequired":true,"valueName":"search_term_string"}}],"inLanguage":"fr-FR"},{"@type":"Organization","@id":"https:\/\/unrostore.com\/#organization","name":"UNRO","url":"https:\/\/unrostore.com\/","logo":{"@type":"ImageObject","inLanguage":"fr-FR","@id":"https:\/\/unrostore.com\/#\/schema\/logo\/image\/","url":"https:\/\/unrostore.com\/wp-content\/uploads\/2022\/05\/Logo-UNRO.png","contentUrl":"https:\/\/unrostore.com\/wp-content\/uploads\/2022\/05\/Logo-UNRO.png","width":605,"height":179,"caption":"UNRO"},"image":{"@id":"https:\/\/unrostore.com\/#\/schema\/logo\/image\/"}}]}},"_links":{"self":[{"href":"https:\/\/unrostore.com\/fr-fr\/wp-json\/wp\/v2\/pages\/4995","targetHints":{"allow":["GET"]}}],"collection":[{"href":"https:\/\/unrostore.com\/fr-fr\/wp-json\/wp\/v2\/pages"}],"about":[{"href":"https:\/\/unrostore.com\/fr-fr\/wp-json\/wp\/v2\/types\/page"}],"author":[{"embeddable":true,"href":"https:\/\/unrostore.com\/fr-fr\/wp-json\/wp\/v2\/users\/1"}],"replies":[{"embeddable":true,"href":"https:\/\/unrostore.com\/fr-fr\/wp-json\/wp\/v2\/comments?post=4995"}],"version-history":[{"count":0,"href":"https:\/\/unrostore.com\/fr-fr\/wp-json\/wp\/v2\/pages\/4995\/revisions"}],"wp:attachment":[{"href":"https:\/\/unrostore.com\/fr-fr\/wp-json\/wp\/v2\/media?parent=4995"}],"curies":[{"name":"wp","href":"https:\/\/api.w.org\/{rel}","templated":true}]}}