{"id":4951,"date":"2023-07-23T16:35:24","date_gmt":"2023-07-23T16:35:24","guid":{"rendered":"https:\/\/unrostore.com\/?page_id=4951"},"modified":"2024-08-11T10:03:53","modified_gmt":"2024-08-11T10:03:53","slug":"tasses-a-cafe","status":"publish","type":"page","link":"https:\/\/unrostore.com\/fr-fr\/tasses-a-cafe\/","title":{"rendered":"Tasses \u00e0 caf\u00e9"},"content":{"rendered":"<div style=\"height:50px\" aria-hidden=\"true\" class=\"wp-block-spacer\"><\/div>\n\n\n\n<div class=\"wp-block-cover is-light\"><span aria-hidden=\"true\" class=\"wp-block-cover__background has-background-dim-20 has-background-dim\"><\/span><img loading=\"lazy\" decoding=\"async\" width=\"2560\" height=\"1600\" class=\"wp-block-cover__image-background wp-image-4952\" alt=\"Tasses \u00e0 caf\u00e9\" src=\"https:\/\/unrostore.com\/wp-content\/uploads\/2023\/07\/unro-creme-blauw-groen-mokken-en-kopjes-handgemaakt-keramiek-edited-scaled.jpg\" style=\"object-position:49% 58%\" data-object-fit=\"cover\" data-object-position=\"49% 58%\" srcset=\"https:\/\/unrostore.com\/wp-content\/uploads\/2023\/07\/unro-creme-blauw-groen-mokken-en-kopjes-handgemaakt-keramiek-edited-scaled.jpg 2560w, https:\/\/unrostore.com\/wp-content\/uploads\/2023\/07\/unro-creme-blauw-groen-mokken-en-kopjes-handgemaakt-keramiek-edited-scaled-1000x625.jpg 1000w, https:\/\/unrostore.com\/wp-content\/uploads\/2023\/07\/unro-creme-blauw-groen-mokken-en-kopjes-handgemaakt-keramiek-edited-300x188.jpg 300w, https:\/\/unrostore.com\/wp-content\/uploads\/2023\/07\/unro-creme-blauw-groen-mokken-en-kopjes-handgemaakt-keramiek-edited-1024x640.jpg 1024w, https:\/\/unrostore.com\/wp-content\/uploads\/2023\/07\/unro-creme-blauw-groen-mokken-en-kopjes-handgemaakt-keramiek-edited-768x480.jpg 768w, https:\/\/unrostore.com\/wp-content\/uploads\/2023\/07\/unro-creme-blauw-groen-mokken-en-kopjes-handgemaakt-keramiek-edited-1536x960.jpg 1536w, https:\/\/unrostore.com\/wp-content\/uploads\/2023\/07\/unro-creme-blauw-groen-mokken-en-kopjes-handgemaakt-keramiek-edited-2048x1280.jpg 2048w, https:\/\/unrostore.com\/wp-content\/uploads\/2023\/07\/unro-creme-blauw-groen-mokken-en-kopjes-handgemaakt-keramiek-edited-20x12.jpg 20w\" sizes=\"auto, (max-width: 2560px) 100vw, 2560px\" \/><div class=\"wp-block-cover__inner-container is-layout-flow wp-block-cover-is-layout-flow\">\n<h1 class=\"wp-block-heading has-text-align-center has-white-color has-text-color has-large-font-size\">Tasses \u00e0 caf\u00e9<\/h1>\n\n\n\n<div class=\"wp-block-buttons is-content-justification-center is-layout-flex wp-container-core-buttons-is-layout-16018d1d wp-block-buttons-is-layout-flex\">\n<div class=\"wp-block-button\"><a class=\"wp-block-button__link has-pale-cyan-blue-background-color has-background wp-element-button\" href=\"https:\/\/unrostore.com\/fr-fr\/categorie-de-produits\/tasses-et-mugs\/\" style=\"border-radius:16px\">Voir toutes les coupes<\/a><\/div>\n<\/div>\n<\/div><\/div>\n\n\n\n<div style=\"height:40px\" aria-hidden=\"true\" class=\"wp-block-spacer\"><\/div>\n\n\n\n<div class=\"wp-block-columns is-layout-flex wp-container-core-columns-is-layout-9d6595d7 wp-block-columns-is-layout-flex\">\n<div class=\"wp-block-column is-layout-flow wp-block-column-is-layout-flow\">\n<div class=\"wp-block-cover is-light\"><span aria-hidden=\"true\" class=\"wp-block-cover__background has-background-dim-20 has-background-dim\"><\/span><img loading=\"lazy\" decoding=\"async\" width=\"2000\" height=\"2000\" class=\"wp-block-cover__image-background wp-image-4955\" alt=\"Tasses \u00e0 espresso avec anse\" src=\"https:\/\/unrostore.com\/wp-content\/uploads\/2023\/07\/unro-creme-espresso-kopjes-met-oor.jpg\" style=\"object-position:36% 55%\" data-object-fit=\"cover\" data-object-position=\"36% 55%\" srcset=\"https:\/\/unrostore.com\/wp-content\/uploads\/2023\/07\/unro-creme-espresso-kopjes-met-oor.jpg 2000w, https:\/\/unrostore.com\/wp-content\/uploads\/2023\/07\/unro-creme-espresso-kopjes-met-oor-640x640.jpg 640w, https:\/\/unrostore.com\/wp-content\/uploads\/2023\/07\/unro-creme-espresso-kopjes-met-oor-1000x1000.jpg 1000w, https:\/\/unrostore.com\/wp-content\/uploads\/2023\/07\/unro-creme-espresso-kopjes-met-oor-300x300.jpg 300w, https:\/\/unrostore.com\/wp-content\/uploads\/2023\/07\/unro-creme-espresso-kopjes-met-oor-1024x1024.jpg 1024w, https:\/\/unrostore.com\/wp-content\/uploads\/2023\/07\/unro-creme-espresso-kopjes-met-oor-150x150.jpg 150w, https:\/\/unrostore.com\/wp-content\/uploads\/2023\/07\/unro-creme-espresso-kopjes-met-oor-768x768.jpg 768w, https:\/\/unrostore.com\/wp-content\/uploads\/2023\/07\/unro-creme-espresso-kopjes-met-oor-1536x1536.jpg 1536w\" sizes=\"auto, (max-width: 2000px) 100vw, 2000px\" \/><div class=\"wp-block-cover__inner-container is-layout-flow wp-block-cover-is-layout-flow\">\n<div class=\"wp-block-group is-vertical is-content-justification-center is-layout-flex wp-container-core-group-is-layout-48c2c4f0 wp-block-group-is-layout-flex\">\n<div class=\"wp-block-group is-vertical is-content-justification-center is-layout-flex wp-container-core-group-is-layout-48c2c4f0 wp-block-group-is-layout-flex\">\n<h2 class=\"wp-block-heading has-text-align-center has-white-color has-text-color has-large-font-size\">Tasses \u00e0 espresso <\/h2>\n\n\n\n<h2 class=\"wp-block-heading has-text-align-center has-white-color has-text-color has-large-font-size\">par l'oreille<\/h2>\n<\/div>\n<\/div>\n\n\n\n<div class=\"wp-block-buttons is-content-justification-center is-layout-flex wp-container-core-buttons-is-layout-16018d1d wp-block-buttons-is-layout-flex\">\n<div class=\"wp-block-button\"><a class=\"wp-block-button__link has-pale-cyan-blue-background-color has-background wp-element-button\" href=\"https:\/\/unrostore.com\/fr-fr\/categorie-de-produits\/tasses-a-espresso-2\/\" style=\"border-radius:16px\">Voir toutes les tasses \u00e0 espresso<\/a><\/div>\n<\/div>\n<\/div><\/div>\n<\/div>\n\n\n\n<div class=\"wp-block-column is-layout-flow wp-block-column-is-layout-flow\">\n<div class=\"wp-block-cover is-light\"><span aria-hidden=\"true\" class=\"wp-block-cover__background has-background-dim-20 has-background-dim\"><\/span><img loading=\"lazy\" decoding=\"async\" width=\"2000\" height=\"2000\" class=\"wp-block-cover__image-background wp-image-4956\" alt=\"Tasses \u00e0 espresso sans anse\" src=\"https:\/\/unrostore.com\/wp-content\/uploads\/2023\/07\/unro-blauwe-espresso-kopjes-zonder-oor.jpg\" style=\"object-position:73% 58%\" data-object-fit=\"cover\" data-object-position=\"73% 58%\" srcset=\"https:\/\/unrostore.com\/wp-content\/uploads\/2023\/07\/unro-blauwe-espresso-kopjes-zonder-oor.jpg 2000w, https:\/\/unrostore.com\/wp-content\/uploads\/2023\/07\/unro-blauwe-espresso-kopjes-zonder-oor-640x640.jpg 640w, https:\/\/unrostore.com\/wp-content\/uploads\/2023\/07\/unro-blauwe-espresso-kopjes-zonder-oor-1000x1000.jpg 1000w, https:\/\/unrostore.com\/wp-content\/uploads\/2023\/07\/unro-blauwe-espresso-kopjes-zonder-oor-300x300.jpg 300w, https:\/\/unrostore.com\/wp-content\/uploads\/2023\/07\/unro-blauwe-espresso-kopjes-zonder-oor-1024x1024.jpg 1024w, https:\/\/unrostore.com\/wp-content\/uploads\/2023\/07\/unro-blauwe-espresso-kopjes-zonder-oor-150x150.jpg 150w, https:\/\/unrostore.com\/wp-content\/uploads\/2023\/07\/unro-blauwe-espresso-kopjes-zonder-oor-768x768.jpg 768w, https:\/\/unrostore.com\/wp-content\/uploads\/2023\/07\/unro-blauwe-espresso-kopjes-zonder-oor-1536x1536.jpg 1536w\" sizes=\"auto, (max-width: 2000px) 100vw, 2000px\" \/><div class=\"wp-block-cover__inner-container is-layout-flow wp-block-cover-is-layout-flow\">\n<div class=\"wp-block-group is-vertical is-content-justification-center is-layout-flex wp-container-core-group-is-layout-4b2eccd6 wp-block-group-is-layout-flex\">\n<h2 class=\"wp-block-heading has-text-align-center has-white-color has-text-color has-large-font-size\">Tasses \u00e0 espresso <\/h2>\n\n\n\n<h2 class=\"wp-block-heading has-text-align-center has-white-color has-text-color has-large-font-size\">sans oreille<\/h2>\n<\/div>\n\n\n\n<div class=\"wp-block-buttons is-content-justification-center is-layout-flex wp-container-core-buttons-is-layout-16018d1d wp-block-buttons-is-layout-flex\">\n<div class=\"wp-block-button\"><a class=\"wp-block-button__link has-pale-cyan-blue-background-color has-background wp-element-button\" href=\"https:\/\/unrostore.com\/fr-fr\/categorie-de-produits\/tasses-a-espresso-sans-anse\/\" style=\"border-radius:16px\">Voir toutes les tasses sans poign\u00e9e<\/a><\/div>\n<\/div>\n<\/div><\/div>\n<\/div>\n\n\n\n<div class=\"wp-block-column is-layout-flow wp-block-column-is-layout-flow\">\n<div class=\"wp-block-cover is-light\"><span aria-hidden=\"true\" class=\"wp-block-cover__background has-background-dim-20 has-background-dim\"><\/span><img loading=\"lazy\" decoding=\"async\" width=\"2000\" height=\"2000\" class=\"wp-block-cover__image-background wp-image-4957\" alt=\"Tasses \u00e0 caf\u00e9\" src=\"https:\/\/unrostore.com\/wp-content\/uploads\/2023\/07\/unro-groene-koffiemokken-portugees-servies-handgemaakt-keramiek.jpg\" data-object-fit=\"cover\" srcset=\"https:\/\/unrostore.com\/wp-content\/uploads\/2023\/07\/unro-groene-koffiemokken-portugees-servies-handgemaakt-keramiek.jpg 2000w, https:\/\/unrostore.com\/wp-content\/uploads\/2023\/07\/unro-groene-koffiemokken-portugees-servies-handgemaakt-keramiek-640x640.jpg 640w, https:\/\/unrostore.com\/wp-content\/uploads\/2023\/07\/unro-groene-koffiemokken-portugees-servies-handgemaakt-keramiek-1000x1000.jpg 1000w, https:\/\/unrostore.com\/wp-content\/uploads\/2023\/07\/unro-groene-koffiemokken-portugees-servies-handgemaakt-keramiek-300x300.jpg 300w, https:\/\/unrostore.com\/wp-content\/uploads\/2023\/07\/unro-groene-koffiemokken-portugees-servies-handgemaakt-keramiek-1024x1024.jpg 1024w, https:\/\/unrostore.com\/wp-content\/uploads\/2023\/07\/unro-groene-koffiemokken-portugees-servies-handgemaakt-keramiek-150x150.jpg 150w, https:\/\/unrostore.com\/wp-content\/uploads\/2023\/07\/unro-groene-koffiemokken-portugees-servies-handgemaakt-keramiek-768x768.jpg 768w, https:\/\/unrostore.com\/wp-content\/uploads\/2023\/07\/unro-groene-koffiemokken-portugees-servies-handgemaakt-keramiek-1536x1536.jpg 1536w\" sizes=\"auto, (max-width: 2000px) 100vw, 2000px\" \/><div class=\"wp-block-cover__inner-container is-layout-flow wp-block-cover-is-layout-flow\">\n<h2 class=\"wp-block-heading has-text-align-center has-white-color has-text-color has-large-font-size\">Koffiemokken & <\/h2>\n\n\n\n<h2 class=\"wp-block-heading has-text-align-center has-white-color has-text-color has-large-font-size\">Tasses \u00e0 th\u00e9<\/h2>\n\n\n\n<div class=\"wp-block-buttons is-content-justification-center is-layout-flex wp-container-core-buttons-is-layout-16018d1d wp-block-buttons-is-layout-flex\">\n<div class=\"wp-block-button\"><a class=\"wp-block-button__link has-pale-cyan-blue-background-color has-background wp-element-button\" href=\"https:\/\/unrostore.com\/fr-fr\/categorie-de-produits\/tasses-a-cappuccino\/\" style=\"border-radius:16px\">Voir toutes les tasses \u00e0 caf\u00e9<\/a><\/div>\n<\/div>\n<\/div><\/div>\n<\/div>\n<\/div>\n\n\n\n<div style=\"height:50px\" aria-hidden=\"true\" class=\"wp-block-spacer\"><\/div>\n\n\n\n<div class=\"wp-block-columns is-layout-flex wp-container-core-columns-is-layout-9d6595d7 wp-block-columns-is-layout-flex\">\n<div class=\"wp-block-column is-layout-flow wp-block-column-is-layout-flow\" style=\"flex-basis:5%\"><\/div>\n\n\n\n<div class=\"wp-block-column is-layout-flow wp-block-column-is-layout-flow\" style=\"flex-basis:90%\">\n<h3 class=\"wp-block-heading\">Une vari\u00e9t\u00e9 de tasses \u00e0 caf\u00e9<\/h3>\n\n\n\n<p>Vous cherchez la tasse \u00e0 caf\u00e9 parfaite pour votre expresso, cappuccino, latte macchiato, chai latte ou th\u00e9 ? Ou \u00eates-vous encore \u00e0 la recherche d'un cadeau amusant et original pour une pendaison de cr\u00e9maill\u00e8re \ud83c\udfe1\ud83c\udf89 ou un anniversaire ? \ud83e\udd73\ud83c\udf82 Alors consultez notre gamme vari\u00e9e de tasses \u00e0 expresso color\u00e9es, modernes et uniques avec ou sans oreille, de tasses \u00e0 caf\u00e9 ou de tasses \u00e0 th\u00e9 de... <a href=\"https:\/\/unrostore.com\/fr-fr\/acheter-de-la-vaisselle-durable\/\"><strong><mark style=\"background-color:rgba(0, 0, 0, 0);color:#f18874\" class=\"has-inline-color\">c\u00e9ramiques portugaises durables faites \u00e0 la main<\/mark><\/strong><\/a>.<\/p>\n\n\n\n<div style=\"height:40px\" aria-hidden=\"true\" class=\"wp-block-spacer\"><\/div>\n\n\n\n<h3 class=\"wp-block-heading\">Mokken, theemokken & espresso kopjes<\/h3>\n\n\n\n<p>Que vous ayez envie d'un expresso parfait servi dans une \u00e9l\u00e9gante tasse \u00e0 expresso ou d'une tasse de th\u00e9 apaisante dans une tasse \u00e0 th\u00e9 chaleureuse et accueillante, cette collection a quelque chose \u00e0 offrir \u00e0 chacun. \ud83e\uded6 Chaque tasse exsude un dynamisme caract\u00e9ristique de la culture portugaise, avec des motifs et des couleurs vives qui mettront tous vos sens en \u00e9veil.<\/p>\n\n\n\n<p>Qu'il s'agisse d'une tasse \u00e0 caf\u00e9 robuste pour votre routine matinale ou d'une tasse sophistiqu\u00e9e pour une r\u00e9union sociale, ces tasses ajoutent une touche de charme portugais \u00e0 chaque instant. Toutes les tasses sont fabriqu\u00e9es \u00e0 la main et ces tasses constituent un accent artistique dans toute cuisine ou salle \u00e0 manger.<\/p>\n\n\n\n<p>Chaque tasse est impr\u00e9gn\u00e9e de l'\u00e2me du Portugal et t\u00e9moigne de la riche histoire des savoir-faire artisanaux transmis de g\u00e9n\u00e9ration en g\u00e9n\u00e9ration. Ces tasses ne sont pas seulement fonctionnelles, elles sont aussi un hommage \u00e0 l'esprit cr\u00e9atif et au savoir-faire des artisans portugais, qui donnent vie \u00e0 la beaut\u00e9 du quotidien dans chaque pi\u00e8ce qu'ils cr\u00e9ent. D\u00e9gustez votre boisson chaude pr\u00e9f\u00e9r\u00e9e avec style et profitez de l'exp\u00e9rience unique que ces mugs fabriqu\u00e9s avec amour ont \u00e0 offrir. \ud83d\ude0d<\/p>\n\n\n\n<div style=\"height:40px\" aria-hidden=\"true\" class=\"wp-block-spacer\"><\/div>\n\n\n\n<h3 class=\"wp-block-heading\">Tasses \u00e0 espresso sans anse<\/h3>\n\n\n\n<p>Commencez votre journ\u00e9e plein d'\u00e9nergie avec un d\u00e9licieux espresso frais dans nos tasses \u00e0 espresso color\u00e9es avec oreille (capacit\u00e9 de 100 ml, set de 2 tasses avec bo\u00eete cadeau). Gr\u00e2ce \u00e0 leurs formes rondes et \u00e0 l'oreille sur le c\u00f4t\u00e9, ces petites tasses en c\u00e9ramique se boivent tr\u00e8s confortablement. Appr\u00e9ciez votre caf\u00e9 au quotidien avec les tasses \u00e0 (n)espresso portugaises ou offrez-les en cadeau ! \ud83c\udf81<\/p>\n<\/div>\n\n\n\n<div class=\"wp-block-column is-layout-flow wp-block-column-is-layout-flow\" style=\"flex-basis:5%\"><\/div>\n<\/div>","protected":false},"excerpt":{"rendered":"<p>Une vari\u00e9t\u00e9 de tasses \u00e0 caf\u00e9 Vous cherchez la tasse \u00e0 caf\u00e9 parfaite pour votre espresso, cappuccino, latte macchiato, chai latte ou th\u00e9 ? Ou \u00eates-vous encore \u00e0 la recherche d'un cadeau amusant et original pour une pendaison de cr\u00e9maill\u00e8re \ud83c\udfe1\ud83c\udf89 ou un anniversaire ? \ud83e\udd73\ud83c\udf82 Alors consultez notre gamme vari\u00e9e de tasses \u00e0 expresso color\u00e9es, modernes et uniques avec ou sans oreille, de tasses \u00e0 caf\u00e9....<\/p>","protected":false},"author":1,"featured_media":0,"parent":0,"menu_order":0,"comment_status":"closed","ping_status":"closed","template":"","meta":{"footnotes":""},"class_list":["post-4951","page","type-page","status-publish","hentry"],"yoast_head":"<!-- This site is optimized with the Yoast SEO plugin v27.6 - https:\/\/yoast.com\/product\/yoast-seo-wordpress\/ -->\n<title>Koffiekopjes &#8226; UNRO<\/title>\n<meta name=\"description\" content=\"Op zoek naar mooie moderne Portugese koffiekopjes? Kijk dan niet verder! Bestel deze prachtige kopjes direct online bij UNRO.\" \/>\n<meta name=\"robots\" content=\"index, follow, max-snippet:-1, max-image-preview:large, max-video-preview:-1\" \/>\n<link rel=\"canonical\" href=\"https:\/\/unrostore.com\/fr-fr\/tasses-a-cafe\/\" \/>\n<meta property=\"og:locale\" content=\"fr_FR\" \/>\n<meta property=\"og:type\" content=\"article\" \/>\n<meta property=\"og:title\" content=\"Koffiekopjes &#8226; UNRO\" \/>\n<meta property=\"og:description\" content=\"Op zoek naar mooie moderne Portugese koffiekopjes? Kijk dan niet verder! Bestel deze prachtige kopjes direct online bij UNRO.\" \/>\n<meta property=\"og:url\" content=\"https:\/\/unrostore.com\/fr-fr\/tasses-a-cafe\/\" \/>\n<meta property=\"og:site_name\" content=\"UNRO\" \/>\n<meta property=\"article:modified_time\" content=\"2024-08-11T10:03:53+00:00\" \/>\n<meta property=\"og:image\" content=\"https:\/\/unrostore.com\/wp-content\/uploads\/2023\/07\/unro-creme-blauw-groen-mokken-en-kopjes-handgemaakt-keramiek-edited-scaled.jpg\" \/>\n<meta name=\"twitter:card\" content=\"summary_large_image\" \/>\n<script type=\"application\/ld+json\" class=\"yoast-schema-graph\">{\"@context\":\"https:\\\/\\\/schema.org\",\"@graph\":[{\"@type\":\"WebPage\",\"@id\":\"https:\\\/\\\/unrostore.com\\\/koffiekopjes\\\/\",\"url\":\"https:\\\/\\\/unrostore.com\\\/koffiekopjes\\\/\",\"name\":\"Koffiekopjes &#8226; UNRO\",\"isPartOf\":{\"@id\":\"https:\\\/\\\/unrostore.com\\\/#website\"},\"primaryImageOfPage\":{\"@id\":\"https:\\\/\\\/unrostore.com\\\/koffiekopjes\\\/#primaryimage\"},\"image\":{\"@id\":\"https:\\\/\\\/unrostore.com\\\/koffiekopjes\\\/#primaryimage\"},\"thumbnailUrl\":\"https:\\\/\\\/unrostore.com\\\/wp-content\\\/uploads\\\/2023\\\/07\\\/unro-creme-blauw-groen-mokken-en-kopjes-handgemaakt-keramiek-edited-scaled.jpg\",\"datePublished\":\"2023-07-23T16:35:24+00:00\",\"dateModified\":\"2024-08-11T10:03:53+00:00\",\"description\":\"Op zoek naar mooie moderne Portugese koffiekopjes? Kijk dan niet verder! Bestel deze prachtige kopjes direct online bij UNRO.\",\"breadcrumb\":{\"@id\":\"https:\\\/\\\/unrostore.com\\\/koffiekopjes\\\/#breadcrumb\"},\"inLanguage\":\"fr-FR\",\"potentialAction\":[{\"@type\":\"ReadAction\",\"target\":[\"https:\\\/\\\/unrostore.com\\\/koffiekopjes\\\/\"]}]},{\"@type\":\"ImageObject\",\"inLanguage\":\"fr-FR\",\"@id\":\"https:\\\/\\\/unrostore.com\\\/koffiekopjes\\\/#primaryimage\",\"url\":\"https:\\\/\\\/unrostore.com\\\/wp-content\\\/uploads\\\/2023\\\/07\\\/unro-creme-blauw-groen-mokken-en-kopjes-handgemaakt-keramiek-edited-scaled.jpg\",\"contentUrl\":\"https:\\\/\\\/unrostore.com\\\/wp-content\\\/uploads\\\/2023\\\/07\\\/unro-creme-blauw-groen-mokken-en-kopjes-handgemaakt-keramiek-edited-scaled.jpg\"},{\"@type\":\"BreadcrumbList\",\"@id\":\"https:\\\/\\\/unrostore.com\\\/koffiekopjes\\\/#breadcrumb\",\"itemListElement\":[{\"@type\":\"ListItem\",\"position\":1,\"name\":\"Home\",\"item\":\"https:\\\/\\\/unrostore.com\\\/\"},{\"@type\":\"ListItem\",\"position\":2,\"name\":\"Koffiekopjes\"}]},{\"@type\":\"WebSite\",\"@id\":\"https:\\\/\\\/unrostore.com\\\/#website\",\"url\":\"https:\\\/\\\/unrostore.com\\\/\",\"name\":\"UNRO\",\"description\":\"Portugees servies waar je blij van wordt!\",\"publisher\":{\"@id\":\"https:\\\/\\\/unrostore.com\\\/#organization\"},\"potentialAction\":[{\"@type\":\"SearchAction\",\"target\":{\"@type\":\"EntryPoint\",\"urlTemplate\":\"https:\\\/\\\/unrostore.com\\\/?s={search_term_string}\"},\"query-input\":{\"@type\":\"PropertyValueSpecification\",\"valueRequired\":true,\"valueName\":\"search_term_string\"}}],\"inLanguage\":\"fr-FR\"},{\"@type\":\"Organization\",\"@id\":\"https:\\\/\\\/unrostore.com\\\/#organization\",\"name\":\"UNRO\",\"url\":\"https:\\\/\\\/unrostore.com\\\/\",\"logo\":{\"@type\":\"ImageObject\",\"inLanguage\":\"fr-FR\",\"@id\":\"https:\\\/\\\/unrostore.com\\\/#\\\/schema\\\/logo\\\/image\\\/\",\"url\":\"https:\\\/\\\/unrostore.com\\\/wp-content\\\/uploads\\\/2022\\\/05\\\/Logo-UNRO.png\",\"contentUrl\":\"https:\\\/\\\/unrostore.com\\\/wp-content\\\/uploads\\\/2022\\\/05\\\/Logo-UNRO.png\",\"width\":605,\"height\":179,\"caption\":\"UNRO\"},\"image\":{\"@id\":\"https:\\\/\\\/unrostore.com\\\/#\\\/schema\\\/logo\\\/image\\\/\"}}]}<\/script>\n<!-- \/ Yoast SEO plugin. -->","yoast_head_json":{"title":"Tasses \u00e0 caf\u00e9 - UNRO","description":"Vous \u00eates \u00e0 la recherche de belles tasses \u00e0 caf\u00e9 portugaises modernes ? Ne cherchez plus ! Commandez ces magnifiques tasses directement en ligne sur le site de l'UNRO.","robots":{"index":"index","follow":"follow","max-snippet":"max-snippet:-1","max-image-preview":"max-image-preview:large","max-video-preview":"max-video-preview:-1"},"canonical":"https:\/\/unrostore.com\/fr-fr\/tasses-a-cafe\/","og_locale":"fr_FR","og_type":"article","og_title":"Koffiekopjes &#8226; UNRO","og_description":"Op zoek naar mooie moderne Portugese koffiekopjes? Kijk dan niet verder! Bestel deze prachtige kopjes direct online bij UNRO.","og_url":"https:\/\/unrostore.com\/fr-fr\/tasses-a-cafe\/","og_site_name":"UNRO","article_modified_time":"2024-08-11T10:03:53+00:00","og_image":[{"url":"https:\/\/unrostore.com\/wp-content\/uploads\/2023\/07\/unro-creme-blauw-groen-mokken-en-kopjes-handgemaakt-keramiek-edited-scaled.jpg","type":"","width":"","height":""}],"twitter_card":"summary_large_image","schema":{"@context":"https:\/\/schema.org","@graph":[{"@type":"WebPage","@id":"https:\/\/unrostore.com\/koffiekopjes\/","url":"https:\/\/unrostore.com\/koffiekopjes\/","name":"Tasses \u00e0 caf\u00e9 - UNRO","isPartOf":{"@id":"https:\/\/unrostore.com\/#website"},"primaryImageOfPage":{"@id":"https:\/\/unrostore.com\/koffiekopjes\/#primaryimage"},"image":{"@id":"https:\/\/unrostore.com\/koffiekopjes\/#primaryimage"},"thumbnailUrl":"https:\/\/unrostore.com\/wp-content\/uploads\/2023\/07\/unro-creme-blauw-groen-mokken-en-kopjes-handgemaakt-keramiek-edited-scaled.jpg","datePublished":"2023-07-23T16:35:24+00:00","dateModified":"2024-08-11T10:03:53+00:00","description":"Vous \u00eates \u00e0 la recherche de belles tasses \u00e0 caf\u00e9 portugaises modernes ? Ne cherchez plus ! Commandez ces magnifiques tasses directement en ligne sur le site de l'UNRO.","breadcrumb":{"@id":"https:\/\/unrostore.com\/koffiekopjes\/#breadcrumb"},"inLanguage":"fr-FR","potentialAction":[{"@type":"ReadAction","target":["https:\/\/unrostore.com\/koffiekopjes\/"]}]},{"@type":"ImageObject","inLanguage":"fr-FR","@id":"https:\/\/unrostore.com\/koffiekopjes\/#primaryimage","url":"https:\/\/unrostore.com\/wp-content\/uploads\/2023\/07\/unro-creme-blauw-groen-mokken-en-kopjes-handgemaakt-keramiek-edited-scaled.jpg","contentUrl":"https:\/\/unrostore.com\/wp-content\/uploads\/2023\/07\/unro-creme-blauw-groen-mokken-en-kopjes-handgemaakt-keramiek-edited-scaled.jpg"},{"@type":"BreadcrumbList","@id":"https:\/\/unrostore.com\/koffiekopjes\/#breadcrumb","itemListElement":[{"@type":"ListItem","position":1,"name":"Home","item":"https:\/\/unrostore.com\/"},{"@type":"ListItem","position":2,"name":"Koffiekopjes"}]},{"@type":"WebSite","@id":"https:\/\/unrostore.com\/#website","url":"https:\/\/unrostore.com\/","name":"UNRO","description":"De la vaisselle portugaise qui vous rendra heureux !","publisher":{"@id":"https:\/\/unrostore.com\/#organization"},"potentialAction":[{"@type":"SearchAction","target":{"@type":"EntryPoint","urlTemplate":"https:\/\/unrostore.com\/?s={search_term_string}"},"query-input":{"@type":"PropertyValueSpecification","valueRequired":true,"valueName":"search_term_string"}}],"inLanguage":"fr-FR"},{"@type":"Organization","@id":"https:\/\/unrostore.com\/#organization","name":"UNRO","url":"https:\/\/unrostore.com\/","logo":{"@type":"ImageObject","inLanguage":"fr-FR","@id":"https:\/\/unrostore.com\/#\/schema\/logo\/image\/","url":"https:\/\/unrostore.com\/wp-content\/uploads\/2022\/05\/Logo-UNRO.png","contentUrl":"https:\/\/unrostore.com\/wp-content\/uploads\/2022\/05\/Logo-UNRO.png","width":605,"height":179,"caption":"UNRO"},"image":{"@id":"https:\/\/unrostore.com\/#\/schema\/logo\/image\/"}}]}},"_links":{"self":[{"href":"https:\/\/unrostore.com\/fr-fr\/wp-json\/wp\/v2\/pages\/4951","targetHints":{"allow":["GET"]}}],"collection":[{"href":"https:\/\/unrostore.com\/fr-fr\/wp-json\/wp\/v2\/pages"}],"about":[{"href":"https:\/\/unrostore.com\/fr-fr\/wp-json\/wp\/v2\/types\/page"}],"author":[{"embeddable":true,"href":"https:\/\/unrostore.com\/fr-fr\/wp-json\/wp\/v2\/users\/1"}],"replies":[{"embeddable":true,"href":"https:\/\/unrostore.com\/fr-fr\/wp-json\/wp\/v2\/comments?post=4951"}],"version-history":[{"count":0,"href":"https:\/\/unrostore.com\/fr-fr\/wp-json\/wp\/v2\/pages\/4951\/revisions"}],"wp:attachment":[{"href":"https:\/\/unrostore.com\/fr-fr\/wp-json\/wp\/v2\/media?parent=4951"}],"curies":[{"name":"wp","href":"https:\/\/api.w.org\/{rel}","templated":true}]}}