{"id":1092,"date":"2022-05-07T13:52:33","date_gmt":"2022-05-07T13:52:33","guid":{"rendered":"https:\/\/unrostore.com\/?page_id=1092"},"modified":"2024-02-11T16:42:15","modified_gmt":"2024-02-11T16:42:15","slug":"expedition","status":"publish","type":"page","link":"https:\/\/unrostore.com\/fr-fr\/expedition\/","title":{"rendered":"Exp\u00e9dition"},"content":{"rendered":"<div class=\"wp-block-columns is-layout-flex wp-container-core-columns-is-layout-9d6595d7 wp-block-columns-is-layout-flex\">\n<div class=\"wp-block-column is-layout-flow wp-block-column-is-layout-flow\" style=\"flex-basis:25%\"><\/div>\n\n\n\n<div class=\"wp-block-column is-layout-flow wp-block-column-is-layout-flow\" style=\"flex-basis:50%\">\n<div style=\"height:25px\" aria-hidden=\"true\" class=\"wp-block-spacer\"><\/div>\n\n\n\n<center><h2>Exp\u00e9dition<\/h2><\/center>\n\n\n\n<p class=\"has-text-align-center\" style=\"font-size:18px\">Klik hieronder en volg met de track & trace code jouw bestelling.<\/p>\n\n\n\n<div class=\"wp-block-buttons is-content-justification-center is-layout-flex wp-container-core-buttons-is-layout-16018d1d wp-block-buttons-is-layout-flex\">\n<div class=\"wp-block-button has-custom-width wp-block-button__width-50 has-custom-font-size\" style=\"font-size:14px\"><a class=\"wp-block-button__link has-background wp-element-button\" href=\"https:\/\/unro.myparcel.me\/?lang=nl_NL\" style=\"border-radius:6px;background-color:#96cef1\" target=\"_blank\" rel=\"noreferrer noopener\"><strong>Suivez votre commande<\/strong><\/a><\/div>\n<\/div>\n\n\n\n<div style=\"height:30px\" aria-hidden=\"true\" class=\"wp-block-spacer\"><\/div>\n\n\n\n<meta charset=\"utf-8\">\n<title>Questions fr\u00e9quemment pos\u00e9es UNRO<\/title>\n<link rel=\"stylesheet\" href=\"https:\/\/use.fontawesome.com\/releases\/v5.8.2\/css\/all.css\" integrity=\"sha384-oS3vJWv+0UjzBfQzYUhtDYW+Pj2yciDJxpsK1OYPAYjqT085Qq\/1cq5FLXAZQ7Ay\" crossorigin=\"anonymous\">\n\n<style>\n\ninput {\n    display: none;\n}\n\nlabel {\n  display: block;\n  background: #fcf7f5;\n  color: #000;\n  cursor: pointer;\n  padding: 18px;\n  margin: 0 0 1px 0;\n  border-radius: 6px;\n  transition: ease .5s;\n  position: relative;\n  font-size: 14px;\n  font-weight: 300;\n  font-family: nunito sans; \n}\n\nlabel:hover {\n  background-color: #eef7fc;\n  \n}\n\nlabel::after {\n\tfont-family: \"Font Awesome 5 Free\";\n\tcontent: '\\f078';\n\tfont-weight: bold;\n\tfont-size: 22px;\n\tposition: absolute;\n\tright: 10px;\n\ttop: 6px;\n}\n\ninput:checked + label::after {\n\tcontent: '\\f077';\n}\n\n.content {\n    background: #eef7fc;\n    padding: 10px 25px;\n    color: #000;\n    font-size: 12px;\n    font-family: avenir;\n    \n    \n\n    margin: 0 0 1px 0;\n    border-radius: 6px;\n}\n\ninput + label + .content {\n    display: none;\n}\n\ninput:checked + label + .content {\n    display: block;\n}\n<\/style>\n\n\n<center><h2>Exp\u00e9dition<\/h2><\/center>\n\n\n<input type=\"checkbox\" id=\"title15\">\n<label for=\"title15\">Quel est le d\u00e9lai de livraison d'une commande pass\u00e9e aupr\u00e8s de l'UNRO ?<\/label>\n<div class=\"content\">\n  <p>Vous habitez aux Pays-Bas ? Dans ce cas, nous nous effor\u00e7ons de vous livrer votre commande dans un d\u00e9lai de 1 \u00e0 3 jours ouvrables (\u00e0 l'exclusion des jours f\u00e9ri\u00e9s, des circonstances impr\u00e9vues et de la p\u00e9riode des soldes).<\/p><p>Pour la plupart des pays d'Europe, nous maintenons un d\u00e9lai de livraison de 1 \u00e0 5 jours ouvrables (hors jours f\u00e9ri\u00e9s, circonstances impr\u00e9vues et p\u00e9riode de soldes).<\/p>\n<\/div>\n\n<input type=\"checkbox\" id=\"title16\">\n<label for=\"title16\">Y a-t-il des frais d'exp\u00e9dition li\u00e9s \u00e0 une commande ?<\/label>\n<div class=\"content\">\n  <p>Pour les commandes livr\u00e9es aux Pays-Bas, les frais de port sont gratuits \u00e0 partir d'un montant de 75 \u20ac. En dessous de ce montant, nous facturons 5,95 \u20ac de frais de port standard pour les commandes livr\u00e9es aux Pays-Bas. <\/p>\n<p><strong>Remarque : <\/strong>les commandes livr\u00e9es en Europe d\u00e9pendent du pays et diff\u00e8rent des frais de port n\u00e9erlandais.<\/p>\n<\/div>\n\n<input type=\"checkbox\" id=\"title17\">\n<label for=\"title17\">Dans quels pays l'UNRO exp\u00e9die-t-elle ses produits ?<\/label>\n<div class=\"content\">\n  <p>Nous livrons actuellement dans presque toute l'Europe. Si aucune option de livraison n'est disponible pour votre pays, veuillez envoyer un courrier \u00e0 : <a href=\"mailto:support@unrostore.com\">support@unrostore.com<\/a> pour les possibilit\u00e9s.<\/p>\n<\/div>\n\n<input type=\"checkbox\" id=\"title19\">\n<label for=\"title19\">Recevrai-je une confirmation lorsque ma commande sera exp\u00e9di\u00e9e ?<\/label>\n<div class=\"content\">\n  <p>D\u00e8s que votre commande est envoy\u00e9e au transporteur, vous recevez un e-mail de confirmation avec un code de suivi qui vous permet de suivre votre commande. Vous pouvez cliquer sur le code de suivi dans l'e-mail pour voir imm\u00e9diatement o\u00f9 se trouve votre colis. <\/p><p>Vous pouvez \u00e9galement via <a href=\"https:\/\/unro.myparcel.me\"><strong>ici<\/strong><\/a> klikken. Na het klikken vul je jouw Track & Trace code in om jouw bestelling te volgen! \ud83d\ude42<\/p>\n<\/div>\n\n<input type=\"checkbox\" id=\"title20\">\n<label for=\"title20\">Quel est le transporteur utilis\u00e9 par l'UNRO ?<\/label>\n<div class=\"content\">\n  <p>\u00c0 l'heure actuelle <strong>PostNL<\/strong> notre transporteur pour les Pays-Bas et la Belgique. Les commandes \u00e0 destination d'autres pays europ\u00e9ens sont transf\u00e9r\u00e9es au partenaire d'exp\u00e9dition. Le code Track &amp; Trace vous permet de savoir de quel transporteur il s'agit.<\/p>\n<p>Pour l'Allemagne, il s'agit d'une norme <strong>Hermes<\/strong><\/p>\n<p> Pour la France, il s'agit souvent <strong>Colis Priv\u00e9<\/strong> et par ailleurs <strong>DPD<\/strong><\/p>\n<\/div>\n\n<input type=\"checkbox\" id=\"title21\">\n<label for=\"title21\">Que se passe-t-il si je ne suis pas chez moi au moment de la livraison de mon colis ?<\/label>\n<div class=\"content\">\n  <p>Si vous n'\u00eates pas chez vous au moment de la livraison, le chauffeur essaiera de livrer votre commande \u00e0 un voisin, de l'apporter \u00e0 un centre de colis PostNL pr\u00e8s de chez vous ou de r\u00e9essayer le lendemain. <br>Vous pouvez voir quelle option a \u00e9t\u00e9 choisie en consultant votre code Track &amp; Trace.<\/p>\n<\/div>\n\n<input type=\"checkbox\" id=\"title22\">\n<label for=\"title22\">Puis-je choisir une date de livraison ?<\/label>\n<div class=\"content\">\n  <p>Malheureusement, il n'est pas possible pour l'instant de le faire soi-m\u00eame. Vous pouvez toutefois ajouter un commentaire lors de votre commande. Indiquez le jour o\u00f9 vous souhaitez que le colis soit livr\u00e9, et nous l'enverrons la veille du jour pr\u00e9vu ! <\/p>\n<\/div>\n\n<input type=\"checkbox\" id=\"title23\">\n<label for=\"title23\">Puis-je choisir de retirer le colis \u00e0 un point de collecte ?<\/label>\n<div class=\"content\">\n  <p>Bien s\u00fbr, vous pouvez ensuite choisir le point d'enl\u00e8vement\/de conditionnement que vous pr\u00e9f\u00e9rez. Sur la page de paiement, vous pouvez choisir la livraison \u00e0 domicile ou la livraison \u00e0 un point d'enl\u00e8vement\/de conditionnement.<\/p>\n<\/div>\n<\/div>\n\n\n\n<div class=\"wp-block-column is-layout-flow wp-block-column-is-layout-flow\" style=\"flex-basis:25%\"><\/div>\n<\/div>\n\n\n\n<div style=\"height:20px\" aria-hidden=\"true\" class=\"wp-block-spacer\"><\/div>","protected":false},"excerpt":{"rendered":"<p>Exp\u00e9dition Cliquez ci-dessous et suivez votre commande gr\u00e2ce au code de suivi. Questions fr\u00e9quemment pos\u00e9es Exp\u00e9dition UNRO Quel est le d\u00e9lai de livraison d'une commande pass\u00e9e aupr\u00e8s de l'UNRO ? Vous habitez aux Pays-Bas ? Dans ce cas, nous nous effor\u00e7ons de livrer votre commande dans un d\u00e9lai de 1 \u00e0 3 jours ouvrables (\u00e0 l'exclusion des jours f\u00e9ri\u00e9s, des circonstances impr\u00e9vues et de la p\u00e9riode des soldes).<\/p>","protected":false},"author":1,"featured_media":0,"parent":0,"menu_order":0,"comment_status":"closed","ping_status":"closed","template":"","meta":{"footnotes":""},"class_list":["post-1092","page","type-page","status-publish","hentry"],"yoast_head":"<!-- This site is optimized with the Yoast SEO plugin v27.6 - https:\/\/yoast.com\/product\/yoast-seo-wordpress\/ -->\n<title>Verzending &#8226; UNRO<\/title>\n<meta name=\"robots\" content=\"index, follow, max-snippet:-1, max-image-preview:large, max-video-preview:-1\" \/>\n<link rel=\"canonical\" href=\"https:\/\/unrostore.com\/fr-fr\/expedition\/\" \/>\n<meta property=\"og:locale\" content=\"fr_FR\" \/>\n<meta property=\"og:type\" content=\"article\" \/>\n<meta property=\"og:title\" content=\"Verzending &#8226; UNRO\" \/>\n<meta property=\"og:description\" content=\"Verzending Klik hieronder en volg met de track &amp; trace code jouw bestelling. Veelgestelde vragen UNRO Verzending Wat is de levertijd van een bestelling bij UNRO? Woon je in Nederland? Dan streven wij ernaar om je bestelling binnen 1 t\/m 3 werkdagen (feestdagen, onvoorziene omstandigheden en sale periode zijn hiervan uitgezonderd) bij je af te&hellip;\" \/>\n<meta property=\"og:url\" content=\"https:\/\/unrostore.com\/fr-fr\/expedition\/\" \/>\n<meta property=\"og:site_name\" content=\"UNRO\" \/>\n<meta property=\"article:modified_time\" content=\"2024-02-11T16:42:15+00:00\" \/>\n<meta property=\"og:image\" content=\"https:\/\/unrostore.com\/wp-content\/uploads\/2023\/10\/unro-groene-serviesset-portugees-servies-terrafina.jpg\" \/>\n\t<meta property=\"og:image:width\" content=\"1000\" \/>\n\t<meta property=\"og:image:height\" content=\"1000\" \/>\n\t<meta property=\"og:image:type\" content=\"image\/jpeg\" \/>\n<meta name=\"twitter:card\" content=\"summary_large_image\" \/>\n<script type=\"application\/ld+json\" class=\"yoast-schema-graph\">{\"@context\":\"https:\\\/\\\/schema.org\",\"@graph\":[{\"@type\":\"WebPage\",\"@id\":\"https:\\\/\\\/unrostore.com\\\/verzending\\\/\",\"url\":\"https:\\\/\\\/unrostore.com\\\/verzending\\\/\",\"name\":\"Verzending &#8226; UNRO\",\"isPartOf\":{\"@id\":\"https:\\\/\\\/unrostore.com\\\/#website\"},\"datePublished\":\"2022-05-07T13:52:33+00:00\",\"dateModified\":\"2024-02-11T16:42:15+00:00\",\"breadcrumb\":{\"@id\":\"https:\\\/\\\/unrostore.com\\\/verzending\\\/#breadcrumb\"},\"inLanguage\":\"fr-FR\",\"potentialAction\":[{\"@type\":\"ReadAction\",\"target\":[\"https:\\\/\\\/unrostore.com\\\/verzending\\\/\"]}]},{\"@type\":\"BreadcrumbList\",\"@id\":\"https:\\\/\\\/unrostore.com\\\/verzending\\\/#breadcrumb\",\"itemListElement\":[{\"@type\":\"ListItem\",\"position\":1,\"name\":\"Home\",\"item\":\"https:\\\/\\\/unrostore.com\\\/\"},{\"@type\":\"ListItem\",\"position\":2,\"name\":\"Verzending\"}]},{\"@type\":\"WebSite\",\"@id\":\"https:\\\/\\\/unrostore.com\\\/#website\",\"url\":\"https:\\\/\\\/unrostore.com\\\/\",\"name\":\"UNRO\",\"description\":\"Portugees servies waar je blij van wordt!\",\"publisher\":{\"@id\":\"https:\\\/\\\/unrostore.com\\\/#organization\"},\"potentialAction\":[{\"@type\":\"SearchAction\",\"target\":{\"@type\":\"EntryPoint\",\"urlTemplate\":\"https:\\\/\\\/unrostore.com\\\/?s={search_term_string}\"},\"query-input\":{\"@type\":\"PropertyValueSpecification\",\"valueRequired\":true,\"valueName\":\"search_term_string\"}}],\"inLanguage\":\"fr-FR\"},{\"@type\":\"Organization\",\"@id\":\"https:\\\/\\\/unrostore.com\\\/#organization\",\"name\":\"UNRO\",\"url\":\"https:\\\/\\\/unrostore.com\\\/\",\"logo\":{\"@type\":\"ImageObject\",\"inLanguage\":\"fr-FR\",\"@id\":\"https:\\\/\\\/unrostore.com\\\/#\\\/schema\\\/logo\\\/image\\\/\",\"url\":\"https:\\\/\\\/unrostore.com\\\/wp-content\\\/uploads\\\/2022\\\/05\\\/Logo-UNRO.png\",\"contentUrl\":\"https:\\\/\\\/unrostore.com\\\/wp-content\\\/uploads\\\/2022\\\/05\\\/Logo-UNRO.png\",\"width\":605,\"height\":179,\"caption\":\"UNRO\"},\"image\":{\"@id\":\"https:\\\/\\\/unrostore.com\\\/#\\\/schema\\\/logo\\\/image\\\/\"}}]}<\/script>\n<!-- \/ Yoast SEO plugin. -->","yoast_head_json":{"title":"Exp\u00e9dition - UNRO","robots":{"index":"index","follow":"follow","max-snippet":"max-snippet:-1","max-image-preview":"max-image-preview:large","max-video-preview":"max-video-preview:-1"},"canonical":"https:\/\/unrostore.com\/fr-fr\/expedition\/","og_locale":"fr_FR","og_type":"article","og_title":"Verzending &#8226; UNRO","og_description":"Verzending Klik hieronder en volg met de track & trace code jouw bestelling. Veelgestelde vragen UNRO Verzending Wat is de levertijd van een bestelling bij UNRO? Woon je in Nederland? Dan streven wij ernaar om je bestelling binnen 1 t\/m 3 werkdagen (feestdagen, onvoorziene omstandigheden en sale periode zijn hiervan uitgezonderd) bij je af te&hellip;","og_url":"https:\/\/unrostore.com\/fr-fr\/expedition\/","og_site_name":"UNRO","article_modified_time":"2024-02-11T16:42:15+00:00","og_image":[{"width":1000,"height":1000,"url":"https:\/\/unrostore.com\/wp-content\/uploads\/2023\/10\/unro-groene-serviesset-portugees-servies-terrafina.jpg","type":"image\/jpeg"}],"twitter_card":"summary_large_image","schema":{"@context":"https:\/\/schema.org","@graph":[{"@type":"WebPage","@id":"https:\/\/unrostore.com\/verzending\/","url":"https:\/\/unrostore.com\/verzending\/","name":"Exp\u00e9dition - UNRO","isPartOf":{"@id":"https:\/\/unrostore.com\/#website"},"datePublished":"2022-05-07T13:52:33+00:00","dateModified":"2024-02-11T16:42:15+00:00","breadcrumb":{"@id":"https:\/\/unrostore.com\/verzending\/#breadcrumb"},"inLanguage":"fr-FR","potentialAction":[{"@type":"ReadAction","target":["https:\/\/unrostore.com\/verzending\/"]}]},{"@type":"BreadcrumbList","@id":"https:\/\/unrostore.com\/verzending\/#breadcrumb","itemListElement":[{"@type":"ListItem","position":1,"name":"Home","item":"https:\/\/unrostore.com\/"},{"@type":"ListItem","position":2,"name":"Verzending"}]},{"@type":"WebSite","@id":"https:\/\/unrostore.com\/#website","url":"https:\/\/unrostore.com\/","name":"UNRO","description":"De la vaisselle portugaise qui vous rendra heureux !","publisher":{"@id":"https:\/\/unrostore.com\/#organization"},"potentialAction":[{"@type":"SearchAction","target":{"@type":"EntryPoint","urlTemplate":"https:\/\/unrostore.com\/?s={search_term_string}"},"query-input":{"@type":"PropertyValueSpecification","valueRequired":true,"valueName":"search_term_string"}}],"inLanguage":"fr-FR"},{"@type":"Organization","@id":"https:\/\/unrostore.com\/#organization","name":"UNRO","url":"https:\/\/unrostore.com\/","logo":{"@type":"ImageObject","inLanguage":"fr-FR","@id":"https:\/\/unrostore.com\/#\/schema\/logo\/image\/","url":"https:\/\/unrostore.com\/wp-content\/uploads\/2022\/05\/Logo-UNRO.png","contentUrl":"https:\/\/unrostore.com\/wp-content\/uploads\/2022\/05\/Logo-UNRO.png","width":605,"height":179,"caption":"UNRO"},"image":{"@id":"https:\/\/unrostore.com\/#\/schema\/logo\/image\/"}}]}},"_links":{"self":[{"href":"https:\/\/unrostore.com\/fr-fr\/wp-json\/wp\/v2\/pages\/1092","targetHints":{"allow":["GET"]}}],"collection":[{"href":"https:\/\/unrostore.com\/fr-fr\/wp-json\/wp\/v2\/pages"}],"about":[{"href":"https:\/\/unrostore.com\/fr-fr\/wp-json\/wp\/v2\/types\/page"}],"author":[{"embeddable":true,"href":"https:\/\/unrostore.com\/fr-fr\/wp-json\/wp\/v2\/users\/1"}],"replies":[{"embeddable":true,"href":"https:\/\/unrostore.com\/fr-fr\/wp-json\/wp\/v2\/comments?post=1092"}],"version-history":[{"count":0,"href":"https:\/\/unrostore.com\/fr-fr\/wp-json\/wp\/v2\/pages\/1092\/revisions"}],"wp:attachment":[{"href":"https:\/\/unrostore.com\/fr-fr\/wp-json\/wp\/v2\/media?parent=1092"}],"curies":[{"name":"wp","href":"https:\/\/api.w.org\/{rel}","templated":true}]}}