{"id":8178,"date":"2024-08-28T15:52:21","date_gmt":"2024-08-28T15:52:21","guid":{"rendered":"https:\/\/unrostore.com\/?post_type=product&#038;p=8178"},"modified":"2026-01-19T20:36:27","modified_gmt":"2026-01-19T20:36:27","slug":"creme-cappuccinotassen-mit-untertasse-amazonia-creme-8-stuck","status":"publish","type":"product","link":"https:\/\/unrostore.com\/de-de\/shop\/terrafina\/amazonia-creme\/creme-cappuccinotassen-mit-untertasse-amazonia-creme-8-stuck\/","title":{"rendered":"Creme Cappuccino Tassen mit Untertasse Set Amazonia Creme - 8-teilig"},"content":{"rendered":"<h3>Cappuccinotasse mit Untertasse f\u00fcr den t\u00e4glichen Tee oder Kaffee!<\/h3>\n<p>Entdecken Sie die sch\u00f6ne <strong>cremefarbene Cappuccinotasse mit Untertasse<\/strong> von <a href=\"https:\/\/www.terrafinastore.com\/en\/representatives\/unro\">Terrafina<\/a> das sich gut als Geschenk eignet, aber vor allem f\u00fcr die eigene Kaffee-Ecke geeignet ist. Dieses portugiesische Teeservice sollte man gesehen haben, denn es hat eine sch\u00f6ne hellrosa Farbe und organische runde Formen, die modern und schick aussehen. Verw\u00f6hnen Sie sich und Ihre G\u00e4ste mit einem Kaffee oder Tee mit S\u00fc\u00dfigkeiten und genie\u00dfen Sie den luxuri\u00f6sen Look dieses hochwertigen Kaffeesets. Die Gr\u00f6\u00dfe der hellrosa Tassen ist ideal f\u00fcr einen Cappuccino oder eine Tasse Tee. Dadurch eignet sich dieses Geschirrset auch sehr gut als Fr\u00fchst\u00fccksgeschirr, essen Sie zum Beispiel morgens einen Cappuccino und ein Sandwich auf diesem sch\u00f6nen Geschirr. Erg\u00e4nzen Sie dieses Teeset vor allem auch mit dem passenden <strong><a href=\"https:\/\/unrostore.com\/de-de\/shop\/terrafina\/amazonia-creme\/cremeschalen-amazonia-creme-4-stuck\/\">Cremesch\u00e4lchen<\/a><\/strong>, <a href=\"https:\/\/unrostore.com\/de-de\/shop\/terrafina\/amazonia-creme\/nudelteller-creme-amazonia-creme-4er-set\/\"><strong>Creme Nudelplatten<\/strong><\/a>, <a href=\"https:\/\/unrostore.com\/de-de\/shop\/tassen-und-becher\/kaffeetassen\/sahne-kaffeebecher-250-ml-amazonia-sahne-1-stuck\/\"><strong>Kaffeebecher mit Sahne<\/strong><\/a> und <a href=\"https:\/\/unrostore.com\/de-de\/shop\/terrafina\/amazonia-creme\/creme-espressotassen-amazonia-creme-4-stuck\/\"><strong>Sahne-Espressotassen<\/strong><\/a>. Wie w\u00fcrdest du dieses niedliche Teeservice verwenden?<\/p>\n<h3>Dies ist die Nummer, die Sie zugestellt bekommen:<\/h3>\n<ul>\n<li>4x Amazonia Cream Cappuccino Becher (350ml Trinkvolumen)<\/li>\n<li>4x Amazonia Cream Fr\u00fchst\u00fccksteller \u00f8 21 cm<\/li>\n<li>3x Terrafina Geschenkbox<\/li>\n<\/ul>\n<p>\u00a0<\/p>\n<p><em><strong>Duurzaam voor mens & milieu:<\/strong><br \/>\nJedes Produkt ist ein Unikat, denn es wird in Handarbeit hergestellt.<br \/>\nDruck und Textur k\u00f6nnen daher leicht vom Produktfoto abweichen.<\/em><\/p>","protected":false},"excerpt":{"rendered":"<div style=\"font-family: nunito sans; font-size: 14px; border: 1px solid #dedede; border-radius: 4px; padding: 15px 0 0 14px; margin-top: 20px; margin-bottom: 20px; width: 160px; box-shadow: 1px 1px 7px 0px rgb(0 0 0 \/ 15%), 0px 0px 2px 0px rgb(0 0 0 \/ 5%); color: #00b900;\">\n<p>Mit diesem Festpreis sparen Sie <strong>\u20ac3,-<\/strong><\/p>\n<\/div>\n<div class=\"usps\"><i class=\"far fa-check-circle\"><\/i> Mikrowellenfest<br \/>\n<i class=\"far fa-check-circle\"><\/i> Backofenfest (bis zu 200 Grad)<br \/>\n<i class=\"far fa-check-circle\"><\/i> Sp\u00fclmaschinenfest<br \/>\n<i class=\"far fa-thumbs-up\"><\/i> Handgefertigt<\/div>","protected":false},"featured_media":8179,"template":"","meta":[],"product_brand":[],"product_cat":[869,144,1041,122,119],"product_tag":[145,1014,947,309,233,1018,1016,703,1009,1017,936,1005,1015,1020,1013,207,1019,126,123,1008,994,933,632,937,1004],"class_list":{"0":"post-8178","1":"product","2":"type-product","3":"status-publish","4":"has-post-thumbnail","6":"product_cat-unro-cadeautips","7":"product_cat-amazonia-cream","8":"product_cat-kopjes-en-schotels","9":"product_cat-serviesset","10":"product_cat-terrafina","11":"product_tag-amazonia-cream","12":"product_tag-blush","13":"product_tag-cadeau","14":"product_tag-cappuccino-mokken","15":"product_tag-creme","16":"product_tag-handgemaakte-mokken","17":"product_tag-high-thee","18":"product_tag-koffie-met-gebak","19":"product_tag-koffie-servies","20":"product_tag-koffiecorner","21":"product_tag-koffieservies","22":"product_tag-koffieset","23":"product_tag-kop-en-schotel","24":"product_tag-kopjes-met-oor","25":"product_tag-lichtroze","26":"product_tag-lila","27":"product_tag-mokken-keramiek","28":"product_tag-servies","29":"product_tag-terrafina","30":"product_tag-thee-servies","31":"product_tag-theekop","32":"product_tag-theemok","33":"product_tag-theemokken","34":"product_tag-theeservies","35":"product_tag-theeset","37":"first","38":"outofstock","39":"sale","40":"taxable","41":"shipping-taxable","42":"purchasable","43":"product-type-simple"},"yoast_head":"<!-- This site is optimized with the Yoast SEO plugin v27.5 - https:\/\/yoast.com\/product\/yoast-seo-wordpress\/ -->\n<title>Creme Cappuccino Kopjes met Schotel Set Amazonia Cream - 8-delig &#8226; UNRO<\/title>\n<meta name=\"description\" content=\"Ervaar een dagelijks geluksmomentje met de creme cappuccino kopjes met schotel uit Portugal bij het drinken van jouw cappuccino of thee!\" \/>\n<meta name=\"robots\" content=\"index, follow, max-snippet:-1, max-image-preview:large, max-video-preview:-1\" \/>\n<link rel=\"canonical\" href=\"https:\/\/unrostore.com\/de-de\/shop\/terrafina\/amazonia-creme\/creme-cappuccinotassen-mit-untertasse-amazonia-creme-8-stuck\/\" \/>\n<meta property=\"og:locale\" content=\"de_DE\" \/>\n<meta property=\"og:type\" content=\"article\" \/>\n<meta property=\"og:title\" content=\"Creme Cappuccino Kopjes met Schotel Set Amazonia Cream - 8-delig &#8226; UNRO\" \/>\n<meta property=\"og:description\" content=\"Ervaar een dagelijks geluksmomentje met de creme cappuccino kopjes met schotel uit Portugal bij het drinken van jouw cappuccino of thee!\" \/>\n<meta property=\"og:url\" content=\"https:\/\/unrostore.com\/de-de\/shop\/terrafina\/amazonia-creme\/creme-cappuccinotassen-mit-untertasse-amazonia-creme-8-stuck\/\" \/>\n<meta property=\"og:site_name\" content=\"UNRO\" \/>\n<meta property=\"article:modified_time\" content=\"2026-01-19T20:36:27+00:00\" \/>\n<meta property=\"og:image\" content=\"https:\/\/unrostore.com\/wp-content\/uploads\/2024\/08\/unro-theekopjes-creme-schotels-portugees-servies.webp\" \/>\n\t<meta property=\"og:image:width\" content=\"1000\" \/>\n\t<meta property=\"og:image:height\" content=\"1000\" \/>\n\t<meta property=\"og:image:type\" content=\"image\/webp\" \/>\n<meta name=\"twitter:card\" content=\"summary_large_image\" \/>\n<script type=\"application\/ld+json\" class=\"yoast-schema-graph\">{\"@context\":\"https:\\\/\\\/schema.org\",\"@graph\":[{\"@type\":\"WebPage\",\"@id\":\"https:\\\/\\\/unrostore.com\\\/shop\\\/terrafina\\\/amazonia-cream\\\/creme-cappuccin-kopjes-met-schotel-amazonia-cream-8-delig\\\/\",\"url\":\"https:\\\/\\\/unrostore.com\\\/shop\\\/terrafina\\\/amazonia-cream\\\/creme-cappuccin-kopjes-met-schotel-amazonia-cream-8-delig\\\/\",\"name\":\"Creme Cappuccino Kopjes met Schotel Set Amazonia Cream - 8-delig &#8226; UNRO\",\"isPartOf\":{\"@id\":\"https:\\\/\\\/unrostore.com\\\/#website\"},\"primaryImageOfPage\":{\"@id\":\"https:\\\/\\\/unrostore.com\\\/shop\\\/terrafina\\\/amazonia-cream\\\/creme-cappuccin-kopjes-met-schotel-amazonia-cream-8-delig\\\/#primaryimage\"},\"image\":{\"@id\":\"https:\\\/\\\/unrostore.com\\\/shop\\\/terrafina\\\/amazonia-cream\\\/creme-cappuccin-kopjes-met-schotel-amazonia-cream-8-delig\\\/#primaryimage\"},\"thumbnailUrl\":\"https:\\\/\\\/unrostore.com\\\/wp-content\\\/uploads\\\/2024\\\/08\\\/unro-theekopjes-creme-schotels-portugees-servies.webp\",\"datePublished\":\"2024-08-28T15:52:21+00:00\",\"dateModified\":\"2026-01-19T20:36:27+00:00\",\"description\":\"Ervaar een dagelijks geluksmomentje met de creme cappuccino kopjes met schotel uit Portugal bij het drinken van jouw cappuccino of thee!\",\"breadcrumb\":{\"@id\":\"https:\\\/\\\/unrostore.com\\\/shop\\\/terrafina\\\/amazonia-cream\\\/creme-cappuccin-kopjes-met-schotel-amazonia-cream-8-delig\\\/#breadcrumb\"},\"inLanguage\":\"de\",\"potentialAction\":[{\"@type\":\"ReadAction\",\"target\":[\"https:\\\/\\\/unrostore.com\\\/shop\\\/terrafina\\\/amazonia-cream\\\/creme-cappuccin-kopjes-met-schotel-amazonia-cream-8-delig\\\/\"]}]},{\"@type\":\"ImageObject\",\"inLanguage\":\"de\",\"@id\":\"https:\\\/\\\/unrostore.com\\\/shop\\\/terrafina\\\/amazonia-cream\\\/creme-cappuccin-kopjes-met-schotel-amazonia-cream-8-delig\\\/#primaryimage\",\"url\":\"https:\\\/\\\/unrostore.com\\\/wp-content\\\/uploads\\\/2024\\\/08\\\/unro-theekopjes-creme-schotels-portugees-servies.webp\",\"contentUrl\":\"https:\\\/\\\/unrostore.com\\\/wp-content\\\/uploads\\\/2024\\\/08\\\/unro-theekopjes-creme-schotels-portugees-servies.webp\",\"width\":1000,\"height\":1000,\"caption\":\"creme cappuccino kopjes met schotel set amazonia cream\"},{\"@type\":\"BreadcrumbList\",\"@id\":\"https:\\\/\\\/unrostore.com\\\/shop\\\/terrafina\\\/amazonia-cream\\\/creme-cappuccin-kopjes-met-schotel-amazonia-cream-8-delig\\\/#breadcrumb\",\"itemListElement\":[{\"@type\":\"ListItem\",\"position\":1,\"name\":\"Home\",\"item\":\"https:\\\/\\\/unrostore.com\\\/\"},{\"@type\":\"ListItem\",\"position\":2,\"name\":\"Shop\",\"item\":\"https:\\\/\\\/unrostore.com\\\/shop\\\/\"},{\"@type\":\"ListItem\",\"position\":3,\"name\":\"Creme Cappuccino Kopjes met Schotel Set Amazonia Cream &#8211; 8-delig\"}]},{\"@type\":\"WebSite\",\"@id\":\"https:\\\/\\\/unrostore.com\\\/#website\",\"url\":\"https:\\\/\\\/unrostore.com\\\/\",\"name\":\"UNRO\",\"description\":\"Portugees servies waar je blij van wordt!\",\"publisher\":{\"@id\":\"https:\\\/\\\/unrostore.com\\\/#organization\"},\"potentialAction\":[{\"@type\":\"SearchAction\",\"target\":{\"@type\":\"EntryPoint\",\"urlTemplate\":\"https:\\\/\\\/unrostore.com\\\/?s={search_term_string}\"},\"query-input\":{\"@type\":\"PropertyValueSpecification\",\"valueRequired\":true,\"valueName\":\"search_term_string\"}}],\"inLanguage\":\"de\"},{\"@type\":\"Organization\",\"@id\":\"https:\\\/\\\/unrostore.com\\\/#organization\",\"name\":\"UNRO\",\"url\":\"https:\\\/\\\/unrostore.com\\\/\",\"logo\":{\"@type\":\"ImageObject\",\"inLanguage\":\"de\",\"@id\":\"https:\\\/\\\/unrostore.com\\\/#\\\/schema\\\/logo\\\/image\\\/\",\"url\":\"https:\\\/\\\/unrostore.com\\\/wp-content\\\/uploads\\\/2022\\\/05\\\/Logo-UNRO.png\",\"contentUrl\":\"https:\\\/\\\/unrostore.com\\\/wp-content\\\/uploads\\\/2022\\\/05\\\/Logo-UNRO.png\",\"width\":605,\"height\":179,\"caption\":\"UNRO\"},\"image\":{\"@id\":\"https:\\\/\\\/unrostore.com\\\/#\\\/schema\\\/logo\\\/image\\\/\"}}]}<\/script>\n<!-- \/ Yoast SEO plugin. -->","yoast_head_json":{"title":"Cappuccinotassen mit Untertasse Set Amazonia Creme - 8-teilig - UNRO","description":"Erleben Sie mit den cremefarbenen Cappuccinotassen mit Untertasse aus Portugal einen t\u00e4glichen Gl\u00fccksmoment beim Trinken Ihres Cappuccinos oder Tees!","robots":{"index":"index","follow":"follow","max-snippet":"max-snippet:-1","max-image-preview":"max-image-preview:large","max-video-preview":"max-video-preview:-1"},"canonical":"https:\/\/unrostore.com\/de-de\/shop\/terrafina\/amazonia-creme\/creme-cappuccinotassen-mit-untertasse-amazonia-creme-8-stuck\/","og_locale":"de_DE","og_type":"article","og_title":"Creme Cappuccino Kopjes met Schotel Set Amazonia Cream - 8-delig &#8226; UNRO","og_description":"Ervaar een dagelijks geluksmomentje met de creme cappuccino kopjes met schotel uit Portugal bij het drinken van jouw cappuccino of thee!","og_url":"https:\/\/unrostore.com\/de-de\/shop\/terrafina\/amazonia-creme\/creme-cappuccinotassen-mit-untertasse-amazonia-creme-8-stuck\/","og_site_name":"UNRO","article_modified_time":"2026-01-19T20:36:27+00:00","og_image":[{"width":1000,"height":1000,"url":"https:\/\/unrostore.com\/wp-content\/uploads\/2024\/08\/unro-theekopjes-creme-schotels-portugees-servies.webp","type":"image\/webp"}],"twitter_card":"summary_large_image","schema":{"@context":"https:\/\/schema.org","@graph":[{"@type":"WebPage","@id":"https:\/\/unrostore.com\/shop\/terrafina\/amazonia-cream\/creme-cappuccin-kopjes-met-schotel-amazonia-cream-8-delig\/","url":"https:\/\/unrostore.com\/shop\/terrafina\/amazonia-cream\/creme-cappuccin-kopjes-met-schotel-amazonia-cream-8-delig\/","name":"Cappuccinotassen mit Untertasse Set Amazonia Creme - 8-teilig - UNRO","isPartOf":{"@id":"https:\/\/unrostore.com\/#website"},"primaryImageOfPage":{"@id":"https:\/\/unrostore.com\/shop\/terrafina\/amazonia-cream\/creme-cappuccin-kopjes-met-schotel-amazonia-cream-8-delig\/#primaryimage"},"image":{"@id":"https:\/\/unrostore.com\/shop\/terrafina\/amazonia-cream\/creme-cappuccin-kopjes-met-schotel-amazonia-cream-8-delig\/#primaryimage"},"thumbnailUrl":"https:\/\/unrostore.com\/wp-content\/uploads\/2024\/08\/unro-theekopjes-creme-schotels-portugees-servies.webp","datePublished":"2024-08-28T15:52:21+00:00","dateModified":"2026-01-19T20:36:27+00:00","description":"Erleben Sie mit den cremefarbenen Cappuccinotassen mit Untertasse aus Portugal einen t\u00e4glichen Gl\u00fccksmoment beim Trinken Ihres Cappuccinos oder Tees!","breadcrumb":{"@id":"https:\/\/unrostore.com\/shop\/terrafina\/amazonia-cream\/creme-cappuccin-kopjes-met-schotel-amazonia-cream-8-delig\/#breadcrumb"},"inLanguage":"de","potentialAction":[{"@type":"ReadAction","target":["https:\/\/unrostore.com\/shop\/terrafina\/amazonia-cream\/creme-cappuccin-kopjes-met-schotel-amazonia-cream-8-delig\/"]}]},{"@type":"ImageObject","inLanguage":"de","@id":"https:\/\/unrostore.com\/shop\/terrafina\/amazonia-cream\/creme-cappuccin-kopjes-met-schotel-amazonia-cream-8-delig\/#primaryimage","url":"https:\/\/unrostore.com\/wp-content\/uploads\/2024\/08\/unro-theekopjes-creme-schotels-portugees-servies.webp","contentUrl":"https:\/\/unrostore.com\/wp-content\/uploads\/2024\/08\/unro-theekopjes-creme-schotels-portugees-servies.webp","width":1000,"height":1000,"caption":"creme cappuccino kopjes met schotel set amazonia cream"},{"@type":"BreadcrumbList","@id":"https:\/\/unrostore.com\/shop\/terrafina\/amazonia-cream\/creme-cappuccin-kopjes-met-schotel-amazonia-cream-8-delig\/#breadcrumb","itemListElement":[{"@type":"ListItem","position":1,"name":"Home","item":"https:\/\/unrostore.com\/"},{"@type":"ListItem","position":2,"name":"Shop","item":"https:\/\/unrostore.com\/shop\/"},{"@type":"ListItem","position":3,"name":"Creme Cappuccino Kopjes met Schotel Set Amazonia Cream &#8211; 8-delig"}]},{"@type":"WebSite","@id":"https:\/\/unrostore.com\/#website","url":"https:\/\/unrostore.com\/","name":"UNRO","description":"Portugiesisches Geschirr, das Sie gl\u00fccklich machen wird!","publisher":{"@id":"https:\/\/unrostore.com\/#organization"},"potentialAction":[{"@type":"SearchAction","target":{"@type":"EntryPoint","urlTemplate":"https:\/\/unrostore.com\/?s={search_term_string}"},"query-input":{"@type":"PropertyValueSpecification","valueRequired":true,"valueName":"search_term_string"}}],"inLanguage":"de"},{"@type":"Organization","@id":"https:\/\/unrostore.com\/#organization","name":"UNRO","url":"https:\/\/unrostore.com\/","logo":{"@type":"ImageObject","inLanguage":"de","@id":"https:\/\/unrostore.com\/#\/schema\/logo\/image\/","url":"https:\/\/unrostore.com\/wp-content\/uploads\/2022\/05\/Logo-UNRO.png","contentUrl":"https:\/\/unrostore.com\/wp-content\/uploads\/2022\/05\/Logo-UNRO.png","width":605,"height":179,"caption":"UNRO"},"image":{"@id":"https:\/\/unrostore.com\/#\/schema\/logo\/image\/"}}]}},"_links":{"self":[{"href":"https:\/\/unrostore.com\/de-de\/wp-json\/wp\/v2\/product\/8178","targetHints":{"allow":["GET"]}}],"collection":[{"href":"https:\/\/unrostore.com\/de-de\/wp-json\/wp\/v2\/product"}],"about":[{"href":"https:\/\/unrostore.com\/de-de\/wp-json\/wp\/v2\/types\/product"}],"wp:featuredmedia":[{"embeddable":true,"href":"https:\/\/unrostore.com\/de-de\/wp-json\/wp\/v2\/media\/8179"}],"wp:attachment":[{"href":"https:\/\/unrostore.com\/de-de\/wp-json\/wp\/v2\/media?parent=8178"}],"wp:term":[{"taxonomy":"product_brand","embeddable":true,"href":"https:\/\/unrostore.com\/de-de\/wp-json\/wp\/v2\/product_brand?post=8178"},{"taxonomy":"product_cat","embeddable":true,"href":"https:\/\/unrostore.com\/de-de\/wp-json\/wp\/v2\/product_cat?post=8178"},{"taxonomy":"product_tag","embeddable":true,"href":"https:\/\/unrostore.com\/de-de\/wp-json\/wp\/v2\/product_tag?post=8178"}],"curies":[{"name":"wp","href":"https:\/\/api.w.org\/{rel}","templated":true}]}}