{"id":7702,"date":"2024-05-26T12:37:56","date_gmt":"2024-05-26T12:37:56","guid":{"rendered":"https:\/\/unrostore.com\/?post_type=product&#038;p=7702"},"modified":"2026-01-19T20:36:28","modified_gmt":"2026-01-19T20:36:28","slug":"sahne-kaffeebecher-250-ml-amazonia-sahne-1-stuck","status":"publish","type":"product","link":"https:\/\/unrostore.com\/de-de\/shop\/tassen-und-becher\/kaffeetassen\/sahne-kaffeebecher-250-ml-amazonia-sahne-1-stuck\/","title":{"rendered":"Creme Kaffeebecher 250 ml Amazonia Creme - 1 St\u00fcck"},"content":{"rendered":"<h3>Eine sch\u00f6ne Creme Keramik Kaffeebecher aus Portugal<\/h3>\n<p>Die<strong> Kaffeebecher mit Sahne<\/strong> aus der Geschirr-Kollektion Amazonia Cream der portugiesischen Marke <a href=\"https:\/\/www.terrafinastore.com\/en\/collections\/amazonia\">Terrafina<\/a> ist modern und zeitlos zugleich. Der kugelf\u00f6rmige Kaffeebecher in lila, puderrosa und cremefarben ist immer gut. Diese dezente Farbe passt wunderbar zu hellen Interieurs mit nat\u00fcrlichen Materialien und schafft ein warmes Gef\u00fchl. Mit 250 ml hat der cremefarbene Kaffeebecher die perfekte Gr\u00f6\u00dfe f\u00fcr eine gro\u00dfe Tasse Kaffee, Lungo und Senseo Black Coffee. Dieser mittelgro\u00dfe Becher aus handgefertigter Keramik aus Portugal sieht in Ihrer K\u00fcche sch\u00f6n aus und ist dank seiner runden organischen Formen sehr angenehm zu trinken. Diese cremefarbene Kaffeetasse ist auch ein sch\u00f6nes Geschenk f\u00fcr Ihre Frau, Mutter, Schwester, Tante oder Freundin! Schauen Sie sich die passende <strong><a href=\"https:\/\/unrostore.com\/de-de\/shop\/terrafina\/amazonia-creme\/beige-cappuccinotasse-amazonia-creme-1-stuck\/\">Sahne-Cappuccino-Becher<\/a><\/strong>, <a href=\"https:\/\/unrostore.com\/de-de\/shop\/terrafina\/amazonia-creme\/espressotassen-amazonia-creme-2-stuck\/\"><strong>Sahne-Espressotassen<\/strong><\/a>, <a href=\"https:\/\/unrostore.com\/de-de\/shop\/terrafina\/amazonia-creme\/eierbecher-sahne-espressotassen-amazonia-sahne-6-stuck\/\"><strong>Sahne-Eierbecher\/Espressobecher ohne Henkel<\/strong><\/a>, <a href=\"https:\/\/unrostore.com\/de-de\/shop\/terrafina\/amazonia-creme\/creme-fruhstucksteller-amazonia-creme-4-stuck\/\"><strong>Creme Fr\u00fchst\u00fccksteller<\/strong><\/a> und <a href=\"https:\/\/unrostore.com\/de-de\/shop\/terrafina\/amazonia-creme\/cremegeschirr-amazonia-creme-2-stuck\/\"><strong>Cremesch\u00e4lchen<\/strong><\/a> f\u00fcr ein komplettes Fr\u00fchst\u00fccksset.<\/p>\n<p>&nbsp;<\/p>\n<h3>Dies ist die Anzahl der Becher, die Sie geliefert bekommen<\/h3>\n<ul>\n<li>1x Amazonia Cream Kaffeebecher (250ml trinkbares Fassungsverm\u00f6gen)<\/li>\n<\/ul>\n<p>&nbsp;<\/p>\n<p><em><strong>Nachhaltig f\u00fcr Mensch und Umwelt:<\/strong><br \/>\nJedes Produkt ist ein Unikat, denn es wird in Handarbeit hergestellt.<br \/>\nDruck und Textur k\u00f6nnen daher leicht vom Produktfoto abweichen.<\/em><\/p>","protected":false},"excerpt":{"rendered":"<div class=\"usps\"><i class=\"far fa-check-circle\"><\/i> Mikrowellenfest<br \/>\n<i class=\"far fa-check-circle\"><\/i> Backofenfest (bis zu 200 Grad)<br \/>\n<i class=\"far fa-check-circle\"><\/i> Sp\u00fclmaschinenfest<br \/>\n<i class=\"far fa-thumbs-up\"><\/i> Handgefertigt<\/div>","protected":false},"featured_media":8150,"template":"","meta":[],"product_brand":[],"product_cat":[869,144,997,132,870,119],"product_tag":[996,147,145,233,975,993,635,370,114,215,123],"class_list":{"0":"post-7702","1":"product","2":"type-product","3":"status-publish","4":"has-post-thumbnail","6":"product_cat-unro-cadeautips","7":"product_cat-amazonia-cream","8":"product_cat-koffiekopjes","9":"product_cat-kopjes-en-mokken","10":"product_cat-unro-nieuw-portugees-servies","11":"product_cat-terrafina","12":"product_tag-250-ml","13":"product_tag-amazonia","14":"product_tag-amazonia-cream","15":"product_tag-creme","16":"product_tag-koffiekop","17":"product_tag-koffiekopje","18":"product_tag-koffiemok","19":"product_tag-kopje","20":"product_tag-mok","21":"product_tag-roze","22":"product_tag-terrafina","24":"first","25":"instock","26":"sale","27":"taxable","28":"shipping-taxable","29":"purchasable","30":"product-type-simple"},"yoast_head":"<!-- This site is optimized with the Yoast SEO plugin v27.4 - https:\/\/yoast.com\/product\/yoast-seo-wordpress\/ -->\n<title>Creme Koffiemok 250 ml Amazonia Cream - 1 stuk &#8226; UNRO<\/title>\n<meta name=\"description\" content=\"Een leuk cadeau voor vrouwen: de creme koffiemok van keramiek uit Portugal. De mooie ronde vormen en lila roze kleur maken dit koffiekopje erg stijlvol!\" \/>\n<meta name=\"robots\" content=\"index, follow, max-snippet:-1, max-image-preview:large, max-video-preview:-1\" \/>\n<link rel=\"canonical\" href=\"https:\/\/unrostore.com\/de-de\/shop\/tassen-und-becher\/kaffeetassen\/sahne-kaffeebecher-250-ml-amazonia-sahne-1-stuck\/\" \/>\n<meta property=\"og:locale\" content=\"de_DE\" \/>\n<meta property=\"og:type\" content=\"article\" \/>\n<meta property=\"og:title\" content=\"Creme Koffiemok 250 ml Amazonia Cream - 1 stuk &#8226; UNRO\" \/>\n<meta property=\"og:description\" content=\"Een leuk cadeau voor vrouwen: de creme koffiemok van keramiek uit Portugal. De mooie ronde vormen en lila roze kleur maken dit koffiekopje erg stijlvol!\" \/>\n<meta property=\"og:url\" content=\"https:\/\/unrostore.com\/de-de\/shop\/tassen-und-becher\/kaffeetassen\/sahne-kaffeebecher-250-ml-amazonia-sahne-1-stuck\/\" \/>\n<meta property=\"og:site_name\" content=\"UNRO\" \/>\n<meta property=\"article:modified_time\" content=\"2026-01-19T20:36:28+00:00\" \/>\n<meta property=\"og:image\" content=\"https:\/\/unrostore.com\/wp-content\/uploads\/2024\/05\/unro-creme-koffiemok-amazonia-cream.webp\" \/>\n\t<meta property=\"og:image:width\" content=\"1000\" \/>\n\t<meta property=\"og:image:height\" content=\"1000\" \/>\n\t<meta property=\"og:image:type\" content=\"image\/webp\" \/>\n<meta name=\"twitter:card\" content=\"summary_large_image\" \/>\n<script type=\"application\/ld+json\" class=\"yoast-schema-graph\">{\"@context\":\"https:\\\/\\\/schema.org\",\"@graph\":[{\"@type\":\"WebPage\",\"@id\":\"https:\\\/\\\/unrostore.com\\\/shop\\\/kopjes-en-mokken\\\/koffiekopjes\\\/creme-koffiemok-250-ml-amazonia-cream-1-stuk\\\/\",\"url\":\"https:\\\/\\\/unrostore.com\\\/shop\\\/kopjes-en-mokken\\\/koffiekopjes\\\/creme-koffiemok-250-ml-amazonia-cream-1-stuk\\\/\",\"name\":\"Creme Koffiemok 250 ml Amazonia Cream - 1 stuk &#8226; UNRO\",\"isPartOf\":{\"@id\":\"https:\\\/\\\/unrostore.com\\\/#website\"},\"primaryImageOfPage\":{\"@id\":\"https:\\\/\\\/unrostore.com\\\/shop\\\/kopjes-en-mokken\\\/koffiekopjes\\\/creme-koffiemok-250-ml-amazonia-cream-1-stuk\\\/#primaryimage\"},\"image\":{\"@id\":\"https:\\\/\\\/unrostore.com\\\/shop\\\/kopjes-en-mokken\\\/koffiekopjes\\\/creme-koffiemok-250-ml-amazonia-cream-1-stuk\\\/#primaryimage\"},\"thumbnailUrl\":\"https:\\\/\\\/unrostore.com\\\/wp-content\\\/uploads\\\/2024\\\/05\\\/unro-creme-koffiemok-amazonia-cream.webp\",\"datePublished\":\"2024-05-26T12:37:56+00:00\",\"dateModified\":\"2026-01-19T20:36:28+00:00\",\"description\":\"Een leuk cadeau voor vrouwen: de creme koffiemok van keramiek uit Portugal. De mooie ronde vormen en lila roze kleur maken dit koffiekopje erg stijlvol!\",\"breadcrumb\":{\"@id\":\"https:\\\/\\\/unrostore.com\\\/shop\\\/kopjes-en-mokken\\\/koffiekopjes\\\/creme-koffiemok-250-ml-amazonia-cream-1-stuk\\\/#breadcrumb\"},\"inLanguage\":\"de\",\"potentialAction\":[{\"@type\":\"ReadAction\",\"target\":[\"https:\\\/\\\/unrostore.com\\\/shop\\\/kopjes-en-mokken\\\/koffiekopjes\\\/creme-koffiemok-250-ml-amazonia-cream-1-stuk\\\/\"]}]},{\"@type\":\"ImageObject\",\"inLanguage\":\"de\",\"@id\":\"https:\\\/\\\/unrostore.com\\\/shop\\\/kopjes-en-mokken\\\/koffiekopjes\\\/creme-koffiemok-250-ml-amazonia-cream-1-stuk\\\/#primaryimage\",\"url\":\"https:\\\/\\\/unrostore.com\\\/wp-content\\\/uploads\\\/2024\\\/05\\\/unro-creme-koffiemok-amazonia-cream.webp\",\"contentUrl\":\"https:\\\/\\\/unrostore.com\\\/wp-content\\\/uploads\\\/2024\\\/05\\\/unro-creme-koffiemok-amazonia-cream.webp\",\"width\":1000,\"height\":1000,\"caption\":\"amazonia cream koffiemok creme\"},{\"@type\":\"BreadcrumbList\",\"@id\":\"https:\\\/\\\/unrostore.com\\\/shop\\\/kopjes-en-mokken\\\/koffiekopjes\\\/creme-koffiemok-250-ml-amazonia-cream-1-stuk\\\/#breadcrumb\",\"itemListElement\":[{\"@type\":\"ListItem\",\"position\":1,\"name\":\"Home\",\"item\":\"https:\\\/\\\/unrostore.com\\\/\"},{\"@type\":\"ListItem\",\"position\":2,\"name\":\"Shop\",\"item\":\"https:\\\/\\\/unrostore.com\\\/shop\\\/\"},{\"@type\":\"ListItem\",\"position\":3,\"name\":\"Creme Koffiemok 250 ml Amazonia Cream &#8211; 1 stuk\"}]},{\"@type\":\"WebSite\",\"@id\":\"https:\\\/\\\/unrostore.com\\\/#website\",\"url\":\"https:\\\/\\\/unrostore.com\\\/\",\"name\":\"UNRO\",\"description\":\"Portugees servies waar je blij van wordt!\",\"publisher\":{\"@id\":\"https:\\\/\\\/unrostore.com\\\/#organization\"},\"potentialAction\":[{\"@type\":\"SearchAction\",\"target\":{\"@type\":\"EntryPoint\",\"urlTemplate\":\"https:\\\/\\\/unrostore.com\\\/?s={search_term_string}\"},\"query-input\":{\"@type\":\"PropertyValueSpecification\",\"valueRequired\":true,\"valueName\":\"search_term_string\"}}],\"inLanguage\":\"de\"},{\"@type\":\"Organization\",\"@id\":\"https:\\\/\\\/unrostore.com\\\/#organization\",\"name\":\"UNRO\",\"url\":\"https:\\\/\\\/unrostore.com\\\/\",\"logo\":{\"@type\":\"ImageObject\",\"inLanguage\":\"de\",\"@id\":\"https:\\\/\\\/unrostore.com\\\/#\\\/schema\\\/logo\\\/image\\\/\",\"url\":\"https:\\\/\\\/unrostore.com\\\/wp-content\\\/uploads\\\/2022\\\/05\\\/Logo-UNRO.png\",\"contentUrl\":\"https:\\\/\\\/unrostore.com\\\/wp-content\\\/uploads\\\/2022\\\/05\\\/Logo-UNRO.png\",\"width\":605,\"height\":179,\"caption\":\"UNRO\"},\"image\":{\"@id\":\"https:\\\/\\\/unrostore.com\\\/#\\\/schema\\\/logo\\\/image\\\/\"}}]}<\/script>\n<!-- \/ Yoast SEO plugin. -->","yoast_head_json":{"title":"Cream Kaffeebecher 250 ml Amazonia Cream - 1 St\u00fcck - UNRO","description":"Ein sch\u00f6nes Geschenk f\u00fcr Frauen: der cremefarbene Keramik-Kaffeebecher aus Portugal. Die sch\u00f6nen runden Formen und die lila-rosa Farbe machen diese Kaffeetasse sehr stilvoll!","robots":{"index":"index","follow":"follow","max-snippet":"max-snippet:-1","max-image-preview":"max-image-preview:large","max-video-preview":"max-video-preview:-1"},"canonical":"https:\/\/unrostore.com\/de-de\/shop\/tassen-und-becher\/kaffeetassen\/sahne-kaffeebecher-250-ml-amazonia-sahne-1-stuck\/","og_locale":"de_DE","og_type":"article","og_title":"Creme Koffiemok 250 ml Amazonia Cream - 1 stuk &#8226; UNRO","og_description":"Een leuk cadeau voor vrouwen: de creme koffiemok van keramiek uit Portugal. De mooie ronde vormen en lila roze kleur maken dit koffiekopje erg stijlvol!","og_url":"https:\/\/unrostore.com\/de-de\/shop\/tassen-und-becher\/kaffeetassen\/sahne-kaffeebecher-250-ml-amazonia-sahne-1-stuck\/","og_site_name":"UNRO","article_modified_time":"2026-01-19T20:36:28+00:00","og_image":[{"width":1000,"height":1000,"url":"https:\/\/unrostore.com\/wp-content\/uploads\/2024\/05\/unro-creme-koffiemok-amazonia-cream.webp","type":"image\/webp"}],"twitter_card":"summary_large_image","schema":{"@context":"https:\/\/schema.org","@graph":[{"@type":"WebPage","@id":"https:\/\/unrostore.com\/shop\/kopjes-en-mokken\/koffiekopjes\/creme-koffiemok-250-ml-amazonia-cream-1-stuk\/","url":"https:\/\/unrostore.com\/shop\/kopjes-en-mokken\/koffiekopjes\/creme-koffiemok-250-ml-amazonia-cream-1-stuk\/","name":"Cream Kaffeebecher 250 ml Amazonia Cream - 1 St\u00fcck - UNRO","isPartOf":{"@id":"https:\/\/unrostore.com\/#website"},"primaryImageOfPage":{"@id":"https:\/\/unrostore.com\/shop\/kopjes-en-mokken\/koffiekopjes\/creme-koffiemok-250-ml-amazonia-cream-1-stuk\/#primaryimage"},"image":{"@id":"https:\/\/unrostore.com\/shop\/kopjes-en-mokken\/koffiekopjes\/creme-koffiemok-250-ml-amazonia-cream-1-stuk\/#primaryimage"},"thumbnailUrl":"https:\/\/unrostore.com\/wp-content\/uploads\/2024\/05\/unro-creme-koffiemok-amazonia-cream.webp","datePublished":"2024-05-26T12:37:56+00:00","dateModified":"2026-01-19T20:36:28+00:00","description":"Ein sch\u00f6nes Geschenk f\u00fcr Frauen: der cremefarbene Keramik-Kaffeebecher aus Portugal. Die sch\u00f6nen runden Formen und die lila-rosa Farbe machen diese Kaffeetasse sehr stilvoll!","breadcrumb":{"@id":"https:\/\/unrostore.com\/shop\/kopjes-en-mokken\/koffiekopjes\/creme-koffiemok-250-ml-amazonia-cream-1-stuk\/#breadcrumb"},"inLanguage":"de","potentialAction":[{"@type":"ReadAction","target":["https:\/\/unrostore.com\/shop\/kopjes-en-mokken\/koffiekopjes\/creme-koffiemok-250-ml-amazonia-cream-1-stuk\/"]}]},{"@type":"ImageObject","inLanguage":"de","@id":"https:\/\/unrostore.com\/shop\/kopjes-en-mokken\/koffiekopjes\/creme-koffiemok-250-ml-amazonia-cream-1-stuk\/#primaryimage","url":"https:\/\/unrostore.com\/wp-content\/uploads\/2024\/05\/unro-creme-koffiemok-amazonia-cream.webp","contentUrl":"https:\/\/unrostore.com\/wp-content\/uploads\/2024\/05\/unro-creme-koffiemok-amazonia-cream.webp","width":1000,"height":1000,"caption":"amazonia cream koffiemok creme"},{"@type":"BreadcrumbList","@id":"https:\/\/unrostore.com\/shop\/kopjes-en-mokken\/koffiekopjes\/creme-koffiemok-250-ml-amazonia-cream-1-stuk\/#breadcrumb","itemListElement":[{"@type":"ListItem","position":1,"name":"Home","item":"https:\/\/unrostore.com\/"},{"@type":"ListItem","position":2,"name":"Shop","item":"https:\/\/unrostore.com\/shop\/"},{"@type":"ListItem","position":3,"name":"Creme Koffiemok 250 ml Amazonia Cream &#8211; 1 stuk"}]},{"@type":"WebSite","@id":"https:\/\/unrostore.com\/#website","url":"https:\/\/unrostore.com\/","name":"UNRO","description":"Portugiesisches Geschirr, das Sie gl\u00fccklich machen wird!","publisher":{"@id":"https:\/\/unrostore.com\/#organization"},"potentialAction":[{"@type":"SearchAction","target":{"@type":"EntryPoint","urlTemplate":"https:\/\/unrostore.com\/?s={search_term_string}"},"query-input":{"@type":"PropertyValueSpecification","valueRequired":true,"valueName":"search_term_string"}}],"inLanguage":"de"},{"@type":"Organization","@id":"https:\/\/unrostore.com\/#organization","name":"UNRO","url":"https:\/\/unrostore.com\/","logo":{"@type":"ImageObject","inLanguage":"de","@id":"https:\/\/unrostore.com\/#\/schema\/logo\/image\/","url":"https:\/\/unrostore.com\/wp-content\/uploads\/2022\/05\/Logo-UNRO.png","contentUrl":"https:\/\/unrostore.com\/wp-content\/uploads\/2022\/05\/Logo-UNRO.png","width":605,"height":179,"caption":"UNRO"},"image":{"@id":"https:\/\/unrostore.com\/#\/schema\/logo\/image\/"}}]}},"_links":{"self":[{"href":"https:\/\/unrostore.com\/de-de\/wp-json\/wp\/v2\/product\/7702","targetHints":{"allow":["GET"]}}],"collection":[{"href":"https:\/\/unrostore.com\/de-de\/wp-json\/wp\/v2\/product"}],"about":[{"href":"https:\/\/unrostore.com\/de-de\/wp-json\/wp\/v2\/types\/product"}],"wp:featuredmedia":[{"embeddable":true,"href":"https:\/\/unrostore.com\/de-de\/wp-json\/wp\/v2\/media\/8150"}],"wp:attachment":[{"href":"https:\/\/unrostore.com\/de-de\/wp-json\/wp\/v2\/media?parent=7702"}],"wp:term":[{"taxonomy":"product_brand","embeddable":true,"href":"https:\/\/unrostore.com\/de-de\/wp-json\/wp\/v2\/product_brand?post=7702"},{"taxonomy":"product_cat","embeddable":true,"href":"https:\/\/unrostore.com\/de-de\/wp-json\/wp\/v2\/product_cat?post=7702"},{"taxonomy":"product_tag","embeddable":true,"href":"https:\/\/unrostore.com\/de-de\/wp-json\/wp\/v2\/product_tag?post=7702"}],"curies":[{"name":"wp","href":"https:\/\/api.w.org\/{rel}","templated":true}]}}