{"id":7681,"date":"2024-05-19T12:52:47","date_gmt":"2024-05-19T12:52:47","guid":{"rendered":"https:\/\/unrostore.com\/?post_type=product&#038;p=7681"},"modified":"2026-01-19T20:36:29","modified_gmt":"2026-01-19T20:36:29","slug":"beige-geschirr-vieira-beige-2-stuck","status":"publish","type":"product","link":"https:\/\/unrostore.com\/de-de\/shop\/terrafina\/beige-geschirr-vieira-beige-matt\/beige-geschirr-vieira-beige-2-stuck\/","title":{"rendered":"Beige Schalen Vieira Beige - 2-tlg."},"content":{"rendered":"<h3>Sch\u00f6ne naturbeige Schalen Vieira Beige Matte<\/h3>\n<p>Entdecken Sie die sch\u00f6ne <strong>beigefarbenes Geschirr<\/strong> Set von <a href=\"https:\/\/www.terrafinastore.com\/en\/collections\/sail\">Terrafina<\/a> aus Portugal. Diese beigefarbenen Sch\u00fcsseln sind in einer minimalistischen japanischen Einrichtung mit nat\u00fcrlichen Materialien und warmen T\u00f6nen unverzichtbar. Verwenden Sie diese beigefarbene Fr\u00fchst\u00fccksschale auch als beigefarbene Suppenschale, Snackschale, Schale f\u00fcr Joghurt, M\u00fcsli oder Granola oder als Tapas-Schale. Genie\u00dfen Sie diese beigefarbenen Schalen t\u00e4glich oder verschenken Sie sie an Ihren Freund, Ihre Freundin oder ein Familienmitglied. Mit diesen handgefertigten Keramiksch\u00fcsseln liegen Sie immer richtig. Sehen Sie sich auch die passende beige <a href=\"https:\/\/unrostore.com\/de-de\/shop\/terrafina\/beige-geschirr-vieira-beige-matt\/beige-koffiemok-groot-vieira-beige-1-stuk\/\"><strong>Kaffeetasse<\/strong><\/a>, beige <a href=\"https:\/\/unrostore.com\/de-de\/shop\/terrafina\/beige-geschirr-vieira-beige-matt\/beige-becher-vieira-beige-2-stuck\/\"><strong>Kaffeebecher 2er-Set<\/strong><\/a>, beige <a href=\"https:\/\/unrostore.com\/de-de\/shop\/terrafina\/beige-geschirr-vieira-beige-matt\/beige-fruhstucksteller-vieira-beige-4-stuck\/\"><strong>Fr\u00fchst\u00fccksteller<\/strong><\/a> und beige <a href=\"https:\/\/unrostore.com\/de-de\/shop\/terrafina\/beige-geschirr-vieira-beige-matt\/beige-essteller-vieira-beige-4-stuck\/\"><strong>Essteller<\/strong><\/a>. Sie k\u00f6nnen Ihr beigefarbenes Geschirr so zusammenstellen, wie es Ihnen gef\u00e4llt. Ob Sie ein komplettes beigefarbenes Geschirrset oder nur ein paar Teller w\u00fcnschen, alles ist m\u00f6glich!<\/p>\n<p>&nbsp;<\/p>\n<h3>Dies ist die Anzahl der Schalen, die Sie geliefert bekommen:<\/h3>\n<ul>\n<li><strong>2x Vieira Beige<\/strong> Schale \u00f8 16 cm<\/li>\n<li><strong>1x\u00a0<\/strong>Geschenkpackung von Terrafina<\/li>\n<\/ul>\n<p>&nbsp;<\/p>\n<p><em><strong>Nachhaltig f\u00fcr Mensch und Umwelt:<\/strong><br \/>\nJedes Produkt ist einzigartig, da es handgefertigt ist.<br \/>\nDruck und Textur k\u00f6nnen daher leicht vom Produktfoto abweichen.<\/em><\/p>","protected":false},"excerpt":{"rendered":"<div class=\"usps\"><i class=\"far fa-check-circle\"><\/i> Mikrowellenfest<br \/>\n<i class=\"far fa-check-circle\"><\/i> Backofenfest (bis zu 200 Grad)<br \/>\n<i class=\"far fa-check-circle\"><\/i> Sp\u00fclmaschinenfest<br \/>\n<i class=\"far fa-thumbs-up\"><\/i> Handgefertigt<\/div>","protected":false},"featured_media":7682,"template":"","meta":[],"product_brand":[],"product_cat":[982,135,870,119],"product_tag":[234,137,131,297,602,292,677,616,683,123,992,987,299],"class_list":{"0":"post-7681","1":"product","2":"type-product","3":"status-publish","4":"has-post-thumbnail","6":"product_cat-beige-servies-vieira-beige-mat","7":"product_cat-kommen","8":"product_cat-unro-nieuw-portugees-servies","9":"product_cat-terrafina","10":"product_tag-beige","11":"product_tag-kom","12":"product_tag-kommen","13":"product_tag-mat","14":"product_tag-ontbijtkom","15":"product_tag-schaaltje","16":"product_tag-schaaltjes","17":"product_tag-set","18":"product_tag-soepkom","19":"product_tag-terrafina","20":"product_tag-van-2","21":"product_tag-vieira-beige","22":"product_tag-zand","24":"first","25":"instock","26":"sale","27":"taxable","28":"shipping-taxable","29":"purchasable","30":"product-type-simple"},"yoast_head":"<!-- This site is optimized with the Yoast SEO plugin v27.4 - https:\/\/yoast.com\/product\/yoast-seo-wordpress\/ -->\n<title>Beige Schaaltjes Vieira Beige - 2-delig &#8226; UNRO<\/title>\n<meta name=\"description\" content=\"Prachtige natuurlijke beige schaaltjes set van handgemaakt keramiek uit Portugal voor jouw eettafel. Geniet in stijl van jouw soep, yoghurt of salade!\" \/>\n<meta name=\"robots\" content=\"index, follow, max-snippet:-1, max-image-preview:large, max-video-preview:-1\" \/>\n<link rel=\"canonical\" href=\"https:\/\/unrostore.com\/de-de\/shop\/terrafina\/beige-geschirr-vieira-beige-matt\/beige-geschirr-vieira-beige-2-stuck\/\" \/>\n<meta property=\"og:locale\" content=\"de_DE\" \/>\n<meta property=\"og:type\" content=\"article\" \/>\n<meta property=\"og:title\" content=\"Beige Schaaltjes Vieira Beige - 2-delig &#8226; UNRO\" \/>\n<meta property=\"og:description\" content=\"Prachtige natuurlijke beige schaaltjes set van handgemaakt keramiek uit Portugal voor jouw eettafel. Geniet in stijl van jouw soep, yoghurt of salade!\" \/>\n<meta property=\"og:url\" content=\"https:\/\/unrostore.com\/de-de\/shop\/terrafina\/beige-geschirr-vieira-beige-matt\/beige-geschirr-vieira-beige-2-stuck\/\" \/>\n<meta property=\"og:site_name\" content=\"UNRO\" \/>\n<meta property=\"article:modified_time\" content=\"2026-01-19T20:36:29+00:00\" \/>\n<meta property=\"og:image\" content=\"https:\/\/unrostore.com\/wp-content\/uploads\/2024\/05\/unro-beige-kom-keramiek.webp\" \/>\n\t<meta property=\"og:image:width\" content=\"1000\" \/>\n\t<meta property=\"og:image:height\" content=\"1000\" \/>\n\t<meta property=\"og:image:type\" content=\"image\/webp\" \/>\n<meta name=\"twitter:card\" content=\"summary_large_image\" \/>\n<script type=\"application\/ld+json\" class=\"yoast-schema-graph\">{\"@context\":\"https:\\\/\\\/schema.org\",\"@graph\":[{\"@type\":\"WebPage\",\"@id\":\"https:\\\/\\\/unrostore.com\\\/shop\\\/terrafina\\\/beige-servies-vieira-beige-mat\\\/beige-schaaltjes-vieira-beige-2-delig\\\/\",\"url\":\"https:\\\/\\\/unrostore.com\\\/shop\\\/terrafina\\\/beige-servies-vieira-beige-mat\\\/beige-schaaltjes-vieira-beige-2-delig\\\/\",\"name\":\"Beige Schaaltjes Vieira Beige - 2-delig &#8226; UNRO\",\"isPartOf\":{\"@id\":\"https:\\\/\\\/unrostore.com\\\/#website\"},\"primaryImageOfPage\":{\"@id\":\"https:\\\/\\\/unrostore.com\\\/shop\\\/terrafina\\\/beige-servies-vieira-beige-mat\\\/beige-schaaltjes-vieira-beige-2-delig\\\/#primaryimage\"},\"image\":{\"@id\":\"https:\\\/\\\/unrostore.com\\\/shop\\\/terrafina\\\/beige-servies-vieira-beige-mat\\\/beige-schaaltjes-vieira-beige-2-delig\\\/#primaryimage\"},\"thumbnailUrl\":\"https:\\\/\\\/unrostore.com\\\/wp-content\\\/uploads\\\/2024\\\/05\\\/unro-beige-kom-keramiek.webp\",\"datePublished\":\"2024-05-19T12:52:47+00:00\",\"dateModified\":\"2026-01-19T20:36:29+00:00\",\"description\":\"Prachtige natuurlijke beige schaaltjes set van handgemaakt keramiek uit Portugal voor jouw eettafel. Geniet in stijl van jouw soep, yoghurt of salade!\",\"breadcrumb\":{\"@id\":\"https:\\\/\\\/unrostore.com\\\/shop\\\/terrafina\\\/beige-servies-vieira-beige-mat\\\/beige-schaaltjes-vieira-beige-2-delig\\\/#breadcrumb\"},\"inLanguage\":\"de\",\"potentialAction\":[{\"@type\":\"ReadAction\",\"target\":[\"https:\\\/\\\/unrostore.com\\\/shop\\\/terrafina\\\/beige-servies-vieira-beige-mat\\\/beige-schaaltjes-vieira-beige-2-delig\\\/\"]}]},{\"@type\":\"ImageObject\",\"inLanguage\":\"de\",\"@id\":\"https:\\\/\\\/unrostore.com\\\/shop\\\/terrafina\\\/beige-servies-vieira-beige-mat\\\/beige-schaaltjes-vieira-beige-2-delig\\\/#primaryimage\",\"url\":\"https:\\\/\\\/unrostore.com\\\/wp-content\\\/uploads\\\/2024\\\/05\\\/unro-beige-kom-keramiek.webp\",\"contentUrl\":\"https:\\\/\\\/unrostore.com\\\/wp-content\\\/uploads\\\/2024\\\/05\\\/unro-beige-kom-keramiek.webp\",\"width\":1000,\"height\":1000,\"caption\":\"beige schaaltjes set kommen keramiek\"},{\"@type\":\"BreadcrumbList\",\"@id\":\"https:\\\/\\\/unrostore.com\\\/shop\\\/terrafina\\\/beige-servies-vieira-beige-mat\\\/beige-schaaltjes-vieira-beige-2-delig\\\/#breadcrumb\",\"itemListElement\":[{\"@type\":\"ListItem\",\"position\":1,\"name\":\"Home\",\"item\":\"https:\\\/\\\/unrostore.com\\\/\"},{\"@type\":\"ListItem\",\"position\":2,\"name\":\"Shop\",\"item\":\"https:\\\/\\\/unrostore.com\\\/shop\\\/\"},{\"@type\":\"ListItem\",\"position\":3,\"name\":\"Beige Schaaltjes Vieira Beige &#8211; 2-delig\"}]},{\"@type\":\"WebSite\",\"@id\":\"https:\\\/\\\/unrostore.com\\\/#website\",\"url\":\"https:\\\/\\\/unrostore.com\\\/\",\"name\":\"UNRO\",\"description\":\"Portugees servies waar je blij van wordt!\",\"publisher\":{\"@id\":\"https:\\\/\\\/unrostore.com\\\/#organization\"},\"potentialAction\":[{\"@type\":\"SearchAction\",\"target\":{\"@type\":\"EntryPoint\",\"urlTemplate\":\"https:\\\/\\\/unrostore.com\\\/?s={search_term_string}\"},\"query-input\":{\"@type\":\"PropertyValueSpecification\",\"valueRequired\":true,\"valueName\":\"search_term_string\"}}],\"inLanguage\":\"de\"},{\"@type\":\"Organization\",\"@id\":\"https:\\\/\\\/unrostore.com\\\/#organization\",\"name\":\"UNRO\",\"url\":\"https:\\\/\\\/unrostore.com\\\/\",\"logo\":{\"@type\":\"ImageObject\",\"inLanguage\":\"de\",\"@id\":\"https:\\\/\\\/unrostore.com\\\/#\\\/schema\\\/logo\\\/image\\\/\",\"url\":\"https:\\\/\\\/unrostore.com\\\/wp-content\\\/uploads\\\/2022\\\/05\\\/Logo-UNRO.png\",\"contentUrl\":\"https:\\\/\\\/unrostore.com\\\/wp-content\\\/uploads\\\/2022\\\/05\\\/Logo-UNRO.png\",\"width\":605,\"height\":179,\"caption\":\"UNRO\"},\"image\":{\"@id\":\"https:\\\/\\\/unrostore.com\\\/#\\\/schema\\\/logo\\\/image\\\/\"}}]}<\/script>\n<!-- \/ Yoast SEO plugin. -->","yoast_head_json":{"title":"Beige Schalen Vieira Beige - 2-teilig - UNRO","description":"Wundersch\u00f6nes naturbeiges Sch\u00fcsselset aus handgemachter Keramik aus Portugal f\u00fcr Ihren Esstisch. Genie\u00dfen Sie Ihre Suppe, Ihren Joghurt oder Salat mit Stil!","robots":{"index":"index","follow":"follow","max-snippet":"max-snippet:-1","max-image-preview":"max-image-preview:large","max-video-preview":"max-video-preview:-1"},"canonical":"https:\/\/unrostore.com\/de-de\/shop\/terrafina\/beige-geschirr-vieira-beige-matt\/beige-geschirr-vieira-beige-2-stuck\/","og_locale":"de_DE","og_type":"article","og_title":"Beige Schaaltjes Vieira Beige - 2-delig &#8226; UNRO","og_description":"Prachtige natuurlijke beige schaaltjes set van handgemaakt keramiek uit Portugal voor jouw eettafel. Geniet in stijl van jouw soep, yoghurt of salade!","og_url":"https:\/\/unrostore.com\/de-de\/shop\/terrafina\/beige-geschirr-vieira-beige-matt\/beige-geschirr-vieira-beige-2-stuck\/","og_site_name":"UNRO","article_modified_time":"2026-01-19T20:36:29+00:00","og_image":[{"width":1000,"height":1000,"url":"https:\/\/unrostore.com\/wp-content\/uploads\/2024\/05\/unro-beige-kom-keramiek.webp","type":"image\/webp"}],"twitter_card":"summary_large_image","schema":{"@context":"https:\/\/schema.org","@graph":[{"@type":"WebPage","@id":"https:\/\/unrostore.com\/shop\/terrafina\/beige-servies-vieira-beige-mat\/beige-schaaltjes-vieira-beige-2-delig\/","url":"https:\/\/unrostore.com\/shop\/terrafina\/beige-servies-vieira-beige-mat\/beige-schaaltjes-vieira-beige-2-delig\/","name":"Beige Schalen Vieira Beige - 2-teilig - UNRO","isPartOf":{"@id":"https:\/\/unrostore.com\/#website"},"primaryImageOfPage":{"@id":"https:\/\/unrostore.com\/shop\/terrafina\/beige-servies-vieira-beige-mat\/beige-schaaltjes-vieira-beige-2-delig\/#primaryimage"},"image":{"@id":"https:\/\/unrostore.com\/shop\/terrafina\/beige-servies-vieira-beige-mat\/beige-schaaltjes-vieira-beige-2-delig\/#primaryimage"},"thumbnailUrl":"https:\/\/unrostore.com\/wp-content\/uploads\/2024\/05\/unro-beige-kom-keramiek.webp","datePublished":"2024-05-19T12:52:47+00:00","dateModified":"2026-01-19T20:36:29+00:00","description":"Wundersch\u00f6nes naturbeiges Sch\u00fcsselset aus handgemachter Keramik aus Portugal f\u00fcr Ihren Esstisch. Genie\u00dfen Sie Ihre Suppe, Ihren Joghurt oder Salat mit Stil!","breadcrumb":{"@id":"https:\/\/unrostore.com\/shop\/terrafina\/beige-servies-vieira-beige-mat\/beige-schaaltjes-vieira-beige-2-delig\/#breadcrumb"},"inLanguage":"de","potentialAction":[{"@type":"ReadAction","target":["https:\/\/unrostore.com\/shop\/terrafina\/beige-servies-vieira-beige-mat\/beige-schaaltjes-vieira-beige-2-delig\/"]}]},{"@type":"ImageObject","inLanguage":"de","@id":"https:\/\/unrostore.com\/shop\/terrafina\/beige-servies-vieira-beige-mat\/beige-schaaltjes-vieira-beige-2-delig\/#primaryimage","url":"https:\/\/unrostore.com\/wp-content\/uploads\/2024\/05\/unro-beige-kom-keramiek.webp","contentUrl":"https:\/\/unrostore.com\/wp-content\/uploads\/2024\/05\/unro-beige-kom-keramiek.webp","width":1000,"height":1000,"caption":"beige schaaltjes set kommen keramiek"},{"@type":"BreadcrumbList","@id":"https:\/\/unrostore.com\/shop\/terrafina\/beige-servies-vieira-beige-mat\/beige-schaaltjes-vieira-beige-2-delig\/#breadcrumb","itemListElement":[{"@type":"ListItem","position":1,"name":"Home","item":"https:\/\/unrostore.com\/"},{"@type":"ListItem","position":2,"name":"Shop","item":"https:\/\/unrostore.com\/shop\/"},{"@type":"ListItem","position":3,"name":"Beige Schaaltjes Vieira Beige &#8211; 2-delig"}]},{"@type":"WebSite","@id":"https:\/\/unrostore.com\/#website","url":"https:\/\/unrostore.com\/","name":"UNRO","description":"Portugiesisches Geschirr, das Sie gl\u00fccklich machen wird!","publisher":{"@id":"https:\/\/unrostore.com\/#organization"},"potentialAction":[{"@type":"SearchAction","target":{"@type":"EntryPoint","urlTemplate":"https:\/\/unrostore.com\/?s={search_term_string}"},"query-input":{"@type":"PropertyValueSpecification","valueRequired":true,"valueName":"search_term_string"}}],"inLanguage":"de"},{"@type":"Organization","@id":"https:\/\/unrostore.com\/#organization","name":"UNRO","url":"https:\/\/unrostore.com\/","logo":{"@type":"ImageObject","inLanguage":"de","@id":"https:\/\/unrostore.com\/#\/schema\/logo\/image\/","url":"https:\/\/unrostore.com\/wp-content\/uploads\/2022\/05\/Logo-UNRO.png","contentUrl":"https:\/\/unrostore.com\/wp-content\/uploads\/2022\/05\/Logo-UNRO.png","width":605,"height":179,"caption":"UNRO"},"image":{"@id":"https:\/\/unrostore.com\/#\/schema\/logo\/image\/"}}]}},"_links":{"self":[{"href":"https:\/\/unrostore.com\/de-de\/wp-json\/wp\/v2\/product\/7681","targetHints":{"allow":["GET"]}}],"collection":[{"href":"https:\/\/unrostore.com\/de-de\/wp-json\/wp\/v2\/product"}],"about":[{"href":"https:\/\/unrostore.com\/de-de\/wp-json\/wp\/v2\/types\/product"}],"wp:featuredmedia":[{"embeddable":true,"href":"https:\/\/unrostore.com\/de-de\/wp-json\/wp\/v2\/media\/7682"}],"wp:attachment":[{"href":"https:\/\/unrostore.com\/de-de\/wp-json\/wp\/v2\/media?parent=7681"}],"wp:term":[{"taxonomy":"product_brand","embeddable":true,"href":"https:\/\/unrostore.com\/de-de\/wp-json\/wp\/v2\/product_brand?post=7681"},{"taxonomy":"product_cat","embeddable":true,"href":"https:\/\/unrostore.com\/de-de\/wp-json\/wp\/v2\/product_cat?post=7681"},{"taxonomy":"product_tag","embeddable":true,"href":"https:\/\/unrostore.com\/de-de\/wp-json\/wp\/v2\/product_tag?post=7681"}],"curies":[{"name":"wp","href":"https:\/\/api.w.org\/{rel}","templated":true}]}}