{"id":7670,"date":"2024-05-19T11:15:35","date_gmt":"2024-05-19T11:15:35","guid":{"rendered":"https:\/\/unrostore.com\/?post_type=product&#038;p=7670"},"modified":"2026-01-19T20:36:29","modified_gmt":"2026-01-19T20:36:29","slug":"beige-fruhstucksteller-vieira-beige-4-stuck","status":"publish","type":"product","link":"https:\/\/unrostore.com\/de-de\/shop\/terrafina\/beige-geschirr-vieira-beige-matt\/beige-fruhstucksteller-vieira-beige-4-stuck\/","title":{"rendered":"Beige Fr\u00fchst\u00fccksteller Vieira Beige - 4-tlg."},"content":{"rendered":"<h3>Beigefarbene Fr\u00fchst\u00fccksteller im Japandi-Stil aus der neuen Geschirrkollektion Vieira Beige<\/h3>\n<p>Erleben Sie die warme und ruhige Atmosph\u00e4re des\u00a0<strong>beige Fr\u00fchst\u00fccksteller<\/strong> von <a href=\"https:\/\/www.terrafinastore.com\/en\/collections\/sail\">Terrafina<\/a> aus der neuen Geschirrkollektion Vieira Beige. Die sch\u00f6ne warme Sandfarbe des organisch geformten Tellers schafft ein nat\u00fcrliches und beruhigendes Aussehen und Gef\u00fchl. Die gerippte Textur des Fr\u00fchst\u00fcckstellers macht dieses Design zu etwas ganz Besonderem. Aufgrund seiner mittleren Gr\u00f6\u00dfe eignet sich das sandfarbene Tellerset auch sehr gut als beige Kuchenteller, Vorspeisenteller, Salatteller, Brotteller oder Amuse-Teller. Es kommt ganz darauf an, wof\u00fcr Sie die kleinen handgefertigten Teller aus Portugal brauchen. Kombinieren Sie diese nat\u00fcrlichen Fr\u00fchst\u00fccksteller mit dem<strong>\u00a0<a href=\"https:\/\/unrostore.com\/de-de\/shop\/terrafina\/beige-geschirr-vieira-beige-matt\/beige-essteller-vieira-beige-4-stuck\/?_gl=1*1e8vm68*_up*MQ..*_ga*MTM5MTQxMTY1OS4xNzE2MTE3Mjkx*_ga_QGLN1EFSS8*MTcxNjExNzI5MC4xLjEuMTcxNjExNzMxMC4wLjAuNTk5NjgxMzA1\">Essteller<\/a><\/strong>, <a href=\"https:\/\/unrostore.com\/de-de\/shop\/terrafina\/beige-geschirr-vieira-beige-matt\/beige-geschirr-vieira-beige-2-stuck\/\"><strong>beigefarbene Schalen<\/strong><\/a> und <a href=\"https:\/\/unrostore.com\/de-de\/shop\/terrafina\/beige-geschirr-vieira-beige-matt\/beige-becher-vieira-beige-2-stuck\/\"><strong>beigefarbene Kaffee-\/Teebecher<\/strong><\/a> f\u00fcr das komplette Luxus-Restaurant-Feeling bei Ihnen zu Hause!<\/p>\n<p>&nbsp;<\/p>\n<h3>Dies ist die Anzahl der Platten, die Sie geliefert bekommen:<\/h3>\n<ul>\n<li><strong>4x<\/strong> Fr\u00fchst\u00fccksteller \u00f8 21 cm<\/li>\n<li><strong>1x\u00a0<\/strong>Geschenkpackung von Terrafina<\/li>\n<\/ul>\n<p>&nbsp;<\/p>\n<p><em><strong>Nachhaltig f\u00fcr Mensch und Umwelt:<\/strong><br \/>\nJedes Produkt ist einzigartig, da es handgefertigt ist.<br \/>\nDruck und Textur k\u00f6nnen daher leicht vom Produktfoto abweichen.<\/em><\/p>","protected":false},"excerpt":{"rendered":"<div class=\"usps\"><i class=\"far fa-check-circle\"><\/i> Mikrowellenfest<br \/>\n<i class=\"far fa-check-circle\"><\/i> Backofenfest (bis zu 200 Grad)<br \/>\n<i class=\"far fa-check-circle\"><\/i> Sp\u00fclmaschinenfest<br \/>\n<i class=\"far fa-thumbs-up\"><\/i> Handgefertigt<\/div>","protected":false},"featured_media":7759,"template":"","meta":[],"product_brand":[],"product_cat":[982,235,870,317,119],"product_tag":[234,991,129,989,581,141,297,289,243,616,123,988,987,990,299],"class_list":{"0":"post-7670","1":"product","2":"type-product","3":"status-publish","4":"has-post-thumbnail","6":"product_cat-beige-servies-vieira-beige-mat","7":"product_cat-borden","8":"product_cat-unro-nieuw-portugees-servies","9":"product_cat-ontbijtborden","10":"product_cat-terrafina","11":"product_tag-beige","12":"product_tag-beige-bruin","13":"product_tag-borden","14":"product_tag-brood-bordje","15":"product_tag-gebaksbordjes","16":"product_tag-kleine-borden","17":"product_tag-mat","18":"product_tag-ontbijtborden","19":"product_tag-salade-borden","20":"product_tag-set","21":"product_tag-terrafina","22":"product_tag-van-4","23":"product_tag-vieira-beige","24":"product_tag-voorgerecht-bord","25":"product_tag-zand","27":"first","28":"outofstock","29":"sale","30":"taxable","31":"shipping-taxable","32":"purchasable","33":"product-type-simple"},"yoast_head":"<!-- This site is optimized with the Yoast SEO plugin v27.4 - https:\/\/yoast.com\/product\/yoast-seo-wordpress\/ -->\n<title>Beige Ontbijtborden Vieira Beige - 4-delig &#8226; UNRO<\/title>\n<meta name=\"description\" content=\"Ontdek de nieuwe organische vorm en geribbelde structuur van deze mat beige ontbijtborden set. Voor een natuurlijk en rustgevend Japandi interieur!\" \/>\n<meta name=\"robots\" content=\"index, follow, max-snippet:-1, max-image-preview:large, max-video-preview:-1\" \/>\n<link rel=\"canonical\" href=\"https:\/\/unrostore.com\/de-de\/shop\/terrafina\/beige-geschirr-vieira-beige-matt\/beige-fruhstucksteller-vieira-beige-4-stuck\/\" \/>\n<meta property=\"og:locale\" content=\"de_DE\" \/>\n<meta property=\"og:type\" content=\"article\" \/>\n<meta property=\"og:title\" content=\"Beige Ontbijtborden Vieira Beige - 4-delig &#8226; UNRO\" \/>\n<meta property=\"og:description\" content=\"Ontdek de nieuwe organische vorm en geribbelde structuur van deze mat beige ontbijtborden set. Voor een natuurlijk en rustgevend Japandi interieur!\" \/>\n<meta property=\"og:url\" content=\"https:\/\/unrostore.com\/de-de\/shop\/terrafina\/beige-geschirr-vieira-beige-matt\/beige-fruhstucksteller-vieira-beige-4-stuck\/\" \/>\n<meta property=\"og:site_name\" content=\"UNRO\" \/>\n<meta property=\"article:modified_time\" content=\"2026-01-19T20:36:29+00:00\" \/>\n<meta property=\"og:image\" content=\"https:\/\/unrostore.com\/wp-content\/uploads\/2024\/05\/unro-beige-ontbijtbord-vieira-beige-terrafina.webp\" \/>\n\t<meta property=\"og:image:width\" content=\"1000\" \/>\n\t<meta property=\"og:image:height\" content=\"1000\" \/>\n\t<meta property=\"og:image:type\" content=\"image\/webp\" \/>\n<meta name=\"twitter:card\" content=\"summary_large_image\" \/>\n<script type=\"application\/ld+json\" class=\"yoast-schema-graph\">{\"@context\":\"https:\\\/\\\/schema.org\",\"@graph\":[{\"@type\":\"WebPage\",\"@id\":\"https:\\\/\\\/unrostore.com\\\/shop\\\/terrafina\\\/beige-servies-vieira-beige-mat\\\/beige-ontbijtborden-vieira-beige-4-delig\\\/\",\"url\":\"https:\\\/\\\/unrostore.com\\\/shop\\\/terrafina\\\/beige-servies-vieira-beige-mat\\\/beige-ontbijtborden-vieira-beige-4-delig\\\/\",\"name\":\"Beige Ontbijtborden Vieira Beige - 4-delig &#8226; UNRO\",\"isPartOf\":{\"@id\":\"https:\\\/\\\/unrostore.com\\\/#website\"},\"primaryImageOfPage\":{\"@id\":\"https:\\\/\\\/unrostore.com\\\/shop\\\/terrafina\\\/beige-servies-vieira-beige-mat\\\/beige-ontbijtborden-vieira-beige-4-delig\\\/#primaryimage\"},\"image\":{\"@id\":\"https:\\\/\\\/unrostore.com\\\/shop\\\/terrafina\\\/beige-servies-vieira-beige-mat\\\/beige-ontbijtborden-vieira-beige-4-delig\\\/#primaryimage\"},\"thumbnailUrl\":\"https:\\\/\\\/unrostore.com\\\/wp-content\\\/uploads\\\/2024\\\/05\\\/unro-beige-ontbijtbord-vieira-beige-terrafina.webp\",\"datePublished\":\"2024-05-19T11:15:35+00:00\",\"dateModified\":\"2026-01-19T20:36:29+00:00\",\"description\":\"Ontdek de nieuwe organische vorm en geribbelde structuur van deze mat beige ontbijtborden set. Voor een natuurlijk en rustgevend Japandi interieur!\",\"breadcrumb\":{\"@id\":\"https:\\\/\\\/unrostore.com\\\/shop\\\/terrafina\\\/beige-servies-vieira-beige-mat\\\/beige-ontbijtborden-vieira-beige-4-delig\\\/#breadcrumb\"},\"inLanguage\":\"de\",\"potentialAction\":[{\"@type\":\"ReadAction\",\"target\":[\"https:\\\/\\\/unrostore.com\\\/shop\\\/terrafina\\\/beige-servies-vieira-beige-mat\\\/beige-ontbijtborden-vieira-beige-4-delig\\\/\"]}]},{\"@type\":\"ImageObject\",\"inLanguage\":\"de\",\"@id\":\"https:\\\/\\\/unrostore.com\\\/shop\\\/terrafina\\\/beige-servies-vieira-beige-mat\\\/beige-ontbijtborden-vieira-beige-4-delig\\\/#primaryimage\",\"url\":\"https:\\\/\\\/unrostore.com\\\/wp-content\\\/uploads\\\/2024\\\/05\\\/unro-beige-ontbijtbord-vieira-beige-terrafina.webp\",\"contentUrl\":\"https:\\\/\\\/unrostore.com\\\/wp-content\\\/uploads\\\/2024\\\/05\\\/unro-beige-ontbijtbord-vieira-beige-terrafina.webp\",\"width\":1000,\"height\":1000,\"caption\":\"beige ontbijtbord zand\"},{\"@type\":\"BreadcrumbList\",\"@id\":\"https:\\\/\\\/unrostore.com\\\/shop\\\/terrafina\\\/beige-servies-vieira-beige-mat\\\/beige-ontbijtborden-vieira-beige-4-delig\\\/#breadcrumb\",\"itemListElement\":[{\"@type\":\"ListItem\",\"position\":1,\"name\":\"Home\",\"item\":\"https:\\\/\\\/unrostore.com\\\/\"},{\"@type\":\"ListItem\",\"position\":2,\"name\":\"Shop\",\"item\":\"https:\\\/\\\/unrostore.com\\\/shop\\\/\"},{\"@type\":\"ListItem\",\"position\":3,\"name\":\"Beige Ontbijtborden Vieira Beige &#8211; 4-delig\"}]},{\"@type\":\"WebSite\",\"@id\":\"https:\\\/\\\/unrostore.com\\\/#website\",\"url\":\"https:\\\/\\\/unrostore.com\\\/\",\"name\":\"UNRO\",\"description\":\"Portugees servies waar je blij van wordt!\",\"publisher\":{\"@id\":\"https:\\\/\\\/unrostore.com\\\/#organization\"},\"potentialAction\":[{\"@type\":\"SearchAction\",\"target\":{\"@type\":\"EntryPoint\",\"urlTemplate\":\"https:\\\/\\\/unrostore.com\\\/?s={search_term_string}\"},\"query-input\":{\"@type\":\"PropertyValueSpecification\",\"valueRequired\":true,\"valueName\":\"search_term_string\"}}],\"inLanguage\":\"de\"},{\"@type\":\"Organization\",\"@id\":\"https:\\\/\\\/unrostore.com\\\/#organization\",\"name\":\"UNRO\",\"url\":\"https:\\\/\\\/unrostore.com\\\/\",\"logo\":{\"@type\":\"ImageObject\",\"inLanguage\":\"de\",\"@id\":\"https:\\\/\\\/unrostore.com\\\/#\\\/schema\\\/logo\\\/image\\\/\",\"url\":\"https:\\\/\\\/unrostore.com\\\/wp-content\\\/uploads\\\/2022\\\/05\\\/Logo-UNRO.png\",\"contentUrl\":\"https:\\\/\\\/unrostore.com\\\/wp-content\\\/uploads\\\/2022\\\/05\\\/Logo-UNRO.png\",\"width\":605,\"height\":179,\"caption\":\"UNRO\"},\"image\":{\"@id\":\"https:\\\/\\\/unrostore.com\\\/#\\\/schema\\\/logo\\\/image\\\/\"}}]}<\/script>\n<!-- \/ Yoast SEO plugin. -->","yoast_head_json":{"title":"Beige Fr\u00fchst\u00fccksteller Vieira Beige - 4-teilig - UNRO","description":"Entdecken Sie die neue organische Form und die gerippte Textur dieses mattbeigen Fr\u00fchst\u00fccksteller-Sets. F\u00fcr ein nat\u00fcrliches und beruhigendes Japandi-Interieur!","robots":{"index":"index","follow":"follow","max-snippet":"max-snippet:-1","max-image-preview":"max-image-preview:large","max-video-preview":"max-video-preview:-1"},"canonical":"https:\/\/unrostore.com\/de-de\/shop\/terrafina\/beige-geschirr-vieira-beige-matt\/beige-fruhstucksteller-vieira-beige-4-stuck\/","og_locale":"de_DE","og_type":"article","og_title":"Beige Ontbijtborden Vieira Beige - 4-delig &#8226; UNRO","og_description":"Ontdek de nieuwe organische vorm en geribbelde structuur van deze mat beige ontbijtborden set. Voor een natuurlijk en rustgevend Japandi interieur!","og_url":"https:\/\/unrostore.com\/de-de\/shop\/terrafina\/beige-geschirr-vieira-beige-matt\/beige-fruhstucksteller-vieira-beige-4-stuck\/","og_site_name":"UNRO","article_modified_time":"2026-01-19T20:36:29+00:00","og_image":[{"width":1000,"height":1000,"url":"https:\/\/unrostore.com\/wp-content\/uploads\/2024\/05\/unro-beige-ontbijtbord-vieira-beige-terrafina.webp","type":"image\/webp"}],"twitter_card":"summary_large_image","schema":{"@context":"https:\/\/schema.org","@graph":[{"@type":"WebPage","@id":"https:\/\/unrostore.com\/shop\/terrafina\/beige-servies-vieira-beige-mat\/beige-ontbijtborden-vieira-beige-4-delig\/","url":"https:\/\/unrostore.com\/shop\/terrafina\/beige-servies-vieira-beige-mat\/beige-ontbijtborden-vieira-beige-4-delig\/","name":"Beige Fr\u00fchst\u00fccksteller Vieira Beige - 4-teilig - UNRO","isPartOf":{"@id":"https:\/\/unrostore.com\/#website"},"primaryImageOfPage":{"@id":"https:\/\/unrostore.com\/shop\/terrafina\/beige-servies-vieira-beige-mat\/beige-ontbijtborden-vieira-beige-4-delig\/#primaryimage"},"image":{"@id":"https:\/\/unrostore.com\/shop\/terrafina\/beige-servies-vieira-beige-mat\/beige-ontbijtborden-vieira-beige-4-delig\/#primaryimage"},"thumbnailUrl":"https:\/\/unrostore.com\/wp-content\/uploads\/2024\/05\/unro-beige-ontbijtbord-vieira-beige-terrafina.webp","datePublished":"2024-05-19T11:15:35+00:00","dateModified":"2026-01-19T20:36:29+00:00","description":"Entdecken Sie die neue organische Form und die gerippte Textur dieses mattbeigen Fr\u00fchst\u00fccksteller-Sets. F\u00fcr ein nat\u00fcrliches und beruhigendes Japandi-Interieur!","breadcrumb":{"@id":"https:\/\/unrostore.com\/shop\/terrafina\/beige-servies-vieira-beige-mat\/beige-ontbijtborden-vieira-beige-4-delig\/#breadcrumb"},"inLanguage":"de","potentialAction":[{"@type":"ReadAction","target":["https:\/\/unrostore.com\/shop\/terrafina\/beige-servies-vieira-beige-mat\/beige-ontbijtborden-vieira-beige-4-delig\/"]}]},{"@type":"ImageObject","inLanguage":"de","@id":"https:\/\/unrostore.com\/shop\/terrafina\/beige-servies-vieira-beige-mat\/beige-ontbijtborden-vieira-beige-4-delig\/#primaryimage","url":"https:\/\/unrostore.com\/wp-content\/uploads\/2024\/05\/unro-beige-ontbijtbord-vieira-beige-terrafina.webp","contentUrl":"https:\/\/unrostore.com\/wp-content\/uploads\/2024\/05\/unro-beige-ontbijtbord-vieira-beige-terrafina.webp","width":1000,"height":1000,"caption":"beige ontbijtbord zand"},{"@type":"BreadcrumbList","@id":"https:\/\/unrostore.com\/shop\/terrafina\/beige-servies-vieira-beige-mat\/beige-ontbijtborden-vieira-beige-4-delig\/#breadcrumb","itemListElement":[{"@type":"ListItem","position":1,"name":"Home","item":"https:\/\/unrostore.com\/"},{"@type":"ListItem","position":2,"name":"Shop","item":"https:\/\/unrostore.com\/shop\/"},{"@type":"ListItem","position":3,"name":"Beige Ontbijtborden Vieira Beige &#8211; 4-delig"}]},{"@type":"WebSite","@id":"https:\/\/unrostore.com\/#website","url":"https:\/\/unrostore.com\/","name":"UNRO","description":"Portugiesisches Geschirr, das Sie gl\u00fccklich machen wird!","publisher":{"@id":"https:\/\/unrostore.com\/#organization"},"potentialAction":[{"@type":"SearchAction","target":{"@type":"EntryPoint","urlTemplate":"https:\/\/unrostore.com\/?s={search_term_string}"},"query-input":{"@type":"PropertyValueSpecification","valueRequired":true,"valueName":"search_term_string"}}],"inLanguage":"de"},{"@type":"Organization","@id":"https:\/\/unrostore.com\/#organization","name":"UNRO","url":"https:\/\/unrostore.com\/","logo":{"@type":"ImageObject","inLanguage":"de","@id":"https:\/\/unrostore.com\/#\/schema\/logo\/image\/","url":"https:\/\/unrostore.com\/wp-content\/uploads\/2022\/05\/Logo-UNRO.png","contentUrl":"https:\/\/unrostore.com\/wp-content\/uploads\/2022\/05\/Logo-UNRO.png","width":605,"height":179,"caption":"UNRO"},"image":{"@id":"https:\/\/unrostore.com\/#\/schema\/logo\/image\/"}}]}},"_links":{"self":[{"href":"https:\/\/unrostore.com\/de-de\/wp-json\/wp\/v2\/product\/7670","targetHints":{"allow":["GET"]}}],"collection":[{"href":"https:\/\/unrostore.com\/de-de\/wp-json\/wp\/v2\/product"}],"about":[{"href":"https:\/\/unrostore.com\/de-de\/wp-json\/wp\/v2\/types\/product"}],"wp:featuredmedia":[{"embeddable":true,"href":"https:\/\/unrostore.com\/de-de\/wp-json\/wp\/v2\/media\/7759"}],"wp:attachment":[{"href":"https:\/\/unrostore.com\/de-de\/wp-json\/wp\/v2\/media?parent=7670"}],"wp:term":[{"taxonomy":"product_brand","embeddable":true,"href":"https:\/\/unrostore.com\/de-de\/wp-json\/wp\/v2\/product_brand?post=7670"},{"taxonomy":"product_cat","embeddable":true,"href":"https:\/\/unrostore.com\/de-de\/wp-json\/wp\/v2\/product_cat?post=7670"},{"taxonomy":"product_tag","embeddable":true,"href":"https:\/\/unrostore.com\/de-de\/wp-json\/wp\/v2\/product_tag?post=7670"}],"curies":[{"name":"wp","href":"https:\/\/api.w.org\/{rel}","templated":true}]}}