{"id":7661,"date":"2024-05-17T18:37:05","date_gmt":"2024-05-17T18:37:05","guid":{"rendered":"https:\/\/unrostore.com\/?post_type=product&#038;p=7661"},"modified":"2026-01-19T20:36:29","modified_gmt":"2026-01-19T20:36:29","slug":"eierbecher-weis-espressotassen-segel-6-stuck","status":"publish","type":"product","link":"https:\/\/unrostore.com\/de-de\/shop\/terrafina\/segel\/eierbecher-weis-espressotassen-segel-6-stuck\/","title":{"rendered":"Eierbecher wei\u00df Espressotassen Sail - 6-teilig"},"content":{"rendered":"<h3>Ideal f\u00fcr Ihren Espresso, gekochtes Ei und Ingwer: Eierbecher wei\u00dfe Espressotassen Sail<\/h3>\n<p>Das Sail <strong>Eierbecher wei\u00dfe Espressotassen<\/strong> ohne Ohr von <a href=\"https:\/\/www.terrafinastore.com\/en\/collections\/coffee\">Terrafina<\/a> sind vielseitig einsetzbar und sehen in Ihrer Kaffeeecke sehr sch\u00f6n aus. Ob Sie morgens einen Espresso oder ein gekochtes Ei oder einen gesunden Ingwer-Shot m\u00f6gen, die wei\u00dfen Espressotassen sind perfekt daf\u00fcr! Sie werden in einer sch\u00f6nen Geschenkbox geliefert und sind somit ein praktisches Geschenk. Sehen Sie sich auch unser <a href=\"https:\/\/unrostore.com\/de-de\/shop\/terrafina\/segel\/weise-espressotassen-segel-2-stuck\/\"><strong>2er-Set Espressotassen mit Henkel<\/strong><\/a> oder nur die gr\u00f6\u00dfere Variante: die <a href=\"https:\/\/unrostore.com\/de-de\/shop\/terrafina\/segel\/weise-kaffeebecher-groses-segel\/\"><strong>2er-Set wei\u00dfe Kaffeebecher<\/strong><\/a>. Kombinieren Sie Ihren Morgenkaffee mit einem Joghurt oder einem Obstsnack in der <a href=\"https:\/\/unrostore.com\/de-de\/shop\/terrafina\/segel\/geschirrsegel-weis-2-stuck\/\"><strong>wei\u00dfe Schalen<\/strong><\/a> oder ein Sandwich auf dem <a href=\"https:\/\/unrostore.com\/de-de\/shop\/terrafina\/segel\/weise-fruhstucksteller-segel-4-stuck\/\"><strong>wei\u00dfe Fr\u00fchst\u00fccksteller<\/strong><\/a>auch wenn <a href=\"https:\/\/unrostore.com\/de-de\/shop\/terrafina\/segel\/weises-fruhstucksset-segel-4-personen\/\"><strong>Fr\u00fchst\u00fccksset<\/strong><\/a> verf\u00fcgbar!<\/p>\n<p>&nbsp;<\/p>\n<h3>Dies ist die Anzahl der Espressotassen, die Sie erhalten werden<\/h3>\n<ul>\n<li>6x Sail Espressotassen (50 ml)<\/li>\n<li>1x Terrafina Geschenkbox<\/li>\n<\/ul>\n<p>&nbsp;<\/p>\n<p><em><strong>Nachhaltig f\u00fcr Mensch und Umwelt:<\/strong><br \/>\nJedes Produkt ist ein Unikat, denn es wird in Handarbeit hergestellt.<br \/>\nDruck und Textur k\u00f6nnen daher leicht vom Produktfoto abweichen.<\/em><\/p>","protected":false},"excerpt":{"rendered":"<div class=\"usps\"><i class=\"far fa-check-circle\"><\/i> Mikrowellenfest<br \/>\n<i class=\"far fa-check-circle\"><\/i> Backofenfest (bis zu 200 Grad)<br \/>\n<i class=\"far fa-check-circle\"><\/i> Sp\u00fclmaschinenfest<br \/>\n<i class=\"far fa-thumbs-up\"><\/i> Handgefertigt<\/div>","protected":false},"featured_media":7656,"template":"","meta":[],"product_brand":[],"product_cat":[869,307,630,132,870,119,139],"product_tag":[378,976,784,980,619,301,978,979,302,130,124,123,224,981,783,608,796],"class_list":{"0":"post-7661","1":"product","2":"type-product","3":"status-publish","4":"has-post-thumbnail","6":"product_cat-unro-cadeautips","7":"product_cat-espresso-kopjes","8":"product_cat-espresso-kopjes-zonder-oor","9":"product_cat-kopjes-en-mokken","10":"product_cat-unro-nieuw-portugees-servies","11":"product_cat-terrafina","12":"product_cat-sail","13":"product_tag-bekers","14":"product_tag-blauw-met-wit","15":"product_tag-blauw-wit","16":"product_tag-eierdop","17":"product_tag-eierdopjes","18":"product_tag-espresso","19":"product_tag-espressobekers","20":"product_tag-gembershot","21":"product_tag-kopjes","22":"product_tag-mokken","23":"product_tag-sail","24":"product_tag-terrafina","25":"product_tag-wit","26":"product_tag-wit-blauw","27":"product_tag-wit-met-blauw","28":"product_tag-witte","29":"product_tag-zonder-oor","31":"first","32":"outofstock","33":"sale","34":"taxable","35":"shipping-taxable","36":"purchasable","37":"product-type-simple"},"yoast_head":"<!-- This site is optimized with the Yoast SEO plugin v27.4 - https:\/\/yoast.com\/product\/yoast-seo-wordpress\/ -->\n<title>Eierdopjes witte Espressobekers Sail - 6-delig &#8226; UNRO<\/title>\n<meta name=\"description\" content=\"Cadeau tip: bijzonder unieke en mooie eierdopjes witte espressobekers set van 6 die ook erg leuk zijn als gembershot bekers uit Portugal!\" \/>\n<meta name=\"robots\" content=\"index, follow, max-snippet:-1, max-image-preview:large, max-video-preview:-1\" \/>\n<link rel=\"canonical\" href=\"https:\/\/unrostore.com\/de-de\/shop\/terrafina\/segel\/eierbecher-weis-espressotassen-segel-6-stuck\/\" \/>\n<meta property=\"og:locale\" content=\"de_DE\" \/>\n<meta property=\"og:type\" content=\"article\" \/>\n<meta property=\"og:title\" content=\"Eierdopjes witte Espressobekers Sail - 6-delig &#8226; UNRO\" \/>\n<meta property=\"og:description\" content=\"Cadeau tip: bijzonder unieke en mooie eierdopjes witte espressobekers set van 6 die ook erg leuk zijn als gembershot bekers uit Portugal!\" \/>\n<meta property=\"og:url\" content=\"https:\/\/unrostore.com\/de-de\/shop\/terrafina\/segel\/eierbecher-weis-espressotassen-segel-6-stuck\/\" \/>\n<meta property=\"og:site_name\" content=\"UNRO\" \/>\n<meta property=\"article:modified_time\" content=\"2026-01-19T20:36:29+00:00\" \/>\n<meta property=\"og:image\" content=\"https:\/\/unrostore.com\/wp-content\/uploads\/2024\/05\/unro-witte-espresso-kopjes-zonder-oor-eierdopjes.webp\" \/>\n\t<meta property=\"og:image:width\" content=\"1000\" \/>\n\t<meta property=\"og:image:height\" content=\"1000\" \/>\n\t<meta property=\"og:image:type\" content=\"image\/webp\" \/>\n<meta name=\"twitter:card\" content=\"summary_large_image\" \/>\n<script type=\"application\/ld+json\" class=\"yoast-schema-graph\">{\"@context\":\"https:\\\/\\\/schema.org\",\"@graph\":[{\"@type\":\"WebPage\",\"@id\":\"https:\\\/\\\/unrostore.com\\\/shop\\\/terrafina\\\/sail\\\/eierdopjes-witte-espressobekers-sail-6-delig\\\/\",\"url\":\"https:\\\/\\\/unrostore.com\\\/shop\\\/terrafina\\\/sail\\\/eierdopjes-witte-espressobekers-sail-6-delig\\\/\",\"name\":\"Eierdopjes witte Espressobekers Sail - 6-delig &#8226; UNRO\",\"isPartOf\":{\"@id\":\"https:\\\/\\\/unrostore.com\\\/#website\"},\"primaryImageOfPage\":{\"@id\":\"https:\\\/\\\/unrostore.com\\\/shop\\\/terrafina\\\/sail\\\/eierdopjes-witte-espressobekers-sail-6-delig\\\/#primaryimage\"},\"image\":{\"@id\":\"https:\\\/\\\/unrostore.com\\\/shop\\\/terrafina\\\/sail\\\/eierdopjes-witte-espressobekers-sail-6-delig\\\/#primaryimage\"},\"thumbnailUrl\":\"https:\\\/\\\/unrostore.com\\\/wp-content\\\/uploads\\\/2024\\\/05\\\/unro-witte-espresso-kopjes-zonder-oor-eierdopjes.webp\",\"datePublished\":\"2024-05-17T18:37:05+00:00\",\"dateModified\":\"2026-01-19T20:36:29+00:00\",\"description\":\"Cadeau tip: bijzonder unieke en mooie eierdopjes witte espressobekers set van 6 die ook erg leuk zijn als gembershot bekers uit Portugal!\",\"breadcrumb\":{\"@id\":\"https:\\\/\\\/unrostore.com\\\/shop\\\/terrafina\\\/sail\\\/eierdopjes-witte-espressobekers-sail-6-delig\\\/#breadcrumb\"},\"inLanguage\":\"de\",\"potentialAction\":[{\"@type\":\"ReadAction\",\"target\":[\"https:\\\/\\\/unrostore.com\\\/shop\\\/terrafina\\\/sail\\\/eierdopjes-witte-espressobekers-sail-6-delig\\\/\"]}]},{\"@type\":\"ImageObject\",\"inLanguage\":\"de\",\"@id\":\"https:\\\/\\\/unrostore.com\\\/shop\\\/terrafina\\\/sail\\\/eierdopjes-witte-espressobekers-sail-6-delig\\\/#primaryimage\",\"url\":\"https:\\\/\\\/unrostore.com\\\/wp-content\\\/uploads\\\/2024\\\/05\\\/unro-witte-espresso-kopjes-zonder-oor-eierdopjes.webp\",\"contentUrl\":\"https:\\\/\\\/unrostore.com\\\/wp-content\\\/uploads\\\/2024\\\/05\\\/unro-witte-espresso-kopjes-zonder-oor-eierdopjes.webp\",\"width\":1000,\"height\":1000,\"caption\":\"eierdopjes witte espressobekers\"},{\"@type\":\"BreadcrumbList\",\"@id\":\"https:\\\/\\\/unrostore.com\\\/shop\\\/terrafina\\\/sail\\\/eierdopjes-witte-espressobekers-sail-6-delig\\\/#breadcrumb\",\"itemListElement\":[{\"@type\":\"ListItem\",\"position\":1,\"name\":\"Home\",\"item\":\"https:\\\/\\\/unrostore.com\\\/\"},{\"@type\":\"ListItem\",\"position\":2,\"name\":\"Shop\",\"item\":\"https:\\\/\\\/unrostore.com\\\/shop\\\/\"},{\"@type\":\"ListItem\",\"position\":3,\"name\":\"Eierdopjes witte Espressobekers Sail &#8211; 6-delig\"}]},{\"@type\":\"WebSite\",\"@id\":\"https:\\\/\\\/unrostore.com\\\/#website\",\"url\":\"https:\\\/\\\/unrostore.com\\\/\",\"name\":\"UNRO\",\"description\":\"Portugees servies waar je blij van wordt!\",\"publisher\":{\"@id\":\"https:\\\/\\\/unrostore.com\\\/#organization\"},\"potentialAction\":[{\"@type\":\"SearchAction\",\"target\":{\"@type\":\"EntryPoint\",\"urlTemplate\":\"https:\\\/\\\/unrostore.com\\\/?s={search_term_string}\"},\"query-input\":{\"@type\":\"PropertyValueSpecification\",\"valueRequired\":true,\"valueName\":\"search_term_string\"}}],\"inLanguage\":\"de\"},{\"@type\":\"Organization\",\"@id\":\"https:\\\/\\\/unrostore.com\\\/#organization\",\"name\":\"UNRO\",\"url\":\"https:\\\/\\\/unrostore.com\\\/\",\"logo\":{\"@type\":\"ImageObject\",\"inLanguage\":\"de\",\"@id\":\"https:\\\/\\\/unrostore.com\\\/#\\\/schema\\\/logo\\\/image\\\/\",\"url\":\"https:\\\/\\\/unrostore.com\\\/wp-content\\\/uploads\\\/2022\\\/05\\\/Logo-UNRO.png\",\"contentUrl\":\"https:\\\/\\\/unrostore.com\\\/wp-content\\\/uploads\\\/2022\\\/05\\\/Logo-UNRO.png\",\"width\":605,\"height\":179,\"caption\":\"UNRO\"},\"image\":{\"@id\":\"https:\\\/\\\/unrostore.com\\\/#\\\/schema\\\/logo\\\/image\\\/\"}}]}<\/script>\n<!-- \/ Yoast SEO plugin. -->","yoast_head_json":{"title":"Eierbecher wei\u00df Espressotassen Segel - 6-teilig - UNRO","description":"Geschenktipp: besonders einzigartige und sch\u00f6ne Eierbecher, wei\u00dfe Espressotassen im 6er-Set, die sich auch sehr gut als Ingwerbecher aus Portugal eignen!","robots":{"index":"index","follow":"follow","max-snippet":"max-snippet:-1","max-image-preview":"max-image-preview:large","max-video-preview":"max-video-preview:-1"},"canonical":"https:\/\/unrostore.com\/de-de\/shop\/terrafina\/segel\/eierbecher-weis-espressotassen-segel-6-stuck\/","og_locale":"de_DE","og_type":"article","og_title":"Eierdopjes witte Espressobekers Sail - 6-delig &#8226; UNRO","og_description":"Cadeau tip: bijzonder unieke en mooie eierdopjes witte espressobekers set van 6 die ook erg leuk zijn als gembershot bekers uit Portugal!","og_url":"https:\/\/unrostore.com\/de-de\/shop\/terrafina\/segel\/eierbecher-weis-espressotassen-segel-6-stuck\/","og_site_name":"UNRO","article_modified_time":"2026-01-19T20:36:29+00:00","og_image":[{"width":1000,"height":1000,"url":"https:\/\/unrostore.com\/wp-content\/uploads\/2024\/05\/unro-witte-espresso-kopjes-zonder-oor-eierdopjes.webp","type":"image\/webp"}],"twitter_card":"summary_large_image","schema":{"@context":"https:\/\/schema.org","@graph":[{"@type":"WebPage","@id":"https:\/\/unrostore.com\/shop\/terrafina\/sail\/eierdopjes-witte-espressobekers-sail-6-delig\/","url":"https:\/\/unrostore.com\/shop\/terrafina\/sail\/eierdopjes-witte-espressobekers-sail-6-delig\/","name":"Eierbecher wei\u00df Espressotassen Segel - 6-teilig - UNRO","isPartOf":{"@id":"https:\/\/unrostore.com\/#website"},"primaryImageOfPage":{"@id":"https:\/\/unrostore.com\/shop\/terrafina\/sail\/eierdopjes-witte-espressobekers-sail-6-delig\/#primaryimage"},"image":{"@id":"https:\/\/unrostore.com\/shop\/terrafina\/sail\/eierdopjes-witte-espressobekers-sail-6-delig\/#primaryimage"},"thumbnailUrl":"https:\/\/unrostore.com\/wp-content\/uploads\/2024\/05\/unro-witte-espresso-kopjes-zonder-oor-eierdopjes.webp","datePublished":"2024-05-17T18:37:05+00:00","dateModified":"2026-01-19T20:36:29+00:00","description":"Geschenktipp: besonders einzigartige und sch\u00f6ne Eierbecher, wei\u00dfe Espressotassen im 6er-Set, die sich auch sehr gut als Ingwerbecher aus Portugal eignen!","breadcrumb":{"@id":"https:\/\/unrostore.com\/shop\/terrafina\/sail\/eierdopjes-witte-espressobekers-sail-6-delig\/#breadcrumb"},"inLanguage":"de","potentialAction":[{"@type":"ReadAction","target":["https:\/\/unrostore.com\/shop\/terrafina\/sail\/eierdopjes-witte-espressobekers-sail-6-delig\/"]}]},{"@type":"ImageObject","inLanguage":"de","@id":"https:\/\/unrostore.com\/shop\/terrafina\/sail\/eierdopjes-witte-espressobekers-sail-6-delig\/#primaryimage","url":"https:\/\/unrostore.com\/wp-content\/uploads\/2024\/05\/unro-witte-espresso-kopjes-zonder-oor-eierdopjes.webp","contentUrl":"https:\/\/unrostore.com\/wp-content\/uploads\/2024\/05\/unro-witte-espresso-kopjes-zonder-oor-eierdopjes.webp","width":1000,"height":1000,"caption":"eierdopjes witte espressobekers"},{"@type":"BreadcrumbList","@id":"https:\/\/unrostore.com\/shop\/terrafina\/sail\/eierdopjes-witte-espressobekers-sail-6-delig\/#breadcrumb","itemListElement":[{"@type":"ListItem","position":1,"name":"Home","item":"https:\/\/unrostore.com\/"},{"@type":"ListItem","position":2,"name":"Shop","item":"https:\/\/unrostore.com\/shop\/"},{"@type":"ListItem","position":3,"name":"Eierdopjes witte Espressobekers Sail &#8211; 6-delig"}]},{"@type":"WebSite","@id":"https:\/\/unrostore.com\/#website","url":"https:\/\/unrostore.com\/","name":"UNRO","description":"Portugiesisches Geschirr, das Sie gl\u00fccklich machen wird!","publisher":{"@id":"https:\/\/unrostore.com\/#organization"},"potentialAction":[{"@type":"SearchAction","target":{"@type":"EntryPoint","urlTemplate":"https:\/\/unrostore.com\/?s={search_term_string}"},"query-input":{"@type":"PropertyValueSpecification","valueRequired":true,"valueName":"search_term_string"}}],"inLanguage":"de"},{"@type":"Organization","@id":"https:\/\/unrostore.com\/#organization","name":"UNRO","url":"https:\/\/unrostore.com\/","logo":{"@type":"ImageObject","inLanguage":"de","@id":"https:\/\/unrostore.com\/#\/schema\/logo\/image\/","url":"https:\/\/unrostore.com\/wp-content\/uploads\/2022\/05\/Logo-UNRO.png","contentUrl":"https:\/\/unrostore.com\/wp-content\/uploads\/2022\/05\/Logo-UNRO.png","width":605,"height":179,"caption":"UNRO"},"image":{"@id":"https:\/\/unrostore.com\/#\/schema\/logo\/image\/"}}]}},"_links":{"self":[{"href":"https:\/\/unrostore.com\/de-de\/wp-json\/wp\/v2\/product\/7661","targetHints":{"allow":["GET"]}}],"collection":[{"href":"https:\/\/unrostore.com\/de-de\/wp-json\/wp\/v2\/product"}],"about":[{"href":"https:\/\/unrostore.com\/de-de\/wp-json\/wp\/v2\/types\/product"}],"wp:featuredmedia":[{"embeddable":true,"href":"https:\/\/unrostore.com\/de-de\/wp-json\/wp\/v2\/media\/7656"}],"wp:attachment":[{"href":"https:\/\/unrostore.com\/de-de\/wp-json\/wp\/v2\/media?parent=7661"}],"wp:term":[{"taxonomy":"product_brand","embeddable":true,"href":"https:\/\/unrostore.com\/de-de\/wp-json\/wp\/v2\/product_brand?post=7661"},{"taxonomy":"product_cat","embeddable":true,"href":"https:\/\/unrostore.com\/de-de\/wp-json\/wp\/v2\/product_cat?post=7661"},{"taxonomy":"product_tag","embeddable":true,"href":"https:\/\/unrostore.com\/de-de\/wp-json\/wp\/v2\/product_tag?post=7661"}],"curies":[{"name":"wp","href":"https:\/\/api.w.org\/{rel}","templated":true}]}}