{"id":7623,"date":"2024-05-17T15:52:10","date_gmt":"2024-05-17T15:52:10","guid":{"rendered":"https:\/\/unrostore.com\/?post_type=product&#038;p=7623"},"modified":"2026-01-19T20:36:30","modified_gmt":"2026-01-19T20:36:30","slug":"blau-tief-schalen-set-amazonia-blau","status":"publish","type":"product","link":"https:\/\/unrostore.com\/de-de\/shop\/terrafina\/amazonenblau\/blau-tief-schalen-set-amazonia-blau\/","title":{"rendered":"Blaue tiefe Schalen Set - Amazonia Blue"},"content":{"rendered":"<h3>Sch\u00f6ne blaue tiefe Schalen Satz von zwei Bio-Servierschalen<\/h3>\n<p>Das Oval <strong>blaue tiefe Schalen Set <\/strong>von <a href=\"https:\/\/www.terrafinastore.com\/en\/collections\/sail\">Terrafina<\/a> ist nicht nur sch\u00f6n anzusehen, sondern auch praktisch in der Handhabung. Verwenden Sie die gro\u00dfe ovale tiefe Schale in leuchtendem Blau zum Beispiel als Obst- oder Salatsch\u00fcssel oder zum Aufbewahren von Zwiebeln und Knoblauch und die mittelblaue Schale f\u00fcr eine leckere Auflaufform, als Brotschale oder f\u00fcr frisches Obst. Die tiefblaue Farbe der oval geschwungenen Keramikschalen verleiht Ihrer Einrichtung einen frischen und schicken Look. Genie\u00dfen Sie festliche und gem\u00fctliche Abendessen bei Ihnen zu Hause und kombinieren Sie die blauen Schalen mit dem <a href=\"https:\/\/unrostore.com\/de-de\/shop\/terrafina\/amazonenblau\/geschirrset-blau-16-teilig-mit-pastatellern-und-schusseln\/\"><strong>blaues Geschirrset 16-teilig mit Sch\u00fcsseln und Pastatellern<\/strong><\/a>, <a href=\"https:\/\/unrostore.com\/de-de\/shop\/terrafina\/amazonenblau\/blaues-geschirrset-amazonia-blau-4-personen\/\"><strong>Geschirrset 12-teilig mit Sch\u00fcsseln<\/strong><\/a> ob die <a href=\"https:\/\/unrostore.com\/de-de\/shop\/terrafina\/amazonenblau\/blaues-geschirr-set-pasta-teller-amazonia-blau\/\"><strong>Geschirrset 12-teilig mit Pastatellern<\/strong><\/a>. Auch sch\u00f6n, diese sch\u00f6nen blauen Servierschalen als Geschenk an einen Freund, eine Freundin, einen Kollegen oder ein Familienmitglied zu geben!<\/p>\n<h3>Dies ist die Anzahl der Portionsschalen, die Sie geliefert bekommen<\/h3>\n<ul>\n<li>1x Gro\u00dfe tiefe Sch\u00fcssel 32,5 x 20 x 7, 4 cm (1,6 L)<\/li>\n<li>1x Mittelgro\u00dfe tiefe Schale 25 x 16,5 x 6,5 cm (1L)<\/li>\n<li>1x Terrafina Geschenkbox<\/li>\n<\/ul>\n<p>\u00a0<\/p>\n<p><em><strong>Duurzaam voor mens & milieu:<\/strong><br \/>\nJedes Produkt ist ein Unikat, denn es wird in Handarbeit hergestellt.<br \/>\nDruck und Textur k\u00f6nnen daher leicht vom Produktfoto abweichen.<\/em><\/p>","protected":false},"excerpt":{"rendered":"<div class=\"usps\"><i class=\"far fa-check-circle\"><\/i> Mikrowellenfest<br \/>\n<i class=\"far fa-check-circle\"><\/i> Backofenfest (bis zu 200 Grad)<br \/>\n<i class=\"far fa-check-circle\"><\/i> Sp\u00fclmaschinenfest<br \/>\n<i class=\"far fa-thumbs-up\"><\/i> Handgefertigt<\/div>","protected":false},"featured_media":8164,"template":"","meta":[],"product_brand":[],"product_cat":[174,869,273,870,138,119],"product_tag":[147,175,177,877,965,964,260,252,334,149,616,785],"class_list":{"0":"post-7623","1":"product","2":"type-product","3":"status-publish","4":"has-post-thumbnail","6":"product_cat-amazonia-blue","7":"product_cat-unro-cadeautips","8":"product_cat-decoratie","9":"product_cat-unro-nieuw-portugees-servies","10":"product_cat-serveerschalen","11":"product_cat-terrafina","12":"product_tag-amazonia","13":"product_tag-amazonia-blue","14":"product_tag-blauw","15":"product_tag-blauwe","16":"product_tag-diep","17":"product_tag-diepe","18":"product_tag-ovaal","19":"product_tag-schaal","20":"product_tag-schalen","21":"product_tag-serveerschalen","22":"product_tag-set","23":"product_tag-set-van-2","25":"first","26":"instock","27":"sale","28":"taxable","29":"shipping-taxable","30":"purchasable","31":"product-type-simple"},"yoast_head":"<!-- This site is optimized with the Yoast SEO plugin v27.5 - https:\/\/yoast.com\/product\/yoast-seo-wordpress\/ -->\n<title>Blauwe Diepe Schalen Set - Amazonia Blue &#8226; UNRO<\/title>\n<meta name=\"description\" content=\"Ervaar de veelzijdigheid van de blauwe diepe schalen set van keramiek. De organische vorm en diepte maken de schalen multifunctioneel en ook erg mooi!\" \/>\n<meta name=\"robots\" content=\"index, follow, max-snippet:-1, max-image-preview:large, max-video-preview:-1\" \/>\n<link rel=\"canonical\" href=\"https:\/\/unrostore.com\/de-de\/shop\/terrafina\/amazonenblau\/blau-tief-schalen-set-amazonia-blau\/\" \/>\n<meta property=\"og:locale\" content=\"de_DE\" \/>\n<meta property=\"og:type\" content=\"article\" \/>\n<meta property=\"og:title\" content=\"Blauwe Diepe Schalen Set - Amazonia Blue &#8226; UNRO\" \/>\n<meta property=\"og:description\" content=\"Ervaar de veelzijdigheid van de blauwe diepe schalen set van keramiek. De organische vorm en diepte maken de schalen multifunctioneel en ook erg mooi!\" \/>\n<meta property=\"og:url\" content=\"https:\/\/unrostore.com\/de-de\/shop\/terrafina\/amazonenblau\/blau-tief-schalen-set-amazonia-blau\/\" \/>\n<meta property=\"og:site_name\" content=\"UNRO\" \/>\n<meta property=\"article:modified_time\" content=\"2026-01-19T20:36:30+00:00\" \/>\n<meta property=\"og:image\" content=\"https:\/\/unrostore.com\/wp-content\/uploads\/2024\/05\/unro-blauwe-schalen-diepe-serveerschalen-ovaal.webp\" \/>\n\t<meta property=\"og:image:width\" content=\"1000\" \/>\n\t<meta property=\"og:image:height\" content=\"1000\" \/>\n\t<meta property=\"og:image:type\" content=\"image\/webp\" \/>\n<meta name=\"twitter:card\" content=\"summary_large_image\" \/>\n<script type=\"application\/ld+json\" class=\"yoast-schema-graph\">{\"@context\":\"https:\\\/\\\/schema.org\",\"@graph\":[{\"@type\":\"WebPage\",\"@id\":\"https:\\\/\\\/unrostore.com\\\/shop\\\/terrafina\\\/amazonia-blue\\\/blauwe-diepe-schalen-set-amazonia-blue\\\/\",\"url\":\"https:\\\/\\\/unrostore.com\\\/shop\\\/terrafina\\\/amazonia-blue\\\/blauwe-diepe-schalen-set-amazonia-blue\\\/\",\"name\":\"Blauwe Diepe Schalen Set - Amazonia Blue &#8226; UNRO\",\"isPartOf\":{\"@id\":\"https:\\\/\\\/unrostore.com\\\/#website\"},\"primaryImageOfPage\":{\"@id\":\"https:\\\/\\\/unrostore.com\\\/shop\\\/terrafina\\\/amazonia-blue\\\/blauwe-diepe-schalen-set-amazonia-blue\\\/#primaryimage\"},\"image\":{\"@id\":\"https:\\\/\\\/unrostore.com\\\/shop\\\/terrafina\\\/amazonia-blue\\\/blauwe-diepe-schalen-set-amazonia-blue\\\/#primaryimage\"},\"thumbnailUrl\":\"https:\\\/\\\/unrostore.com\\\/wp-content\\\/uploads\\\/2024\\\/05\\\/unro-blauwe-schalen-diepe-serveerschalen-ovaal.webp\",\"datePublished\":\"2024-05-17T15:52:10+00:00\",\"dateModified\":\"2026-01-19T20:36:30+00:00\",\"description\":\"Ervaar de veelzijdigheid van de blauwe diepe schalen set van keramiek. De organische vorm en diepte maken de schalen multifunctioneel en ook erg mooi!\",\"breadcrumb\":{\"@id\":\"https:\\\/\\\/unrostore.com\\\/shop\\\/terrafina\\\/amazonia-blue\\\/blauwe-diepe-schalen-set-amazonia-blue\\\/#breadcrumb\"},\"inLanguage\":\"de\",\"potentialAction\":[{\"@type\":\"ReadAction\",\"target\":[\"https:\\\/\\\/unrostore.com\\\/shop\\\/terrafina\\\/amazonia-blue\\\/blauwe-diepe-schalen-set-amazonia-blue\\\/\"]}]},{\"@type\":\"ImageObject\",\"inLanguage\":\"de\",\"@id\":\"https:\\\/\\\/unrostore.com\\\/shop\\\/terrafina\\\/amazonia-blue\\\/blauwe-diepe-schalen-set-amazonia-blue\\\/#primaryimage\",\"url\":\"https:\\\/\\\/unrostore.com\\\/wp-content\\\/uploads\\\/2024\\\/05\\\/unro-blauwe-schalen-diepe-serveerschalen-ovaal.webp\",\"contentUrl\":\"https:\\\/\\\/unrostore.com\\\/wp-content\\\/uploads\\\/2024\\\/05\\\/unro-blauwe-schalen-diepe-serveerschalen-ovaal.webp\",\"width\":1000,\"height\":1000,\"caption\":\"blauwe serveerschalen ovale schalen diep\"},{\"@type\":\"BreadcrumbList\",\"@id\":\"https:\\\/\\\/unrostore.com\\\/shop\\\/terrafina\\\/amazonia-blue\\\/blauwe-diepe-schalen-set-amazonia-blue\\\/#breadcrumb\",\"itemListElement\":[{\"@type\":\"ListItem\",\"position\":1,\"name\":\"Home\",\"item\":\"https:\\\/\\\/unrostore.com\\\/\"},{\"@type\":\"ListItem\",\"position\":2,\"name\":\"Shop\",\"item\":\"https:\\\/\\\/unrostore.com\\\/shop\\\/\"},{\"@type\":\"ListItem\",\"position\":3,\"name\":\"Blauwe Diepe Schalen Set &#8211; Amazonia Blue\"}]},{\"@type\":\"WebSite\",\"@id\":\"https:\\\/\\\/unrostore.com\\\/#website\",\"url\":\"https:\\\/\\\/unrostore.com\\\/\",\"name\":\"UNRO\",\"description\":\"Portugees servies waar je blij van wordt!\",\"publisher\":{\"@id\":\"https:\\\/\\\/unrostore.com\\\/#organization\"},\"potentialAction\":[{\"@type\":\"SearchAction\",\"target\":{\"@type\":\"EntryPoint\",\"urlTemplate\":\"https:\\\/\\\/unrostore.com\\\/?s={search_term_string}\"},\"query-input\":{\"@type\":\"PropertyValueSpecification\",\"valueRequired\":true,\"valueName\":\"search_term_string\"}}],\"inLanguage\":\"de\"},{\"@type\":\"Organization\",\"@id\":\"https:\\\/\\\/unrostore.com\\\/#organization\",\"name\":\"UNRO\",\"url\":\"https:\\\/\\\/unrostore.com\\\/\",\"logo\":{\"@type\":\"ImageObject\",\"inLanguage\":\"de\",\"@id\":\"https:\\\/\\\/unrostore.com\\\/#\\\/schema\\\/logo\\\/image\\\/\",\"url\":\"https:\\\/\\\/unrostore.com\\\/wp-content\\\/uploads\\\/2022\\\/05\\\/Logo-UNRO.png\",\"contentUrl\":\"https:\\\/\\\/unrostore.com\\\/wp-content\\\/uploads\\\/2022\\\/05\\\/Logo-UNRO.png\",\"width\":605,\"height\":179,\"caption\":\"UNRO\"},\"image\":{\"@id\":\"https:\\\/\\\/unrostore.com\\\/#\\\/schema\\\/logo\\\/image\\\/\"}}]}<\/script>\n<!-- \/ Yoast SEO plugin. -->","yoast_head_json":{"title":"Blaues Deep Schalen Set - Amazonia Blau - UNRO","description":"Erleben Sie die Vielseitigkeit des blauen tiefen Keramikschalen-Sets. Die organische Form und die Tiefe machen die Schalen multifunktional und auch sehr h\u00fcbsch!","robots":{"index":"index","follow":"follow","max-snippet":"max-snippet:-1","max-image-preview":"max-image-preview:large","max-video-preview":"max-video-preview:-1"},"canonical":"https:\/\/unrostore.com\/de-de\/shop\/terrafina\/amazonenblau\/blau-tief-schalen-set-amazonia-blau\/","og_locale":"de_DE","og_type":"article","og_title":"Blauwe Diepe Schalen Set - Amazonia Blue &#8226; UNRO","og_description":"Ervaar de veelzijdigheid van de blauwe diepe schalen set van keramiek. De organische vorm en diepte maken de schalen multifunctioneel en ook erg mooi!","og_url":"https:\/\/unrostore.com\/de-de\/shop\/terrafina\/amazonenblau\/blau-tief-schalen-set-amazonia-blau\/","og_site_name":"UNRO","article_modified_time":"2026-01-19T20:36:30+00:00","og_image":[{"width":1000,"height":1000,"url":"https:\/\/unrostore.com\/wp-content\/uploads\/2024\/05\/unro-blauwe-schalen-diepe-serveerschalen-ovaal.webp","type":"image\/webp"}],"twitter_card":"summary_large_image","schema":{"@context":"https:\/\/schema.org","@graph":[{"@type":"WebPage","@id":"https:\/\/unrostore.com\/shop\/terrafina\/amazonia-blue\/blauwe-diepe-schalen-set-amazonia-blue\/","url":"https:\/\/unrostore.com\/shop\/terrafina\/amazonia-blue\/blauwe-diepe-schalen-set-amazonia-blue\/","name":"Blaues Deep Schalen Set - Amazonia Blau - UNRO","isPartOf":{"@id":"https:\/\/unrostore.com\/#website"},"primaryImageOfPage":{"@id":"https:\/\/unrostore.com\/shop\/terrafina\/amazonia-blue\/blauwe-diepe-schalen-set-amazonia-blue\/#primaryimage"},"image":{"@id":"https:\/\/unrostore.com\/shop\/terrafina\/amazonia-blue\/blauwe-diepe-schalen-set-amazonia-blue\/#primaryimage"},"thumbnailUrl":"https:\/\/unrostore.com\/wp-content\/uploads\/2024\/05\/unro-blauwe-schalen-diepe-serveerschalen-ovaal.webp","datePublished":"2024-05-17T15:52:10+00:00","dateModified":"2026-01-19T20:36:30+00:00","description":"Erleben Sie die Vielseitigkeit des blauen tiefen Keramikschalen-Sets. Die organische Form und die Tiefe machen die Schalen multifunktional und auch sehr h\u00fcbsch!","breadcrumb":{"@id":"https:\/\/unrostore.com\/shop\/terrafina\/amazonia-blue\/blauwe-diepe-schalen-set-amazonia-blue\/#breadcrumb"},"inLanguage":"de","potentialAction":[{"@type":"ReadAction","target":["https:\/\/unrostore.com\/shop\/terrafina\/amazonia-blue\/blauwe-diepe-schalen-set-amazonia-blue\/"]}]},{"@type":"ImageObject","inLanguage":"de","@id":"https:\/\/unrostore.com\/shop\/terrafina\/amazonia-blue\/blauwe-diepe-schalen-set-amazonia-blue\/#primaryimage","url":"https:\/\/unrostore.com\/wp-content\/uploads\/2024\/05\/unro-blauwe-schalen-diepe-serveerschalen-ovaal.webp","contentUrl":"https:\/\/unrostore.com\/wp-content\/uploads\/2024\/05\/unro-blauwe-schalen-diepe-serveerschalen-ovaal.webp","width":1000,"height":1000,"caption":"blauwe serveerschalen ovale schalen diep"},{"@type":"BreadcrumbList","@id":"https:\/\/unrostore.com\/shop\/terrafina\/amazonia-blue\/blauwe-diepe-schalen-set-amazonia-blue\/#breadcrumb","itemListElement":[{"@type":"ListItem","position":1,"name":"Home","item":"https:\/\/unrostore.com\/"},{"@type":"ListItem","position":2,"name":"Shop","item":"https:\/\/unrostore.com\/shop\/"},{"@type":"ListItem","position":3,"name":"Blauwe Diepe Schalen Set &#8211; Amazonia Blue"}]},{"@type":"WebSite","@id":"https:\/\/unrostore.com\/#website","url":"https:\/\/unrostore.com\/","name":"UNRO","description":"Portugiesisches Geschirr, das Sie gl\u00fccklich machen wird!","publisher":{"@id":"https:\/\/unrostore.com\/#organization"},"potentialAction":[{"@type":"SearchAction","target":{"@type":"EntryPoint","urlTemplate":"https:\/\/unrostore.com\/?s={search_term_string}"},"query-input":{"@type":"PropertyValueSpecification","valueRequired":true,"valueName":"search_term_string"}}],"inLanguage":"de"},{"@type":"Organization","@id":"https:\/\/unrostore.com\/#organization","name":"UNRO","url":"https:\/\/unrostore.com\/","logo":{"@type":"ImageObject","inLanguage":"de","@id":"https:\/\/unrostore.com\/#\/schema\/logo\/image\/","url":"https:\/\/unrostore.com\/wp-content\/uploads\/2022\/05\/Logo-UNRO.png","contentUrl":"https:\/\/unrostore.com\/wp-content\/uploads\/2022\/05\/Logo-UNRO.png","width":605,"height":179,"caption":"UNRO"},"image":{"@id":"https:\/\/unrostore.com\/#\/schema\/logo\/image\/"}}]}},"_links":{"self":[{"href":"https:\/\/unrostore.com\/de-de\/wp-json\/wp\/v2\/product\/7623","targetHints":{"allow":["GET"]}}],"collection":[{"href":"https:\/\/unrostore.com\/de-de\/wp-json\/wp\/v2\/product"}],"about":[{"href":"https:\/\/unrostore.com\/de-de\/wp-json\/wp\/v2\/types\/product"}],"wp:featuredmedia":[{"embeddable":true,"href":"https:\/\/unrostore.com\/de-de\/wp-json\/wp\/v2\/media\/8164"}],"wp:attachment":[{"href":"https:\/\/unrostore.com\/de-de\/wp-json\/wp\/v2\/media?parent=7623"}],"wp:term":[{"taxonomy":"product_brand","embeddable":true,"href":"https:\/\/unrostore.com\/de-de\/wp-json\/wp\/v2\/product_brand?post=7623"},{"taxonomy":"product_cat","embeddable":true,"href":"https:\/\/unrostore.com\/de-de\/wp-json\/wp\/v2\/product_cat?post=7623"},{"taxonomy":"product_tag","embeddable":true,"href":"https:\/\/unrostore.com\/de-de\/wp-json\/wp\/v2\/product_tag?post=7623"}],"curies":[{"name":"wp","href":"https:\/\/api.w.org\/{rel}","templated":true}]}}