{"id":7205,"date":"2024-03-16T12:29:24","date_gmt":"2024-03-16T12:29:24","guid":{"rendered":"https:\/\/unrostore.com\/?post_type=product&#038;p=7205"},"modified":"2026-01-19T20:36:31","modified_gmt":"2026-01-19T20:36:31","slug":"amazonia-gruner-kaffeebecher-1-stuck","status":"publish","type":"product","link":"https:\/\/unrostore.com\/de-de\/shop\/tassen-und-becher\/kaffeetassen\/amazonia-gruner-kaffeebecher-1-stuck\/","title":{"rendered":"Gr\u00fcner Kaffeebecher 250 ml Amazonia Gr\u00fcn - 1 St\u00fcck"},"content":{"rendered":"<h3>Eine einzigartige und sch\u00f6ne dunkelgr\u00fcne Kaffeetasse aus Portugal<\/h3>\n<p>Die<strong> Gr\u00fcner Kaffeebecher<\/strong>\u00a0aus der Geschirr-Kollektion Amazonia Green der portugiesischen Marke <a href=\"https:\/\/www.terrafinastore.com\/en\/collections\/amazonia\">Terrafina<\/a> ist aus sehr hochwertiger Keramik handgefertigt. <span style=\"font-weight: 400;\">Die gr\u00fcne Tasse ist sehr sch\u00f6n als (kleines) Geschenk zu verschenken! Verschenken Sie diesen gr\u00fcnen Kaffeebecher zum Beispiel zu Weihnachten, zur Einweihung, zum Geburtstag oder zum Jahrestag. Aber Vorsicht, Sie werden sich selbst in die sch\u00f6ne tiefgr\u00fcne Farbe dieses Kaffeebechers verlieben! Nicht nur ideal f\u00fcr Ihren Morgenkaffee, sondern auch als Teebecher. Kombinieren Sie diese handgefertigte Tasse mit Ohr mit dem <a href=\"https:\/\/unrostore.com\/de-de\/shop\/terrafina\/amazonia-grun\/amazonia-green-espresso-kopjes-2-delig\/\">Amazonia Green Espressotassen<\/a>, <a href=\"https:\/\/unrostore.com\/de-de\/shop\/terrafina\/amazonia-grun\/gruner-teller-amazonia-grun-2-stuck\/\">Amazonia Green Schalen<\/a> und <a href=\"https:\/\/unrostore.com\/de-de\/shop\/terrafina\/amazonia-grun\/gebaksbordjes-groen-amazonia-green-4-delig\/\">Amazonia Green Fr\u00fchst\u00fccksteller<\/a> f\u00fcr ein ideales Fr\u00fchst\u00fccksset. So beginnen Sie Ihren Tag mit einem breiten L\u00e4cheln \ud83d\ude00.<\/span><\/p>\n<p>&nbsp;<\/p>\n<h3>Dies ist die Anzahl der Becher, die Sie geliefert bekommen<\/h3>\n<ul>\n<li>1x Amazonia Green Kaffeetasse (250ml trinkbares Fassungsverm\u00f6gen)<\/li>\n<\/ul>\n<p>&nbsp;<\/p>\n<p><em><strong>Nachhaltig f\u00fcr Mensch und Umwelt:<\/strong><br \/>\nJedes Produkt ist ein Unikat, denn es wird in Handarbeit hergestellt.<br \/>\nDruck und Textur k\u00f6nnen daher leicht vom Produktfoto abweichen.<\/em><\/p>","protected":false},"excerpt":{"rendered":"<div class=\"usps\"><i class=\"far fa-check-circle\"><\/i> Mikrowellenfest<br \/>\n<i class=\"far fa-check-circle\"><\/i> Backofenfest (bis zu 200 Grad)<br \/>\n<i class=\"far fa-check-circle\"><\/i> Sp\u00fclmaschinenfest<br \/>\n<i class=\"far fa-thumbs-up\"><\/i> Handgefertigt<\/div>","protected":false},"featured_media":7208,"template":"","meta":[],"product_brand":[],"product_cat":[869,316,170,997,132,870,119],"product_tag":[173,613,928,374,640,929,639,927,635,626,656,790,632],"class_list":{"0":"post-7205","1":"product","2":"type-product","3":"status-publish","4":"has-post-thumbnail","6":"product_cat-unro-cadeautips","7":"product_cat-cappuccino-mokken","8":"product_cat-amazonia-green","9":"product_cat-koffiekopjes","10":"product_cat-kopjes-en-mokken","11":"product_cat-unro-nieuw-portugees-servies","12":"product_cat-terrafina","13":"product_tag-amazonia-green","14":"product_tag-capuccino-mokken","15":"product_tag-groene-koffiemok","16":"product_tag-groene-kopjes","17":"product_tag-groene-mokken","18":"product_tag-groene-theekop","19":"product_tag-grote-mokken","20":"product_tag-koffie-mok","21":"product_tag-koffiemok","22":"product_tag-koffiemokken","23":"product_tag-koffiemokken-groen","24":"product_tag-mokken-met-oor","25":"product_tag-theemokken","26":"product_shipping_class-pakket","28":"first","29":"outofstock","30":"sale","31":"taxable","32":"shipping-taxable","33":"purchasable","34":"product-type-simple"},"yoast_head":"<!-- This site is optimized with the Yoast SEO plugin v27.4 - https:\/\/yoast.com\/product\/yoast-seo-wordpress\/ -->\n<title>Groene Koffiemok 250 ml Amazonia Green - 1 stuk &#8226; UNRO<\/title>\n<meta name=\"description\" content=\"Geniet elke dag van jouw favoriete warme drankje in deze groene koffiemok. De mok wordt met liefde handgemaakt in Portugal op duurzame wijze.\" \/>\n<meta name=\"robots\" content=\"index, follow, max-snippet:-1, max-image-preview:large, max-video-preview:-1\" \/>\n<link rel=\"canonical\" href=\"https:\/\/unrostore.com\/de-de\/shop\/tassen-und-becher\/kaffeetassen\/amazonia-gruner-kaffeebecher-1-stuck\/\" \/>\n<meta property=\"og:locale\" content=\"de_DE\" \/>\n<meta property=\"og:type\" content=\"article\" \/>\n<meta property=\"og:title\" content=\"Groene Koffiemok 250 ml Amazonia Green - 1 stuk &#8226; UNRO\" \/>\n<meta property=\"og:description\" content=\"Geniet elke dag van jouw favoriete warme drankje in deze groene koffiemok. De mok wordt met liefde handgemaakt in Portugal op duurzame wijze.\" \/>\n<meta property=\"og:url\" content=\"https:\/\/unrostore.com\/de-de\/shop\/tassen-und-becher\/kaffeetassen\/amazonia-gruner-kaffeebecher-1-stuck\/\" \/>\n<meta property=\"og:site_name\" content=\"UNRO\" \/>\n<meta property=\"article:modified_time\" content=\"2026-01-19T20:36:31+00:00\" \/>\n<meta property=\"og:image\" content=\"https:\/\/unrostore.com\/wp-content\/uploads\/2024\/03\/unro-groene-koffiemok.webp\" \/>\n\t<meta property=\"og:image:width\" content=\"1000\" \/>\n\t<meta property=\"og:image:height\" content=\"1000\" \/>\n\t<meta property=\"og:image:type\" content=\"image\/webp\" \/>\n<meta name=\"twitter:card\" content=\"summary_large_image\" \/>\n<script type=\"application\/ld+json\" class=\"yoast-schema-graph\">{\"@context\":\"https:\\\/\\\/schema.org\",\"@graph\":[{\"@type\":\"WebPage\",\"@id\":\"https:\\\/\\\/unrostore.com\\\/shop\\\/kopjes-en-mokken\\\/koffiekopjes\\\/groene-koffiemok-amazonia-green-1-stuk\\\/\",\"url\":\"https:\\\/\\\/unrostore.com\\\/shop\\\/kopjes-en-mokken\\\/koffiekopjes\\\/groene-koffiemok-amazonia-green-1-stuk\\\/\",\"name\":\"Groene Koffiemok 250 ml Amazonia Green - 1 stuk &#8226; UNRO\",\"isPartOf\":{\"@id\":\"https:\\\/\\\/unrostore.com\\\/#website\"},\"primaryImageOfPage\":{\"@id\":\"https:\\\/\\\/unrostore.com\\\/shop\\\/kopjes-en-mokken\\\/koffiekopjes\\\/groene-koffiemok-amazonia-green-1-stuk\\\/#primaryimage\"},\"image\":{\"@id\":\"https:\\\/\\\/unrostore.com\\\/shop\\\/kopjes-en-mokken\\\/koffiekopjes\\\/groene-koffiemok-amazonia-green-1-stuk\\\/#primaryimage\"},\"thumbnailUrl\":\"https:\\\/\\\/unrostore.com\\\/wp-content\\\/uploads\\\/2024\\\/03\\\/unro-groene-koffiemok.webp\",\"datePublished\":\"2024-03-16T12:29:24+00:00\",\"dateModified\":\"2026-01-19T20:36:31+00:00\",\"description\":\"Geniet elke dag van jouw favoriete warme drankje in deze groene koffiemok. De mok wordt met liefde handgemaakt in Portugal op duurzame wijze.\",\"breadcrumb\":{\"@id\":\"https:\\\/\\\/unrostore.com\\\/shop\\\/kopjes-en-mokken\\\/koffiekopjes\\\/groene-koffiemok-amazonia-green-1-stuk\\\/#breadcrumb\"},\"inLanguage\":\"de\",\"potentialAction\":[{\"@type\":\"ReadAction\",\"target\":[\"https:\\\/\\\/unrostore.com\\\/shop\\\/kopjes-en-mokken\\\/koffiekopjes\\\/groene-koffiemok-amazonia-green-1-stuk\\\/\"]}]},{\"@type\":\"ImageObject\",\"inLanguage\":\"de\",\"@id\":\"https:\\\/\\\/unrostore.com\\\/shop\\\/kopjes-en-mokken\\\/koffiekopjes\\\/groene-koffiemok-amazonia-green-1-stuk\\\/#primaryimage\",\"url\":\"https:\\\/\\\/unrostore.com\\\/wp-content\\\/uploads\\\/2024\\\/03\\\/unro-groene-koffiemok.webp\",\"contentUrl\":\"https:\\\/\\\/unrostore.com\\\/wp-content\\\/uploads\\\/2024\\\/03\\\/unro-groene-koffiemok.webp\",\"width\":1000,\"height\":1000,\"caption\":\"groene koffiemok\"},{\"@type\":\"BreadcrumbList\",\"@id\":\"https:\\\/\\\/unrostore.com\\\/shop\\\/kopjes-en-mokken\\\/koffiekopjes\\\/groene-koffiemok-amazonia-green-1-stuk\\\/#breadcrumb\",\"itemListElement\":[{\"@type\":\"ListItem\",\"position\":1,\"name\":\"Home\",\"item\":\"https:\\\/\\\/unrostore.com\\\/\"},{\"@type\":\"ListItem\",\"position\":2,\"name\":\"Shop\",\"item\":\"https:\\\/\\\/unrostore.com\\\/shop\\\/\"},{\"@type\":\"ListItem\",\"position\":3,\"name\":\"Groene Koffiemok 250 ml Amazonia Green &#8211; 1 stuk\"}]},{\"@type\":\"WebSite\",\"@id\":\"https:\\\/\\\/unrostore.com\\\/#website\",\"url\":\"https:\\\/\\\/unrostore.com\\\/\",\"name\":\"UNRO\",\"description\":\"Portugees servies waar je blij van wordt!\",\"publisher\":{\"@id\":\"https:\\\/\\\/unrostore.com\\\/#organization\"},\"potentialAction\":[{\"@type\":\"SearchAction\",\"target\":{\"@type\":\"EntryPoint\",\"urlTemplate\":\"https:\\\/\\\/unrostore.com\\\/?s={search_term_string}\"},\"query-input\":{\"@type\":\"PropertyValueSpecification\",\"valueRequired\":true,\"valueName\":\"search_term_string\"}}],\"inLanguage\":\"de\"},{\"@type\":\"Organization\",\"@id\":\"https:\\\/\\\/unrostore.com\\\/#organization\",\"name\":\"UNRO\",\"url\":\"https:\\\/\\\/unrostore.com\\\/\",\"logo\":{\"@type\":\"ImageObject\",\"inLanguage\":\"de\",\"@id\":\"https:\\\/\\\/unrostore.com\\\/#\\\/schema\\\/logo\\\/image\\\/\",\"url\":\"https:\\\/\\\/unrostore.com\\\/wp-content\\\/uploads\\\/2022\\\/05\\\/Logo-UNRO.png\",\"contentUrl\":\"https:\\\/\\\/unrostore.com\\\/wp-content\\\/uploads\\\/2022\\\/05\\\/Logo-UNRO.png\",\"width\":605,\"height\":179,\"caption\":\"UNRO\"},\"image\":{\"@id\":\"https:\\\/\\\/unrostore.com\\\/#\\\/schema\\\/logo\\\/image\\\/\"}}]}<\/script>\n<!-- \/ Yoast SEO plugin. -->","yoast_head_json":{"title":"Gr\u00fcner Kaffeebecher 250 ml Amazonia Gr\u00fcn - 1 St\u00fcck - UNRO","description":"Genie\u00dfen Sie Ihr hei\u00dfes Lieblingsgetr\u00e4nk jeden Tag in diesem gr\u00fcnen Kaffeebecher. Der Becher wird in Portugal in liebevoller Handarbeit auf nachhaltige Weise hergestellt.","robots":{"index":"index","follow":"follow","max-snippet":"max-snippet:-1","max-image-preview":"max-image-preview:large","max-video-preview":"max-video-preview:-1"},"canonical":"https:\/\/unrostore.com\/de-de\/shop\/tassen-und-becher\/kaffeetassen\/amazonia-gruner-kaffeebecher-1-stuck\/","og_locale":"de_DE","og_type":"article","og_title":"Groene Koffiemok 250 ml Amazonia Green - 1 stuk &#8226; UNRO","og_description":"Geniet elke dag van jouw favoriete warme drankje in deze groene koffiemok. De mok wordt met liefde handgemaakt in Portugal op duurzame wijze.","og_url":"https:\/\/unrostore.com\/de-de\/shop\/tassen-und-becher\/kaffeetassen\/amazonia-gruner-kaffeebecher-1-stuck\/","og_site_name":"UNRO","article_modified_time":"2026-01-19T20:36:31+00:00","og_image":[{"width":1000,"height":1000,"url":"https:\/\/unrostore.com\/wp-content\/uploads\/2024\/03\/unro-groene-koffiemok.webp","type":"image\/webp"}],"twitter_card":"summary_large_image","schema":{"@context":"https:\/\/schema.org","@graph":[{"@type":"WebPage","@id":"https:\/\/unrostore.com\/shop\/kopjes-en-mokken\/koffiekopjes\/groene-koffiemok-amazonia-green-1-stuk\/","url":"https:\/\/unrostore.com\/shop\/kopjes-en-mokken\/koffiekopjes\/groene-koffiemok-amazonia-green-1-stuk\/","name":"Gr\u00fcner Kaffeebecher 250 ml Amazonia Gr\u00fcn - 1 St\u00fcck - UNRO","isPartOf":{"@id":"https:\/\/unrostore.com\/#website"},"primaryImageOfPage":{"@id":"https:\/\/unrostore.com\/shop\/kopjes-en-mokken\/koffiekopjes\/groene-koffiemok-amazonia-green-1-stuk\/#primaryimage"},"image":{"@id":"https:\/\/unrostore.com\/shop\/kopjes-en-mokken\/koffiekopjes\/groene-koffiemok-amazonia-green-1-stuk\/#primaryimage"},"thumbnailUrl":"https:\/\/unrostore.com\/wp-content\/uploads\/2024\/03\/unro-groene-koffiemok.webp","datePublished":"2024-03-16T12:29:24+00:00","dateModified":"2026-01-19T20:36:31+00:00","description":"Genie\u00dfen Sie Ihr hei\u00dfes Lieblingsgetr\u00e4nk jeden Tag in diesem gr\u00fcnen Kaffeebecher. Der Becher wird in Portugal in liebevoller Handarbeit auf nachhaltige Weise hergestellt.","breadcrumb":{"@id":"https:\/\/unrostore.com\/shop\/kopjes-en-mokken\/koffiekopjes\/groene-koffiemok-amazonia-green-1-stuk\/#breadcrumb"},"inLanguage":"de","potentialAction":[{"@type":"ReadAction","target":["https:\/\/unrostore.com\/shop\/kopjes-en-mokken\/koffiekopjes\/groene-koffiemok-amazonia-green-1-stuk\/"]}]},{"@type":"ImageObject","inLanguage":"de","@id":"https:\/\/unrostore.com\/shop\/kopjes-en-mokken\/koffiekopjes\/groene-koffiemok-amazonia-green-1-stuk\/#primaryimage","url":"https:\/\/unrostore.com\/wp-content\/uploads\/2024\/03\/unro-groene-koffiemok.webp","contentUrl":"https:\/\/unrostore.com\/wp-content\/uploads\/2024\/03\/unro-groene-koffiemok.webp","width":1000,"height":1000,"caption":"groene koffiemok"},{"@type":"BreadcrumbList","@id":"https:\/\/unrostore.com\/shop\/kopjes-en-mokken\/koffiekopjes\/groene-koffiemok-amazonia-green-1-stuk\/#breadcrumb","itemListElement":[{"@type":"ListItem","position":1,"name":"Home","item":"https:\/\/unrostore.com\/"},{"@type":"ListItem","position":2,"name":"Shop","item":"https:\/\/unrostore.com\/shop\/"},{"@type":"ListItem","position":3,"name":"Groene Koffiemok 250 ml Amazonia Green &#8211; 1 stuk"}]},{"@type":"WebSite","@id":"https:\/\/unrostore.com\/#website","url":"https:\/\/unrostore.com\/","name":"UNRO","description":"Portugiesisches Geschirr, das Sie gl\u00fccklich machen wird!","publisher":{"@id":"https:\/\/unrostore.com\/#organization"},"potentialAction":[{"@type":"SearchAction","target":{"@type":"EntryPoint","urlTemplate":"https:\/\/unrostore.com\/?s={search_term_string}"},"query-input":{"@type":"PropertyValueSpecification","valueRequired":true,"valueName":"search_term_string"}}],"inLanguage":"de"},{"@type":"Organization","@id":"https:\/\/unrostore.com\/#organization","name":"UNRO","url":"https:\/\/unrostore.com\/","logo":{"@type":"ImageObject","inLanguage":"de","@id":"https:\/\/unrostore.com\/#\/schema\/logo\/image\/","url":"https:\/\/unrostore.com\/wp-content\/uploads\/2022\/05\/Logo-UNRO.png","contentUrl":"https:\/\/unrostore.com\/wp-content\/uploads\/2022\/05\/Logo-UNRO.png","width":605,"height":179,"caption":"UNRO"},"image":{"@id":"https:\/\/unrostore.com\/#\/schema\/logo\/image\/"}}]}},"_links":{"self":[{"href":"https:\/\/unrostore.com\/de-de\/wp-json\/wp\/v2\/product\/7205","targetHints":{"allow":["GET"]}}],"collection":[{"href":"https:\/\/unrostore.com\/de-de\/wp-json\/wp\/v2\/product"}],"about":[{"href":"https:\/\/unrostore.com\/de-de\/wp-json\/wp\/v2\/types\/product"}],"wp:featuredmedia":[{"embeddable":true,"href":"https:\/\/unrostore.com\/de-de\/wp-json\/wp\/v2\/media\/7208"}],"wp:attachment":[{"href":"https:\/\/unrostore.com\/de-de\/wp-json\/wp\/v2\/media?parent=7205"}],"wp:term":[{"taxonomy":"product_brand","embeddable":true,"href":"https:\/\/unrostore.com\/de-de\/wp-json\/wp\/v2\/product_brand?post=7205"},{"taxonomy":"product_cat","embeddable":true,"href":"https:\/\/unrostore.com\/de-de\/wp-json\/wp\/v2\/product_cat?post=7205"},{"taxonomy":"product_tag","embeddable":true,"href":"https:\/\/unrostore.com\/de-de\/wp-json\/wp\/v2\/product_tag?post=7205"}],"curies":[{"name":"wp","href":"https:\/\/api.w.org\/{rel}","templated":true}]}}