{"id":7193,"date":"2024-03-15T19:53:06","date_gmt":"2024-03-15T19:53:06","guid":{"rendered":"https:\/\/unrostore.com\/?post_type=product&#038;p=7193"},"modified":"2026-01-19T20:36:32","modified_gmt":"2026-01-19T20:36:32","slug":"schwarze-fruhstucksteller-schwarzer-stein-4-stuck","status":"publish","type":"product","link":"https:\/\/unrostore.com\/de-de\/shop\/terrafina\/schwarzes-geschirr-schwarzer-stein-2\/schwarze-fruhstucksteller-schwarzer-stein-4-stuck\/","title":{"rendered":"Schwarze Fr\u00fchst\u00fccksteller Black Stone - 4-teilig"},"content":{"rendered":"<h3>Hotel chique zwarte ontbijtborden \u2013 4-delig van Terrafina<\/h3>\n<p>Diese<strong> Schwarze Fr\u00fchst\u00fccksteller Black Stone <\/strong>\u00a04er-Satz aus <a href=\"https:\/\/www.terrafinastore.com\/en\/collections\/sail\">Terrafina<\/a> haben ein luxuri\u00f6ses Aussehen. Genie\u00dfen Sie Ihr (Vorspeisen-)Gericht wie in einem Restaurant mit hotelm\u00e4\u00dfigem Interieur. Die mattschwarzen Tellerchen sind ideal f\u00fcr den t\u00e4glichen Gebrauch und machen besondere Momente noch spezieller. Kombinieren Sie das schwarze Tellerset auch mit den schwarzen Sch\u00fcsseln und <a href=\"https:\/\/unrostore.com\/de-de\/shop\/terrafina\/schwarzes-geschirr-schwarzer-stein-2\/schwarze-becher-schwarzer-stein\/?_gl=1*1t8ql5h*_up*MQ..*_ga*MTA4OTIxNTUzMi4xNzEwNTMxNjAy*_ga_QGLN1EFSS8*MTcxMDUzMTYwMS4xLjEuMTcxMDUzMTYxMi4wLjAuMTM1MzYwNDYwMA..\">schwarze Cappuccinotassen<\/a> f\u00fcr ein sch\u00f6nes schwarzes Fr\u00fchst\u00fccksset. Diese schwarzen Kuchenteller sind auch sehr sch\u00f6n f\u00fcr Ihren Kaffee und Kuchen Moment oder w\u00e4hrend eines High Tea oder Tapas Abend bei Ihnen zu Hause!<\/p>\n<h3>Dies ist die Anzahl der Fr\u00fchst\u00fccksteller, die Sie geliefert bekommen:<\/h3>\n<ul>\n<li><strong>4x<\/strong> Black Stone Fr\u00fchst\u00fccksteller \u00f8 21 cm<\/li>\n<li><strong>1x\u00a0<\/strong>Geschenkpackung von Terrafina<\/li>\n<\/ul>\n<p>\u00a0<\/p>\n<p><em><strong>Duurzaam voor mens & milieu:<\/strong><br \/>\nJedes Produkt ist einzigartig, da es handgefertigt ist.<br \/>\nDruck und Textur k\u00f6nnen daher leicht vom Produktfoto abweichen.<\/em><\/p>","protected":false},"excerpt":{"rendered":"<div class=\"usps\"><i class=\"far fa-check-circle\"><\/i> Mikrowellenfest<br \/>\n<i class=\"far fa-check-circle\"><\/i> Backofenfest (bis zu 200 Grad)<br \/>\n<i class=\"far fa-check-circle\"><\/i> Sp\u00fclmaschinenfest<br \/>\n<i class=\"far fa-thumbs-up\"><\/i> Handgefertigt<\/div>","protected":false},"featured_media":7194,"template":"","meta":[],"product_brand":[],"product_cat":[235,317,119,384],"product_tag":[380,286,129,600,596,581,924,714,141,288,289,243,123,925,383,922,923],"class_list":{"0":"post-7193","1":"product","2":"type-product","3":"status-publish","4":"has-post-thumbnail","6":"product_cat-borden","7":"product_cat-ontbijtborden","8":"product_cat-terrafina","9":"product_cat-zwart-servies-black-stone","10":"product_tag-black-stone","11":"product_tag-bord","12":"product_tag-borden","13":"product_tag-gebak","14":"product_tag-gebaksbord","15":"product_tag-gebaksbordjes","16":"product_tag-gebaksbordjes-zwart","17":"product_tag-groene-borden","18":"product_tag-kleine-borden","19":"product_tag-ontbijtbord","20":"product_tag-ontbijtborden","21":"product_tag-salade-borden","22":"product_tag-terrafina","23":"product_tag-voorgerecht","24":"product_tag-zwart","25":"product_tag-zwarte","26":"product_tag-zwarte-gebaksbordjes","27":"product_shipping_class-pakket","29":"first","30":"outofstock","31":"sale","32":"taxable","33":"shipping-taxable","34":"purchasable","35":"product-type-simple"},"yoast_head":"<!-- This site is optimized with the Yoast SEO plugin v27.5 - https:\/\/yoast.com\/product\/yoast-seo-wordpress\/ -->\n<title>Zwarte Ontbijtborden Black Stone - 4-delig &#8226; UNRO<\/title>\n<meta name=\"description\" content=\"Breng de hotel chique sfeer naar jou thuis met deze zwarte ontbijtborden die handgemaakt zijn van hoge kwaliteit keramiek uit Portugal!\" \/>\n<meta name=\"robots\" content=\"index, follow, max-snippet:-1, max-image-preview:large, max-video-preview:-1\" \/>\n<link rel=\"canonical\" href=\"https:\/\/unrostore.com\/de-de\/shop\/terrafina\/schwarzes-geschirr-schwarzer-stein-2\/schwarze-fruhstucksteller-schwarzer-stein-4-stuck\/\" \/>\n<meta property=\"og:locale\" content=\"de_DE\" \/>\n<meta property=\"og:type\" content=\"article\" \/>\n<meta property=\"og:title\" content=\"Zwarte Ontbijtborden Black Stone - 4-delig &#8226; UNRO\" \/>\n<meta property=\"og:description\" content=\"Breng de hotel chique sfeer naar jou thuis met deze zwarte ontbijtborden die handgemaakt zijn van hoge kwaliteit keramiek uit Portugal!\" \/>\n<meta property=\"og:url\" content=\"https:\/\/unrostore.com\/de-de\/shop\/terrafina\/schwarzes-geschirr-schwarzer-stein-2\/schwarze-fruhstucksteller-schwarzer-stein-4-stuck\/\" \/>\n<meta property=\"og:site_name\" content=\"UNRO\" \/>\n<meta property=\"article:modified_time\" content=\"2026-01-19T20:36:32+00:00\" \/>\n<meta property=\"og:image\" content=\"https:\/\/unrostore.com\/wp-content\/uploads\/2024\/03\/unro-zwart-ontbijtbord-black-stone-portugees-servies.webp\" \/>\n\t<meta property=\"og:image:width\" content=\"1000\" \/>\n\t<meta property=\"og:image:height\" content=\"1000\" \/>\n\t<meta property=\"og:image:type\" content=\"image\/webp\" \/>\n<meta name=\"twitter:card\" content=\"summary_large_image\" \/>\n<script type=\"application\/ld+json\" class=\"yoast-schema-graph\">{\"@context\":\"https:\\\/\\\/schema.org\",\"@graph\":[{\"@type\":\"WebPage\",\"@id\":\"https:\\\/\\\/unrostore.com\\\/shop\\\/terrafina\\\/zwart-servies-black-stone\\\/zwarte-ontbijtborden-black-stone-4-delig\\\/\",\"url\":\"https:\\\/\\\/unrostore.com\\\/shop\\\/terrafina\\\/zwart-servies-black-stone\\\/zwarte-ontbijtborden-black-stone-4-delig\\\/\",\"name\":\"Zwarte Ontbijtborden Black Stone - 4-delig &#8226; UNRO\",\"isPartOf\":{\"@id\":\"https:\\\/\\\/unrostore.com\\\/#website\"},\"primaryImageOfPage\":{\"@id\":\"https:\\\/\\\/unrostore.com\\\/shop\\\/terrafina\\\/zwart-servies-black-stone\\\/zwarte-ontbijtborden-black-stone-4-delig\\\/#primaryimage\"},\"image\":{\"@id\":\"https:\\\/\\\/unrostore.com\\\/shop\\\/terrafina\\\/zwart-servies-black-stone\\\/zwarte-ontbijtborden-black-stone-4-delig\\\/#primaryimage\"},\"thumbnailUrl\":\"https:\\\/\\\/unrostore.com\\\/wp-content\\\/uploads\\\/2024\\\/03\\\/unro-zwart-ontbijtbord-black-stone-portugees-servies.webp\",\"datePublished\":\"2024-03-15T19:53:06+00:00\",\"dateModified\":\"2026-01-19T20:36:32+00:00\",\"description\":\"Breng de hotel chique sfeer naar jou thuis met deze zwarte ontbijtborden die handgemaakt zijn van hoge kwaliteit keramiek uit Portugal!\",\"breadcrumb\":{\"@id\":\"https:\\\/\\\/unrostore.com\\\/shop\\\/terrafina\\\/zwart-servies-black-stone\\\/zwarte-ontbijtborden-black-stone-4-delig\\\/#breadcrumb\"},\"inLanguage\":\"de\",\"potentialAction\":[{\"@type\":\"ReadAction\",\"target\":[\"https:\\\/\\\/unrostore.com\\\/shop\\\/terrafina\\\/zwart-servies-black-stone\\\/zwarte-ontbijtborden-black-stone-4-delig\\\/\"]}]},{\"@type\":\"ImageObject\",\"inLanguage\":\"de\",\"@id\":\"https:\\\/\\\/unrostore.com\\\/shop\\\/terrafina\\\/zwart-servies-black-stone\\\/zwarte-ontbijtborden-black-stone-4-delig\\\/#primaryimage\",\"url\":\"https:\\\/\\\/unrostore.com\\\/wp-content\\\/uploads\\\/2024\\\/03\\\/unro-zwart-ontbijtbord-black-stone-portugees-servies.webp\",\"contentUrl\":\"https:\\\/\\\/unrostore.com\\\/wp-content\\\/uploads\\\/2024\\\/03\\\/unro-zwart-ontbijtbord-black-stone-portugees-servies.webp\",\"width\":1000,\"height\":1000,\"caption\":\"zwarte ontbijtborden set van 4\"},{\"@type\":\"BreadcrumbList\",\"@id\":\"https:\\\/\\\/unrostore.com\\\/shop\\\/terrafina\\\/zwart-servies-black-stone\\\/zwarte-ontbijtborden-black-stone-4-delig\\\/#breadcrumb\",\"itemListElement\":[{\"@type\":\"ListItem\",\"position\":1,\"name\":\"Home\",\"item\":\"https:\\\/\\\/unrostore.com\\\/\"},{\"@type\":\"ListItem\",\"position\":2,\"name\":\"Shop\",\"item\":\"https:\\\/\\\/unrostore.com\\\/shop\\\/\"},{\"@type\":\"ListItem\",\"position\":3,\"name\":\"Zwarte Ontbijtborden Black Stone &#8211; 4-delig\"}]},{\"@type\":\"WebSite\",\"@id\":\"https:\\\/\\\/unrostore.com\\\/#website\",\"url\":\"https:\\\/\\\/unrostore.com\\\/\",\"name\":\"UNRO\",\"description\":\"Portugees servies waar je blij van wordt!\",\"publisher\":{\"@id\":\"https:\\\/\\\/unrostore.com\\\/#organization\"},\"potentialAction\":[{\"@type\":\"SearchAction\",\"target\":{\"@type\":\"EntryPoint\",\"urlTemplate\":\"https:\\\/\\\/unrostore.com\\\/?s={search_term_string}\"},\"query-input\":{\"@type\":\"PropertyValueSpecification\",\"valueRequired\":true,\"valueName\":\"search_term_string\"}}],\"inLanguage\":\"de\"},{\"@type\":\"Organization\",\"@id\":\"https:\\\/\\\/unrostore.com\\\/#organization\",\"name\":\"UNRO\",\"url\":\"https:\\\/\\\/unrostore.com\\\/\",\"logo\":{\"@type\":\"ImageObject\",\"inLanguage\":\"de\",\"@id\":\"https:\\\/\\\/unrostore.com\\\/#\\\/schema\\\/logo\\\/image\\\/\",\"url\":\"https:\\\/\\\/unrostore.com\\\/wp-content\\\/uploads\\\/2022\\\/05\\\/Logo-UNRO.png\",\"contentUrl\":\"https:\\\/\\\/unrostore.com\\\/wp-content\\\/uploads\\\/2022\\\/05\\\/Logo-UNRO.png\",\"width\":605,\"height\":179,\"caption\":\"UNRO\"},\"image\":{\"@id\":\"https:\\\/\\\/unrostore.com\\\/#\\\/schema\\\/logo\\\/image\\\/\"}}]}<\/script>\n<!-- \/ Yoast SEO plugin. -->","yoast_head_json":{"title":"Schwarze Fr\u00fchst\u00fccksteller Black Stone - 4-teilig - UNRO","description":"Holen Sie sich die schicke Atmosph\u00e4re eines Hotels nach Hause mit diesen schwarzen Fr\u00fchst\u00fcckstellern, die aus hochwertiger Keramik aus Portugal handgefertigt sind!","robots":{"index":"index","follow":"follow","max-snippet":"max-snippet:-1","max-image-preview":"max-image-preview:large","max-video-preview":"max-video-preview:-1"},"canonical":"https:\/\/unrostore.com\/de-de\/shop\/terrafina\/schwarzes-geschirr-schwarzer-stein-2\/schwarze-fruhstucksteller-schwarzer-stein-4-stuck\/","og_locale":"de_DE","og_type":"article","og_title":"Zwarte Ontbijtborden Black Stone - 4-delig &#8226; UNRO","og_description":"Breng de hotel chique sfeer naar jou thuis met deze zwarte ontbijtborden die handgemaakt zijn van hoge kwaliteit keramiek uit Portugal!","og_url":"https:\/\/unrostore.com\/de-de\/shop\/terrafina\/schwarzes-geschirr-schwarzer-stein-2\/schwarze-fruhstucksteller-schwarzer-stein-4-stuck\/","og_site_name":"UNRO","article_modified_time":"2026-01-19T20:36:32+00:00","og_image":[{"width":1000,"height":1000,"url":"https:\/\/unrostore.com\/wp-content\/uploads\/2024\/03\/unro-zwart-ontbijtbord-black-stone-portugees-servies.webp","type":"image\/webp"}],"twitter_card":"summary_large_image","schema":{"@context":"https:\/\/schema.org","@graph":[{"@type":"WebPage","@id":"https:\/\/unrostore.com\/shop\/terrafina\/zwart-servies-black-stone\/zwarte-ontbijtborden-black-stone-4-delig\/","url":"https:\/\/unrostore.com\/shop\/terrafina\/zwart-servies-black-stone\/zwarte-ontbijtborden-black-stone-4-delig\/","name":"Schwarze Fr\u00fchst\u00fccksteller Black Stone - 4-teilig - UNRO","isPartOf":{"@id":"https:\/\/unrostore.com\/#website"},"primaryImageOfPage":{"@id":"https:\/\/unrostore.com\/shop\/terrafina\/zwart-servies-black-stone\/zwarte-ontbijtborden-black-stone-4-delig\/#primaryimage"},"image":{"@id":"https:\/\/unrostore.com\/shop\/terrafina\/zwart-servies-black-stone\/zwarte-ontbijtborden-black-stone-4-delig\/#primaryimage"},"thumbnailUrl":"https:\/\/unrostore.com\/wp-content\/uploads\/2024\/03\/unro-zwart-ontbijtbord-black-stone-portugees-servies.webp","datePublished":"2024-03-15T19:53:06+00:00","dateModified":"2026-01-19T20:36:32+00:00","description":"Holen Sie sich die schicke Atmosph\u00e4re eines Hotels nach Hause mit diesen schwarzen Fr\u00fchst\u00fcckstellern, die aus hochwertiger Keramik aus Portugal handgefertigt sind!","breadcrumb":{"@id":"https:\/\/unrostore.com\/shop\/terrafina\/zwart-servies-black-stone\/zwarte-ontbijtborden-black-stone-4-delig\/#breadcrumb"},"inLanguage":"de","potentialAction":[{"@type":"ReadAction","target":["https:\/\/unrostore.com\/shop\/terrafina\/zwart-servies-black-stone\/zwarte-ontbijtborden-black-stone-4-delig\/"]}]},{"@type":"ImageObject","inLanguage":"de","@id":"https:\/\/unrostore.com\/shop\/terrafina\/zwart-servies-black-stone\/zwarte-ontbijtborden-black-stone-4-delig\/#primaryimage","url":"https:\/\/unrostore.com\/wp-content\/uploads\/2024\/03\/unro-zwart-ontbijtbord-black-stone-portugees-servies.webp","contentUrl":"https:\/\/unrostore.com\/wp-content\/uploads\/2024\/03\/unro-zwart-ontbijtbord-black-stone-portugees-servies.webp","width":1000,"height":1000,"caption":"zwarte ontbijtborden set van 4"},{"@type":"BreadcrumbList","@id":"https:\/\/unrostore.com\/shop\/terrafina\/zwart-servies-black-stone\/zwarte-ontbijtborden-black-stone-4-delig\/#breadcrumb","itemListElement":[{"@type":"ListItem","position":1,"name":"Home","item":"https:\/\/unrostore.com\/"},{"@type":"ListItem","position":2,"name":"Shop","item":"https:\/\/unrostore.com\/shop\/"},{"@type":"ListItem","position":3,"name":"Zwarte Ontbijtborden Black Stone &#8211; 4-delig"}]},{"@type":"WebSite","@id":"https:\/\/unrostore.com\/#website","url":"https:\/\/unrostore.com\/","name":"UNRO","description":"Portugiesisches Geschirr, das Sie gl\u00fccklich machen wird!","publisher":{"@id":"https:\/\/unrostore.com\/#organization"},"potentialAction":[{"@type":"SearchAction","target":{"@type":"EntryPoint","urlTemplate":"https:\/\/unrostore.com\/?s={search_term_string}"},"query-input":{"@type":"PropertyValueSpecification","valueRequired":true,"valueName":"search_term_string"}}],"inLanguage":"de"},{"@type":"Organization","@id":"https:\/\/unrostore.com\/#organization","name":"UNRO","url":"https:\/\/unrostore.com\/","logo":{"@type":"ImageObject","inLanguage":"de","@id":"https:\/\/unrostore.com\/#\/schema\/logo\/image\/","url":"https:\/\/unrostore.com\/wp-content\/uploads\/2022\/05\/Logo-UNRO.png","contentUrl":"https:\/\/unrostore.com\/wp-content\/uploads\/2022\/05\/Logo-UNRO.png","width":605,"height":179,"caption":"UNRO"},"image":{"@id":"https:\/\/unrostore.com\/#\/schema\/logo\/image\/"}}]}},"_links":{"self":[{"href":"https:\/\/unrostore.com\/de-de\/wp-json\/wp\/v2\/product\/7193","targetHints":{"allow":["GET"]}}],"collection":[{"href":"https:\/\/unrostore.com\/de-de\/wp-json\/wp\/v2\/product"}],"about":[{"href":"https:\/\/unrostore.com\/de-de\/wp-json\/wp\/v2\/types\/product"}],"wp:featuredmedia":[{"embeddable":true,"href":"https:\/\/unrostore.com\/de-de\/wp-json\/wp\/v2\/media\/7194"}],"wp:attachment":[{"href":"https:\/\/unrostore.com\/de-de\/wp-json\/wp\/v2\/media?parent=7193"}],"wp:term":[{"taxonomy":"product_brand","embeddable":true,"href":"https:\/\/unrostore.com\/de-de\/wp-json\/wp\/v2\/product_brand?post=7193"},{"taxonomy":"product_cat","embeddable":true,"href":"https:\/\/unrostore.com\/de-de\/wp-json\/wp\/v2\/product_cat?post=7193"},{"taxonomy":"product_tag","embeddable":true,"href":"https:\/\/unrostore.com\/de-de\/wp-json\/wp\/v2\/product_tag?post=7193"}],"curies":[{"name":"wp","href":"https:\/\/api.w.org\/{rel}","templated":true}]}}