{"id":7189,"date":"2024-03-15T19:30:03","date_gmt":"2024-03-15T19:30:03","guid":{"rendered":"https:\/\/unrostore.com\/?post_type=product&#038;p=7189"},"modified":"2026-01-19T20:36:32","modified_gmt":"2026-01-19T20:36:32","slug":"schwarze-schalen-schwarzer-stein-2-stuck","status":"publish","type":"product","link":"https:\/\/unrostore.com\/de-de\/shop\/terrafina\/schwarzes-geschirr-schwarzer-stein-2\/schwarze-schalen-schwarzer-stein-2-stuck\/","title":{"rendered":"Schwarze Schalen Black Stone - 2-teilig"},"content":{"rendered":"<h3>Sch\u00f6ne schwarze Schalen Black Stone - 2-teilig<\/h3>\n<p>Dieses Set aus 2 sch\u00f6nen <strong>schwarzes Geschirr <\/strong><strong>Black Stone<\/strong>\u00a0von <a href=\"https:\/\/www.terrafinastore.com\/en\/collections\/sail\">Terrafina<\/a> sehen schick aus auf Ihrem Esstisch. Die mittlere Gr\u00f6\u00dfe der schwarzen Schalen ist sehr vielseitig und kann als schwarze Fr\u00fchst\u00fccksschale, Tapas-Schale, Suppenschale und Snackschale verwendet werden. Genie\u00dfen Sie t\u00e4glich zum Fr\u00fchst\u00fcck Joghurt oder M\u00fcsli aus dieser schwarzen Schale aus hochwertiger handgefertigter Keramik aus Portugal. Die ungleichm\u00e4\u00dfig matte und dezent gl\u00e4nzende Textur der schwarzen Schalen strahlt Luxus aus. Vervollst\u00e4ndigen Sie Ihr Fr\u00fchst\u00fccksset und kombinieren Sie dieses 2er-Set mit der <a href=\"https:\/\/unrostore.com\/de-de\/shop\/terrafina\/schwarzes-geschirr-schwarzer-stein-2\/schwarze-fruhstucksteller-schwarzer-stein-4-stuck\/?_gl=1*1vcs9jy*_up*MQ..*_ga*NzY1NjU5OTc5LjE3MTA1MzI5Mjc.*_ga_QGLN1EFSS8*MTcxMDUzMjkyNS4xLjAuMTcxMDUzMjkyNS4wLjAuMTk5OTUzMzMwMQ..\">schwarze Fr\u00fchst\u00fccksteller<\/a> und <a href=\"https:\/\/unrostore.com\/de-de\/shop\/terrafina\/schwarzes-geschirr-schwarzer-stein-2\/schwarze-becher-schwarzer-stein\/?_gl=1*1t8ql5h*_up*MQ..*_ga*MTA4OTIxNTUzMi4xNzEwNTMxNjAy*_ga_QGLN1EFSS8*MTcxMDUzMTYwMS4xLjEuMTcxMDUzMTYxMi4wLjAuMTM1MzYwNDYwMA..\">schwarze Cappuccinotassen<\/a>.<\/p>\n<h3>Dies ist die Anzahl der Schalen, die Sie geliefert bekommen<\/h3>\n<ul>\n<li><strong>2x <\/strong>Black Stone Schalen \u00f8 15 cm<\/li>\n<li><strong>1x<\/strong> Terrafina-Geschenkverpackungen<\/li>\n<\/ul>\n<p><em><strong><br \/>\nNachhaltig f\u00fcr Mensch und Umwelt:<\/strong><br \/>\n<\/em><em>Jedes Produkt ist ein Unikat, denn es wird in Handarbeit hergestellt.<br \/>\nDruck und Textur k\u00f6nnen daher leicht vom Produktfoto abweichen.<\/em><\/p>","protected":false},"excerpt":{"rendered":"<div class=\"usps\"><i class=\"far fa-check-circle\"><\/i> Mikrowellenfest<br \/>\n<i class=\"far fa-check-circle\"><\/i> Backofenfest (bis zu 200 Grad)<br \/>\n<i class=\"far fa-check-circle\"><\/i> Sp\u00fclmaschinenfest<br \/>\n<i class=\"far fa-thumbs-up\"><\/i> Handgefertigt<\/div>","protected":false},"featured_media":7190,"template":"","meta":[],"product_brand":[],"product_cat":[135,119,384],"product_tag":[380,137,131,291,242,602,677,334,683,691,123,383,922],"class_list":{"0":"post-7189","1":"product","2":"type-product","3":"status-publish","4":"has-post-thumbnail","6":"product_cat-kommen","7":"product_cat-terrafina","8":"product_cat-zwart-servies-black-stone","9":"product_tag-black-stone","10":"product_tag-kom","11":"product_tag-kommen","12":"product_tag-kommetjes","13":"product_tag-ontbijt","14":"product_tag-ontbijtkom","15":"product_tag-schaaltjes","16":"product_tag-schalen","17":"product_tag-soepkom","18":"product_tag-tapasschaaltjes","19":"product_tag-terrafina","20":"product_tag-zwart","21":"product_tag-zwarte","23":"first","24":"outofstock","25":"sale","26":"taxable","27":"shipping-taxable","28":"purchasable","29":"product-type-simple"},"yoast_head":"<!-- This site is optimized with the Yoast SEO plugin v27.4 - https:\/\/yoast.com\/product\/yoast-seo-wordpress\/ -->\n<title>Zwarte Schaaltjes Black Stone - 2-delig &#8226; UNRO<\/title>\n<meta name=\"description\" content=\"Stijlvolle zwarte schaaltjes voor jouw muesli of yoghurt in de ochtend en voor een heerlijk soepje of klein hapje in de avond voor een hotel chique sfeer.\" \/>\n<meta name=\"robots\" content=\"index, follow, max-snippet:-1, max-image-preview:large, max-video-preview:-1\" \/>\n<link rel=\"canonical\" href=\"https:\/\/unrostore.com\/de-de\/shop\/terrafina\/schwarzes-geschirr-schwarzer-stein-2\/schwarze-schalen-schwarzer-stein-2-stuck\/\" \/>\n<meta property=\"og:locale\" content=\"de_DE\" \/>\n<meta property=\"og:type\" content=\"article\" \/>\n<meta property=\"og:title\" content=\"Zwarte Schaaltjes Black Stone - 2-delig &#8226; UNRO\" \/>\n<meta property=\"og:description\" content=\"Stijlvolle zwarte schaaltjes voor jouw muesli of yoghurt in de ochtend en voor een heerlijk soepje of klein hapje in de avond voor een hotel chique sfeer.\" \/>\n<meta property=\"og:url\" content=\"https:\/\/unrostore.com\/de-de\/shop\/terrafina\/schwarzes-geschirr-schwarzer-stein-2\/schwarze-schalen-schwarzer-stein-2-stuck\/\" \/>\n<meta property=\"og:site_name\" content=\"UNRO\" \/>\n<meta property=\"article:modified_time\" content=\"2026-01-19T20:36:32+00:00\" \/>\n<meta property=\"og:image\" content=\"https:\/\/unrostore.com\/wp-content\/uploads\/2024\/03\/unro-zwart-kommetje-portugees-servies-zwart.jpg\" \/>\n\t<meta property=\"og:image:width\" content=\"1000\" \/>\n\t<meta property=\"og:image:height\" content=\"1000\" \/>\n\t<meta property=\"og:image:type\" content=\"image\/jpeg\" \/>\n<meta name=\"twitter:card\" content=\"summary_large_image\" \/>\n<script type=\"application\/ld+json\" class=\"yoast-schema-graph\">{\"@context\":\"https:\\\/\\\/schema.org\",\"@graph\":[{\"@type\":\"WebPage\",\"@id\":\"https:\\\/\\\/unrostore.com\\\/shop\\\/terrafina\\\/zwart-servies-black-stone\\\/zwarte-schaaltjes-black-stone-2-delig\\\/\",\"url\":\"https:\\\/\\\/unrostore.com\\\/shop\\\/terrafina\\\/zwart-servies-black-stone\\\/zwarte-schaaltjes-black-stone-2-delig\\\/\",\"name\":\"Zwarte Schaaltjes Black Stone - 2-delig &#8226; UNRO\",\"isPartOf\":{\"@id\":\"https:\\\/\\\/unrostore.com\\\/#website\"},\"primaryImageOfPage\":{\"@id\":\"https:\\\/\\\/unrostore.com\\\/shop\\\/terrafina\\\/zwart-servies-black-stone\\\/zwarte-schaaltjes-black-stone-2-delig\\\/#primaryimage\"},\"image\":{\"@id\":\"https:\\\/\\\/unrostore.com\\\/shop\\\/terrafina\\\/zwart-servies-black-stone\\\/zwarte-schaaltjes-black-stone-2-delig\\\/#primaryimage\"},\"thumbnailUrl\":\"https:\\\/\\\/unrostore.com\\\/wp-content\\\/uploads\\\/2024\\\/03\\\/unro-zwart-kommetje-portugees-servies-zwart.jpg\",\"datePublished\":\"2024-03-15T19:30:03+00:00\",\"dateModified\":\"2026-01-19T20:36:32+00:00\",\"description\":\"Stijlvolle zwarte schaaltjes voor jouw muesli of yoghurt in de ochtend en voor een heerlijk soepje of klein hapje in de avond voor een hotel chique sfeer.\",\"breadcrumb\":{\"@id\":\"https:\\\/\\\/unrostore.com\\\/shop\\\/terrafina\\\/zwart-servies-black-stone\\\/zwarte-schaaltjes-black-stone-2-delig\\\/#breadcrumb\"},\"inLanguage\":\"de\",\"potentialAction\":[{\"@type\":\"ReadAction\",\"target\":[\"https:\\\/\\\/unrostore.com\\\/shop\\\/terrafina\\\/zwart-servies-black-stone\\\/zwarte-schaaltjes-black-stone-2-delig\\\/\"]}]},{\"@type\":\"ImageObject\",\"inLanguage\":\"de\",\"@id\":\"https:\\\/\\\/unrostore.com\\\/shop\\\/terrafina\\\/zwart-servies-black-stone\\\/zwarte-schaaltjes-black-stone-2-delig\\\/#primaryimage\",\"url\":\"https:\\\/\\\/unrostore.com\\\/wp-content\\\/uploads\\\/2024\\\/03\\\/unro-zwart-kommetje-portugees-servies-zwart.jpg\",\"contentUrl\":\"https:\\\/\\\/unrostore.com\\\/wp-content\\\/uploads\\\/2024\\\/03\\\/unro-zwart-kommetje-portugees-servies-zwart.jpg\",\"width\":1000,\"height\":1000,\"caption\":\"zwarte schaaltjes set van 2 kommen zwart\"},{\"@type\":\"BreadcrumbList\",\"@id\":\"https:\\\/\\\/unrostore.com\\\/shop\\\/terrafina\\\/zwart-servies-black-stone\\\/zwarte-schaaltjes-black-stone-2-delig\\\/#breadcrumb\",\"itemListElement\":[{\"@type\":\"ListItem\",\"position\":1,\"name\":\"Home\",\"item\":\"https:\\\/\\\/unrostore.com\\\/\"},{\"@type\":\"ListItem\",\"position\":2,\"name\":\"Shop\",\"item\":\"https:\\\/\\\/unrostore.com\\\/shop\\\/\"},{\"@type\":\"ListItem\",\"position\":3,\"name\":\"Zwarte Schaaltjes Black Stone &#8211; 2-delig\"}]},{\"@type\":\"WebSite\",\"@id\":\"https:\\\/\\\/unrostore.com\\\/#website\",\"url\":\"https:\\\/\\\/unrostore.com\\\/\",\"name\":\"UNRO\",\"description\":\"Portugees servies waar je blij van wordt!\",\"publisher\":{\"@id\":\"https:\\\/\\\/unrostore.com\\\/#organization\"},\"potentialAction\":[{\"@type\":\"SearchAction\",\"target\":{\"@type\":\"EntryPoint\",\"urlTemplate\":\"https:\\\/\\\/unrostore.com\\\/?s={search_term_string}\"},\"query-input\":{\"@type\":\"PropertyValueSpecification\",\"valueRequired\":true,\"valueName\":\"search_term_string\"}}],\"inLanguage\":\"de\"},{\"@type\":\"Organization\",\"@id\":\"https:\\\/\\\/unrostore.com\\\/#organization\",\"name\":\"UNRO\",\"url\":\"https:\\\/\\\/unrostore.com\\\/\",\"logo\":{\"@type\":\"ImageObject\",\"inLanguage\":\"de\",\"@id\":\"https:\\\/\\\/unrostore.com\\\/#\\\/schema\\\/logo\\\/image\\\/\",\"url\":\"https:\\\/\\\/unrostore.com\\\/wp-content\\\/uploads\\\/2022\\\/05\\\/Logo-UNRO.png\",\"contentUrl\":\"https:\\\/\\\/unrostore.com\\\/wp-content\\\/uploads\\\/2022\\\/05\\\/Logo-UNRO.png\",\"width\":605,\"height\":179,\"caption\":\"UNRO\"},\"image\":{\"@id\":\"https:\\\/\\\/unrostore.com\\\/#\\\/schema\\\/logo\\\/image\\\/\"}}]}<\/script>\n<!-- \/ Yoast SEO plugin. -->","yoast_head_json":{"title":"Schwarze Schalen Black Stone - 2-teilig - UNRO","description":"Stilvolle schwarze Schalen f\u00fcr Ihr M\u00fcsli oder Ihren Joghurt am Morgen und f\u00fcr eine leckere Suppe oder einen kleinen Snack am Abend f\u00fcr ein schickes Hotelambiente.","robots":{"index":"index","follow":"follow","max-snippet":"max-snippet:-1","max-image-preview":"max-image-preview:large","max-video-preview":"max-video-preview:-1"},"canonical":"https:\/\/unrostore.com\/de-de\/shop\/terrafina\/schwarzes-geschirr-schwarzer-stein-2\/schwarze-schalen-schwarzer-stein-2-stuck\/","og_locale":"de_DE","og_type":"article","og_title":"Zwarte Schaaltjes Black Stone - 2-delig &#8226; UNRO","og_description":"Stijlvolle zwarte schaaltjes voor jouw muesli of yoghurt in de ochtend en voor een heerlijk soepje of klein hapje in de avond voor een hotel chique sfeer.","og_url":"https:\/\/unrostore.com\/de-de\/shop\/terrafina\/schwarzes-geschirr-schwarzer-stein-2\/schwarze-schalen-schwarzer-stein-2-stuck\/","og_site_name":"UNRO","article_modified_time":"2026-01-19T20:36:32+00:00","og_image":[{"width":1000,"height":1000,"url":"https:\/\/unrostore.com\/wp-content\/uploads\/2024\/03\/unro-zwart-kommetje-portugees-servies-zwart.jpg","type":"image\/jpeg"}],"twitter_card":"summary_large_image","schema":{"@context":"https:\/\/schema.org","@graph":[{"@type":"WebPage","@id":"https:\/\/unrostore.com\/shop\/terrafina\/zwart-servies-black-stone\/zwarte-schaaltjes-black-stone-2-delig\/","url":"https:\/\/unrostore.com\/shop\/terrafina\/zwart-servies-black-stone\/zwarte-schaaltjes-black-stone-2-delig\/","name":"Schwarze Schalen Black Stone - 2-teilig - UNRO","isPartOf":{"@id":"https:\/\/unrostore.com\/#website"},"primaryImageOfPage":{"@id":"https:\/\/unrostore.com\/shop\/terrafina\/zwart-servies-black-stone\/zwarte-schaaltjes-black-stone-2-delig\/#primaryimage"},"image":{"@id":"https:\/\/unrostore.com\/shop\/terrafina\/zwart-servies-black-stone\/zwarte-schaaltjes-black-stone-2-delig\/#primaryimage"},"thumbnailUrl":"https:\/\/unrostore.com\/wp-content\/uploads\/2024\/03\/unro-zwart-kommetje-portugees-servies-zwart.jpg","datePublished":"2024-03-15T19:30:03+00:00","dateModified":"2026-01-19T20:36:32+00:00","description":"Stilvolle schwarze Schalen f\u00fcr Ihr M\u00fcsli oder Ihren Joghurt am Morgen und f\u00fcr eine leckere Suppe oder einen kleinen Snack am Abend f\u00fcr ein schickes Hotelambiente.","breadcrumb":{"@id":"https:\/\/unrostore.com\/shop\/terrafina\/zwart-servies-black-stone\/zwarte-schaaltjes-black-stone-2-delig\/#breadcrumb"},"inLanguage":"de","potentialAction":[{"@type":"ReadAction","target":["https:\/\/unrostore.com\/shop\/terrafina\/zwart-servies-black-stone\/zwarte-schaaltjes-black-stone-2-delig\/"]}]},{"@type":"ImageObject","inLanguage":"de","@id":"https:\/\/unrostore.com\/shop\/terrafina\/zwart-servies-black-stone\/zwarte-schaaltjes-black-stone-2-delig\/#primaryimage","url":"https:\/\/unrostore.com\/wp-content\/uploads\/2024\/03\/unro-zwart-kommetje-portugees-servies-zwart.jpg","contentUrl":"https:\/\/unrostore.com\/wp-content\/uploads\/2024\/03\/unro-zwart-kommetje-portugees-servies-zwart.jpg","width":1000,"height":1000,"caption":"zwarte schaaltjes set van 2 kommen zwart"},{"@type":"BreadcrumbList","@id":"https:\/\/unrostore.com\/shop\/terrafina\/zwart-servies-black-stone\/zwarte-schaaltjes-black-stone-2-delig\/#breadcrumb","itemListElement":[{"@type":"ListItem","position":1,"name":"Home","item":"https:\/\/unrostore.com\/"},{"@type":"ListItem","position":2,"name":"Shop","item":"https:\/\/unrostore.com\/shop\/"},{"@type":"ListItem","position":3,"name":"Zwarte Schaaltjes Black Stone &#8211; 2-delig"}]},{"@type":"WebSite","@id":"https:\/\/unrostore.com\/#website","url":"https:\/\/unrostore.com\/","name":"UNRO","description":"Portugiesisches Geschirr, das Sie gl\u00fccklich machen wird!","publisher":{"@id":"https:\/\/unrostore.com\/#organization"},"potentialAction":[{"@type":"SearchAction","target":{"@type":"EntryPoint","urlTemplate":"https:\/\/unrostore.com\/?s={search_term_string}"},"query-input":{"@type":"PropertyValueSpecification","valueRequired":true,"valueName":"search_term_string"}}],"inLanguage":"de"},{"@type":"Organization","@id":"https:\/\/unrostore.com\/#organization","name":"UNRO","url":"https:\/\/unrostore.com\/","logo":{"@type":"ImageObject","inLanguage":"de","@id":"https:\/\/unrostore.com\/#\/schema\/logo\/image\/","url":"https:\/\/unrostore.com\/wp-content\/uploads\/2022\/05\/Logo-UNRO.png","contentUrl":"https:\/\/unrostore.com\/wp-content\/uploads\/2022\/05\/Logo-UNRO.png","width":605,"height":179,"caption":"UNRO"},"image":{"@id":"https:\/\/unrostore.com\/#\/schema\/logo\/image\/"}}]}},"_links":{"self":[{"href":"https:\/\/unrostore.com\/de-de\/wp-json\/wp\/v2\/product\/7189","targetHints":{"allow":["GET"]}}],"collection":[{"href":"https:\/\/unrostore.com\/de-de\/wp-json\/wp\/v2\/product"}],"about":[{"href":"https:\/\/unrostore.com\/de-de\/wp-json\/wp\/v2\/types\/product"}],"wp:featuredmedia":[{"embeddable":true,"href":"https:\/\/unrostore.com\/de-de\/wp-json\/wp\/v2\/media\/7190"}],"wp:attachment":[{"href":"https:\/\/unrostore.com\/de-de\/wp-json\/wp\/v2\/media?parent=7189"}],"wp:term":[{"taxonomy":"product_brand","embeddable":true,"href":"https:\/\/unrostore.com\/de-de\/wp-json\/wp\/v2\/product_brand?post=7189"},{"taxonomy":"product_cat","embeddable":true,"href":"https:\/\/unrostore.com\/de-de\/wp-json\/wp\/v2\/product_cat?post=7189"},{"taxonomy":"product_tag","embeddable":true,"href":"https:\/\/unrostore.com\/de-de\/wp-json\/wp\/v2\/product_tag?post=7189"}],"curies":[{"name":"wp","href":"https:\/\/api.w.org\/{rel}","templated":true}]}}