{"id":7124,"date":"2024-03-01T10:12:33","date_gmt":"2024-03-01T10:12:33","guid":{"rendered":"https:\/\/unrostore.com\/?post_type=product&#038;p=7124"},"modified":"2026-01-19T20:36:33","modified_gmt":"2026-01-19T20:36:33","slug":"fruhstucksset-amazonia-grun-4-personen","status":"publish","type":"product","link":"https:\/\/unrostore.com\/de-de\/shop\/terrafina\/amazonia-grun\/fruhstucksset-amazonia-grun-4-personen\/","title":{"rendered":"Fr\u00fchst\u00fccksset Gr\u00fcn Amazonia Green - 4 Personen"},"content":{"rendered":"<h3>Hotel chic Fr\u00fchst\u00fccksset gr\u00fcn Amazonia Green f\u00fcr 4 Personen (8-teilig)<\/h3>\n<p>Die<strong> Fr\u00fchst\u00fccksset Gr\u00fcn f\u00fcr 4 Personen <\/strong>von <a href=\"https:\/\/www.terrafinastore.com\/en\/collections\/amazonia\">Terrafina<\/a> wird in Portugal aus reinem Steingut handgefertigt. Je nach Lichteinfall zeigt dieses dunkelgr\u00fcne Fr\u00fchst\u00fccksset einen anderen Gr\u00fcnton. Von tiefgr\u00fcn bis hellgr\u00fcn hat dieses glasierte Fr\u00fchst\u00fccksgeschirr eine sch\u00f6ne und stilvolle Farbe, die jedem Interieur ein schickes Hotelambiente verleiht. Die gr\u00fcne Farbe steht in sch\u00f6nem Kontrast zu warmen Erdt\u00f6nen und strahlt Luxus aus. Lieben Sie auch einen sch\u00f6n gedeckten Tisch, selbst f\u00fcr ein allt\u00e4gliches Fr\u00fchst\u00fcck oder Mittagessen? Dann ist dieses sch\u00f6ne gr\u00fcne Fr\u00fchst\u00fccksservice genau das Richtige f\u00fcr Sie. Verwenden Sie die Fr\u00fchst\u00fccksschalen als Joghurt- oder M\u00fcslischalen oder als Suppenschalen und genie\u00dfen Sie ein frisch belegtes Br\u00f6tchen oder ein Geb\u00e4ck auf den gr\u00fcnen Fr\u00fchst\u00fcckstellern. Die sch\u00f6ne gr\u00fcne Farbe hat einen modernen Look mit einer Anspielung auf das Vintage-Gr\u00fcn der 70er Jahre. Vervollst\u00e4ndigen Sie Ihr gr\u00fcnes Geschirr mit dem passenden <a href=\"https:\/\/unrostore.com\/de-de\/shop\/terrafina\/amazonia-grun\/groene-mokken-4-delig-amazonia-green\/\">gr\u00fcne Cappuccinotassen<\/a>, <a href=\"https:\/\/unrostore.com\/de-de\/shop\/terrafina\/amazonia-grun\/grune-espressotassen-amazonia-grun-4-stuck\/\">Espressotassen mit Henkel<\/a>, <a href=\"https:\/\/unrostore.com\/de-de\/shop\/terrafina\/amazonia-grun\/eierdopjes-groen-amazonia-green-6-delig\/\">Espressotassen ohne Henkel\/Eierbecher<\/a>, <a href=\"https:\/\/unrostore.com\/de-de\/shop\/terrafina\/amazonia-grun\/essteller-grun-amazonia-grun-4-stuck\/\">Essteller<\/a> und <a href=\"https:\/\/unrostore.com\/de-de\/shop\/terrafina\/amazonia-grun\/nudelteller-grun-amazonia-grun-4-stuck\/\">Nudelplatten<\/a>. Auch als Geschenkset f\u00fcr eine Einweihungsparty oder einen Geburtstag f\u00fcr M\u00e4nner und Frauen geeignet!<\/p>\n<h3><\/h3>\n<h3>Dies ist die Nummer, die Sie zugestellt bekommen<\/h3>\n<ul>\n<li>4x Amazonia Green Schale \u00f8 15 cm<\/li>\n<li>4x Amazonia Green Fr\u00fchst\u00fccksteller \u00f8 22,5 cm<\/li>\n<li>3x Terrafina Geschenkbox<\/li>\n<\/ul>\n<p>\u00a0<\/p>\n<p><em><strong>Duurzaam voor mens & milieu:<\/strong><br \/>\nJedes Produkt ist ein Unikat, denn es wird in Handarbeit hergestellt.<br \/>\nDruck und Textur k\u00f6nnen daher leicht vom Produktfoto abweichen.<\/em><\/p>","protected":false},"excerpt":{"rendered":"<div style=\"font-family: nunito sans; font-size: 14px; border: 1px solid #dedede; border-radius: 4px; padding: 15px 0 0 14px; margin-top: 20px; margin-bottom: 20px; width: 160px; box-shadow: 1px 1px 7px 0px rgb(0 0 0 \/ 15%), 0px 0px 2px 0px rgb(0 0 0 \/ 5%); color: #00b900;\">\n<p>Mit dem Festpreis sparen Sie so viel wie <strong>\u20ac5,-<\/strong><\/p>\n<\/div>\n<div class=\"usps\"><i class=\"far fa-check-circle\"><\/i> Mikrowellenfest<br \/>\n<i class=\"far fa-check-circle\"><\/i> Backofenfest (bis zu 200 Grad)<br \/>\n<i class=\"far fa-check-circle\"><\/i> Sp\u00fclmaschinenfest<br \/>\n<i class=\"far fa-thumbs-up\"><\/i> Handgefertigt<\/div>","protected":false},"featured_media":7125,"template":"","meta":[],"product_brand":[],"product_cat":[170,122,119],"product_tag":[916,173,920,919,171,403,131,291,918,288,905,677,654,615,125,744,649,683],"class_list":{"0":"post-7124","1":"product","2":"type-product","3":"status-publish","4":"has-post-thumbnail","6":"product_cat-amazonia-green","7":"product_cat-serviesset","8":"product_cat-terrafina","9":"product_tag-8-delig","10":"product_tag-amazonia-green","11":"product_tag-diep-groen","12":"product_tag-donkergroen","13":"product_tag-groen","14":"product_tag-groene-serviesset","15":"product_tag-kommen","16":"product_tag-kommetjes","17":"product_tag-ontbijt-servies","18":"product_tag-ontbijtbord","19":"product_tag-ontbijtset","20":"product_tag-schaaltjes","21":"product_tag-servies-groen","22":"product_tag-servies-set","23":"product_tag-serviesset","24":"product_tag-serviesset-groen","25":"product_tag-serviesset-voor-4-personen","26":"product_tag-soepkom","27":"product_shipping_class-pakket","29":"first","30":"outofstock","31":"sale","32":"taxable","33":"shipping-taxable","34":"purchasable","35":"product-type-simple"},"yoast_head":"<!-- This site is optimized with the Yoast SEO plugin v27.5 - https:\/\/yoast.com\/product\/yoast-seo-wordpress\/ -->\n<title>Ontbijtset Groen Amazonia Green - 4 personen &#8226; UNRO<\/title>\n<meta name=\"description\" content=\"Geniet elke ochtend van een stijlvol ontbijt met de mooie ontbijtset groen uit Portugal. Dit duurzame donkergroene ontbijt servies is echt uniek!\" \/>\n<meta name=\"robots\" content=\"index, follow, max-snippet:-1, max-image-preview:large, max-video-preview:-1\" \/>\n<link rel=\"canonical\" href=\"https:\/\/unrostore.com\/de-de\/shop\/terrafina\/amazonia-grun\/fruhstucksset-amazonia-grun-4-personen\/\" \/>\n<meta property=\"og:locale\" content=\"de_DE\" \/>\n<meta property=\"og:type\" content=\"article\" \/>\n<meta property=\"og:title\" content=\"Ontbijtset Groen Amazonia Green - 4 personen &#8226; UNRO\" \/>\n<meta property=\"og:description\" content=\"Geniet elke ochtend van een stijlvol ontbijt met de mooie ontbijtset groen uit Portugal. Dit duurzame donkergroene ontbijt servies is echt uniek!\" \/>\n<meta property=\"og:url\" content=\"https:\/\/unrostore.com\/de-de\/shop\/terrafina\/amazonia-grun\/fruhstucksset-amazonia-grun-4-personen\/\" \/>\n<meta property=\"og:site_name\" content=\"UNRO\" \/>\n<meta property=\"article:modified_time\" content=\"2026-01-19T20:36:33+00:00\" \/>\n<meta property=\"og:image\" content=\"https:\/\/unrostore.com\/wp-content\/uploads\/2024\/03\/unro-groene-ontbijtset-green-breakfast-set.webp\" \/>\n\t<meta property=\"og:image:width\" content=\"1000\" \/>\n\t<meta property=\"og:image:height\" content=\"1000\" \/>\n\t<meta property=\"og:image:type\" content=\"image\/webp\" \/>\n<meta name=\"twitter:card\" content=\"summary_large_image\" \/>\n<script type=\"application\/ld+json\" class=\"yoast-schema-graph\">{\"@context\":\"https:\\\/\\\/schema.org\",\"@graph\":[{\"@type\":\"WebPage\",\"@id\":\"https:\\\/\\\/unrostore.com\\\/shop\\\/terrafina\\\/amazonia-green\\\/ontbijtset-groen-amazonia-green-4-personen\\\/\",\"url\":\"https:\\\/\\\/unrostore.com\\\/shop\\\/terrafina\\\/amazonia-green\\\/ontbijtset-groen-amazonia-green-4-personen\\\/\",\"name\":\"Ontbijtset Groen Amazonia Green - 4 personen &#8226; UNRO\",\"isPartOf\":{\"@id\":\"https:\\\/\\\/unrostore.com\\\/#website\"},\"primaryImageOfPage\":{\"@id\":\"https:\\\/\\\/unrostore.com\\\/shop\\\/terrafina\\\/amazonia-green\\\/ontbijtset-groen-amazonia-green-4-personen\\\/#primaryimage\"},\"image\":{\"@id\":\"https:\\\/\\\/unrostore.com\\\/shop\\\/terrafina\\\/amazonia-green\\\/ontbijtset-groen-amazonia-green-4-personen\\\/#primaryimage\"},\"thumbnailUrl\":\"https:\\\/\\\/unrostore.com\\\/wp-content\\\/uploads\\\/2024\\\/03\\\/unro-groene-ontbijtset-green-breakfast-set.webp\",\"datePublished\":\"2024-03-01T10:12:33+00:00\",\"dateModified\":\"2026-01-19T20:36:33+00:00\",\"description\":\"Geniet elke ochtend van een stijlvol ontbijt met de mooie ontbijtset groen uit Portugal. Dit duurzame donkergroene ontbijt servies is echt uniek!\",\"breadcrumb\":{\"@id\":\"https:\\\/\\\/unrostore.com\\\/shop\\\/terrafina\\\/amazonia-green\\\/ontbijtset-groen-amazonia-green-4-personen\\\/#breadcrumb\"},\"inLanguage\":\"de\",\"potentialAction\":[{\"@type\":\"ReadAction\",\"target\":[\"https:\\\/\\\/unrostore.com\\\/shop\\\/terrafina\\\/amazonia-green\\\/ontbijtset-groen-amazonia-green-4-personen\\\/\"]}]},{\"@type\":\"ImageObject\",\"inLanguage\":\"de\",\"@id\":\"https:\\\/\\\/unrostore.com\\\/shop\\\/terrafina\\\/amazonia-green\\\/ontbijtset-groen-amazonia-green-4-personen\\\/#primaryimage\",\"url\":\"https:\\\/\\\/unrostore.com\\\/wp-content\\\/uploads\\\/2024\\\/03\\\/unro-groene-ontbijtset-green-breakfast-set.webp\",\"contentUrl\":\"https:\\\/\\\/unrostore.com\\\/wp-content\\\/uploads\\\/2024\\\/03\\\/unro-groene-ontbijtset-green-breakfast-set.webp\",\"width\":1000,\"height\":1000,\"caption\":\"ontbijtset groen\"},{\"@type\":\"BreadcrumbList\",\"@id\":\"https:\\\/\\\/unrostore.com\\\/shop\\\/terrafina\\\/amazonia-green\\\/ontbijtset-groen-amazonia-green-4-personen\\\/#breadcrumb\",\"itemListElement\":[{\"@type\":\"ListItem\",\"position\":1,\"name\":\"Home\",\"item\":\"https:\\\/\\\/unrostore.com\\\/\"},{\"@type\":\"ListItem\",\"position\":2,\"name\":\"Shop\",\"item\":\"https:\\\/\\\/unrostore.com\\\/shop\\\/\"},{\"@type\":\"ListItem\",\"position\":3,\"name\":\"Ontbijtset Groen Amazonia Green &#8211; 4 personen\"}]},{\"@type\":\"WebSite\",\"@id\":\"https:\\\/\\\/unrostore.com\\\/#website\",\"url\":\"https:\\\/\\\/unrostore.com\\\/\",\"name\":\"UNRO\",\"description\":\"Portugees servies waar je blij van wordt!\",\"publisher\":{\"@id\":\"https:\\\/\\\/unrostore.com\\\/#organization\"},\"potentialAction\":[{\"@type\":\"SearchAction\",\"target\":{\"@type\":\"EntryPoint\",\"urlTemplate\":\"https:\\\/\\\/unrostore.com\\\/?s={search_term_string}\"},\"query-input\":{\"@type\":\"PropertyValueSpecification\",\"valueRequired\":true,\"valueName\":\"search_term_string\"}}],\"inLanguage\":\"de\"},{\"@type\":\"Organization\",\"@id\":\"https:\\\/\\\/unrostore.com\\\/#organization\",\"name\":\"UNRO\",\"url\":\"https:\\\/\\\/unrostore.com\\\/\",\"logo\":{\"@type\":\"ImageObject\",\"inLanguage\":\"de\",\"@id\":\"https:\\\/\\\/unrostore.com\\\/#\\\/schema\\\/logo\\\/image\\\/\",\"url\":\"https:\\\/\\\/unrostore.com\\\/wp-content\\\/uploads\\\/2022\\\/05\\\/Logo-UNRO.png\",\"contentUrl\":\"https:\\\/\\\/unrostore.com\\\/wp-content\\\/uploads\\\/2022\\\/05\\\/Logo-UNRO.png\",\"width\":605,\"height\":179,\"caption\":\"UNRO\"},\"image\":{\"@id\":\"https:\\\/\\\/unrostore.com\\\/#\\\/schema\\\/logo\\\/image\\\/\"}}]}<\/script>\n<!-- \/ Yoast SEO plugin. -->","yoast_head_json":{"title":"Fr\u00fchst\u00fccksset Gr\u00fcn Amazonien Gr\u00fcn - 4 Personen - UNRO","description":"Genie\u00dfen Sie jeden Morgen ein stilvolles Fr\u00fchst\u00fcck mit dem sch\u00f6nen Fr\u00fchst\u00fccksset gr\u00fcn aus Portugal. Dieses langlebige dunkelgr\u00fcne Fr\u00fchst\u00fccksset ist wirklich einzigartig!","robots":{"index":"index","follow":"follow","max-snippet":"max-snippet:-1","max-image-preview":"max-image-preview:large","max-video-preview":"max-video-preview:-1"},"canonical":"https:\/\/unrostore.com\/de-de\/shop\/terrafina\/amazonia-grun\/fruhstucksset-amazonia-grun-4-personen\/","og_locale":"de_DE","og_type":"article","og_title":"Ontbijtset Groen Amazonia Green - 4 personen &#8226; UNRO","og_description":"Geniet elke ochtend van een stijlvol ontbijt met de mooie ontbijtset groen uit Portugal. Dit duurzame donkergroene ontbijt servies is echt uniek!","og_url":"https:\/\/unrostore.com\/de-de\/shop\/terrafina\/amazonia-grun\/fruhstucksset-amazonia-grun-4-personen\/","og_site_name":"UNRO","article_modified_time":"2026-01-19T20:36:33+00:00","og_image":[{"width":1000,"height":1000,"url":"https:\/\/unrostore.com\/wp-content\/uploads\/2024\/03\/unro-groene-ontbijtset-green-breakfast-set.webp","type":"image\/webp"}],"twitter_card":"summary_large_image","schema":{"@context":"https:\/\/schema.org","@graph":[{"@type":"WebPage","@id":"https:\/\/unrostore.com\/shop\/terrafina\/amazonia-green\/ontbijtset-groen-amazonia-green-4-personen\/","url":"https:\/\/unrostore.com\/shop\/terrafina\/amazonia-green\/ontbijtset-groen-amazonia-green-4-personen\/","name":"Fr\u00fchst\u00fccksset Gr\u00fcn Amazonien Gr\u00fcn - 4 Personen - UNRO","isPartOf":{"@id":"https:\/\/unrostore.com\/#website"},"primaryImageOfPage":{"@id":"https:\/\/unrostore.com\/shop\/terrafina\/amazonia-green\/ontbijtset-groen-amazonia-green-4-personen\/#primaryimage"},"image":{"@id":"https:\/\/unrostore.com\/shop\/terrafina\/amazonia-green\/ontbijtset-groen-amazonia-green-4-personen\/#primaryimage"},"thumbnailUrl":"https:\/\/unrostore.com\/wp-content\/uploads\/2024\/03\/unro-groene-ontbijtset-green-breakfast-set.webp","datePublished":"2024-03-01T10:12:33+00:00","dateModified":"2026-01-19T20:36:33+00:00","description":"Genie\u00dfen Sie jeden Morgen ein stilvolles Fr\u00fchst\u00fcck mit dem sch\u00f6nen Fr\u00fchst\u00fccksset gr\u00fcn aus Portugal. Dieses langlebige dunkelgr\u00fcne Fr\u00fchst\u00fccksset ist wirklich einzigartig!","breadcrumb":{"@id":"https:\/\/unrostore.com\/shop\/terrafina\/amazonia-green\/ontbijtset-groen-amazonia-green-4-personen\/#breadcrumb"},"inLanguage":"de","potentialAction":[{"@type":"ReadAction","target":["https:\/\/unrostore.com\/shop\/terrafina\/amazonia-green\/ontbijtset-groen-amazonia-green-4-personen\/"]}]},{"@type":"ImageObject","inLanguage":"de","@id":"https:\/\/unrostore.com\/shop\/terrafina\/amazonia-green\/ontbijtset-groen-amazonia-green-4-personen\/#primaryimage","url":"https:\/\/unrostore.com\/wp-content\/uploads\/2024\/03\/unro-groene-ontbijtset-green-breakfast-set.webp","contentUrl":"https:\/\/unrostore.com\/wp-content\/uploads\/2024\/03\/unro-groene-ontbijtset-green-breakfast-set.webp","width":1000,"height":1000,"caption":"ontbijtset groen"},{"@type":"BreadcrumbList","@id":"https:\/\/unrostore.com\/shop\/terrafina\/amazonia-green\/ontbijtset-groen-amazonia-green-4-personen\/#breadcrumb","itemListElement":[{"@type":"ListItem","position":1,"name":"Home","item":"https:\/\/unrostore.com\/"},{"@type":"ListItem","position":2,"name":"Shop","item":"https:\/\/unrostore.com\/shop\/"},{"@type":"ListItem","position":3,"name":"Ontbijtset Groen Amazonia Green &#8211; 4 personen"}]},{"@type":"WebSite","@id":"https:\/\/unrostore.com\/#website","url":"https:\/\/unrostore.com\/","name":"UNRO","description":"Portugiesisches Geschirr, das Sie gl\u00fccklich machen wird!","publisher":{"@id":"https:\/\/unrostore.com\/#organization"},"potentialAction":[{"@type":"SearchAction","target":{"@type":"EntryPoint","urlTemplate":"https:\/\/unrostore.com\/?s={search_term_string}"},"query-input":{"@type":"PropertyValueSpecification","valueRequired":true,"valueName":"search_term_string"}}],"inLanguage":"de"},{"@type":"Organization","@id":"https:\/\/unrostore.com\/#organization","name":"UNRO","url":"https:\/\/unrostore.com\/","logo":{"@type":"ImageObject","inLanguage":"de","@id":"https:\/\/unrostore.com\/#\/schema\/logo\/image\/","url":"https:\/\/unrostore.com\/wp-content\/uploads\/2022\/05\/Logo-UNRO.png","contentUrl":"https:\/\/unrostore.com\/wp-content\/uploads\/2022\/05\/Logo-UNRO.png","width":605,"height":179,"caption":"UNRO"},"image":{"@id":"https:\/\/unrostore.com\/#\/schema\/logo\/image\/"}}]}},"_links":{"self":[{"href":"https:\/\/unrostore.com\/de-de\/wp-json\/wp\/v2\/product\/7124","targetHints":{"allow":["GET"]}}],"collection":[{"href":"https:\/\/unrostore.com\/de-de\/wp-json\/wp\/v2\/product"}],"about":[{"href":"https:\/\/unrostore.com\/de-de\/wp-json\/wp\/v2\/types\/product"}],"wp:featuredmedia":[{"embeddable":true,"href":"https:\/\/unrostore.com\/de-de\/wp-json\/wp\/v2\/media\/7125"}],"wp:attachment":[{"href":"https:\/\/unrostore.com\/de-de\/wp-json\/wp\/v2\/media?parent=7124"}],"wp:term":[{"taxonomy":"product_brand","embeddable":true,"href":"https:\/\/unrostore.com\/de-de\/wp-json\/wp\/v2\/product_brand?post=7124"},{"taxonomy":"product_cat","embeddable":true,"href":"https:\/\/unrostore.com\/de-de\/wp-json\/wp\/v2\/product_cat?post=7124"},{"taxonomy":"product_tag","embeddable":true,"href":"https:\/\/unrostore.com\/de-de\/wp-json\/wp\/v2\/product_tag?post=7124"}],"curies":[{"name":"wp","href":"https:\/\/api.w.org\/{rel}","templated":true}]}}