{"id":7111,"date":"2024-02-28T18:50:56","date_gmt":"2024-02-28T18:50:56","guid":{"rendered":"https:\/\/unrostore.com\/?post_type=product&#038;p=7111"},"modified":"2026-01-19T20:36:33","modified_gmt":"2026-01-19T20:36:33","slug":"blaues-fruhstucksset-amazonia-blau-4-personen","status":"publish","type":"product","link":"https:\/\/unrostore.com\/de-de\/shop\/terrafina\/amazonenblau\/blaues-fruhstucksset-amazonia-blau-4-personen\/","title":{"rendered":"Blaues Fr\u00fchst\u00fccksset Amazonia Blue - 4 Personen"},"content":{"rendered":"<h3>Hellblaues Fr\u00fchst\u00fccksset Amazonia Blue - 4 Personen<\/h3>\n<p>Die 8-teilige <strong>Blaues Fr\u00fchst\u00fccksset Amazonia Blue - 4 Personen<\/strong> von <a href=\"https:\/\/www.terrafinastore.com\/en\/collections\/amazonia\">Terrafina<\/a> werden in Portugal von einheimischen Keramikern handgefertigt. <a href=\"https:\/\/unrostore.com\/de-de\/worauf-ist-beim-kauf-von-geschirr-zu-achten-teil-1-qualitat\/\">hochwertige Keramiken<\/a>. <span style=\"font-weight: 400;\">Die tiefblaue Farbe der Kollektion Amazonia Blue erinnert an das Meer. Diese wundersch\u00f6ne blaue Farbe ist perfekt f\u00fcr eine Einrichtung im Boho-Chic- oder Beach-Look. Aber nat\u00fcrlich auch, wenn Sie Farben lieben, ist dieses k\u00f6nigsblaue Geschirrset wie geschaffen f\u00fcr Sie! Die runden, organischen Formen und die blaue, reaktive Glasur verleihen jeder Fr\u00fchst\u00fccksschale und jedem Teller einen eigenen Charakter. Da die blauen Teller und die blauen Schalen von Hand gefertigt werden, ist jedes St\u00fcck ein echtes Unikat. Genie\u00dfen Sie dieses praktische blaue Fr\u00fchst\u00fccksservice nicht nur zum Fr\u00fchst\u00fcck, sondern auch zum Mittagessen, zu Getr\u00e4nken und zum High Tea oder Snackabend! Die harte blaue Farbe ist auch sehr sch\u00f6n, um Ihren Ostertisch mit, f\u00fcgen Sie einige gelbe Akzente wie gelbe Narzissen, Servietten oder ein paar niedliche Ostern Zweige und Sie sind alle f\u00fcr das Osterfr\u00fchst\u00fcck oder die <a href=\"https:\/\/unrostore.com\/de-de\/gedeckter-ostertisch-mit-unro\/\">Osterbrunch<\/a>!<\/span><\/p>\n<p>Au\u00dferdem ist dieses blaue Fr\u00fchst\u00fccksset f\u00fcr 4 Personen auch ein sehr sch\u00f6nes <a href=\"https:\/\/unrostore.com\/de-de\/produktkategorie\/unro-geschenkideen\/\">Geschenk<\/a> sowohl f\u00fcr M\u00e4nner als auch f\u00fcr Frauen zum Geburtstag, zur Einweihung oder zum Schulabschluss! Oder sind Sie vielleicht noch auf der Suche nach einem einzigartigen und originellen Geschenk zum Vatertag? Mit diesen handgefertigten Keramiken aus Portugal hinterlassen Sie garantiert einen bleibenden Eindruck, an dem Sie sich jeden Tag erfreuen k\u00f6nnen!<\/p>\n<p>M\u00f6chten Sie das blaue Fr\u00fchst\u00fccksset erweitern? Dann schauen Sie sich das <a href=\"https:\/\/unrostore.com\/de-de\/shop\/terrafina\/amazonenblau\/blaue-essteller-amazonia-blau-4-stuck\/\">blaue Essteller<\/a>, <a href=\"https:\/\/unrostore.com\/de-de\/shop\/terrafina\/amazonenblau\/nudelteller-blau-amazonia-blau-4er-set\/\">blaue Nudelteller<\/a>, <a href=\"https:\/\/unrostore.com\/de-de\/shop\/terrafina\/amazonenblau\/blauwe-theemokken-amazonia-bue-4-delig\/\">blaue Cappuccinotassen<\/a> und <a href=\"https:\/\/unrostore.com\/de-de\/shop\/terrafina\/amazonenblau\/blaue-espressotassen-amazonia-blau-4-stuck\/\">blaue Espressotassen<\/a>!<\/p>\n<p>&nbsp;<\/p>\n<h3>Dies ist die Nummer, die Sie zugestellt bekommen<\/h3>\n<ul>\n<li>4x Amazonia Blue Schalen \u00f8 15 cm<\/li>\n<li>4x Amazonia Blue Fr\u00fchst\u00fccksteller \u00f8 22,5 cm<\/li>\n<li>3x Terrafina Geschenkbox<\/li>\n<\/ul>\n<p>&nbsp;<\/p>\n<p><em><strong>Nachhaltig f\u00fcr Mensch und Umwelt:<\/strong><br \/>\nJedes Produkt ist ein Unikat, denn es wird in Handarbeit hergestellt.<br \/>\nDruck und Textur k\u00f6nnen daher leicht vom Produktfoto abweichen.<\/em><\/p>","protected":false},"excerpt":{"rendered":"<div style=\"font-family: nunito sans; font-size: 14px; border: 1px solid #dedede; border-radius: 4px; padding: 15px 0 0 14px; margin-top: 20px; margin-bottom: 20px; width: 160px; box-shadow: 1px 1px 7px 0px rgb(0 0 0 \/ 15%), 0px 0px 2px 0px rgb(0 0 0 \/ 5%); color: #00b900;\">\n<p>Mit dem Festpreis sparen Sie so viel wie <strong>\u20ac5,-<\/strong><\/p>\n<\/div>\n<div class=\"usps\"><i class=\"far fa-check-circle\"><\/i> Mikrowellenfest<br \/>\n<i class=\"far fa-check-circle\"><\/i> Backofenfest (bis zu 200 Grad)<br \/>\n<i class=\"far fa-check-circle\"><\/i> Sp\u00fclmaschinenfest<br \/>\n<i class=\"far fa-thumbs-up\"><\/i> Handgefertigt<\/div>","protected":false},"featured_media":7112,"template":"","meta":[],"product_brand":[],"product_cat":[174,122,119],"product_tag":[310,916,175,177,407,131,291,289,906,905,677,125,123,902],"class_list":{"0":"post-7111","1":"product","2":"type-product","3":"status-publish","4":"has-post-thumbnail","6":"product_cat-amazonia-blue","7":"product_cat-serviesset","8":"product_cat-terrafina","9":"product_tag-4-personen","10":"product_tag-8-delig","11":"product_tag-amazonia-blue","12":"product_tag-blauw","13":"product_tag-blauwe-serviesset","14":"product_tag-kommen","15":"product_tag-kommetjes","16":"product_tag-ontbijtborden","17":"product_tag-ontbijtservies","18":"product_tag-ontbijtset","19":"product_tag-schaaltjes","20":"product_tag-serviesset","21":"product_tag-terrafina","22":"product_tag-voor-4-personen","23":"product_shipping_class-pakket","25":"first","26":"instock","27":"sale","28":"taxable","29":"shipping-taxable","30":"purchasable","31":"product-type-simple"},"yoast_head":"<!-- This site is optimized with the Yoast SEO plugin v27.4 - https:\/\/yoast.com\/product\/yoast-seo-wordpress\/ -->\n<title>Blauwe Ontbijtset Amazonia Blue - 4 personen &#8226; UNRO<\/title>\n<meta name=\"description\" content=\"Houd jij van een eclectisch, boho chic of beach look strand interieur? Of houd je gewoon heel erg van kleur? Dan is deze diep blauwe ontbijtset perfect!\" \/>\n<meta name=\"robots\" content=\"index, follow, max-snippet:-1, max-image-preview:large, max-video-preview:-1\" \/>\n<link rel=\"canonical\" href=\"https:\/\/unrostore.com\/de-de\/shop\/terrafina\/amazonenblau\/blaues-fruhstucksset-amazonia-blau-4-personen\/\" \/>\n<meta property=\"og:locale\" content=\"de_DE\" \/>\n<meta property=\"og:type\" content=\"article\" \/>\n<meta property=\"og:title\" content=\"Blauwe Ontbijtset Amazonia Blue - 4 personen &#8226; UNRO\" \/>\n<meta property=\"og:description\" content=\"Houd jij van een eclectisch, boho chic of beach look strand interieur? Of houd je gewoon heel erg van kleur? Dan is deze diep blauwe ontbijtset perfect!\" \/>\n<meta property=\"og:url\" content=\"https:\/\/unrostore.com\/de-de\/shop\/terrafina\/amazonenblau\/blaues-fruhstucksset-amazonia-blau-4-personen\/\" \/>\n<meta property=\"og:site_name\" content=\"UNRO\" \/>\n<meta property=\"article:modified_time\" content=\"2026-01-19T20:36:33+00:00\" \/>\n<meta property=\"og:image\" content=\"https:\/\/unrostore.com\/wp-content\/uploads\/2024\/02\/unro-blauwe-ontbijtset-blauw-ontbijt-servies.webp\" \/>\n\t<meta property=\"og:image:width\" content=\"1000\" \/>\n\t<meta property=\"og:image:height\" content=\"1000\" \/>\n\t<meta property=\"og:image:type\" content=\"image\/webp\" \/>\n<meta name=\"twitter:card\" content=\"summary_large_image\" \/>\n<script type=\"application\/ld+json\" class=\"yoast-schema-graph\">{\"@context\":\"https:\\\/\\\/schema.org\",\"@graph\":[{\"@type\":\"WebPage\",\"@id\":\"https:\\\/\\\/unrostore.com\\\/shop\\\/terrafina\\\/amazonia-blue\\\/blauwe-ontbijtset-amazonia-blue-4-personen\\\/\",\"url\":\"https:\\\/\\\/unrostore.com\\\/shop\\\/terrafina\\\/amazonia-blue\\\/blauwe-ontbijtset-amazonia-blue-4-personen\\\/\",\"name\":\"Blauwe Ontbijtset Amazonia Blue - 4 personen &#8226; UNRO\",\"isPartOf\":{\"@id\":\"https:\\\/\\\/unrostore.com\\\/#website\"},\"primaryImageOfPage\":{\"@id\":\"https:\\\/\\\/unrostore.com\\\/shop\\\/terrafina\\\/amazonia-blue\\\/blauwe-ontbijtset-amazonia-blue-4-personen\\\/#primaryimage\"},\"image\":{\"@id\":\"https:\\\/\\\/unrostore.com\\\/shop\\\/terrafina\\\/amazonia-blue\\\/blauwe-ontbijtset-amazonia-blue-4-personen\\\/#primaryimage\"},\"thumbnailUrl\":\"https:\\\/\\\/unrostore.com\\\/wp-content\\\/uploads\\\/2024\\\/02\\\/unro-blauwe-ontbijtset-blauw-ontbijt-servies.webp\",\"datePublished\":\"2024-02-28T18:50:56+00:00\",\"dateModified\":\"2026-01-19T20:36:33+00:00\",\"description\":\"Houd jij van een eclectisch, boho chic of beach look strand interieur? Of houd je gewoon heel erg van kleur? Dan is deze diep blauwe ontbijtset perfect!\",\"breadcrumb\":{\"@id\":\"https:\\\/\\\/unrostore.com\\\/shop\\\/terrafina\\\/amazonia-blue\\\/blauwe-ontbijtset-amazonia-blue-4-personen\\\/#breadcrumb\"},\"inLanguage\":\"de\",\"potentialAction\":[{\"@type\":\"ReadAction\",\"target\":[\"https:\\\/\\\/unrostore.com\\\/shop\\\/terrafina\\\/amazonia-blue\\\/blauwe-ontbijtset-amazonia-blue-4-personen\\\/\"]}]},{\"@type\":\"ImageObject\",\"inLanguage\":\"de\",\"@id\":\"https:\\\/\\\/unrostore.com\\\/shop\\\/terrafina\\\/amazonia-blue\\\/blauwe-ontbijtset-amazonia-blue-4-personen\\\/#primaryimage\",\"url\":\"https:\\\/\\\/unrostore.com\\\/wp-content\\\/uploads\\\/2024\\\/02\\\/unro-blauwe-ontbijtset-blauw-ontbijt-servies.webp\",\"contentUrl\":\"https:\\\/\\\/unrostore.com\\\/wp-content\\\/uploads\\\/2024\\\/02\\\/unro-blauwe-ontbijtset-blauw-ontbijt-servies.webp\",\"width\":1000,\"height\":1000,\"caption\":\"Blauwe ontbijtset voor 4 personen\"},{\"@type\":\"BreadcrumbList\",\"@id\":\"https:\\\/\\\/unrostore.com\\\/shop\\\/terrafina\\\/amazonia-blue\\\/blauwe-ontbijtset-amazonia-blue-4-personen\\\/#breadcrumb\",\"itemListElement\":[{\"@type\":\"ListItem\",\"position\":1,\"name\":\"Home\",\"item\":\"https:\\\/\\\/unrostore.com\\\/\"},{\"@type\":\"ListItem\",\"position\":2,\"name\":\"Shop\",\"item\":\"https:\\\/\\\/unrostore.com\\\/shop\\\/\"},{\"@type\":\"ListItem\",\"position\":3,\"name\":\"Blauwe Ontbijtset Amazonia Blue &#8211; 4 personen\"}]},{\"@type\":\"WebSite\",\"@id\":\"https:\\\/\\\/unrostore.com\\\/#website\",\"url\":\"https:\\\/\\\/unrostore.com\\\/\",\"name\":\"UNRO\",\"description\":\"Portugees servies waar je blij van wordt!\",\"publisher\":{\"@id\":\"https:\\\/\\\/unrostore.com\\\/#organization\"},\"potentialAction\":[{\"@type\":\"SearchAction\",\"target\":{\"@type\":\"EntryPoint\",\"urlTemplate\":\"https:\\\/\\\/unrostore.com\\\/?s={search_term_string}\"},\"query-input\":{\"@type\":\"PropertyValueSpecification\",\"valueRequired\":true,\"valueName\":\"search_term_string\"}}],\"inLanguage\":\"de\"},{\"@type\":\"Organization\",\"@id\":\"https:\\\/\\\/unrostore.com\\\/#organization\",\"name\":\"UNRO\",\"url\":\"https:\\\/\\\/unrostore.com\\\/\",\"logo\":{\"@type\":\"ImageObject\",\"inLanguage\":\"de\",\"@id\":\"https:\\\/\\\/unrostore.com\\\/#\\\/schema\\\/logo\\\/image\\\/\",\"url\":\"https:\\\/\\\/unrostore.com\\\/wp-content\\\/uploads\\\/2022\\\/05\\\/Logo-UNRO.png\",\"contentUrl\":\"https:\\\/\\\/unrostore.com\\\/wp-content\\\/uploads\\\/2022\\\/05\\\/Logo-UNRO.png\",\"width\":605,\"height\":179,\"caption\":\"UNRO\"},\"image\":{\"@id\":\"https:\\\/\\\/unrostore.com\\\/#\\\/schema\\\/logo\\\/image\\\/\"}}]}<\/script>\n<!-- \/ Yoast SEO plugin. -->","yoast_head_json":{"title":"Blaues Fr\u00fchst\u00fccksset Amazonia Blue - 4 Personen - UNRO","description":"M\u00f6gen Sie eklektische, Boho-Chic- oder Beach-Look-Strand-Interieurs? Oder m\u00f6gen Sie einfach nur Farbe? Dann ist dieses tiefblaue Fr\u00fchst\u00fccksset perfekt!","robots":{"index":"index","follow":"follow","max-snippet":"max-snippet:-1","max-image-preview":"max-image-preview:large","max-video-preview":"max-video-preview:-1"},"canonical":"https:\/\/unrostore.com\/de-de\/shop\/terrafina\/amazonenblau\/blaues-fruhstucksset-amazonia-blau-4-personen\/","og_locale":"de_DE","og_type":"article","og_title":"Blauwe Ontbijtset Amazonia Blue - 4 personen &#8226; UNRO","og_description":"Houd jij van een eclectisch, boho chic of beach look strand interieur? Of houd je gewoon heel erg van kleur? Dan is deze diep blauwe ontbijtset perfect!","og_url":"https:\/\/unrostore.com\/de-de\/shop\/terrafina\/amazonenblau\/blaues-fruhstucksset-amazonia-blau-4-personen\/","og_site_name":"UNRO","article_modified_time":"2026-01-19T20:36:33+00:00","og_image":[{"width":1000,"height":1000,"url":"https:\/\/unrostore.com\/wp-content\/uploads\/2024\/02\/unro-blauwe-ontbijtset-blauw-ontbijt-servies.webp","type":"image\/webp"}],"twitter_card":"summary_large_image","schema":{"@context":"https:\/\/schema.org","@graph":[{"@type":"WebPage","@id":"https:\/\/unrostore.com\/shop\/terrafina\/amazonia-blue\/blauwe-ontbijtset-amazonia-blue-4-personen\/","url":"https:\/\/unrostore.com\/shop\/terrafina\/amazonia-blue\/blauwe-ontbijtset-amazonia-blue-4-personen\/","name":"Blaues Fr\u00fchst\u00fccksset Amazonia Blue - 4 Personen - UNRO","isPartOf":{"@id":"https:\/\/unrostore.com\/#website"},"primaryImageOfPage":{"@id":"https:\/\/unrostore.com\/shop\/terrafina\/amazonia-blue\/blauwe-ontbijtset-amazonia-blue-4-personen\/#primaryimage"},"image":{"@id":"https:\/\/unrostore.com\/shop\/terrafina\/amazonia-blue\/blauwe-ontbijtset-amazonia-blue-4-personen\/#primaryimage"},"thumbnailUrl":"https:\/\/unrostore.com\/wp-content\/uploads\/2024\/02\/unro-blauwe-ontbijtset-blauw-ontbijt-servies.webp","datePublished":"2024-02-28T18:50:56+00:00","dateModified":"2026-01-19T20:36:33+00:00","description":"M\u00f6gen Sie eklektische, Boho-Chic- oder Beach-Look-Strand-Interieurs? Oder m\u00f6gen Sie einfach nur Farbe? Dann ist dieses tiefblaue Fr\u00fchst\u00fccksset perfekt!","breadcrumb":{"@id":"https:\/\/unrostore.com\/shop\/terrafina\/amazonia-blue\/blauwe-ontbijtset-amazonia-blue-4-personen\/#breadcrumb"},"inLanguage":"de","potentialAction":[{"@type":"ReadAction","target":["https:\/\/unrostore.com\/shop\/terrafina\/amazonia-blue\/blauwe-ontbijtset-amazonia-blue-4-personen\/"]}]},{"@type":"ImageObject","inLanguage":"de","@id":"https:\/\/unrostore.com\/shop\/terrafina\/amazonia-blue\/blauwe-ontbijtset-amazonia-blue-4-personen\/#primaryimage","url":"https:\/\/unrostore.com\/wp-content\/uploads\/2024\/02\/unro-blauwe-ontbijtset-blauw-ontbijt-servies.webp","contentUrl":"https:\/\/unrostore.com\/wp-content\/uploads\/2024\/02\/unro-blauwe-ontbijtset-blauw-ontbijt-servies.webp","width":1000,"height":1000,"caption":"Blauwe ontbijtset voor 4 personen"},{"@type":"BreadcrumbList","@id":"https:\/\/unrostore.com\/shop\/terrafina\/amazonia-blue\/blauwe-ontbijtset-amazonia-blue-4-personen\/#breadcrumb","itemListElement":[{"@type":"ListItem","position":1,"name":"Home","item":"https:\/\/unrostore.com\/"},{"@type":"ListItem","position":2,"name":"Shop","item":"https:\/\/unrostore.com\/shop\/"},{"@type":"ListItem","position":3,"name":"Blauwe Ontbijtset Amazonia Blue &#8211; 4 personen"}]},{"@type":"WebSite","@id":"https:\/\/unrostore.com\/#website","url":"https:\/\/unrostore.com\/","name":"UNRO","description":"Portugiesisches Geschirr, das Sie gl\u00fccklich machen wird!","publisher":{"@id":"https:\/\/unrostore.com\/#organization"},"potentialAction":[{"@type":"SearchAction","target":{"@type":"EntryPoint","urlTemplate":"https:\/\/unrostore.com\/?s={search_term_string}"},"query-input":{"@type":"PropertyValueSpecification","valueRequired":true,"valueName":"search_term_string"}}],"inLanguage":"de"},{"@type":"Organization","@id":"https:\/\/unrostore.com\/#organization","name":"UNRO","url":"https:\/\/unrostore.com\/","logo":{"@type":"ImageObject","inLanguage":"de","@id":"https:\/\/unrostore.com\/#\/schema\/logo\/image\/","url":"https:\/\/unrostore.com\/wp-content\/uploads\/2022\/05\/Logo-UNRO.png","contentUrl":"https:\/\/unrostore.com\/wp-content\/uploads\/2022\/05\/Logo-UNRO.png","width":605,"height":179,"caption":"UNRO"},"image":{"@id":"https:\/\/unrostore.com\/#\/schema\/logo\/image\/"}}]}},"_links":{"self":[{"href":"https:\/\/unrostore.com\/de-de\/wp-json\/wp\/v2\/product\/7111","targetHints":{"allow":["GET"]}}],"collection":[{"href":"https:\/\/unrostore.com\/de-de\/wp-json\/wp\/v2\/product"}],"about":[{"href":"https:\/\/unrostore.com\/de-de\/wp-json\/wp\/v2\/types\/product"}],"wp:featuredmedia":[{"embeddable":true,"href":"https:\/\/unrostore.com\/de-de\/wp-json\/wp\/v2\/media\/7112"}],"wp:attachment":[{"href":"https:\/\/unrostore.com\/de-de\/wp-json\/wp\/v2\/media?parent=7111"}],"wp:term":[{"taxonomy":"product_brand","embeddable":true,"href":"https:\/\/unrostore.com\/de-de\/wp-json\/wp\/v2\/product_brand?post=7111"},{"taxonomy":"product_cat","embeddable":true,"href":"https:\/\/unrostore.com\/de-de\/wp-json\/wp\/v2\/product_cat?post=7111"},{"taxonomy":"product_tag","embeddable":true,"href":"https:\/\/unrostore.com\/de-de\/wp-json\/wp\/v2\/product_tag?post=7111"}],"curies":[{"name":"wp","href":"https:\/\/api.w.org\/{rel}","templated":true}]}}