{"id":6995,"date":"2024-02-08T18:46:50","date_gmt":"2024-02-08T18:46:50","guid":{"rendered":"https:\/\/unrostore.com\/?post_type=product&#038;p=6995"},"modified":"2026-01-19T20:36:34","modified_gmt":"2026-01-19T20:36:34","slug":"weise-schalen-segel-4-stuck","status":"publish","type":"product","link":"https:\/\/unrostore.com\/de-de\/shop\/terrafina\/segel\/weise-schalen-segel-4-stuck\/","title":{"rendered":"Wei\u00dfe Schalen Sail - 4-teilig"},"content":{"rendered":"<h3>Uniek en beeldschoon: de witte kommen Sail \u2013 4-delig<\/h3>\n<p>Der Satz von 4 <strong>wei\u00dfe Schalen Segel<\/strong> Von der jungen portugiesischen Marke <a href=\"https:\/\/www.terrafinastore.com\/en\/collections\/sail\">Terrafina<\/a> stehlen die Show auf dem Tisch. Diese h\u00fcbschen Schalen sind ein echter Hingucker! Eine Schale Suppe, M\u00fcsli oder Joghurt war noch nie so sch\u00f6n wie aus diesen tiefen Schalen. Kombinieren Sie dieses blau-wei\u00dfe Schalen-Set mit dem Sail <a href=\"https:\/\/unrostore.com\/de-de\/shop\/terrafina\/segel\/witte-mokken-sail-4-delig\/\">gro\u00dfe Becher<\/a>, <a href=\"https:\/\/unrostore.com\/de-de\/shop\/terrafina\/segel\/gebaksbordjes-wit-sail-4-delig\/\">Fr\u00fchst\u00fccksteller<\/a>, <a href=\"https:\/\/unrostore.com\/de-de\/shop\/terrafina\/segel\/pasta-borden-wit-sail-set-van-4\/\">Nudelplatten<\/a> und <a href=\"https:\/\/unrostore.com\/de-de\/shop\/terrafina\/segel\/essteller-weises-segel-4-stuck\/\">Essteller<\/a>. Oder sparen Sie Geld mit dem Festpreis des Segels <a href=\"https:\/\/unrostore.com\/de-de\/shop\/terrafina\/segel\/weises-geschirr-16-stuck-mit-pastatellern-und-schusseln-segel\/\">16-teiliges Geschirrset mit Sch\u00fcsseln und Pastatellern<\/a>.<\/p>\n<h3>Dies ist die Anzahl der Schalen, die Sie geliefert bekommen<\/h3>\n<ul>\n<li><strong>4x <\/strong>Sail Schale \u00f8 15 cm<\/li>\n<li><strong>2x<\/strong> Terrafina-Geschenkverpackungen<\/li>\n<\/ul>\n<p><em><strong><br \/>\nDuurzaam voor mens & milieu:<\/strong><br \/>\n<\/em><em>Jedes Produkt ist ein Unikat, denn es wird in Handarbeit hergestellt.<br \/>\nDruck und Textur k\u00f6nnen daher leicht vom Produktfoto abweichen.<\/em><\/p>","protected":false},"excerpt":{"rendered":"<div class=\"usps\"><i class=\"far fa-check-circle\"><\/i> Mikrowellenfest<br \/>\n<i class=\"far fa-check-circle\"><\/i> Backofenfest (bis zu 200 Grad)<br \/>\n<i class=\"far fa-check-circle\"><\/i> Sp\u00fclmaschinenfest<br \/>\n<i class=\"far fa-thumbs-up\"><\/i> Handgefertigt<\/div>","protected":false},"featured_media":6996,"template":"","meta":[],"product_brand":[],"product_cat":[135,119,139],"product_tag":[177,137,131,291,242,124,707,771,123,224,783,705,708,706],"class_list":{"0":"post-6995","1":"product","2":"type-product","3":"status-publish","4":"has-post-thumbnail","6":"product_cat-kommen","7":"product_cat-terrafina","8":"product_cat-sail","9":"product_tag-blauw","10":"product_tag-kom","11":"product_tag-kommen","12":"product_tag-kommetjes","13":"product_tag-ontbijt","14":"product_tag-sail","15":"product_tag-schaaltjes-wit","16":"product_tag-set-van-4","17":"product_tag-terrafina","18":"product_tag-wit","19":"product_tag-wit-met-blauw","20":"product_tag-wit-schaaltje","21":"product_tag-witte-kommen","22":"product_tag-witte-schaaltjes","24":"first","25":"instock","26":"sale","27":"taxable","28":"shipping-taxable","29":"purchasable","30":"product-type-simple"},"yoast_head":"<!-- This site is optimized with the Yoast SEO plugin v27.5 - https:\/\/yoast.com\/product\/yoast-seo-wordpress\/ -->\n<title>Witte Kommen Sail - 4-delig &#8226; UNRO<\/title>\n<meta name=\"description\" content=\"Deze witte kommen zijn alles behalve saai. Laat je elke dag verrassen door de mooie en unieke wit met blauwe binnenkant van deze Portugese kommen!\" \/>\n<meta name=\"robots\" content=\"index, follow, max-snippet:-1, max-image-preview:large, max-video-preview:-1\" \/>\n<link rel=\"canonical\" href=\"https:\/\/unrostore.com\/de-de\/shop\/terrafina\/segel\/weise-schalen-segel-4-stuck\/\" \/>\n<meta property=\"og:locale\" content=\"de_DE\" \/>\n<meta property=\"og:type\" content=\"article\" \/>\n<meta property=\"og:title\" content=\"Witte Kommen Sail - 4-delig &#8226; UNRO\" \/>\n<meta property=\"og:description\" content=\"Deze witte kommen zijn alles behalve saai. Laat je elke dag verrassen door de mooie en unieke wit met blauwe binnenkant van deze Portugese kommen!\" \/>\n<meta property=\"og:url\" content=\"https:\/\/unrostore.com\/de-de\/shop\/terrafina\/segel\/weise-schalen-segel-4-stuck\/\" \/>\n<meta property=\"og:site_name\" content=\"UNRO\" \/>\n<meta property=\"article:modified_time\" content=\"2026-01-19T20:36:34+00:00\" \/>\n<meta property=\"og:image\" content=\"https:\/\/unrostore.com\/wp-content\/uploads\/2024\/02\/unro-witte-kommen-handgemaakt-keramiek.webp\" \/>\n\t<meta property=\"og:image:width\" content=\"1000\" \/>\n\t<meta property=\"og:image:height\" content=\"1000\" \/>\n\t<meta property=\"og:image:type\" content=\"image\/webp\" \/>\n<meta name=\"twitter:card\" content=\"summary_large_image\" \/>\n<script type=\"application\/ld+json\" class=\"yoast-schema-graph\">{\"@context\":\"https:\\\/\\\/schema.org\",\"@graph\":[{\"@type\":\"WebPage\",\"@id\":\"https:\\\/\\\/unrostore.com\\\/shop\\\/terrafina\\\/sail\\\/witte-kommen-sail-4-delig\\\/\",\"url\":\"https:\\\/\\\/unrostore.com\\\/shop\\\/terrafina\\\/sail\\\/witte-kommen-sail-4-delig\\\/\",\"name\":\"Witte Kommen Sail - 4-delig &#8226; UNRO\",\"isPartOf\":{\"@id\":\"https:\\\/\\\/unrostore.com\\\/#website\"},\"primaryImageOfPage\":{\"@id\":\"https:\\\/\\\/unrostore.com\\\/shop\\\/terrafina\\\/sail\\\/witte-kommen-sail-4-delig\\\/#primaryimage\"},\"image\":{\"@id\":\"https:\\\/\\\/unrostore.com\\\/shop\\\/terrafina\\\/sail\\\/witte-kommen-sail-4-delig\\\/#primaryimage\"},\"thumbnailUrl\":\"https:\\\/\\\/unrostore.com\\\/wp-content\\\/uploads\\\/2024\\\/02\\\/unro-witte-kommen-handgemaakt-keramiek.webp\",\"datePublished\":\"2024-02-08T18:46:50+00:00\",\"dateModified\":\"2026-01-19T20:36:34+00:00\",\"description\":\"Deze witte kommen zijn alles behalve saai. Laat je elke dag verrassen door de mooie en unieke wit met blauwe binnenkant van deze Portugese kommen!\",\"breadcrumb\":{\"@id\":\"https:\\\/\\\/unrostore.com\\\/shop\\\/terrafina\\\/sail\\\/witte-kommen-sail-4-delig\\\/#breadcrumb\"},\"inLanguage\":\"de\",\"potentialAction\":[{\"@type\":\"ReadAction\",\"target\":[\"https:\\\/\\\/unrostore.com\\\/shop\\\/terrafina\\\/sail\\\/witte-kommen-sail-4-delig\\\/\"]}]},{\"@type\":\"ImageObject\",\"inLanguage\":\"de\",\"@id\":\"https:\\\/\\\/unrostore.com\\\/shop\\\/terrafina\\\/sail\\\/witte-kommen-sail-4-delig\\\/#primaryimage\",\"url\":\"https:\\\/\\\/unrostore.com\\\/wp-content\\\/uploads\\\/2024\\\/02\\\/unro-witte-kommen-handgemaakt-keramiek.webp\",\"contentUrl\":\"https:\\\/\\\/unrostore.com\\\/wp-content\\\/uploads\\\/2024\\\/02\\\/unro-witte-kommen-handgemaakt-keramiek.webp\",\"width\":1000,\"height\":1000,\"caption\":\"witte kommen handgemaakt\"},{\"@type\":\"BreadcrumbList\",\"@id\":\"https:\\\/\\\/unrostore.com\\\/shop\\\/terrafina\\\/sail\\\/witte-kommen-sail-4-delig\\\/#breadcrumb\",\"itemListElement\":[{\"@type\":\"ListItem\",\"position\":1,\"name\":\"Home\",\"item\":\"https:\\\/\\\/unrostore.com\\\/\"},{\"@type\":\"ListItem\",\"position\":2,\"name\":\"Shop\",\"item\":\"https:\\\/\\\/unrostore.com\\\/shop\\\/\"},{\"@type\":\"ListItem\",\"position\":3,\"name\":\"Witte Kommen Sail &#8211; 4-delig\"}]},{\"@type\":\"WebSite\",\"@id\":\"https:\\\/\\\/unrostore.com\\\/#website\",\"url\":\"https:\\\/\\\/unrostore.com\\\/\",\"name\":\"UNRO\",\"description\":\"Portugees servies waar je blij van wordt!\",\"publisher\":{\"@id\":\"https:\\\/\\\/unrostore.com\\\/#organization\"},\"potentialAction\":[{\"@type\":\"SearchAction\",\"target\":{\"@type\":\"EntryPoint\",\"urlTemplate\":\"https:\\\/\\\/unrostore.com\\\/?s={search_term_string}\"},\"query-input\":{\"@type\":\"PropertyValueSpecification\",\"valueRequired\":true,\"valueName\":\"search_term_string\"}}],\"inLanguage\":\"de\"},{\"@type\":\"Organization\",\"@id\":\"https:\\\/\\\/unrostore.com\\\/#organization\",\"name\":\"UNRO\",\"url\":\"https:\\\/\\\/unrostore.com\\\/\",\"logo\":{\"@type\":\"ImageObject\",\"inLanguage\":\"de\",\"@id\":\"https:\\\/\\\/unrostore.com\\\/#\\\/schema\\\/logo\\\/image\\\/\",\"url\":\"https:\\\/\\\/unrostore.com\\\/wp-content\\\/uploads\\\/2022\\\/05\\\/Logo-UNRO.png\",\"contentUrl\":\"https:\\\/\\\/unrostore.com\\\/wp-content\\\/uploads\\\/2022\\\/05\\\/Logo-UNRO.png\",\"width\":605,\"height\":179,\"caption\":\"UNRO\"},\"image\":{\"@id\":\"https:\\\/\\\/unrostore.com\\\/#\\\/schema\\\/logo\\\/image\\\/\"}}]}<\/script>\n<!-- \/ Yoast SEO plugin. -->","yoast_head_json":{"title":"Wei\u00dfe Schalen Segel - 4-teilig - UNRO","description":"Diese wei\u00dfen Schalen sind alles andere als langweilig. Lassen Sie sich jeden Tag von dem sch\u00f6nen und einzigartigen wei\u00df-blauen Interieur dieser portugiesischen Schalen \u00fcberraschen!","robots":{"index":"index","follow":"follow","max-snippet":"max-snippet:-1","max-image-preview":"max-image-preview:large","max-video-preview":"max-video-preview:-1"},"canonical":"https:\/\/unrostore.com\/de-de\/shop\/terrafina\/segel\/weise-schalen-segel-4-stuck\/","og_locale":"de_DE","og_type":"article","og_title":"Witte Kommen Sail - 4-delig &#8226; UNRO","og_description":"Deze witte kommen zijn alles behalve saai. Laat je elke dag verrassen door de mooie en unieke wit met blauwe binnenkant van deze Portugese kommen!","og_url":"https:\/\/unrostore.com\/de-de\/shop\/terrafina\/segel\/weise-schalen-segel-4-stuck\/","og_site_name":"UNRO","article_modified_time":"2026-01-19T20:36:34+00:00","og_image":[{"width":1000,"height":1000,"url":"https:\/\/unrostore.com\/wp-content\/uploads\/2024\/02\/unro-witte-kommen-handgemaakt-keramiek.webp","type":"image\/webp"}],"twitter_card":"summary_large_image","schema":{"@context":"https:\/\/schema.org","@graph":[{"@type":"WebPage","@id":"https:\/\/unrostore.com\/shop\/terrafina\/sail\/witte-kommen-sail-4-delig\/","url":"https:\/\/unrostore.com\/shop\/terrafina\/sail\/witte-kommen-sail-4-delig\/","name":"Wei\u00dfe Schalen Segel - 4-teilig - UNRO","isPartOf":{"@id":"https:\/\/unrostore.com\/#website"},"primaryImageOfPage":{"@id":"https:\/\/unrostore.com\/shop\/terrafina\/sail\/witte-kommen-sail-4-delig\/#primaryimage"},"image":{"@id":"https:\/\/unrostore.com\/shop\/terrafina\/sail\/witte-kommen-sail-4-delig\/#primaryimage"},"thumbnailUrl":"https:\/\/unrostore.com\/wp-content\/uploads\/2024\/02\/unro-witte-kommen-handgemaakt-keramiek.webp","datePublished":"2024-02-08T18:46:50+00:00","dateModified":"2026-01-19T20:36:34+00:00","description":"Diese wei\u00dfen Schalen sind alles andere als langweilig. Lassen Sie sich jeden Tag von dem sch\u00f6nen und einzigartigen wei\u00df-blauen Interieur dieser portugiesischen Schalen \u00fcberraschen!","breadcrumb":{"@id":"https:\/\/unrostore.com\/shop\/terrafina\/sail\/witte-kommen-sail-4-delig\/#breadcrumb"},"inLanguage":"de","potentialAction":[{"@type":"ReadAction","target":["https:\/\/unrostore.com\/shop\/terrafina\/sail\/witte-kommen-sail-4-delig\/"]}]},{"@type":"ImageObject","inLanguage":"de","@id":"https:\/\/unrostore.com\/shop\/terrafina\/sail\/witte-kommen-sail-4-delig\/#primaryimage","url":"https:\/\/unrostore.com\/wp-content\/uploads\/2024\/02\/unro-witte-kommen-handgemaakt-keramiek.webp","contentUrl":"https:\/\/unrostore.com\/wp-content\/uploads\/2024\/02\/unro-witte-kommen-handgemaakt-keramiek.webp","width":1000,"height":1000,"caption":"witte kommen handgemaakt"},{"@type":"BreadcrumbList","@id":"https:\/\/unrostore.com\/shop\/terrafina\/sail\/witte-kommen-sail-4-delig\/#breadcrumb","itemListElement":[{"@type":"ListItem","position":1,"name":"Home","item":"https:\/\/unrostore.com\/"},{"@type":"ListItem","position":2,"name":"Shop","item":"https:\/\/unrostore.com\/shop\/"},{"@type":"ListItem","position":3,"name":"Witte Kommen Sail &#8211; 4-delig"}]},{"@type":"WebSite","@id":"https:\/\/unrostore.com\/#website","url":"https:\/\/unrostore.com\/","name":"UNRO","description":"Portugiesisches Geschirr, das Sie gl\u00fccklich machen wird!","publisher":{"@id":"https:\/\/unrostore.com\/#organization"},"potentialAction":[{"@type":"SearchAction","target":{"@type":"EntryPoint","urlTemplate":"https:\/\/unrostore.com\/?s={search_term_string}"},"query-input":{"@type":"PropertyValueSpecification","valueRequired":true,"valueName":"search_term_string"}}],"inLanguage":"de"},{"@type":"Organization","@id":"https:\/\/unrostore.com\/#organization","name":"UNRO","url":"https:\/\/unrostore.com\/","logo":{"@type":"ImageObject","inLanguage":"de","@id":"https:\/\/unrostore.com\/#\/schema\/logo\/image\/","url":"https:\/\/unrostore.com\/wp-content\/uploads\/2022\/05\/Logo-UNRO.png","contentUrl":"https:\/\/unrostore.com\/wp-content\/uploads\/2022\/05\/Logo-UNRO.png","width":605,"height":179,"caption":"UNRO"},"image":{"@id":"https:\/\/unrostore.com\/#\/schema\/logo\/image\/"}}]}},"_links":{"self":[{"href":"https:\/\/unrostore.com\/de-de\/wp-json\/wp\/v2\/product\/6995","targetHints":{"allow":["GET"]}}],"collection":[{"href":"https:\/\/unrostore.com\/de-de\/wp-json\/wp\/v2\/product"}],"about":[{"href":"https:\/\/unrostore.com\/de-de\/wp-json\/wp\/v2\/types\/product"}],"wp:featuredmedia":[{"embeddable":true,"href":"https:\/\/unrostore.com\/de-de\/wp-json\/wp\/v2\/media\/6996"}],"wp:attachment":[{"href":"https:\/\/unrostore.com\/de-de\/wp-json\/wp\/v2\/media?parent=6995"}],"wp:term":[{"taxonomy":"product_brand","embeddable":true,"href":"https:\/\/unrostore.com\/de-de\/wp-json\/wp\/v2\/product_brand?post=6995"},{"taxonomy":"product_cat","embeddable":true,"href":"https:\/\/unrostore.com\/de-de\/wp-json\/wp\/v2\/product_cat?post=6995"},{"taxonomy":"product_tag","embeddable":true,"href":"https:\/\/unrostore.com\/de-de\/wp-json\/wp\/v2\/product_tag?post=6995"}],"curies":[{"name":"wp","href":"https:\/\/api.w.org\/{rel}","templated":true}]}}