{"id":6868,"date":"2024-01-25T20:15:38","date_gmt":"2024-01-25T20:15:38","guid":{"rendered":"https:\/\/unrostore.com\/?post_type=product&#038;p=6868"},"modified":"2026-01-19T20:36:35","modified_gmt":"2026-01-19T20:36:35","slug":"farbige-tabletts-setzen-korallen","status":"publish","type":"product","link":"https:\/\/unrostore.com\/de-de\/shop\/terrafina\/korallen\/farbige-tabletts-setzen-korallen\/","title":{"rendered":"Buntes Schalen-Set - Corals"},"content":{"rendered":"<h3>Das perfekte fr\u00f6hliche, verspielte und farbenfrohe Schalenset f\u00fcr Ihren Esstisch!<\/h3>\n<p>Diese verschiedenen <strong>farbige Schalen<\/strong> Set der portugiesischen Marke <a href=\"https:\/\/www.terrafinastore.com\/en\/collections\/sail\">Terrafina<\/a> sind ideal f\u00fcr Ihre K\u00fcche, den Tisch oder die K\u00fccheninsel. Das verspielte Design aus blauen und gelben Farben auf braunem Hintergrund verleiht Ihrer Einrichtung einen frischen und modernen Look. Servieren Sie Ihren Caprese-Salat auf einer ovalen Servierschale und bereiten Sie einen frischen Salat in der gro\u00dfen runden Servierschale zu. Aber auch als Vorspeisenschalen, Tapasschalen und Schalen f\u00fcr Ihr Brot (mit Aufstrichen) sind diese Schalen sehr praktisch. Genie\u00dfen Sie ein gem\u00fctliches Tischerlebnis und teilen Sie Ihre Gerichte auf diesen handgefertigten Keramikschalen in fr\u00f6hlichen Farben. Oder verschenken Sie diese verspielten Keramikschalen!<span style=\"font-weight: 400;\"> Sie w\u00fcnschen sich einen sch\u00f6n gedeckten Tisch mit einem kompletten Geschirrset? Dann bestellen Sie auch das <a href=\"https:\/\/unrostore.com\/de-de\/shop\/terrafina\/korallen\/geschirrset-farbig-16-teilig-mit-pastatellern-und-schusseln\/\">Corals Geschirrset 16-teilig<\/a> ob die <a href=\"https:\/\/unrostore.com\/de-de\/shop\/terrafina\/korallen\/buntes-geschirrset-korallen-mit-schalen-4-personen\/\">Corals Geschirrset mit Schalen 12-teilig<\/a> ob die <a href=\"https:\/\/unrostore.com\/de-de\/shop\/terrafina\/korallen\/buntes-geschirr-nudelteller-set-korallen\/\">Corals Geschirrset mit Pastatellern 12-teilig<\/a> und die <a href=\"https:\/\/unrostore.com\/de-de\/shop\/terrafina\/korallen\/grote-mokken-gekleurd-corals-4-delig\/\">Corals Cappuccinotassen<\/a>!<\/span><\/p>\n<p>\u00a0<\/p>\n<h3>Dies ist die Anzahl der Servierschalen, die Ihnen zur Verf\u00fcgung gestellt werden<\/h3>\n<ul>\n<li>1x Obstschale (rund \u00f8 26 cm)<\/li>\n<li>1x Gro\u00dfe Servierplatte (42 cm lang)<\/li>\n<li>1x Servierplatte Medium (34 cm lang)<\/li>\n<li>2x Terrafina Geschenkbox<\/li>\n<\/ul>\n<p>\u00a0<\/p>\n<p><em><strong>Duurzaam voor mens & milieu:<\/strong><br \/>\nJedes Produkt ist ein Unikat, denn es wird in Handarbeit hergestellt.<br \/>\nDruck und Textur k\u00f6nnen daher leicht vom Produktfoto abweichen.<\/em><\/p>","protected":false},"excerpt":{"rendered":"<div style=\"font-family: nunito sans; font-size: 14px; border: 1px solid #dedede; border-radius: 4px; padding: 15px 0 0 14px; margin-top: 20px; margin-bottom: 20px; width: 160px; box-shadow: 1px 1px 7px 0px rgb(0 0 0 \/ 15%), 0px 0px 2px 0px rgb(0 0 0 \/ 5%); color: #00b900;\">\n<p>Mit dem Festpreis sparen Sie <strong>\u20ac4,-<\/strong><\/p>\n<\/div>\n<div class=\"usps\"><i class=\"far fa-check-circle\"><\/i> Mikrowellenfest<br \/>\n<i class=\"far fa-check-circle\"><\/i> Backofenfest (bis zu 200 Grad)<br \/>\n<i class=\"far fa-check-circle\"><\/i> Sp\u00fclmaschinenfest<br \/>\n<i class=\"far fa-thumbs-up\"><\/i> Handgefertigt<\/div>","protected":false},"featured_media":6869,"template":"","meta":[],"product_brand":[],"product_cat":[657,127,138,119],"product_tag":[128,253,889,884,601,650,260,866,191,252,334,148,149,303,890,123],"class_list":{"0":"post-6868","1":"product","2":"type-product","3":"status-publish","4":"has-post-thumbnail","6":"product_cat-fruitschalen-en-saladeschalen","7":"product_cat-corals","8":"product_cat-serveerschalen","9":"product_cat-terrafina","10":"product_tag-corals","11":"product_tag-fruitschaal","12":"product_tag-gekleurd","13":"product_tag-gekleurde","14":"product_tag-hapjesschaal","15":"product_tag-kleurrijke","16":"product_tag-ovaal","17":"product_tag-ronde","18":"product_tag-sail-serveerschaal","19":"product_tag-schaal","20":"product_tag-schalen","21":"product_tag-serveerschaal","22":"product_tag-serveerschalen","23":"product_tag-serveren","24":"product_tag-tapas-schaal","25":"product_tag-terrafina","26":"product_shipping_class-pakket","28":"first","29":"outofstock","30":"sale","31":"taxable","32":"shipping-taxable","33":"purchasable","34":"product-type-simple"},"yoast_head":"<!-- This site is optimized with the Yoast SEO plugin v27.5 - https:\/\/yoast.com\/product\/yoast-seo-wordpress\/ -->\n<title>Gekleurde Schalen Set - Corals &#8226; Terrafina &#8226; UNRO<\/title>\n<meta name=\"description\" content=\"Deze handgemaakte gekleurde schalen set geeft jouw eettafel een vrolijke en speelse uitstraling want dineren doe je natuurlijk in stijl!\" \/>\n<meta name=\"robots\" content=\"index, follow, max-snippet:-1, max-image-preview:large, max-video-preview:-1\" \/>\n<link rel=\"canonical\" href=\"https:\/\/unrostore.com\/de-de\/shop\/terrafina\/korallen\/farbige-tabletts-setzen-korallen\/\" \/>\n<meta property=\"og:locale\" content=\"de_DE\" \/>\n<meta property=\"og:type\" content=\"article\" \/>\n<meta property=\"og:title\" content=\"Gekleurde Schalen Set - Corals &#8226; Terrafina &#8226; UNRO\" \/>\n<meta property=\"og:description\" content=\"Deze handgemaakte gekleurde schalen set geeft jouw eettafel een vrolijke en speelse uitstraling want dineren doe je natuurlijk in stijl!\" \/>\n<meta property=\"og:url\" content=\"https:\/\/unrostore.com\/de-de\/shop\/terrafina\/korallen\/farbige-tabletts-setzen-korallen\/\" \/>\n<meta property=\"og:site_name\" content=\"UNRO\" \/>\n<meta property=\"article:modified_time\" content=\"2026-01-19T20:36:35+00:00\" \/>\n<meta property=\"og:image\" content=\"https:\/\/unrostore.com\/wp-content\/uploads\/2024\/01\/unro-colourful-ceramic-serving-plates-and-bowls-large.webp\" \/>\n\t<meta property=\"og:image:width\" content=\"1000\" \/>\n\t<meta property=\"og:image:height\" content=\"1000\" \/>\n\t<meta property=\"og:image:type\" content=\"image\/webp\" \/>\n<meta name=\"twitter:card\" content=\"summary_large_image\" \/>\n<script type=\"application\/ld+json\" class=\"yoast-schema-graph\">{\"@context\":\"https:\\\/\\\/schema.org\",\"@graph\":[{\"@type\":\"WebPage\",\"@id\":\"https:\\\/\\\/unrostore.com\\\/shop\\\/terrafina\\\/corals\\\/gekleurde-schalen-set-corals\\\/\",\"url\":\"https:\\\/\\\/unrostore.com\\\/shop\\\/terrafina\\\/corals\\\/gekleurde-schalen-set-corals\\\/\",\"name\":\"Gekleurde Schalen Set - Corals &#8226; Terrafina &#8226; UNRO\",\"isPartOf\":{\"@id\":\"https:\\\/\\\/unrostore.com\\\/#website\"},\"primaryImageOfPage\":{\"@id\":\"https:\\\/\\\/unrostore.com\\\/shop\\\/terrafina\\\/corals\\\/gekleurde-schalen-set-corals\\\/#primaryimage\"},\"image\":{\"@id\":\"https:\\\/\\\/unrostore.com\\\/shop\\\/terrafina\\\/corals\\\/gekleurde-schalen-set-corals\\\/#primaryimage\"},\"thumbnailUrl\":\"https:\\\/\\\/unrostore.com\\\/wp-content\\\/uploads\\\/2024\\\/01\\\/unro-colourful-ceramic-serving-plates-and-bowls-large.webp\",\"datePublished\":\"2024-01-25T20:15:38+00:00\",\"dateModified\":\"2026-01-19T20:36:35+00:00\",\"description\":\"Deze handgemaakte gekleurde schalen set geeft jouw eettafel een vrolijke en speelse uitstraling want dineren doe je natuurlijk in stijl!\",\"breadcrumb\":{\"@id\":\"https:\\\/\\\/unrostore.com\\\/shop\\\/terrafina\\\/corals\\\/gekleurde-schalen-set-corals\\\/#breadcrumb\"},\"inLanguage\":\"de\",\"potentialAction\":[{\"@type\":\"ReadAction\",\"target\":[\"https:\\\/\\\/unrostore.com\\\/shop\\\/terrafina\\\/corals\\\/gekleurde-schalen-set-corals\\\/\"]}]},{\"@type\":\"ImageObject\",\"inLanguage\":\"de\",\"@id\":\"https:\\\/\\\/unrostore.com\\\/shop\\\/terrafina\\\/corals\\\/gekleurde-schalen-set-corals\\\/#primaryimage\",\"url\":\"https:\\\/\\\/unrostore.com\\\/wp-content\\\/uploads\\\/2024\\\/01\\\/unro-colourful-ceramic-serving-plates-and-bowls-large.webp\",\"contentUrl\":\"https:\\\/\\\/unrostore.com\\\/wp-content\\\/uploads\\\/2024\\\/01\\\/unro-colourful-ceramic-serving-plates-and-bowls-large.webp\",\"width\":1000,\"height\":1000,\"caption\":\"gekleurde schalen set\"},{\"@type\":\"BreadcrumbList\",\"@id\":\"https:\\\/\\\/unrostore.com\\\/shop\\\/terrafina\\\/corals\\\/gekleurde-schalen-set-corals\\\/#breadcrumb\",\"itemListElement\":[{\"@type\":\"ListItem\",\"position\":1,\"name\":\"Home\",\"item\":\"https:\\\/\\\/unrostore.com\\\/\"},{\"@type\":\"ListItem\",\"position\":2,\"name\":\"Shop\",\"item\":\"https:\\\/\\\/unrostore.com\\\/shop\\\/\"},{\"@type\":\"ListItem\",\"position\":3,\"name\":\"Gekleurde Schalen Set &#8211; Corals\"}]},{\"@type\":\"WebSite\",\"@id\":\"https:\\\/\\\/unrostore.com\\\/#website\",\"url\":\"https:\\\/\\\/unrostore.com\\\/\",\"name\":\"UNRO\",\"description\":\"Portugees servies waar je blij van wordt!\",\"publisher\":{\"@id\":\"https:\\\/\\\/unrostore.com\\\/#organization\"},\"potentialAction\":[{\"@type\":\"SearchAction\",\"target\":{\"@type\":\"EntryPoint\",\"urlTemplate\":\"https:\\\/\\\/unrostore.com\\\/?s={search_term_string}\"},\"query-input\":{\"@type\":\"PropertyValueSpecification\",\"valueRequired\":true,\"valueName\":\"search_term_string\"}}],\"inLanguage\":\"de\"},{\"@type\":\"Organization\",\"@id\":\"https:\\\/\\\/unrostore.com\\\/#organization\",\"name\":\"UNRO\",\"url\":\"https:\\\/\\\/unrostore.com\\\/\",\"logo\":{\"@type\":\"ImageObject\",\"inLanguage\":\"de\",\"@id\":\"https:\\\/\\\/unrostore.com\\\/#\\\/schema\\\/logo\\\/image\\\/\",\"url\":\"https:\\\/\\\/unrostore.com\\\/wp-content\\\/uploads\\\/2022\\\/05\\\/Logo-UNRO.png\",\"contentUrl\":\"https:\\\/\\\/unrostore.com\\\/wp-content\\\/uploads\\\/2022\\\/05\\\/Logo-UNRO.png\",\"width\":605,\"height\":179,\"caption\":\"UNRO\"},\"image\":{\"@id\":\"https:\\\/\\\/unrostore.com\\\/#\\\/schema\\\/logo\\\/image\\\/\"}}]}<\/script>\n<!-- \/ Yoast SEO plugin. -->","yoast_head_json":{"title":"Farbiges Schalen-Set - Korallen - Terrafina - UNRO","description":"Dieses handgefertigte, farbige Schalenset verleiht Ihrem Esstisch einen fr\u00f6hlichen und verspielten Look, denn nat\u00fcrlich speisen Sie mit Stil!","robots":{"index":"index","follow":"follow","max-snippet":"max-snippet:-1","max-image-preview":"max-image-preview:large","max-video-preview":"max-video-preview:-1"},"canonical":"https:\/\/unrostore.com\/de-de\/shop\/terrafina\/korallen\/farbige-tabletts-setzen-korallen\/","og_locale":"de_DE","og_type":"article","og_title":"Gekleurde Schalen Set - Corals &#8226; Terrafina &#8226; UNRO","og_description":"Deze handgemaakte gekleurde schalen set geeft jouw eettafel een vrolijke en speelse uitstraling want dineren doe je natuurlijk in stijl!","og_url":"https:\/\/unrostore.com\/de-de\/shop\/terrafina\/korallen\/farbige-tabletts-setzen-korallen\/","og_site_name":"UNRO","article_modified_time":"2026-01-19T20:36:35+00:00","og_image":[{"width":1000,"height":1000,"url":"https:\/\/unrostore.com\/wp-content\/uploads\/2024\/01\/unro-colourful-ceramic-serving-plates-and-bowls-large.webp","type":"image\/webp"}],"twitter_card":"summary_large_image","schema":{"@context":"https:\/\/schema.org","@graph":[{"@type":"WebPage","@id":"https:\/\/unrostore.com\/shop\/terrafina\/corals\/gekleurde-schalen-set-corals\/","url":"https:\/\/unrostore.com\/shop\/terrafina\/corals\/gekleurde-schalen-set-corals\/","name":"Farbiges Schalen-Set - Korallen - Terrafina - UNRO","isPartOf":{"@id":"https:\/\/unrostore.com\/#website"},"primaryImageOfPage":{"@id":"https:\/\/unrostore.com\/shop\/terrafina\/corals\/gekleurde-schalen-set-corals\/#primaryimage"},"image":{"@id":"https:\/\/unrostore.com\/shop\/terrafina\/corals\/gekleurde-schalen-set-corals\/#primaryimage"},"thumbnailUrl":"https:\/\/unrostore.com\/wp-content\/uploads\/2024\/01\/unro-colourful-ceramic-serving-plates-and-bowls-large.webp","datePublished":"2024-01-25T20:15:38+00:00","dateModified":"2026-01-19T20:36:35+00:00","description":"Dieses handgefertigte, farbige Schalenset verleiht Ihrem Esstisch einen fr\u00f6hlichen und verspielten Look, denn nat\u00fcrlich speisen Sie mit Stil!","breadcrumb":{"@id":"https:\/\/unrostore.com\/shop\/terrafina\/corals\/gekleurde-schalen-set-corals\/#breadcrumb"},"inLanguage":"de","potentialAction":[{"@type":"ReadAction","target":["https:\/\/unrostore.com\/shop\/terrafina\/corals\/gekleurde-schalen-set-corals\/"]}]},{"@type":"ImageObject","inLanguage":"de","@id":"https:\/\/unrostore.com\/shop\/terrafina\/corals\/gekleurde-schalen-set-corals\/#primaryimage","url":"https:\/\/unrostore.com\/wp-content\/uploads\/2024\/01\/unro-colourful-ceramic-serving-plates-and-bowls-large.webp","contentUrl":"https:\/\/unrostore.com\/wp-content\/uploads\/2024\/01\/unro-colourful-ceramic-serving-plates-and-bowls-large.webp","width":1000,"height":1000,"caption":"gekleurde schalen set"},{"@type":"BreadcrumbList","@id":"https:\/\/unrostore.com\/shop\/terrafina\/corals\/gekleurde-schalen-set-corals\/#breadcrumb","itemListElement":[{"@type":"ListItem","position":1,"name":"Home","item":"https:\/\/unrostore.com\/"},{"@type":"ListItem","position":2,"name":"Shop","item":"https:\/\/unrostore.com\/shop\/"},{"@type":"ListItem","position":3,"name":"Gekleurde Schalen Set &#8211; Corals"}]},{"@type":"WebSite","@id":"https:\/\/unrostore.com\/#website","url":"https:\/\/unrostore.com\/","name":"UNRO","description":"Portugiesisches Geschirr, das Sie gl\u00fccklich machen wird!","publisher":{"@id":"https:\/\/unrostore.com\/#organization"},"potentialAction":[{"@type":"SearchAction","target":{"@type":"EntryPoint","urlTemplate":"https:\/\/unrostore.com\/?s={search_term_string}"},"query-input":{"@type":"PropertyValueSpecification","valueRequired":true,"valueName":"search_term_string"}}],"inLanguage":"de"},{"@type":"Organization","@id":"https:\/\/unrostore.com\/#organization","name":"UNRO","url":"https:\/\/unrostore.com\/","logo":{"@type":"ImageObject","inLanguage":"de","@id":"https:\/\/unrostore.com\/#\/schema\/logo\/image\/","url":"https:\/\/unrostore.com\/wp-content\/uploads\/2022\/05\/Logo-UNRO.png","contentUrl":"https:\/\/unrostore.com\/wp-content\/uploads\/2022\/05\/Logo-UNRO.png","width":605,"height":179,"caption":"UNRO"},"image":{"@id":"https:\/\/unrostore.com\/#\/schema\/logo\/image\/"}}]}},"_links":{"self":[{"href":"https:\/\/unrostore.com\/de-de\/wp-json\/wp\/v2\/product\/6868","targetHints":{"allow":["GET"]}}],"collection":[{"href":"https:\/\/unrostore.com\/de-de\/wp-json\/wp\/v2\/product"}],"about":[{"href":"https:\/\/unrostore.com\/de-de\/wp-json\/wp\/v2\/types\/product"}],"wp:featuredmedia":[{"embeddable":true,"href":"https:\/\/unrostore.com\/de-de\/wp-json\/wp\/v2\/media\/6869"}],"wp:attachment":[{"href":"https:\/\/unrostore.com\/de-de\/wp-json\/wp\/v2\/media?parent=6868"}],"wp:term":[{"taxonomy":"product_brand","embeddable":true,"href":"https:\/\/unrostore.com\/de-de\/wp-json\/wp\/v2\/product_brand?post=6868"},{"taxonomy":"product_cat","embeddable":true,"href":"https:\/\/unrostore.com\/de-de\/wp-json\/wp\/v2\/product_cat?post=6868"},{"taxonomy":"product_tag","embeddable":true,"href":"https:\/\/unrostore.com\/de-de\/wp-json\/wp\/v2\/product_tag?post=6868"}],"curies":[{"name":"wp","href":"https:\/\/api.w.org\/{rel}","templated":true}]}}