{"id":6772,"date":"2024-01-17T07:44:20","date_gmt":"2024-01-17T07:44:20","guid":{"rendered":"https:\/\/unrostore.com\/?post_type=product&#038;p=6772"},"modified":"2026-01-19T20:36:35","modified_gmt":"2026-01-19T20:36:35","slug":"blaue-tassen-und-becher-amazonia-blau","status":"publish","type":"product","link":"https:\/\/unrostore.com\/de-de\/shop\/terrafina\/amazonenblau\/blaue-tassen-und-becher-amazonia-blau\/","title":{"rendered":"Blaue Tassen und Becher - Amazonia Blue"},"content":{"rendered":"<h3>Sch\u00f6nes Set aus blauen Tassen und Bechern<\/h3>\n<p>Dieser Satz von <strong>2 blaue Tassen und 2 gro\u00dfe Becher<\/strong>\u00a0ist von der portugiesischen Marke <a href=\"https:\/\/www.terrafinastore.com\/en\/representatives\/unro\">Terrafina<\/a> und wird in Portugal in liebevoller und nachhaltiger Handarbeit von lokalen Handwerkern hergestellt. Die tiefblaue Farbe der Tassen und Becher erinnert an das Meer und den Strand. Immer dieses Urlaubsgef\u00fchl in Ihrem Zuhause, ist das nicht wunderbar? Ob Sie nun Espresso, Cappuccino oder Tee lieben, mit diesem Set aus Espressotassen und Cappuccinotassen k\u00f6nnen Sie alles haben. Bringen Sie Farbe in Ihr Interieur und f\u00fcgen Sie Ihrer Kaffee-Ecke diesen blauen Farbtupfer hinzu, denn Sie trinken nat\u00fcrlich Kaffee mit Stil! Siehe auch die separaten Sets von <a href=\"https:\/\/unrostore.com\/de-de\/shop\/terrafina\/amazonenblau\/espressotasse-blau-amazonia-blau-2-stuck\/\">2 Espressotassen<\/a> und <a href=\"https:\/\/unrostore.com\/de-de\/shop\/terrafina\/amazonenblau\/blauwe-mokken-amazonia-blue-2-delig\/\">2 Becher<\/a>. Oder erg\u00e4nzen Sie dieses Set mit dem passenden <a href=\"https:\/\/unrostore.com\/de-de\/shop\/terrafina\/amazonia-creme\/beige-gebaksbordjes-amazonia-cream-4-delig\/\">Fr\u00fchst\u00fccksteller<\/a> und <a href=\"https:\/\/unrostore.com\/de-de\/shop\/terrafina\/amazonia-creme\/beige-schaaltjes-amazonia-cream-2-delig\/\">Schalen<\/a>.<\/p>\n<p>&nbsp;<\/p>\n<h3>Dies ist die Anzahl der Becher, die Sie geliefert bekommen<\/h3>\n<ul>\n<li>4x Amazonia Blue Espressotassen (100 ml trinkbares Volumen)<\/li>\n<li>2x Amazonia Blue Cappuccinotassen (350ml Fassungsverm\u00f6gen)<\/li>\n<li>2x Terrafina Geschenkbox<\/li>\n<\/ul>\n<p>&nbsp;<\/p>\n<p><em><strong>Nachhaltig f\u00fcr Mensch und Umwelt:<\/strong><br \/>\nJedes Produkt ist ein Unikat, denn es wird in Handarbeit hergestellt.<br \/>\nDruck und Textur k\u00f6nnen daher leicht vom Produktfoto abweichen.<\/em><\/p>","protected":false},"excerpt":{"rendered":"<div style=\"font-family: nunito sans; font-size: 14px; border: 1px solid #dedede; border-radius: 4px; padding: 15px 0 0 14px; margin-top: 20px; margin-bottom: 20px; width: 160px; box-shadow: 1px 1px 7px 0px rgb(0 0 0 \/ 15%), 0px 0px 2px 0px rgb(0 0 0 \/ 5%); color: #00b900;\">\n<p>Mit diesem Festpreis sparen Sie <strong>\u20ac2,-<\/strong><\/p>\n<\/div>\n<div class=\"usps\"><i class=\"far fa-check-circle\"><\/i> Mikrowellenfest<br \/>\n<i class=\"far fa-check-circle\"><\/i> Backofenfest (bis zu 200 Grad)<br \/>\n<i class=\"far fa-check-circle\"><\/i> Sp\u00fclmaschinenfest<br \/>\n<i class=\"far fa-thumbs-up\"><\/i> Handgefertigt<\/div>","protected":false},"featured_media":6773,"template":"","meta":[],"product_brand":[],"product_cat":[174,869,132,119],"product_tag":[175,177,877,309,879,193,862,861,399],"class_list":{"0":"post-6772","1":"product","2":"type-product","3":"status-publish","4":"has-post-thumbnail","6":"product_cat-amazonia-blue","7":"product_cat-unro-cadeautips","8":"product_cat-kopjes-en-mokken","9":"product_cat-terrafina","10":"product_tag-amazonia-blue","11":"product_tag-blauw","12":"product_tag-blauwe","13":"product_tag-cappuccino-mokken","14":"product_tag-creme-mokken","15":"product_tag-espresso-kopjes","16":"product_tag-koffie-mokken","17":"product_tag-kopjes-en-mokken","18":"product_tag-thee-mokken","20":"first","21":"instock","22":"sale","23":"taxable","24":"shipping-taxable","25":"purchasable","26":"product-type-simple"},"yoast_head":"<!-- This site is optimized with the Yoast SEO plugin v27.4 - https:\/\/yoast.com\/product\/yoast-seo-wordpress\/ -->\n<title>Blauwe Kopjes en Mokken - Amazonia Blue &#8226; UNRO<\/title>\n<meta name=\"description\" content=\"Ontdek deze mooie set van 2 blauwe espresso kopjes en 2 cappuccino mokken, ook perfect als cadeau voor jouw vriend, man of vader!\" \/>\n<meta name=\"robots\" content=\"index, follow, max-snippet:-1, max-image-preview:large, max-video-preview:-1\" \/>\n<link rel=\"canonical\" href=\"https:\/\/unrostore.com\/de-de\/shop\/terrafina\/amazonenblau\/blaue-tassen-und-becher-amazonia-blau\/\" \/>\n<meta property=\"og:locale\" content=\"de_DE\" \/>\n<meta property=\"og:type\" content=\"article\" \/>\n<meta property=\"og:title\" content=\"Blauwe Kopjes en Mokken - Amazonia Blue &#8226; UNRO\" \/>\n<meta property=\"og:description\" content=\"Ontdek deze mooie set van 2 blauwe espresso kopjes en 2 cappuccino mokken, ook perfect als cadeau voor jouw vriend, man of vader!\" \/>\n<meta property=\"og:url\" content=\"https:\/\/unrostore.com\/de-de\/shop\/terrafina\/amazonenblau\/blaue-tassen-und-becher-amazonia-blau\/\" \/>\n<meta property=\"og:site_name\" content=\"UNRO\" \/>\n<meta property=\"article:modified_time\" content=\"2026-01-19T20:36:35+00:00\" \/>\n<meta property=\"og:image\" content=\"https:\/\/unrostore.com\/wp-content\/uploads\/2024\/01\/unro-blauwe-kopjes-en-mokken-handgemaakt-keramiek.webp\" \/>\n\t<meta property=\"og:image:width\" content=\"1000\" \/>\n\t<meta property=\"og:image:height\" content=\"1000\" \/>\n\t<meta property=\"og:image:type\" content=\"image\/webp\" \/>\n<meta name=\"twitter:card\" content=\"summary_large_image\" \/>\n<script type=\"application\/ld+json\" class=\"yoast-schema-graph\">{\"@context\":\"https:\\\/\\\/schema.org\",\"@graph\":[{\"@type\":\"WebPage\",\"@id\":\"https:\\\/\\\/unrostore.com\\\/shop\\\/terrafina\\\/amazonia-blue\\\/blauwe-kopjes-en-mokken-amazonia-blue\\\/\",\"url\":\"https:\\\/\\\/unrostore.com\\\/shop\\\/terrafina\\\/amazonia-blue\\\/blauwe-kopjes-en-mokken-amazonia-blue\\\/\",\"name\":\"Blauwe Kopjes en Mokken - Amazonia Blue &#8226; UNRO\",\"isPartOf\":{\"@id\":\"https:\\\/\\\/unrostore.com\\\/#website\"},\"primaryImageOfPage\":{\"@id\":\"https:\\\/\\\/unrostore.com\\\/shop\\\/terrafina\\\/amazonia-blue\\\/blauwe-kopjes-en-mokken-amazonia-blue\\\/#primaryimage\"},\"image\":{\"@id\":\"https:\\\/\\\/unrostore.com\\\/shop\\\/terrafina\\\/amazonia-blue\\\/blauwe-kopjes-en-mokken-amazonia-blue\\\/#primaryimage\"},\"thumbnailUrl\":\"https:\\\/\\\/unrostore.com\\\/wp-content\\\/uploads\\\/2024\\\/01\\\/unro-blauwe-kopjes-en-mokken-handgemaakt-keramiek.webp\",\"datePublished\":\"2024-01-17T07:44:20+00:00\",\"dateModified\":\"2026-01-19T20:36:35+00:00\",\"description\":\"Ontdek deze mooie set van 2 blauwe espresso kopjes en 2 cappuccino mokken, ook perfect als cadeau voor jouw vriend, man of vader!\",\"breadcrumb\":{\"@id\":\"https:\\\/\\\/unrostore.com\\\/shop\\\/terrafina\\\/amazonia-blue\\\/blauwe-kopjes-en-mokken-amazonia-blue\\\/#breadcrumb\"},\"inLanguage\":\"de\",\"potentialAction\":[{\"@type\":\"ReadAction\",\"target\":[\"https:\\\/\\\/unrostore.com\\\/shop\\\/terrafina\\\/amazonia-blue\\\/blauwe-kopjes-en-mokken-amazonia-blue\\\/\"]}]},{\"@type\":\"ImageObject\",\"inLanguage\":\"de\",\"@id\":\"https:\\\/\\\/unrostore.com\\\/shop\\\/terrafina\\\/amazonia-blue\\\/blauwe-kopjes-en-mokken-amazonia-blue\\\/#primaryimage\",\"url\":\"https:\\\/\\\/unrostore.com\\\/wp-content\\\/uploads\\\/2024\\\/01\\\/unro-blauwe-kopjes-en-mokken-handgemaakt-keramiek.webp\",\"contentUrl\":\"https:\\\/\\\/unrostore.com\\\/wp-content\\\/uploads\\\/2024\\\/01\\\/unro-blauwe-kopjes-en-mokken-handgemaakt-keramiek.webp\",\"width\":1000,\"height\":1000,\"caption\":\"blauwe kopjes en mokken\"},{\"@type\":\"BreadcrumbList\",\"@id\":\"https:\\\/\\\/unrostore.com\\\/shop\\\/terrafina\\\/amazonia-blue\\\/blauwe-kopjes-en-mokken-amazonia-blue\\\/#breadcrumb\",\"itemListElement\":[{\"@type\":\"ListItem\",\"position\":1,\"name\":\"Home\",\"item\":\"https:\\\/\\\/unrostore.com\\\/\"},{\"@type\":\"ListItem\",\"position\":2,\"name\":\"Shop\",\"item\":\"https:\\\/\\\/unrostore.com\\\/shop\\\/\"},{\"@type\":\"ListItem\",\"position\":3,\"name\":\"Blauwe Kopjes en Mokken &#8211; Amazonia Blue\"}]},{\"@type\":\"WebSite\",\"@id\":\"https:\\\/\\\/unrostore.com\\\/#website\",\"url\":\"https:\\\/\\\/unrostore.com\\\/\",\"name\":\"UNRO\",\"description\":\"Portugees servies waar je blij van wordt!\",\"publisher\":{\"@id\":\"https:\\\/\\\/unrostore.com\\\/#organization\"},\"potentialAction\":[{\"@type\":\"SearchAction\",\"target\":{\"@type\":\"EntryPoint\",\"urlTemplate\":\"https:\\\/\\\/unrostore.com\\\/?s={search_term_string}\"},\"query-input\":{\"@type\":\"PropertyValueSpecification\",\"valueRequired\":true,\"valueName\":\"search_term_string\"}}],\"inLanguage\":\"de\"},{\"@type\":\"Organization\",\"@id\":\"https:\\\/\\\/unrostore.com\\\/#organization\",\"name\":\"UNRO\",\"url\":\"https:\\\/\\\/unrostore.com\\\/\",\"logo\":{\"@type\":\"ImageObject\",\"inLanguage\":\"de\",\"@id\":\"https:\\\/\\\/unrostore.com\\\/#\\\/schema\\\/logo\\\/image\\\/\",\"url\":\"https:\\\/\\\/unrostore.com\\\/wp-content\\\/uploads\\\/2022\\\/05\\\/Logo-UNRO.png\",\"contentUrl\":\"https:\\\/\\\/unrostore.com\\\/wp-content\\\/uploads\\\/2022\\\/05\\\/Logo-UNRO.png\",\"width\":605,\"height\":179,\"caption\":\"UNRO\"},\"image\":{\"@id\":\"https:\\\/\\\/unrostore.com\\\/#\\\/schema\\\/logo\\\/image\\\/\"}}]}<\/script>\n<!-- \/ Yoast SEO plugin. -->","yoast_head_json":{"title":"Blaue Tassen und Becher - Amazonia Blue - UNRO","description":"Entdecken Sie dieses sch\u00f6ne Set aus 2 blauen Espressotassen und 2 Cappuccinotassen, das sich auch perfekt als Geschenk f\u00fcr Ihren Freund, Ehemann oder Vater eignet!","robots":{"index":"index","follow":"follow","max-snippet":"max-snippet:-1","max-image-preview":"max-image-preview:large","max-video-preview":"max-video-preview:-1"},"canonical":"https:\/\/unrostore.com\/de-de\/shop\/terrafina\/amazonenblau\/blaue-tassen-und-becher-amazonia-blau\/","og_locale":"de_DE","og_type":"article","og_title":"Blauwe Kopjes en Mokken - Amazonia Blue &#8226; UNRO","og_description":"Ontdek deze mooie set van 2 blauwe espresso kopjes en 2 cappuccino mokken, ook perfect als cadeau voor jouw vriend, man of vader!","og_url":"https:\/\/unrostore.com\/de-de\/shop\/terrafina\/amazonenblau\/blaue-tassen-und-becher-amazonia-blau\/","og_site_name":"UNRO","article_modified_time":"2026-01-19T20:36:35+00:00","og_image":[{"width":1000,"height":1000,"url":"https:\/\/unrostore.com\/wp-content\/uploads\/2024\/01\/unro-blauwe-kopjes-en-mokken-handgemaakt-keramiek.webp","type":"image\/webp"}],"twitter_card":"summary_large_image","schema":{"@context":"https:\/\/schema.org","@graph":[{"@type":"WebPage","@id":"https:\/\/unrostore.com\/shop\/terrafina\/amazonia-blue\/blauwe-kopjes-en-mokken-amazonia-blue\/","url":"https:\/\/unrostore.com\/shop\/terrafina\/amazonia-blue\/blauwe-kopjes-en-mokken-amazonia-blue\/","name":"Blaue Tassen und Becher - Amazonia Blue - UNRO","isPartOf":{"@id":"https:\/\/unrostore.com\/#website"},"primaryImageOfPage":{"@id":"https:\/\/unrostore.com\/shop\/terrafina\/amazonia-blue\/blauwe-kopjes-en-mokken-amazonia-blue\/#primaryimage"},"image":{"@id":"https:\/\/unrostore.com\/shop\/terrafina\/amazonia-blue\/blauwe-kopjes-en-mokken-amazonia-blue\/#primaryimage"},"thumbnailUrl":"https:\/\/unrostore.com\/wp-content\/uploads\/2024\/01\/unro-blauwe-kopjes-en-mokken-handgemaakt-keramiek.webp","datePublished":"2024-01-17T07:44:20+00:00","dateModified":"2026-01-19T20:36:35+00:00","description":"Entdecken Sie dieses sch\u00f6ne Set aus 2 blauen Espressotassen und 2 Cappuccinotassen, das sich auch perfekt als Geschenk f\u00fcr Ihren Freund, Ehemann oder Vater eignet!","breadcrumb":{"@id":"https:\/\/unrostore.com\/shop\/terrafina\/amazonia-blue\/blauwe-kopjes-en-mokken-amazonia-blue\/#breadcrumb"},"inLanguage":"de","potentialAction":[{"@type":"ReadAction","target":["https:\/\/unrostore.com\/shop\/terrafina\/amazonia-blue\/blauwe-kopjes-en-mokken-amazonia-blue\/"]}]},{"@type":"ImageObject","inLanguage":"de","@id":"https:\/\/unrostore.com\/shop\/terrafina\/amazonia-blue\/blauwe-kopjes-en-mokken-amazonia-blue\/#primaryimage","url":"https:\/\/unrostore.com\/wp-content\/uploads\/2024\/01\/unro-blauwe-kopjes-en-mokken-handgemaakt-keramiek.webp","contentUrl":"https:\/\/unrostore.com\/wp-content\/uploads\/2024\/01\/unro-blauwe-kopjes-en-mokken-handgemaakt-keramiek.webp","width":1000,"height":1000,"caption":"blauwe kopjes en mokken"},{"@type":"BreadcrumbList","@id":"https:\/\/unrostore.com\/shop\/terrafina\/amazonia-blue\/blauwe-kopjes-en-mokken-amazonia-blue\/#breadcrumb","itemListElement":[{"@type":"ListItem","position":1,"name":"Home","item":"https:\/\/unrostore.com\/"},{"@type":"ListItem","position":2,"name":"Shop","item":"https:\/\/unrostore.com\/shop\/"},{"@type":"ListItem","position":3,"name":"Blauwe Kopjes en Mokken &#8211; Amazonia Blue"}]},{"@type":"WebSite","@id":"https:\/\/unrostore.com\/#website","url":"https:\/\/unrostore.com\/","name":"UNRO","description":"Portugiesisches Geschirr, das Sie gl\u00fccklich machen wird!","publisher":{"@id":"https:\/\/unrostore.com\/#organization"},"potentialAction":[{"@type":"SearchAction","target":{"@type":"EntryPoint","urlTemplate":"https:\/\/unrostore.com\/?s={search_term_string}"},"query-input":{"@type":"PropertyValueSpecification","valueRequired":true,"valueName":"search_term_string"}}],"inLanguage":"de"},{"@type":"Organization","@id":"https:\/\/unrostore.com\/#organization","name":"UNRO","url":"https:\/\/unrostore.com\/","logo":{"@type":"ImageObject","inLanguage":"de","@id":"https:\/\/unrostore.com\/#\/schema\/logo\/image\/","url":"https:\/\/unrostore.com\/wp-content\/uploads\/2022\/05\/Logo-UNRO.png","contentUrl":"https:\/\/unrostore.com\/wp-content\/uploads\/2022\/05\/Logo-UNRO.png","width":605,"height":179,"caption":"UNRO"},"image":{"@id":"https:\/\/unrostore.com\/#\/schema\/logo\/image\/"}}]}},"_links":{"self":[{"href":"https:\/\/unrostore.com\/de-de\/wp-json\/wp\/v2\/product\/6772","targetHints":{"allow":["GET"]}}],"collection":[{"href":"https:\/\/unrostore.com\/de-de\/wp-json\/wp\/v2\/product"}],"about":[{"href":"https:\/\/unrostore.com\/de-de\/wp-json\/wp\/v2\/types\/product"}],"wp:featuredmedia":[{"embeddable":true,"href":"https:\/\/unrostore.com\/de-de\/wp-json\/wp\/v2\/media\/6773"}],"wp:attachment":[{"href":"https:\/\/unrostore.com\/de-de\/wp-json\/wp\/v2\/media?parent=6772"}],"wp:term":[{"taxonomy":"product_brand","embeddable":true,"href":"https:\/\/unrostore.com\/de-de\/wp-json\/wp\/v2\/product_brand?post=6772"},{"taxonomy":"product_cat","embeddable":true,"href":"https:\/\/unrostore.com\/de-de\/wp-json\/wp\/v2\/product_cat?post=6772"},{"taxonomy":"product_tag","embeddable":true,"href":"https:\/\/unrostore.com\/de-de\/wp-json\/wp\/v2\/product_tag?post=6772"}],"curies":[{"name":"wp","href":"https:\/\/api.w.org\/{rel}","templated":true}]}}