{"id":6762,"date":"2024-01-15T19:21:35","date_gmt":"2024-01-15T19:21:35","guid":{"rendered":"https:\/\/unrostore.com\/?post_type=product&#038;p=6762"},"modified":"2026-01-19T20:37:19","modified_gmt":"2026-01-19T20:37:19","slug":"farbige-tassen-und-becher-korallen","status":"publish","type":"product","link":"https:\/\/unrostore.com\/de-de\/shop\/terrafina\/korallen\/farbige-tassen-und-becher-korallen\/","title":{"rendered":"Farbige Tassen und Becher - Corals"},"content":{"rendered":"<h3>Fr\u00f6hliches und verspieltes Set aus bunten Tassen und Bechern f\u00fcr Ihren Kaffeegenuss!<\/h3>\n<p>Dieses lustige Set <strong>farbige Tassen und Becher<\/strong>\u00a0von portugiesische Marke <a href=\"https:\/\/www.terrafinastore.com\/en\/representatives\/unro\">Terrafina<\/a> eignen sich perfekt als Geschenk f\u00fcr M\u00e4nner und Frauen zum Geburtstag oder zur Einweihung. Aber auch f\u00fcr den Eigengebrauch sind diese gro\u00dfen handgefertigten Tassen und Espressotassen ein gro\u00dfer Spa\u00df. Die sch\u00f6ne Kombination aus blauen, gelben und braunen Farben in abwechselnd subtilen gl\u00e4nzenden und matten Oberfl\u00e4chen machen diese Tassen fr\u00f6hlich, verspielt und einzigartig! Einzigartiges Design f\u00fcr Ihre Kaffee-Ecke, das Sie mit jeder Tasse Kaffee oder Tee gl\u00fccklich macht. Entdecken Sie auch die passenden <a href=\"https:\/\/unrostore.com\/de-de\/shop\/terrafina\/korallen\/gekleurde-schaaltjes-corals-2-delig\/\">Schalen<\/a> oder <a href=\"https:\/\/unrostore.com\/de-de\/shop\/terrafina\/korallen\/gekleurde-gebaksbordjes-corals-4-delig\/\">Fr\u00fchst\u00fccksteller<\/a> T\u00e4glich ein fr\u00f6hliches Fr\u00fchst\u00fccksset genie\u00dfen!<\/p>\n<h3>Dies ist die Anzahl der Becher, die Sie geliefert bekommen<\/h3>\n<ul>\n<li>2x Corals Espressotassen (100 ml trinkbares Volumen)<\/li>\n<li>2x Corals Becher (450ml trinkbares Fassungsverm\u00f6gen)<\/li>\n<li>2x Terrafina Geschenkbox<\/li>\n<\/ul>\n<p>\u00a0<\/p>\n<p><em><strong>Duurzaam voor mens & milieu:<\/strong><br \/>\nJedes Produkt ist ein Unikat, denn es wird in Handarbeit hergestellt.<br \/>\nDruck und Textur k\u00f6nnen daher leicht vom Produktfoto abweichen.<\/em><\/p>","protected":false},"excerpt":{"rendered":"<div style=\"font-family: nunito sans; font-size: 14px; border: 1px solid #dedede; border-radius: 4px; padding: 15px 0 0 14px; margin-top: 20px; margin-bottom: 20px; width: 160px; box-shadow: 1px 1px 7px 0px rgb(0 0 0 \/ 15%), 0px 0px 2px 0px rgb(0 0 0 \/ 5%); color: #00b900;\">\n<p>Mit diesem Festpreis sparen Sie <strong>\u20ac2,-<\/strong><\/p>\n<\/div>\n<div class=\"usps\"><i class=\"far fa-check-circle\"><\/i> Mikrowellenfest<br \/>\n<i class=\"far fa-check-circle\"><\/i> Backofenfest (bis zu 200 Grad)<br \/>\n<i class=\"far fa-check-circle\"><\/i> Sp\u00fclmaschinenfest<br \/>\n<i class=\"far fa-thumbs-up\"><\/i> Handgefertigt<\/div>","protected":false},"featured_media":6763,"template":"","meta":[],"product_brand":[],"product_cat":[869,127,132,119],"product_tag":[309,128,193,777,774,881,862,861,399],"class_list":{"0":"post-6762","1":"product","2":"type-product","3":"status-publish","4":"has-post-thumbnail","6":"product_cat-unro-cadeautips","7":"product_cat-corals","8":"product_cat-kopjes-en-mokken","9":"product_cat-terrafina","10":"product_tag-cappuccino-mokken","11":"product_tag-corals","12":"product_tag-espresso-kopjes","13":"product_tag-gekleurde-kopjes","14":"product_tag-gekleurde-mokken","15":"product_tag-gekleurde-mokken-en-kopjes","16":"product_tag-koffie-mokken","17":"product_tag-kopjes-en-mokken","18":"product_tag-thee-mokken","20":"first","21":"outofstock","22":"sale","23":"taxable","24":"shipping-taxable","25":"purchasable","26":"product-type-simple"},"yoast_head":"<!-- This site is optimized with the Yoast SEO plugin v27.6 - https:\/\/yoast.com\/product\/yoast-seo-wordpress\/ -->\n<title>Gekleurde Kopjes en Mokken - Corals &#8226; UNRO<\/title>\n<meta name=\"description\" content=\"Geniet dagelijks van jouw koffietijd in de ochtend, middag of avond met deze vrolijke gekleurde kopjes en mokken uit de Corals servies collectie!\" \/>\n<meta name=\"robots\" content=\"index, follow, max-snippet:-1, max-image-preview:large, max-video-preview:-1\" \/>\n<link rel=\"canonical\" href=\"https:\/\/unrostore.com\/de-de\/shop\/terrafina\/korallen\/farbige-tassen-und-becher-korallen\/\" \/>\n<meta property=\"og:locale\" content=\"de_DE\" \/>\n<meta property=\"og:type\" content=\"article\" \/>\n<meta property=\"og:title\" content=\"Gekleurde Kopjes en Mokken - Corals &#8226; UNRO\" \/>\n<meta property=\"og:description\" content=\"Geniet dagelijks van jouw koffietijd in de ochtend, middag of avond met deze vrolijke gekleurde kopjes en mokken uit de Corals servies collectie!\" \/>\n<meta property=\"og:url\" content=\"https:\/\/unrostore.com\/de-de\/shop\/terrafina\/korallen\/farbige-tassen-und-becher-korallen\/\" \/>\n<meta property=\"og:site_name\" content=\"UNRO\" \/>\n<meta property=\"article:modified_time\" content=\"2026-01-19T20:37:19+00:00\" \/>\n<meta property=\"og:image\" content=\"https:\/\/unrostore.com\/wp-content\/uploads\/2024\/01\/unro-gekleurde-kopjes-en-mokken-corals-terrafina.webp\" \/>\n\t<meta property=\"og:image:width\" content=\"1000\" \/>\n\t<meta property=\"og:image:height\" content=\"1000\" \/>\n\t<meta property=\"og:image:type\" content=\"image\/webp\" \/>\n<meta name=\"twitter:card\" content=\"summary_large_image\" \/>\n<script type=\"application\/ld+json\" class=\"yoast-schema-graph\">{\"@context\":\"https:\\\/\\\/schema.org\",\"@graph\":[{\"@type\":\"WebPage\",\"@id\":\"https:\\\/\\\/unrostore.com\\\/shop\\\/terrafina\\\/corals\\\/gekleurde-kopjes-en-mokken-corals\\\/\",\"url\":\"https:\\\/\\\/unrostore.com\\\/shop\\\/terrafina\\\/corals\\\/gekleurde-kopjes-en-mokken-corals\\\/\",\"name\":\"Gekleurde Kopjes en Mokken - Corals &#8226; UNRO\",\"isPartOf\":{\"@id\":\"https:\\\/\\\/unrostore.com\\\/#website\"},\"primaryImageOfPage\":{\"@id\":\"https:\\\/\\\/unrostore.com\\\/shop\\\/terrafina\\\/corals\\\/gekleurde-kopjes-en-mokken-corals\\\/#primaryimage\"},\"image\":{\"@id\":\"https:\\\/\\\/unrostore.com\\\/shop\\\/terrafina\\\/corals\\\/gekleurde-kopjes-en-mokken-corals\\\/#primaryimage\"},\"thumbnailUrl\":\"https:\\\/\\\/unrostore.com\\\/wp-content\\\/uploads\\\/2024\\\/01\\\/unro-gekleurde-kopjes-en-mokken-corals-terrafina.webp\",\"datePublished\":\"2024-01-15T19:21:35+00:00\",\"dateModified\":\"2026-01-19T20:37:19+00:00\",\"description\":\"Geniet dagelijks van jouw koffietijd in de ochtend, middag of avond met deze vrolijke gekleurde kopjes en mokken uit de Corals servies collectie!\",\"breadcrumb\":{\"@id\":\"https:\\\/\\\/unrostore.com\\\/shop\\\/terrafina\\\/corals\\\/gekleurde-kopjes-en-mokken-corals\\\/#breadcrumb\"},\"inLanguage\":\"de\",\"potentialAction\":[{\"@type\":\"ReadAction\",\"target\":[\"https:\\\/\\\/unrostore.com\\\/shop\\\/terrafina\\\/corals\\\/gekleurde-kopjes-en-mokken-corals\\\/\"]}]},{\"@type\":\"ImageObject\",\"inLanguage\":\"de\",\"@id\":\"https:\\\/\\\/unrostore.com\\\/shop\\\/terrafina\\\/corals\\\/gekleurde-kopjes-en-mokken-corals\\\/#primaryimage\",\"url\":\"https:\\\/\\\/unrostore.com\\\/wp-content\\\/uploads\\\/2024\\\/01\\\/unro-gekleurde-kopjes-en-mokken-corals-terrafina.webp\",\"contentUrl\":\"https:\\\/\\\/unrostore.com\\\/wp-content\\\/uploads\\\/2024\\\/01\\\/unro-gekleurde-kopjes-en-mokken-corals-terrafina.webp\",\"width\":1000,\"height\":1000,\"caption\":\"gekleurde kopjes en mokken\"},{\"@type\":\"BreadcrumbList\",\"@id\":\"https:\\\/\\\/unrostore.com\\\/shop\\\/terrafina\\\/corals\\\/gekleurde-kopjes-en-mokken-corals\\\/#breadcrumb\",\"itemListElement\":[{\"@type\":\"ListItem\",\"position\":1,\"name\":\"Home\",\"item\":\"https:\\\/\\\/unrostore.com\\\/\"},{\"@type\":\"ListItem\",\"position\":2,\"name\":\"Shop\",\"item\":\"https:\\\/\\\/unrostore.com\\\/shop\\\/\"},{\"@type\":\"ListItem\",\"position\":3,\"name\":\"Gekleurde Kopjes en Mokken &#8211; Corals\"}]},{\"@type\":\"WebSite\",\"@id\":\"https:\\\/\\\/unrostore.com\\\/#website\",\"url\":\"https:\\\/\\\/unrostore.com\\\/\",\"name\":\"UNRO\",\"description\":\"Portugees servies waar je blij van wordt!\",\"publisher\":{\"@id\":\"https:\\\/\\\/unrostore.com\\\/#organization\"},\"potentialAction\":[{\"@type\":\"SearchAction\",\"target\":{\"@type\":\"EntryPoint\",\"urlTemplate\":\"https:\\\/\\\/unrostore.com\\\/?s={search_term_string}\"},\"query-input\":{\"@type\":\"PropertyValueSpecification\",\"valueRequired\":true,\"valueName\":\"search_term_string\"}}],\"inLanguage\":\"de\"},{\"@type\":\"Organization\",\"@id\":\"https:\\\/\\\/unrostore.com\\\/#organization\",\"name\":\"UNRO\",\"url\":\"https:\\\/\\\/unrostore.com\\\/\",\"logo\":{\"@type\":\"ImageObject\",\"inLanguage\":\"de\",\"@id\":\"https:\\\/\\\/unrostore.com\\\/#\\\/schema\\\/logo\\\/image\\\/\",\"url\":\"https:\\\/\\\/unrostore.com\\\/wp-content\\\/uploads\\\/2022\\\/05\\\/Logo-UNRO.png\",\"contentUrl\":\"https:\\\/\\\/unrostore.com\\\/wp-content\\\/uploads\\\/2022\\\/05\\\/Logo-UNRO.png\",\"width\":605,\"height\":179,\"caption\":\"UNRO\"},\"image\":{\"@id\":\"https:\\\/\\\/unrostore.com\\\/#\\\/schema\\\/logo\\\/image\\\/\"}}]}<\/script>\n<!-- \/ Yoast SEO plugin. -->","yoast_head_json":{"title":"Farbige Tassen und Becher - Korallen - UNRO","description":"Genie\u00dfen Sie Ihre morgendliche, nachmitt\u00e4gliche oder abendliche Kaffeezeit t\u00e4glich mit diesen farbenfrohen Tassen und Bechern aus der Geschirrkollektion Corals!","robots":{"index":"index","follow":"follow","max-snippet":"max-snippet:-1","max-image-preview":"max-image-preview:large","max-video-preview":"max-video-preview:-1"},"canonical":"https:\/\/unrostore.com\/de-de\/shop\/terrafina\/korallen\/farbige-tassen-und-becher-korallen\/","og_locale":"de_DE","og_type":"article","og_title":"Gekleurde Kopjes en Mokken - Corals &#8226; UNRO","og_description":"Geniet dagelijks van jouw koffietijd in de ochtend, middag of avond met deze vrolijke gekleurde kopjes en mokken uit de Corals servies collectie!","og_url":"https:\/\/unrostore.com\/de-de\/shop\/terrafina\/korallen\/farbige-tassen-und-becher-korallen\/","og_site_name":"UNRO","article_modified_time":"2026-01-19T20:37:19+00:00","og_image":[{"width":1000,"height":1000,"url":"https:\/\/unrostore.com\/wp-content\/uploads\/2024\/01\/unro-gekleurde-kopjes-en-mokken-corals-terrafina.webp","type":"image\/webp"}],"twitter_card":"summary_large_image","schema":{"@context":"https:\/\/schema.org","@graph":[{"@type":"WebPage","@id":"https:\/\/unrostore.com\/shop\/terrafina\/corals\/gekleurde-kopjes-en-mokken-corals\/","url":"https:\/\/unrostore.com\/shop\/terrafina\/corals\/gekleurde-kopjes-en-mokken-corals\/","name":"Farbige Tassen und Becher - Korallen - UNRO","isPartOf":{"@id":"https:\/\/unrostore.com\/#website"},"primaryImageOfPage":{"@id":"https:\/\/unrostore.com\/shop\/terrafina\/corals\/gekleurde-kopjes-en-mokken-corals\/#primaryimage"},"image":{"@id":"https:\/\/unrostore.com\/shop\/terrafina\/corals\/gekleurde-kopjes-en-mokken-corals\/#primaryimage"},"thumbnailUrl":"https:\/\/unrostore.com\/wp-content\/uploads\/2024\/01\/unro-gekleurde-kopjes-en-mokken-corals-terrafina.webp","datePublished":"2024-01-15T19:21:35+00:00","dateModified":"2026-01-19T20:37:19+00:00","description":"Genie\u00dfen Sie Ihre morgendliche, nachmitt\u00e4gliche oder abendliche Kaffeezeit t\u00e4glich mit diesen farbenfrohen Tassen und Bechern aus der Geschirrkollektion Corals!","breadcrumb":{"@id":"https:\/\/unrostore.com\/shop\/terrafina\/corals\/gekleurde-kopjes-en-mokken-corals\/#breadcrumb"},"inLanguage":"de","potentialAction":[{"@type":"ReadAction","target":["https:\/\/unrostore.com\/shop\/terrafina\/corals\/gekleurde-kopjes-en-mokken-corals\/"]}]},{"@type":"ImageObject","inLanguage":"de","@id":"https:\/\/unrostore.com\/shop\/terrafina\/corals\/gekleurde-kopjes-en-mokken-corals\/#primaryimage","url":"https:\/\/unrostore.com\/wp-content\/uploads\/2024\/01\/unro-gekleurde-kopjes-en-mokken-corals-terrafina.webp","contentUrl":"https:\/\/unrostore.com\/wp-content\/uploads\/2024\/01\/unro-gekleurde-kopjes-en-mokken-corals-terrafina.webp","width":1000,"height":1000,"caption":"gekleurde kopjes en mokken"},{"@type":"BreadcrumbList","@id":"https:\/\/unrostore.com\/shop\/terrafina\/corals\/gekleurde-kopjes-en-mokken-corals\/#breadcrumb","itemListElement":[{"@type":"ListItem","position":1,"name":"Home","item":"https:\/\/unrostore.com\/"},{"@type":"ListItem","position":2,"name":"Shop","item":"https:\/\/unrostore.com\/shop\/"},{"@type":"ListItem","position":3,"name":"Gekleurde Kopjes en Mokken &#8211; Corals"}]},{"@type":"WebSite","@id":"https:\/\/unrostore.com\/#website","url":"https:\/\/unrostore.com\/","name":"UNRO","description":"Portugiesisches Geschirr, das Sie gl\u00fccklich machen wird!","publisher":{"@id":"https:\/\/unrostore.com\/#organization"},"potentialAction":[{"@type":"SearchAction","target":{"@type":"EntryPoint","urlTemplate":"https:\/\/unrostore.com\/?s={search_term_string}"},"query-input":{"@type":"PropertyValueSpecification","valueRequired":true,"valueName":"search_term_string"}}],"inLanguage":"de"},{"@type":"Organization","@id":"https:\/\/unrostore.com\/#organization","name":"UNRO","url":"https:\/\/unrostore.com\/","logo":{"@type":"ImageObject","inLanguage":"de","@id":"https:\/\/unrostore.com\/#\/schema\/logo\/image\/","url":"https:\/\/unrostore.com\/wp-content\/uploads\/2022\/05\/Logo-UNRO.png","contentUrl":"https:\/\/unrostore.com\/wp-content\/uploads\/2022\/05\/Logo-UNRO.png","width":605,"height":179,"caption":"UNRO"},"image":{"@id":"https:\/\/unrostore.com\/#\/schema\/logo\/image\/"}}]}},"_links":{"self":[{"href":"https:\/\/unrostore.com\/de-de\/wp-json\/wp\/v2\/product\/6762","targetHints":{"allow":["GET"]}}],"collection":[{"href":"https:\/\/unrostore.com\/de-de\/wp-json\/wp\/v2\/product"}],"about":[{"href":"https:\/\/unrostore.com\/de-de\/wp-json\/wp\/v2\/types\/product"}],"wp:featuredmedia":[{"embeddable":true,"href":"https:\/\/unrostore.com\/de-de\/wp-json\/wp\/v2\/media\/6763"}],"wp:attachment":[{"href":"https:\/\/unrostore.com\/de-de\/wp-json\/wp\/v2\/media?parent=6762"}],"wp:term":[{"taxonomy":"product_brand","embeddable":true,"href":"https:\/\/unrostore.com\/de-de\/wp-json\/wp\/v2\/product_brand?post=6762"},{"taxonomy":"product_cat","embeddable":true,"href":"https:\/\/unrostore.com\/de-de\/wp-json\/wp\/v2\/product_cat?post=6762"},{"taxonomy":"product_tag","embeddable":true,"href":"https:\/\/unrostore.com\/de-de\/wp-json\/wp\/v2\/product_tag?post=6762"}],"curies":[{"name":"wp","href":"https:\/\/api.w.org\/{rel}","templated":true}]}}