{"id":6661,"date":"2023-12-27T13:55:21","date_gmt":"2023-12-27T13:55:21","guid":{"rendered":"https:\/\/unrostore.com\/?post_type=product&#038;p=6661"},"modified":"2026-01-19T20:37:19","modified_gmt":"2026-01-19T20:37:19","slug":"creme-espressotassen-amazonia-creme-4-stuck","status":"publish","type":"product","link":"https:\/\/unrostore.com\/de-de\/shop\/terrafina\/amazonia-creme\/creme-espressotassen-amazonia-creme-4-stuck\/","title":{"rendered":"Creme Espresso-Tassen 100 ml Amazonia Creme - 4 St\u00fcck"},"content":{"rendered":"<h3>Sch\u00f6ne Creme Espresso Tassen Amazonia Cream -4-St\u00fcck<\/h3>\n<p>Die <strong>Creme<\/strong> <strong>Espressotassen<\/strong> Amazonia Cream - 4-teilig von der portugiesischen Marke <a href=\"https:\/\/www.terrafinastore.com\/en\/collections\/amazonia\">Terrafina<\/a> werden in liebevoller Handarbeit aus hochwertiger Keramik hergestellt und machen jede Tasse zu einem echten Unikat.<span style=\"font-weight: 400;\">. Die runde Form sorgt f\u00fcr Trinkkomfort und einen spielerischen Effekt. Die Espressotassen sind eine sch\u00f6ne Geschenkidee f\u00fcr Frauen, sehen aber nat\u00fcrlich auch in der eigenen Kaffeeecke toll aus. Die neutrale Cremefarbe hat einen ruhigen Look und passt gut zu Naturt\u00f6nen. Siehe auch die passende Creme <a href=\"https:\/\/unrostore.com\/de-de\/shop\/terrafina\/amazonia-creme\/beige-serviesset-amazonia-cream-4-personen\/\">Geschirrset<\/a>\u00a0oder <a href=\"https:\/\/unrostore.com\/de-de\/shop\/terrafina\/amazonia-creme\/beige-mokken-amazonia-cream-2-delig\/\">Tassen &amp; Becher<\/a> f\u00fcr ein wahres Luxus-Restaurant-Erlebnis bei Ihnen zu Hause!<\/span><\/p>\n<p>&nbsp;<\/p>\n<h3>Das ist die Anzahl der Tassen, die Sie geliefert bekommen<\/h3>\n<ul>\n<li>4x Amazonia Cream Espressotassen (100 ml Trinkvolumen)<\/li>\n<li>1x Terrafina Geschenkbox<\/li>\n<\/ul>\n<p>&nbsp;<\/p>\n<p><em><strong>Nachhaltig f\u00fcr Mensch und Umwelt:<\/strong><br \/>\nJedes Produkt ist ein Unikat, denn es wird in Handarbeit hergestellt.<br \/>\nDruck und Textur k\u00f6nnen daher leicht vom Produktfoto abweichen.<\/em><\/p>","protected":false},"excerpt":{"rendered":"<div style=\"font-family: nunito sans; font-size: 14px; border: 1px solid #dedede; border-radius: 4px; padding: 15px 0 0 14px; margin-top: 20px; margin-bottom: 20px; width: 160px; box-shadow: 1px 1px 7px 0px rgb(0 0 0 \/ 15%), 0px 0px 2px 0px rgb(0 0 0 \/ 5%); color: #00b900;\">\n<p>Mit diesem Festpreis sparen Sie <strong>\u20ac2,-<\/strong><\/p>\n<\/div>\n<div class=\"usps\"><i class=\"far fa-check-circle\"><\/i> Mikrowellenfest<br \/>\n<i class=\"far fa-check-circle\"><\/i> Backofenfest (bis zu 200 Grad)<br \/>\n<i class=\"far fa-check-circle\"><\/i> Sp\u00fclmaschinenfest<br \/>\n<i class=\"far fa-thumbs-up\"><\/i> Handgefertigt<\/div>","protected":false},"featured_media":8149,"template":"","meta":[],"product_brand":[],"product_cat":[869,144,307,132,119],"product_tag":[145,233,193,659,372,666,652,771,123],"class_list":{"0":"post-6661","1":"product","2":"type-product","3":"status-publish","4":"has-post-thumbnail","6":"product_cat-unro-cadeautips","7":"product_cat-amazonia-cream","8":"product_cat-espresso-kopjes","9":"product_cat-kopjes-en-mokken","10":"product_cat-terrafina","11":"product_tag-amazonia-cream","12":"product_tag-creme","13":"product_tag-espresso-kopjes","14":"product_tag-espressokopjes","15":"product_tag-kleine-kopjes","16":"product_tag-koffie-kopjes","17":"product_tag-met-oor","18":"product_tag-set-van-4","19":"product_tag-terrafina","20":"product_shipping_class-pakket","22":"first","23":"instock","24":"sale","25":"taxable","26":"shipping-taxable","27":"purchasable","28":"product-type-simple"},"yoast_head":"<!-- This site is optimized with the Yoast SEO plugin v27.4 - https:\/\/yoast.com\/product\/yoast-seo-wordpress\/ -->\n<title>Creme Espressokopjes 100 ml Amazonia Cream - 4-delig &#8226; UNRO<\/title>\n<meta name=\"description\" content=\"De creme espressokopjes - 4-delig uit de Amazonia Cream collectie zijn erg stijlvol, prachtig voor in jouw koffiehoek en jouw dagelijkse espresso!\" \/>\n<meta name=\"robots\" content=\"index, follow, max-snippet:-1, max-image-preview:large, max-video-preview:-1\" \/>\n<link rel=\"canonical\" href=\"https:\/\/unrostore.com\/de-de\/shop\/terrafina\/amazonia-creme\/creme-espressotassen-amazonia-creme-4-stuck\/\" \/>\n<meta property=\"og:locale\" content=\"de_DE\" \/>\n<meta property=\"og:type\" content=\"article\" \/>\n<meta property=\"og:title\" content=\"Creme Espressokopjes 100 ml Amazonia Cream - 4-delig &#8226; UNRO\" \/>\n<meta property=\"og:description\" content=\"De creme espressokopjes - 4-delig uit de Amazonia Cream collectie zijn erg stijlvol, prachtig voor in jouw koffiehoek en jouw dagelijkse espresso!\" \/>\n<meta property=\"og:url\" content=\"https:\/\/unrostore.com\/de-de\/shop\/terrafina\/amazonia-creme\/creme-espressotassen-amazonia-creme-4-stuck\/\" \/>\n<meta property=\"og:site_name\" content=\"UNRO\" \/>\n<meta property=\"article:modified_time\" content=\"2026-01-19T20:37:19+00:00\" \/>\n<meta property=\"og:image\" content=\"https:\/\/unrostore.com\/wp-content\/uploads\/2023\/12\/unro-amazonia-cream-espressokopjes-set-van-4-espressomokken.webp\" \/>\n\t<meta property=\"og:image:width\" content=\"1000\" \/>\n\t<meta property=\"og:image:height\" content=\"1000\" \/>\n\t<meta property=\"og:image:type\" content=\"image\/webp\" \/>\n<meta name=\"twitter:card\" content=\"summary_large_image\" \/>\n<script type=\"application\/ld+json\" class=\"yoast-schema-graph\">{\"@context\":\"https:\\\/\\\/schema.org\",\"@graph\":[{\"@type\":\"WebPage\",\"@id\":\"https:\\\/\\\/unrostore.com\\\/shop\\\/terrafina\\\/amazonia-cream\\\/creme-espressokopjes-amazonia-cream-4-delig\\\/\",\"url\":\"https:\\\/\\\/unrostore.com\\\/shop\\\/terrafina\\\/amazonia-cream\\\/creme-espressokopjes-amazonia-cream-4-delig\\\/\",\"name\":\"Creme Espressokopjes 100 ml Amazonia Cream - 4-delig &#8226; UNRO\",\"isPartOf\":{\"@id\":\"https:\\\/\\\/unrostore.com\\\/#website\"},\"primaryImageOfPage\":{\"@id\":\"https:\\\/\\\/unrostore.com\\\/shop\\\/terrafina\\\/amazonia-cream\\\/creme-espressokopjes-amazonia-cream-4-delig\\\/#primaryimage\"},\"image\":{\"@id\":\"https:\\\/\\\/unrostore.com\\\/shop\\\/terrafina\\\/amazonia-cream\\\/creme-espressokopjes-amazonia-cream-4-delig\\\/#primaryimage\"},\"thumbnailUrl\":\"https:\\\/\\\/unrostore.com\\\/wp-content\\\/uploads\\\/2023\\\/12\\\/unro-amazonia-cream-espressokopjes-set-van-4-espressomokken.webp\",\"datePublished\":\"2023-12-27T13:55:21+00:00\",\"dateModified\":\"2026-01-19T20:37:19+00:00\",\"description\":\"De creme espressokopjes - 4-delig uit de Amazonia Cream collectie zijn erg stijlvol, prachtig voor in jouw koffiehoek en jouw dagelijkse espresso!\",\"breadcrumb\":{\"@id\":\"https:\\\/\\\/unrostore.com\\\/shop\\\/terrafina\\\/amazonia-cream\\\/creme-espressokopjes-amazonia-cream-4-delig\\\/#breadcrumb\"},\"inLanguage\":\"de\",\"potentialAction\":[{\"@type\":\"ReadAction\",\"target\":[\"https:\\\/\\\/unrostore.com\\\/shop\\\/terrafina\\\/amazonia-cream\\\/creme-espressokopjes-amazonia-cream-4-delig\\\/\"]}]},{\"@type\":\"ImageObject\",\"inLanguage\":\"de\",\"@id\":\"https:\\\/\\\/unrostore.com\\\/shop\\\/terrafina\\\/amazonia-cream\\\/creme-espressokopjes-amazonia-cream-4-delig\\\/#primaryimage\",\"url\":\"https:\\\/\\\/unrostore.com\\\/wp-content\\\/uploads\\\/2023\\\/12\\\/unro-amazonia-cream-espressokopjes-set-van-4-espressomokken.webp\",\"contentUrl\":\"https:\\\/\\\/unrostore.com\\\/wp-content\\\/uploads\\\/2023\\\/12\\\/unro-amazonia-cream-espressokopjes-set-van-4-espressomokken.webp\",\"width\":1000,\"height\":1000,\"caption\":\"creme espressokopjes amazonia cream\"},{\"@type\":\"BreadcrumbList\",\"@id\":\"https:\\\/\\\/unrostore.com\\\/shop\\\/terrafina\\\/amazonia-cream\\\/creme-espressokopjes-amazonia-cream-4-delig\\\/#breadcrumb\",\"itemListElement\":[{\"@type\":\"ListItem\",\"position\":1,\"name\":\"Home\",\"item\":\"https:\\\/\\\/unrostore.com\\\/\"},{\"@type\":\"ListItem\",\"position\":2,\"name\":\"Shop\",\"item\":\"https:\\\/\\\/unrostore.com\\\/shop\\\/\"},{\"@type\":\"ListItem\",\"position\":3,\"name\":\"Creme Espressokopjes 100 ml Amazonia Cream &#8211; 4-delig\"}]},{\"@type\":\"WebSite\",\"@id\":\"https:\\\/\\\/unrostore.com\\\/#website\",\"url\":\"https:\\\/\\\/unrostore.com\\\/\",\"name\":\"UNRO\",\"description\":\"Portugees servies waar je blij van wordt!\",\"publisher\":{\"@id\":\"https:\\\/\\\/unrostore.com\\\/#organization\"},\"potentialAction\":[{\"@type\":\"SearchAction\",\"target\":{\"@type\":\"EntryPoint\",\"urlTemplate\":\"https:\\\/\\\/unrostore.com\\\/?s={search_term_string}\"},\"query-input\":{\"@type\":\"PropertyValueSpecification\",\"valueRequired\":true,\"valueName\":\"search_term_string\"}}],\"inLanguage\":\"de\"},{\"@type\":\"Organization\",\"@id\":\"https:\\\/\\\/unrostore.com\\\/#organization\",\"name\":\"UNRO\",\"url\":\"https:\\\/\\\/unrostore.com\\\/\",\"logo\":{\"@type\":\"ImageObject\",\"inLanguage\":\"de\",\"@id\":\"https:\\\/\\\/unrostore.com\\\/#\\\/schema\\\/logo\\\/image\\\/\",\"url\":\"https:\\\/\\\/unrostore.com\\\/wp-content\\\/uploads\\\/2022\\\/05\\\/Logo-UNRO.png\",\"contentUrl\":\"https:\\\/\\\/unrostore.com\\\/wp-content\\\/uploads\\\/2022\\\/05\\\/Logo-UNRO.png\",\"width\":605,\"height\":179,\"caption\":\"UNRO\"},\"image\":{\"@id\":\"https:\\\/\\\/unrostore.com\\\/#\\\/schema\\\/logo\\\/image\\\/\"}}]}<\/script>\n<!-- \/ Yoast SEO plugin. -->","yoast_head_json":{"title":"Espressotassen Creme 100 ml Amazonien Creme - 2 St\u00fcck - UNRO","description":"Die cremefarbenen Espressotassen - 4-teilig aus der Kollektion Amazonia Cream sind sehr stilvoll, sch\u00f6n f\u00fcr Ihre Kaffee-Ecke und Ihren t\u00e4glichen Espresso!","robots":{"index":"index","follow":"follow","max-snippet":"max-snippet:-1","max-image-preview":"max-image-preview:large","max-video-preview":"max-video-preview:-1"},"canonical":"https:\/\/unrostore.com\/de-de\/shop\/terrafina\/amazonia-creme\/creme-espressotassen-amazonia-creme-4-stuck\/","og_locale":"de_DE","og_type":"article","og_title":"Creme Espressokopjes 100 ml Amazonia Cream - 4-delig &#8226; UNRO","og_description":"De creme espressokopjes - 4-delig uit de Amazonia Cream collectie zijn erg stijlvol, prachtig voor in jouw koffiehoek en jouw dagelijkse espresso!","og_url":"https:\/\/unrostore.com\/de-de\/shop\/terrafina\/amazonia-creme\/creme-espressotassen-amazonia-creme-4-stuck\/","og_site_name":"UNRO","article_modified_time":"2026-01-19T20:37:19+00:00","og_image":[{"width":1000,"height":1000,"url":"https:\/\/unrostore.com\/wp-content\/uploads\/2023\/12\/unro-amazonia-cream-espressokopjes-set-van-4-espressomokken.webp","type":"image\/webp"}],"twitter_card":"summary_large_image","schema":{"@context":"https:\/\/schema.org","@graph":[{"@type":"WebPage","@id":"https:\/\/unrostore.com\/shop\/terrafina\/amazonia-cream\/creme-espressokopjes-amazonia-cream-4-delig\/","url":"https:\/\/unrostore.com\/shop\/terrafina\/amazonia-cream\/creme-espressokopjes-amazonia-cream-4-delig\/","name":"Espressotassen Creme 100 ml Amazonien Creme - 2 St\u00fcck - UNRO","isPartOf":{"@id":"https:\/\/unrostore.com\/#website"},"primaryImageOfPage":{"@id":"https:\/\/unrostore.com\/shop\/terrafina\/amazonia-cream\/creme-espressokopjes-amazonia-cream-4-delig\/#primaryimage"},"image":{"@id":"https:\/\/unrostore.com\/shop\/terrafina\/amazonia-cream\/creme-espressokopjes-amazonia-cream-4-delig\/#primaryimage"},"thumbnailUrl":"https:\/\/unrostore.com\/wp-content\/uploads\/2023\/12\/unro-amazonia-cream-espressokopjes-set-van-4-espressomokken.webp","datePublished":"2023-12-27T13:55:21+00:00","dateModified":"2026-01-19T20:37:19+00:00","description":"Die cremefarbenen Espressotassen - 4-teilig aus der Kollektion Amazonia Cream sind sehr stilvoll, sch\u00f6n f\u00fcr Ihre Kaffee-Ecke und Ihren t\u00e4glichen Espresso!","breadcrumb":{"@id":"https:\/\/unrostore.com\/shop\/terrafina\/amazonia-cream\/creme-espressokopjes-amazonia-cream-4-delig\/#breadcrumb"},"inLanguage":"de","potentialAction":[{"@type":"ReadAction","target":["https:\/\/unrostore.com\/shop\/terrafina\/amazonia-cream\/creme-espressokopjes-amazonia-cream-4-delig\/"]}]},{"@type":"ImageObject","inLanguage":"de","@id":"https:\/\/unrostore.com\/shop\/terrafina\/amazonia-cream\/creme-espressokopjes-amazonia-cream-4-delig\/#primaryimage","url":"https:\/\/unrostore.com\/wp-content\/uploads\/2023\/12\/unro-amazonia-cream-espressokopjes-set-van-4-espressomokken.webp","contentUrl":"https:\/\/unrostore.com\/wp-content\/uploads\/2023\/12\/unro-amazonia-cream-espressokopjes-set-van-4-espressomokken.webp","width":1000,"height":1000,"caption":"creme espressokopjes amazonia cream"},{"@type":"BreadcrumbList","@id":"https:\/\/unrostore.com\/shop\/terrafina\/amazonia-cream\/creme-espressokopjes-amazonia-cream-4-delig\/#breadcrumb","itemListElement":[{"@type":"ListItem","position":1,"name":"Home","item":"https:\/\/unrostore.com\/"},{"@type":"ListItem","position":2,"name":"Shop","item":"https:\/\/unrostore.com\/shop\/"},{"@type":"ListItem","position":3,"name":"Creme Espressokopjes 100 ml Amazonia Cream &#8211; 4-delig"}]},{"@type":"WebSite","@id":"https:\/\/unrostore.com\/#website","url":"https:\/\/unrostore.com\/","name":"UNRO","description":"Portugiesisches Geschirr, das Sie gl\u00fccklich machen wird!","publisher":{"@id":"https:\/\/unrostore.com\/#organization"},"potentialAction":[{"@type":"SearchAction","target":{"@type":"EntryPoint","urlTemplate":"https:\/\/unrostore.com\/?s={search_term_string}"},"query-input":{"@type":"PropertyValueSpecification","valueRequired":true,"valueName":"search_term_string"}}],"inLanguage":"de"},{"@type":"Organization","@id":"https:\/\/unrostore.com\/#organization","name":"UNRO","url":"https:\/\/unrostore.com\/","logo":{"@type":"ImageObject","inLanguage":"de","@id":"https:\/\/unrostore.com\/#\/schema\/logo\/image\/","url":"https:\/\/unrostore.com\/wp-content\/uploads\/2022\/05\/Logo-UNRO.png","contentUrl":"https:\/\/unrostore.com\/wp-content\/uploads\/2022\/05\/Logo-UNRO.png","width":605,"height":179,"caption":"UNRO"},"image":{"@id":"https:\/\/unrostore.com\/#\/schema\/logo\/image\/"}}]}},"_links":{"self":[{"href":"https:\/\/unrostore.com\/de-de\/wp-json\/wp\/v2\/product\/6661","targetHints":{"allow":["GET"]}}],"collection":[{"href":"https:\/\/unrostore.com\/de-de\/wp-json\/wp\/v2\/product"}],"about":[{"href":"https:\/\/unrostore.com\/de-de\/wp-json\/wp\/v2\/types\/product"}],"wp:featuredmedia":[{"embeddable":true,"href":"https:\/\/unrostore.com\/de-de\/wp-json\/wp\/v2\/media\/8149"}],"wp:attachment":[{"href":"https:\/\/unrostore.com\/de-de\/wp-json\/wp\/v2\/media?parent=6661"}],"wp:term":[{"taxonomy":"product_brand","embeddable":true,"href":"https:\/\/unrostore.com\/de-de\/wp-json\/wp\/v2\/product_brand?post=6661"},{"taxonomy":"product_cat","embeddable":true,"href":"https:\/\/unrostore.com\/de-de\/wp-json\/wp\/v2\/product_cat?post=6661"},{"taxonomy":"product_tag","embeddable":true,"href":"https:\/\/unrostore.com\/de-de\/wp-json\/wp\/v2\/product_tag?post=6661"}],"curies":[{"name":"wp","href":"https:\/\/api.w.org\/{rel}","templated":true}]}}