{"id":6374,"date":"2023-11-08T09:48:03","date_gmt":"2023-11-08T09:48:03","guid":{"rendered":"https:\/\/unrostore.com\/?post_type=product&#038;p=6374"},"modified":"2026-01-19T20:37:20","modified_gmt":"2026-01-19T20:37:20","slug":"creme-serviergeschirr-amazonia-creme-2-grosen","status":"publish","type":"product","link":"https:\/\/unrostore.com\/de-de\/shop\/terrafina\/amazonia-creme\/creme-serviergeschirr-amazonia-creme-2-grosen\/","title":{"rendered":"Creme Servierschalen Amazonia Cream - 2 Gr\u00f6\u00dfen"},"content":{"rendered":"<h3>Entdecken Sie die zartfarbigen cremefarbenen Servierschalen in 2 Gr\u00f6\u00dfen<\/h3>\n<p>Diese sch\u00f6ne <strong>Creme Servierschalen Amazonia Cream - 2 Gr\u00f6\u00dfen<\/strong> sind von der portugiesischen Marke <a href=\"https:\/\/www.terrafinastore.com\/en\/collections\/sail\">Terrafina<\/a>. Dieses Set aus 2 cremefarbenen, ovalen Servierschalen ist perfekt zum Servieren Ihrer Mahlzeiten. Gem\u00fctlich, wenn Sie mit einer Gruppe speisen m\u00f6chten. So kann jeder seine eigene Portion servieren und Sie k\u00f6nnen Brunch, Mittag- oder Abendessen gemeinsam genie\u00dfen. <span style=\"font-weight: 400;\">Nat\u00fcrlich k\u00f6nnen Sie diese ovalen Schalen auch als Obstschalen oder Auflaufformen verwenden. Die ovalen Schalen sind n\u00e4mlich ofenfest und sehen auf dem Tisch oder in Ihrer K\u00fcche toll aus. M\u00f6chten Sie ein komplettes Sahneservice genie\u00dfen? Dann schauen Sie sich auch die <a href=\"https:\/\/unrostore.com\/de-de\/shop\/terrafina\/amazonia-creme\/beige-serviesset-16-delig-amazonia-cream\/\">cremefarbenes Geschirrset 16-teilig mit Pastatellern und Sch\u00fcsseln<\/a>, die <a href=\"https:\/\/unrostore.com\/de-de\/shop\/terrafina\/amazonia-creme\/beige-serviesset-amazonia-cream-4-personen\/\">cremefarbenes Geschirrset mit Schalen<\/a> ob die <a href=\"https:\/\/unrostore.com\/de-de\/shop\/terrafina\/amazonia-creme\/serviesset-beige-pastaborden-amazonia-cream\/\">cremefarbenes Geschirrset mit Pastatellern<\/a>. Auch dieses Set aus 2 cremefarbenen ovalen Schalen sind sehr sch\u00f6n als Geschenk f\u00fcr eine Einweihungsparty, Geburtstag oder Weihnachten! Bevorzugen Sie eine runde Schale? Dann ist die <a href=\"https:\/\/unrostore.com\/de-de\/shop\/terrafina\/amazonia-creme\/fruitschaal-beige-amazonia-cream\/\">Obstschale mit Sahne<\/a>die sich auch als Salatsch\u00fcssel eignet, besser geeignet.\u00a0<\/span><\/p>\n<p>\u00a0<\/p>\n<h3>Dies ist die Anzahl der Servierschalen, die Ihnen zur Verf\u00fcgung gestellt werden<\/h3>\n<ul>\n<li>1x Gro\u00dfe Servierplatte (42cm lang)<\/li>\n<li>1x Mittlere Servierplatte (34cm lang)<\/li>\n<li>1x Terrafina Geschenkbox<\/li>\n<\/ul>\n<p>\u00a0<\/p>\n<p><em><strong>Duurzaam voor mens & milieu:<\/strong><br \/>\nJedes Produkt ist ein Unikat, denn es wird in Handarbeit hergestellt.<br \/>\nDruck und Textur k\u00f6nnen daher leicht vom Produktfoto abweichen.<\/em><\/p>","protected":false},"excerpt":{"rendered":"<div class=\"usps\"><i class=\"far fa-check-circle\"><\/i> Mikrowellenfest<br \/>\n<i class=\"far fa-check-circle\"><\/i> Backofenfest (bis zu 200 Grad)<br \/>\n<i class=\"far fa-check-circle\"><\/i> Sp\u00fclmaschinenfest<br \/>\n<i class=\"far fa-thumbs-up\"><\/i> Handgefertigt<\/div>","protected":false},"featured_media":6375,"template":"","meta":[],"product_brand":[],"product_cat":[869,144,138,119],"product_tag":[145,253,601,260,609,875,873,874,252,148,149,303,123],"class_list":{"0":"post-6374","1":"product","2":"type-product","3":"status-publish","4":"has-post-thumbnail","6":"product_cat-unro-cadeautips","7":"product_cat-amazonia-cream","8":"product_cat-serveerschalen","9":"product_cat-terrafina","10":"product_tag-amazonia-cream","11":"product_tag-fruitschaal","12":"product_tag-hapjesschaal","13":"product_tag-ovaal","14":"product_tag-ovale-schaal","15":"product_tag-ovale-schalen","16":"product_tag-oven-schaal","17":"product_tag-oven-schalen","18":"product_tag-schaal","19":"product_tag-serveerschaal","20":"product_tag-serveerschalen","21":"product_tag-serveren","22":"product_tag-terrafina","23":"product_shipping_class-pakket","25":"first","26":"instock","27":"sale","28":"taxable","29":"shipping-taxable","30":"purchasable","31":"product-type-simple"},"yoast_head":"<!-- This site is optimized with the Yoast SEO plugin v27.5 - https:\/\/yoast.com\/product\/yoast-seo-wordpress\/ -->\n<title>Creme Serveerschalen Amazonia Cream - 2-groottes &#8226; Terrafina &#8226; UNRO<\/title>\n<meta name=\"description\" content=\"Geniet samen aan tafel ver verschillende gerechten geserveerd op de ovale creme serveerschalen tijdens de brunch, lunch of het diner!\" \/>\n<meta name=\"robots\" content=\"index, follow, max-snippet:-1, max-image-preview:large, max-video-preview:-1\" \/>\n<link rel=\"canonical\" href=\"https:\/\/unrostore.com\/de-de\/shop\/terrafina\/amazonia-creme\/creme-serviergeschirr-amazonia-creme-2-grosen\/\" \/>\n<meta property=\"og:locale\" content=\"de_DE\" \/>\n<meta property=\"og:type\" content=\"article\" \/>\n<meta property=\"og:title\" content=\"Creme Serveerschalen Amazonia Cream - 2-groottes &#8226; Terrafina &#8226; UNRO\" \/>\n<meta property=\"og:description\" content=\"Geniet samen aan tafel ver verschillende gerechten geserveerd op de ovale creme serveerschalen tijdens de brunch, lunch of het diner!\" \/>\n<meta property=\"og:url\" content=\"https:\/\/unrostore.com\/de-de\/shop\/terrafina\/amazonia-creme\/creme-serviergeschirr-amazonia-creme-2-grosen\/\" \/>\n<meta property=\"og:site_name\" content=\"UNRO\" \/>\n<meta property=\"article:modified_time\" content=\"2026-01-19T20:37:20+00:00\" \/>\n<meta property=\"og:image\" content=\"https:\/\/unrostore.com\/wp-content\/uploads\/2023\/11\/unro-creme-serveerschalen-set.jpg\" \/>\n\t<meta property=\"og:image:width\" content=\"1000\" \/>\n\t<meta property=\"og:image:height\" content=\"1000\" \/>\n\t<meta property=\"og:image:type\" content=\"image\/jpeg\" \/>\n<meta name=\"twitter:card\" content=\"summary_large_image\" \/>\n<script type=\"application\/ld+json\" class=\"yoast-schema-graph\">{\"@context\":\"https:\\\/\\\/schema.org\",\"@graph\":[{\"@type\":\"WebPage\",\"@id\":\"https:\\\/\\\/unrostore.com\\\/shop\\\/terrafina\\\/amazonia-cream\\\/creme-serveerschalen-amazonia-cream-2-groottes\\\/\",\"url\":\"https:\\\/\\\/unrostore.com\\\/shop\\\/terrafina\\\/amazonia-cream\\\/creme-serveerschalen-amazonia-cream-2-groottes\\\/\",\"name\":\"Creme Serveerschalen Amazonia Cream - 2-groottes &#8226; Terrafina &#8226; UNRO\",\"isPartOf\":{\"@id\":\"https:\\\/\\\/unrostore.com\\\/#website\"},\"primaryImageOfPage\":{\"@id\":\"https:\\\/\\\/unrostore.com\\\/shop\\\/terrafina\\\/amazonia-cream\\\/creme-serveerschalen-amazonia-cream-2-groottes\\\/#primaryimage\"},\"image\":{\"@id\":\"https:\\\/\\\/unrostore.com\\\/shop\\\/terrafina\\\/amazonia-cream\\\/creme-serveerschalen-amazonia-cream-2-groottes\\\/#primaryimage\"},\"thumbnailUrl\":\"https:\\\/\\\/unrostore.com\\\/wp-content\\\/uploads\\\/2023\\\/11\\\/unro-creme-serveerschalen-set.jpg\",\"datePublished\":\"2023-11-08T09:48:03+00:00\",\"dateModified\":\"2026-01-19T20:37:20+00:00\",\"description\":\"Geniet samen aan tafel ver verschillende gerechten geserveerd op de ovale creme serveerschalen tijdens de brunch, lunch of het diner!\",\"breadcrumb\":{\"@id\":\"https:\\\/\\\/unrostore.com\\\/shop\\\/terrafina\\\/amazonia-cream\\\/creme-serveerschalen-amazonia-cream-2-groottes\\\/#breadcrumb\"},\"inLanguage\":\"de\",\"potentialAction\":[{\"@type\":\"ReadAction\",\"target\":[\"https:\\\/\\\/unrostore.com\\\/shop\\\/terrafina\\\/amazonia-cream\\\/creme-serveerschalen-amazonia-cream-2-groottes\\\/\"]}]},{\"@type\":\"ImageObject\",\"inLanguage\":\"de\",\"@id\":\"https:\\\/\\\/unrostore.com\\\/shop\\\/terrafina\\\/amazonia-cream\\\/creme-serveerschalen-amazonia-cream-2-groottes\\\/#primaryimage\",\"url\":\"https:\\\/\\\/unrostore.com\\\/wp-content\\\/uploads\\\/2023\\\/11\\\/unro-creme-serveerschalen-set.jpg\",\"contentUrl\":\"https:\\\/\\\/unrostore.com\\\/wp-content\\\/uploads\\\/2023\\\/11\\\/unro-creme-serveerschalen-set.jpg\",\"width\":1000,\"height\":1000,\"caption\":\"Creme Serveerschalen\"},{\"@type\":\"BreadcrumbList\",\"@id\":\"https:\\\/\\\/unrostore.com\\\/shop\\\/terrafina\\\/amazonia-cream\\\/creme-serveerschalen-amazonia-cream-2-groottes\\\/#breadcrumb\",\"itemListElement\":[{\"@type\":\"ListItem\",\"position\":1,\"name\":\"Home\",\"item\":\"https:\\\/\\\/unrostore.com\\\/\"},{\"@type\":\"ListItem\",\"position\":2,\"name\":\"Shop\",\"item\":\"https:\\\/\\\/unrostore.com\\\/shop\\\/\"},{\"@type\":\"ListItem\",\"position\":3,\"name\":\"Creme Serveerschalen Amazonia Cream &#8211; 2-groottes\"}]},{\"@type\":\"WebSite\",\"@id\":\"https:\\\/\\\/unrostore.com\\\/#website\",\"url\":\"https:\\\/\\\/unrostore.com\\\/\",\"name\":\"UNRO\",\"description\":\"Portugees servies waar je blij van wordt!\",\"publisher\":{\"@id\":\"https:\\\/\\\/unrostore.com\\\/#organization\"},\"potentialAction\":[{\"@type\":\"SearchAction\",\"target\":{\"@type\":\"EntryPoint\",\"urlTemplate\":\"https:\\\/\\\/unrostore.com\\\/?s={search_term_string}\"},\"query-input\":{\"@type\":\"PropertyValueSpecification\",\"valueRequired\":true,\"valueName\":\"search_term_string\"}}],\"inLanguage\":\"de\"},{\"@type\":\"Organization\",\"@id\":\"https:\\\/\\\/unrostore.com\\\/#organization\",\"name\":\"UNRO\",\"url\":\"https:\\\/\\\/unrostore.com\\\/\",\"logo\":{\"@type\":\"ImageObject\",\"inLanguage\":\"de\",\"@id\":\"https:\\\/\\\/unrostore.com\\\/#\\\/schema\\\/logo\\\/image\\\/\",\"url\":\"https:\\\/\\\/unrostore.com\\\/wp-content\\\/uploads\\\/2022\\\/05\\\/Logo-UNRO.png\",\"contentUrl\":\"https:\\\/\\\/unrostore.com\\\/wp-content\\\/uploads\\\/2022\\\/05\\\/Logo-UNRO.png\",\"width\":605,\"height\":179,\"caption\":\"UNRO\"},\"image\":{\"@id\":\"https:\\\/\\\/unrostore.com\\\/#\\\/schema\\\/logo\\\/image\\\/\"}}]}<\/script>\n<!-- \/ Yoast SEO plugin. -->","yoast_head_json":{"title":"Creme Servierschalen Amazonia Creme - 2er Gr\u00f6\u00dfe - Terrafina - UNRO","description":"Genie\u00dfen Sie gemeinsam am Tisch verschiedene Gerichte, die auf den ovalen Cremesch\u00e4lchen serviert werden, zum Brunch, Mittag- oder Abendessen!","robots":{"index":"index","follow":"follow","max-snippet":"max-snippet:-1","max-image-preview":"max-image-preview:large","max-video-preview":"max-video-preview:-1"},"canonical":"https:\/\/unrostore.com\/de-de\/shop\/terrafina\/amazonia-creme\/creme-serviergeschirr-amazonia-creme-2-grosen\/","og_locale":"de_DE","og_type":"article","og_title":"Creme Serveerschalen Amazonia Cream - 2-groottes &#8226; Terrafina &#8226; UNRO","og_description":"Geniet samen aan tafel ver verschillende gerechten geserveerd op de ovale creme serveerschalen tijdens de brunch, lunch of het diner!","og_url":"https:\/\/unrostore.com\/de-de\/shop\/terrafina\/amazonia-creme\/creme-serviergeschirr-amazonia-creme-2-grosen\/","og_site_name":"UNRO","article_modified_time":"2026-01-19T20:37:20+00:00","og_image":[{"width":1000,"height":1000,"url":"https:\/\/unrostore.com\/wp-content\/uploads\/2023\/11\/unro-creme-serveerschalen-set.jpg","type":"image\/jpeg"}],"twitter_card":"summary_large_image","schema":{"@context":"https:\/\/schema.org","@graph":[{"@type":"WebPage","@id":"https:\/\/unrostore.com\/shop\/terrafina\/amazonia-cream\/creme-serveerschalen-amazonia-cream-2-groottes\/","url":"https:\/\/unrostore.com\/shop\/terrafina\/amazonia-cream\/creme-serveerschalen-amazonia-cream-2-groottes\/","name":"Creme Servierschalen Amazonia Creme - 2er Gr\u00f6\u00dfe - Terrafina - UNRO","isPartOf":{"@id":"https:\/\/unrostore.com\/#website"},"primaryImageOfPage":{"@id":"https:\/\/unrostore.com\/shop\/terrafina\/amazonia-cream\/creme-serveerschalen-amazonia-cream-2-groottes\/#primaryimage"},"image":{"@id":"https:\/\/unrostore.com\/shop\/terrafina\/amazonia-cream\/creme-serveerschalen-amazonia-cream-2-groottes\/#primaryimage"},"thumbnailUrl":"https:\/\/unrostore.com\/wp-content\/uploads\/2023\/11\/unro-creme-serveerschalen-set.jpg","datePublished":"2023-11-08T09:48:03+00:00","dateModified":"2026-01-19T20:37:20+00:00","description":"Genie\u00dfen Sie gemeinsam am Tisch verschiedene Gerichte, die auf den ovalen Cremesch\u00e4lchen serviert werden, zum Brunch, Mittag- oder Abendessen!","breadcrumb":{"@id":"https:\/\/unrostore.com\/shop\/terrafina\/amazonia-cream\/creme-serveerschalen-amazonia-cream-2-groottes\/#breadcrumb"},"inLanguage":"de","potentialAction":[{"@type":"ReadAction","target":["https:\/\/unrostore.com\/shop\/terrafina\/amazonia-cream\/creme-serveerschalen-amazonia-cream-2-groottes\/"]}]},{"@type":"ImageObject","inLanguage":"de","@id":"https:\/\/unrostore.com\/shop\/terrafina\/amazonia-cream\/creme-serveerschalen-amazonia-cream-2-groottes\/#primaryimage","url":"https:\/\/unrostore.com\/wp-content\/uploads\/2023\/11\/unro-creme-serveerschalen-set.jpg","contentUrl":"https:\/\/unrostore.com\/wp-content\/uploads\/2023\/11\/unro-creme-serveerschalen-set.jpg","width":1000,"height":1000,"caption":"Creme Serveerschalen"},{"@type":"BreadcrumbList","@id":"https:\/\/unrostore.com\/shop\/terrafina\/amazonia-cream\/creme-serveerschalen-amazonia-cream-2-groottes\/#breadcrumb","itemListElement":[{"@type":"ListItem","position":1,"name":"Home","item":"https:\/\/unrostore.com\/"},{"@type":"ListItem","position":2,"name":"Shop","item":"https:\/\/unrostore.com\/shop\/"},{"@type":"ListItem","position":3,"name":"Creme Serveerschalen Amazonia Cream &#8211; 2-groottes"}]},{"@type":"WebSite","@id":"https:\/\/unrostore.com\/#website","url":"https:\/\/unrostore.com\/","name":"UNRO","description":"Portugiesisches Geschirr, das Sie gl\u00fccklich machen wird!","publisher":{"@id":"https:\/\/unrostore.com\/#organization"},"potentialAction":[{"@type":"SearchAction","target":{"@type":"EntryPoint","urlTemplate":"https:\/\/unrostore.com\/?s={search_term_string}"},"query-input":{"@type":"PropertyValueSpecification","valueRequired":true,"valueName":"search_term_string"}}],"inLanguage":"de"},{"@type":"Organization","@id":"https:\/\/unrostore.com\/#organization","name":"UNRO","url":"https:\/\/unrostore.com\/","logo":{"@type":"ImageObject","inLanguage":"de","@id":"https:\/\/unrostore.com\/#\/schema\/logo\/image\/","url":"https:\/\/unrostore.com\/wp-content\/uploads\/2022\/05\/Logo-UNRO.png","contentUrl":"https:\/\/unrostore.com\/wp-content\/uploads\/2022\/05\/Logo-UNRO.png","width":605,"height":179,"caption":"UNRO"},"image":{"@id":"https:\/\/unrostore.com\/#\/schema\/logo\/image\/"}}]}},"_links":{"self":[{"href":"https:\/\/unrostore.com\/de-de\/wp-json\/wp\/v2\/product\/6374","targetHints":{"allow":["GET"]}}],"collection":[{"href":"https:\/\/unrostore.com\/de-de\/wp-json\/wp\/v2\/product"}],"about":[{"href":"https:\/\/unrostore.com\/de-de\/wp-json\/wp\/v2\/types\/product"}],"wp:featuredmedia":[{"embeddable":true,"href":"https:\/\/unrostore.com\/de-de\/wp-json\/wp\/v2\/media\/6375"}],"wp:attachment":[{"href":"https:\/\/unrostore.com\/de-de\/wp-json\/wp\/v2\/media?parent=6374"}],"wp:term":[{"taxonomy":"product_brand","embeddable":true,"href":"https:\/\/unrostore.com\/de-de\/wp-json\/wp\/v2\/product_brand?post=6374"},{"taxonomy":"product_cat","embeddable":true,"href":"https:\/\/unrostore.com\/de-de\/wp-json\/wp\/v2\/product_cat?post=6374"},{"taxonomy":"product_tag","embeddable":true,"href":"https:\/\/unrostore.com\/de-de\/wp-json\/wp\/v2\/product_tag?post=6374"}],"curies":[{"name":"wp","href":"https:\/\/api.w.org\/{rel}","templated":true}]}}