{"id":6371,"date":"2023-11-07T21:13:29","date_gmt":"2023-11-07T21:13:29","guid":{"rendered":"https:\/\/unrostore.com\/?post_type=product&#038;p=6371"},"modified":"2026-02-16T16:28:34","modified_gmt":"2026-02-16T16:28:34","slug":"beige-cappuccinotasse-amazonia-creme-1-stuck","status":"publish","type":"product","link":"https:\/\/unrostore.com\/de-de\/shop\/terrafina\/amazonia-creme\/beige-cappuccinotasse-amazonia-creme-1-stuck\/","title":{"rendered":"Creme Cappuccino Becher 350 ml Amazonia Creme - 1 St\u00fcck"},"content":{"rendered":"<h3>Entdecken Sie die St\u00e4rke in der dezenten Farbe dieses <strong>Creme Cappuccino Becher<\/strong><\/h3>\n<p><span style=\"font-weight: 400;\">Diese <strong>Creme Cappuccino Becher<\/strong>\u00a0von <a href=\"https:\/\/www.terrafinastore.com\/en\/collections\/amazonia\">Terrafina<\/a> hat eine nicht zu auff\u00e4llige Farbe, die es sch\u00f6n aussehen in einem ruhigen Hotel chic Interieur macht. Die Gr\u00f6\u00dfe dieses gro\u00dfen handgefertigten Bechers ist ideal f\u00fcr Ihren Cappuccino, extra gro\u00dfen Kaffee, Latte Macchiato oder Tee. Ideal f\u00fcr den morgendlichen Kaffeegenuss, den Tag im Home Office oder einen gem\u00fctlichen Abend auf der Couch. Dieser cremefarbene Keramikbecher eignet sich auch hervorragend als Weihnachtsgeschenk, Geburtstagsgeschenk und Einweihungsgeschenk. M\u00f6chten Sie ein komplettes Fr\u00fchst\u00fccksset? Dann werfen Sie einen Blick auf das <a href=\"https:\/\/unrostore.com\/de-de\/shop\/terrafina\/amazonia-creme\/beige-schaaltjes-amazonia-cream-2-delig\/\">Cremesch\u00e4lchen<\/a>, <a href=\"https:\/\/unrostore.com\/de-de\/shop\/terrafina\/amazonia-creme\/beige-gebaksbordjes-amazonia-cream-4-delig\/\">Creme Fr\u00fchst\u00fccksteller<\/a> ob die <a href=\"https:\/\/unrostore.com\/de-de\/shop\/terrafina\/amazonia-creme\/beige-mokken-amazonia-cream-2-delig\/\">Set aus zwei Creme Tassen<\/a>.<\/span><\/p>\n<p>&nbsp;<\/p>\n<h3>Dies ist die Anzahl der Becher, die Sie geliefert bekommen<\/h3>\n<ul>\n<li>1x Amazonia Cream Tasse (350ml trinkbares Fassungsverm\u00f6gen)<\/li>\n<li>1x Terrafina Geschenkbox<\/li>\n<\/ul>\n<p>&nbsp;<\/p>\n<p><em><strong>Nachhaltig f\u00fcr Mensch und Umwelt:<\/strong><br \/>\nJedes Produkt ist ein Unikat, denn es wird in Handarbeit hergestellt.<br \/>\nDruck und Textur k\u00f6nnen daher leicht vom Produktfoto abweichen.<\/em><\/p>","protected":false},"excerpt":{"rendered":"<div class=\"usps\"><i class=\"far fa-check-circle\"><\/i> Mikrowellenfest<br \/>\n<i class=\"far fa-check-circle\"><\/i> Backofenfest (bis zu 200 Grad)<br \/>\n<i class=\"far fa-check-circle\"><\/i> Sp\u00fclmaschinenfest<br \/>\n<i class=\"far fa-thumbs-up\"><\/i> Handgefertigt<\/div>","protected":false},"featured_media":6373,"template":"","meta":[],"product_brand":[],"product_cat":[869,316,144,132,870,871,119],"product_tag":[145,788,309,634,233,639,689,703,638,626,690,633,789,790,123,637,632],"class_list":{"0":"post-6371","1":"product","2":"type-product","3":"status-publish","4":"has-post-thumbnail","6":"product_cat-unro-cadeautips","7":"product_cat-cappuccino-mokken","8":"product_cat-amazonia-cream","9":"product_cat-kopjes-en-mokken","10":"product_cat-unro-nieuw-portugees-servies","11":"product_cat-unro-populair-portugees-keramiek","12":"product_cat-terrafina","13":"product_tag-amazonia-cream","14":"product_tag-beige-mokken","15":"product_tag-cappuccino-mokken","16":"product_tag-chai-latte","17":"product_tag-creme","18":"product_tag-grote-mokken","19":"product_tag-high-tea","20":"product_tag-koffie-met-gebak","21":"product_tag-koffiekopjes","22":"product_tag-koffiemokken","23":"product_tag-koffietijd","24":"product_tag-latte-macchiato","25":"product_tag-mokken-beige","26":"product_tag-mokken-met-oor","27":"product_tag-terrafina","28":"product_tag-theekopjes","29":"product_tag-theemokken","30":"product_shipping_class-pakket","32":"first","33":"outofstock","34":"sale","35":"taxable","36":"shipping-taxable","37":"purchasable","38":"product-type-simple"},"yoast_head":"<!-- This site is optimized with the Yoast SEO plugin v27.4 - https:\/\/yoast.com\/product\/yoast-seo-wordpress\/ -->\n<title>Creme Cappuccino Mok 350 ml Amazonia Cream - 1 stuk &#8226; UNRO<\/title>\n<meta name=\"description\" content=\"Geniet elke dag van jouw kop koffie, thee of warme chocomel tijdens de koude winterdagen met deze mooie creme cappuccino mok uit Portugal!\" \/>\n<meta name=\"robots\" content=\"index, follow, max-snippet:-1, max-image-preview:large, max-video-preview:-1\" \/>\n<link rel=\"canonical\" href=\"https:\/\/unrostore.com\/de-de\/shop\/terrafina\/amazonia-creme\/beige-cappuccinotasse-amazonia-creme-1-stuck\/\" \/>\n<meta property=\"og:locale\" content=\"de_DE\" \/>\n<meta property=\"og:type\" content=\"article\" \/>\n<meta property=\"og:title\" content=\"Creme Cappuccino Mok 350 ml Amazonia Cream - 1 stuk &#8226; UNRO\" \/>\n<meta property=\"og:description\" content=\"Geniet elke dag van jouw kop koffie, thee of warme chocomel tijdens de koude winterdagen met deze mooie creme cappuccino mok uit Portugal!\" \/>\n<meta property=\"og:url\" content=\"https:\/\/unrostore.com\/de-de\/shop\/terrafina\/amazonia-creme\/beige-cappuccinotasse-amazonia-creme-1-stuck\/\" \/>\n<meta property=\"og:site_name\" content=\"UNRO\" \/>\n<meta property=\"article:modified_time\" content=\"2026-02-16T16:28:34+00:00\" \/>\n<meta property=\"og:image\" content=\"https:\/\/unrostore.com\/wp-content\/uploads\/2023\/11\/unro-creme-cappuccino-mok.webp\" \/>\n\t<meta property=\"og:image:width\" content=\"1000\" \/>\n\t<meta property=\"og:image:height\" content=\"1000\" \/>\n\t<meta property=\"og:image:type\" content=\"image\/webp\" \/>\n<meta name=\"twitter:card\" content=\"summary_large_image\" \/>\n<script type=\"application\/ld+json\" class=\"yoast-schema-graph\">{\"@context\":\"https:\\\/\\\/schema.org\",\"@graph\":[{\"@type\":\"WebPage\",\"@id\":\"https:\\\/\\\/unrostore.com\\\/shop\\\/terrafina\\\/amazonia-cream\\\/beige-cappuccino-mok-amazonia-cream-1-stuk\\\/\",\"url\":\"https:\\\/\\\/unrostore.com\\\/shop\\\/terrafina\\\/amazonia-cream\\\/beige-cappuccino-mok-amazonia-cream-1-stuk\\\/\",\"name\":\"Creme Cappuccino Mok 350 ml Amazonia Cream - 1 stuk &#8226; UNRO\",\"isPartOf\":{\"@id\":\"https:\\\/\\\/unrostore.com\\\/#website\"},\"primaryImageOfPage\":{\"@id\":\"https:\\\/\\\/unrostore.com\\\/shop\\\/terrafina\\\/amazonia-cream\\\/beige-cappuccino-mok-amazonia-cream-1-stuk\\\/#primaryimage\"},\"image\":{\"@id\":\"https:\\\/\\\/unrostore.com\\\/shop\\\/terrafina\\\/amazonia-cream\\\/beige-cappuccino-mok-amazonia-cream-1-stuk\\\/#primaryimage\"},\"thumbnailUrl\":\"https:\\\/\\\/unrostore.com\\\/wp-content\\\/uploads\\\/2023\\\/11\\\/unro-creme-cappuccino-mok.webp\",\"datePublished\":\"2023-11-07T21:13:29+00:00\",\"dateModified\":\"2026-02-16T16:28:34+00:00\",\"description\":\"Geniet elke dag van jouw kop koffie, thee of warme chocomel tijdens de koude winterdagen met deze mooie creme cappuccino mok uit Portugal!\",\"breadcrumb\":{\"@id\":\"https:\\\/\\\/unrostore.com\\\/shop\\\/terrafina\\\/amazonia-cream\\\/beige-cappuccino-mok-amazonia-cream-1-stuk\\\/#breadcrumb\"},\"inLanguage\":\"de\",\"potentialAction\":[{\"@type\":\"ReadAction\",\"target\":[\"https:\\\/\\\/unrostore.com\\\/shop\\\/terrafina\\\/amazonia-cream\\\/beige-cappuccino-mok-amazonia-cream-1-stuk\\\/\"]}]},{\"@type\":\"ImageObject\",\"inLanguage\":\"de\",\"@id\":\"https:\\\/\\\/unrostore.com\\\/shop\\\/terrafina\\\/amazonia-cream\\\/beige-cappuccino-mok-amazonia-cream-1-stuk\\\/#primaryimage\",\"url\":\"https:\\\/\\\/unrostore.com\\\/wp-content\\\/uploads\\\/2023\\\/11\\\/unro-creme-cappuccino-mok.webp\",\"contentUrl\":\"https:\\\/\\\/unrostore.com\\\/wp-content\\\/uploads\\\/2023\\\/11\\\/unro-creme-cappuccino-mok.webp\",\"width\":1000,\"height\":1000,\"caption\":\"creme cappuccino mok\"},{\"@type\":\"BreadcrumbList\",\"@id\":\"https:\\\/\\\/unrostore.com\\\/shop\\\/terrafina\\\/amazonia-cream\\\/beige-cappuccino-mok-amazonia-cream-1-stuk\\\/#breadcrumb\",\"itemListElement\":[{\"@type\":\"ListItem\",\"position\":1,\"name\":\"Home\",\"item\":\"https:\\\/\\\/unrostore.com\\\/\"},{\"@type\":\"ListItem\",\"position\":2,\"name\":\"Shop\",\"item\":\"https:\\\/\\\/unrostore.com\\\/shop\\\/\"},{\"@type\":\"ListItem\",\"position\":3,\"name\":\"Creme Cappuccino Mok 350 ml Amazonia Cream &#8211; 1 stuk\"}]},{\"@type\":\"WebSite\",\"@id\":\"https:\\\/\\\/unrostore.com\\\/#website\",\"url\":\"https:\\\/\\\/unrostore.com\\\/\",\"name\":\"UNRO\",\"description\":\"Portugees servies waar je blij van wordt!\",\"publisher\":{\"@id\":\"https:\\\/\\\/unrostore.com\\\/#organization\"},\"potentialAction\":[{\"@type\":\"SearchAction\",\"target\":{\"@type\":\"EntryPoint\",\"urlTemplate\":\"https:\\\/\\\/unrostore.com\\\/?s={search_term_string}\"},\"query-input\":{\"@type\":\"PropertyValueSpecification\",\"valueRequired\":true,\"valueName\":\"search_term_string\"}}],\"inLanguage\":\"de\"},{\"@type\":\"Organization\",\"@id\":\"https:\\\/\\\/unrostore.com\\\/#organization\",\"name\":\"UNRO\",\"url\":\"https:\\\/\\\/unrostore.com\\\/\",\"logo\":{\"@type\":\"ImageObject\",\"inLanguage\":\"de\",\"@id\":\"https:\\\/\\\/unrostore.com\\\/#\\\/schema\\\/logo\\\/image\\\/\",\"url\":\"https:\\\/\\\/unrostore.com\\\/wp-content\\\/uploads\\\/2022\\\/05\\\/Logo-UNRO.png\",\"contentUrl\":\"https:\\\/\\\/unrostore.com\\\/wp-content\\\/uploads\\\/2022\\\/05\\\/Logo-UNRO.png\",\"width\":605,\"height\":179,\"caption\":\"UNRO\"},\"image\":{\"@id\":\"https:\\\/\\\/unrostore.com\\\/#\\\/schema\\\/logo\\\/image\\\/\"}}]}<\/script>\n<!-- \/ Yoast SEO plugin. -->","yoast_head_json":{"title":"Creme Cappuccino Becher 350 ml Amazonia Creme - 1 St\u00fcck - UNRO","description":"Genie\u00dfen Sie Ihre Tasse Kaffee, Tee oder hei\u00dfe Schokolade jeden Tag w\u00e4hrend der kalten Wintertage mit dieser sch\u00f6nen Creme Cappuccino Tasse aus Portugal!","robots":{"index":"index","follow":"follow","max-snippet":"max-snippet:-1","max-image-preview":"max-image-preview:large","max-video-preview":"max-video-preview:-1"},"canonical":"https:\/\/unrostore.com\/de-de\/shop\/terrafina\/amazonia-creme\/beige-cappuccinotasse-amazonia-creme-1-stuck\/","og_locale":"de_DE","og_type":"article","og_title":"Creme Cappuccino Mok 350 ml Amazonia Cream - 1 stuk &#8226; UNRO","og_description":"Geniet elke dag van jouw kop koffie, thee of warme chocomel tijdens de koude winterdagen met deze mooie creme cappuccino mok uit Portugal!","og_url":"https:\/\/unrostore.com\/de-de\/shop\/terrafina\/amazonia-creme\/beige-cappuccinotasse-amazonia-creme-1-stuck\/","og_site_name":"UNRO","article_modified_time":"2026-02-16T16:28:34+00:00","og_image":[{"width":1000,"height":1000,"url":"https:\/\/unrostore.com\/wp-content\/uploads\/2023\/11\/unro-creme-cappuccino-mok.webp","type":"image\/webp"}],"twitter_card":"summary_large_image","schema":{"@context":"https:\/\/schema.org","@graph":[{"@type":"WebPage","@id":"https:\/\/unrostore.com\/shop\/terrafina\/amazonia-cream\/beige-cappuccino-mok-amazonia-cream-1-stuk\/","url":"https:\/\/unrostore.com\/shop\/terrafina\/amazonia-cream\/beige-cappuccino-mok-amazonia-cream-1-stuk\/","name":"Creme Cappuccino Becher 350 ml Amazonia Creme - 1 St\u00fcck - UNRO","isPartOf":{"@id":"https:\/\/unrostore.com\/#website"},"primaryImageOfPage":{"@id":"https:\/\/unrostore.com\/shop\/terrafina\/amazonia-cream\/beige-cappuccino-mok-amazonia-cream-1-stuk\/#primaryimage"},"image":{"@id":"https:\/\/unrostore.com\/shop\/terrafina\/amazonia-cream\/beige-cappuccino-mok-amazonia-cream-1-stuk\/#primaryimage"},"thumbnailUrl":"https:\/\/unrostore.com\/wp-content\/uploads\/2023\/11\/unro-creme-cappuccino-mok.webp","datePublished":"2023-11-07T21:13:29+00:00","dateModified":"2026-02-16T16:28:34+00:00","description":"Genie\u00dfen Sie Ihre Tasse Kaffee, Tee oder hei\u00dfe Schokolade jeden Tag w\u00e4hrend der kalten Wintertage mit dieser sch\u00f6nen Creme Cappuccino Tasse aus Portugal!","breadcrumb":{"@id":"https:\/\/unrostore.com\/shop\/terrafina\/amazonia-cream\/beige-cappuccino-mok-amazonia-cream-1-stuk\/#breadcrumb"},"inLanguage":"de","potentialAction":[{"@type":"ReadAction","target":["https:\/\/unrostore.com\/shop\/terrafina\/amazonia-cream\/beige-cappuccino-mok-amazonia-cream-1-stuk\/"]}]},{"@type":"ImageObject","inLanguage":"de","@id":"https:\/\/unrostore.com\/shop\/terrafina\/amazonia-cream\/beige-cappuccino-mok-amazonia-cream-1-stuk\/#primaryimage","url":"https:\/\/unrostore.com\/wp-content\/uploads\/2023\/11\/unro-creme-cappuccino-mok.webp","contentUrl":"https:\/\/unrostore.com\/wp-content\/uploads\/2023\/11\/unro-creme-cappuccino-mok.webp","width":1000,"height":1000,"caption":"creme cappuccino mok"},{"@type":"BreadcrumbList","@id":"https:\/\/unrostore.com\/shop\/terrafina\/amazonia-cream\/beige-cappuccino-mok-amazonia-cream-1-stuk\/#breadcrumb","itemListElement":[{"@type":"ListItem","position":1,"name":"Home","item":"https:\/\/unrostore.com\/"},{"@type":"ListItem","position":2,"name":"Shop","item":"https:\/\/unrostore.com\/shop\/"},{"@type":"ListItem","position":3,"name":"Creme Cappuccino Mok 350 ml Amazonia Cream &#8211; 1 stuk"}]},{"@type":"WebSite","@id":"https:\/\/unrostore.com\/#website","url":"https:\/\/unrostore.com\/","name":"UNRO","description":"Portugiesisches Geschirr, das Sie gl\u00fccklich machen wird!","publisher":{"@id":"https:\/\/unrostore.com\/#organization"},"potentialAction":[{"@type":"SearchAction","target":{"@type":"EntryPoint","urlTemplate":"https:\/\/unrostore.com\/?s={search_term_string}"},"query-input":{"@type":"PropertyValueSpecification","valueRequired":true,"valueName":"search_term_string"}}],"inLanguage":"de"},{"@type":"Organization","@id":"https:\/\/unrostore.com\/#organization","name":"UNRO","url":"https:\/\/unrostore.com\/","logo":{"@type":"ImageObject","inLanguage":"de","@id":"https:\/\/unrostore.com\/#\/schema\/logo\/image\/","url":"https:\/\/unrostore.com\/wp-content\/uploads\/2022\/05\/Logo-UNRO.png","contentUrl":"https:\/\/unrostore.com\/wp-content\/uploads\/2022\/05\/Logo-UNRO.png","width":605,"height":179,"caption":"UNRO"},"image":{"@id":"https:\/\/unrostore.com\/#\/schema\/logo\/image\/"}}]}},"_links":{"self":[{"href":"https:\/\/unrostore.com\/de-de\/wp-json\/wp\/v2\/product\/6371","targetHints":{"allow":["GET"]}}],"collection":[{"href":"https:\/\/unrostore.com\/de-de\/wp-json\/wp\/v2\/product"}],"about":[{"href":"https:\/\/unrostore.com\/de-de\/wp-json\/wp\/v2\/types\/product"}],"wp:featuredmedia":[{"embeddable":true,"href":"https:\/\/unrostore.com\/de-de\/wp-json\/wp\/v2\/media\/6373"}],"wp:attachment":[{"href":"https:\/\/unrostore.com\/de-de\/wp-json\/wp\/v2\/media?parent=6371"}],"wp:term":[{"taxonomy":"product_brand","embeddable":true,"href":"https:\/\/unrostore.com\/de-de\/wp-json\/wp\/v2\/product_brand?post=6371"},{"taxonomy":"product_cat","embeddable":true,"href":"https:\/\/unrostore.com\/de-de\/wp-json\/wp\/v2\/product_cat?post=6371"},{"taxonomy":"product_tag","embeddable":true,"href":"https:\/\/unrostore.com\/de-de\/wp-json\/wp\/v2\/product_tag?post=6371"}],"curies":[{"name":"wp","href":"https:\/\/api.w.org\/{rel}","templated":true}]}}